{"id":1984,"date":"2022-10-03T13:50:30","date_gmt":"2022-10-03T10:50:30","guid":{"rendered":"https:\/\/rocketplay-game.com\/slots\/hit-gold-hold-and-win\/"},"modified":"2025-11-25T20:50:01","modified_gmt":"2025-11-25T17:50:01","slug":"hit-gold-hold-and-win","status":"publish","type":"page","link":"https:\/\/rocketplay-game.com\/ga\/slots\/hit-gold-hold-and-win\/","title":{"rendered":"Hit The Gold!Coinnigh Agus Buaigh"},"content":{"rendered":"<p><img loading=\"lazy\" decoding=\"async\" class=\"size-medium wp-image-507 alignleft\" src=\"https:\/\/rocketplay-game.com\/wp-content\/uploads\/2022\/10\/hit-the-gold-hold-and-win-300x232.png\" alt=\"Hit The Gold! Hold And Win\" width=\"300\" height=\"232\" srcset=\"https:\/\/rocketplay-game.com\/wp-content\/uploads\/2022\/10\/hit-the-gold-hold-and-win-300x232.png 300w, https:\/\/rocketplay-game.com\/wp-content\/uploads\/2022\/10\/hit-the-gold-hold-and-win.png 320w\" sizes=\"auto, (max-width: 300px) 100vw, 300px\" \/><\/p>\n<p>Imirt Roic\u00e9ad Insamhl\u00f3ir Hit The Gold! Is coincheap spreag\u00fail \u00e9 an sliot\u00e1n Hold and Win a thug an cruthaitheoir teicneola\u00edochta cearrbhachais cl\u00faiteach Booongo chun beatha i m\u00ed an Mheithimh 2021. Rinne na forbr\u00f3ir\u00ed ini\u00fachadh ar phr\u00f3iseas mianad\u00f3ireachta \u00f3ir sa chluiche. Is iad pr\u00edomhcharachtair na scripte mianad\u00f3ir agus a mhadra, at\u00e1 ag lorg mianach \u00f3ir. D\u00e9anann na rannph\u00e1irtithe sa chluicheoireacht iarracht cuidi\u00fa leis an bpr\u00edomhcharachtar ag baint \u00fas\u00e1ide as na comhartha\u00ed cluiche l\u00e1rnacha. Amharc ar rialacha an chluiche geallt\u00f3ireachta agus d\u00e9an iarracht cluiche cleachtais a imirt gan do chuid airgid a chur i mbaol.<\/p>\n<h2>C\u00e9atad\u00e1n Tuairisce\u00e1in Agus Athraitheas<\/h2>\n<p>Seinn Roic\u00e9id Hit The Gold! Meallann sliot\u00e1n ar l\u00edne Hold and Win le roinnt paraim\u00e9adair. T\u00e1 tuairisce\u00e1n 95.66 faoin gc\u00e9ad ag an gcluiche. Cuims\u00edonn an t-insamhl\u00f3ir \u00f3 Booongo c\u00faig chiorcal imshruthaithe agus c\u00faig threoir c\u00faitimh is fiche. Is \u00e9 an teorainn brab\u00fais uasta n\u00e1 m\u00e9id taisce x2000. T\u00e1 \u00e9ags\u00falacht HTML5 forbartha le haghaidh <a href=\"https:\/\/rocketplay-game.com\/ga\/mobile-version\/\">feidhmchl\u00e1ir shoghluaiste<\/a>, rud a fh\u00e1gann gur f\u00e9idir p\u00e1irt a ghlacadh sa chluiche \u00f3 aon ghl\u00e9as iniompartha.<\/p>\n<p>Seinn Roic\u00e9id Hit The Gold! Ba cheart go mbeadh suim ag imreoir\u00ed f\u00e9ideartha Idirl\u00edn i gcluiche sliot\u00e1n Coinnigh agus Buaigh. T\u00e1 roinnt comhartha\u00ed ag an ard\u00e1n a chabhr\u00f3idh leis an \u00fas\u00e1ideoir a bhuachan. Cuir aithne orthu:<\/p>\n<ul>\n<li>Madra, cara, agus cosant\u00f3ir an phr\u00edomhcharachtair.<\/li>\n<li>M\u00e1la gainimh.<\/li>\n<li>Bl\u00fair\u00ed \u00f3rga.<\/li>\n<li>Kylo do mhianad\u00f3ireacht \u00f3ir;<\/li>\n<li>Litreacha Laidine A, K, Q, agus J!<\/li>\n<\/ul>\n<p>Dr\u00e9achta\u00edonn rannph\u00e1irt\u00ed na gn\u00edomha\u00edochta cluiche sc\u00e9im \u00f3 na hainmni\u00fach\u00e1in seo chun iolraitheoir\u00ed a fh\u00e1il. D&#8217;fhonn brab\u00fas maith a fh\u00e1il \u00f3n gcl\u00f3s s\u00fagartha seo, bain \u00fas\u00e1id as pr\u00edomhchomhartha\u00ed meais\u00edn\u00ed cearrbhachais. T\u00e1 go leor comhartha\u00ed mar seo:<\/p>\n<ul>\n<li>\u00cdomh\u00e1 scaip &#8211; r\u00e1ill\u00ed iarnr\u00f3id;<\/li>\n<li>Comhartha fi\u00e1in &#8211; miner \u00f3ir;<\/li>\n<li>Is sliseanna \u00f3rga \u00e9 an comhartha B\u00f3nas.<\/li>\n<\/ul>\n<p>T\u00e1 an chuma ar an tsiombail scaip ar na tr\u00ed r\u00edleanna l\u00e1r, lena n-\u00e1ir\u00edtear \u00f3c\u00e1id \u200b\u200b\u200b\u200bdo bhaint timthriallta casadh gan geallta (Rocket Play Hit The Gold! Coinnigh agus Win b\u00f3nas) sa gameplay.<\/p>\n<h2>Gn\u00e9ithe den chluiche<\/h2>\n<p>Chun an cluiche a imirt ar insamhl\u00f3ir\u00ed, n\u00ed g\u00e1 gn\u00edomhachtaithe. Chun seo, t\u00e1 babhta oili\u00fana a \u00fas\u00e1ideann tosaitheoir\u00ed ag an t\u00fas. Sa bhabhta seo, d\u00e9anann imreoir\u00ed nua-thionscanta rogha d\u00f3ibh f\u00e9in faoi dheireadh c\u00e9 acu an n-imreoidh siad n\u00f3 nach nd\u00e9anfaidh. N\u00ed m\u00f3r d&#8217;imreoir\u00ed f\u00e9ideartha ar mian leo brab\u00fas a bhaint as an n\u00f3s imeachta cluiche a ghn\u00edomhacht\u00fa agus an m\u00e9id a chur isteach ina gcuntas. Ansin, tugaimid isteach i gcluiche geallt\u00f3ireachta tromch\u00faiseach.<\/p>\n<p>Oscla\u00edtear an t-atos\u00fa nuair a bh\u00edonn tr\u00ed bharra \u00f3ir ar an ard\u00e1n cearrbhachais. Anois faigheann t\u00fa ocht mbabhta breise. Nuair a shroicheann s\u00e9 ph\u00edosa \u00f3ir eile san \u00e1it ch\u00e9anna, tagann an cluiche<a href=\"https:\/\/rocketplay-game.com\/ga\/bonus\/\"> b\u00f3nais<\/a> i bhfeidhm, agus tr\u00ed atos\u00fa \u00e1 n-aschur. T\u00e1 s\u00e9 Rocket Play Hit The Gold! Coinnigh agus buaigh b\u00f3nas sliot\u00e1n. T\u00e1 barra \u00f3ir aonair comhionann leis an druma a atos\u00fa. Sa bhabhta pr\u00e9imhe, ar an bp\u00e1irc imeartha, feictear cipher luach saothair, a thugann duais mh\u00f3r isteach sa s\u00fagradh. Tar \u00e9is c\u00faig cinn d\u00e9ag de hieroglyphs b\u00f3nais a bhaili\u00fa, is f\u00e9idir pota \u00f3ir uaf\u00e1sach a fh\u00e1il.<\/p>\n<p style=\"text-align: center;\"><img loading=\"lazy\" decoding=\"async\" class=\"aligncenter wp-image-508 size-full\" src=\"https:\/\/rocketplay-game.com\/wp-content\/uploads\/2022\/10\/hit-the-gold-hold-and-win.jpeg\" alt=\"Hit The Gold! Hold And Win\" width=\"730\" height=\"487\" srcset=\"https:\/\/rocketplay-game.com\/wp-content\/uploads\/2022\/10\/hit-the-gold-hold-and-win.jpeg 730w, https:\/\/rocketplay-game.com\/wp-content\/uploads\/2022\/10\/hit-the-gold-hold-and-win-300x200.jpeg 300w\" sizes=\"auto, (max-width: 730px) 100vw, 730px\" \/><\/p>\n<h2>Expert opinion<\/h2>\n<p>The one-armed bandit was invented and brought to life by the well-known company Booongo. It continues the theme of gold diggers and fans of the Aztec Gold gaming platform. By spinning the drum on the playing field Strike Gold, there is an opportunity to get a good profit. This simulator is known for good return rates, exciting rewards, and powerful multipliers.<\/p>\n<p>If you spend Rocket Play Hit the Gold! Hold and Win slot review, the web design of the simulator makes a vivid impression, and sharp images attract players. An intriguing scenario, accessible gameplay, and enticing scoring systems all attract the interest of potential players.<\/p>\n<p>If you don&#8217;t want to risk your finances, you can try the demo version. Thus, you will study the operation of the device and understand the specifics of the game. Only after you feel confident can you place bets and fight for real money winnings.<\/p>\n","protected":false},"excerpt":{"rendered":"<p>Imirt Roic\u00e9ad Insamhl\u00f3ir Hit The Gold! Is coincheap spreag\u00fail \u00e9 an sliot\u00e1n Hold and Win a thug an cruthaitheoir teicneola\u00edochta cearrbhachais cl\u00faiteach Booongo chun beatha i m\u00ed an Mheithimh 2021. Rinne na forbr\u00f3ir\u00ed ini\u00fachadh ar phr\u00f3iseas mianad\u00f3ireachta \u00f3ir sa chluiche. Is iad pr\u00edomhcharachtair na scripte mianad\u00f3ir agus a mhadra, at\u00e1 ag lorg mianach \u00f3ir. D\u00e9anann&#8230;<\/p>\n","protected":false},"author":1,"featured_media":0,"parent":1958,"menu_order":0,"comment_status":"closed","ping_status":"closed","template":"page-with-slot.php","meta":{"_acf_changed":false,"_kad_post_transparent":"default","_kad_post_title":"default","_kad_post_layout":"default","_kad_post_sidebar_id":"","_kad_post_content_style":"default","_kad_post_vertical_padding":"default","_kad_post_feature":"","_kad_post_feature_position":"","_kad_post_header":false,"_kad_post_footer":false,"footnotes":""},"class_list":["post-1984","page","type-page","status-publish","hentry"],"acf":[],"rttpg_featured_image_url":null,"rttpg_author":{"display_name":"Tom","author_link":"https:\/\/rocketplay-game.com\/ga\/author\/pemvas95n89x\/"},"rttpg_comment":0,"rttpg_category":null,"rttpg_excerpt":"Imirt Roic\u00e9ad Insamhl\u00f3ir Hit The Gold! Is coincheap spreag\u00fail \u00e9 an sliot\u00e1n Hold and Win a thug an cruthaitheoir teicneola\u00edochta cearrbhachais cl\u00faiteach Booongo chun beatha i m\u00ed an Mheithimh 2021. Rinne na forbr\u00f3ir\u00ed ini\u00fachadh ar phr\u00f3iseas mianad\u00f3ireachta \u00f3ir sa chluiche. Is iad pr\u00edomhcharachtair na scripte mianad\u00f3ir agus a mhadra, at\u00e1 ag lorg mianach \u00f3ir. D\u00e9anann...","_links":{"self":[{"href":"https:\/\/rocketplay-game.com\/ga\/wp-json\/wp\/v2\/pages\/1984","targetHints":{"allow":["GET"]}}],"collection":[{"href":"https:\/\/rocketplay-game.com\/ga\/wp-json\/wp\/v2\/pages"}],"about":[{"href":"https:\/\/rocketplay-game.com\/ga\/wp-json\/wp\/v2\/types\/page"}],"author":[{"embeddable":true,"href":"https:\/\/rocketplay-game.com\/ga\/wp-json\/wp\/v2\/users\/1"}],"replies":[{"embeddable":true,"href":"https:\/\/rocketplay-game.com\/ga\/wp-json\/wp\/v2\/comments?post=1984"}],"version-history":[{"count":2,"href":"https:\/\/rocketplay-game.com\/ga\/wp-json\/wp\/v2\/pages\/1984\/revisions"}],"predecessor-version":[{"id":1986,"href":"https:\/\/rocketplay-game.com\/ga\/wp-json\/wp\/v2\/pages\/1984\/revisions\/1986"}],"up":[{"embeddable":true,"href":"https:\/\/rocketplay-game.com\/ga\/wp-json\/wp\/v2\/pages\/1958"}],"wp:attachment":[{"href":"https:\/\/rocketplay-game.com\/ga\/wp-json\/wp\/v2\/media?parent=1984"}],"curies":[{"name":"wp","href":"https:\/\/api.w.org\/{rel}","templated":true}]}}