{"id":1992,"date":"2022-10-03T13:58:41","date_gmt":"2022-10-03T10:58:41","guid":{"rendered":"https:\/\/rocketplay-game.com\/slots\/queen-and-dragons\/"},"modified":"2022-10-29T02:40:48","modified_gmt":"2022-10-28T23:40:48","slug":"queen-and-dragons","status":"publish","type":"page","link":"https:\/\/rocketplay-game.com\/ga\/slots\/queen-and-dragons\/","title":{"rendered":"Queen and the DragonsAthbhreithni\u00fa Sliot\u00e1n Ar L\u00edne"},"content":{"rendered":"<p><img loading=\"lazy\" decoding=\"async\" class=\"size-medium wp-image-511 alignleft\" src=\"https:\/\/rocketplay-game.com\/wp-content\/uploads\/2022\/10\/queenandthedragons-223x300.jpeg\" alt=\"Queen And The Dragons\" width=\"223\" height=\"300\" srcset=\"https:\/\/rocketplay-game.com\/wp-content\/uploads\/2022\/10\/queenandthedragons-223x300.jpeg 223w, https:\/\/rocketplay-game.com\/wp-content\/uploads\/2022\/10\/queenandthedragons.jpeg 432w\" sizes=\"auto, (max-width: 223px) 100vw, 223px\" \/><\/p>\n<p>Tugann sliot\u00e1n gangster meicni\u00fail Rocket Play Queen and the Dragons \u00f3n bhforbr\u00f3ir IGT deis cluiche oili\u00fana a imirt gan geallta.<\/p>\n<p>T\u00e1 na paraim\u00e9adair seo a leanas ag an Insamhl\u00f3ir Sliot\u00e1n Rocket Queen and the Dragons ar l\u00edne: tuairisce\u00e1n 96.47 faoin gc\u00e9ad, c\u00faig dhiosca a scaiptear, 25 treoir \u00edoca\u00edochta, n\u00ed fios luaineacht praghsanna an chluiche. N\u00edl aon bhabhta\u00ed breise sa sliot\u00e1n, agus n\u00edl aon iolraitheoir\u00ed agus luach saothair ann. \u00das\u00e1idtear \u00edomh\u00e1nna Fi\u00e1in agus Scaip sa chluiche. T\u00e1 meicn\u00edochta\u00ed uathoibr\u00edocha agus spins an toirt ag meirleach aon-armtha na Banr\u00edona agus na Dragons. T\u00e9ann l\u00edon na dtaisc\u00ed \u00f3 $0.25 go $125.<\/p>\n<p>T\u00e1 an sol\u00e1thra\u00ed seirbh\u00edse cluiche IG Tech ag mealladh rannph\u00e1irtithe chun dul isteach i ndomhan dra\u00edochta na samhla\u00edochta le insamhalta na Banr\u00edona agus na Dragons, agus f\u00edse\u00e1in aoibhne ag gabh\u00e1il leo. Bainfidh an meais\u00edn cearrbhachais aisteach seo sult as l\u00e1ithreacht dragain iontacha, tr\u00e9imhse de l\u00e1imhdeachas tosa\u00edochta, agus ioncam suntasach.<\/p>\n<h2>Gn\u00e9ithe Sliot\u00e1n agus Siombail\u00ed<\/h2>\n<p>T\u00e1 cumra\u00edocht f\u00e1nach ag cluiche sliot\u00e1n Rocket Play Queen and the Dragons &#8211; p\u00e1irc imeartha 5&#215;3 agus 25 treoir \u00edoca\u00edochta r\u00e1thaithe. Taca\u00edonn an meirleach meicni\u00fail le hionchuir \u00f3 0.25 go 125 bonn n\u00f3 in airgeadra coibh\u00e9iseach at\u00e1 \u00e1isi\u00fail don imreoir. Agus sc\u00e9im de ch\u00faig \u00edomh\u00e1 Wild \u00e1 cruth\u00fa, is f\u00e9idir an brab\u00fas uasta don sliot\u00e1n seo &#8211; x16 a fh\u00e1il \u00f3n m\u00e9id ionchuir. Is \u00e9 96.47% an c\u00e9atad\u00e1n toraidh.<\/p>\n<p>T\u00e1 tr\u00e9imhse oili\u00fana ag an meais\u00edn cearrbhachais, gan aon gheallt\u00f3ireacht bheo, agus a <a href=\"https:\/\/rocketplay-game.com\/ga\/mobile-version\/\">fheidhmchl\u00e1r soghluaiste<\/a> f\u00e9in. Is empress iad na pr\u00edomhcharachtair sa domhan cluiche fantais\u00edochta seo le gruaig rua agus dalta\u00ed dragan. A ghn\u00edomhacht\u00fa an cluiche gn\u00edomh, cinneadh a dh\u00e9anamh ar an m\u00e9id de na taisce agus clice\u00e1il ar &#8220;Start&#8221;.<\/p>\n<p>M\u00e1 choinn\u00edonn t\u00fa do mh\u00e9ar ar an eochair seo ar feadh c\u00fapla soicind, tosa\u00edonn an mheicn\u00edocht cluiche uathoibr\u00edoch. Faightear \u00edoca\u00edochta\u00ed cheana f\u00e9in \u00f3 na ch\u00e9ad l\u00e1imhdeachais m\u00e1 t\u00e1 sc\u00e9im 2 chomhartha costasach (banr\u00edon agus dragain) n\u00f3 3 chomhartha buis\u00e9id (oireann c\u00e1rta\u00ed) agat taobh le taobh ar l\u00edne dhinimici\u00fail amh\u00e1in.<\/p>\n<p>Tar \u00e9is an t-athbhreithni\u00fa sliot\u00e1n a dh\u00e9anamh ar Rocket Play Queen and the Dragons, feicimid go bhfuil dearadh an ard\u00e1in don chluiche unpretentious; n\u00edl ann ach r\u00edleanna air. Ach cuirtear na h\u00edomh\u00e1nna agus na heilimint\u00ed a th\u00e9ann leo i l\u00e1thair go heala\u00edonta, rud a chuireann le tuiscint marthanach.<\/p>\n<p>Taca\u00edonn an socr\u00fa ceoil le treo dra\u00edochta an chluiche. Nuair a bh\u00edonn sc\u00e9im bhuaiteach \u00e1 cruth\u00fa, d\u00e9antar a chuid p\u00e1irteanna go l\u00e9ir a ath-incarn\u00e1il i gc\u00f3ip chart\u00fain amh\u00e1in, rud a fh\u00e1gann gur f\u00e9idir aithne n\u00edos fearr a chur ar na carachtair. D&#8217;fhoghlaim muid go bhfuil dragan gorm ina ch\u00f3na\u00ed san uisce, agus dragan glas ina ch\u00f3na\u00ed sna sl\u00e9ibhte.<\/p>\n<h2>Babhta\u00ed B\u00f3nas na Banr\u00edona agus na Dragons<\/h2>\n<p>I Queen and the Dragons, chomh maith le sliot\u00e1in eile, t\u00e1 siombail\u00ed Fi\u00e1in agus Scaip. Is gn\u00e1ch go dtiocfaidh an comhartha fi\u00e1in in ionad na bhfigi\u00fair\u00ed eile go l\u00e9ir i sc\u00e9imeanna brab\u00fasacha. Agus m\u00e1 bhuaileann 3 scaip, tosa\u00edonn s\u00e9 <a href=\"https:\/\/rocketplay-game.com\/ga\/free-spins\/\">c\u00faig spins<\/a> saor in aisce Rocket Play Queen agus na Dragons, a bhfuil an luach saothair amh\u00e1in an meirleach aon-armtha.<\/p>\n<p>Ach is f\u00e9idir \u00e9 seo a ch\u00faiteamh leis an bhf\u00edric gur f\u00e9idir leis an rannph\u00e1irt\u00ed cur chun cinn amh\u00e1in a lorg d\u00f3 f\u00e9in roimh na timthriallta saora &#8211; iolraitheoir\u00ed ioncaim \u00f3 x1 go x5. D\u00e1 airde an c\u00f3imheas, is l\u00fa an seans go dtarl\u00f3idh s\u00e9. Tugann gach saorscaipeadh ar an gc\u00fairt tr\u00ed spins n\u00edos teoranta isteach sa chluiche; n\u00edl a l\u00edon teoranta.<\/p>\n<p>Is gangster meicni\u00fail steir\u00e9itipici\u00fail \u00e9 Queen and the Dragons le c\u00faig chiorcal sn\u00edomh, sc\u00e9al-l\u00edne dra\u00edocht\u00fail, agus su\u00edomhanna gan pretentious. N\u00edl go leor deiseanna dreasachta ann, ach cabhr\u00f3idh iolraitheoir\u00ed le l\u00e1imhdeachas tosa\u00edochta. D\u00e9antar meais\u00edn\u00ed cearrbhachais nua-aimseartha le extras fionnuar at\u00e1 tedious, agus is cluiche siamsa\u00edochta gan frills \u00e9 Queen and Dragons a thugann deis duit sc\u00edth a ligean.<\/p>\n<p style=\"text-align: center;\"><img loading=\"lazy\" decoding=\"async\" class=\"aligncenter wp-image-512 size-full\" src=\"https:\/\/rocketplay-game.com\/wp-content\/uploads\/2022\/10\/queen_and_dragons.jpeg\" alt=\"queen and dragons\" width=\"680\" height=\"511\" srcset=\"https:\/\/rocketplay-game.com\/wp-content\/uploads\/2022\/10\/queen_and_dragons.jpeg 680w, https:\/\/rocketplay-game.com\/wp-content\/uploads\/2022\/10\/queen_and_dragons-300x225.jpeg 300w, https:\/\/rocketplay-game.com\/wp-content\/uploads\/2022\/10\/queen_and_dragons-600x450.jpeg 600w\" sizes=\"auto, (max-width: 680px) 100vw, 680px\" \/><\/p>\n<h2>CC<\/h2>\n<h3>An bhfuil s\u00e9 saor in aisce a imirt?<\/h3>\n<p>Ar nd\u00f3igh, t\u00e1 turas oili\u00fana ag an Insamhl\u00f3ir seo ar f\u00e9idir leat a imirt gan aon oibleag\u00e1id. Mar eolas duit, sol\u00e1thra\u00edonn sti\u00faideo gr\u00e9as\u00e1in IGT rochtain ar chluich\u00ed oili\u00fana ar gach su\u00edomh.<\/p>\n<h3>An f\u00e9idir leat imirt ar fh\u00f3in ph\u00f3ca?<\/h3>\n<p>Tr\u00ed an feidhmchl\u00e1r soghluaiste &#8220;Queen and Dragons&#8221; a \u00edosl\u00f3d\u00e1il, beidh an cluiche ar f\u00e1il ar gach giuirl\u00e9id.<\/p>\n<h3>Cad \u00e9 RTP?<\/h3>\n<p>Tugtar RTP ar ch\u00e9atad\u00e1n an ch\u00faitimh \u00f3n gcluiche. T\u00e1 tuairisce\u00e1n 96.47% ag ard\u00e1n cearrbhachais The Queen and the Dragons; go luath amach anseo, glacfaidh an gangster aon-armtha seo n\u00edos m\u00f3 n\u00e1 3.53 faoin gc\u00e9ad de thaisc\u00ed airgid ioml\u00e1n na n-imreoir\u00ed.<\/p>\n<h3>Cad is luaineacht ann?<\/h3>\n<p>Is paraim\u00e9adar \u00e9 an luaineacht sliot\u00e1n a l\u00e9ir\u00edonn c\u00e9 chomh minic agus c\u00e9 mh\u00e9ad is f\u00e9idir leat a bhuachan ar insamhl\u00f3ir ar leith. Ligeann gangsters meicni\u00fala le leibh\u00e9al \u00edseal luaineachta do gamers d\u00edbhinn\u00ed measartha ach tairiseach a bheith acu.<\/p>\n","protected":false},"excerpt":{"rendered":"<p>Tugann sliot\u00e1n gangster meicni\u00fail Rocket Play Queen and the Dragons \u00f3n bhforbr\u00f3ir IGT deis cluiche oili\u00fana a imirt gan geallta. T\u00e1 na paraim\u00e9adair seo a leanas ag an Insamhl\u00f3ir Sliot\u00e1n Rocket Queen and the Dragons ar l\u00edne: tuairisce\u00e1n 96.47 faoin gc\u00e9ad, c\u00faig dhiosca a scaiptear, 25 treoir \u00edoca\u00edochta, n\u00ed fios luaineacht praghsanna an chluiche. N\u00edl&#8230;<\/p>\n","protected":false},"author":1,"featured_media":0,"parent":1958,"menu_order":0,"comment_status":"closed","ping_status":"closed","template":"page-with-slot.php","meta":{"_acf_changed":false,"_kad_post_transparent":"default","_kad_post_title":"default","_kad_post_layout":"default","_kad_post_sidebar_id":"","_kad_post_content_style":"default","_kad_post_vertical_padding":"default","_kad_post_feature":"","_kad_post_feature_position":"","_kad_post_header":false,"_kad_post_footer":false,"footnotes":""},"class_list":["post-1992","page","type-page","status-publish","hentry"],"acf":[],"rttpg_featured_image_url":null,"rttpg_author":{"display_name":"Tom","author_link":"https:\/\/rocketplay-game.com\/ga\/author\/pemvas95n89x\/"},"rttpg_comment":0,"rttpg_category":null,"rttpg_excerpt":"Tugann sliot\u00e1n gangster meicni\u00fail Rocket Play Queen and the Dragons \u00f3n bhforbr\u00f3ir IGT deis cluiche oili\u00fana a imirt gan geallta. T\u00e1 na paraim\u00e9adair seo a leanas ag an Insamhl\u00f3ir Sliot\u00e1n Rocket Queen and the Dragons ar l\u00edne: tuairisce\u00e1n 96.47 faoin gc\u00e9ad, c\u00faig dhiosca a scaiptear, 25 treoir \u00edoca\u00edochta, n\u00ed fios luaineacht praghsanna an chluiche. N\u00edl...","_links":{"self":[{"href":"https:\/\/rocketplay-game.com\/ga\/wp-json\/wp\/v2\/pages\/1992","targetHints":{"allow":["GET"]}}],"collection":[{"href":"https:\/\/rocketplay-game.com\/ga\/wp-json\/wp\/v2\/pages"}],"about":[{"href":"https:\/\/rocketplay-game.com\/ga\/wp-json\/wp\/v2\/types\/page"}],"author":[{"embeddable":true,"href":"https:\/\/rocketplay-game.com\/ga\/wp-json\/wp\/v2\/users\/1"}],"replies":[{"embeddable":true,"href":"https:\/\/rocketplay-game.com\/ga\/wp-json\/wp\/v2\/comments?post=1992"}],"version-history":[{"count":2,"href":"https:\/\/rocketplay-game.com\/ga\/wp-json\/wp\/v2\/pages\/1992\/revisions"}],"predecessor-version":[{"id":1995,"href":"https:\/\/rocketplay-game.com\/ga\/wp-json\/wp\/v2\/pages\/1992\/revisions\/1995"}],"up":[{"embeddable":true,"href":"https:\/\/rocketplay-game.com\/ga\/wp-json\/wp\/v2\/pages\/1958"}],"wp:attachment":[{"href":"https:\/\/rocketplay-game.com\/ga\/wp-json\/wp\/v2\/media?parent=1992"}],"curies":[{"name":"wp","href":"https:\/\/api.w.org\/{rel}","templated":true}]}}