{"id":2122,"date":"2022-08-18T17:57:39","date_gmt":"2022-08-18T14:57:39","guid":{"rendered":"https:\/\/rocketplay-game.com\/slots\/book-of-ra-deluxe\/"},"modified":"2025-11-25T23:08:50","modified_gmt":"2025-11-25T20:08:50","slug":"book-of-ra-deluxe","status":"publish","type":"page","link":"https:\/\/rocketplay-game.com\/ga\/slots\/book-of-ra-deluxe\/","title":{"rendered":"L\u00e9irmheas Book of Ra Deluxe Sliot\u00e1n"},"content":{"rendered":"<p>T\u00e1 sliot\u00e1n Book of Ra Deluxe anois ina shampla clasaiceach den mh\u00e9id is f\u00e9idir le h\u00fas\u00e1ideoir\u00ed cluiche a ghr\u00e1. Tugann an t\u00e9ama agus an plota \u00fas\u00e1ideoir\u00ed chuig an tSean-\u00c9igipt. D\u00e9antar dathanna, tionlacan ceoil, agus dearadh ag cur san \u00e1ireamh na ruda\u00ed beaga go l\u00e9ir a chuireann st\u00edl agus meon na r\u00e9 agus na h\u00e1ite gn\u00edomha\u00edochta sin in i\u00fal go hioml\u00e1n. Cuirimid d\u2019aird l\u00e9irmheas gairid ar Book of Ra Deluxe, a chabhr\u00f3idh leat bunbhr\u00ed an phr\u00f3isis a thuiscint.<\/p>\n<p style=\"text-align: center;\"><img loading=\"lazy\" decoding=\"async\" class=\"aligncenter wp-image-368 size-full\" src=\"https:\/\/rocketplay-game.com\/wp-content\/uploads\/2022\/08\/book-of-ra-deluxe-logo.jpeg\" alt=\"Book of Ra Deluxe logo\" width=\"770\" height=\"462\" srcset=\"https:\/\/rocketplay-game.com\/wp-content\/uploads\/2022\/08\/book-of-ra-deluxe-logo.jpeg 770w, https:\/\/rocketplay-game.com\/wp-content\/uploads\/2022\/08\/book-of-ra-deluxe-logo-300x180.jpeg 300w, https:\/\/rocketplay-game.com\/wp-content\/uploads\/2022\/08\/book-of-ra-deluxe-logo-768x461.jpeg 768w\" sizes=\"auto, (max-width: 770px) 100vw, 770px\" \/><\/p>\n<h2>Book of Ra Deluxe\u00a0Sliot\u00e1n RTP, Sonra\u00ed &amp; Teorainneacha Wager<\/h2>\n<p>Is \u00e9 \u00a318 an geall uasta in aghaidh an teaglaim bhuaiteach. T\u00e1 \u201ccluiche seans\u201d ar f\u00e1il sa sliot\u00e1n freisin, a ligeann duit riosca ioml\u00e1n a ghlacadh. T\u00e1 aon mh\u00e9id geall ar f\u00e1il le haghaidh seo &#8211; \u00f3n \u00edosmh\u00e9id go dt\u00ed an t-uasmh\u00e9id.<\/p>\n<p>Bunt\u00e1iste eile a bhaineann leis an meais\u00edn n\u00e1 spins saor in aisce a shol\u00e1thar. Roimhe sin, roghn\u00f3far carachtar go randamach. Is cuma c\u00e9n staid a thiteann amach, cuirfear na buachan chun sochair.<\/p>\n<table border=\"0\" cellspacing=\"0\" cellpadding=\"0\">\n<colgroup>\n<col \/>\n<col \/> <\/colgroup>\n<tbody>\n<tr>\n<td>Tr\u00e9ithe<\/td>\n<td>Sonra\u00ed<\/td>\n<\/tr>\n<tr>\n<td>Cainn\u00edocht na rotha\u00ed<\/td>\n<td>5<\/td>\n<\/tr>\n<tr>\n<td>Cainn\u00edocht na sraitheanna<\/td>\n<td>3<\/td>\n<\/tr>\n<tr>\n<td>L\u00ednte \u00edoca\u00edochta<\/td>\n<td>9<\/td>\n<\/tr>\n<tr>\n<td>Geall \u00edosta<\/td>\n<td>0,20 boinn<\/td>\n<\/tr>\n<tr>\n<td>Uasmh\u00e9id geall<\/td>\n<td>18 n\u00f3ta bainc<\/td>\n<\/tr>\n<tr>\n<td>Luach saothair uasta<\/td>\n<td>facht\u00f3ir 10014,1<\/td>\n<\/tr>\n<tr>\n<td>Leagan soghluaiste<\/td>\n<td>+<\/td>\n<\/tr>\n<tr>\n<td>luaineacht<\/td>\n<td>ard<\/td>\n<\/tr>\n<tr>\n<td>Forbr\u00f3ir<\/td>\n<td>Novomatic<\/td>\n<\/tr>\n<tr>\n<td>RTP<\/td>\n<td>92,13%<\/td>\n<\/tr>\n<\/tbody>\n<\/table>\n<p>Cuireann an<em> ceasa\u00edneo ar l\u00edne<\/em> dh\u00e1 mhodh seolta i l\u00e1thair &#8211; taispe\u00e1ntas Book of Ra Deluxe agus ar airgead f\u00edor.<\/p>\n<p>Is \u00e9 an leagan taispe\u00e1na rogha iontach a fh\u00e1il acquainted leis an bpr\u00f3iseas an chluiche, delve isteach a bun\u00fasach, foghlaim na rialacha agus subtleties, agus a fhorbairt do strait\u00e9is f\u00e9in. N\u00ed chaithfear pingin amh\u00e1in, fi\u00fa m\u00e1 chailleann t\u00fa. T\u00e1 imirt saor in aisce ar l\u00edne Book of Ra Deluxe oiri\u00fanach do thosaitheoir\u00ed agus d\u00f3ibh si\u00fad at\u00e1 d\u00edreach ag dul isteach sa phr\u00f3iseas cearrbhachais. Ideal le tabhairt isteach, ach n\u00ed leor le haghaidh forbartha agus dearcadh fadt\u00e9armach.<\/p>\n<h2>T\u00e9ama \u2013 nocht f\u00edor-seoda an pharaohs<\/h2>\n<p>Is f\u00e9idir Leabhar Ra a imirt ar l\u00edne \u00f3 aon ghiuirl\u00e9id at\u00e1 ar f\u00e1il le rochtain Idirl\u00edn. T\u00e1 Book of Ra Deluxe Android, Windows, n\u00f3 iOS chomh feili\u00fanach c\u00e9anna do chluiche gan sm\u00e1l. Ar sc\u00e1ile\u00e1n oibre an mheais\u00edn, feiceann an t-imreoir p\u00e1irc le 5 r\u00edl i 3 shraith. Is f\u00e9idir 9 l\u00ednte buaiteacha a sheoladh. Is \u00e9ard at\u00e1 sa teaglaim de charachtair \u00e9ags\u00fala. Go bun\u00fasach, cuireann an cluiche picti\u00fair tipici\u00fail h\u00c9igipte i l\u00e1thair. Ach comhartha speisialta \u00e9 an Taisc\u00e9ala\u00ed i hata. Tabharfaidh l\u00edne le 2-5 \u00edomh\u00e1nna den s\u00f3rt sin costas ard. Is f\u00e9idir le gach \u00fas\u00e1ideoir a r\u00edomh c\u00e9 mh\u00e9ad is f\u00e9idir leat a thuilleamh le Book of Ra ar l\u00edne tr\u00ed bhreathn\u00fa ar an t\u00e1bla tortha\u00ed:<\/p>\n<ul>\n<li>M\u00e1 t\u00e1 5 taisc\u00e9ala\u00ed le feice\u00e1il ar an l\u00edne ch\u00e9anna ag an am c\u00e9anna, d\u00e9anfar an m\u00e9id \u00edoca\u00edochta a iolr\u00fa faoi 5000 uair an geall tosaigh;<\/li>\n<li>I gc\u00e1s 5 Pharaohs, m\u00e9ad\u00f3idh an t-imreoir an m\u00e9id geall faoi 2000 uair;<\/li>\n<li>5 Tabharfaidh Horus bua 750 uair n\u00edos m\u00f3 n\u00e1 an m\u00e9id a chuirtear ar an l\u00edne;<\/li>\n<li>I gc\u00e1s 5 oireann c\u00e1rta a bhaili\u00fa, d\u00e9anfar an geall a iolr\u00fa faoi 100-150 uair;<\/li>\n<li>M\u00e9ad\u00f3idh l\u00e1ithreacht scaipthe (siombail fhi\u00e1in) ar an l\u00edne i m\u00e9id na 5 ph\u00edosa an \u00e9arlais caite faoi 1800 uair!<\/li>\n<\/ul>\n<p>Is f\u00e9idir leis an tsiombail fhi\u00e1in teacht i dt\u00edr ar aon cheann de na l\u00ednte. Sa ch\u00e1s seo, glacann s\u00e9 r\u00f3l an joker agus f\u00e9adann s\u00e9 aon chomhartha eile a athshol\u00e1thar. Mar sin t\u00e1 s\u00e9 i bhfad n\u00edos \u00e9asca measc\u00e1n buaite a bhaili\u00fa, agus is f\u00e9idir leat n\u00edos m\u00f3 odds a ghlacadh chun \u00e9. Imr\u00edonn an deilbh\u00edn leabhar sa Leabhar Rams an r\u00f3l at\u00e1 ag fi\u00e1in, agus scaipthe ag an am c\u00e9anna. Beidh an gambler bua chomh fada agus ar a laghad 3 siombail\u00ed le feice\u00e1il ar an r\u00edl in aon su\u00edomh i casadh amh\u00e1in.<\/p>\n<p>Ceada\u00edonn an ghn\u00e9 a bhaineann leis an scaipthe agus an fi\u00e1in a chomhcheangal i gcomhartha amh\u00e1in leat bloc\u00e1il an teaglaim buaite a sheachaint. Ina theannta sin, a bhu\u00edochas leis an ngn\u00e9 \u201cseans d\u00fabailte\u201d den sliot\u00e1n, is f\u00e9idir leat m\u00e9id an Pota \u00d3ir a dh\u00fabailt. Ach ag an am c\u00e9anna, t\u00e1 seans ard ann go gcaillfear.<\/p>\n<p style=\"text-align: center;\"><img loading=\"lazy\" decoding=\"async\" class=\"aligncenter wp-image-369 size-full\" src=\"https:\/\/rocketplay-game.com\/wp-content\/uploads\/2022\/08\/book-of-ra-deluxe-slot.jpeg\" alt=\"Book of Ra Deluxe slot\" width=\"770\" height=\"462\" srcset=\"https:\/\/rocketplay-game.com\/wp-content\/uploads\/2022\/08\/book-of-ra-deluxe-slot.jpeg 770w, https:\/\/rocketplay-game.com\/wp-content\/uploads\/2022\/08\/book-of-ra-deluxe-slot-300x180.jpeg 300w, https:\/\/rocketplay-game.com\/wp-content\/uploads\/2022\/08\/book-of-ra-deluxe-slot-768x461.jpeg 768w\" sizes=\"auto, (max-width: 770px) 100vw, 770px\" \/><\/p>\n<h2>Book of Ra Deluxe Gn\u00e9ithe B\u00f3nas<\/h2>\n<p>T\u00e1 b\u00f3nais agus tionscnaimh bhrab\u00fasacha ag an meais\u00edn a chuideoidh leis na buaiteanna a thabhairt n\u00edos dl\u00faithe. Ar an gc\u00e9ad dul s\u00edos, is \u00e9 seo an Book of Ra Deluxe spins saor in aisce gan aon \u00e9arlais. Sula dtosa\u00edonn siad spins saor in aisce, iarrtar ar imreoir\u00ed siombail b\u00f3nais a roghn\u00fa, a chinntear go huathoibr\u00edoch. Leanann s\u00e9 freisin ag feidhmi\u00fa mar shiombail bonn caighde\u00e1nach nuair a chuirtear aon l\u00edne i ngn\u00edomh.<\/p>\n<p>Ar an dara dul s\u00edos, tar \u00e9is aon teaglaim buaite a fh\u00e1il, is f\u00e9idir le h\u00fas\u00e1ideoir\u00ed leas a bhaint as babhta\u00ed cont\u00fairteacha, rud a dh\u00e9anfaidh a mbuanna a dh\u00fabailt i gc\u00e1s toradh rath\u00fail. Chun seo a dh\u00e9anamh, caithfidh imreoir\u00ed an dath ceart a roghn\u00fa don chulaith ch\u00e1rta.<\/p>\n<h2>Ceisteanna Coitianta Book of Ra Deluxe<\/h2>\n<h3>An bhfuil cluich\u00ed b\u00f3nais ann?<\/h3>\n<p>Sol\u00e1thra\u00edonn s\u00e9 do shol\u00e1thar cluiche b\u00f3nas. D\u00e9antar \u00e9 seo m\u00e1 t\u00e1 ar a laghad 3 scaiptheoir ag an imreoir in aon casadh amh\u00e1in.<\/p>\n<h3>An bhfuil leagan soghluaiste ann?<\/h3>\n<p>Sea, t\u00e1 an Leagan Soghluaiste ar f\u00e1il do gach cearrbhach. Chun \u00e9 a \u00fas\u00e1id, n\u00ed m\u00f3r duit f\u00f3n cliste a bhfuil rochtain Idirl\u00edn aige. \u00d3 f\u00f3n p\u00f3ca, is f\u00e9idir leat cuairt a thabhairt ar an sliot\u00e1n tr\u00ed bhrabhs\u00e1la\u00ed n\u00f3 feidhmchl\u00e1r.<\/p>\n<h3>Conas bua a fh\u00e1il sa chluiche?<\/h3>\n<p>Cos\u00fail le haon chluiche seans eile, n\u00ed m\u00f3r duit a bheith t-\u00e1dh chun an bua a fh\u00e1il. Ach ina theannta sin, tiocfaidh aire agus stuamacht chun bheith ina bhfacht\u00f3ir\u00ed t\u00e1bhachtacha. Foghlaim na rialacha go maith, bain triail as an leagan saor in aisce, agus b\u00ed gn\u00edomhach.<\/p>\n<p><strong>L\u00e9irmheasanna ar sliot\u00e1n:<\/strong><\/p>\n<ul>\n<li><a href=\"https:\/\/rocketplay-game.com\/ga\/slots\/king-of-the-nile\/\">King Of The Nile<\/a><\/li>\n<li><a href=\"https:\/\/rocketplay-game.com\/ga\/slots\/wolf-treasure\/\">Wolf Treasure<\/a><\/li>\n<\/ul>\n","protected":false},"excerpt":{"rendered":"<p>T\u00e1 sliot\u00e1n Book of Ra Deluxe anois ina shampla clasaiceach den mh\u00e9id is f\u00e9idir le h\u00fas\u00e1ideoir\u00ed cluiche a ghr\u00e1. Tugann an t\u00e9ama agus an plota \u00fas\u00e1ideoir\u00ed chuig an tSean-\u00c9igipt. D\u00e9antar dathanna, tionlacan ceoil, agus dearadh ag cur san \u00e1ireamh na ruda\u00ed beaga go l\u00e9ir a chuireann st\u00edl agus meon na r\u00e9 agus na h\u00e1ite gn\u00edomha\u00edochta&#8230;<\/p>\n","protected":false},"author":1,"featured_media":0,"parent":1958,"menu_order":0,"comment_status":"closed","ping_status":"closed","template":"page-with-slot.php","meta":{"_acf_changed":false,"_kad_post_transparent":"default","_kad_post_title":"default","_kad_post_layout":"default","_kad_post_sidebar_id":"","_kad_post_content_style":"default","_kad_post_vertical_padding":"default","_kad_post_feature":"","_kad_post_feature_position":"","_kad_post_header":false,"_kad_post_footer":false,"footnotes":""},"class_list":["post-2122","page","type-page","status-publish","hentry"],"acf":[],"rttpg_featured_image_url":null,"rttpg_author":{"display_name":"Tom","author_link":"https:\/\/rocketplay-game.com\/ga\/author\/pemvas95n89x\/"},"rttpg_comment":0,"rttpg_category":null,"rttpg_excerpt":"T\u00e1 sliot\u00e1n Book of Ra Deluxe anois ina shampla clasaiceach den mh\u00e9id is f\u00e9idir le h\u00fas\u00e1ideoir\u00ed cluiche a ghr\u00e1. Tugann an t\u00e9ama agus an plota \u00fas\u00e1ideoir\u00ed chuig an tSean-\u00c9igipt. D\u00e9antar dathanna, tionlacan ceoil, agus dearadh ag cur san \u00e1ireamh na ruda\u00ed beaga go l\u00e9ir a chuireann st\u00edl agus meon na r\u00e9 agus na h\u00e1ite gn\u00edomha\u00edochta...","_links":{"self":[{"href":"https:\/\/rocketplay-game.com\/ga\/wp-json\/wp\/v2\/pages\/2122","targetHints":{"allow":["GET"]}}],"collection":[{"href":"https:\/\/rocketplay-game.com\/ga\/wp-json\/wp\/v2\/pages"}],"about":[{"href":"https:\/\/rocketplay-game.com\/ga\/wp-json\/wp\/v2\/types\/page"}],"author":[{"embeddable":true,"href":"https:\/\/rocketplay-game.com\/ga\/wp-json\/wp\/v2\/users\/1"}],"replies":[{"embeddable":true,"href":"https:\/\/rocketplay-game.com\/ga\/wp-json\/wp\/v2\/comments?post=2122"}],"version-history":[{"count":2,"href":"https:\/\/rocketplay-game.com\/ga\/wp-json\/wp\/v2\/pages\/2122\/revisions"}],"predecessor-version":[{"id":2130,"href":"https:\/\/rocketplay-game.com\/ga\/wp-json\/wp\/v2\/pages\/2122\/revisions\/2130"}],"up":[{"embeddable":true,"href":"https:\/\/rocketplay-game.com\/ga\/wp-json\/wp\/v2\/pages\/1958"}],"wp:attachment":[{"href":"https:\/\/rocketplay-game.com\/ga\/wp-json\/wp\/v2\/media?parent=2122"}],"curies":[{"name":"wp","href":"https:\/\/api.w.org\/{rel}","templated":true}]}}