{"id":2137,"date":"2022-08-18T16:13:45","date_gmt":"2022-08-18T13:13:45","guid":{"rendered":"https:\/\/rocketplay-game.com\/slots\/indian-dreaming\/"},"modified":"2022-10-29T11:34:53","modified_gmt":"2022-10-29T08:34:53","slug":"indian-dreaming","status":"publish","type":"page","link":"https:\/\/rocketplay-game.com\/ga\/slots\/indian-dreaming\/","title":{"rendered":"L\u00e9irmheas Indian Dreaming Sliot\u00e1n"},"content":{"rendered":"<p>Bh\u00ed an meais\u00edn pokie Indian Dreaming spreagtha ag cult\u00far agus traidisi\u00fain na Meirice\u00e1naigh Dh\u00fachasacha. Is sliot\u00e1n f\u00edse \u00e9 a sheol Aristocrat Studio, forbr\u00f3ir cluich\u00ed agus bogearra\u00ed \u00f3n Astr\u00e1il.<\/p>\n<p>T\u00e1 an cluiche 9 l\u00ednte a chabhr\u00f3idh leat a bhuachan. Scaoileadh an sliot\u00e1n f\u00e9in ar ais i 1999, agus t\u00e1 s\u00e9 f\u00f3s ag baint suilt as t\u00f3ir m\u00f3r agus gr\u00e1 i measc imreoir\u00ed. Go l\u00e9ir a bhu\u00edochas sin do payouts minic agus ard agus an ghn\u00e9 spins saor in aisce, is f\u00e9idir a thabhairt suas le 45 b\u00f3nais.<\/p>\n<p>Is f\u00e9idir leat a bheith ar an treibh agus a bheith taobh le taobh leis an pr\u00edomhfheidhmeannach san eachtra seo. Aidhm le h\u00edoca\u00edochta\u00ed d\u00fabailte a bhuachan nuair a bh\u00edonn siombail \u00e1irithe leabaithe i do chomhcheangal ar na r\u00edleanna.<\/p>\n<p>Seans go bhfuil cuma beag\u00e1n as d\u00e1ta ar na grafaic\u00ed duit, ach do lucht lean\u00fana retro, is \u00e9 an sliot\u00e1n seo go d\u00edreach at\u00e1 uait. Ina theannta sin, is f\u00e9idir leis an sliot\u00e1n Pota \u00d3ir seasta de 9,000 bonn a thairiscint duit. D\u00e1 bhr\u00ed sin, molaimid an Aisling Indiach a \u00edosl\u00f3d\u00e1il.<\/p>\n<p style=\"text-align: center;\"><img loading=\"lazy\" decoding=\"async\" class=\"aligncenter wp-image-335 size-full\" src=\"https:\/\/rocketplay-game.com\/wp-content\/uploads\/2022\/08\/indian-dreaming-logo.png\" alt=\"indian dreaming logo\" width=\"730\" height=\"564\" srcset=\"https:\/\/rocketplay-game.com\/wp-content\/uploads\/2022\/08\/indian-dreaming-logo.png 730w, https:\/\/rocketplay-game.com\/wp-content\/uploads\/2022\/08\/indian-dreaming-logo-300x232.png 300w\" sizes=\"auto, (max-width: 730px) 100vw, 730px\" \/><\/p>\n<h2>Indian Dreaming Siombail\u00ed agus Luachanna<\/h2>\n<p>Nuair a bheidh t\u00fa ag imirt na pokies saor in aisce Indiach Dreaming, beidh t\u00fa ag teacht ar fud dh\u00e1 chatag\u00f3ir siombail\u00ed. \u00c1ir\u00edtear sa ch\u00e9ad chatag\u00f3ir siombail\u00ed mar tua, cuaille totem, buabhall, agus ceann feadhna. Is \u00e9 an ceannaire an tsiombail is luachmhaire sa chatag\u00f3ir seo. Beidh an \u00edoca\u00edocht Pota \u00d3ir de 9,000 bonn ag fanacht leat m\u00e1 bhail\u00edonn t\u00fa 5 ceannair\u00ed ar an r\u00edl ag an am c\u00e9anna.<\/p>\n<p>Is \u00e9 an ch\u00e9ad chatag\u00f3ir eile carachtair leibh\u00e9al \u00edseal. D\u00e9antar iad a l\u00e9iri\u00fa ag luachanna poker A, Q, K, agus na huimhreacha 10 agus 9. Tugann an tsiombail is costasa\u00ed den chatag\u00f3ir seo, an Ace, suas le 200 bonn m\u00e1s f\u00e9idir c\u00faigear a bhaili\u00fa. Ar nd\u00f3igh, braitheann s\u00e9 ar cib\u00e9 an raibh an l\u00edne p\u00e1 gn\u00edomhach ag an n\u00f3im\u00e9ad sin.<\/p>\n<p>M\u00e1 labhairt linn faoi an tsiombail Scatter, t\u00e1 a \u00edomh\u00e1 catcher aisling.<\/p>\n<p>Tabharfaidh caillteanas tr\u00ed shiombail scaipthe 10 spins saor in aisce don imreoir. Beidh ceithre siombail\u00ed a thabhairt duit cheana f\u00e9in 15 spins saor in aisce, agus m\u00e1 t\u00e1 t\u00fa t-\u00e1dh agus c\u00faig siombail\u00ed titim amach, 20 spins ag fanacht leat.<\/p>\n<p>Ina theannta sin, gheobhaidh t\u00fa iolraitheoir 3x eile le haghaidh aon bhuachan beala\u00ed a dh\u00e9anann t\u00fa i sraith spins b\u00f3nais m\u00e1 aims\u00edonn t\u00fa tr\u00ed scaiptheoir. Is f\u00e9idir an ghn\u00e9 seo a mh\u00e9ad\u00fa go dt\u00ed iolraitheoir 15x m\u00e1 fhaigheann t\u00fa c\u00faig scaip.<\/p>\n<h2>Sliot\u00e1n Indian Dreaming RTP\/luaineacht<\/h2>\n<p>T\u00e1 c\u00e9atad\u00e1n \u00edoca\u00edochta measartha maith ag an sliot\u00e1n. Is f\u00e9idir leat teacht ar roghanna geallt\u00f3ireachta le c\u00e9atad\u00e1n n\u00edos \u00edsle agus ceann n\u00edos airde freisin. Cuirfidh sliot\u00e1n Indiach Dreaming do Android le RTP de 94% t\u00fa, rud a thabharfaidh seans maith duit do chuid geallta a bhuachan. Ina theannta sin, t\u00e1 go leor siombail\u00ed agus spins saor in aisce ann a chabhr\u00f3idh leat teacht n\u00edos gaire don duais a bhfuil s\u00fail leis le fada.<\/p>\n<p>Le seo go l\u00e9ir, is fi\u00fa a thabhairt faoi deara go meastar go bhfuil an luaineacht sa sliot\u00e1n seo me\u00e1nach, agus mar sin is f\u00e9idir le gach imreoir a luck a thriail. Mar aon le t\u00e1scair\u00ed luaineachta agus RTP den s\u00f3rt sin, beidh gach seans agus fi\u00fa n\u00edos m\u00f3 agat chun \u00edoca\u00edocht mhaith agus taitneamhach a fh\u00e1il, rud a thabharfaidh cinnte n\u00ed hamh\u00e1in moth\u00fach\u00e1in dearfacha duit ach freisin bloc do geallta.<\/p>\n<p style=\"text-align: center;\"><img loading=\"lazy\" decoding=\"async\" class=\"aligncenter wp-image-338 size-large\" src=\"https:\/\/rocketplay-game.com\/wp-content\/uploads\/2022\/08\/indian-dreaming-1024x576.png\" alt=\"indian dreaming\" width=\"1024\" height=\"576\" srcset=\"https:\/\/rocketplay-game.com\/wp-content\/uploads\/2022\/08\/indian-dreaming-1024x576.png 1024w, https:\/\/rocketplay-game.com\/wp-content\/uploads\/2022\/08\/indian-dreaming-300x169.png 300w, https:\/\/rocketplay-game.com\/wp-content\/uploads\/2022\/08\/indian-dreaming-768x432.png 768w, https:\/\/rocketplay-game.com\/wp-content\/uploads\/2022\/08\/indian-dreaming-1536x864.png 1536w, https:\/\/rocketplay-game.com\/wp-content\/uploads\/2022\/08\/indian-dreaming.png 1920w\" sizes=\"auto, (max-width: 1024px) 100vw, 1024px\" \/><\/p>\n<h2>Seinn Indian Dreaming ar Soghluaiste<\/h2>\n<p>Leis an \u00e9ileamh at\u00e1 ag m\u00e9ad\u00fa ar chluich\u00ed soghluaiste i gceasa\u00edneonna ar l\u00edne, t\u00e1 cuideachta\u00ed ag scaoileadh n\u00edos m\u00f3 a gcuid cluich\u00ed, n\u00ed hamh\u00e1in do r\u00edomhair\u00ed deisce ach freisin do chustaim\u00e9ir\u00ed a \u00fas\u00e1ideann f\u00f3n n\u00f3 t\u00e1ibl\u00e9ad. M\u00e1s rud \u00e9 go raibh an cluiche a scaoileadh l\u00e1ithreach ach amh\u00e1in ar r\u00edomhaire, sa ch\u00e1s seo, na sti\u00faideonna ag obair ar oiri\u00fan\u00fa an cluiche mar go bhfuil c\u00e9atad\u00e1n m\u00f3r de na himreoir\u00ed gamers soghluaiste.<\/p>\n<p>Rinne sti\u00faideo Aristocrat an rud c\u00e9anna, ionas gur f\u00e9idir leat Aisling Indiach a imirt ar l\u00edne go h\u00e9asca an sliot\u00e1n seo \u00f3 leagan soghluaiste f\u00edor-airgead an tsu\u00edmh. Coigeart\u00f3idh s\u00e9 go caoth\u00fail sc\u00e1ile\u00e1n do ghuth\u00e1in ar aon mh\u00e9id. A bhu\u00edochas leis seo, beidh t\u00fa in ann am a chaitheamh i do sliot\u00e1n is fearr leat ag am ar bith nuair a bheidh s\u00e9 \u00e1isi\u00fail duit.<\/p>\n<h2>Ceisteanna Coitianta Indian Dreaming<\/h2>\n<h3>An f\u00e9idir sliot\u00e1n a imirt saor in aisce?<\/h3>\n<p>Cuireann cuideachta Aristocrat m\u00f3d taispe\u00e1na i go leor d\u00e1 sliot\u00e1n mar, a bhu\u00edochas d\u00f3, is f\u00e9idir le go leor imreoir\u00ed aithne a chur ar na feidhmeanna agus na cluich\u00edochta go l\u00e9ir ach gan a gcuid airgid f\u00e9in a chur i mbaol agus moth\u00fach\u00e1in nach l\u00fa chomh taitneamhach a bheith acu. Tar \u00e9is an modh taispe\u00e1na, is f\u00e9idir leat aistri\u00fa i gc\u00f3na\u00ed go dt\u00ed an modh ioml\u00e1n le geallta agus buaiteanna f\u00edor.<\/p>\n<h3>An bhfuil an sliot\u00e1n seo for\u00e1sach?<\/h3>\n<p>T\u00e1 a Pota \u00d3ir f\u00e9in ag sliot\u00e1n Indiach Dreaming f\u00edor-airgead, a r\u00edomhtar i m\u00e9id na 9,000 boinn agus t\u00e1 s\u00e9 i ngn\u00edomh a bhu\u00edochas sin do 5 siombail\u00ed an cheannaire ar na r\u00edleanna. Mar sin f\u00e9in, is fi\u00fa a thabhairt faoi deara nach Pota \u00d3ir for\u00e1sach \u00e9 seo. Mar sin, n\u00ed f\u00e9idir a mheas go bhfuil an meais\u00edn sliot\u00e1n for\u00e1sach. T\u00e1 an pota \u00f3ir socraithe anseo, agus t\u00e1 go leor seansanna agat \u00e9 a fh\u00e1il.<\/p>\n<h3>Cad \u00e9 an \u00e9ags\u00falacht geallta sa sliot\u00e1n?<\/h3>\n<p>T\u00e1 raon den mh\u00e9id is f\u00e9idir leat geall a chur sa sliot\u00e1n, ag tos\u00fa \u00f3 0.09 boinn agus ag cr\u00edochn\u00fa le geall uasta de 90 boinn. Agus freisin, t\u00e1 iolraitheoir\u00ed sa chluiche. D\u00e1 bhr\u00ed sin, in ainneoin na geallta beag, is f\u00e9idir leat payouts maith a fh\u00e1il nuair a chr\u00edochna\u00edonn na r\u00edleanna a n-uain\u00edocht.<\/p>\n<p><strong>L\u00e9irmheasanna ar sliot\u00e1n:<\/strong><\/p>\n<ul>\n<li><a href=\"https:\/\/rocketplay-game.com\/ga\/slots\/book-of-ra-deluxe\/\">Book Of Ra Deluxe<\/a><\/li>\n<li><a href=\"https:\/\/rocketplay-game.com\/ga\/slots\/king-of-the-nile\/\">King Of The Nile<\/a><\/li>\n<li><a href=\"https:\/\/rocketplay-game.com\/ga\/slots\/hit-gold-hold-and-win\/\">Hit Gold! Hold and Win<\/a><\/li>\n<\/ul>\n","protected":false},"excerpt":{"rendered":"<p>Bh\u00ed an meais\u00edn pokie Indian Dreaming spreagtha ag cult\u00far agus traidisi\u00fain na Meirice\u00e1naigh Dh\u00fachasacha. Is sliot\u00e1n f\u00edse \u00e9 a sheol Aristocrat Studio, forbr\u00f3ir cluich\u00ed agus bogearra\u00ed \u00f3n Astr\u00e1il. T\u00e1 an cluiche 9 l\u00ednte a chabhr\u00f3idh leat a bhuachan. Scaoileadh an sliot\u00e1n f\u00e9in ar ais i 1999, agus t\u00e1 s\u00e9 f\u00f3s ag baint suilt as t\u00f3ir&#8230;<\/p>\n","protected":false},"author":1,"featured_media":0,"parent":1958,"menu_order":0,"comment_status":"closed","ping_status":"closed","template":"page-with-slot.php","meta":{"_acf_changed":false,"_kad_post_transparent":"default","_kad_post_title":"default","_kad_post_layout":"default","_kad_post_sidebar_id":"","_kad_post_content_style":"default","_kad_post_vertical_padding":"default","_kad_post_feature":"","_kad_post_feature_position":"","_kad_post_header":false,"_kad_post_footer":false,"footnotes":""},"class_list":["post-2137","page","type-page","status-publish","hentry"],"acf":[],"rttpg_featured_image_url":null,"rttpg_author":{"display_name":"Tom","author_link":"https:\/\/rocketplay-game.com\/ga\/author\/pemvas95n89x\/"},"rttpg_comment":0,"rttpg_category":null,"rttpg_excerpt":"Bh\u00ed an meais\u00edn pokie Indian Dreaming spreagtha ag cult\u00far agus traidisi\u00fain na Meirice\u00e1naigh Dh\u00fachasacha. Is sliot\u00e1n f\u00edse \u00e9 a sheol Aristocrat Studio, forbr\u00f3ir cluich\u00ed agus bogearra\u00ed \u00f3n Astr\u00e1il. T\u00e1 an cluiche 9 l\u00ednte a chabhr\u00f3idh leat a bhuachan. Scaoileadh an sliot\u00e1n f\u00e9in ar ais i 1999, agus t\u00e1 s\u00e9 f\u00f3s ag baint suilt as t\u00f3ir...","_links":{"self":[{"href":"https:\/\/rocketplay-game.com\/ga\/wp-json\/wp\/v2\/pages\/2137","targetHints":{"allow":["GET"]}}],"collection":[{"href":"https:\/\/rocketplay-game.com\/ga\/wp-json\/wp\/v2\/pages"}],"about":[{"href":"https:\/\/rocketplay-game.com\/ga\/wp-json\/wp\/v2\/types\/page"}],"author":[{"embeddable":true,"href":"https:\/\/rocketplay-game.com\/ga\/wp-json\/wp\/v2\/users\/1"}],"replies":[{"embeddable":true,"href":"https:\/\/rocketplay-game.com\/ga\/wp-json\/wp\/v2\/comments?post=2137"}],"version-history":[{"count":2,"href":"https:\/\/rocketplay-game.com\/ga\/wp-json\/wp\/v2\/pages\/2137\/revisions"}],"predecessor-version":[{"id":2139,"href":"https:\/\/rocketplay-game.com\/ga\/wp-json\/wp\/v2\/pages\/2137\/revisions\/2139"}],"up":[{"embeddable":true,"href":"https:\/\/rocketplay-game.com\/ga\/wp-json\/wp\/v2\/pages\/1958"}],"wp:attachment":[{"href":"https:\/\/rocketplay-game.com\/ga\/wp-json\/wp\/v2\/media?parent=2137"}],"curies":[{"name":"wp","href":"https:\/\/api.w.org\/{rel}","templated":true}]}}