{"id":2156,"date":"2022-08-18T17:46:19","date_gmt":"2022-08-18T14:46:19","guid":{"rendered":"https:\/\/rocketplay-game.com\/slots\/king-of-the-nile\/"},"modified":"2025-11-25T23:13:30","modified_gmt":"2025-11-25T20:13:30","slug":"king-of-the-nile","status":"publish","type":"page","link":"https:\/\/rocketplay-game.com\/ga\/slots\/king-of-the-nile\/","title":{"rendered":"L\u00e9irmheas King of The Nile Sliot\u00e1in"},"content":{"rendered":"<p>T\u00e1 pokies King of the Nile\u00a0 ann \u00f3 1997, agus is fearr le go leor imreoir\u00ed \u00e9 go dt\u00ed an l\u00e1 at\u00e1 inniu ann. Don ch\u00e9ad uair, bh\u00ed an sliot\u00e1n ar f\u00e1il d\u2019imreoir\u00ed gn\u00e1thcheasa\u00edneonna san Astr\u00e1il. Go gairid, bh\u00ed an meais\u00edn sliot\u00e1n le feice\u00e1il sa leagan ar l\u00edne agus d\u00e1ileadh \u00e9 ar cheasa\u00edneonna ar fud an domhain.<\/p>\n<p>M\u00e1 fh\u00e9achann t\u00fa ar an aip R\u00ed na N\u00edle inniu, beidh na grafaic\u00ed agus na beochana as d\u00e1ta. Mar sin f\u00e9in, is s\u00e1r-chlasaiceach \u00e9 an sliot\u00e1n d\u2019imreoir\u00ed ceasa\u00edneo nach fearr leo i nd\u00e1ir\u00edre cluich\u00ed nua-aimseartha a imirt at\u00e1 thar maoil le grafaic\u00ed agus \u00e9ifeachta\u00ed 3D. Beidh an gameplay sa sliot\u00e1n seo simpl\u00ed agus suaimhneach.<\/p>\n<p>Mar is amhlaidh le go leor sliot\u00e1n na n-amanna sin, t\u00e1 an ph\u00e1irc imeartha comhdh\u00e9anta de 5 in aghaidh 3 r\u00edl. Comhl\u00e1na\u00edonn c\u00falra de shades donn an t-atmaisf\u00e9ar f\u00e1sach toisc gurb \u00e9 seo pr\u00edomhth\u00e9ama na sliot\u00e1n.<\/p>\n<p style=\"text-align: center;\"><img loading=\"lazy\" decoding=\"async\" class=\"aligncenter wp-image-365 size-full\" src=\"https:\/\/rocketplay-game.com\/wp-content\/uploads\/2022\/08\/king-of-the-nile-logo.jpeg\" alt=\"king of the nile logo\" width=\"625\" height=\"416\" srcset=\"https:\/\/rocketplay-game.com\/wp-content\/uploads\/2022\/08\/king-of-the-nile-logo.jpeg 625w, https:\/\/rocketplay-game.com\/wp-content\/uploads\/2022\/08\/king-of-the-nile-logo-300x200.jpeg 300w\" sizes=\"auto, (max-width: 625px) 100vw, 625px\" \/><\/p>\n<h2>King of The Nile Siombail\u00ed agus Luachanna<\/h2>\n<p>T\u00e1 8 ngn\u00e9 bhreise b\u00f3nais ag sliot\u00e1n King of The Nile, agus cuims\u00edonn siad jokers agus spins saor in aisce freisin. T\u00e1 deilbh\u00edn Scaip ag an meais\u00edn sliot\u00e1n seo a spreagfaidh an babhta b\u00f3nais. Agus c\u00e9 nach bhfuil ach an gn\u00e1thshraith spins saor in aisce ag an gcluiche, meallfaidh an cluiche agus beidh s\u00e9 in ann suim a l\u00e1n imreoir\u00ed a bhfuil f\u00edor-ghr\u00e1 acu cearrbhachas.<\/p>\n<p>T\u00e1 dl\u00fathbhaint ag na hocht bhfeidhm uile de shliot\u00e1n taispe\u00e1na R\u00ed na N\u00edle lena ch\u00e9ile le linn an chluiche. Ar nd\u00f3igh, t\u00e1 siombail fi\u00e1in, agus feidhm\u00edonn s\u00e9 mar \u00edoc\u00f3n pharaoh; tr\u00edna ngn\u00edomh, cuireann s\u00e9 in ionad na deilbh\u00edn\u00ed go l\u00e9ir at\u00e1 f\u00e1gtha, ach amh\u00e1in ach amh\u00e1in i gc\u00e1s na pirimide, toisc go ngn\u00edomha\u00edonn s\u00e9 mar shiombail scaipthe.<\/p>\n<p>Sa ch\u00e1s go bhfaighidh an t-\u00fas\u00e1ideoir ar a laghad 3 scaipthe, spreagtar babhta de spins saor in aisce go huathoibr\u00edoch. Ag brath ar c\u00e9 mh\u00e9ad scaiptheoir a d&#8217;\u00e9irigh leat a bhaili\u00fa in aon teaglaim amh\u00e1in, beidh difr\u00edocht idir l\u00edon na n-spins a fhaightear freisin. Le 3 scatters, beidh ort sraith de 15 spins, beidh 4 siombail\u00ed a bheith in ann cheana f\u00e9in a sheoladh 20 spins, agus d\u00e1 r\u00e9ir sin, 25 spins le haghaidh measc\u00e1n ioml\u00e1n de 5 scaipthe ag an am c\u00e9anna a bail\u00edodh ar na r\u00edleanna.<\/p>\n<h2>King of The Nile Sliot\u00e1n RTP\/luaineacht<\/h2>\n<p>M\u00e1 arda\u00edonn t\u00fa ceist a bhaineann leis an t\u00e1scaire RTP, t\u00e1 t\u00fa ag fanacht le t\u00e1scair\u00ed doil\u00e9ir le haghaidh faisn\u00e9ise ar an Idirl\u00edon. Go deimhin, t\u00e1 s\u00e9 seo mar gheall ar an bhf\u00edric go n-athra\u00edonn c\u00e9atad\u00e1n an fhilleadh ar an imreoir i gc\u00f3na\u00ed, athra\u00edonn \u00f3 uimhir go huimhir, agus braitheann s\u00e9 ar na h\u00edoca\u00edochta\u00ed a fhaigheann na himreoir\u00ed ar l\u00edne saor in aisce i R\u00ed na N\u00edle.<\/p>\n<p>Is f\u00e9idir leis an bhfacht\u00f3ir seo eagla a chur ar go leor imreoir\u00ed nua-aimseartha a bhfuil taith\u00ed acu ar shaini\u00falachta\u00ed, agus t\u00e1 a fhios acu go cinnte an f\u00e9idir leo brath ar \u00edoca\u00edochta\u00ed taitneamhacha n\u00f3, mar shampla, pota\u00ed \u00f3ir d\u00edreach tr\u00ed bhreathn\u00fa ar an gc\u00e9atad\u00e1n RTP.<\/p>\n<p>In ainneoin seo, imreoir\u00ed at\u00e1 eolach ar an sliot\u00e1n agus a bhfuil taith\u00ed ag imirt air, n\u00f3 iad si\u00fad nach bhfuil eagla chun riosca\u00ed a ghlacadh agus a fh\u00e1il go rialta acquainted le meais\u00edn\u00ed Sliot\u00e1n nua, chomh maith leis na clasaic\u00ed, f\u00f3s s\u00e1sta tar \u00e9is an chluiche agus athl\u00e1n\u00fa a bankroll.<\/p>\n<h2>Seinn an cluiche King of The Nile ar Soghluaiste<\/h2>\n<p>Roimhe seo, \u00f3s rud \u00e9 go raibh an sliot\u00e1n s\u00e1ch sean, n\u00edorbh fh\u00e9idir a imirt ar ghl\u00e9asanna soghluaiste, agus n\u00ed raibh aon gh\u00e1 m\u00f3r leis. Anois, t\u00e1 go leor imreoir\u00ed ag iarraidh imirt saor \u00f3 ghuth\u00e1n n\u00f3 \u00f3 thaibl\u00e9ad, ionas gur f\u00e9idir leat ceasa\u00edneo ar l\u00edne a aimsi\u00fa go h\u00e9asca ina mbeidh an sliot\u00e1n seo ar f\u00e1il i leagan oiri\u00fanaithe do ghl\u00e9asanna soghluaiste. Is fi\u00fa smaoineamh go bhfuil d&#8217;fhonn a bheith in ann a imirt, n\u00ed g\u00e1 duit a King of The Nile pokie \u00edosl\u00f3d\u00e1il agus a shuite\u00e1il bogearra\u00ed breise. Just a oscailt an bhrabhs\u00e1la\u00ed agus clice\u00e1il ar an gcnaipe &#8220;Seinn&#8221;.<\/p>\n<h2>King of The Nile CCanna<\/h2>\n<h3>Conas sliot\u00e1n King of The Nile a imirt saor in aisce?<\/h3>\n<p>T\u00e1 leagan taispe\u00e1na den mheais\u00edn sliot\u00e1n ann, ar f\u00e9idir leat \u00e9 a \u00fas\u00e1id chun eolas a chur ar fheidhmeanna agus ar phr\u00f3isis an chluiche. N\u00ed bheidh ort do chuid airgid f\u00e9in a chailleadh agus a chur i mbaol. Ag an am c\u00e9anna, gheobhaidh t\u00fa taith\u00ed ioml\u00e1n, F\u00e1inne \u00d3rga, agus gach rud at\u00e1 le tairiscint ag an sliot\u00e1n. Mar sin f\u00e9in, n\u00ed bheidh na h\u00edoca\u00edochta\u00ed ach f\u00edor\u00fail, agus beidh ort geallta f\u00edor a dh\u00e9anamh f\u00f3s le haghaidh brab\u00fas f\u00edor.<\/p>\n<h3>Cad iad na geallta i gcluiche King of The Nile?<\/h3>\n<p>N\u00ed \u00e9il\u00edonn an sliot\u00e1n seo geallta m\u00f3ra i R\u00ed na N\u00edle Astr\u00e1il, agus is f\u00e9idir leat tos\u00fa ag sn\u00edomh na r\u00edleanna gan ach 0.02 cent in aghaidh an l\u00edne, agus beidh an t-uasluach incheadaithe geall de 120 creidmheas. Is raon maith geallta \u00e9 seo mar go mbeidh imreoir\u00ed beaga agus daoine a bhfuil taith\u00ed acu le bankroll m\u00f3r in ann imirt.<\/p>\n<h3>Conas sliot\u00e1n Mega Moolah Astr\u00e1il a imirt?<\/h3>\n<p>N\u00edl aon mheicnic casta ag an sliot\u00e1n, mar sin chun an cluiche a thos\u00fa, n\u00edl le d\u00e9anamh agat ach cinneadh a dh\u00e9anamh ar na m\u00e9ideanna is mian leat a imirt. Roghnaigh ar dt\u00fas c\u00e9 mh\u00e9ad l\u00ednte p\u00e1 a bheidh i gceist; is f\u00e9idir uasmh\u00e9id de 20 l\u00edne a bheith i gcluiche amh\u00e1in. Ansin, ba ch\u00f3ir duit cinneadh a dh\u00e9anamh agus geall a chur i gcr\u00edch i do casadh. Sa deireadh, chun na r\u00edleanna a thos\u00fa, br\u00faigh an cnaipe Spin.<\/p>\n<p><strong>L\u00e9irmheasanna ar sliot\u00e1n:<\/strong><\/p>\n<ul>\n<li><a href=\"https:\/\/rocketplay-game.com\/ga\/slots\/mega-moolah\/\">Mega Moolah<\/a><\/li>\n<li><a href=\"https:\/\/rocketplay-game.com\/ga\/slots\/money-train-2\/\">Money Train 2<\/a><\/li>\n<\/ul>\n","protected":false},"excerpt":{"rendered":"<p>T\u00e1 pokies King of the Nile\u00a0 ann \u00f3 1997, agus is fearr le go leor imreoir\u00ed \u00e9 go dt\u00ed an l\u00e1 at\u00e1 inniu ann. Don ch\u00e9ad uair, bh\u00ed an sliot\u00e1n ar f\u00e1il d\u2019imreoir\u00ed gn\u00e1thcheasa\u00edneonna san Astr\u00e1il. Go gairid, bh\u00ed an meais\u00edn sliot\u00e1n le feice\u00e1il sa leagan ar l\u00edne agus d\u00e1ileadh \u00e9 ar cheasa\u00edneonna ar fud&#8230;<\/p>\n","protected":false},"author":1,"featured_media":0,"parent":1958,"menu_order":0,"comment_status":"closed","ping_status":"closed","template":"page-with-slot.php","meta":{"_acf_changed":false,"_kad_post_transparent":"default","_kad_post_title":"default","_kad_post_layout":"default","_kad_post_sidebar_id":"","_kad_post_content_style":"default","_kad_post_vertical_padding":"default","_kad_post_feature":"","_kad_post_feature_position":"","_kad_post_header":false,"_kad_post_footer":false,"footnotes":""},"class_list":["post-2156","page","type-page","status-publish","hentry"],"acf":[],"rttpg_featured_image_url":null,"rttpg_author":{"display_name":"Tom","author_link":"https:\/\/rocketplay-game.com\/ga\/author\/pemvas95n89x\/"},"rttpg_comment":0,"rttpg_category":null,"rttpg_excerpt":"T\u00e1 pokies King of the Nile\u00a0 ann \u00f3 1997, agus is fearr le go leor imreoir\u00ed \u00e9 go dt\u00ed an l\u00e1 at\u00e1 inniu ann. Don ch\u00e9ad uair, bh\u00ed an sliot\u00e1n ar f\u00e1il d\u2019imreoir\u00ed gn\u00e1thcheasa\u00edneonna san Astr\u00e1il. Go gairid, bh\u00ed an meais\u00edn sliot\u00e1n le feice\u00e1il sa leagan ar l\u00edne agus d\u00e1ileadh \u00e9 ar cheasa\u00edneonna ar fud...","_links":{"self":[{"href":"https:\/\/rocketplay-game.com\/ga\/wp-json\/wp\/v2\/pages\/2156","targetHints":{"allow":["GET"]}}],"collection":[{"href":"https:\/\/rocketplay-game.com\/ga\/wp-json\/wp\/v2\/pages"}],"about":[{"href":"https:\/\/rocketplay-game.com\/ga\/wp-json\/wp\/v2\/types\/page"}],"author":[{"embeddable":true,"href":"https:\/\/rocketplay-game.com\/ga\/wp-json\/wp\/v2\/users\/1"}],"replies":[{"embeddable":true,"href":"https:\/\/rocketplay-game.com\/ga\/wp-json\/wp\/v2\/comments?post=2156"}],"version-history":[{"count":2,"href":"https:\/\/rocketplay-game.com\/ga\/wp-json\/wp\/v2\/pages\/2156\/revisions"}],"predecessor-version":[{"id":2159,"href":"https:\/\/rocketplay-game.com\/ga\/wp-json\/wp\/v2\/pages\/2156\/revisions\/2159"}],"up":[{"embeddable":true,"href":"https:\/\/rocketplay-game.com\/ga\/wp-json\/wp\/v2\/pages\/1958"}],"wp:attachment":[{"href":"https:\/\/rocketplay-game.com\/ga\/wp-json\/wp\/v2\/media?parent=2156"}],"curies":[{"name":"wp","href":"https:\/\/api.w.org\/{rel}","templated":true}]}}