{"id":2169,"date":"2022-08-18T17:30:43","date_gmt":"2022-08-18T14:30:43","guid":{"rendered":"https:\/\/rocketplay-game.com\/slots\/mega-moolah\/"},"modified":"2022-10-29T12:28:32","modified_gmt":"2022-10-29T09:28:32","slug":"mega-moolah","status":"publish","type":"page","link":"https:\/\/rocketplay-game.com\/ga\/slots\/mega-moolah\/","title":{"rendered":"Athbhreithni\u00fa Mega Moolah Sliot\u00e1n"},"content":{"rendered":"<p><img loading=\"lazy\" decoding=\"async\" class=\"size-medium wp-image-356 alignright\" src=\"https:\/\/rocketplay-game.com\/wp-content\/uploads\/2022\/08\/mega-moolah-logo-300x167.png\" alt=\"Mega Moolah logo\" width=\"300\" height=\"167\" srcset=\"https:\/\/rocketplay-game.com\/wp-content\/uploads\/2022\/08\/mega-moolah-logo-300x167.png 300w, https:\/\/rocketplay-game.com\/wp-content\/uploads\/2022\/08\/mega-moolah-logo-1024x569.png 1024w, https:\/\/rocketplay-game.com\/wp-content\/uploads\/2022\/08\/mega-moolah-logo-768x426.png 768w, https:\/\/rocketplay-game.com\/wp-content\/uploads\/2022\/08\/mega-moolah-logo.png 1140w\" sizes=\"auto, (max-width: 300px) 100vw, 300px\" \/><\/p>\n<p>Is cinnte gur chuala gach imreoir at\u00e1 ar a laghad beag\u00e1n eolach ar cheasa\u00edneonna ar l\u00edne n\u00f3 ar chearrbhachas go gn\u00edomhach faoi shliot\u00e1n Mega Moolah Australia, a bhfuil an-t\u00f3ir air ar a laghad uair amh\u00e1in. D&#8217;fhorbair Microgaming an meais\u00edn sliot\u00e1n seo agus is cinnte gur \u00e9irigh go hiontach leis na forbr\u00f3ir\u00ed. \u00c1ir\u00edtear leis an sliot\u00e1n ceithre ollduaiseanna mega \u00e9ags\u00fala, at\u00e1 for\u00e1sach freisin. Agus t\u00e1 \u00e1it tosaigh ag an sliot\u00e1n seo ar liosta na sliot\u00e1n is m\u00f3 a \u00edoctar. N\u00edl na m\u00e9ideanna a d\u2019fh\u00e9adfadh imreoir\u00ed a bhuachan anseo ach thar r\u00e9imse na f\u00e9idearthachta.<\/p>\n<p>N\u00ed hionann an meais\u00edn sliot\u00e1n i grafaic\u00ed nua-aimseartha agus geal, n\u00e1 d\u00e9an dearmad gur crutha\u00edodh \u00e9 i bhfad \u00f3 shin, ar ais i 2006.<\/p>\n<p>T\u00f3gann t\u00e9ama agus dearadh soghluaiste Mega Moolah t\u00fa chuig machair\u00ed na hAfraice, safari fiadh\u00falra. Is \u00e9 an sliot\u00e1n freisin an ceann is sine i Microgaming, ach go dt\u00ed seo, n\u00edor chaill s\u00e9 a t\u00f3ir agus thug s\u00e9 buaiteanna ollmh\u00f3ra.<\/p>\n<p>T\u00e1 an sp\u00e1s cearrbhachais a thugann sliot\u00e1n Mega Moolah duit s\u00e1ch caighde\u00e1nach le haghaidh sliot\u00e1n a dh\u00e9antar i bhfoirm f\u00edse\u00e1in. Beann\u00f3far duit ag eangach le 5 r\u00edl rothlach agus 3 shraith taobh le taobh. Ina theannta sin, t\u00e1 25 l\u00edne p\u00e1 inchoigeartaithe ceangailte leis na r\u00edleanna, a ligeann duit a shaincheapadh agus a choigeart\u00fa go caoth\u00fail duit f\u00e9in c\u00e9 mh\u00e9ad l\u00ednte is mian leat a ghn\u00edomhacht\u00fa le haghaidh casadh foirfe amh\u00e1in.<\/p>\n<h2>Siombail\u00ed agus Luachanna Mega Moolah<\/h2>\n<p>Buailfidh siombail\u00ed ildaite, luachanna \u00f3 A go 10, agus ainmhithe fi\u00e1ine n\u00edos costasa\u00ed leat go rialta ar na r\u00edleanna. Ina measc t\u00e1 b\u00edos\u00fan, sior\u00e1f, s\u00e9abra, agus daoine eile. Is \u00e9 an tsiombail is brab\u00fasa\u00ed an eilifint. D\u00e1 mh\u00e9ad elephants a dh\u00e9anann do chomhcheangal ar na r\u00edleanna, is amhlaidh is m\u00f3 a bheidh an \u00edoca\u00edocht amach ag fanacht leat. Ar feadh 5 siombail\u00ed ag an am c\u00e9anna, is f\u00e9idir leat a fh\u00e1il 30 uair n\u00edos m\u00f3 n\u00e1 do geall.<\/p>\n<p>Is siombail fi\u00e1in \u00e9 an leon. Le seo go l\u00e9ir, \u00edoctar 0.6, 5, n\u00f3 60 n\u00f3 gach 600 uair n\u00edos m\u00f3 n\u00e1 do geall. Agus, ar nd\u00f3igh, braitheann an t-iolraitheoir ar an measc\u00e1n. Ina theannta sin, cuirtear an tsiombail fi\u00e1in in ionad na siombail\u00ed caighde\u00e1nacha go l\u00e9ir. M\u00e9ad\u00f3idh leon fi\u00e1in at\u00e1 p\u00e9ire\u00e1ilte le measc\u00e1n buaiteach agus siombail chaighde\u00e1nach do chuid buaite faoi 2 uair agus faoi dh\u00f3. Ina theannta sin, cuireann an Casino Mega Moolah ar l\u00edne 2 ghn\u00e9 b\u00f3nais ar f\u00e1il d\u2019imreoir\u00ed.<\/p>\n<p>Beidh b\u00f3nas agat, gn\u00e9 spins saor in aisce Mega Moolah 80, \u00e1it a gcuirfear iolraitheoir 3x i bhfeidhm ar do chuid buaiteanna go l\u00e9ir. Tugtar aird ar leith ar an gcluiche b\u00f3nas Pota \u00d3ir, a sheoltar go randamach. In s\u00e9, is f\u00e9idir leat roth an fhort\u00fan a chasadh, agus cabhr\u00f3idh s\u00e9 seo leat 1 as 4 Pota \u00d3ir for\u00e1sacha a bhuachan.<\/p>\n<h2>Sliot\u00e1n Mega Moolah RTP\/luaineacht<\/h2>\n<p>T\u00e1 n\u00edos m\u00f3 n\u00e1 go leor seansanna ag an sliot\u00e1n seo le buachan. Agus t\u00e1 s\u00e9 seo n\u00ed amh\u00e1in mar gheall ar an iliomad b\u00f3nais, spins breise c\u00f3d, iolraitheoir\u00ed, agus an roth na fhort\u00fan. Cuid\u00edonn t\u00e1scaire luaineachta \u00edseal leat a bhuachan. Is \u00e9 46.36% an t-athr\u00fa ar shliot\u00e1n Mega Moolah, rud a fh\u00e1gann gur f\u00e9idir le beagnach leath de na himreoir\u00ed \u00edoca\u00edochta\u00ed rialta a fh\u00e1il gan aon fhadhbanna.<\/p>\n<p>M\u00e1 t\u00e1 muid ag caint faoi ch\u00e9atad\u00e1n an fhill ar an imreoir, sroicheann an t\u00e1scaire 93%, agus is t\u00e1scaire den scoth \u00e9 seo le haghaidh sliot\u00e1n for\u00e1sach, go h\u00e1irithe nuair a chomhl\u00edonann an taispe\u00e1ntas s\u00fagartha oiread agus 4 ollduaiseanna ann! F\u00e9adfaidh an t-\u00edoca\u00edocht a bheith n\u00edos m\u00f3 n\u00e1 do geall faoi 1955 uair.<\/p>\n<p style=\"text-align: center;\"><img loading=\"lazy\" decoding=\"async\" class=\"aligncenter wp-image-357 size-full\" src=\"https:\/\/rocketplay-game.com\/wp-content\/uploads\/2022\/08\/mega-moolah-slot.jpeg\" alt=\"Mega Moolah slot\" width=\"900\" height=\"500\" srcset=\"https:\/\/rocketplay-game.com\/wp-content\/uploads\/2022\/08\/mega-moolah-slot.jpeg 900w, https:\/\/rocketplay-game.com\/wp-content\/uploads\/2022\/08\/mega-moolah-slot-300x167.jpeg 300w, https:\/\/rocketplay-game.com\/wp-content\/uploads\/2022\/08\/mega-moolah-slot-768x427.jpeg 768w\" sizes=\"auto, (max-width: 900px) 100vw, 900px\" \/><\/p>\n<h2>Seinn Mega Moolah ar Soghluaiste<\/h2>\n<p>Bheadh \u200b\u200b\u200b\u200bs\u00e9 iontas mura mbeadh sliot\u00e1n le t\u00f3ir chomh m\u00f3r sin ar f\u00e1il ar ghl\u00e9asanna soghluaiste. Leanann Microgaming na teicneola\u00edochta\u00ed is d\u00e9ana\u00ed agus coinn\u00edonn s\u00e9 suas leis na hamanna. Bu\u00edochas leis seo, is f\u00e9idir leat Mega Moolah a imirt go h\u00e9asca ar airgead f\u00edor agus an comh\u00e9adan a \u00fas\u00e1id go caoth\u00fail; ina theannta sin, nach bhfuil an sp\u00e1s cluiche chomh m\u00f3r, agus t\u00e1 s\u00e9 \u00e1isi\u00fail chun nasclean\u00faint a dh\u00e9anamh tr\u00edd. Agus nach bhfuil na grafaic\u00ed luchtaithe, gan cur thar maoil le heilimint\u00ed gan gh\u00e1, mar sin oibr\u00edonn an sliot\u00e1n go tapa, agus n\u00ed thugann imreoir\u00ed faoi deara aon imn\u00ed.<\/p>\n<h2>Ceisteanna Coitianta Mega Moolah<\/h2>\n<h3>An bhfuil sliot\u00e1n Mega Moolah ann gan pota \u00f3ir for\u00e1sach?<\/h3>\n<p>T\u00e1 a leith\u00e9id de mhalairt ar an sliot\u00e1n, ach nach bhfuil s\u00e9 chomh coitianta mar n\u00ed bheidh t\u00fa in ann a fh\u00e1il payouts m\u00f3r den s\u00f3rt sin. Agus t\u00e1 t\u00e1scaire RTP Mega Moolah \u00edslithe go 88%. Rud nach meallann freisin imreoir\u00ed a bhfuil taith\u00ed acu ar shliot\u00e1in nua-aimseartha le t\u00e1scair\u00ed os cionn 90%.<\/p>\n<h3>Cad \u00e9 an pota \u00f3ir uasta a bhuaigh sliot\u00e1n Mega Moolah?<\/h3>\n<p>I sliot\u00e1n Mega Moolah Australia, taifeadadh an Pota \u00d3ir uasta ioml\u00e1n, a roinneadh le 4 imreoir in 2013. Bh\u00ed m\u00e9id an phota \u00f3ir seo n\u00edos m\u00f3 n\u00e1 $ 13 milli\u00fan. M\u00e1 th\u00f3gaimid an b\u00f3nas staitistic\u00ed ar fud an domhain, beidh na m\u00e9ideanna ar\u00eds agus ar\u00eds eile n\u00edos m\u00f3.<\/p>\n<h3>An bhfuil modh uath-imirt i sliot\u00e1n Mega Moolah?<\/h3>\n<p>Go beacht! T\u00e1 feidhm ag an sliot\u00e1n a thosa\u00edonn cluiche uathoibr\u00edoch. Is f\u00e9idir leat a chumr\u00fa go neamhsple\u00e1ch c\u00e9 mh\u00e9ad uair a bheidh an cluiche a thos\u00fa agus freisin ar na r\u00e1ta\u00ed. Sna socruithe maidir le l\u00edon na gcluich\u00ed, is \u00e9 10 gcluiche an t-\u00edosmh\u00e9id at\u00e1 ar f\u00e1il, agus 100 an t-uasmh\u00e9id.<\/p>\n<p><strong>L\u00e9irmheasanna ar sliot\u00e1n:<\/strong><\/p>\n<ul>\n<li><a href=\"https:\/\/rocketplay-game.com\/ga\/slots\/5-dragons\/\">5 Dragons<\/a><\/li>\n<li><a href=\"https:\/\/rocketplay-game.com\/ga\/slots\/indian-dreaming\/\">Indian Dreaming<\/a><\/li>\n<li><a href=\"https:\/\/rocketplay-game.com\/ga\/slots\/sun-of-fortune\/\">Sun of the Fortune<\/a><\/li>\n<\/ul>\n","protected":false},"excerpt":{"rendered":"<p>Is cinnte gur chuala gach imreoir at\u00e1 ar a laghad beag\u00e1n eolach ar cheasa\u00edneonna ar l\u00edne n\u00f3 ar chearrbhachas go gn\u00edomhach faoi shliot\u00e1n Mega Moolah Australia, a bhfuil an-t\u00f3ir air ar a laghad uair amh\u00e1in. D&#8217;fhorbair Microgaming an meais\u00edn sliot\u00e1n seo agus is cinnte gur \u00e9irigh go hiontach leis na forbr\u00f3ir\u00ed. \u00c1ir\u00edtear leis an sliot\u00e1n&#8230;<\/p>\n","protected":false},"author":1,"featured_media":0,"parent":1958,"menu_order":0,"comment_status":"closed","ping_status":"closed","template":"page-with-slot.php","meta":{"_acf_changed":false,"_kad_post_transparent":"default","_kad_post_title":"default","_kad_post_layout":"default","_kad_post_sidebar_id":"","_kad_post_content_style":"default","_kad_post_vertical_padding":"default","_kad_post_feature":"","_kad_post_feature_position":"","_kad_post_header":false,"_kad_post_footer":false,"footnotes":""},"class_list":["post-2169","page","type-page","status-publish","hentry"],"acf":[],"rttpg_featured_image_url":null,"rttpg_author":{"display_name":"Tom","author_link":"https:\/\/rocketplay-game.com\/ga\/author\/pemvas95n89x\/"},"rttpg_comment":0,"rttpg_category":null,"rttpg_excerpt":"Is cinnte gur chuala gach imreoir at\u00e1 ar a laghad beag\u00e1n eolach ar cheasa\u00edneonna ar l\u00edne n\u00f3 ar chearrbhachas go gn\u00edomhach faoi shliot\u00e1n Mega Moolah Australia, a bhfuil an-t\u00f3ir air ar a laghad uair amh\u00e1in. D&#8217;fhorbair Microgaming an meais\u00edn sliot\u00e1n seo agus is cinnte gur \u00e9irigh go hiontach leis na forbr\u00f3ir\u00ed. \u00c1ir\u00edtear leis an sliot\u00e1n...","_links":{"self":[{"href":"https:\/\/rocketplay-game.com\/ga\/wp-json\/wp\/v2\/pages\/2169","targetHints":{"allow":["GET"]}}],"collection":[{"href":"https:\/\/rocketplay-game.com\/ga\/wp-json\/wp\/v2\/pages"}],"about":[{"href":"https:\/\/rocketplay-game.com\/ga\/wp-json\/wp\/v2\/types\/page"}],"author":[{"embeddable":true,"href":"https:\/\/rocketplay-game.com\/ga\/wp-json\/wp\/v2\/users\/1"}],"replies":[{"embeddable":true,"href":"https:\/\/rocketplay-game.com\/ga\/wp-json\/wp\/v2\/comments?post=2169"}],"version-history":[{"count":2,"href":"https:\/\/rocketplay-game.com\/ga\/wp-json\/wp\/v2\/pages\/2169\/revisions"}],"predecessor-version":[{"id":2175,"href":"https:\/\/rocketplay-game.com\/ga\/wp-json\/wp\/v2\/pages\/2169\/revisions\/2175"}],"up":[{"embeddable":true,"href":"https:\/\/rocketplay-game.com\/ga\/wp-json\/wp\/v2\/pages\/1958"}],"wp:attachment":[{"href":"https:\/\/rocketplay-game.com\/ga\/wp-json\/wp\/v2\/media?parent=2169"}],"curies":[{"name":"wp","href":"https:\/\/api.w.org\/{rel}","templated":true}]}}