{"id":2182,"date":"2022-08-18T17:35:57","date_gmt":"2022-08-18T14:35:57","guid":{"rendered":"https:\/\/rocketplay-game.com\/slots\/money-train-2\/"},"modified":"2026-02-27T23:34:52","modified_gmt":"2026-02-27T20:34:52","slug":"money-train-2","status":"publish","type":"page","link":"https:\/\/rocketplay-game.com\/ga\/slots\/money-train-2\/","title":{"rendered":"Athbhreithni\u00fa ar Shliot\u00e1n Money Train 2"},"content":{"rendered":"<p>Tugadh isteach sliot\u00e1n uath\u00fail Money Train 2 Australia don phobal ar ais in 2020. Bh\u00ed an-t\u00f3ir ar an sliot\u00e1n i measc imreoir\u00ed, rud a d\u2019\u00e9irigh go han-mhaith leis an sti\u00faideo Relax Gaming.<\/p>\n<p>Sa dara leagan den sliot\u00e1n t\u00f3ir, rinne an chuideachta forbartha roinnt chuimhneach\u00e1in ceartaitheacha a thug n\u00edos m\u00f3 faomhadh don mheais\u00edn \u00f3 na himreoir\u00ed. Agus is t\u00e1bhachta\u00ed f\u00f3s, t\u00e1 na gn\u00e9ithe is rath\u00fala f\u00f3s i l\u00e1thair sa dara sraith den sliot\u00e1n.<\/p>\n<p>Chomh luath agus a oscla\u00edonn t\u00fa an sliot\u00e1n, t\u00e1 t\u00fa absorbed ag atmaisf\u00e9ar an Iarthair, futuristic, s\u00e1ithithe le heilimint\u00ed steampunk. T\u00e1 an traein l\u00edonta le go leor eilimint\u00ed \u00e1bhartha, mar shampla giaranna agus p\u00edopa\u00ed. Agus cuireann an ceol agus na fuaimeanna at\u00e1 thart timpeall ort le tuiscint n\u00edos m\u00f3 f\u00f3s ar l\u00e1ithreacht.<\/p>\n<p>Is \u00e9ard at\u00e1 sa chrios cluiche de 5 r\u00edleanna agus, ag an am c\u00e9anna, tugann t\u00fa an oiread agus is 40 l\u00ednte p\u00e1 gur f\u00e9idir leat a \u00fas\u00e1id chun cur leis an seans a bhuaigh.<\/p>\n<p>Immerse f\u00e9in ar thuras fada tr\u00ed chathair the, thr\u00e9igthe ar do thraein ildaite steampunk! Faigh tuilleadh eolais faoi Airgead Traenach 2 imirt saor in aisce ar airgead f\u00edor th\u00edos.<\/p>\n<p style=\"text-align: center;\"><img loading=\"lazy\" decoding=\"async\" class=\"wp-image-361 size-full aligncenter\" src=\"https:\/\/rocketplay-game.com\/wp-content\/uploads\/2022\/08\/money-train-2-logo.jpeg\" alt=\"Money Train 2 logo\" width=\"800\" height=\"600\" srcset=\"https:\/\/rocketplay-game.com\/wp-content\/uploads\/2022\/08\/money-train-2-logo.jpeg 800w, https:\/\/rocketplay-game.com\/wp-content\/uploads\/2022\/08\/money-train-2-logo-300x225.jpeg 300w, https:\/\/rocketplay-game.com\/wp-content\/uploads\/2022\/08\/money-train-2-logo-768x576.jpeg 768w, https:\/\/rocketplay-game.com\/wp-content\/uploads\/2022\/08\/money-train-2-logo-600x450.jpeg 600w\" sizes=\"auto, (max-width: 800px) 100vw, 800px\" \/><\/p>\n<h2>Siombail\u00ed an ghl\u00e9is agus a luach don imreoir<\/h2>\n<p>T\u00e1 roinnt siombail\u00ed i taispe\u00e1na Money Train 2 is f\u00e9idir a mh\u00e9ad\u00fa do geallta a bhuaigh, cabhr\u00fa leat teaglaim a dh\u00e9anamh, agus a thabhairt duit seans n\u00edos m\u00f3 a bhuachan. Is \u00e9 an tsiombail fi\u00e1in an chuid is m\u00f3 brab\u00fasach agus inmhianaithe, t\u00e1 an chuid is m\u00f3 iolraitheoir\u00ed aige, agus a bhu\u00edochas leis, is f\u00e9idir leat brath ar an duais is m\u00f3.<\/p>\n<p>Tar \u00e9is an tsiombail fi\u00e1in, t\u00e1 siombail\u00ed cos\u00fail le necromancer, bailitheoir, sniper, agus \u00cdoc\u00f3ir. Ina dhiaidh sin t\u00e1 siombail an tsluasaid, an chro\u00ed agus an diamaint.<\/p>\n<p>Tr\u00ed na teaglaim chearta siombail\u00ed a bhaili\u00fa, is f\u00e9idir leat sraith spins saor in aisce, spins saor in aisce, n\u00f3 m\u00e9ad\u00fa ar an bp\u00e1irc imeartha a fh\u00e1il \u00f3 5 go 7 r\u00edl.<\/p>\n<p>Na siombail\u00ed n\u00edos m\u00f3 a bhainisti\u00fa t\u00fa a bhaili\u00fa, na tairiscint\u00ed b\u00f3nas n\u00edos brab\u00fasa\u00ed ag fanacht leat ag an deireadh.<\/p>\n<p>T\u00e1 babhta b\u00f3nais ag an sliot\u00e1n freisin Money Cart a bhfuil a ghn\u00e9ithe eisiacha f\u00e9in aige; ag tos\u00fa le Payer, cuireann s\u00e9 suntas agus luach le gach siombail ghreamaitheacha at\u00e1 ar an r\u00edl. T\u00e1 s\u00e9 de cheart ag an mbailitheoir costas carachtair at\u00e1 le feice\u00e1il d\u00e1 chuid f\u00e9in a shocr\u00fa. Ag an am c\u00e9anna, baileoidh an bailitheoir na hiolraitheoir\u00ed agus cuirfidh s\u00e9 a luach ioml\u00e1n ar aghaidh chuig siombail\u00ed eile.<\/p>\n<p>D\u00e9anfaidh an tsiombail sniper na luachanna a dh\u00fabailt, \u00f3 thr\u00ed go hocht siombail\u00ed randamacha in Money Train 2 saor in aisce.<\/p>\n<p>N\u00e1 d\u00e9an dearmad faoin necromancer, a thabharfaidh ar ais 2-7 siombail\u00ed a \u00fas\u00e1ideadh cheana f\u00e9in chun iolraitheoir\u00ed breise a chur le do dh\u00e1 spins a bheidh ina dhiaidh sin.<\/p>\n<h2>Money Train 2 Sliot\u00e1n RTP\/Volatility<\/h2>\n<p>Chuir feabhas suntasach ar an dara leagan den sliot\u00e1n isteach ar an t\u00e1scaire RTP. Anois is \u00e9 96.4% an c\u00e9atad\u00e1n de fhilleadh ar an imreoir, agus m\u00e1 ghn\u00edomha\u00edonn t\u00fa an fheidhm ceannaigh b\u00f3nais, l\u00e9imfidh RTP chuig taifead 98%.<\/p>\n<p>T\u00e1 an luaineacht, \u00e1fach, thar a bheith ard. Mar sin, b\u00ed c\u00faramach mar, sa chluiche b\u00f3nais, is f\u00e9idir leat a bheith ag s\u00fail le rud ar bith. Beidh an cluiche dian agus fuinni\u00fail, agus beidh gach imreoir in ann taith\u00ed a fh\u00e1il go d\u00edreach ar na moth\u00fach\u00e1in a nd\u00e9anann s\u00e9 a dh\u00edcheall le linn an chluiche.<\/p>\n<p style=\"text-align: center;\"><img loading=\"lazy\" decoding=\"async\" class=\"aligncenter wp-image-362 size-full\" src=\"https:\/\/rocketplay-game.com\/wp-content\/uploads\/2022\/08\/money-train-2-slot.jpeg\" alt=\"Money Train 2 slot\" width=\"838\" height=\"471\" srcset=\"https:\/\/rocketplay-game.com\/wp-content\/uploads\/2022\/08\/money-train-2-slot.jpeg 838w, https:\/\/rocketplay-game.com\/wp-content\/uploads\/2022\/08\/money-train-2-slot-300x169.jpeg 300w, https:\/\/rocketplay-game.com\/wp-content\/uploads\/2022\/08\/money-train-2-slot-768x432.jpeg 768w\" sizes=\"auto, (max-width: 838px) 100vw, 838px\" \/><\/p>\n<h2>Seinn Money Train 2 ar Soghluaiste<\/h2>\n<p>Sa domhan nua-aimseartha, cuireann go leor cuideachta\u00ed agus ceasa\u00edneonna ar l\u00edne oiri\u00fan\u00fa do ghl\u00e9asanna soghluaiste ar a gcuid sliot\u00e1n. Tugann sti\u00faideo forbr\u00f3ir Relax Gaming, chomh maith lena sliot\u00e1n t\u00f3ir Money Train 2, an deis seo do go leor imreoir\u00ed freisin. Tar \u00e9is an tsaoil, beidh na hard\u00e1in n\u00edos m\u00f3 ag tac\u00fa leis an sliot\u00e1n le haghaidh an chluiche, agus beidh na himreoir\u00ed n\u00edos m\u00f3 a bheith in ann taitneamh a bhaint as an gameplay agus a l\u00e1n de na b\u00f3nais a tharla\u00edonn le linn an chluiche.<\/p>\n<p>Le haghaidh cluiche compordach, n\u00ed g\u00e1 duit aon rud a \u00edosl\u00f3d\u00e1il, ach an meais\u00edn a thos\u00fa sa bhrabhs\u00e1la\u00ed agus taitneamh a bhaint as.<\/p>\n<h2>Money Train 2 Ceisteanna Coitianta<\/h2>\n<h3>Conas a oibr\u00edonn an fheidhm respin in Money Train 2?<\/h3>\n<p>M\u00e1 t\u00e1 t\u00fa a bhainisti\u00fa a ghabh\u00e1il siombail\u00ed rialta ar cheann de na r\u00edleanna na sliot\u00e1n, is f\u00e9idir leat a ghn\u00edomhacht\u00fa an ghn\u00e9 seo. Sa ch\u00e1s seo, taispe\u00e1nfar an t-iolraitheoir ar an sc\u00e1ile\u00e1n. Cuirtear t\u00e1scair\u00ed den s\u00f3rt sin leis agus cabhra\u00edonn siad chun athdhromanna a fh\u00e1il ar an imreoir. T\u00e1 fearg ar an gc\u00e9atad\u00e1n ioml\u00e1n go dt\u00ed go dt\u00f3gfaidh t\u00fa do chuid buaite. Mura dtugann an respin bua, cabhr\u00f3idh s\u00e9 leis an iolraitheoir a mh\u00e9ad\u00fa faoi aonad amh\u00e1in.<\/p>\n<h3>An f\u00e9idir liom Money Train 2 a imirt saor in aisce?<\/h3>\n<p>Is f\u00e9idir leat m\u00f3d Money Train 2 a imirt gan do chuid airgid f\u00e9in a chur i mbaol. Is r\u00e9iteach iontach \u00e9 seo do na himreoir\u00ed sin at\u00e1 ag iarraidh a sheice\u00e1il ar dt\u00fas an maith leo an sliot\u00e1n. Cuir aithne n\u00edos fearr ar na r\u00edleanna agus bain sult as an gcluiche ioml\u00e1n i d\u2019aonar.<\/p>\n<h3>Cad \u00e9 an tsiombail is brab\u00fasa\u00ed sa sliot\u00e1n?<\/h3>\n<p>Is \u00e9 an tsiombail is airde-\u00edoc go mbeidh t\u00fa le ch\u00e9ile sa chluiche an tsiombail fi\u00e1in. M\u00e1 dh\u00e9anann t\u00fa an geall uasta agus a bhaili\u00fa go l\u00e9ir 5 siombail\u00ed ar na r\u00edleanna, sa ch\u00e1s seo, beidh an t-iolraitheoir taifead 20,000x. Is f\u00e9idir na iolraitheoir\u00ed c\u00e9anna a fh\u00e1il leis an siombail necromancer.<\/p>\n<p><strong>L\u00e9irmheasanna ar sliot\u00e1n:<\/strong><\/p>\n<ul>\n<li><a href=\"https:\/\/rocketplay-game.com\/ga\/slots\/more-chilli\/\">More Chilli<\/a><\/li>\n<li><a href=\"https:\/\/rocketplay-game.com\/ga\/slots\/queen-of-the-nile\/\">Queen Of The Nile<\/a><\/li>\n<\/ul>\n","protected":false},"excerpt":{"rendered":"<p>Tugadh isteach sliot\u00e1n uath\u00fail Money Train 2 Australia don phobal ar ais in 2020. Bh\u00ed an-t\u00f3ir ar an sliot\u00e1n i measc imreoir\u00ed, rud a d\u2019\u00e9irigh go han-mhaith leis an sti\u00faideo Relax Gaming. Sa dara leagan den sliot\u00e1n t\u00f3ir, rinne an chuideachta forbartha roinnt chuimhneach\u00e1in ceartaitheacha a thug n\u00edos m\u00f3 faomhadh don mheais\u00edn \u00f3 na himreoir\u00ed&#8230;.<\/p>\n","protected":false},"author":1,"featured_media":0,"parent":1958,"menu_order":0,"comment_status":"closed","ping_status":"closed","template":"page-with-slot.php","meta":{"_acf_changed":false,"_kad_post_transparent":"default","_kad_post_title":"default","_kad_post_layout":"default","_kad_post_sidebar_id":"","_kad_post_content_style":"default","_kad_post_vertical_padding":"default","_kad_post_feature":"","_kad_post_feature_position":"","_kad_post_header":false,"_kad_post_footer":false,"footnotes":""},"class_list":["post-2182","page","type-page","status-publish","hentry"],"acf":[],"rttpg_featured_image_url":null,"rttpg_author":{"display_name":"Tom","author_link":"https:\/\/rocketplay-game.com\/ga\/author\/pemvas95n89x\/"},"rttpg_comment":0,"rttpg_category":null,"rttpg_excerpt":"Tugadh isteach sliot\u00e1n uath\u00fail Money Train 2 Australia don phobal ar ais in 2020. Bh\u00ed an-t\u00f3ir ar an sliot\u00e1n i measc imreoir\u00ed, rud a d\u2019\u00e9irigh go han-mhaith leis an sti\u00faideo Relax Gaming. Sa dara leagan den sliot\u00e1n t\u00f3ir, rinne an chuideachta forbartha roinnt chuimhneach\u00e1in ceartaitheacha a thug n\u00edos m\u00f3 faomhadh don mheais\u00edn \u00f3 na himreoir\u00ed....","_links":{"self":[{"href":"https:\/\/rocketplay-game.com\/ga\/wp-json\/wp\/v2\/pages\/2182","targetHints":{"allow":["GET"]}}],"collection":[{"href":"https:\/\/rocketplay-game.com\/ga\/wp-json\/wp\/v2\/pages"}],"about":[{"href":"https:\/\/rocketplay-game.com\/ga\/wp-json\/wp\/v2\/types\/page"}],"author":[{"embeddable":true,"href":"https:\/\/rocketplay-game.com\/ga\/wp-json\/wp\/v2\/users\/1"}],"replies":[{"embeddable":true,"href":"https:\/\/rocketplay-game.com\/ga\/wp-json\/wp\/v2\/comments?post=2182"}],"version-history":[{"count":3,"href":"https:\/\/rocketplay-game.com\/ga\/wp-json\/wp\/v2\/pages\/2182\/revisions"}],"predecessor-version":[{"id":10270,"href":"https:\/\/rocketplay-game.com\/ga\/wp-json\/wp\/v2\/pages\/2182\/revisions\/10270"}],"up":[{"embeddable":true,"href":"https:\/\/rocketplay-game.com\/ga\/wp-json\/wp\/v2\/pages\/1958"}],"wp:attachment":[{"href":"https:\/\/rocketplay-game.com\/ga\/wp-json\/wp\/v2\/media?parent=2182"}],"curies":[{"name":"wp","href":"https:\/\/api.w.org\/{rel}","templated":true}]}}