{"id":2191,"date":"2022-08-18T16:23:00","date_gmt":"2022-08-18T13:23:00","guid":{"rendered":"https:\/\/rocketplay-game.com\/slots\/more-chilli\/"},"modified":"2022-10-29T13:12:33","modified_gmt":"2022-10-29T10:12:33","slug":"more-chilli","status":"publish","type":"page","link":"https:\/\/rocketplay-game.com\/ga\/slots\/more-chilli\/","title":{"rendered":"Review More Chilli Sliot\u00e1n"},"content":{"rendered":"<p>T\u00e1 More Chilli pokie ar cheann de na meais\u00edn\u00ed sliot\u00e1n sin at\u00e1 le f\u00e1il inniu i gceasa\u00edneonna ar an talamh agus ar l\u00edne. Agus t\u00e1 an-t\u00f3ir orthu i measc an lucht f\u00e9achana cearrbhachais.<\/p>\n<p>Beidh an sliot\u00e1n More Chilli tarraingteach do thosaitheoir\u00ed cearrbhachais agus do chustaim\u00e9ir\u00ed m\u00f3ra a bhfuil taith\u00ed acu. Go l\u00e9ir ar an gc\u00fais go bhfuil magadh ag an m Casino seo, sraith cluich\u00ed b\u00f3nais breise, n\u00f3 siombail\u00ed scaipthe a mh\u00e9ad\u00f3idh do seans an duais uasta a fh\u00e1il.<\/p>\n<p>I gcuma, t\u00e1 an sliot\u00e1n tarraingteach i ndearadh, agus ceada\u00edonn s\u00e9 imreoir\u00ed am a chaitheamh go compordach le linn an chluiche. Chruthaigh Aristocrat an meais\u00edn sliot\u00e1n More Chilli ar dt\u00fas go sonrach le haghaidh ceasa\u00edneonna \u00e1iti\u00fala agus meais\u00edn\u00ed sliot\u00e1n, ach t\u00e1 an-t\u00f3ir air anois ag imreoir\u00ed ar fud an domhain.<\/p>\n<p style=\"text-align: center;\"><img loading=\"lazy\" decoding=\"async\" class=\"aligncenter wp-image-342 size-full\" src=\"https:\/\/rocketplay-game.com\/wp-content\/uploads\/2022\/08\/more-chilli-logo.jpeg\" alt=\"More Chilli logo\" width=\"948\" height=\"712\" srcset=\"https:\/\/rocketplay-game.com\/wp-content\/uploads\/2022\/08\/more-chilli-logo.jpeg 948w, https:\/\/rocketplay-game.com\/wp-content\/uploads\/2022\/08\/more-chilli-logo-300x225.jpeg 300w, https:\/\/rocketplay-game.com\/wp-content\/uploads\/2022\/08\/more-chilli-logo-768x577.jpeg 768w, https:\/\/rocketplay-game.com\/wp-content\/uploads\/2022\/08\/more-chilli-logo-600x450.jpeg 600w\" sizes=\"auto, (max-width: 948px) 100vw, 948px\" \/><\/p>\n<h2>More Chilli Siombail\u00ed agus Luachanna<\/h2>\n<p>T\u00e1 siombail\u00ed san aip More Chilli, agus cuims\u00edonn siad an ghrian, sic\u00edn\u00ed, m\u00e1la airgid, madra chihuahua, seast\u00e1n chili, tequila, roosters, chomh maith le Meicsiceo grinning. Ina theannta sin, ar na r\u00edleanna, beidh t\u00fa ag teacht ar fud na siombail\u00ed 9, 10, Ace, banr\u00edon, Jack, agus r\u00ed. Maidir leis an tsiombail scaipthe, is m\u00e1la airgid n\u00f3 piobar chili \u00e9. Gn\u00e9 shaini\u00fail is ea cult\u00far Mheicsiceo i sombrero a scairteann &#8220;Chili Eile!&#8221; i gc\u00f3na\u00ed. Spreagann an sliot\u00e1n t\u00fa go rialta ionas gur f\u00e9idir leat gach rud a dh\u00e9anamh agus an Pota \u00d3ir a bhuachan sa deireadh.<\/p>\n<p>Fear Mheicsiceo miongh\u00e1ire a bheidh sa tsiombail fi\u00e1in. Beidh an tsiombail fi\u00e1in ionad gach deilbh\u00edn\u00ed eile ach amh\u00e1in an tsiombail scaipthe. M\u00e1s measc\u00e1n de thr\u00ed n\u00f3, mar shampla, l\u00edon n\u00edos m\u00f3 de na siombail\u00ed scaip, t\u00e1 an t-\u00fas\u00e1ideoir ag fanacht 10 spins saor in aisce. Is f\u00e9idir an tsraith spins a mh\u00e9ad\u00fa go 15 nuair a cuireadh c\u00faig geallta breise le linn na gn\u00e9 spins gn\u00edomhach.<\/p>\n<p>Is \u00e9 an peculiarity an ghn\u00e9 spins saor in aisce na siombail\u00ed scaip beacht a bhail\u00edonn t\u00fa ag an am c\u00e9anna ar an r\u00edl, an spins n\u00edos m\u00f3 a bheidh t\u00fa a bhronnadh. M\u00e1 fhaigheann t\u00fa 9 scaip, gheobhaidh t\u00fa tr\u00ed thacar r\u00edleanna freisin. Na siombail\u00ed n\u00edos m\u00f3, na r\u00edleanna n\u00edos m\u00f3. Agus d\u00e1 bhr\u00ed sin, beidh 30 siombail\u00ed mar thoradh ar an bhf\u00edric go mbeidh t\u00fa a fheice\u00e1il picti\u00far de na r\u00edleanna tr\u00ed\u00fa, ceathr\u00fa agus an c\u00faigi\u00fa, at\u00e1 l\u00edonta go hioml\u00e1n le siombail\u00ed fi\u00e1in agus beidh a thabhairt duit a l\u00e1n de na spins saor in aisce.<\/p>\n<h2>More Chilli Sliot\u00e1n RTP \/ luaineacht<\/h2>\n<p>Athra\u00edonn an c\u00f3imheas eis\u00edoca\u00edochta sa sliot\u00e1n More Chilli ar l\u00edne idir 96-97%. Meastar go bhfuil na c\u00e9atad\u00e1in seo ard go leor. M\u00e1 chuirimid san \u00e1ireamh freisin go bhfuil luaineacht na sliot\u00e1n ar an me\u00e1n, beidh seans s\u00e1ch ard ag imreoir\u00ed an meais\u00edn sliot\u00e1n seo a bhuachan. Agus beidh gach duine a bhfuil an t-\u00e1dh orthu in ann pota \u00f3ir a bhuachan a sh\u00e1r\u00f3idh do geall m\u00edle uair.<\/p>\n<p>N\u00ed hamh\u00e1in go mbeidh RTP agus luaineacht cabhr\u00fa leat a bhuachan, ach freisin ar l\u00edon na b\u00f3nais gur f\u00e9idir leat freastal taobh istigh den gameplay.<\/p>\n<p style=\"text-align: center;\"><img loading=\"lazy\" decoding=\"async\" class=\"aligncenter wp-image-343 size-full\" src=\"https:\/\/rocketplay-game.com\/wp-content\/uploads\/2022\/08\/more-chilli-slot.jpeg\" alt=\"more chilli slot\" width=\"815\" height=\"608\" srcset=\"https:\/\/rocketplay-game.com\/wp-content\/uploads\/2022\/08\/more-chilli-slot.jpeg 815w, https:\/\/rocketplay-game.com\/wp-content\/uploads\/2022\/08\/more-chilli-slot-300x224.jpeg 300w, https:\/\/rocketplay-game.com\/wp-content\/uploads\/2022\/08\/more-chilli-slot-768x573.jpeg 768w\" sizes=\"auto, (max-width: 815px) 100vw, 815px\" \/><\/p>\n<h2>Seinn More Chilli ar Soghluaiste<\/h2>\n<p>D\u00e1 mh\u00e9ad a fhorbra\u00edonn an chearrbhachas ar l\u00edne is ea is m\u00f3 a bh\u00edonn lucht lean\u00fana ag imirt n\u00edos More Chilli ar l\u00edne saor \u00f3 fh\u00f3n p\u00f3ca. Tar \u00e9is an tsaoil, t\u00e1 s\u00e9 an-\u00e1isi\u00fail, agus is f\u00e9idir leat rochtain a fh\u00e1il ar do chuntas ceasa\u00edneo agus sliot\u00e1in ag am ar bith. Nochtfaidh rochtain idirl\u00edn duit na f\u00e9idearthachta\u00ed go l\u00e9ir a bhaineann le ceasa\u00edneo soghluaiste ar l\u00edne.<\/p>\n<p>T\u00e1 s\u00e9 seo \u00e1isi\u00fail, n\u00ed hamh\u00e1in toisc go bhfuil s\u00e9 ar f\u00e1il in \u00e1it ar bith ach freisin toisc nach g\u00e1 aon rud a More Chilli pokie a \u00edosl\u00f3d\u00e1il roimh r\u00e9.<\/p>\n<p>D&#8217;fhonn freastal ar mhianta na n-imreoir\u00ed agus compord ioml\u00e1n a shol\u00e1thar i bhf\u00edor-airgead More Chilli ar l\u00edne, oibr\u00edonn sti\u00faideo forbr\u00f3ir Aristocrat l\u00e1ithreach chun a chinnti\u00fa go bhfuil na cluich\u00ed ar f\u00e1il ar r\u00edomhair\u00ed agus ar an bhf\u00f3n araon. Chomh maith leis an bhf\u00f3n, is f\u00e9idir gur feist\u00ed eile \u00e9 a \u00fas\u00e1ideann t\u00fa sa saol laeth\u00fail, mar t\u00e1ibl\u00e9ad.<\/p>\n<h2>More Chilli Ceisteanna Coitianta<\/h2>\n<h3>An g\u00e1 dom aip More Chilli a \u00edosl\u00f3d\u00e1il?<\/h3>\n<p>N\u00ed g\u00e1 duit an aip a \u00edosl\u00f3d\u00e1il ar chor ar bith mar is f\u00e9idir leat an leagan gr\u00e9as\u00e1in den su\u00edomh a \u00fas\u00e1id. Mar sin f\u00e9in, t\u00e1 ceasa\u00edneonna ann ina bhfuil an sliot\u00e1n seo i l\u00e1thair san iarratas. M\u00e1s mian leat, is f\u00e9idir leat \u00e9 a shuite\u00e1il agus a \u00fas\u00e1id. Mar sin f\u00e9in, n\u00edl an leagan gr\u00e9as\u00e1in difri\u00fail ar bith agus s\u00e1bh\u00e1lfaidh s\u00e9 cuimhne ar do ghl\u00e9as.<\/p>\n<h3>An f\u00e9idir liom an sliot\u00e1n More Chilli a imirt saor in aisce?<\/h3>\n<p>T\u00e1 leaganacha taispe\u00e1na den sliot\u00e1n seo ar f\u00e9idir leat triail a bhaint as ar l\u00e1ithre\u00e1in ghr\u00e9as\u00e1in \u00e9ags\u00fala. In ainneoin nach bhfuil sa leagan ach ceann tosaigh, agus n\u00ed bheidh ort do chuid airgid a chur i mbaol, in aon ch\u00e1s, beidh rochtain agat ar gameplay agus r\u00edleanna l\u00e1n-chuimsitheach. Agus b\u00f3nais, at\u00e1 ar f\u00e1il freisin i sliot\u00e1n rialta ar airgead f\u00edor.<\/p>\n<h2>An bhfuil s\u00e9 n\u00edos fearr More Chilli a imirt ar l\u00edne n\u00f3 i gceasa\u00edneo tal\u00fan-bhunaithe?<\/h2>\n<p>Sa ch\u00e1s sin, m\u00e1 roghnaigh t\u00fa an leagan ar l\u00edne den mheais\u00edn sliot\u00e1n seo a imirt, beidh b\u00f3nas deas ag fanacht leat, rud a thabharfaidh deis duit na l\u00ednte p\u00e1 a mh\u00e9ad\u00fa. Cialla\u00edonn s\u00e9 seo go nd\u00e9anfar do RTP a uasghr\u00e1d\u00fa freisin. Is m\u00e9ad\u00fa beag c\u00e9atad\u00e1in \u00e9 seo ar chor ar bith; \u00e1fach, n\u00edl aon fh\u00e9idearthacht den s\u00f3rt sin i sliot\u00e1in tal\u00fan.<\/p>\n<p><strong>L\u00e9irmheasanna ar sliot\u00e1n:<\/strong><\/p>\n<ul>\n<li><a href=\"https:\/\/rocketplay-game.com\/ga\/slots\/book-of-ra-deluxe\/\">Book Of Ra Deluxe<\/a><\/li>\n<li><a href=\"https:\/\/rocketplay-game.com\/ga\/slots\/mega-moolah\/\">Mega Moolah<\/a><\/li>\n<\/ul>\n","protected":false},"excerpt":{"rendered":"<p>T\u00e1 More Chilli pokie ar cheann de na meais\u00edn\u00ed sliot\u00e1n sin at\u00e1 le f\u00e1il inniu i gceasa\u00edneonna ar an talamh agus ar l\u00edne. Agus t\u00e1 an-t\u00f3ir orthu i measc an lucht f\u00e9achana cearrbhachais. Beidh an sliot\u00e1n More Chilli tarraingteach do thosaitheoir\u00ed cearrbhachais agus do chustaim\u00e9ir\u00ed m\u00f3ra a bhfuil taith\u00ed acu. Go l\u00e9ir ar an gc\u00fais&#8230;<\/p>\n","protected":false},"author":1,"featured_media":0,"parent":1958,"menu_order":0,"comment_status":"closed","ping_status":"closed","template":"page-with-slot.php","meta":{"_acf_changed":false,"_kad_post_transparent":"default","_kad_post_title":"default","_kad_post_layout":"default","_kad_post_sidebar_id":"","_kad_post_content_style":"default","_kad_post_vertical_padding":"default","_kad_post_feature":"","_kad_post_feature_position":"","_kad_post_header":false,"_kad_post_footer":false,"footnotes":""},"class_list":["post-2191","page","type-page","status-publish","hentry"],"acf":[],"rttpg_featured_image_url":null,"rttpg_author":{"display_name":"Tom","author_link":"https:\/\/rocketplay-game.com\/ga\/author\/pemvas95n89x\/"},"rttpg_comment":0,"rttpg_category":null,"rttpg_excerpt":"T\u00e1 More Chilli pokie ar cheann de na meais\u00edn\u00ed sliot\u00e1n sin at\u00e1 le f\u00e1il inniu i gceasa\u00edneonna ar an talamh agus ar l\u00edne. Agus t\u00e1 an-t\u00f3ir orthu i measc an lucht f\u00e9achana cearrbhachais. Beidh an sliot\u00e1n More Chilli tarraingteach do thosaitheoir\u00ed cearrbhachais agus do chustaim\u00e9ir\u00ed m\u00f3ra a bhfuil taith\u00ed acu. Go l\u00e9ir ar an gc\u00fais...","_links":{"self":[{"href":"https:\/\/rocketplay-game.com\/ga\/wp-json\/wp\/v2\/pages\/2191","targetHints":{"allow":["GET"]}}],"collection":[{"href":"https:\/\/rocketplay-game.com\/ga\/wp-json\/wp\/v2\/pages"}],"about":[{"href":"https:\/\/rocketplay-game.com\/ga\/wp-json\/wp\/v2\/types\/page"}],"author":[{"embeddable":true,"href":"https:\/\/rocketplay-game.com\/ga\/wp-json\/wp\/v2\/users\/1"}],"replies":[{"embeddable":true,"href":"https:\/\/rocketplay-game.com\/ga\/wp-json\/wp\/v2\/comments?post=2191"}],"version-history":[{"count":2,"href":"https:\/\/rocketplay-game.com\/ga\/wp-json\/wp\/v2\/pages\/2191\/revisions"}],"predecessor-version":[{"id":2193,"href":"https:\/\/rocketplay-game.com\/ga\/wp-json\/wp\/v2\/pages\/2191\/revisions\/2193"}],"up":[{"embeddable":true,"href":"https:\/\/rocketplay-game.com\/ga\/wp-json\/wp\/v2\/pages\/1958"}],"wp:attachment":[{"href":"https:\/\/rocketplay-game.com\/ga\/wp-json\/wp\/v2\/media?parent=2191"}],"curies":[{"name":"wp","href":"https:\/\/api.w.org\/{rel}","templated":true}]}}