{"id":2199,"date":"2022-08-18T17:24:15","date_gmt":"2022-08-18T14:24:15","guid":{"rendered":"https:\/\/rocketplay-game.com\/slots\/queen-of-the-nile\/"},"modified":"2025-11-25T22:57:03","modified_gmt":"2025-11-25T19:57:03","slug":"queen-of-the-nile","status":"publish","type":"page","link":"https:\/\/rocketplay-game.com\/ga\/slots\/queen-of-the-nile\/","title":{"rendered":"L\u00e9irmheas Queen of The Nile Sliot\u00e1n"},"content":{"rendered":"<p>Chruthaigh cuideachta Aristocrat uair amh\u00e1in pokies saor in aisce Queen of The Nile, ar meais\u00edn sliot\u00e1n f\u00edse\u00e1in \u00e9 a bhfuil 24 l\u00edne p\u00e1 agus oiread agus 5 r\u00edl ann.<\/p>\n<p>T\u00e1 an meais\u00edn bunaithe ar pharaoh c\u00e1ili\u00fail na Sean-\u00c9igipt &#8211; Banr\u00edon Cleopatra. Blianta fada \u00f3 shin, bh\u00ed Cleopatra ar an pharaoh deireanach den tSean-\u00c9igipt. Ina ainneoin sin, ba \u00ed Ptolemy \u00ed.<\/p>\n<p>Tugann an sliot\u00e1n an deis chun geallta \u00edosta a chur ar an casadh, a thosa\u00edonn le luach 0.25 boinn, agus beidh an geall uasta a bheith 50 boinn. T\u00e1 Pota \u00d3ir 1,500 ag an sliot\u00e1n, chomh maith le iolraitheoir\u00ed \u00e9ags\u00fala agus sraith spins saor in aisce a chabhr\u00f3idh leat an Pota \u00d3ir a fh\u00e1il. D\u00e1 bhr\u00ed sin, molaimid Banr\u00edon na N\u00edle \u00edosl\u00f3d\u00e1il saor in aisce.<\/p>\n<p><img loading=\"lazy\" decoding=\"async\" class=\"wp-image-350 size-full aligncenter\" src=\"https:\/\/rocketplay-game.com\/wp-content\/uploads\/2022\/08\/queen-of-the-nile-logo.jpeg\" alt=\"Queen of The Nile logo\" width=\"800\" height=\"600\" srcset=\"https:\/\/rocketplay-game.com\/wp-content\/uploads\/2022\/08\/queen-of-the-nile-logo.jpeg 800w, https:\/\/rocketplay-game.com\/wp-content\/uploads\/2022\/08\/queen-of-the-nile-logo-300x225.jpeg 300w, https:\/\/rocketplay-game.com\/wp-content\/uploads\/2022\/08\/queen-of-the-nile-logo-768x576.jpeg 768w, https:\/\/rocketplay-game.com\/wp-content\/uploads\/2022\/08\/queen-of-the-nile-logo-600x450.jpeg 600w\" sizes=\"auto, (max-width: 800px) 100vw, 800px\" \/><\/p>\n<h2>Queen of The Nile Siombail\u00ed agus Luachanna<\/h2>\n<p>T\u00e1 an-t\u00f3ir ar an pokie Queen of The Nile seo i ngn\u00e1thcheasa\u00edneonna, agus n\u00ed haon ionadh \u00e9 gur shocraigh sti\u00faideo Aristocrat an sliot\u00e1n a scaoileadh ar l\u00edne freisin.<\/p>\n<p>Cuirfidh cuma ioml\u00e1n an mheais\u00edn i gceasa\u00edneo ar l\u00edne agus, ar nd\u00f3igh, na siombail\u00ed in i\u00fal go d\u00edreach an tr\u00e9imhse ama sin sa tSean-\u00c9igipt.<\/p>\n<p>Feicfidh t\u00fa:<\/p>\n<ul>\n<li>pirimid scaipthe;<\/li>\n<li>bl\u00e1th l\u00f3is;<\/li>\n<li>banr\u00edon Cleopatra;<\/li>\n<li>c\u00e1rta\u00ed \u00f3 9 go Ace;<\/li>\n<li>s\u00fail Horus;<\/li>\n<li>ciar\u00f3ga scarab.<\/li>\n<\/ul>\n<p>Is \u00e9 an tsiombail fi\u00e1in Banr\u00edona Cleopatra, s\u00ed in ionad siombail\u00ed chomharsanacht, agus m\u00e1 t\u00e1 teaglaim bhuaigh d\u00e9anta, beidh do payouts geall a dh\u00fabailt. N\u00ed chuireann Cleopatra ionad ach na siombail\u00ed scaipthe san aip pokie Queen of The Nile.<\/p>\n<p>Is \u00e9 cusp\u00f3ir ioml\u00e1n do chluiche n\u00ed hamh\u00e1in geallta a bhuachan ach freisin an ghn\u00e9 spins saor in aisce a dh\u00edghlas\u00e1il. Tar \u00e9is an tsaoil, cabhr\u00f3idh siad leat do sheansanna Pota \u00d3ir a bhuachan agus a thabhairt n\u00edos gaire duit.<\/p>\n<p>Cuirfear na spins i ngn\u00edomh a bhu\u00edochas leis na siombail\u00ed scaipthe agus an rogha \u00edoca\u00edochta, is \u00e9 sin, an phirimid. Chomh luath agus 3 n\u00f3 n\u00edos m\u00f3 siombail\u00ed le feice\u00e1il ar na r\u00edleanna le linn an chluiche is m\u00f3, beidh sc\u00e1ile\u00e1n nua a oscailt, \u00e1it a mbeidh Cleopatra \u00ed f\u00e9in a thairiscint ar an imreoir a roghn\u00fa ar cheann de na 4 gn\u00e9ithe spins saor in aisce.<\/p>\n<p>Tabharfaidh an ghn\u00e9 spins saor in aisce tosaigh duit 5 spins le iolraitheoir 10x, agus ansin le gach leibh\u00e9al, m\u00e9ad\u00f3idh na spins faoi 5. Iolraitheoir\u00ed, ar a mhalairt. Sa dara feidhm, gheobhaidh t\u00fa iolraitheoir 5-huaire, sa tr\u00ed\u00fa &#8211; iolraitheoir 3-huaire, agus sa deireadh, ach iolraitheoir 2-huaire.<\/p>\n<p>Is f\u00e9idir leis an imreoir a fh\u00e1il freisin payouts do scaiptheoir\u00ed. Tugann 5 scaiptheoir 100 bonn. M\u00e9ad\u00f3far buaiteanna an tsiombail scaipthe faoi do geall ioml\u00e1n sa sliot\u00e1n.<\/p>\n<p>Chomh maith leis na pr\u00edomh-siombail\u00ed agus gn\u00e9ithe b\u00f3nais at\u00e1 le f\u00e1il sa chluiche, t\u00e1 cluiche riosca breise ann freisin. Is f\u00e9idir leat \u00e9 a imirt tar \u00e9is do bua, agus is cine\u00e1l measartha coitianta de chluiche breise \u00e9 seo. Is \u00e9 an tasc at\u00e1 agat n\u00e1 dath an ch\u00e1rta n\u00f3 a chulaith a thomhas. T\u00e1 gach rud simpl\u00ed, agus m\u00e1 bhuaigh t\u00fa, d\u00e9anfar do chuid buaite a dh\u00fabailt n\u00f3 a mh\u00e9ad\u00fa 4 huaire.<\/p>\n<h2>Sliot\u00e1n Queen of The Nile RTP\/Volatility<\/h2>\n<p>T\u00e1 luaineacht mhe\u00e1nach ag an meais\u00edn sliot\u00e1n seo agus t\u00e1 s\u00e9 n\u00edos oiri\u00fana\u00ed d&#8217;imreoir\u00ed ar mhaith leo imirt m\u00f3r. Mar sin f\u00e9in, is f\u00e9idir le himreoir\u00ed a bhfuil banc beag acu am iontach a bheith acu le s\u00fagradh saor in aisce Queen of The Nile.<\/p>\n<p>M\u00e1 d\u2019\u00e9irigh leat \u00edoca\u00edocht mhaith a bhaint amach, moltar \u00e9 a airgead tirim ionas go mbeidh ar a laghad 50% de do bankroll f\u00e1gtha agat, agus is \u00e9 an 50% eile do dhuais, a bhuaigh t\u00fa go hionraic.<\/p>\n<p>Is f\u00e9idir leat a bheith cinnte go mbeidh seans maith agat \u00edoca\u00edocht a fh\u00e1il mar tabhair faoi deara gurb \u00e9 95.5% c\u00e9atad\u00e1n an fhill ar an gcamad\u00f3ir. Is t\u00e1scaire taitneamhach go leor \u00e9 seo mar, i go leor sliot\u00e1n, go h\u00e1irithe iad si\u00fad a fhaightear i gceasa\u00edneonna ar talamh, t\u00e1 c\u00e9atad\u00e1n an RTP n\u00edos \u00edsle ar\u00eds agus ar\u00eds eile.<\/p>\n<p style=\"text-align: center;\"><img loading=\"lazy\" decoding=\"async\" class=\"aligncenter wp-image-352 size-full\" src=\"https:\/\/rocketplay-game.com\/wp-content\/uploads\/2022\/08\/queen-of-the-nile-slot-1.jpeg\" alt=\"queen of the nile slot\" width=\"827\" height=\"620\" srcset=\"https:\/\/rocketplay-game.com\/wp-content\/uploads\/2022\/08\/queen-of-the-nile-slot-1.jpeg 827w, https:\/\/rocketplay-game.com\/wp-content\/uploads\/2022\/08\/queen-of-the-nile-slot-1-300x225.jpeg 300w, https:\/\/rocketplay-game.com\/wp-content\/uploads\/2022\/08\/queen-of-the-nile-slot-1-768x576.jpeg 768w, https:\/\/rocketplay-game.com\/wp-content\/uploads\/2022\/08\/queen-of-the-nile-slot-1-600x450.jpeg 600w\" sizes=\"auto, (max-width: 827px) 100vw, 827px\" \/><\/p>\n<h2>Seinn Queen of The Nile ar Soghluaiste<\/h2>\n<p>Is \u00e9 an dea-sc\u00e9al d\u2019imreoir\u00ed soghluaiste n\u00e1 go n-imr\u00edtear agus go mbraitheann an sliot\u00e1n go foirfe ar fh\u00f3in agus ar ghl\u00e9asanna eile. Is f\u00e9idir leat an cluiche a oscailt i do bhrabhs\u00e1la\u00ed agus taitneamh a bhaint as an gameplay \u00f3 aon sc\u00e1ile\u00e1n. T\u00e1 na forbr\u00f3ir\u00ed tar \u00e9is a chinnti\u00fa go bhfuil an comh\u00e9adan suite go compordach thar limist\u00e9ar ioml\u00e1n do ghl\u00e9as, agus nach bhfuil aon m\u00edchompord ort agus t\u00fa ag imirt.<\/p>\n<p>Sa leagan, Banr\u00edon na N\u00edle pokies f\u00edor-airgead, beidh gach feidhm, gach siombail\u00ed, agus teaglaim ar f\u00e1il, a, d\u00edreach cos\u00fail ar an r\u00edomhaire, beidh t\u00fa mar thoradh ar an bua at\u00e1 ag teast\u00e1il agus Pota \u00d3ir.<\/p>\n<h2>Ceisteanna Coitianta Queen of The Nile<\/h2>\n<h3>An bhfuil an sliot\u00e1n for\u00e1sach?<\/h3>\n<p>T\u00e1 a Pota \u00d3ir in-chluiche f\u00e9in ag sliot\u00e1n Queen of The Nile ach n\u00edl s\u00e9 for\u00e1sach. In ainneoin seo, ag d\u00e9anamh geallta beag n\u00f3 m\u00f3r, beidh t\u00fa f\u00f3s in ann a fh\u00e1il payouts deas.<\/p>\n<h3>An f\u00e9idir liom sliot\u00e1n Queen of The Nile a imirt saor in aisce?<\/h3>\n<p>Is f\u00e9idir leat an modh taispe\u00e1na ionsuite a \u00fas\u00e1id le haghaidh cluiche saor in aisce, a thabharfaidh isteach an gameplay duit agus a thumfaidh t\u00fa in atmaisf\u00e9ar na Sean-\u00c9igipte. Tar \u00e9is duit an sliot\u00e1n a thriail saor in aisce, ba cheart duit tos\u00fa ar gheallt\u00f3ireacht ar airgead f\u00edor agus \u00edoca\u00edochta\u00ed suntasacha a fh\u00e1il.<\/p>\n<h3>C\u00e9 mh\u00e9ad bonn a thugann an tsiombail Wild?<\/h3>\n<p>M\u00e1 dh\u00e9anann t\u00fa an geall uasta agus a bhail\u00edonn measc\u00e1n de 5 siombail\u00ed fi\u00e1in de Cleopatra, ansin is f\u00e9idir leat brath ar bua de 3,000 boinn sa sliot\u00e1n Banr\u00edon na N\u00edle.<\/p>\n<p><strong>L\u00e9irmheasanna ar sliot\u00e1n:<\/strong><\/p>\n<ul>\n<li><a href=\"https:\/\/rocketplay-game.com\/ga\/slots\/king-of-the-nile\/\">King Of The Nile<\/a><\/li>\n<li><a href=\"https:\/\/rocketplay-game.com\/ga\/slots\/5-dragons\/\">5 Dragons<\/a><\/li>\n<li><a href=\"https:\/\/rocketplay-game.com\/ga\/slots\/queen-and-dragons\/\">Queen and Dragons<\/a><\/li>\n<\/ul>\n","protected":false},"excerpt":{"rendered":"<p>Chruthaigh cuideachta Aristocrat uair amh\u00e1in pokies saor in aisce Queen of The Nile, ar meais\u00edn sliot\u00e1n f\u00edse\u00e1in \u00e9 a bhfuil 24 l\u00edne p\u00e1 agus oiread agus 5 r\u00edl ann. T\u00e1 an meais\u00edn bunaithe ar pharaoh c\u00e1ili\u00fail na Sean-\u00c9igipt &#8211; Banr\u00edon Cleopatra. Blianta fada \u00f3 shin, bh\u00ed Cleopatra ar an pharaoh deireanach den tSean-\u00c9igipt. Ina ainneoin&#8230;<\/p>\n","protected":false},"author":1,"featured_media":0,"parent":1958,"menu_order":0,"comment_status":"closed","ping_status":"closed","template":"page-with-slot.php","meta":{"_acf_changed":false,"_kad_post_transparent":"default","_kad_post_title":"default","_kad_post_layout":"default","_kad_post_sidebar_id":"","_kad_post_content_style":"default","_kad_post_vertical_padding":"default","_kad_post_feature":"","_kad_post_feature_position":"","_kad_post_header":false,"_kad_post_footer":false,"footnotes":""},"class_list":["post-2199","page","type-page","status-publish","hentry"],"acf":[],"rttpg_featured_image_url":null,"rttpg_author":{"display_name":"Tom","author_link":"https:\/\/rocketplay-game.com\/ga\/author\/pemvas95n89x\/"},"rttpg_comment":0,"rttpg_category":null,"rttpg_excerpt":"Chruthaigh cuideachta Aristocrat uair amh\u00e1in pokies saor in aisce Queen of The Nile, ar meais\u00edn sliot\u00e1n f\u00edse\u00e1in \u00e9 a bhfuil 24 l\u00edne p\u00e1 agus oiread agus 5 r\u00edl ann. T\u00e1 an meais\u00edn bunaithe ar pharaoh c\u00e1ili\u00fail na Sean-\u00c9igipt &#8211; Banr\u00edon Cleopatra. Blianta fada \u00f3 shin, bh\u00ed Cleopatra ar an pharaoh deireanach den tSean-\u00c9igipt. Ina ainneoin...","_links":{"self":[{"href":"https:\/\/rocketplay-game.com\/ga\/wp-json\/wp\/v2\/pages\/2199","targetHints":{"allow":["GET"]}}],"collection":[{"href":"https:\/\/rocketplay-game.com\/ga\/wp-json\/wp\/v2\/pages"}],"about":[{"href":"https:\/\/rocketplay-game.com\/ga\/wp-json\/wp\/v2\/types\/page"}],"author":[{"embeddable":true,"href":"https:\/\/rocketplay-game.com\/ga\/wp-json\/wp\/v2\/users\/1"}],"replies":[{"embeddable":true,"href":"https:\/\/rocketplay-game.com\/ga\/wp-json\/wp\/v2\/comments?post=2199"}],"version-history":[{"count":2,"href":"https:\/\/rocketplay-game.com\/ga\/wp-json\/wp\/v2\/pages\/2199\/revisions"}],"predecessor-version":[{"id":2201,"href":"https:\/\/rocketplay-game.com\/ga\/wp-json\/wp\/v2\/pages\/2199\/revisions\/2201"}],"up":[{"embeddable":true,"href":"https:\/\/rocketplay-game.com\/ga\/wp-json\/wp\/v2\/pages\/1958"}],"wp:attachment":[{"href":"https:\/\/rocketplay-game.com\/ga\/wp-json\/wp\/v2\/media?parent=2199"}],"curies":[{"name":"wp","href":"https:\/\/api.w.org\/{rel}","templated":true}]}}