{"id":2207,"date":"2022-08-18T18:26:02","date_gmt":"2022-08-18T15:26:02","guid":{"rendered":"https:\/\/rocketplay-game.com\/slots\/wheres-the-gold\/"},"modified":"2022-10-29T14:07:12","modified_gmt":"2022-10-29T11:07:12","slug":"wheres-the-gold","status":"publish","type":"page","link":"https:\/\/rocketplay-game.com\/ga\/slots\/wheres-the-gold\/","title":{"rendered":"L\u00e9irmheas Where&#8217;s the Gold Sliot\u00e1n"},"content":{"rendered":"<p>Is \u00e9 Aristocrat Technology forbr\u00f3ir na sliot\u00e1n, cuideachta a bhfuil c\u00e1il air sa mhargadh siamsa\u00edochta cearrbhachais. I gc\u00e1s ina meastar an sliot\u00e1n \u00d3ir ar l\u00edne ar cheann de na bun\u00fa is fearr de chuid na cuideachta. T\u00e1 s\u00e9 oiri\u00fanach do gach \u00fas\u00e1ideoir &#8211; idir thosaitheoir\u00ed agus cearrbhachas le taith\u00ed:<\/p>\n<ul>\n<li>Grafaic\u00ed dochreidte;<\/li>\n<li>\u00e9ifeachta\u00ed speisialta;<\/li>\n<li>fuaimrianta a th\u00e9ann leis an bpr\u00f3iseas;<\/li>\n<li>payouts ard;<\/li>\n<li>me\u00e1n luaineacht;<\/li>\n<li>c\u00e9atad\u00e1n deas rpt;<\/li>\n<li>infhaighteacht m\u00f3d taispe\u00e1na!<\/li>\n<\/ul>\n<p>Is f\u00e9idir leis seo go l\u00e9ir mianta fi\u00fa na &#8220;gourmets&#8221; cearrbhachais is d\u00e9ine a sh\u00e1samh. Ar mhaithe le caoithi\u00falacht n\u00edos fearr, cuirimid i l\u00e1thair d&#8217;aird t\u00e1bla ina bhfuil faisn\u00e9is bhun\u00fasach faoin pokie C\u00e1 bhfuil an \u00d3ir.<\/p>\n<table border=\"0\" cellspacing=\"0\" cellpadding=\"0\">\n<colgroup>\n<col \/>\n<col \/> <\/colgroup>\n<tbody>\n<tr>\n<td>Tr\u00e9ithe<\/td>\n<td>Sonra\u00ed<\/td>\n<\/tr>\n<tr>\n<td>Cainn\u00edocht na rotha\u00ed<\/td>\n<td>5<\/td>\n<\/tr>\n<tr>\n<td>Cainn\u00edocht na sraitheanna<\/td>\n<td>3<\/td>\n<\/tr>\n<tr>\n<td>L\u00ednte \u00edoca\u00edochta<\/td>\n<td>25<\/td>\n<\/tr>\n<tr>\n<td>Imirt uathoibr\u00edoch<\/td>\n<td>t\u00e1<\/td>\n<\/tr>\n<tr>\n<td>Facht\u00f3ir<\/td>\n<td>t\u00e1<\/td>\n<\/tr>\n<tr>\n<td>Pota \u00d3ir<\/td>\n<td>t\u00e1<\/td>\n<\/tr>\n<tr>\n<td>Babhta b\u00f3nais<\/td>\n<td>n\u00edl<\/td>\n<\/tr>\n<tr>\n<td>Feathail speisialta<\/td>\n<td>fi\u00e1in, scaipthe<\/td>\n<\/tr>\n<tr>\n<td>Forbr\u00f3ir<\/td>\n<td>Aristocrat<\/td>\n<\/tr>\n<tr>\n<td>RTP<\/td>\n<td>95%<\/td>\n<\/tr>\n<\/tbody>\n<\/table>\n<p>&nbsp;<\/p>\n<h2>C\u00e9 A Chuideoidh Leat An \u00d3ir sin a Aimsi\u00fa?<\/h2>\n<p>Is \u00e9 an pr\u00edomh-charachtar tochalt\u00f3ir \u00f3ir ag lorg rush \u00f3ir. D\u00e1 bhr\u00ed sin, agus t\u00fa ag tos\u00fa ar an sliot\u00e1n, b\u00ed r\u00e9idh le dul ar eachtra\u00ed leis, agus n\u00e1 d\u00e9an dearmad an pickax wagon a thabhairt leat. T\u00e1 na grafaic\u00ed agus na h\u00e9ifeachta\u00ed speisialta chomh hard sin go mbraitheann t\u00fa i nd\u00e1ir\u00edre mar iarrth\u00f3ir ar seoda anaithnid. Sula dtosa\u00edonn s\u00e9 ar an gcluiche, roghna\u00edonn an gambler a charachtar, a bheidh ag cuardach \u00f3ir ar a shon. I measc na 5 rogha, gheobhaidh t\u00fa cinnte ceann a thaitneoidh leat.<\/p>\n<p>D&#8217;fhonn a imirt Wheres an \u00d3ir n\u00ed hamh\u00e1in le haghaidh spraoi ach freisin le haghaidh brab\u00fais, eolas a chur ar na rialacha agus na prionsabail a bhaineann leis an chluiche. Gc\u00e9ad dul s\u00edos, n\u00ed m\u00f3r duit cinneadh a dh\u00e9anamh ar an m\u00e9id de na geall agus l\u00edon na l\u00ednte, agus ach amh\u00e1in tar \u00e9is sin t\u00fas a chur le rothl\u00fa na r\u00edleanna. Chomh maith le do thasc a dh\u00e9anamh n\u00edos \u00e9asca, is f\u00e9idir leat s\u00fagradh uathoibr\u00edoch a \u00fas\u00e1id tr\u00ed na socruithe riachtanacha go l\u00e9ir a shocr\u00fa roimh r\u00e9.<\/p>\n<p>M\u00e1 bhraitheann t\u00fa nach bhfuil t\u00fa r\u00e9idh f\u00f3s le himirt ar airgead f\u00edor, ach t\u00e1 an fonn chun iarracht a dh\u00e9anamh do l\u00e1mh dhochoiscthe ag baint leis, beidh Wheres an leagan saor in aisce \u00d3ir cabhr\u00fa leat. Anseo, gan aon bhaol go gcaillfidh t\u00fa do choigilteas f\u00e9in, tumfaidh t\u00fa t\u00fa f\u00e9in sa chluiche; beidh t\u00fa in ann eolas a chur ar nuances an chluiche agus fi\u00fa do chuid tactics t\u00f3ra\u00edochta taisce f\u00e9in a th\u00f3g\u00e1il. Agus bainfidh t\u00fa \u00fas\u00e1id as an eolas go l\u00e9ir a fuarthas go rath\u00fail sa chluiche ar airgead mar go bhfuil na rialacha sa d\u00e1 leagan go hioml\u00e1n comhionann.<\/p>\n<p style=\"text-align: center;\"><img loading=\"lazy\" decoding=\"async\" class=\"aligncenter wp-image-378 size-full\" src=\"https:\/\/rocketplay-game.com\/wp-content\/uploads\/2022\/08\/wheres-the-gold-logo.png\" alt=\"wheres the gold logo\" width=\"826\" height=\"621\" srcset=\"https:\/\/rocketplay-game.com\/wp-content\/uploads\/2022\/08\/wheres-the-gold-logo.png 826w, https:\/\/rocketplay-game.com\/wp-content\/uploads\/2022\/08\/wheres-the-gold-logo-300x226.png 300w, https:\/\/rocketplay-game.com\/wp-content\/uploads\/2022\/08\/wheres-the-gold-logo-768x577.png 768w, https:\/\/rocketplay-game.com\/wp-content\/uploads\/2022\/08\/wheres-the-gold-logo-600x450.png 600w\" sizes=\"auto, (max-width: 826px) 100vw, 826px\" \/><\/p>\n<h2>Faigh F\u00e9itheacha \u00d3ir Nua<\/h2>\n<p>Bu\u00edochas le teicneola\u00edochta\u00ed nu\u00e1lacha, anois is f\u00e9idir leat do shiamsa\u00edocht is fearr leat a imirt gan a bheith ceangailte le su\u00edomh ar leith. A bhu\u00ed leis an aip Wheres the Gold, is f\u00e9idir leat na druma\u00ed a chasadh i dtranglam tr\u00e1chta agus i spota\u00ed dubha sa siopa agus ag am ar bith den l\u00e1 n\u00f3 den o\u00edche nuair a bh\u00edonn n\u00f3im\u00e9ad sp\u00e1rtha agat.<\/p>\n<p>Ar an drochuair, n\u00edl an babhta b\u00f3nas sa chluiche ar f\u00e1il ag na forbr\u00f3ir\u00ed. Ach ina ionad sin, t\u00e1 go leor dreasachta\u00ed, b\u00f3nais agus bronntanais deasa eile cl\u00e1raithe acu. T\u00e1 Pota \u00d3ir for\u00e1sacha ag an gcluiche agus pota \u00f3ir seasta amh\u00e1in de $4,000. T\u00e1 feidhm Gamble ann freisin, n\u00f3 mar is fearr aithne air i measc gamblers, cluiche cont\u00fairteach. Ligeann s\u00e9 duit an m\u00e9id buaite a mh\u00e9ad\u00fa faoi 2 agus 4 huaire. Chun seo a dh\u00e9anamh, is leor ach dath an ch\u00e1rta aghaidh suas n\u00f3 a chulaith a mheas.<\/p>\n<h2>Bailigh Do Nugget \u00d3rga Inniu<\/h2>\n<p>\u00c1bhar iontais taitneamhach eile n\u00e1 go bhfuil an \u00edosl\u00f3d\u00e1il Where the Gold pokie thar a bheith tapa agus gan g\u00e1 le cl\u00e1ir bhreise a shuite\u00e1il. T\u00e1 an cluiche ar f\u00e1il do gach feiste, lena n-\u00e1ir\u00edtear t\u00e1ibl\u00e9ad agus smartphones, ag rith ar ch\u00f3rais oibri\u00fach\u00e1in \u00e9ags\u00fala (Android, iOS, Windows). Mar sin, anois t\u00e1 na deiseanna go l\u00e9ir agat do chnap \u00f3rga a bhaili\u00fa inniu.<\/p>\n<p>Beidh \u00e1thas ar \u00fas\u00e1ideoir\u00ed freisin leis na b\u00f3nais tairbheacha a chuirtear i l\u00e1thair sa sliot\u00e1n. T\u00e1 feathal scaipthe ag an gcluiche i bhfoirm pl\u00e9asc\u00e1n. M\u00e1 bhail\u00edonn t\u00fa measc\u00e1n de ar a laghad tr\u00ed phl\u00e9asc\u00e1n, is f\u00e9idir leat a fh\u00e1il deich spins saor in aisce.<\/p>\n<p>T\u00e1 siombail\u00ed fi\u00e1in an-inmhianaithe agus \u00fas\u00e1ideach freisin. Cuirtear siad in ionad aon \u00edomh\u00e1 eile (ach amh\u00e1in an scaipthe), a bhu\u00edochas sin go dtiocfaidh m\u00e9ad\u00fa suntasach ar na seansanna chun teaglaim buaite a th\u00f3g\u00e1il. Crutha\u00edodh an cluiche ionas go raibh gach \u00fas\u00e1ideoir s\u00e1sta n\u00ed hamh\u00e1in go moth\u00fach\u00e1nach ach freisin go raibh s\u00e9 in ann \u00e9 f\u00e9in a amuse le forl\u00edonadh airgeada\u00edochta taitneamhach.<\/p>\n<h2>C\u00e1 bhfuil na Ceisteanna Coitianta Sliot\u00e1n \u00d3ir<\/h2>\n<h3>Conas an sliot\u00e1n a imirt?<\/h3>\n<p>N\u00ed dh\u00e9anann an cluiche a cheangal ar aon scileanna breise agus cumais. Ar an sc\u00e1ile\u00e1n, feiceann an t-imreoir 5 r\u00edl le 25 l\u00edne. \u00das\u00e1idtear na l\u00ednte seo chun geallta a r\u00edomh. Tar \u00e9is duit m\u00e9id an taisce a roghn\u00fa, n\u00ed m\u00f3r duit an cnaipe a bhr\u00fa agus an cluiche a thos\u00fa. M\u00e1 t\u00e1 an t-\u00e1dh leat, is f\u00e9idir leat iolraitheoir bua d\u00fabailte a thuilleamh tar \u00e9is an Pota \u00d3ir. T\u00e1 an fh\u00e9idearthacht ann freisin cluich\u00ed uathoibr\u00edocha agus riosca.<\/p>\n<h3>An bhfuil s\u00e9 saor in aisce a imirt?<\/h3>\n<p>Is f\u00e9idir an sliot\u00e1n a imirt ar airgead agus saor in aisce. Is f\u00e9idir imirt saor in aisce agus an leagan taispe\u00e1na \u00e1 \u00fas\u00e1id.<\/p>\n<h3>Conas airgead a bhuachan sa sliot\u00e1n?<\/h3>\n<p>Caithfidh gach imreoir a thuiscint nach f\u00e9idir tortha\u00ed na sliot\u00e1n a r\u00edomh. Is cluiche seans \u00e9 seo, a mbraitheann an toradh go hioml\u00e1n ar an \u00e1dh. Mar sin f\u00e9in, cuir an oiread geallta agus is f\u00e9idir. Is fearr ligean d\u00f3ibh a bheith ina n-ainmn\u00edocht n\u00edos l\u00fa, ach is m\u00f3 a l\u00edon. Agus freisin, a bheith gn\u00edomhach agus lean\u00fanach. An t\u00e9 nach nd\u00e9anann iarracht, n\u00ed bhuaigh s\u00e9.<\/p>\n<p><strong>L\u00e9irmheasanna ar sliot\u00e1n:<\/strong><\/p>\n<ul>\n<li><a href=\"https:\/\/rocketplay-game.com\/ga\/slots\/more-chilli\/\">More Chilli<\/a><\/li>\n<li><a href=\"https:\/\/rocketplay-game.com\/ga\/slots\/indian-dreaming\/\">Indian Dreaming<\/a><\/li>\n<\/ul>\n","protected":false},"excerpt":{"rendered":"<p>Is \u00e9 Aristocrat Technology forbr\u00f3ir na sliot\u00e1n, cuideachta a bhfuil c\u00e1il air sa mhargadh siamsa\u00edochta cearrbhachais. I gc\u00e1s ina meastar an sliot\u00e1n \u00d3ir ar l\u00edne ar cheann de na bun\u00fa is fearr de chuid na cuideachta. T\u00e1 s\u00e9 oiri\u00fanach do gach \u00fas\u00e1ideoir &#8211; idir thosaitheoir\u00ed agus cearrbhachas le taith\u00ed: Grafaic\u00ed dochreidte; \u00e9ifeachta\u00ed speisialta; fuaimrianta a&#8230;<\/p>\n","protected":false},"author":1,"featured_media":0,"parent":1958,"menu_order":0,"comment_status":"closed","ping_status":"closed","template":"page-with-slot.php","meta":{"_acf_changed":false,"_kad_post_transparent":"default","_kad_post_title":"default","_kad_post_layout":"default","_kad_post_sidebar_id":"","_kad_post_content_style":"default","_kad_post_vertical_padding":"default","_kad_post_feature":"","_kad_post_feature_position":"","_kad_post_header":false,"_kad_post_footer":false,"footnotes":""},"class_list":["post-2207","page","type-page","status-publish","hentry"],"acf":[],"rttpg_featured_image_url":null,"rttpg_author":{"display_name":"Tom","author_link":"https:\/\/rocketplay-game.com\/ga\/author\/pemvas95n89x\/"},"rttpg_comment":0,"rttpg_category":null,"rttpg_excerpt":"Is \u00e9 Aristocrat Technology forbr\u00f3ir na sliot\u00e1n, cuideachta a bhfuil c\u00e1il air sa mhargadh siamsa\u00edochta cearrbhachais. I gc\u00e1s ina meastar an sliot\u00e1n \u00d3ir ar l\u00edne ar cheann de na bun\u00fa is fearr de chuid na cuideachta. T\u00e1 s\u00e9 oiri\u00fanach do gach \u00fas\u00e1ideoir &#8211; idir thosaitheoir\u00ed agus cearrbhachas le taith\u00ed: Grafaic\u00ed dochreidte; \u00e9ifeachta\u00ed speisialta; fuaimrianta a...","_links":{"self":[{"href":"https:\/\/rocketplay-game.com\/ga\/wp-json\/wp\/v2\/pages\/2207","targetHints":{"allow":["GET"]}}],"collection":[{"href":"https:\/\/rocketplay-game.com\/ga\/wp-json\/wp\/v2\/pages"}],"about":[{"href":"https:\/\/rocketplay-game.com\/ga\/wp-json\/wp\/v2\/types\/page"}],"author":[{"embeddable":true,"href":"https:\/\/rocketplay-game.com\/ga\/wp-json\/wp\/v2\/users\/1"}],"replies":[{"embeddable":true,"href":"https:\/\/rocketplay-game.com\/ga\/wp-json\/wp\/v2\/comments?post=2207"}],"version-history":[{"count":2,"href":"https:\/\/rocketplay-game.com\/ga\/wp-json\/wp\/v2\/pages\/2207\/revisions"}],"predecessor-version":[{"id":2209,"href":"https:\/\/rocketplay-game.com\/ga\/wp-json\/wp\/v2\/pages\/2207\/revisions\/2209"}],"up":[{"embeddable":true,"href":"https:\/\/rocketplay-game.com\/ga\/wp-json\/wp\/v2\/pages\/1958"}],"wp:attachment":[{"href":"https:\/\/rocketplay-game.com\/ga\/wp-json\/wp\/v2\/media?parent=2207"}],"curies":[{"name":"wp","href":"https:\/\/api.w.org\/{rel}","templated":true}]}}