{"id":2215,"date":"2022-08-18T18:14:08","date_gmt":"2022-08-18T15:14:08","guid":{"rendered":"https:\/\/rocketplay-game.com\/slots\/wolf-treasure\/"},"modified":"2022-10-29T14:37:04","modified_gmt":"2022-10-29T11:37:04","slug":"wolf-treasure","status":"publish","type":"page","link":"https:\/\/rocketplay-game.com\/ga\/slots\/wolf-treasure\/","title":{"rendered":"Athbhreithni\u00fa Wolf Treasure Sliot\u00e1n"},"content":{"rendered":"<p>Is sliot\u00e1in iad Wolf Treasure pokies a iompra\u00edonn imreoir\u00ed chuig an Iarthar Fi\u00e1in agus a ligeann d\u00f3ibh saol ainmhithe \u00e9ags\u00fala a bhreathn\u00fa. Ar an sc\u00e1ile\u00e1n cluiche, t\u00e1 an deis chun bualadh le hionadaithe \u00e9ags\u00fala de shaol na n-ainmhithe, a, a bheith i gi\u00famar maith agus sa chuideachta cheart, is f\u00e9idir a thabhairt fi\u00fa Pota \u00d3ir mega. Is \u00e9ard at\u00e1 sa sliot\u00e1n f\u00edse spreag\u00fail seo n\u00e1 forbr\u00f3ir nua \u00e1bhar cluiche a chruth\u00fa, cuideachta \u00f3g ar a dtugtar IGTech. T\u00e1 3 shraith, 5 r\u00edl, agus 25 l\u00edne p\u00e1 ar an gcl\u00e1r cluiche.<\/p>\n<p>Tugann tr\u00e9ithe s\u00e1rmhaithe den s\u00f3rt sin cumas \u00edoca\u00edochta soladach do gamblers, chomh maith le moth\u00fach\u00e1in spreag\u00fala agus eachtra\u00ed neamhghn\u00e1cha le wolves. Immerse f\u00e9in i saol an Iarthar Fi\u00e1in agus t\u00e9igh ar eachtra, agus le grafaic\u00ed ardch\u00e1il\u00edochta, \u00e9ifeachta\u00ed speisialta, agus fuaimrianta cu\u00ed, beidh s\u00e9 an-\u00e9asca \u00e9 seo a dh\u00e9anamh.<\/p>\n<p style=\"text-align: center;\"><img loading=\"lazy\" decoding=\"async\" class=\"wp-image-375 size-large aligncenter\" src=\"https:\/\/rocketplay-game.com\/wp-content\/uploads\/2022\/08\/wolf-treasure-logo-1-1024x576.jpeg\" alt=\"Wolf Treasure logo\" width=\"1024\" height=\"576\" srcset=\"https:\/\/rocketplay-game.com\/wp-content\/uploads\/2022\/08\/wolf-treasure-logo-1-1024x576.jpeg 1024w, https:\/\/rocketplay-game.com\/wp-content\/uploads\/2022\/08\/wolf-treasure-logo-1-300x169.jpeg 300w, https:\/\/rocketplay-game.com\/wp-content\/uploads\/2022\/08\/wolf-treasure-logo-1-768x432.jpeg 768w, https:\/\/rocketplay-game.com\/wp-content\/uploads\/2022\/08\/wolf-treasure-logo-1.jpeg 1200w\" sizes=\"auto, (max-width: 1024px) 100vw, 1024px\" \/><\/p>\n<h2>Conas a imirt ar l\u00edne san AU?<\/h2>\n<p>Iompra\u00edonn Wolf Treasure Astr\u00e1il an t-imreoir l\u00e1ithreach chuig an d\u00falra fi\u00e1in. Cuireann \u00e9ifeachta\u00ed speisialta agus fuaimeanna cu\u00ed leis seo go foirfe. T\u00e1 na druma\u00ed ar an gcl\u00e1r cluiche suite os comhair an chanyon, agus mar sin beidh cla\u00edfoirt chloiche agus t\u00edrdhreacha t\u00e9amacha le feice\u00e1il roimh sh\u00faile na gcearrbhach. Beidh s\u00e9 seo go l\u00e9ir ar si\u00fal i gcoinne an ch\u00falra na twilight, a thosa\u00edonn de r\u00e9ir a ch\u00e9ile a chl\u00fadach gach rud timpeall. Agus t\u00e1 an ghealach, a th\u00e1inig le feice\u00e1il sa sp\u00e9ir le d\u00e9ana\u00ed, tar \u00e9is ord\u00fa a thabhairt do na mac t\u00edre cheana f\u00e9in faoi th\u00fas a s\u00e9as\u00far.<\/p>\n<p>Agus sliot\u00e1n Wolf Treasure \u00e1 sheoladh aige, feiceann an t-imreoir sc\u00e1ile\u00e1n le 5 r\u00edl agus 25 l\u00ednte p\u00e1 os a chomhair. N\u00ed m\u00f3r an sliot\u00e1n a sheoladh sa chaoi is go dtiteann teaglaim bhuaiteach amach, a \u00edoctar de r\u00e9ir t\u00e1bla luacha gach siombaile. Cuireann t\u00e9ama na sliot\u00e1n teaglaim d\u2019\u00edomh\u00e1nna ainmhithe agus siombail\u00ed c\u00e1rta\u00ed ar an imreoir.<\/p>\n<p>L\u00e9irigh forbr\u00f3ir Wolf Treasure casino seifti\u00falacht iontach freisin maidir le siombail\u00ed airgid a chruth\u00fa. Ina measc t\u00e1 ard-\u00edoc agus comhartha\u00ed n\u00edos saoire. I measc na n-\u00edomh\u00e1nna ard\u00edoca\u00edochta t\u00e1:<\/p>\n<ul>\n<li>Leoin sl\u00e9ibhe;<\/li>\n<li>b\u00edos\u00fain;<\/li>\n<li>Iolar;<\/li>\n<li>Mustangs!<\/li>\n<\/ul>\n<p>T\u00e1 \u00edomh\u00e1nna de ch\u00e1rta\u00ed \u00e9ags\u00fala ag na siombail\u00ed is saoire &#8211; jack, banr\u00edon, r\u00ed, agus Ace. Ina theannta sin, t\u00e1 siombail\u00ed fi\u00e1in agus scaipthe ann.<\/p>\n<h2>Wolf Treasure Sliot\u00e1n RTP, Sonra\u00ed, agus Teorainneacha Wager<\/h2>\n<p>Ar mhaithe le h\u00e1isi\u00falacht n\u00edos fearr, cuirimid i l\u00e1thair d&#8217;aird t\u00e1bla ina bhfuil faisn\u00e9is bhun\u00fasach faoin sliot\u00e1n f\u00edse\u00e1in.<\/p>\n<table border=\"0\" cellspacing=\"0\" cellpadding=\"0\">\n<colgroup>\n<col \/>\n<col \/> <\/colgroup>\n<tbody>\n<tr>\n<td>Tr\u00e9ithe<\/td>\n<td>Sonra\u00ed<\/td>\n<\/tr>\n<tr>\n<td>Cainn\u00edocht na rotha\u00ed<\/td>\n<td>5<\/td>\n<\/tr>\n<tr>\n<td>Cainn\u00edocht na sraitheanna<\/td>\n<td>3<\/td>\n<\/tr>\n<tr>\n<td>L\u00ednte \u00edoca\u00edochta<\/td>\n<td>25<\/td>\n<\/tr>\n<tr>\n<td>Geall \u00edosta<\/td>\n<td>0,25 dollars<\/td>\n<\/tr>\n<tr>\n<td>Uasmh\u00e9id geall<\/td>\n<td>25 dollars<\/td>\n<\/tr>\n<tr>\n<td>Jackpot<\/td>\n<td>mion mega is fearr<\/td>\n<\/tr>\n<tr>\n<td>Leagan soghluaiste<\/td>\n<td>+<\/td>\n<\/tr>\n<tr>\n<td>Feathail speisialta<\/td>\n<td>fi\u00e1in, scaipthe<\/td>\n<\/tr>\n<tr>\n<td>Forbr\u00f3ir<\/td>\n<td>IGTech<\/td>\n<\/tr>\n<tr>\n<td>RTP<\/td>\n<td>n\u00f3cha s\u00e9%<\/td>\n<\/tr>\n<\/tbody>\n<\/table>\n<p>&nbsp;<\/p>\n<h2>Gn\u00e9ithe B\u00f3nas agus Cluich\u00ed i Mac Wolf Treasure Sliot\u00e1n<\/h2>\n<p>Cabhr\u00f3idh siombail\u00ed speisialta leat n\u00ed hamh\u00e1in an cluiche a dh\u00e9anamh suimi\u00fail agus spreag\u00fail ach freisin deiseanna breise a fh\u00e1il le haghaidh a bhuaigh. Ar an mbealach seo, beidh tr\u00ed scaiptheoir\u00ed ag titim ag an am c\u00e9anna ina fhacht\u00f3ir de do geall tosaigh a iolr\u00fa faoi 1 agus c\u00faig bhabhta b\u00f3nais.<\/p>\n<p>Bronnfar spins saor in aisce Wolf Treasure ar imreoir\u00ed gach uair a fheictear tr\u00ed shiombail scaipthe ar an bp\u00e1irc imeartha ag an am c\u00e9anna. Is gn\u00e9 thar a bheith tairbheach \u00e9 seo a chabhr\u00f3idh leat duais airgid a bhuachan n\u00edos minice.<\/p>\n<p>Ina theannta sin, Wolf Treasure gan aon bh\u00f3nas taisce Tabharfaidh an Astr\u00e1il deiseanna breise d&#8217;\u00fas\u00e1ideoir\u00ed a bhuachan. Bronntar iad i bhfoirm spins saor in aisce agus is f\u00e9idir iad a \u00fas\u00e1id le linn an chluiche. De ghn\u00e1th, tugtar dreasachta\u00ed den s\u00f3rt sin d\u2019imreoir\u00ed nua. Mar sin f\u00e9in, cuireann siad freisin coinn\u00edollacha fabhracha agus bronntanais do gamblers taith\u00ed acu. Agus beidh an duais is t\u00e1bhachta\u00ed an deis a bhuaigh an Pota \u00d3ir mega.<\/p>\n<p>Mura bhfuil t\u00fa r\u00e9idh airgead a ghealladh ar an bpointe boise, is f\u00e9idir leat triail a bhaint as an modh taispe\u00e1na. Is \u00e9 seo an leagan go hioml\u00e1n comhionann den chluiche, ina bhfuil geallta a chur ar bhoinn f\u00edor\u00fail. Is deis iontach \u00e9 freisin aithne a chur ar an sliot\u00e1n, tuiscint a fh\u00e1il ar conas a oibr\u00edonn s\u00e9, rialacha agus praghas na siombail\u00ed a fhoghlaim, chomh maith le do chuid tactics agus strait\u00e9is f\u00e9in a fhorbairt.<\/p>\n<h2>CCanna<\/h2>\n<h3>Conas sliot\u00e1n Wolf Treasure a imirt?<\/h3>\n<p>Agus sliot\u00e1n Wolf Treasure \u00e1 sheoladh aige, feiceann an t-imreoir sc\u00e1ile\u00e1n le 5 r\u00edl agus 25 l\u00ednte p\u00e1 os a chomhair. N\u00ed m\u00f3r an sliot\u00e1n a sheoladh sa chaoi is go dtagann measc\u00e1n buaite amach, a \u00edoctar de r\u00e9ir t\u00e1bla luacha gach deilbh\u00edn.<\/p>\n<h3>An f\u00e9idir sliot\u00e1n Wolf Treasure a imirt saor in aisce?<\/h3>\n<p>Chuir forbr\u00f3ir\u00ed na sliot\u00e1n rogha cluiche saor in aisce ar f\u00e1il sa leagan taispe\u00e1na. N\u00edl an leagan anal\u00f3gach difri\u00fail \u00f3n mbunleagan. T\u00e1 grafaic\u00ed, rialacha, agus siombail\u00ed mar an gc\u00e9anna. Is \u00e9 an difr\u00edocht amh\u00e1in sa bua. Sa leagan taispe\u00e1na, is f\u00e9idir leat a bhuachan, ach t\u00e1 s\u00e9 dodh\u00e9anta airgead a thuilleamh.<\/p>\n<h3>Conas airgead a bhuachan sa sliot\u00e1n Wolf Treasure?<\/h3>\n<p>Maidir le haon sliot\u00e1n eile, don cheann seo, is \u00e9 n\u00f3im\u00e9ad \u00e1dh an imreora an pr\u00edomhfhacht\u00f3ir a bhuaigh. T\u00e1 s\u00e9 dodh\u00e9anta a r\u00e1th\u00fa go n-\u00e9ireoidh leis an casadh, ach is f\u00e9idir leat an seans a bhuaigh a uasmh\u00e9ad\u00fa. Is \u00e9 an r\u00fan n\u00e1 do chuid airgeadais a scaipeadh ar an oiread geall agus is f\u00e9idir.<\/p>\n<p><strong>L\u00e9irmheasanna ar sliot\u00e1n:<\/strong><\/p>\n<ul>\n<li><a href=\"https:\/\/rocketplay-game.com\/ga\/slots\/money-train-2\/\">Money Train 2<\/a><\/li>\n<li><a href=\"https:\/\/rocketplay-game.com\/ga\/slots\/queen-of-the-nile\/\">Queen Of The Nile<\/a><\/li>\n<\/ul>\n","protected":false},"excerpt":{"rendered":"<p>Is sliot\u00e1in iad Wolf Treasure pokies a iompra\u00edonn imreoir\u00ed chuig an Iarthar Fi\u00e1in agus a ligeann d\u00f3ibh saol ainmhithe \u00e9ags\u00fala a bhreathn\u00fa. Ar an sc\u00e1ile\u00e1n cluiche, t\u00e1 an deis chun bualadh le hionadaithe \u00e9ags\u00fala de shaol na n-ainmhithe, a, a bheith i gi\u00famar maith agus sa chuideachta cheart, is f\u00e9idir a thabhairt fi\u00fa Pota \u00d3ir&#8230;<\/p>\n","protected":false},"author":1,"featured_media":0,"parent":1958,"menu_order":0,"comment_status":"closed","ping_status":"closed","template":"page-with-slot.php","meta":{"_acf_changed":false,"_kad_post_transparent":"default","_kad_post_title":"default","_kad_post_layout":"default","_kad_post_sidebar_id":"","_kad_post_content_style":"default","_kad_post_vertical_padding":"default","_kad_post_feature":"","_kad_post_feature_position":"","_kad_post_header":false,"_kad_post_footer":false,"footnotes":""},"class_list":["post-2215","page","type-page","status-publish","hentry"],"acf":[],"rttpg_featured_image_url":null,"rttpg_author":{"display_name":"Tom","author_link":"https:\/\/rocketplay-game.com\/ga\/author\/pemvas95n89x\/"},"rttpg_comment":0,"rttpg_category":null,"rttpg_excerpt":"Is sliot\u00e1in iad Wolf Treasure pokies a iompra\u00edonn imreoir\u00ed chuig an Iarthar Fi\u00e1in agus a ligeann d\u00f3ibh saol ainmhithe \u00e9ags\u00fala a bhreathn\u00fa. Ar an sc\u00e1ile\u00e1n cluiche, t\u00e1 an deis chun bualadh le hionadaithe \u00e9ags\u00fala de shaol na n-ainmhithe, a, a bheith i gi\u00famar maith agus sa chuideachta cheart, is f\u00e9idir a thabhairt fi\u00fa Pota \u00d3ir...","_links":{"self":[{"href":"https:\/\/rocketplay-game.com\/ga\/wp-json\/wp\/v2\/pages\/2215","targetHints":{"allow":["GET"]}}],"collection":[{"href":"https:\/\/rocketplay-game.com\/ga\/wp-json\/wp\/v2\/pages"}],"about":[{"href":"https:\/\/rocketplay-game.com\/ga\/wp-json\/wp\/v2\/types\/page"}],"author":[{"embeddable":true,"href":"https:\/\/rocketplay-game.com\/ga\/wp-json\/wp\/v2\/users\/1"}],"replies":[{"embeddable":true,"href":"https:\/\/rocketplay-game.com\/ga\/wp-json\/wp\/v2\/comments?post=2215"}],"version-history":[{"count":2,"href":"https:\/\/rocketplay-game.com\/ga\/wp-json\/wp\/v2\/pages\/2215\/revisions"}],"predecessor-version":[{"id":2223,"href":"https:\/\/rocketplay-game.com\/ga\/wp-json\/wp\/v2\/pages\/2215\/revisions\/2223"}],"up":[{"embeddable":true,"href":"https:\/\/rocketplay-game.com\/ga\/wp-json\/wp\/v2\/pages\/1958"}],"wp:attachment":[{"href":"https:\/\/rocketplay-game.com\/ga\/wp-json\/wp\/v2\/media?parent=2215"}],"curies":[{"name":"wp","href":"https:\/\/api.w.org\/{rel}","templated":true}]}}