{"id":2229,"date":"2022-10-03T14:13:39","date_gmt":"2022-10-03T11:13:39","guid":{"rendered":"https:\/\/rocketplay-game.com\/slots\/sun-of-fortune\/"},"modified":"2025-11-25T20:29:17","modified_gmt":"2025-11-25T17:29:17","slug":"sun-of-fortune","status":"publish","type":"page","link":"https:\/\/rocketplay-game.com\/ga\/slots\/sun-of-fortune\/","title":{"rendered":"Sun of Fortune ag RocketPlay"},"content":{"rendered":"<p>An cruthaitheoir na cluich\u00ed ar l\u00edne &#8211; t\u00e1 an chuideachta Wazdan scaoileadh a chruth\u00fa, ar chumas \u00fas\u00e1ideoir\u00ed chun dul san ioma\u00edocht le haghaidh an Pota \u00d3ir. Spreagtar an sliot\u00e1n speisialta Rocket Play Sun of Fortune nuair a fheictear \u00edomh\u00e1nna speisialta iolracha mar chomhcheangal. Ba ch\u00f3ir go mbeadh 6 cinn acu ar a laghad. Sa ch\u00e1s go bhfuil n\u00edos l\u00fa \u00edomh\u00e1nna le feice\u00e1il, n\u00ed athra\u00edonn aon rud.<\/p>\n<p>Ansin cuirtear babhta eile i ngn\u00edomh, rud a thugann deis tairiscint speisialta a chur san \u00e1ireamh &#8211; Coinnigh an Pota \u00d3ir. Nuair a bh\u00edonn s\u00e9 ar si\u00fal, caithfidh an t-imreoir dul tr\u00ed 3 ch\u00e9im. Tar \u00e9is gach ceann acu, tarla\u00edonn athshocr\u00fa nuair a fheictear \u00edomh\u00e1nna speisialta.<\/p>\n<p>Cuirfidh sliot\u00e1n ar l\u00edne Rocket Play Sun of Fortune achomharc ar go leor imreoir\u00ed. Tar \u00e9is an tsaoil, t\u00e1 a fhios ag go leor daoine agus is bre\u00e1 leis an bhfeidhm shealbh\u00fa Pota \u00d3ir. Cuirtear tr\u00e9imhse speisialta i ngn\u00edomh nuair a bh\u00edonn 6 \u00edomh\u00e1 speisialta n\u00f3 n\u00edos m\u00f3 le feice\u00e1il i 1 bhabhta.<\/p>\n<p>Ach rinne an monar\u00f3ir an pr\u00f3iseas a bhaineann le tr\u00e9imhse speisialta a chumas\u00fa n\u00edos \u00e9asca. Nuair a bh\u00edonn tr\u00ed, ceithre, n\u00f3 c\u00faig \u00edomh\u00e1nna speisialta le feice\u00e1il, d\u00e9antar iad a sh\u00e1bh\u00e1il sa ch\u00e9ad bhabhta speisialta eile. Nuair a chuirtear an tr\u00e9imhse bhreise ar si\u00fal, tugtar tr\u00ed bhabhta speisialta don \u00fas\u00e1ideoir. Ansin d\u00e9antar na rothlaithe a nuashonr\u00fa le teacht \u00edomh\u00e1 speisialta.<\/p>\n<p style=\"text-align: center;\"><img loading=\"lazy\" decoding=\"async\" class=\"aligncenter wp-image-515 size-full\" src=\"https:\/\/rocketplay-game.com\/wp-content\/uploads\/2022\/10\/sun-of-fortune.jpeg\" alt=\"Sun of Fortune\" width=\"1140\" height=\"350\" srcset=\"https:\/\/rocketplay-game.com\/wp-content\/uploads\/2022\/10\/sun-of-fortune.jpeg 1140w, https:\/\/rocketplay-game.com\/wp-content\/uploads\/2022\/10\/sun-of-fortune-300x92.jpeg 300w, https:\/\/rocketplay-game.com\/wp-content\/uploads\/2022\/10\/sun-of-fortune-1024x314.jpeg 1024w, https:\/\/rocketplay-game.com\/wp-content\/uploads\/2022\/10\/sun-of-fortune-768x236.jpeg 768w\" sizes=\"auto, (max-width: 1140px) 100vw, 1140px\" \/><\/p>\n<h2>Roghanna agus Gn\u00e9ithe Geallt\u00f3ireachta<\/h2>\n<p>Tar \u00e9is athbhreithni\u00fa sliot\u00e1n Rocket Play Sun of Fortune, feicimid p\u00e1irc imeartha 4&#215;4 agus s\u00e9 r\u00edl aonair d\u00e9ag. Tosa\u00edonn an meais\u00edn an pr\u00f3iseas cluiche, inar ch\u00f3ir go mbeadh measc\u00e1n de 8 bpicti\u00far comhionann le feice\u00e1il. Nuair a tharla\u00edonn s\u00e9 seo, buaigh an t-imreoir airgead. Is f\u00e9idir le Joker aon \u00edomh\u00e1 a athshol\u00e1thar, ach n\u00ed picti\u00fair speisialta.<\/p>\n<p>\u00darsc\u00e9al \u00f3n monar\u00f3ir Wazdan &#8211; Cuireann cluiche sliot\u00e1n Rocket Play Sun of Fortune feidhmi\u00falacht nua-aimseartha an-\u00e1isi\u00fail ar f\u00e1il d&#8217;\u00fas\u00e1ideoir\u00ed. Mar shampla, modh luathaithe, leathn\u00fa ar an bp\u00e1irc imeartha, agus luaineacht mhaith. Gheobhaidh t\u00fa go leor iontas taitneamhach sa mheais\u00edn a chabhr\u00f3idh leat duais airgid a bhuachan.<\/p>\n<h2>T\u00e9ama agus Siombail\u00ed<\/h2>\n<p>T\u00e1 t\u00e1ille ar gach \u00edomh\u00e1 speisialta. Tugtar \u00e9 nuair a bh\u00edonn an babhta breise speisialta os a chionn. \u00c1ireofar an babhta seo i bhfoirm spins saor in aisce Rocket Play Sun of Fortune. Is f\u00e9idir leis an \u00fas\u00e1ideoir Pota \u00d3ir beag, Pota \u00d3ir beag\u00e1n n\u00edos m\u00f3, n\u00f3 an bua uasta a bhuachan. Tugtar na Pota \u00d3ir seo mar iontas speisialta in-chluiche.<\/p>\n<p>Is \u00e9 cro\u00edl\u00e1r an chluiche a fh\u00e1il ar an m\u00e9id is m\u00f3 airgid &#8211; an Pota \u00d3ir Mh\u00f3r. T\u00e1 s\u00e9 m\u00edle uair n\u00edos m\u00f3 n\u00e1 an m\u00e9id bunaidh. Ach le haghaidh seo, n\u00ed m\u00f3r an r\u00e9imse ioml\u00e1n a chomhl\u00e1n\u00fa le h\u00edomh\u00e1nna speisialta. I ndeireadh na d\u00e1la, is f\u00e9idir leis an imreoir a fh\u00e1il ar a l\u00e1n airgid. Is f\u00e9idir leis an Pota \u00d3ir a bheith chomh maith le duaiseanna \u00e9ags\u00fala.<\/p>\n<p>Feicimid go dtugann an meais\u00edn sliot\u00e1n f\u00edor-atmaisf\u00e9ar na S\u00edne. D\u00e9antar \u00e9 a tharchur ag \u00edomh\u00e1nna speisialta a fhaightear ar an bp\u00e1irc imeartha. Feicfidh t\u00fa picti\u00fair \u00f3:<\/p>\n<ul>\n<li>dragain,<\/li>\n<li>turtair dragain,<\/li>\n<li>iasc koi,<\/li>\n<li>Fhionnuisce na S\u00edne,<\/li>\n<li>siombail\u00ed b\u00f3nais \u00f3rga cumhachtacha le h\u00edomh\u00e1nna gr\u00e9ine fiery.<\/li>\n<\/ul>\n<p>Mar a luadh cheana, t\u00e1 an sliot\u00e1n feistithe le feidhmi\u00falacht nua-aimseartha agus \u00e1isi\u00fail. Is f\u00e9idir leat an gameplay a bhrost\u00fa, p\u00e1irc imeartha an mhonat\u00f3ra a mh\u00e9ad\u00fa, agus monat\u00f3ireacht a dh\u00e9anamh ar luaineacht. Is f\u00e9idir leat an fheidhm &#8220;ceannach&#8221; a \u00fas\u00e1id freisin. Le cabhair uaidh, cuirtear tr\u00e9imhse bhreise speisialta, &#8220;an pota \u00f3ir a shealbh\u00fa,&#8221; i ngn\u00edomh. Is f\u00e9idir leat \u00e9 a ghn\u00edomhacht\u00fa aon uair is mian leat.<\/p>\n<h2>CC<\/h2>\n<h3>Conas airgead a bhuachan?<\/h3>\n<p>A bhuachan ar an 16 r\u00edleanna 4&#215;4 neamhsple\u00e1ch sa chluiche caighde\u00e1nach, is g\u00e1 duit a bhuail ocht siombail\u00ed comhionann. Is f\u00e9idir le Wild ionad aon \u00edomh\u00e1, ach n\u00ed ceann speisialta.<\/p>\n<h3>An bhfuil pota \u00f3ir ann?<\/h3>\n<p>Is \u00e9 an bua aonair is m\u00f3 n\u00e1 an Grand Pota \u00d3ir, a arda\u00edonn an geall suas go dt\u00ed 1000x. Chun bua den s\u00f3rt sin a fh\u00e1il, caithfidh an ph\u00e1irc imeartha ar fad a bheith in \u00edomh\u00e1nna speisialta. Ach n\u00ed h\u00e9 sin go l\u00e9ir &#8211; ba ch\u00f3ir a thabhairt faoi deara go gcuirtear jackpots buailte le buachan eile!<\/p>\n<h3>Cad iad na carachtair speisialta?<\/h3>\n<p>R\u00e1tha\u00edonn siombail\u00ed b\u00f3nais airgead buaite de mh\u00e9ideanna \u00e9ags\u00fala, agus is f\u00e9idir leat ollduaiseanna de mh\u00e9ideanna \u00e9ags\u00fala a bhuachan freisin.<\/p>\n<p><strong>L\u00e9igh freisin faoi:<\/strong><\/p>\n<ul>\n<li><a href=\"https:\/\/rocketplay-game.com\/ga\/slots\/cash-pig\/\">Cash Pig<\/a><\/li>\n<li><a href=\"https:\/\/rocketplay-game.com\/ga\/slots\/elvis-frog-vegas\/\">Elvis Frog In Vegas<\/a><\/li>\n<\/ul>\n","protected":false},"excerpt":{"rendered":"<p>An cruthaitheoir na cluich\u00ed ar l\u00edne &#8211; t\u00e1 an chuideachta Wazdan scaoileadh a chruth\u00fa, ar chumas \u00fas\u00e1ideoir\u00ed chun dul san ioma\u00edocht le haghaidh an Pota \u00d3ir. Spreagtar an sliot\u00e1n speisialta Rocket Play Sun of Fortune nuair a fheictear \u00edomh\u00e1nna speisialta iolracha mar chomhcheangal. Ba ch\u00f3ir go mbeadh 6 cinn acu ar a laghad. Sa ch\u00e1s&#8230;<\/p>\n","protected":false},"author":1,"featured_media":0,"parent":1958,"menu_order":0,"comment_status":"closed","ping_status":"closed","template":"page-with-slot.php","meta":{"_acf_changed":false,"_kad_post_transparent":"default","_kad_post_title":"default","_kad_post_layout":"default","_kad_post_sidebar_id":"","_kad_post_content_style":"default","_kad_post_vertical_padding":"default","_kad_post_feature":"","_kad_post_feature_position":"","_kad_post_header":false,"_kad_post_footer":false,"footnotes":""},"class_list":["post-2229","page","type-page","status-publish","hentry"],"acf":[],"rttpg_featured_image_url":null,"rttpg_author":{"display_name":"Tom","author_link":"https:\/\/rocketplay-game.com\/ga\/author\/pemvas95n89x\/"},"rttpg_comment":0,"rttpg_category":null,"rttpg_excerpt":"An cruthaitheoir na cluich\u00ed ar l\u00edne &#8211; t\u00e1 an chuideachta Wazdan scaoileadh a chruth\u00fa, ar chumas \u00fas\u00e1ideoir\u00ed chun dul san ioma\u00edocht le haghaidh an Pota \u00d3ir. Spreagtar an sliot\u00e1n speisialta Rocket Play Sun of Fortune nuair a fheictear \u00edomh\u00e1nna speisialta iolracha mar chomhcheangal. Ba ch\u00f3ir go mbeadh 6 cinn acu ar a laghad. Sa ch\u00e1s...","_links":{"self":[{"href":"https:\/\/rocketplay-game.com\/ga\/wp-json\/wp\/v2\/pages\/2229","targetHints":{"allow":["GET"]}}],"collection":[{"href":"https:\/\/rocketplay-game.com\/ga\/wp-json\/wp\/v2\/pages"}],"about":[{"href":"https:\/\/rocketplay-game.com\/ga\/wp-json\/wp\/v2\/types\/page"}],"author":[{"embeddable":true,"href":"https:\/\/rocketplay-game.com\/ga\/wp-json\/wp\/v2\/users\/1"}],"replies":[{"embeddable":true,"href":"https:\/\/rocketplay-game.com\/ga\/wp-json\/wp\/v2\/comments?post=2229"}],"version-history":[{"count":2,"href":"https:\/\/rocketplay-game.com\/ga\/wp-json\/wp\/v2\/pages\/2229\/revisions"}],"predecessor-version":[{"id":2231,"href":"https:\/\/rocketplay-game.com\/ga\/wp-json\/wp\/v2\/pages\/2229\/revisions\/2231"}],"up":[{"embeddable":true,"href":"https:\/\/rocketplay-game.com\/ga\/wp-json\/wp\/v2\/pages\/1958"}],"wp:attachment":[{"href":"https:\/\/rocketplay-game.com\/ga\/wp-json\/wp\/v2\/media?parent=2229"}],"curies":[{"name":"wp","href":"https:\/\/api.w.org\/{rel}","templated":true}]}}