{"id":2238,"date":"2022-08-11T21:12:04","date_gmt":"2022-08-11T18:12:04","guid":{"rendered":"https:\/\/rocketplay-game.com\/cashback\/"},"modified":"2022-10-29T14:57:39","modified_gmt":"2022-10-29T11:57:39","slug":"cashback","status":"publish","type":"page","link":"https:\/\/rocketplay-game.com\/ga\/cashback\/","title":{"rendered":"RocketPlay casino airgead ar ais"},"content":{"rendered":"<p><img loading=\"lazy\" decoding=\"async\" class=\" wp-image-316 aligncenter\" src=\"https:\/\/rocketplay-game.com\/wp-content\/uploads\/2022\/08\/what-is-a-casino-cashback-300x100.jpg\" alt=\"cashback\" width=\"612\" height=\"204\" srcset=\"https:\/\/rocketplay-game.com\/wp-content\/uploads\/2022\/08\/what-is-a-casino-cashback-300x100.jpg 300w, https:\/\/rocketplay-game.com\/wp-content\/uploads\/2022\/08\/what-is-a-casino-cashback-768x256.jpg 768w, https:\/\/rocketplay-game.com\/wp-content\/uploads\/2022\/08\/what-is-a-casino-cashback.jpg 827w\" sizes=\"auto, (max-width: 612px) 100vw, 612px\" \/><\/p>\n<p>T\u00e1 b\u00f3nas airgead ar ais Casino <a href=\"https:\/\/rocketplay-game.com\/ga\">RocketPlay<\/a> ar cheann de na b\u00f3nais Casino taitneamhacha is f\u00e9idir a fh\u00e1il n\u00ed hionann \u00fas\u00e1ideoir\u00ed nua agus a fhaigheann cearrbhachas a bhfuil taith\u00ed acu. Tar \u00e9is an tsaoil, n\u00ed chuirtear airgead ar ais chun sochair ach do na cearrbhachas sin ar fearr leo cluiche rialta ar airgead f\u00edor, agus is cuma an bhfuil na h\u00fas\u00e1ideoir\u00ed roll\u00f3ir\u00ed \u00edseal n\u00f3 roll\u00f3ir\u00ed arda. Mar sin f\u00e9in, braitheann an m\u00e9id cashback ar an m\u00e9id a imr\u00edonn an t-\u00fas\u00e1ideoir sa chluiche sliot\u00e1n ar airgead f\u00edor.<\/p>\n<p>Mar sin, is b\u00f3nas riachtanach \u00e9 airgead ar ais do na h\u00fas\u00e1ideoir\u00ed sin a chaill cuid d\u00e1 gcuid airgid n\u00f3 a gcuid airgid taisce go l\u00e9ir agus at\u00e1 r\u00e9idh chun an cluiche a scor ar airgead f\u00edor. \u00das\u00e1ideoir\u00ed ais\u00edoca\u00edocht ceasa\u00edneo RocketPlay chun filleadh ar an su\u00edomh oifigi\u00fail ceasa\u00edneo ar\u00eds agus ar\u00eds eile le haghaidh d\u00fashl\u00e1in nua agus cur in aithne do bhaili\u00fach\u00e1n cluich\u00ed cearrbhachais ar l\u00edne RocketPlay.<\/p>\n<h2>Conas airgead ar ais a \u00fas\u00e1id?<\/h2>\n<p>C\u00e9 go bpreabann \u00fas\u00e1ideoir\u00ed nua l\u00e1ithreach ar an bpac\u00e1iste b\u00f3nais pr\u00edobh\u00e1ideach, n\u00ed h\u00e9 seo an t-aon iontas taitneamhach do chearrbhachas ar l\u00edne a bhfuil taith\u00ed acu. Chomh maith leis an bpac\u00e1iste pr\u00edobh\u00e1ideach le b\u00f3nas de 100% agus 100<a href=\"https:\/\/rocketplay-game.com\/ga\/free-spins\/\"> spins saor<\/a> in aisce, t\u00e1 rochtain ag an \u00fas\u00e1ideoir ar ais\u00edoca\u00edocht sheachtaini\u00fail. Casino ar l\u00edne Cashback RocketPlay do gach \u00fas\u00e1ideoir, ach n\u00ed f\u00e9idir le gach \u00fas\u00e1ideoir leas ioml\u00e1n a bhaint as a leith\u00e9id de thairiscint uath\u00fail. An \u00e9 sin at\u00e1 i gceist leis?<\/p>\n<p>Ar an gc\u00e9ad dul s\u00edos, n\u00ed m\u00f3r duit cuimhneamh go bhfuil l\u00e1ithre\u00e1n gr\u00e9as\u00e1in oifigi\u00fail an cheasa\u00edneonna ar l\u00edne ar f\u00e1il i dteanga amh\u00e1in &#8211; B\u00e9arla, at\u00e1 \u00e1isi\u00fail. N\u00ed g\u00e1 teanga amh\u00e1in a athr\u00fa agus t\u00e1 an su\u00edomh inrochtana ag na h\u00fas\u00e1ideoir\u00ed is m\u00f3 ar fud an domhain. Ansin, tar \u00e9is cl\u00e1r\u00fach\u00e1in, t\u00e1 cuntas pearsanta ag an \u00fas\u00e1ideoir le cuntas cearrbhachais.<\/p>\n<p>T\u00e1 cl\u00e1r\u00fa ar an toirt, n\u00ed g\u00e1 duit ach cr\u00edochn\u00fa an n\u00f3s imeachta cl\u00e1r\u00fach\u00e1in a dheimhni\u00fa tr\u00edd an nasc at\u00e1 le f\u00e1il sa litir \u00f3n gceasa\u00edneo i do phost pearsanta a lean\u00faint. Leithdh\u00e1iltear suas le 14 l\u00e1 le haghaidh f\u00edor\u00fa, rud a \u00e9il\u00edonn ar an \u00fas\u00e1ideoir c\u00f3ip de dhoicim\u00e9ad a dheimhn\u00edonn c\u00e9annacht an \u00fas\u00e1ideora mar dhuine f\u00edor a sheoladh. Ansin tosa\u00edonn an cluiche ar airgead f\u00edor, rud a thugann r\u00e1tha\u00edocht go bhfaighidh t\u00fa do ch\u00e9ad airgead ar ais ar shu\u00edomh Casino RocketPlay.<\/p>\n<p>R\u00edomhtar ais\u00edoca\u00edocht ceasa\u00edneo ar l\u00edne RocketPlay de r\u00e9ir chl\u00e1r d\u00edlseachta an cheasa\u00edneo. T\u00e1 10 st\u00e1das imreoir ann, agus tugann gach ceann acu rochtain ar thacar \u00e1irithe pribhl\u00e9id\u00ed. M\u00e1s Cr\u00e9-umha \u00e9, b\u00edonn 10 spins saor in aisce ag an \u00fas\u00e1ideoir go rialta, rud a chomhaireamh mar bhronntanas. C\u00e9 go m\u00e9ada\u00edonn Silver an m\u00e9id ais-airgead suas go dt\u00ed 3% de mh\u00e9id na gcist\u00ed taiscthe, a bh\u00ed le cailleadh i seachtain agus dian-imirt cluich\u00ed \u00e9ags\u00fala ar l\u00edne ar airgead f\u00edor-ama.<\/p>\n<p>Is f\u00e9idir an m\u00e9id airgid ar ais is m\u00f3 a fh\u00e1il m\u00e1 shroicheann an t-\u00fas\u00e1ideoir an leibh\u00e9al Finsc\u00e9al Diamond, c\u00e9 go mbeidh s\u00e9 15%. Cad at\u00e1 f\u00f3s mar an gc\u00e9anna? \u00cdoctar aisairgead gach Luan, geall &#8211; x5.<\/p>\n<h2>Tarraingt siar b\u00f3nas airgid<\/h2>\n<p>Nuair a bhaineann s\u00e9 le airgead siar Bitcoin Casino RocketPlay, is \u00e9 airgead ar ais an tairiscint ioml\u00e1n b\u00f3nais, agus mar sin d\u00e9anann \u00fas\u00e1ideoir\u00ed go h\u00e1irithe beag\u00e1n iarracht an dea-deolchaire sin a fh\u00e1il \u00f3n mb\u00f3nas ceasa\u00edneo. R\u00edomhtar an b\u00f3nas seo in \u00e9ineacht leis an ngeall x5, mar sin n\u00ed m\u00f3r \u00e9 a chomhl\u00edonadh. T\u00e1 an m\u00e9id seo airgid ar ais ag teast\u00e1il de r\u00e9ir th\u00e9arma\u00ed a fh\u00e1il agus eile. Is minic go mb\u00edonn Wagers ag smacht\u00fa n\u00ed hamh\u00e1in ar \u00fas\u00e1ideoir\u00ed RocketPlay, ach freisin ar a n-iarracht nach f\u00e9idir a sh\u00e9anadh.<\/p>\n<p>Roghna\u00edonn an t-\u00fas\u00e1ideoir an modh \u00edoca\u00edochta chun an cuntas cearrbhachais a athl\u00e1n\u00fa agus cist\u00ed a tharraingt siar uaidh ag c\u00e9im an chl\u00e1r\u00fach\u00e1in, n\u00edos cruinne, nuair a dh\u00e9anann s\u00e9 a ch\u00e9ad taisce den ch\u00e9ad uair. T\u00e1 teorainn leis an m\u00e9id airgid is f\u00e9idir le cearrbhach a tharraingt siar \u00f3na chuntas i rith m\u00edosa.<\/p>\n<p>N\u00ed bheidh tionchar ag na srianta ar na h\u00fas\u00e1ideoir\u00ed sin amh\u00e1in a bhfuil st\u00e1das VIP bainte amach acu, ionas gur f\u00e9idir leo tarraingt siar an oiread agus a d\u2019\u00e9irigh leo sliot\u00e1in a imirt n\u00f3 cluich\u00ed cearrbhachais ar l\u00edne f\u00edor-airgead eile. Is f\u00e9idir leat an t-airgeadra a \u00fas\u00e1idfidh an t-\u00fas\u00e1ideoir chun f\u00edor-airgead a imirt agus t\u00fa ag cl\u00e1r\u00fa agus ag cruth\u00fa cuntas RocketPlay nua a roghn\u00fa.<\/p>\n<p><img loading=\"lazy\" decoding=\"async\" class=\" wp-image-317 aligncenter\" src=\"https:\/\/rocketplay-game.com\/wp-content\/uploads\/2022\/08\/cashback-300x99.jpg\" alt=\"cashback rocketplay\" width=\"673\" height=\"222\" srcset=\"https:\/\/rocketplay-game.com\/wp-content\/uploads\/2022\/08\/cashback-300x99.jpg 300w, https:\/\/rocketplay-game.com\/wp-content\/uploads\/2022\/08\/cashback-1024x336.jpg 1024w, https:\/\/rocketplay-game.com\/wp-content\/uploads\/2022\/08\/cashback-768x252.jpg 768w, https:\/\/rocketplay-game.com\/wp-content\/uploads\/2022\/08\/cashback.jpg 1200w\" sizes=\"auto, (max-width: 673px) 100vw, 673px\" \/><\/p>\n<h2>CC<\/h2>\n<h3>Cad iad na 10 leibh\u00e9il na n-imreoir\u00ed a chaitear sa chl\u00e1r d\u00edlseachta ceasa\u00edneo, faoi na coinn\u00edollacha inar f\u00e9idir leat airgead ar ais agus b\u00f3nais \u00e9ags\u00fala a fh\u00e1il?<\/h3>\n<p>Maidir leis an gcl\u00e1r d\u00edlseachta ceasa\u00edneo, t\u00e1 st\u00e1das 10 n-imreoir\u00ed ann a fh\u00e9adann a chuid fanacht ar an su\u00edomh ceasa\u00edneo a dh\u00e9anamh n\u00edos iontach f\u00f3s. Tar \u00e9is an tsaoil, le gach leibh\u00e9al nua, faigheann an t-\u00fas\u00e1ideoir n\u00edos m\u00f3 agus n\u00edos m\u00f3 spins saor in aisce mar bhronntanas. Ag tos\u00fa le Cr\u00e9-umha, Airgid, \u00d3rga, Platanam, Diamond, Finsc\u00e9al Airgid, faigheann an t-\u00fas\u00e1ideoir \u00f3 15 go 300 spins saor in aisce ar shliot\u00e1in a chuirtear i l\u00e1thair sa bhaili\u00fach\u00e1n caighde\u00e1nach de chluich\u00ed cearrbhachais ar l\u00edne. Maidir le ais\u00edoca\u00edocht, m\u00e9ada\u00edonn s\u00e9 \u00f3 3% go 10%. Ar leibh\u00e9al an Finsc\u00e9al \u00d3rga, m\u00e9ada\u00edonn an t-airgead ar ais go 12%, ach gan b\u00f3nais gan taisce mar bhronntanas. Finsc\u00e9al Platanam, Finsc\u00e9al Diamond m\u00e9ad\u00fa ar an m\u00e9id airgid ar ais go dt\u00ed 13% agus 15%, faoi seach, agus ar\u00eds aon spins saor in aisce.<\/p>\n<h3>An bhfuil leagan soghluaiste ag an Casino?<\/h3>\n<p>Chun an cluiche ar airgead f\u00edor a shimpli\u00fa do na h\u00fas\u00e1ideoir\u00ed sin nach bhfuil ag imirt cluich\u00ed cearrbhachais ar l\u00edne den ch\u00e9ad uair, cuireann an Casino ar f\u00e1il d\u00f3ibh feidhmchl\u00e1r soghluaiste a \u00edosl\u00f3d\u00e1il. Mar sin f\u00e9in, is f\u00e9idir le gach \u00fas\u00e1ideoir a bhearta\u00edonn sliot\u00e1in n\u00f3 cluich\u00ed cearrbhachais ar l\u00edne eile a imirt ar airgead f\u00edor a \u00edosl\u00f3d\u00e1il an feidhmchl\u00e1r soghluaiste. Thairis sin, chun an t-iarratas soghluaiste a \u00edosl\u00f3d\u00e1il, faigheann an t-\u00fas\u00e1ideoir spins saor in aisce breise de na r\u00edleanna i sliot\u00e1n \u00e1irithe, rud is b\u00f3nas agus t\u00fas iontach chun imirt ar airgead f\u00edor. Is f\u00e9idir le h\u00fas\u00e1ideoir\u00ed gl\u00e9asanna at\u00e1 bunaithe ar Android agus iOS an feidhmchl\u00e1r soghluaiste a \u00edosl\u00f3d\u00e1il \u00f3 l\u00e1ithre\u00e1n gr\u00e9as\u00e1in oifigi\u00fail an cheasa\u00edneo ar l\u00edne. Ach ba ch\u00f3ir a chur san \u00e1ireamh nach bhfuil feidhmi\u00falacht \u00e1irithe ag an leagan soghluaiste, mar sin n\u00edor cheart go ndi\u00falt\u00f3dh an gebler go hioml\u00e1n an leagan ioml\u00e1n de shu\u00edomh Gr\u00e9as\u00e1in RocketPlay a \u00fas\u00e1id.<\/p>\n","protected":false},"excerpt":{"rendered":"<p>T\u00e1 b\u00f3nas airgead ar ais Casino RocketPlay ar cheann de na b\u00f3nais Casino taitneamhacha is f\u00e9idir a fh\u00e1il n\u00ed hionann \u00fas\u00e1ideoir\u00ed nua agus a fhaigheann cearrbhachas a bhfuil taith\u00ed acu. Tar \u00e9is an tsaoil, n\u00ed chuirtear airgead ar ais chun sochair ach do na cearrbhachas sin ar fearr leo cluiche rialta ar airgead f\u00edor, agus&#8230;<\/p>\n","protected":false},"author":1,"featured_media":0,"parent":0,"menu_order":0,"comment_status":"closed","ping_status":"closed","template":"","meta":{"_acf_changed":false,"_kad_post_transparent":"default","_kad_post_title":"default","_kad_post_layout":"default","_kad_post_sidebar_id":"","_kad_post_content_style":"default","_kad_post_vertical_padding":"default","_kad_post_feature":"","_kad_post_feature_position":"","_kad_post_header":false,"_kad_post_footer":false,"footnotes":""},"class_list":["post-2238","page","type-page","status-publish","hentry"],"acf":[],"rttpg_featured_image_url":null,"rttpg_author":{"display_name":"Tom","author_link":"https:\/\/rocketplay-game.com\/ga\/author\/pemvas95n89x\/"},"rttpg_comment":0,"rttpg_category":null,"rttpg_excerpt":"T\u00e1 b\u00f3nas airgead ar ais Casino RocketPlay ar cheann de na b\u00f3nais Casino taitneamhacha is f\u00e9idir a fh\u00e1il n\u00ed hionann \u00fas\u00e1ideoir\u00ed nua agus a fhaigheann cearrbhachas a bhfuil taith\u00ed acu. Tar \u00e9is an tsaoil, n\u00ed chuirtear airgead ar ais chun sochair ach do na cearrbhachas sin ar fearr leo cluiche rialta ar airgead f\u00edor, agus...","_links":{"self":[{"href":"https:\/\/rocketplay-game.com\/ga\/wp-json\/wp\/v2\/pages\/2238","targetHints":{"allow":["GET"]}}],"collection":[{"href":"https:\/\/rocketplay-game.com\/ga\/wp-json\/wp\/v2\/pages"}],"about":[{"href":"https:\/\/rocketplay-game.com\/ga\/wp-json\/wp\/v2\/types\/page"}],"author":[{"embeddable":true,"href":"https:\/\/rocketplay-game.com\/ga\/wp-json\/wp\/v2\/users\/1"}],"replies":[{"embeddable":true,"href":"https:\/\/rocketplay-game.com\/ga\/wp-json\/wp\/v2\/comments?post=2238"}],"version-history":[{"count":2,"href":"https:\/\/rocketplay-game.com\/ga\/wp-json\/wp\/v2\/pages\/2238\/revisions"}],"predecessor-version":[{"id":2240,"href":"https:\/\/rocketplay-game.com\/ga\/wp-json\/wp\/v2\/pages\/2238\/revisions\/2240"}],"wp:attachment":[{"href":"https:\/\/rocketplay-game.com\/ga\/wp-json\/wp\/v2\/media?parent=2238"}],"curies":[{"name":"wp","href":"https:\/\/api.w.org\/{rel}","templated":true}]}}