{"id":2368,"date":"2022-08-11T20:58:28","date_gmt":"2022-08-11T17:58:28","guid":{"rendered":"https:\/\/rocketplay-game.com\/no-deposit-bonus\/"},"modified":"2022-10-29T17:44:18","modified_gmt":"2022-10-29T14:44:18","slug":"no-deposit-bonus","status":"publish","type":"page","link":"https:\/\/rocketplay-game.com\/ga\/no-deposit-bonus\/","title":{"rendered":"C\u00f3id B\u00f3nas Uimh Taisce do RocketPlay 2023"},"content":{"rendered":"<p><img loading=\"lazy\" decoding=\"async\" class=\" wp-image-305 aligncenter\" src=\"https:\/\/rocketplay-game.com\/wp-content\/uploads\/2022\/08\/different-types-of-bitcoin-casino-no-deposit-bonuses-300x156.jpg\" alt=\"no deposit bonus\" width=\"563\" height=\"293\" srcset=\"https:\/\/rocketplay-game.com\/wp-content\/uploads\/2022\/08\/different-types-of-bitcoin-casino-no-deposit-bonuses-300x156.jpg 300w, https:\/\/rocketplay-game.com\/wp-content\/uploads\/2022\/08\/different-types-of-bitcoin-casino-no-deposit-bonuses-1024x531.jpg 1024w, https:\/\/rocketplay-game.com\/wp-content\/uploads\/2022\/08\/different-types-of-bitcoin-casino-no-deposit-bonuses-768x398.jpg 768w, https:\/\/rocketplay-game.com\/wp-content\/uploads\/2022\/08\/different-types-of-bitcoin-casino-no-deposit-bonuses.jpg 1170w\" sizes=\"auto, (max-width: 563px) 100vw, 563px\" \/><\/p>\n<p>N\u00ed f\u00e9idir le h\u00fas\u00e1ideoir\u00ed nua agus cearrbhachas ceasa\u00edneo <a href=\"https:\/\/rocketplay-game.com\/ga\">RocketPlay<\/a> b\u00f3nas gan aon \u00e9arlais 2023 a fh\u00e1il ach amh\u00e1in le haghaidh gn\u00edomhartha \u00e1irithe. M\u00e1 t\u00e1 muid ag caint faoi bh\u00f3nas gan taisce, n\u00ed bheidh g\u00e1 le cist\u00ed taisce chun an tairiscint b\u00f3nais a fh\u00e1il. Is \u00e9ard at\u00e1 i gc\u00e1s eile n\u00e1 tairiscint b\u00f3nas a ghn\u00edomhacht\u00fa, mar sin beidh ort f\u00f3s \u00e9arlais a dh\u00e9anamh sa chuntas cearrbhachais, ach chun cr\u00edche eile.<\/p>\n<p>Go minic, comhoibr\u00edonn ceasa\u00edneonna ar l\u00edne le su\u00edomhanna eile a bhaineann le r\u00e9imse an chearrbhachais, ag sol\u00e1thar c\u00f3id chur chun cinn breise n\u00f3 c\u00f3id b\u00f3nais. T\u00e1 na c\u00f3id b\u00f3nais seo ag teast\u00e1il chun airgead tirim breise n\u00f3 spins saor in aisce a fh\u00e1il ar shliot\u00e1in.<\/p>\n<h2>Conas Gan B\u00f3nas Taisce a fh\u00e1il?<\/h2>\n<p>N\u00ed sheoltar b\u00f3nas taisce RocketPlay nuair a chomhl\u00edonann an t-\u00fas\u00e1ideoir na coinn\u00edollacha go l\u00e9ir chun \u00e9 a fh\u00e1il. Cad \u00e9 faoi? Is b\u00f3nas cl\u00e1r\u00fach\u00e1in \u00e9 an ch\u00e9ad bh\u00f3nas, nach g\u00e1 duit breisi\u00fa a dh\u00e9anamh ar do chuntas cearrbhachais.<\/p>\n<p>Is \u00e9 an rud is suimi\u00fala n\u00e1 go bhfuil roinnt b\u00f3nais den s\u00f3rt sin ann m\u00e1 thagann t\u00fa trasna ar aon ch\u00f3id b\u00f3nais taisce ag RocketPlay Casino gan aon c\u00f3id b\u00f3nas taisce. Tar \u00e9is an tsaoil, d\u00edreach chun cuntas a chruth\u00fa ar shu\u00edomh Gr\u00e9as\u00e1in an <a href=\"https:\/\/rocketplay-game.com\/ga\/casino\/\">cheasa\u00edneo<\/a>, is f\u00e9idir leat 25 spins saor in aisce breise a fh\u00e1il le geall de 50xV, ach n\u00ed m\u00f3r duit an c\u00f3d promo ROCKET a chur isteach sa chol\u00fan.<\/p>\n<p>Mura bhfuil a leith\u00e9id de ch\u00f3d bolscaireachta ann, n\u00f3 murarbh fh\u00e9idir \u00e9 a chur isteach, mar sin n\u00e1 b\u00ed tr\u00edna ch\u00e9ile. Tar \u00e9is an tsaoil, is b\u00f3nas f\u00e1ilte s\u00e1ch flaithi\u00fail \u00e9 an b\u00f3nas f\u00e1ilte d\u2019\u00fas\u00e1ideoir\u00ed nua. Ach amh\u00e1in chun cuntas nua a chruth\u00fa, \u00e9ir\u00edonn an t-\u00fas\u00e1ideoir l\u00e1ithreach ina \u00fain\u00e9ir ar bh\u00f3nas sa mh\u00e9id 300% agus 100 spins saor in aisce. N\u00edl aon rud n\u00edos l\u00fa suimi\u00fail an b\u00f3nas de 100% agus 100 spins saor in aisce.<\/p>\n<p>In ainneoin nach bhfuil na b\u00f3nais seo f\u00edor-aon taisce, ba cheart a chur san \u00e1ireamh go bhfuil oibleag\u00e1id\u00ed \u00e1irithe f\u00f3s ar \u00fas\u00e1ideoir\u00ed cl\u00e1raithe maidir leis an gceasa\u00edneo ar l\u00edne. Mar sin, n\u00ed m\u00f3r an b\u00f3nas gan taisce a imirt laistigh de thr\u00e9imhse \u00e1irithe. Is \u00e9ard at\u00e1 i gceist leis an n\u00f3s imeachta chun b\u00f3nais den s\u00f3rt sin a ghn\u00edomhacht\u00fa cist\u00ed a thaisceadh isteach i gcuntas cearrbhachais agus iad a \u00fas\u00e1id chun imirt ar airgead f\u00edor.<\/p>\n<p>Ar nd\u00f3igh, is f\u00e9idir leis an \u00fas\u00e1ideoir a ch\u00e9ad ch\u00e9imeanna a ghlacadh i r\u00e9imse an chearrbhachais gan \u00fas\u00e1id a bhaint as cist\u00ed taisce n\u00f3 coigilteas f\u00e9in, mar gheall ar b\u00f3nas cheasa\u00edneonna saor in aisce gan aon taisce Is f\u00e9idir cist\u00ed RocketPlay a \u00fas\u00e1id le haghaidh na riachtanas seo. Beidh cist\u00ed taisce ag teast\u00e1il \u00f3n gambler, toisc go glactar leis go leanfaidh s\u00e9 ar aghaidh lena chluiche ar airgead f\u00edor.<\/p>\n<h2>B\u00f3nais eile RocketPlay<\/h2>\n<p>N\u00ed h\u00e9 b\u00f3nas \u00e9arlais saor in aisce an Casino RocketPlay an t-aon ch\u00fais le cl\u00e1r\u00fa pr\u00e1inneach ar an su\u00edomh ceasa\u00edneo ar l\u00edne. Tar \u00e9is an tsaoil, b&#8217;fh\u00e9idir nach mbeadh fonn ar go leor \u00fas\u00e1ideoir\u00ed ceasa\u00edneo ar l\u00edne imirt ar airgead f\u00edor. C\u00e9 gur f\u00e9idir le b\u00f3nas gan taisce a bheith ina ch\u00fais leordh\u00f3thanach chun dul tr\u00edd an n\u00f3s imeachta cl\u00e1r\u00fach\u00e1in agus an cuntas a crutha\u00edodh d\u00edreach ar an su\u00edomh ceasa\u00edneo ar l\u00edne a fh\u00edor\u00fa. Cad a d\u2019fh\u00e9adfadh a bheith n\u00edos fearr n\u00e1 b\u00f3nas gan \u00e9arlais? C\u00fapla b\u00f3nas eile gan aon taisce.<\/p>\n<p>Cad iad na b\u00f3nais RocketPlay? Ar an su\u00edomh ceasa\u00edneo ar l\u00edne, is f\u00e9idir leat a l\u00e1n b\u00f3nais a fh\u00e1il i bhfoirm spins saor in aisce. Is f\u00e9idir spins saor in aisce de na r\u00edleanna sa sliot\u00e1n a fh\u00e1il m\u00e1 \u00edosl\u00f3d\u00e1lann an t-\u00fas\u00e1ideoir an t-iarratas soghluaiste go dt\u00ed a ghuth\u00e1n go rath\u00fail agus m\u00e1 \u00fas\u00e1ideann s\u00e9 \u00e9 chun airgead a imirt ar chist\u00ed b\u00f3nais n\u00f3 ar airgead f\u00edor.<\/p>\n<p>Is \u00e9 an ch\u00fais at\u00e1 leis an b\u00f3nas Casino aon Taisce c\u00e9anna RocketPlay 2023 a fh\u00e1il, ach le n\u00edos m\u00f3 spins saor in aisce, an gn\u00e1thn\u00f3s imeachta cl\u00e1r\u00fach\u00e1in. Tar \u00e9is an tsaoil, le d\u00f3ch\u00falacht ard, beidh \u00fas\u00e1ideoir cl\u00e1raithe ag imirt sliot\u00e1n ar airgead f\u00edor ar a laghad uair amh\u00e1in sula dtabharfaidh s\u00e9 suas pl\u00e9isi\u00fair den s\u00f3rt sin.<\/p>\n<p><img loading=\"lazy\" decoding=\"async\" class=\" wp-image-306 aligncenter\" src=\"https:\/\/rocketplay-game.com\/wp-content\/uploads\/2022\/08\/cashback_1300x640_2-300x148.png\" alt=\"no deposit bonuses rocketplay\" width=\"557\" height=\"275\" srcset=\"https:\/\/rocketplay-game.com\/wp-content\/uploads\/2022\/08\/cashback_1300x640_2-300x148.png 300w, https:\/\/rocketplay-game.com\/wp-content\/uploads\/2022\/08\/cashback_1300x640_2-1024x504.png 1024w, https:\/\/rocketplay-game.com\/wp-content\/uploads\/2022\/08\/cashback_1300x640_2-768x378.png 768w, https:\/\/rocketplay-game.com\/wp-content\/uploads\/2022\/08\/cashback_1300x640_2.png 1300w\" sizes=\"auto, (max-width: 557px) 100vw, 557px\" \/><\/p>\n<h2>CC<\/h2>\n<h3>Mura bhfuil aon bh\u00f3nas taisce Is gn\u00e1thchleachtas \u00ed an Astr\u00e1il ag RocketPlay, an bhfuil b\u00f3nais taisce ann?<\/h3>\n<p>Is f\u00e9idir le h\u00fas\u00e1ideoir\u00ed nua b\u00f3nas a fh\u00e1il freisin as a gc\u00e9ad \u00e9arlais a dh\u00e9anamh, ach le haghaidh seo n\u00ed m\u00f3r duit c\u00f3d promo a chur isteach. Ar a laghad t\u00e1 a leith\u00e9id de bh\u00f3nas \u00e9arlais RocketPlay san Astr\u00e1il. Tar \u00e9is an tsaoil, is c\u00e9im tromch\u00faiseach go leor \u00e9 &#8211; chun do ch\u00e9ad chist\u00ed taisce a dh\u00e9anamh. Thairis sin, t\u00e1 s\u00e9 beagnach dodh\u00e9anta b\u00f3nais gan taisce a ghn\u00edomhacht\u00fa gan \u00e9arlais a dh\u00e9anamh. Mar sin, is ceist ama \u00e9 cist\u00ed a thaisceadh do na h\u00fas\u00e1ideoir\u00ed sin a bhfuil fonn orthu f\u00f3s cl\u00e1r\u00fa ar an su\u00edomh ceasa\u00edneo ar l\u00edne agus plean chun cluiche tromch\u00faiseach a thos\u00fa ar airgead f\u00edor, is cuma c\u00e9 chomh suaibhreosach is f\u00e9idir le cearrbhachas ar l\u00edne siamsa\u00edocht.<\/p>\n<h3>An f\u00e9idir an feidhmchl\u00e1r soghluaiste a \u00edosl\u00f3d\u00e1il?<\/h3>\n<p>T\u00e1 rochtain ag gach \u00fas\u00e1ideoir at\u00e1 d\u00edreach tar \u00e9is cl\u00e1r\u00fa n\u00f3 a bhfuil s\u00e9 beartaithe acu cl\u00e1r\u00fa ar an su\u00edomh ceasa\u00edneo ar l\u00edne ar an leagan soghluaiste &#8211; n\u00edos \u00e1isi\u00fala den Casino. Mar sin f\u00e9in, beidh ort an leagan ioml\u00e1n den Casino ar l\u00edne a \u00fas\u00e1id, toisc go bhfuil feidhmi\u00falacht theoranta ag leagan soghluaiste an cheasa\u00edneo. T\u00e1 an app soghluaiste Casino ar l\u00edne deartha le haghaidh imirt f\u00edor-airgead 24\/7.<\/p>\n<h3>An bhfuil b\u00f3nas f\u00e1ilte ioml\u00e1n ag l\u00e1ithre\u00e1n gr\u00e9as\u00e1in an cheasa\u00edneo?<\/h3>\n<p>Is f\u00e9idir le gach \u00fas\u00e1ideoir ceasa\u00edneo, gan eisceacht, a bhfuil an n\u00f3s imeachta cl\u00e1r\u00fach\u00e1in cr\u00edochnaithe acu an b\u00f3nas f\u00e1ilte, n\u00f3 an b\u00f3nas cl\u00e1r\u00fach\u00e1in. Cialla\u00edonn cl\u00e1r\u00fa cuntas a chruth\u00fa ar shu\u00edomh Gr\u00e9as\u00e1in an cheasa\u00edneo, ach gan f\u00edor\u00fa cuntais f\u00f3s. Cuireann an t-\u00fas\u00e1ideoir sonra\u00ed pearsanta isteach i bhfoirm chl\u00e1r\u00fach\u00e1in speisialta. N\u00ed m\u00f3r don \u00fas\u00e1ideoir uimhir theileaf\u00f3in agus r-phost a chur isteach. Seolfar r\u00edomhphost le nasc le dul chun cruth\u00fa cuntais nua a dheimhni\u00fa chuig do r-phost pearsanta.<\/p>\n<h3>An bhfuil cluiche sliot\u00e1n saor in aisce ann?<\/h3>\n<p>Is f\u00e9idir leat imirt ar an su\u00edomh Casino ar l\u00edne go hioml\u00e1n saor in aisce ach, le haghaidh seo n\u00ed g\u00e1 duit dul tr\u00ed n\u00f3s imeachta cl\u00e1r\u00fach\u00e1in simpl\u00ed. N\u00ed g\u00e1 breisi\u00fa a dh\u00e9anamh ar an gcuntas cluiche. Is \u00e9 sin le r\u00e1, n\u00edor cheart don \u00fas\u00e1ideoir aon oibleag\u00e1id\u00ed a ghlacadh maidir leis an gceasa\u00edneo ar chor ar bith. Chun seo a dh\u00e9anamh, is leor dul isteach sa leagan taispe\u00e1na de shliot\u00e1in le roinnt r\u00edleanna agus l\u00ednte buaite, mura bhfuil aon taith\u00ed ag an \u00fas\u00e1ideoir ag imirt ar airgead f\u00edor roimhe sin, agus ag imirt cluich\u00ed cearrbhachais ar l\u00edne.<\/p>\n","protected":false},"excerpt":{"rendered":"<p>N\u00ed f\u00e9idir le h\u00fas\u00e1ideoir\u00ed nua agus cearrbhachas ceasa\u00edneo RocketPlay b\u00f3nas gan aon \u00e9arlais 2023 a fh\u00e1il ach amh\u00e1in le haghaidh gn\u00edomhartha \u00e1irithe. M\u00e1 t\u00e1 muid ag caint faoi bh\u00f3nas gan taisce, n\u00ed bheidh g\u00e1 le cist\u00ed taisce chun an tairiscint b\u00f3nais a fh\u00e1il. Is \u00e9ard at\u00e1 i gc\u00e1s eile n\u00e1 tairiscint b\u00f3nas a ghn\u00edomhacht\u00fa, mar&#8230;<\/p>\n","protected":false},"author":1,"featured_media":0,"parent":0,"menu_order":0,"comment_status":"closed","ping_status":"closed","template":"","meta":{"_acf_changed":false,"_kad_post_transparent":"default","_kad_post_title":"default","_kad_post_layout":"default","_kad_post_sidebar_id":"","_kad_post_content_style":"default","_kad_post_vertical_padding":"default","_kad_post_feature":"","_kad_post_feature_position":"","_kad_post_header":false,"_kad_post_footer":false,"footnotes":""},"class_list":["post-2368","page","type-page","status-publish","hentry"],"acf":[],"rttpg_featured_image_url":null,"rttpg_author":{"display_name":"Tom","author_link":"https:\/\/rocketplay-game.com\/ga\/author\/pemvas95n89x\/"},"rttpg_comment":0,"rttpg_category":null,"rttpg_excerpt":"N\u00ed f\u00e9idir le h\u00fas\u00e1ideoir\u00ed nua agus cearrbhachas ceasa\u00edneo RocketPlay b\u00f3nas gan aon \u00e9arlais 2023 a fh\u00e1il ach amh\u00e1in le haghaidh gn\u00edomhartha \u00e1irithe. M\u00e1 t\u00e1 muid ag caint faoi bh\u00f3nas gan taisce, n\u00ed bheidh g\u00e1 le cist\u00ed taisce chun an tairiscint b\u00f3nais a fh\u00e1il. Is \u00e9ard at\u00e1 i gc\u00e1s eile n\u00e1 tairiscint b\u00f3nas a ghn\u00edomhacht\u00fa, mar...","_links":{"self":[{"href":"https:\/\/rocketplay-game.com\/ga\/wp-json\/wp\/v2\/pages\/2368","targetHints":{"allow":["GET"]}}],"collection":[{"href":"https:\/\/rocketplay-game.com\/ga\/wp-json\/wp\/v2\/pages"}],"about":[{"href":"https:\/\/rocketplay-game.com\/ga\/wp-json\/wp\/v2\/types\/page"}],"author":[{"embeddable":true,"href":"https:\/\/rocketplay-game.com\/ga\/wp-json\/wp\/v2\/users\/1"}],"replies":[{"embeddable":true,"href":"https:\/\/rocketplay-game.com\/ga\/wp-json\/wp\/v2\/comments?post=2368"}],"version-history":[{"count":2,"href":"https:\/\/rocketplay-game.com\/ga\/wp-json\/wp\/v2\/pages\/2368\/revisions"}],"predecessor-version":[{"id":2373,"href":"https:\/\/rocketplay-game.com\/ga\/wp-json\/wp\/v2\/pages\/2368\/revisions\/2373"}],"wp:attachment":[{"href":"https:\/\/rocketplay-game.com\/ga\/wp-json\/wp\/v2\/media?parent=2368"}],"curies":[{"name":"wp","href":"https:\/\/api.w.org\/{rel}","templated":true}]}}