{"id":2387,"date":"2022-08-11T20:40:03","date_gmt":"2022-08-11T17:40:03","guid":{"rendered":"https:\/\/rocketplay-game.com\/free-spins\/"},"modified":"2022-10-29T18:01:22","modified_gmt":"2022-10-29T15:01:22","slug":"free-spins","status":"publish","type":"page","link":"https:\/\/rocketplay-game.com\/ga\/free-spins\/","title":{"rendered":"Bain tairbhe as \u00e1r Freespins"},"content":{"rendered":"<p><img loading=\"lazy\" decoding=\"async\" class=\" wp-image-295 aligncenter\" src=\"https:\/\/rocketplay-game.com\/wp-content\/uploads\/2022\/08\/playamo-australia-review-why-should-you-play-on-playamo-casino-1-1-300x192.jpeg\" alt=\"free spins\" width=\"578\" height=\"370\" srcset=\"https:\/\/rocketplay-game.com\/wp-content\/uploads\/2022\/08\/playamo-australia-review-why-should-you-play-on-playamo-casino-1-1-300x192.jpeg 300w, https:\/\/rocketplay-game.com\/wp-content\/uploads\/2022\/08\/playamo-australia-review-why-should-you-play-on-playamo-casino-1-1-1024x656.jpeg 1024w, https:\/\/rocketplay-game.com\/wp-content\/uploads\/2022\/08\/playamo-australia-review-why-should-you-play-on-playamo-casino-1-1-768x492.jpeg 768w, https:\/\/rocketplay-game.com\/wp-content\/uploads\/2022\/08\/playamo-australia-review-why-should-you-play-on-playamo-casino-1-1-1536x983.jpeg 1536w, https:\/\/rocketplay-game.com\/wp-content\/uploads\/2022\/08\/playamo-australia-review-why-should-you-play-on-playamo-casino-1-1.jpeg 2048w\" sizes=\"auto, (max-width: 578px) 100vw, 578px\" \/><\/p>\n<p>Tugtar taca\u00edocht d\u2019\u00fas\u00e1ideoir\u00ed nua spins saor in aisce le b\u00f3nas Casino<a href=\"https:\/\/rocketplay-game.com\/ga\"> RocketPlay<\/a> n\u00ed chun \u00e9arlais a dh\u00e9anamh, ach amh\u00e1in chun dul tr\u00edd an n\u00f3s imeachta <a href=\"https:\/\/rocketplay-game.com\/ga\/registration\/\">cl\u00e1r\u00fach\u00e1in<\/a> n\u00f3 chun an feidhmchl\u00e1r soghluaiste a \u00edosl\u00f3d\u00e1il &#8211; agus tos\u00fa ag imirt ar airgead f\u00edor. Go minic, is f\u00e9idir leat liosta m\u00f3r de bh\u00f3nais gan taisce agus taisce a fh\u00e1il ar shu\u00edomh Gr\u00e9as\u00e1in na gceasa\u00edneonna ar l\u00edne. Ar shu\u00edomh Gr\u00e9as\u00e1in RocketPlay, n\u00edl aon b\u00f3nais taisce ann, ach n\u00edl b\u00f3nais taisce ann. Agus t\u00e1 an b\u00f3nas le h\u00edosl\u00f3d\u00e1il an iarratais soghluaiste agus cl\u00e1r\u00fa mar an gc\u00e9anna.<\/p>\n<p>Mar sin f\u00e9in, n\u00ed f\u00e9idir ach le cl\u00e1r\u00fa a fh\u00e1il. \u00das\u00e1ideoir\u00ed rialta an l\u00e1ithre\u00e1in ceasa\u00edneo ar l\u00edne, a bh\u00edonn i gc\u00f3na\u00ed ag imirt cluich\u00ed cearrbhachais ar l\u00edne, ar \u00fain\u00e9ir\u00ed b\u00f3nais seachtaini\u00fala agus m\u00edos\u00fala iad. Spreagann na b\u00f3nais seo \u00fas\u00e1ideoir\u00ed ar\u00eds agus filleann siad ar an su\u00edomh ceasa\u00edneo ar l\u00edne ar\u00eds le haghaidh buaite nua. Is f\u00e9idir leis na h\u00fas\u00e1ideoir\u00ed sin a imr\u00edonn go rialta ag an gceasa\u00edneo st\u00e1das imreoir nua a fh\u00e1il, mar st\u00e1das VIP. Leis an st\u00e1das VIP, n\u00ed hamh\u00e1in go raibh oibleag\u00e1id\u00ed nua le feice\u00e1il, ach freisin b\u00f3nais nua nach l\u00fa chomh taitneamhach, chomh maith le gn\u00e1th-\u00fas\u00e1ideoir\u00ed ceasa\u00edneo ar l\u00edne.<\/p>\n<h2>Conas b\u00f3nas spins saor in aisce a fh\u00e1il?<\/h2>\n<p>T\u00e1 spins saor in aisce RocketPlay ar f\u00e1il chun an pr\u00f3iseas cl\u00e1r\u00fach\u00e1in caighde\u00e1nach a chr\u00edochn\u00fa. Nuair a thagann s\u00e9 le b\u00f3nais s\u00ednithe, is b\u00f3nais s\u00ednithe iad i nd\u00e1ir\u00edre. Is \u00e9 sin, tar \u00e9is cl\u00e1r\u00fach\u00e1in, is f\u00e9idir le h\u00fas\u00e1ideoir\u00ed sliot\u00e1n n\u00f3 cluich\u00ed cearrbhachais ar l\u00edne eile a imirt saor in aisce. Chun cinneadh a dh\u00e9anamh a imirt ar airgead f\u00edor, n\u00ed m\u00f3r duit imirt ar dt\u00fas leis na b\u00f3nais f\u00edor a thugann an Casino ar l\u00edne.<\/p>\n<p>Cad is g\u00e1 dom a dh\u00e9anamh chun an pr\u00f3iseas cl\u00e1r\u00fach\u00e1in a chr\u00edochn\u00fa? Ar nd\u00f3igh, is g\u00e1 sonra\u00ed pearsanta a chur isteach ar n\u00f3s uimhir theileaf\u00f3in agus r-phost san fhoirm chl\u00e1r\u00fach\u00e1in. Seolfar litir le nasc aonair chun an n\u00f3s imeachta cl\u00e1r\u00fach\u00e1in a dheimhni\u00fa chuig do r-phost pearsanta. Chomh maith le cl\u00e1r\u00fa, t\u00e1 n\u00f3s imeachta f\u00edoraithe ann freisin, at\u00e1 simpl\u00ed cos\u00fail le cl\u00e1r\u00fa, ach \u00e9il\u00edonn an Casino ar l\u00edne duit c\u00f3ip de dhoicim\u00e9ad a sheoladh a dheimhn\u00edonn gur duine f\u00edor an t-\u00fas\u00e1ideoir agus nach bot, etc.<\/p>\n<p>C\u00e9 gur f\u00e9idir an b\u00f3nas a fh\u00e1il tr\u00ed n\u00f3s imeachta cl\u00e1r\u00fach\u00e1in simpl\u00ed, mar shampla b\u00f3nas 300%, ar a dtugtar b\u00f3nas f\u00e1ilte freisin, is f\u00e9idir m\u00e9id EUR 20 a thaisceadh isteach sa chuntas ginear\u00e1lta chun \u00e9 a ghn\u00edomhacht\u00fa. Chomh maith leis an b\u00f3nas 300%, faigheann an t-\u00fas\u00e1ideoir 100 spins saor in aisce. B\u00ed cinnte aird a thabhairt ar an bhf\u00edric gur f\u00e9idir leis an b\u00f3nas f\u00e1ilte a fh\u00e1il ach uair amh\u00e1in, agus gan ach aige. T\u00e1 difr\u00edocht idir b\u00f3nais, n\u00ed hamh\u00e1in i ngn\u00e9ithe a ngn\u00edomhachta, ach freisin ina dtr\u00e9imhse bail\u00edochta.<\/p>\n<h2>Cine\u00e1lacha spins saor in aisce,<\/h2>\n<p>Is b\u00f3nas deas iad spins saor in aisce Casino RocketPlay, c\u00e9 gur f\u00e9idir leat sliot\u00e1in a imirt saor in aisce le b\u00f3nais den s\u00f3rt sin. C\u00e9 gur r\u00edleanna sn\u00edomh saor in aisce iad gach spins saor in aisce i sliot\u00e1n, t\u00e1 beala\u00ed saor in aisce ann chun iad a fh\u00e1il. T\u00e1 beala\u00ed difri\u00fala acu chun spins saor in aisce a fh\u00e1il. T\u00e1 gach rud go maith, simpl\u00ed, agus soil\u00e9ir.<\/p>\n<p>Mar sin c\u00e9 a fhaigheann b\u00f3nais i nd\u00e1ir\u00edre ag Casino spins saor in aisce RocketPlay?<\/p>\n<ul>\n<li>Is f\u00e9idir leat spins saor \u00f3 bh\u00f3nas a fh\u00e1il chun an feidhmchl\u00e1r soghluaiste a \u00edosl\u00f3d\u00e1il. Is \u00e9 sin le r\u00e1 go bhf\u00e1gann \u00fas\u00e1ideoir\u00ed feidhmchl\u00e1r soghluaiste Casino ar l\u00edne RocketPlay b\u00f3nas taitneamhach don \u00fain\u00e9ir\u00ed go huathoibr\u00edoch as an ngn\u00edomh simpl\u00ed seo.<\/li>\n<li>Fanann \u00fas\u00e1ideoir\u00ed nua a chr\u00edochnaigh an n\u00f3s imeachta cl\u00e1r\u00fach\u00e1in go huathoibr\u00edoch mar \u00fain\u00e9ir\u00ed an bh\u00f3nais f\u00e1ilte le 100 spins saor in aisce sa bhreis. Tabharfaimid c\u00e9ad spins saor in aisce d\u00f3ibh le cl\u00e1r\u00fa ar an su\u00edomh ceasa\u00edneo ar l\u00edne!<\/li>\n<li>Is f\u00e9idir le h\u00fas\u00e1ideoir\u00ed nua agus imreoir\u00ed rialta RocketPlay Casino Free Spins No Deposit a thuilleamh n\u00ed hamh\u00e1in as an ngn\u00edomh, ach freisin as imirt go rialta sa Casino ar l\u00edne. N\u00edl aon b\u00f3nais taisce ar an l\u00e1ithre\u00e1n, agus is b\u00f3nas amh\u00e1in den s\u00f3rt sin iad spins saor in aisce.<\/li>\n<\/ul>\n<p>Mar sin, is f\u00e9idir le spins saor in aisce a bheith aonuaire, rialta agus aonair. Is miondeal\u00fa bar\u00falach maith \u00e9 seo ar na spins saor in aisce, ach a fheice\u00e1il go bhfuil roinnt beala\u00ed chun iad a fh\u00e1il ag an su\u00edomh Casino ar l\u00edne mar \u00fas\u00e1ideoir RocketPlay.<\/p>\n<p><img loading=\"lazy\" decoding=\"async\" class=\" wp-image-296 aligncenter\" src=\"https:\/\/rocketplay-game.com\/wp-content\/uploads\/2022\/08\/freespin2-300x145.png\" alt=\"rocketplay freespin\" width=\"569\" height=\"275\" srcset=\"https:\/\/rocketplay-game.com\/wp-content\/uploads\/2022\/08\/freespin2-300x145.png 300w, https:\/\/rocketplay-game.com\/wp-content\/uploads\/2022\/08\/freespin2.png 516w\" sizes=\"auto, (max-width: 569px) 100vw, 569px\" \/><\/p>\n<h2>CC<\/h2>\n<h3>An bhfuil spins saor in aisce ag Casino RocketPlay san Astr\u00e1il aonair n\u00f3 caighde\u00e1nach do gach \u00fas\u00e1ideoir nua agus imreoir rialta?<\/h3>\n<p>T\u00e1 go leor cine\u00e1lacha b\u00f3nais ar shu\u00edomh Gr\u00e9as\u00e1in an cheasa\u00edneo, lena n-\u00e1ir\u00edtear spins saor in aisce. Is f\u00e9idir na spins saor in aisce seo a \u00fas\u00e1id chun cluich\u00ed cearrbhachais ar l\u00edne saor in aisce a imirt. C\u00e9 go bhfuil an chuid is m\u00f3 de na b\u00f3nais seo caighde\u00e1nach agus is f\u00e9idir le gach \u00fas\u00e1ideoir cl\u00e1raithe iad a fh\u00e1il, t\u00e1 ceann ann freisin a r\u00edomhfar ina n-aonar le haghaidh gn\u00f3thacht\u00e1il aonair sa chluiche. Is f\u00e9idir le gach \u00fas\u00e1ideoir cl\u00e1raithe a bheith ina n-\u00fain\u00e9ir\u00ed b\u00f3nais aonair agus caighde\u00e1nacha i bhfoirm spins saor in aisce.<\/p>\n<h3>Cathain is f\u00e9idir leat 100 spins saor in aisce a fh\u00e1il le cl\u00e1r\u00fa?<\/h3>\n<p>R\u00edomhtar b\u00f3nas den s\u00f3rt sin i bhfoirm b\u00f3nas f\u00e1ilte. N\u00ed f\u00e9idir ach le h\u00fas\u00e1ideoir\u00ed nua ceasa\u00edneo a bheith ina n-\u00fain\u00e9ir\u00ed ar bh\u00f3nas den s\u00f3rt sin. Ina theannta sin, n\u00ed f\u00e9idir b\u00f3nais den s\u00f3rt sin a fh\u00e1il ach uair amh\u00e1in, mar sin is fearr leas ioml\u00e1n a bhaint astu. Chomh maith le gach spins nua saor in aisce le haghaidh cluiche sliot\u00e1n taitneamhach, \u00e9ir\u00edonn an cearrbhach go huathoibr\u00edoch ina \u00fain\u00e9ir ar bh\u00f3nas 300%. T\u00e1 \u00e9arlais ag teast\u00e1il chun \u00e9 a ghn\u00edomhacht\u00fa. Is \u00e9 20 EUR an m\u00e9id at\u00e1 le taisceadh sa chuntas ginear\u00e1lta. C\u00e9 nach \u00e9arlais \u00e9 an b\u00f3nas, t\u00e1 f\u00edor-airgead ag teast\u00e1il \u00f3n \u00fas\u00e1ideoir chun tuilleadh dul chun cinn a dh\u00e9anamh sa chluiche f\u00edor-airgead.<\/p>\n<h3>B\u00f3nas as feidhmchl\u00e1r soghluaiste a chl\u00e1r\u00fa agus a \u00edosl\u00f3d\u00e1il &#8211; an b\u00f3nais \u00e9ags\u00fala iad seo?<\/h3>\n<p>Ar nd\u00f3igh, is dh\u00e1 bh\u00f3nas \u00e9ags\u00fala iad seo. Tar \u00e9is an tsaoil, is f\u00e9idir le feidhmchl\u00e1r soghluaiste na h\u00fas\u00e1ideoir\u00ed sin a bhfuil cuntas pearsanta acu ar an su\u00edomh ceasa\u00edneo ar l\u00edne a \u00edosl\u00f3d\u00e1il freisin &#8211; agus a mb\u00f3nas \u00edosl\u00f3d\u00e1la a fh\u00e1il. Is f\u00e9idir le h\u00fas\u00e1ideoir\u00ed nach ndeachaigh tr\u00edd an bpr\u00f3iseas cl\u00e1r\u00fach\u00e1in f\u00f3s an feidhmchl\u00e1r soghluaiste a \u00edosl\u00f3d\u00e1il. Mar sin, tar \u00e9is an t-iarratas a \u00edosl\u00f3d\u00e1il, is f\u00e9idir leo b\u00f3nas f\u00e1ilte 300% a fh\u00e1il le haghaidh cl\u00e1r\u00fach\u00e1in. N\u00e1 caill an deis dea-am a bheith agat ag imirt cluich\u00ed cearrbhachais ar l\u00edne ar airgead f\u00edor!<\/p>\n","protected":false},"excerpt":{"rendered":"<p>Tugtar taca\u00edocht d\u2019\u00fas\u00e1ideoir\u00ed nua spins saor in aisce le b\u00f3nas Casino RocketPlay n\u00ed chun \u00e9arlais a dh\u00e9anamh, ach amh\u00e1in chun dul tr\u00edd an n\u00f3s imeachta cl\u00e1r\u00fach\u00e1in n\u00f3 chun an feidhmchl\u00e1r soghluaiste a \u00edosl\u00f3d\u00e1il &#8211; agus tos\u00fa ag imirt ar airgead f\u00edor. Go minic, is f\u00e9idir leat liosta m\u00f3r de bh\u00f3nais gan taisce agus taisce a&#8230;<\/p>\n","protected":false},"author":1,"featured_media":0,"parent":0,"menu_order":0,"comment_status":"closed","ping_status":"closed","template":"","meta":{"_acf_changed":false,"_kad_post_transparent":"default","_kad_post_title":"default","_kad_post_layout":"default","_kad_post_sidebar_id":"","_kad_post_content_style":"default","_kad_post_vertical_padding":"default","_kad_post_feature":"","_kad_post_feature_position":"","_kad_post_header":false,"_kad_post_footer":false,"footnotes":""},"class_list":["post-2387","page","type-page","status-publish","hentry"],"acf":[],"rttpg_featured_image_url":null,"rttpg_author":{"display_name":"Tom","author_link":"https:\/\/rocketplay-game.com\/ga\/author\/pemvas95n89x\/"},"rttpg_comment":0,"rttpg_category":null,"rttpg_excerpt":"Tugtar taca\u00edocht d\u2019\u00fas\u00e1ideoir\u00ed nua spins saor in aisce le b\u00f3nas Casino RocketPlay n\u00ed chun \u00e9arlais a dh\u00e9anamh, ach amh\u00e1in chun dul tr\u00edd an n\u00f3s imeachta cl\u00e1r\u00fach\u00e1in n\u00f3 chun an feidhmchl\u00e1r soghluaiste a \u00edosl\u00f3d\u00e1il &#8211; agus tos\u00fa ag imirt ar airgead f\u00edor. Go minic, is f\u00e9idir leat liosta m\u00f3r de bh\u00f3nais gan taisce agus taisce a...","_links":{"self":[{"href":"https:\/\/rocketplay-game.com\/ga\/wp-json\/wp\/v2\/pages\/2387","targetHints":{"allow":["GET"]}}],"collection":[{"href":"https:\/\/rocketplay-game.com\/ga\/wp-json\/wp\/v2\/pages"}],"about":[{"href":"https:\/\/rocketplay-game.com\/ga\/wp-json\/wp\/v2\/types\/page"}],"author":[{"embeddable":true,"href":"https:\/\/rocketplay-game.com\/ga\/wp-json\/wp\/v2\/users\/1"}],"replies":[{"embeddable":true,"href":"https:\/\/rocketplay-game.com\/ga\/wp-json\/wp\/v2\/comments?post=2387"}],"version-history":[{"count":2,"href":"https:\/\/rocketplay-game.com\/ga\/wp-json\/wp\/v2\/pages\/2387\/revisions"}],"predecessor-version":[{"id":2393,"href":"https:\/\/rocketplay-game.com\/ga\/wp-json\/wp\/v2\/pages\/2387\/revisions\/2393"}],"wp:attachment":[{"href":"https:\/\/rocketplay-game.com\/ga\/wp-json\/wp\/v2\/media?parent=2387"}],"curies":[{"name":"wp","href":"https:\/\/api.w.org\/{rel}","templated":true}]}}