{"id":2409,"date":"2022-05-15T16:51:32","date_gmt":"2022-05-15T13:51:32","guid":{"rendered":"https:\/\/rocketplay-game.com\/vip\/"},"modified":"2025-11-25T22:57:49","modified_gmt":"2025-11-25T19:57:49","slug":"vip","status":"publish","type":"page","link":"https:\/\/rocketplay-game.com\/ga\/vip\/","title":{"rendered":"Cl\u00e1r VIP ag RocketPlay"},"content":{"rendered":"<div id=\"wppb-builder-container\" class=\"wppb-builder-container\">                <div  class=\"wppb-row-parent  wppb-row-1651149714946 \"  >\n\t\t\t\t\t\n\t\t\t\t\t\t\t\t\t\t\n\t\t\t\t\t\t\t\t\t\t\n\t\t\t\t\t<div class=\"wppb-container \">\n\t\t\t\t\t\t\t\t\t\t\t\t\t\n                        <div class=\"wppb-row\">\n\t\t\t\t\t\t\t                                    <div  class=\"wppb-column-parent wppb-column-parent-view wppb-col-1651149714949  \"  >\n                                        <div class=\"wppb-column\">\n\t\t\t\t\t\n\t\t\t\t\t\t\t\t\t\t\t\n                                            <div class=\"wppb-builder-addons\">\n\t\t\t\t\t\t\t\t\t\t\t\t<div class='wppb-builder-addon wppb-addon-1651150162258'  data-addon-id='1651150162258'><div class='wppb-addon'><div class=\"wppb-headline-addon\"><div class=\"wppb-headline-content\"><h1 class=\"wppb-addon-title\">Cl\u00e1r VIP casino RocketPlay<\/h1><\/div><\/div><\/div><\/div><div class='wppb-builder-addon wppb-addon-1651150171497'  data-addon-id='1651150171497'><div class='wppb-addon'><div class=\"wppb-text-block-addon\"><div class=\"wppb-text-block-content 0\"><p>Sna hamanna d\u00fashl\u00e1nacha at\u00e1 roimh an domhan mar is eol d\u00fainn \u00e9, t\u00e1 s\u00e9 n\u00edos t\u00e1bhachta\u00ed n\u00e1 riamh do chuideachta\u00ed timpeallacht a chruth\u00fa d\u00e1 gcustaim\u00e9ir\u00ed a bhraitheann go bhfuil t\u00e1bhacht agus luach orthu. De ghn\u00e1th, d\u00e9anann ceasa\u00edneonna ar l\u00edne \u00e9 seo tr\u00ed chl\u00e1ir tiomnaithe imreoir\u00ed a chuims\u00edonn imeachta\u00ed f\u00edor\u00fala, crannchuir ar l\u00edne, agus go leor prom\u00f3isin agus <a href=\"https:\/\/rocketplay-game.com\/ga\/bonus\/\">b\u00f3nais<\/a> ceasa\u00edneo eile. Is \u00e9 ceann de na tairiscint\u00ed seo an cl\u00e1r VIP Casino Rocket Play.<\/p><p>I gc\u00e1s go leor, is rud \u00e9 an tairiscint seo ar chuala gach duine tr\u00e1cht uirthi ach n\u00e1r bhain triail as. M\u00e1s f\u00edor-lucht lean\u00fana na gceasa\u00edneonna ar l\u00edne t\u00fa, is f\u00e9idir leat lua\u00edochta\u00ed aonair a fh\u00e1il. Casino ar l\u00edne<a href=\"https:\/\/rocketplay-game.com\/ga\"> Rocket Play<\/a> Tugann cl\u00e1r VIP go leor bunt\u00e1ist\u00ed agus bronntanais duit.<\/p><\/div><\/div><\/div><\/div><div class='wppb-builder-addon wppb-addon-1651149715158'  data-addon-id='1651149715158'><div class='wppb-addon'><div class=\"wppb-addon wppb-button-addon\"><div class=\"wppb-button-addon-content\"><a  href=\"\/go-casino\/\" target=_blank class=\"wppb-btn-addons  wppb-btn-custom wppb-btn-round wppb-btn-large wppb-btn-no\">IMIR ANOIS<\/a><\/div><\/div><\/div><\/div>                                            <\/div>\n                                        <\/div>\n                                    <\/div>\n\t\t\t\t\t\t\t\t\t                                    <div  class=\"wppb-column-parent wppb-column-parent-view wppb-col-1664789794734  \"  >\n                                        <div class=\"wppb-column\">\n\t\t\t\t\t\n\t\t\t\t\t\t\t\t\t\t\t\n                                            <div class=\"wppb-builder-addons\">\n\t\t\t\t\t\t\t\t\t\t\t\t<div class='wppb-builder-addon wppb-addon-1664791287457'  data-addon-id='1664791287457'><div class='wppb-addon'><div class=\"wppb-image-addon\"><figure class=\"wppb-image-addon-content-wrap\"><div class=\"wppb-image-addon-content wppb-imginlineblock\"><img decoding=\"async\" class=\"wppb-image-addon-img\" src=\"https:\/\/rocketplay-game.com\/wp-content\/uploads\/2022\/10\/rocketplay-vip.png\" alt=\"\"><\/div><\/figure><\/div><\/div><\/div>                                            <\/div>\n                                        <\/div>\n                                    <\/div>\n\t\t\t\t\t\t\t\t\t                        <\/div>\n\n                    <\/div>\n                <\/div>\n\t\t\t\t                <div  class=\"wppb-row-parent  wppb-row-1652449332574 \"  >\n\t\t\t\t\t\n\t\t\t\t\t\t\t\t\t\t\n\t\t\t\t\t\t\t\t\t\t\n\t\t\t\t\t<div class=\"wppb-container \">\n\t\t\t\t\t\t\t\t\t\t\t\t\t\n                        <div class=\"wppb-row\">\n\t\t\t\t\t\t\t                                    <div  class=\"wppb-column-parent wppb-column-parent-view wppb-col-1652449332575  \"  >\n                                        <div class=\"wppb-column\">\n\t\t\t\t\t\n\t\t\t\t\t\t\t\t\t\t\t\n                                            <div class=\"wppb-builder-addons\">\n\t\t\t\t\t\t\t\t\t\t\t\t<div class='wppb-builder-addon wppb-addon-1652449332580'  data-addon-id='1652449332580'><div class='wppb-addon'><div class=\"wppb-feature-box-addon\"><div class=\"wppb-feature-box-content\"><div class=\"wppb-feature-box-icon\"><i class=\"fas fa-gem\"><\/i><\/div><h3 class=\"wppb-feature-box-title\">Bain \u00fas\u00e1id as an leagan taispe\u00e1na<\/h3><div class=\"wppb-feature-box-intro\">T\u00e1 imirt i m\u00f3d taispe\u00e1na iontach do imreoir\u00ed gan taith\u00ed, toisc go gceada\u00edonn s\u00e9 duit rialacha an chluiche a fhoghlaim agus bunbhr\u00ed an chearrbhachais a thuiscint gan riosca\u00ed airgeadais gan gh\u00e1. Nuair a bheidh an t-eolas riachtanach faighte agat, imirt saor in aisce agus bogadh ar aghaidh go dt\u00ed an modh \u00edoctha chun an dr\u00e9imire VIP a dhreapadh ag do cheasa\u00edneonna ar l\u00edne.<\/div><\/div><\/div><\/div><\/div><div class='wppb-builder-addon wppb-addon-1652449333084'  data-addon-id='1652449333084'><div class='wppb-addon'><div class=\"wppb-feature-box-addon\"><div class=\"wppb-feature-box-content\"><div class=\"wppb-feature-box-icon\"><i class=\"fas fa-gem\"><\/i><\/div><h3 class=\"wppb-feature-box-title\">Feabhas a chur ar do scileanna<\/h3><div class=\"wppb-feature-box-intro\">N\u00ed f\u00e9idir ach le himreoir\u00ed gairmi\u00fala dreapadh suas agus leibh\u00e9il n\u00edos airde a fh\u00e1il sa chl\u00e1r d\u00edlseachta. D\u00e1 bhr\u00ed sin, t\u00e1 s\u00e9 t\u00e1bhachtach a bheith ag obair ar do scileanna gambling gach l\u00e1, iad a fheabhs\u00fa. Chun na cr\u00edche sin is g\u00e1 sliot\u00e1in ceasa\u00edneo ar l\u00edne, cluich\u00ed beo, cluich\u00ed teilif\u00edse, meais\u00edn\u00ed c\u00e1rta\u00ed agus boird a re\u00e1cht\u00e1il.<\/div><\/div><\/div><\/div><\/div><div class='wppb-builder-addon wppb-addon-1652449333106'  data-addon-id='1652449333106'><div class='wppb-addon'><div class=\"wppb-feature-box-addon\"><div class=\"wppb-feature-box-content\"><div class=\"feature-box-left\"><div class=\"feature-box-left-media\"><div class=\"wppb-feature-box-icon\"><i class=\"fas fa-gem\"><\/i><\/div><\/div><div class=\"feature-box-left-body\"><h3 class=\"wppb-feature-box-title\">L\u00e9igh faoi chl\u00e1r VIP chun cinn nua<\/h3><div class=\"wppb-feature-box-intro\">T\u00e1 blaganna agus leathanaigh i l\u00edonra\u00ed s\u00f3isialta ag go leor ceasa\u00edneonna nua-aimseartha ar l\u00edne, \u00e1it ar f\u00e9idir leat liosta cuimsitheach faisn\u00e9ise a fh\u00e1il faoin Casino VIP nua RocketPlay gan aon bh\u00f3nas taisce agus na rialacha a bhaineann le rannph\u00e1irt\u00edocht sa chl\u00e1r VIP. L\u00e9igh an nuacht faoin gclub cearrbhachais n\u00edos minice, ionas gur f\u00e9idir leat bogadh suas sa chl\u00e1r VIP agus rochtain a fh\u00e1il ar fi\u00fa n\u00edos m\u00f3 b\u00f3nais.<\/div><\/div><\/div><\/div><\/div><\/div><\/div>                                            <\/div>\n                                        <\/div>\n                                    <\/div>\n\t\t\t\t\t\t\t\t\t                                    <div  class=\"wppb-column-parent wppb-column-parent-view wppb-col-1652449333126  \"  >\n                                        <div class=\"wppb-column\">\n\t\t\t\t\t\n\t\t\t\t\t\t\t\t\t\t\t\n                                            <div class=\"wppb-builder-addons\">\n\t\t\t\t\t\t\t\t\t\t\t\t<div class='wppb-builder-addon wppb-addon-1652449333069'  data-addon-id='1652449333069'><div class='wppb-addon'><div class=\"wppb-feature-box-addon\"><div class=\"wppb-feature-box-content\"><div class=\"wppb-feature-box-icon\"><i class=\"fas fa-gem\"><\/i><\/div><h3 class=\"wppb-feature-box-title\">Seinn ar airgead f\u00edor<\/h3><div class=\"wppb-feature-box-intro\">Murab ionann agus an modh taispe\u00e1na, n\u00ed chead\u00f3idh ach imirt ar airgead f\u00edor duit dul chun cinn a dh\u00e9anamh sa chl\u00e1r d\u00edlseachta agus f\u00edor-bhuachan airgid a fh\u00e1il. N\u00edl le d\u00e9anamh agat ach cl\u00e1r\u00fa agus taisce a dh\u00e9anamh tr\u00ed aon cheann de na modhanna at\u00e1 ar f\u00e1il.<\/div><\/div><\/div><\/div><\/div><div class='wppb-builder-addon wppb-addon-1652449333095'  data-addon-id='1652449333095'><div class='wppb-addon'><div class=\"wppb-feature-box-addon\"><div class=\"wppb-feature-box-content\"><div class=\"wppb-feature-box-icon\"><i class=\"fas fa-gem\"><\/i><\/div><h3 class=\"wppb-feature-box-title\">Bain \u00fas\u00e1id as na meais\u00edn\u00ed sliot\u00e1n nua<\/h3><div class=\"wppb-feature-box-intro\">T\u00e1 n\u00edos m\u00f3 b\u00f3nais agus \u00e9ifeachta\u00ed speisialta ag an tionscal cearrbhachais nua, agus mar sin t\u00e1 siad n\u00edos suimi\u00fala do chearrbhachas. Forbr\u00f3ir\u00ed meais\u00edn\u00ed sliot\u00e1n is fearr ar n\u00f3s Microgaming, Igrosoft, NetEnt ag obair go laeth\u00fail chun bogearra\u00ed cearrbhachais ardchaighde\u00e1in a chruth\u00fa. Le haghaidh cluiche ar ardchaighde\u00e1n a mholadh a roghn\u00fa ach casinos s\u00e1bh\u00e1ilte cead\u00fanaithe ar l\u00edne a chosaint go c\u00faramach \u00fas\u00e1ideoir\u00ed sonra\u00ed pearsanta.<\/div><\/div><\/div><\/div><\/div><div class='wppb-builder-addon wppb-addon-1652449333117'  data-addon-id='1652449333117'><div class='wppb-addon'><div class=\"wppb-feature-box-addon\"><div class=\"wppb-feature-box-content\"><div class=\"wppb-feature-box-icon\"><i class=\"fas fa-gem\"><\/i><\/div><h3 class=\"wppb-feature-box-title\">D\u00e9an iarracht st\u00e1das n\u00edos airde a bhaint amach<\/h3><div class=\"wppb-feature-box-intro\">Beidh an spreagadh intreach chun dul chun cinn sa chl\u00e1r VIP ina phreabchl\u00e1r iontach chun rochtain a fh\u00e1il ar n\u00edos m\u00f3 prom\u00f3isin. D\u00e9an staid\u00e9ar c\u00faramach ar rialacha do chlub cearrbhachais ionas gur f\u00e9idir leat \u00e1it ard a bhaint amach chomh luath agus is f\u00e9idir. Tr\u00ed na rialacha simpl\u00ed seo a lean\u00faint, n\u00ed hamh\u00e1in gur f\u00e9idir leat a bheith ina bhall de chl\u00e1r d\u00edlseachta, ach freisin na poist is airde ann.<\/div><\/div><\/div><\/div><\/div>                                            <\/div>\n                                        <\/div>\n                                    <\/div>\n\t\t\t\t\t\t\t\t\t                        <\/div>\n\n                    <\/div>\n                <\/div>\n\t\t\t\t                <div  class=\"wppb-row-parent  wppb-row-1652622719306 \"  >\n\t\t\t\t\t\n\t\t\t\t\t\t\t\t\t\t\n\t\t\t\t\t\t\t\t\t\t\n\t\t\t\t\t<div class=\"wppb-container \">\n\t\t\t\t\t\t\t\t\t\t\t\t\t\n                        <div class=\"wppb-row\">\n\t\t\t\t\t\t\t                                    <div  class=\"wppb-column-parent wppb-column-parent-view wppb-col-1652622719307  \"  >\n                                        <div class=\"wppb-column\">\n\t\t\t\t\t\n\t\t\t\t\t\t\t\t\t\t\t\n                                            <div class=\"wppb-builder-addons\">\n\t\t\t\t\t\t\t\t\t\t\t\t<div class='wppb-builder-addon wppb-addon-1652622719309'  data-addon-id='1652622719309'><div class='wppb-addon'><div class=\"wppb-text-block-addon\"><div class=\"wppb-text-block-content 0\"><h2>Na Bunt\u00e1ist\u00ed a bhaineann le Bheith VIP<\/h2><p>Feidhm\u00edonn cl\u00e1r VIP Casino Rocket Play Astr\u00e1il sa chaoi is go dtugann an institi\u00faid b\u00f3nas, babhta\u00ed breise, agus go leor eile d\u2019\u00fas\u00e1ideoir\u00ed. T\u00e1 a gcrit\u00e9ir f\u00e9in ag cuideachta\u00ed a fhorbra\u00edonn cl\u00e1ir VIP d\u00e1 gcliaint tr\u00edna sanntar st\u00e1das VIP d\u2019imreoir. Is minic a bh\u00edonn siad bunaithe ar ch\u00f3ras point\u00ed agus taisc\u00ed rialta i bhfoirm ceithre n\u00f3 c\u00faig fhigi\u00far. Tosaigh geallt\u00f3ireacht go rialta, carnaigh point\u00ed cluiche, agus rachaidh an bainisteoir ceasa\u00edneo i dteagmh\u00e1il leat chun cuireadh a thabhairt duit chuig an gcl\u00e1r VIP.<\/p><p>Is ar \u00e9igean a gheobhaidh t\u00fa duine a thagann go dt\u00ed an Casino a chailleadh. Fi\u00fa mura bhfuil i gceist le dul chuig buna\u00edocht chearrbhachais ach spraoi a bheith agat, is \u00e9 an sprioc a shaothra\u00edonn gach imreoir ach ceann amh\u00e1in - a bhuachan. Ar an drochuair, t\u00e1 s\u00e9 dodh\u00e9anta a bhuachan i gc\u00f3na\u00ed; ar shl\u00ed eile, bheadh \u200b\u200bna ceasa\u00edneonna d\u00fanta, m\u00e1s rud \u00e9 nach bhfuil gach l\u00e1, ansin gach l\u00e1 eile. Is cuid den phr\u00f3iseas cearrbhachais \u00e9 an chailli\u00faint a gcaithfear d\u00e9ile\u00e1il leis i gceart, go h\u00e1irithe ag smaoineamh ar an bhf\u00edric go bhfuil b\u00f3nas maolaithe den scoth curtha ar f\u00e1il ag ceasa\u00edneonna don ch\u00e1s seo - casino cashback .<\/p><p>Murab ionann agus b\u00f3nais eile a chuirtear ar f\u00e1il do ch\u00f3id chl\u00e1r\u00fach\u00e1in n\u00f3 prom\u00f3isin, is b\u00f3nas carnach \u00e9 an b\u00f3nas seo. Is b\u00f3nas f\u00edor-dheas \u00e9 seo, rud a l\u00e9ir\u00edonn go bhfuil an ceasa\u00edneo ag iarraidh an tionchar di\u00faltach a d\u2019fh\u00e9adfadh a bheith ag cailli\u00faint a mhaol\u00fa. Is \u00e9 an t-aon rud is g\u00e1 duit a mheabhr\u00fa ionas nach mbeidh d\u00edom\u00e1 ort n\u00e1 na coinn\u00edollacha a bhaineann leis an b\u00f3nas seo a fh\u00e1il a l\u00e9amh ar shu\u00edomh Gr\u00e9as\u00e1in an cheasa\u00edneo.<\/p><\/div><\/div><\/div><\/div>                                            <\/div>\n                                        <\/div>\n                                    <\/div>\n\t\t\t\t\t\t\t\t\t                        <\/div>\n\n                    <\/div>\n                <\/div>\n\t\t\t\t                <div  class=\"wppb-row-parent  wppb-row-1664789794779 \"  >\n\t\t\t\t\t\n\t\t\t\t\t\t\t\t\t\t\n\t\t\t\t\t\t\t\t\t\t\n\t\t\t\t\t<div class=\"wppb-container \">\n\t\t\t\t\t\t\t\t\t\t\t\t\t\n                        <div class=\"wppb-row\">\n\t\t\t\t\t\t\t                                    <div  class=\"wppb-column-parent wppb-column-parent-view wppb-col-1664789794780  \"  >\n                                        <div class=\"wppb-column\">\n\t\t\t\t\t\n\t\t\t\t\t\t\t\t\t\t\t\n                                            <div class=\"wppb-builder-addons\">\n\t\t\t\t\t\t\t\t\t\t\t\t<div class='wppb-builder-addon wppb-addon-1664789794781'  data-addon-id='1664789794781'><div class='wppb-addon'><div class=\"wppb-headline-addon\"><div class=\"wppb-headline-content\"><h2 class=\"wppb-addon-title\">CC<\/h2><\/div><\/div><\/div><\/div><div class='wppb-builder-addon wppb-addon-1664789794782'  data-addon-id='1664789794782'><div class='wppb-addon'><div class=\"wppb-text-block-addon\"><div class=\"wppb-text-block-content 0\"><p>Seo iad na ceisteanna is coitianta faoi Casino cl\u00e1r VIP<\/p><\/div><\/div><\/div><\/div><div class='wppb-builder-addon wppb-addon-1664789794783'  data-addon-id='1664789794783'><div class='wppb-addon'><div class=\"wppb-accordion-addon\"><div class=\"wppb-accordion-addon-content\"><div class=\"wppb-accordion-items\"><div class=\"wppb-accordion-item repeater-0\"><div class=\"wppb-accordion-title wppb-toggle-right \"><h3 class=\"wppb-accordion-title-content\" style=\"font-size:16px; font-weight:600;\">Conas a bheith i do bhall den tairiscint speisialta?<\/h3<span class=\"wppb-toggle-direction wppb-toggle-right\"><i class=\"fas fas fa-plus\"><\/i><\/span><\/div><div class=\"wppb-panel-collapse\" style=\"display: none;\"><div class=\"wppb-accordion-content\"><p>Ag brath ar an leibh\u00e9al, faigheann an cliant Casino bronntanais. Mar shampla, a mhalairt de chist\u00ed. T\u00e1 tairiscint speisialta le haghaidh seo - an cl\u00e1r VIP is fearr ag Casino Rocket Play. Tugtar luach Iarainn do gach ball cl\u00e1raithe. T\u00e1 deich gcinn san ioml\u00e1n. Is cine\u00e1l leibh\u00e9al nua \u00e9. Le gach ceann acu, tugtar bronntanais n\u00edos m\u00f3.<\/p><\/div><\/div><\/div><div class=\"wppb-accordion-item repeater-1\"><div class=\"wppb-accordion-title wppb-toggle-right \"><h3 class=\"wppb-accordion-title-content\" style=\"font-size:16px; font-weight:600;\">Cad a thugtar do gach leibh\u00e9al?<\/h3<span class=\"wppb-toggle-direction wppb-toggle-right\"><i class=\"fas fas fa-plus\"><\/i><\/span><\/div><div class=\"wppb-panel-collapse\" style=\"display: none;\"><div class=\"wppb-accordion-content\"><p>Is \u00e9 an dara ceann n\u00e1 10 mbabhta breise. Ar an tr\u00ed\u00fa - 15, ar an Luan, is \u00e9 an droim ar ais 3 faoin gc\u00e9ad (x5). 4\u00fa - 50 babhta, droim ar ais D\u00e9 Luain - 5 faoin gc\u00e9ad (x5). 5\u00fa - 75 babhta, droim ar ais - 7 faoin gc\u00e9ad (x5). 6\u00fa - 150 babhta, droim ar ais D\u00e9 Luain - 9 faoin gc\u00e9ad (x5). 7\u00fa - 300 babhta, droim ar ais - 10 faoin gc\u00e9ad (x5). 8\u00fa - droim ar ais 12 faoin gc\u00e9ad, gan aon \u00e9arlais - $2,300. 9\u00fa droim ar ais -13 faoin gc\u00e9ad (x5), gan aon \u00e9arlais - $9,000. An l\u00edon is airde - droim ar ais - 15 faoin gc\u00e9ad, gan aon \u00e9arlais 22,5 m\u00edle dollar<\/p><\/div><\/div><\/div><div class=\"wppb-accordion-item repeater-2\"><div class=\"wppb-accordion-title wppb-toggle-right \"><h3 class=\"wppb-accordion-title-content\" style=\"font-size:16px; font-weight:600;\">Cad iad na rialacha maidir le glacadh?<\/h3<span class=\"wppb-toggle-direction wppb-toggle-right\"><i class=\"fas fas fa-plus\"><\/i><\/span><\/div><div class=\"wppb-panel-collapse\" style=\"display: none;\"><div class=\"wppb-accordion-content\"><p>N\u00ed thugtar babhta\u00ed ach i meais\u00edn\u00ed \u00e1irithe. C\u00faig l\u00e1 a thugtar le haghaidh gn\u00edomhachtaithe. Geallt\u00f3ir x20. Tugann aon geall a chuirtear point\u00ed do chustaim\u00e9ir\u00ed. Is iad a chuid\u00edonn leis na leibh\u00e9il a bhaint amach.<\/p><\/div><\/div><\/div><\/div><\/div><\/div><\/div><\/div>                                            <\/div>\n                                        <\/div>\n                                    <\/div>\n\t\t\t\t\t\t\t\t\t                        <\/div>\n\n                    <\/div>\n                <\/div>\n\t\t\t\t<\/div>","protected":false},"excerpt":{"rendered":"<p>Cl\u00e1r VIP casino RocketPlaySna hamanna d\u00fashl\u00e1nacha at\u00e1 roimh an domhan mar is eol d\u00fainn \u00e9, t\u00e1 s\u00e9 n\u00edos t\u00e1bhachta\u00ed n\u00e1 riamh do chuideachta\u00ed timpeallacht a chruth\u00fa d\u00e1 gcustaim\u00e9ir\u00ed a bhraitheann go bhfuil t\u00e1bhacht agus luach orthu. De ghn\u00e1th, d\u00e9anann ceasa\u00edneonna ar l\u00edne \u00e9 seo tr\u00ed chl\u00e1ir tiomnaithe imreoir\u00ed a chuims\u00edonn imeachta\u00ed f\u00edor\u00fala, crannchuir ar l\u00edne,&#8230;<\/p>\n","protected":false},"author":1,"featured_media":0,"parent":0,"menu_order":0,"comment_status":"closed","ping_status":"closed","template":"","meta":{"_acf_changed":false,"_kad_post_transparent":"default","_kad_post_title":"default","_kad_post_layout":"default","_kad_post_sidebar_id":"","_kad_post_content_style":"default","_kad_post_vertical_padding":"default","_kad_post_feature":"","_kad_post_feature_position":"","_kad_post_header":false,"_kad_post_footer":false,"footnotes":""},"class_list":["post-2409","page","type-page","status-publish","hentry"],"acf":[],"rttpg_featured_image_url":null,"rttpg_author":{"display_name":"Tom","author_link":"https:\/\/rocketplay-game.com\/ga\/author\/pemvas95n89x\/"},"rttpg_comment":0,"rttpg_category":null,"rttpg_excerpt":"Cl\u00e1r VIP casino RocketPlaySna hamanna d\u00fashl\u00e1nacha at\u00e1 roimh an domhan mar is eol d\u00fainn \u00e9, t\u00e1 s\u00e9 n\u00edos t\u00e1bhachta\u00ed n\u00e1 riamh do chuideachta\u00ed timpeallacht a chruth\u00fa d\u00e1 gcustaim\u00e9ir\u00ed a bhraitheann go bhfuil t\u00e1bhacht agus luach orthu. De ghn\u00e1th, d\u00e9anann ceasa\u00edneonna ar l\u00edne \u00e9 seo tr\u00ed chl\u00e1ir tiomnaithe imreoir\u00ed a chuims\u00edonn imeachta\u00ed f\u00edor\u00fala, crannchuir ar l\u00edne,...","_links":{"self":[{"href":"https:\/\/rocketplay-game.com\/ga\/wp-json\/wp\/v2\/pages\/2409","targetHints":{"allow":["GET"]}}],"collection":[{"href":"https:\/\/rocketplay-game.com\/ga\/wp-json\/wp\/v2\/pages"}],"about":[{"href":"https:\/\/rocketplay-game.com\/ga\/wp-json\/wp\/v2\/types\/page"}],"author":[{"embeddable":true,"href":"https:\/\/rocketplay-game.com\/ga\/wp-json\/wp\/v2\/users\/1"}],"replies":[{"embeddable":true,"href":"https:\/\/rocketplay-game.com\/ga\/wp-json\/wp\/v2\/comments?post=2409"}],"version-history":[{"count":2,"href":"https:\/\/rocketplay-game.com\/ga\/wp-json\/wp\/v2\/pages\/2409\/revisions"}],"predecessor-version":[{"id":2411,"href":"https:\/\/rocketplay-game.com\/ga\/wp-json\/wp\/v2\/pages\/2409\/revisions\/2411"}],"wp:attachment":[{"href":"https:\/\/rocketplay-game.com\/ga\/wp-json\/wp\/v2\/media?parent=2409"}],"curies":[{"name":"wp","href":"https:\/\/api.w.org\/{rel}","templated":true}]}}