{"id":2469,"date":"2022-08-11T21:03:08","date_gmt":"2022-08-11T18:03:08","guid":{"rendered":"https:\/\/rocketplay-game.com\/welcome-offer\/"},"modified":"2025-11-25T20:49:30","modified_gmt":"2025-11-25T17:49:30","slug":"welcome-offer","status":"publish","type":"page","link":"https:\/\/rocketplay-game.com\/ga\/welcome-offer\/","title":{"rendered":"Cad is tairiscint f\u00e1ilte roimhe?"},"content":{"rendered":"<p>An tairiscint f\u00e1ilte ag an gceasa\u00edneo is fearr Is ionchas iontach \u00e9<a href=\"https:\/\/rocketplay-game.com\/ga\"> Rocket Play<\/a> d\u2019imreoir\u00ed ionchasacha a n-\u00e9arlais a athl\u00e1n\u00fa, ach freisin sol\u00e1thar soladach tr\u00e9imhs\u00ed breise a fh\u00e1il! N\u00ed bheadh \u200b\u200b\u200b\u200baon rannph\u00e1irt\u00ed amh\u00e1in sa chluiche chailleann an deis a grab c\u00fapla spins c\u00fanta d&#8217;fhonn s\u00edneadh a chur le c\u00farsa an duel le s\u00fail a fh\u00e1il ar bhabhta lua\u00edochta agus an brab\u00fas inmhianaithe.<\/p>\n<p>T\u00e1 cleacht\u00f3ir\u00ed buna\u00edochta\u00ed cearrbhachais ar l\u00edne ina lucht taca\u00edochta meon agus d\u00edograiseach do chom\u00f3rtais a chaitheann a gcuid ama f\u00f3ill\u00edochta le paisean agus ar mian leo sc\u00f3r maith a ard\u00fa. Tugann tairiscint f\u00e1ilte Casino Rocket Play bronntanas den s\u00f3rt sin: is t\u00fas iontach \u00e9 100% + c\u00e9ad l\u00e1imhdeachas tosa\u00edochta. D\u00e9an \u00e9arlais sa mh\u00e9id tr\u00edocha $ agus bailigh do chur chun cinn. Riachtanais dreasachta:<\/p>\n<ul>\n<li>Caithfidh an t\u00e1ille iontr\u00e1la a bheith ar a laghad tr\u00edocha $, agus t\u00e1 luach saothair 100% tuillte agat mar is ceart.<\/li>\n<li>\u00c1ir\u00edtear c\u00e9ad l\u00e1imhdeachas tosa\u00edochta ag an t\u00fas i gcumra\u00edocht fiche l\u00e1imhdeachas laeth\u00fail laistigh de ch\u00faig l\u00e1.<\/li>\n<li>Is \u00e9 300 EUR an luach saothair imeallach.<\/li>\n<li>Is \u00e9 7.50EUR buaicmh\u00e9id geall l\u00e1ithreach.<\/li>\n<li>Iolraitheoir x40.<\/li>\n<\/ul>\n<p>Brab\u00fas ar an m\u00e9id tr\u00ed mh\u00edle mar thoradh go dt\u00ed deireadh an chluiche. Cuirtear l\u00e1imhdeachas fabhrach ag an t\u00fas i sraith ar feadh c\u00faig l\u00e1, fiche ar cheann amh\u00e1in &#8211; san ioml\u00e1n, t\u00e1 c\u00e9ad acu.<\/p>\n<p>Cuirtear taisce rath\u00fail cist\u00ed i l\u00e1thair na fiche tionscnamh tionscnaimh gan infheist\u00edochta\u00ed. B\u00edonn l\u00e1imhdeachas an ch\u00e9ad l\u00e1 eile ar f\u00e1il go d\u00edreach in aon l\u00e1, ar choinn\u00edoll go gcomhl\u00edontar an riachtanas d\u00edoltas x1. Scaiptear an pr\u00f3iseas seo thar cheithre l\u00e1. Is f\u00e9idir <a href=\"https:\/\/rocketplay-game.com\/ga\/bonus\/\">b\u00f3nais<\/a> f\u00e1ilte roimh Rocket Play ar l\u00edne a \u00fas\u00e1id laistigh de ch\u00faig l\u00e1. N\u00ed f\u00e9idir leat do l\u00e1imhdeachas tosa\u00edochta a \u00fas\u00e1id ach amh\u00e1in le linn na ch\u00e9ad 24 uair an chloig. Sroicheann fad thortha\u00ed FS c\u00faig l\u00e1.<\/p>\n<p style=\"text-align: center;\"><img loading=\"lazy\" decoding=\"async\" class=\"size-medium wp-image-311 aligncenter\" src=\"https:\/\/rocketplay-game.com\/wp-content\/uploads\/2022\/08\/vip_header_icon1-300x300.png\" alt=\"rocket play casino\" width=\"300\" height=\"300\" srcset=\"https:\/\/rocketplay-game.com\/wp-content\/uploads\/2022\/08\/vip_header_icon1-300x300.png 300w, https:\/\/rocketplay-game.com\/wp-content\/uploads\/2022\/08\/vip_header_icon1-150x150.png 150w, https:\/\/rocketplay-game.com\/wp-content\/uploads\/2022\/08\/vip_header_icon1.png 552w\" sizes=\"auto, (max-width: 300px) 100vw, 300px\" \/><\/p>\n<h2>Conas B\u00f3nas F\u00e1ilte a \u00c9ileamh<\/h2>\n<p>Ceangla\u00edonn tithe cearrbhachais gr\u00e9as\u00e1in at\u00e1 ann cheana bronntanais \u00f3n gcl\u00e1r d\u00edlseachta don tosaitheoir n\u00f3 ionchur \u00e9igin eile d\u00e1 n-imeachta\u00ed riachtanacha. Is \u00e9 pr\u00edomhfheidhm na b\u00f3nais f\u00e1ilte is fearr ag Rocket Play n\u00e1 an oiread rannph\u00e1irtithe agus is f\u00e9idir a shl\u00f3gadh agus an \u00edoca\u00edocht airgid a mh\u00e9ad\u00fa le haghaidh rannph\u00e1irt\u00edocht fhadt\u00e9armach sa chluiche agus deis f\u00edor brab\u00fas a dh\u00e9anamh.<\/p>\n<p>N\u00ed bhaineann na tairiscint\u00ed tosa\u00edochta seo ach le hearcaigh, agus is \u00e9 sin an f\u00e1th go mb\u00edonn gamers aonair ann i gc\u00f3na\u00ed ag ini\u00fachadh tithe cearrbhachais nua-oscailte. Is ansin a dh\u00e9anann siad a n-ionchur tosaigh, faigheann siad bloc d\u00edlis de luach saothair, eacstais \u00f3n gcluiche, agus is minic a bh\u00edonn an bua acu. L\u00e9ir\u00edtear luach saothair \u00f3n gcl\u00e1r d\u00edlseachta ceasa\u00edneo ar an meais\u00edn tar \u00e9is an m\u00e9id a chuntas agus a thaisceadh sa chuntas. Uaireanta t\u00e9ann siad chuig taca\u00edocht le haghaidh luach saothair. Sula gcruth\u00f3idh t\u00fa cuntas pearsanta, cuir eolas ar an gcl\u00e1r d\u00edlseachta.<\/p>\n<h2>Tairiscint Eisiach d&#8217;Imreoir\u00ed Nua<\/h2>\n<p>Cuireann Rocket Play f\u00e1ilte roimh an Astr\u00e1il ar an gc\u00e9ad tr\u00e1thchuid eile &#8211; lua\u00edocht 200% ar an dara tr\u00e1thchuid. D\u00e9an an dara hinfheist\u00edocht de ar a laghad seacht\u00f3 a c\u00faig dollar, agus is leatsa an luach saothair. Riachtanais chun an d\u00e1mhachtain a fh\u00e1il:<\/p>\n<ul>\n<li>Tar \u00e9is d\u00f3 an dara hionchur a dh\u00e9anamh as seacht\u00f3 c\u00faig dollar agus t\u00e1 an t-imreoir r\u00e1thaithe a thuilleamh ard\u00fa c\u00e9ime 200%.<\/li>\n<li>Is f\u00e9idir an luach saothair seo a \u00fas\u00e1id tar \u00e9is an \u00e9arlais tosaigh.<\/li>\n<li>Is \u00e9 an dreasacht imeallach n\u00e1 tr\u00ed ch\u00e9ad AUD.<\/li>\n<li>Is \u00e9 an r\u00e1ta cur chun cinn seacht ndollair hAstr\u00e1ile agus caoga cent.<\/li>\n<li>Comh\u00e9ifeacht x40<\/li>\n<\/ul>\n<p>T\u00e1 an cluiche thart ar thr\u00ed mh\u00edle AUD.<\/p>\n<h2>CC<\/h2>\n<h3>C\u00e9n f\u00e1th a dtugann ceasa\u00edneonna b\u00f3nais?<\/h3>\n<p>N\u00edl feidhm iontach a thuilleadh ag an gc\u00f3ras luach saothair do bhuna\u00edochta\u00ed cearrbhachais ach t\u00e1 feidhm fh\u00f3gra\u00edochta aige. Ina dtugtar casadh breise do rannph\u00e1irtithe an phr\u00f3isis chluiche mar bhronntanas le linn an chluiche. T\u00e1 deireadh leis na himeachta\u00ed seo iontu f\u00e9in a chur ina lu\u00ed ar an oiread lucht lean\u00fana agus is f\u00e9idir cl\u00e1r\u00fa sa Casino Gr\u00e9as\u00e1in seo.<\/p>\n<h3>An f\u00e9idir an b\u00f3nas d\u00edlseachta a \u00fas\u00e1id faoi dh\u00f3?<\/h3>\n<p>Is \u00e9 an freagra uimh. T\u00e1 monat\u00f3ireacht \u00e1 d\u00e9anamh ag an Roinn ar na c\u00e1sanna seo. D\u00e9antar an t-uasmh\u00e9id ionchuir le haghaidh spreagadh d\u00edoltais a rial\u00fa freisin, agus d&#8217;fh\u00e9adfadh s\u00e9 seo cosc \u200b\u200ba chur ort d&#8217;\u00fas a thuilleamh. Ag an am c\u00e9anna, coime\u00e1dann ard\u00e1in chearrbhachais m\u00f3r le r\u00e1 faisn\u00e9is faoi fheidhmi\u00fa ceart bronntanais agus l\u00e1imhdeachas gan infheist\u00edochta\u00ed san fhearann \u200b\u200bpoibl\u00ed. De ghn\u00e1th, faigheann siad aithne air sula gcl\u00e1ra\u00edonn siad ar thairseach an cheasa\u00edneo.<\/p>\n<h3>Cad iad na treoracha chun luach saothair a cheannach?<\/h3>\n<p>Mar sin, chun luach saothair a fh\u00e1il, caithfidh t\u00fa:<\/p>\n<ul>\n<li>a bheith cinnte chun dul tr\u00ed oibr\u00edocht cl\u00e1r\u00fach\u00e1in beag;<\/li>\n<li>cuir in i\u00fal do shonra\u00ed pearsanta;<\/li>\n<li>bain \u00fas\u00e1id as na heochracha cearta.<\/li>\n<\/ul>\n<p>I ngach buna\u00edocht chearrbhachais, is f\u00e9idir luach saothair a \u00fas\u00e1id d\u00edreach tar \u00e9is d\u00f3ibh a bheith fabhraithe.<\/p>\n<p><strong>L\u00e9igh freisin faoi:<\/strong><\/p>\n<ul>\n<li><a href=\"https:\/\/rocketplay-game.com\/ga\/bonus\/regular-bonuses\/\">B\u00f3nais Rialta<\/a><\/li>\n<li><a href=\"https:\/\/rocketplay-game.com\/ga\/bonus\/loyalty-program\/\">Cl\u00e1r D\u00edlseachta<\/a><\/li>\n<\/ul>\n","protected":false},"excerpt":{"rendered":"<p>An tairiscint f\u00e1ilte ag an gceasa\u00edneo is fearr Is ionchas iontach \u00e9 Rocket Play d\u2019imreoir\u00ed ionchasacha a n-\u00e9arlais a athl\u00e1n\u00fa, ach freisin sol\u00e1thar soladach tr\u00e9imhs\u00ed breise a fh\u00e1il! N\u00ed bheadh \u200b\u200b\u200b\u200baon rannph\u00e1irt\u00ed amh\u00e1in sa chluiche chailleann an deis a grab c\u00fapla spins c\u00fanta d&#8217;fhonn s\u00edneadh a chur le c\u00farsa an duel le s\u00fail a fh\u00e1il&#8230;<\/p>\n","protected":false},"author":1,"featured_media":0,"parent":0,"menu_order":0,"comment_status":"closed","ping_status":"closed","template":"page-with-bonus.php","meta":{"_acf_changed":false,"_kad_post_transparent":"default","_kad_post_title":"default","_kad_post_layout":"default","_kad_post_sidebar_id":"","_kad_post_content_style":"default","_kad_post_vertical_padding":"default","_kad_post_feature":"","_kad_post_feature_position":"","_kad_post_header":false,"_kad_post_footer":false,"footnotes":""},"class_list":["post-2469","page","type-page","status-publish","hentry"],"acf":[],"rttpg_featured_image_url":null,"rttpg_author":{"display_name":"Tom","author_link":"https:\/\/rocketplay-game.com\/ga\/author\/pemvas95n89x\/"},"rttpg_comment":0,"rttpg_category":null,"rttpg_excerpt":"An tairiscint f\u00e1ilte ag an gceasa\u00edneo is fearr Is ionchas iontach \u00e9 Rocket Play d\u2019imreoir\u00ed ionchasacha a n-\u00e9arlais a athl\u00e1n\u00fa, ach freisin sol\u00e1thar soladach tr\u00e9imhs\u00ed breise a fh\u00e1il! N\u00ed bheadh \u200b\u200b\u200b\u200baon rannph\u00e1irt\u00ed amh\u00e1in sa chluiche chailleann an deis a grab c\u00fapla spins c\u00fanta d&#8217;fhonn s\u00edneadh a chur le c\u00farsa an duel le s\u00fail a fh\u00e1il...","_links":{"self":[{"href":"https:\/\/rocketplay-game.com\/ga\/wp-json\/wp\/v2\/pages\/2469","targetHints":{"allow":["GET"]}}],"collection":[{"href":"https:\/\/rocketplay-game.com\/ga\/wp-json\/wp\/v2\/pages"}],"about":[{"href":"https:\/\/rocketplay-game.com\/ga\/wp-json\/wp\/v2\/types\/page"}],"author":[{"embeddable":true,"href":"https:\/\/rocketplay-game.com\/ga\/wp-json\/wp\/v2\/users\/1"}],"replies":[{"embeddable":true,"href":"https:\/\/rocketplay-game.com\/ga\/wp-json\/wp\/v2\/comments?post=2469"}],"version-history":[{"count":2,"href":"https:\/\/rocketplay-game.com\/ga\/wp-json\/wp\/v2\/pages\/2469\/revisions"}],"predecessor-version":[{"id":2471,"href":"https:\/\/rocketplay-game.com\/ga\/wp-json\/wp\/v2\/pages\/2469\/revisions\/2471"}],"wp:attachment":[{"href":"https:\/\/rocketplay-game.com\/ga\/wp-json\/wp\/v2\/media?parent=2469"}],"curies":[{"name":"wp","href":"https:\/\/api.w.org\/{rel}","templated":true}]}}