{"id":2495,"date":"2022-06-13T18:32:40","date_gmt":"2022-06-13T15:32:40","guid":{"rendered":"https:\/\/rocketplay-game.com\/poker\/"},"modified":"2024-02-09T15:30:30","modified_gmt":"2024-02-09T12:30:30","slug":"poker","status":"publish","type":"page","link":"https:\/\/rocketplay-game.com\/ga\/poker\/","title":{"rendered":"Cad \u00e9 poker ag RocketPlay Casino?"},"content":{"rendered":"<p>Is ioma\u00ed cine\u00e1l poker a imr\u00edtear le deiceanna c\u00e1rta\u00ed agus geallt\u00f3ireachta ar an measc\u00e1n is fearr. Braithfidh na rialacha cruinne ar an gcine\u00e1l cluiche a shocra\u00edonn t\u00fa a imirt. Is gn\u00e1ch go n-\u00fas\u00e1ideann RocketPlay poker ar l\u00edne deic chaighde\u00e1nach amh\u00e1in de 52 c\u00e1rta, ach coinnigh i gcuimhne go bhfuil l\u00edon beacht na gc\u00e1rta\u00ed a \u00fas\u00e1idtear, oscailte n\u00f3 d\u00fanta, socraithe ag an gcine\u00e1l cluiche a roghna\u00edonn t\u00fa a imirt.<\/p>\n<p>Poker le feice\u00e1il ar fud an 19\u00fa haois sna St\u00e1it Aontaithe, nuair a bh\u00ed s\u00e9 go luath caitheamh aimsire coitianta. T\u00e1 an cluiche tagtha chun cinn go m\u00f3r thar na blianta, agus anois, a bhu\u00edochas go p\u00e1irteach do poker ar l\u00edne, t\u00e1 s\u00e9 ar cheann de na cluich\u00ed gambling is m\u00f3 ar domhan. T\u00e1 com\u00f3rtais ar n\u00f3s an tSraith Dhomhanda P\u00f3cair ar si\u00fal gach bliain \u00f3 na 1970id\u00ed. Imr\u00edtear na milli\u00fain dollar le linn na n-imeachta\u00ed.<\/p>\n<p>Is \u00e9 an cine\u00e1l poker is coitianta a bheidh agat ar l\u00edne n\u00e1 Texas Hold&#8217;em. T\u00e1 geallta \u00e9igeantacha ann i mbeagnach gach cine\u00e1l cluich\u00ed poker RocketPlay &#8211; t\u00e1imid ag caint faoi na daill mh\u00f3ra agus na daill bheaga. D\u00e9antar na geallta seo sula nd\u00e9ile\u00e1iltear leis na c\u00e1rta\u00ed. Tar \u00e9is na geallta \u00e9igeantacha a bheith d\u00e9anta agus na c\u00e1rta\u00ed a bheith r\u00e9itithe, is f\u00e9idir le himreoir\u00ed eile a gcuid geallta a chur.<\/p>\n<p><img loading=\"lazy\" decoding=\"async\" class=\"aligncenter wp-image-4733\" src=\"https:\/\/rocketplay-game.com\/wp-content\/uploads\/2024\/02\/poker-2.png\" alt=\" RocketPlay poker\" width=\"800\" height=\"324\" srcset=\"https:\/\/rocketplay-game.com\/wp-content\/uploads\/2024\/02\/poker-2.png 1015w, https:\/\/rocketplay-game.com\/wp-content\/uploads\/2024\/02\/poker-2-300x121.png 300w, https:\/\/rocketplay-game.com\/wp-content\/uploads\/2024\/02\/poker-2-768x311.png 768w\" sizes=\"auto, (max-width: 800px) 100vw, 800px\" \/><\/p>\n<p>Le linn an chluiche, is f\u00e9idir leis an imreoir gn\u00edomhartha \u00e9ags\u00fala a dh\u00e9anamh, lena n-\u00e1ir\u00edtear &#8220;fillte&#8221; mar a thugtar air. M\u00e1 fillteann t\u00fa c\u00e1rta n\u00ed imreoidh t\u00fa an l\u00e1mh sin agus n\u00ed fhillfidh t\u00fa ar an gcluiche ach amh\u00e1in nuair a bheidh an babhta sin imeartha. Beidh t\u00fa in ann gn\u00edomh ar a dtugtar &#8220;glaoch&#8221; a dh\u00e9anamh &#8211; cothrom\u00f3id geallta le do opponents. Ar deireadh, beidh t\u00fa in ann do geall a ard\u00fa n\u00f3 a mh\u00e9ad\u00fa. Caithfidh na himreoir\u00ed eile ag an mbord do geall a mheaitse\u00e1il, ag ard\u00fa n\u00f3 ag \u00edsli\u00fa \u00e9 d\u00e1 r\u00e9ir.<\/p>\n<p>Cuireann an d\u00e9ile\u00e1la\u00ed c\u00e1rta\u00ed coitianta, a \u00fas\u00e1ideann imreoir\u00ed chun iarracht a dh\u00e9anamh an teaglaim l\u00e1imhe poker c\u00faig ch\u00e1rta is fabhra\u00ed a chur le ch\u00e9ile. Go hiond\u00fail, \u00fas\u00e1ideann cluich\u00ed p\u00f3cair c\u00faig ch\u00e1rta pobail, agus \u00fas\u00e1ideann gach imreoir a dh\u00e1 ch\u00e1rta f\u00e9in chun an measc\u00e1n is fearr is f\u00e9idir a chur le ch\u00e9ile.<\/p>\n<p>Braithfidh l\u00edon na dteaglaim ch\u00e1rta\u00ed agus poker ar an gcine\u00e1l poker at\u00e1 \u00e1 imirt agat. De ghn\u00e1th is iad na teaglama\u00ed is coitianta n\u00e1 dh\u00e1 ch\u00e1rta chomhionanna, tr\u00ed ch\u00e1rta chomhionanna, ceithre ch\u00e1rta chomhionanna, d\u00edreach &#8211; c\u00faig ch\u00e1rta as a ch\u00e9ile n\u00f3 flush &#8211; measc\u00e1n de ch\u00faig ch\u00e1rta den chulaith ch\u00e9anna. Labhr\u00f3imid n\u00edos m\u00f3 faoi na teaglama\u00ed go l\u00e9ir in\u00e1r dtreoir n\u00edos d\u00e9ana\u00ed.<\/p>\n<p>De ghn\u00e1th b\u00edonn ceithre bhabhta geallt\u00f3ireachta ann, agus mar sin b\u00edonn go leor roghanna ag imreoir\u00ed geall a dh\u00e9anamh agus iarracht a dh\u00e9anamh a ch\u00e9ile a bhualadh. I bp\u00f3ca, n\u00ed i gc\u00f3na\u00ed a bh\u00edonn an bua ag an l\u00e1mh is fearr mar n\u00ed f\u00e9idir leis na himreoir\u00ed eile a fheice\u00e1il cad iad na c\u00e1rta\u00ed at\u00e1 agat i do l\u00e1mh, ionas gur f\u00e9idir leat bluff a dh\u00e9anamh agus do ch\u00e9ile comhraic a dh\u00e9anamh, fi\u00fa m\u00e1 t\u00e1 l\u00e1mh n\u00edos laige agat nach bhfuil in ann do chuid a bhualadh. comhcheangail comhraic. T\u00e1 seomra poker RocketPlay ann freisin.<\/p>\n<h2>C\u00e9n f\u00e1th poker a imirt?<\/h2>\n<p>Gan amhras, t\u00e1 poker ar cheann de na cluich\u00ed c\u00e1rta\u00ed is m\u00f3 t\u00f3ir ar domhan. Imirt poker ar l\u00edne Is iontach an spraoi \u00e9 RocketPlay agus, murab ionann agus roinnt cluich\u00ed ceasa\u00edneo eile, n\u00ed h\u00e9 an t-\u00e1dh amh\u00e1in at\u00e1 i gceist, ach do scileanna cearrbhachais freisin. Seo roinnt c\u00faiseanna a bhfuil an oiread sin t\u00f3ir ar poker agus c\u00e9n f\u00e1th go bhfuil an oiread sin gr\u00e1 againn air:<\/p>\n<p>Go leor roghanna &#8211; t\u00e1 na c\u00e9adta cine\u00e1lacha poker ann. C\u00e9 gur f\u00e9idir leis seo a bheith mearbhall don n\u00fa\u00edosach, sol\u00e1thra\u00edonn an \u00e9ags\u00falacht seo rogha iontach d\u00f3ibh si\u00fad at\u00e1 ag lorg rud \u00e9igin nua. Fi\u00fa ag imirt an cine\u00e1l c\u00e9anna cluiche, n\u00ed bheidh cluich\u00ed poker mar an gc\u00e9anna mar gheall ar \u00e9ags\u00falacht na n-imreoir\u00ed, teaglama\u00ed agus rialacha.<\/p>\n<p>T\u00e1 an cluiche scil-bhunaithe. Murab ionann agus meais\u00edn\u00ed sliot\u00e1n n\u00f3 t\u00e1bla\u00ed roulette, \u00e9il\u00edonn poker scileanna imeartha. Ar nd\u00f3igh, braitheann i bhfad n\u00edos m\u00f3 ar an \u00e1dh, ar n\u00f3s na c\u00e1rta\u00ed a nd\u00e9ile\u00e1iltear leo, ach a choinne\u00e1il i gcuimhne nach bhfuil na c\u00e1rta\u00ed is fearr a bhuachan i gc\u00f3na\u00ed. N\u00ed m\u00f3r duit fios a bheith agat conas c\u00e1rta\u00ed a \u00fas\u00e1id chun do bhunt\u00e1iste tr\u00ed \u00fas\u00e1id a bhaint as teicn\u00edochta\u00ed s\u00edceola\u00edochta, cos\u00fail le Bluffing, a chabhr\u00f3idh leat do chuid comhraic a bhualadh.<\/p>\n<p>Inrochtaineacht. T\u00e1 poker ar cheann de na cluich\u00ed c\u00e1rta\u00ed is coitianta, mar sin t\u00e1 s\u00e9 ar f\u00e1il ag beagnach gach ceasa\u00edneo ar l\u00edne. T\u00e1 na c\u00e9adta su\u00edomhanna poker iontacha tiomnaithe do na t\u00e1bla\u00ed poker is fearr le haghaidh imreoir\u00ed \u00f3 ar fud an domhain.<\/p>\n<p>Ag imirt i gcoinne imreoir\u00ed eile &#8211; In ionad imirt i gcoinne an d\u00e9ile\u00e1la\u00ed, t\u00e1 t\u00fa san ioma\u00edocht i gcoinne imreoir\u00ed eile. Cuireann s\u00e9 seo sceitim\u00edn\u00ed ar na himreoir\u00ed sin a bhaineann sult as a ch\u00e9ile comhraic a bhualadh amach as an gcluiche. Ligeann s\u00e9 duit freisin poker a imirt i gcoinne daoine a bhfuil leibh\u00e9il scileanna \u00e9ags\u00fala acu.<\/p>\n<p>Spreagadh. T\u00e1 poker ar l\u00edne saor in aisce<a href=\"https:\/\/rocketplay-game.com\/ga\"> RocketPlay<\/a> ar cheann de na cluich\u00ed ceasa\u00edneo is spreag\u00fala le ceithre bhabhta geallt\u00f3ireachta \u00e1it ar f\u00e9idir leat a fheice\u00e1il conas at\u00e1 do ch\u00e9ile comhraic ag imirt. Is f\u00e9idir leis an gcluiche poker a bheith mall i gcompar\u00e1id le roinnt cluich\u00ed eile, ach n\u00ed theipeann air riamh a bheith ina chluiche a bhfuil ionchais mh\u00e9adaithe ann.<\/p>\n<p>Duaiseanna m\u00f3ra &#8211; Imr\u00edonn go leor daoine poker, mar sin n\u00ed haon iontas \u00e9 go nd\u00e9anann siad suimeanna m\u00f3ra airgid le bonn imreoir\u00ed chomh m\u00f3r. De ghn\u00e1th cuireann na su\u00edomhanna is \u00e9asca cluich\u00ed le geallta ard go leor. Cuireann go leor su\u00edomhanna com\u00f3rtais ar f\u00e1il freisin ina dtairgtear duaiseanna airgid ollmh\u00f3ra do na buaiteoir\u00ed.<\/p>\n<h2>Leideanna le haghaidh imirt poker<\/h2>\n<p>Sula dtosa\u00edonn t\u00fa ag imirt poker ar l\u00edne, t\u00e1 s\u00e9 t\u00e1bhachtach a chinnti\u00fa go dtuigeann t\u00fa an cluiche. Is \u00e9 an rud deireanach is mian leat a dh\u00e9anamh n\u00e1 imirt i gcoinne imreoir\u00ed a bhfuil i bhfad n\u00edos m\u00f3 eolais acu faoin gcluiche n\u00e1 mar a dh\u00e9anann t\u00fa. Is f\u00e9idir le himreoir\u00ed a bheith i gc\u00f3na\u00ed n\u00edos m\u00f3 taith\u00ed, ach n\u00edor ch\u00f3ir duit dul isteach sa chluiche a fhios agam n\u00edos l\u00fa n\u00e1 do opponents.<\/p>\n<p>T\u00e1 gn\u00e9 an \u00e1dh i bp\u00f3ca freisin, go h\u00e1irithe nuair a dh\u00e9ile\u00e1iltear le c\u00e1rta\u00ed, ach is ceist strait\u00e9ise \u00e9 conas geall a dh\u00e9anamh agus conas imirt leis na c\u00e1rta\u00ed a fhaigheann t\u00fa. Cuirfimid faisn\u00e9is ar f\u00e1il maidir leis na teaglama\u00ed is m\u00f3 a bhfuil bunt\u00e1iste acu, chomh maith le roinnt leideanna ginear\u00e1lta a roinnt.<\/p>\n<p>Den chuid is m\u00f3, baineann na leideanna seo le cluiche poker Texas Hold&#8217;em, a mheastar an cine\u00e1l poker is coitianta.<\/p>\n<p><img loading=\"lazy\" decoding=\"async\" class=\"aligncenter wp-image-225\" src=\"https:\/\/rocketplay-game.com\/wp-content\/uploads\/2022\/06\/rocketplay-friday-reload-bonus-855x458-1.webp\" alt=\" RocketPlay poker 2\" width=\"800\" height=\"429\" srcset=\"https:\/\/rocketplay-game.com\/wp-content\/uploads\/2022\/06\/rocketplay-friday-reload-bonus-855x458-1.webp 855w, https:\/\/rocketplay-game.com\/wp-content\/uploads\/2022\/06\/rocketplay-friday-reload-bonus-855x458-1-300x161.webp 300w, https:\/\/rocketplay-game.com\/wp-content\/uploads\/2022\/06\/rocketplay-friday-reload-bonus-855x458-1-768x411.webp 768w\" sizes=\"auto, (max-width: 800px) 100vw, 800px\" \/><\/p>\n<h2>Comhcheangail poker<\/h2>\n<p>I bp\u00f3ca, is \u00e9 sprioc an chluiche an measc\u00e1n is fearr de ch\u00faig ch\u00e1rta a chur le ch\u00e9ile ag baint \u00fas\u00e1ide as do ch\u00e1rta\u00ed ar l\u00e1imh agus na c\u00e1rta\u00ed coitianta ar an mbord. Is f\u00e9idir leat c\u00e1rta\u00ed a chur le ch\u00e9ile ar bheala\u00ed \u00e9ags\u00fala, ag baint \u00fas\u00e1ide as ceann amh\u00e1in n\u00f3 an d\u00e1 cheann de na c\u00e1rta\u00ed at\u00e1 ann cheana f\u00e9in i do l\u00e1mh. T\u00e1 rialacha difri\u00fala ag an gcuid is m\u00f3 de na cine\u00e1lacha poker chun na teaglama\u00ed is fearr is f\u00e9idir a fh\u00e1il, mar sin f\u00e9achfaimid ar chuid de na pr\u00edomh-chomhcheangail i rialacha Texas Hold&#8217;em Poker.<\/p>\n<p>D\u00e9antar cur s\u00edos ar na teaglama\u00ed th\u00edos, ag tos\u00fa leis an measc\u00e1n is fabhra\u00ed:<\/p>\n<ul>\n<li>Is \u00e9 Royal flush an teaglaim poker is l\u00e1idre agus ag an am c\u00e9anna an ceann is neamhchoitianta. Is measc\u00e1n \u00e9 de Ace, king, banr\u00edon, seac, agus deicheanna ar an gculaith ch\u00e9anna.<\/li>\n<li>D\u00faiseacht dh\u00edreach &#8211; C\u00faig ch\u00e1rta den chulaith ch\u00e9anna i ndiaidh a ch\u00e9ile.<\/li>\n<li>Ceathrar de Chine\u00e1l &#8211; Is measc\u00e1n \u00e9 seo de cheithre cinn den ch\u00e1rta c\u00e9anna, mar shampla ceithre aces n\u00f3 ceithre r\u00ed.<\/li>\n<li>Teach Ioml\u00e1n &#8211; Teaglaim at\u00e1 comhdh\u00e9anta de shraith (tr\u00ed ch\u00e1rta) agus p\u00e9ire.<\/li>\n<li>Flush &#8211; Measc\u00e1n de ch\u00faig ch\u00e1rta den chulaith ch\u00e9anna.<\/li>\n<li>D\u00edreach &#8211; measc\u00e1n l\u00e1imhe de 5 ch\u00e1rta as a ch\u00e9ile, ach n\u00ed g\u00e1 go mbeadh an chulaith ch\u00e9anna.<\/li>\n<li>Dh\u00e1 Ph\u00e9ire &#8211; Measc\u00e1n de dh\u00e1 ph\u00e9ire.<\/li>\n<li>C\u00e1rta ard &#8211; an c\u00e1rta is l\u00e1idre nuair nach bhfuil aon teaglaim d\u00e9anta agat. Sa ch\u00e1s seo imreofar do ch\u00e1rta is airde.<\/li>\n<\/ul>\n<h2>Strait\u00e9is poker<\/h2>\n<p>\u00d3s rud \u00e9 nach mbaineann an t-\u00e1dh le poker, t\u00e1 an cumas agat ruda\u00ed a athr\u00fa i do thoil:<\/p>\n<p>T\u00fas mall &#8211; measfar gur tosaitheoir th\u00fa nuair a thosa\u00edonn t\u00fa an cluiche. Is f\u00e9idir \u00e9 seo a dh\u00e9anamh n\u00edos \u00e9asca d\u2019imreoir\u00ed eile a roghn\u00fa mura bhfuil t\u00fa c\u00faramach. Sula dtosa\u00edonn t\u00fa ag imirt poker RocketPlay ar l\u00edne le f\u00edor-airgead, moltar duit roinnt bunscileanna poker a chleachtadh. Is f\u00e9idir leat tos\u00fa freisin le cluich\u00ed geallta \u00edseal, mar sin beidh an caillteanas uasta n\u00edos \u00edsle freisin. N\u00e1 b\u00edodh imn\u00ed ort tr\u00ed na geallta a mh\u00e9ad\u00fa fi\u00fa m\u00e1 cheapann t\u00fa go bhfuil l\u00e1mh iontach agat. Bog go mall agus go muin\u00edneach chun i bhfad n\u00edos m\u00f3 a fhoghlaim faoi do opponents. De r\u00e9ir mar a \u00e9ir\u00edonn t\u00fa n\u00edos m\u00f3 taith\u00ed le himeacht ama, beidh t\u00fa in ann do gheallta a mh\u00e9ad\u00fa agus ar deireadh thiar bogadh ar aghaidh go dt\u00ed cluich\u00ed geallta n\u00edos airde agus cluich\u00ed il-t\u00e1bla.<\/p>\n<p>Tuiscint a fh\u00e1il ar an gcine\u00e1l cluiche. \u00c9ir\u00edonn go leor imreoir\u00ed sceitim\u00edn\u00ed agus caillfidh siad smacht nuair a thosa\u00edonn siad ag imirt den ch\u00e9ad uair, ag creidi\u00faint go mbaineann na rialacha at\u00e1 ar eolas acu le gach cine\u00e1l cluich\u00ed poker. Ar an drochuair, n\u00ed h\u00e9 seo an c\u00e1s, agus beidh iontas ort m\u00e1 Rush t\u00fa isteach gan na rialacha a l\u00e9amh. Sula dtosa\u00edonn t\u00fa ar aon chluiche, d\u00e9an cinnte go bhfuil a fhios agat cad iad na teaglama\u00ed is fearr, cuimhnigh go mbeidh an chuid is m\u00f3 imreoir\u00ed n\u00edos m\u00f3 taith\u00ed n\u00e1 t\u00fa, mar sin d\u00e9an cinnte go bhfuil do ch\u00e9ile comhraic bunt\u00e1iste n\u00edos l\u00fa thar t\u00fa ag t\u00fas an chluiche!<\/p>\n<p>Bain tairbhe as<a href=\"https:\/\/rocketplay-game.com\/ga\/bonus\/\"> b\u00f3nais<\/a> &#8211; cuireann poker ar l\u00edne RocketPlay Australia arduithe c\u00e9ime agus b\u00f3nais iontacha ar f\u00e1il d\u2019imreoir\u00ed nua. Bain tairbhe as na roghanna seo go l\u00e9ir, ligfidh siad duit c\u00fapla babhta a imirt le riosca n\u00edos l\u00fa. Sula gcl\u00e1ra\u00edonn t\u00fa, b\u00ed cinnte go mbeidh t\u00fa eolach ar th\u00e9arma\u00ed agus coinn\u00edollacha an chluiche, mar beidh ceanglais geallchur n\u00f3 srianta eile ag cuid acu.<\/p>\n<p>\u00c1it s\u00fagartha neamhfheice\u00e1lach a chruth\u00fa &#8211; t\u00e1 s\u00e9 t\u00e1bhachtach gan a bheith seachr\u00e1naithe sula dtosa\u00edonn t\u00fa ag s\u00fagradh. \u00c9il\u00edonn RocketPlay poker ar l\u00edne a \u00edosl\u00f3d\u00e1il go leor ti\u00fachan, agus caithfidh t\u00fa a bheith c\u00faramach a bhuachan. Cuir ceol suaimhneach ar si\u00fal, cuir do ghuth\u00e1n cliste ar mhodh ci\u00fain agus tumadh i do chrios chompord. Is minic a bh\u00edonn an difr\u00edocht idir imreoir\u00ed maithe agus imreoir\u00ed iontacha chomh d\u00e1ir\u00edre is a ghlacann siad an cluiche.<\/p>\n<p>Rial\u00fa Iarmh\u00e9id. Is \u00e9 an t-iarmh\u00e9id at\u00e1 agat n\u00e1 c\u00e9 mh\u00e9ad airgid at\u00e1 ar f\u00e1il agat le geallt\u00f3ireacht a dh\u00e9anamh sa chluiche. Is \u00e9 seo an t-airgead a thaiscfear isteach i gcuntas imreoir do shu\u00edomh ceasa\u00edneo n\u00f3 poker. B\u00ed cinnte teorainn a shocr\u00fa ar an m\u00e9id is f\u00e9idir leat a imirt gach l\u00e1, agus n\u00e1 t\u00e9igh thar \u00e9. M\u00e1 thagann laghd\u00fa ar an m\u00e9id airgid, imirt RocketPlay ar l\u00edne app poker le geallta n\u00edos \u00edsle. M\u00e1 thagann m\u00e9ad\u00fa ar an m\u00e9id airgid, is f\u00e9idir leat n\u00edos m\u00f3 riosca\u00ed a ghlacadh tr\u00ed poker a imirt le geallta n\u00edos airde. Coinnigh s\u00fail ar do chothroma\u00edocht agus stop ag imirt m\u00e1 cheapann t\u00fa go bhfuil t\u00fa ag caitheamh an iomarca.<\/p>\n<p>Teorainneacha ar chaillteanais agus buaiteanna. Sula dtosa\u00edonn t\u00fa ag imirt, t\u00e1 s\u00e9 t\u00e1bhachtach teorainneacha a leagan s\u00edos ar an m\u00e9id at\u00e1 t\u00fa s\u00e1sta a chailleadh. Ba cheart duit freisin an t-uasmh\u00e9id is f\u00e9idir leat a bhuachan a chinneadh sula gcr\u00edochna\u00edonn t\u00fa cearrbhachas an l\u00e1 sin. T\u00e1 s\u00e9 inmholta i gc\u00f3na\u00ed teorainneacha a leagan s\u00edos ar chearrbhachas, mar is f\u00e9idir le cearrbhachas a bheith and\u00faileach. Go h\u00e1irithe nuair a chailleann, nuair a bh\u00edonn claonadh imreoir\u00ed a bhuachan ar ais, a eascra\u00edonn de ghn\u00e1th ach amh\u00e1in le caillteanais n\u00edos m\u00f3. Agus poker \u00e1 imirt, t\u00e1 s\u00e9 t\u00e1bhachtach fanacht socair, mar sin ba ch\u00f3ir duit imirt a sheachaint nuair a bh\u00edonn t\u00fa r\u00f3-mhuin\u00edneach as a bheith buaite n\u00f3 feargach faoi chailli\u00faint.<\/p>\n<p><img loading=\"lazy\" decoding=\"async\" class=\"aligncenter wp-image-4742\" src=\"https:\/\/rocketplay-game.com\/wp-content\/uploads\/2024\/02\/poker-1.png\" alt=\" RocketPlay poker 3\" width=\"600\" height=\"317\" srcset=\"https:\/\/rocketplay-game.com\/wp-content\/uploads\/2024\/02\/poker-1.png 766w, https:\/\/rocketplay-game.com\/wp-content\/uploads\/2024\/02\/poker-1-300x159.png 300w\" sizes=\"auto, (max-width: 600px) 100vw, 600px\" \/><\/p>\n<h2>CC<\/h2>\n<h3>An bhfuil s\u00e9 s\u00e1bh\u00e1ilte poker a imirt ar l\u00edne?<\/h3>\n<p>Sea, ar nd\u00f3igh t\u00e1. T\u00e1 su\u00edomh RocketPlay s\u00e1bh\u00e1ilte agus iontaofa.<\/p>\n<h3>Conas is f\u00e9idir liom foghlaim conas poker a imirt?<\/h3>\n<p>Uaireanta is cos\u00fail go mb\u00edonn poker d\u2019imreoir\u00ed nua casta mar go bhfuil go leor cine\u00e1lacha \u00e9ags\u00fala den chluiche agus a rialacha ann. Mar sin f\u00e9in, nuair a thosa\u00edonn t\u00fa ag imirt ar\u00eds, gheobhaidh t\u00fa amach go bhfuil s\u00e9 \u00e9asca go leor a imirt, t\u00e1 s\u00e9 n\u00edos deacra a fhoghlaim.<\/p>\n<h3>An f\u00e9idir liom airgead a dh\u00e9anamh ag imirt poker ar l\u00edne<\/h3>\n<p>Cinnte. T\u00e1 go leor imreoir\u00ed a \u00fas\u00e1ideann a gcuid scileanna agus eolas sa chluiche chun airgead a dh\u00e9anamh. Mar sin f\u00e9in, t\u00e1 s\u00e9 t\u00e1bhachtach cuimhneamh i gc\u00f3na\u00ed gur cluiche seans maith \u00e9 poker agus go bhfuil t\u00fa i mbaol do chuid airgid a bhuachan. Imirt go freagrach i gc\u00f3na\u00ed agus n\u00e1 b\u00ed ag d\u00e9anamh airgid uait. Ba ch\u00f3ir go mbeadh poker ar l\u00edne ina chluiche spra\u00ed\u00fail ar an gc\u00e9ad dul s\u00edos.<\/p>\n","protected":false},"excerpt":{"rendered":"<p>Is ioma\u00ed cine\u00e1l poker a imr\u00edtear le deiceanna c\u00e1rta\u00ed agus geallt\u00f3ireachta ar an measc\u00e1n is fearr. Braithfidh na rialacha cruinne ar an gcine\u00e1l cluiche a shocra\u00edonn t\u00fa a imirt. Is gn\u00e1ch go n-\u00fas\u00e1ideann RocketPlay poker ar l\u00edne deic chaighde\u00e1nach amh\u00e1in de 52 c\u00e1rta, ach coinnigh i gcuimhne go bhfuil l\u00edon beacht na gc\u00e1rta\u00ed a \u00fas\u00e1idtear,&#8230;<\/p>\n","protected":false},"author":1,"featured_media":0,"parent":0,"menu_order":0,"comment_status":"closed","ping_status":"closed","template":"page-with-bonus.php","meta":{"_acf_changed":false,"_kad_post_transparent":"default","_kad_post_title":"default","_kad_post_layout":"default","_kad_post_sidebar_id":"","_kad_post_content_style":"default","_kad_post_vertical_padding":"default","_kad_post_feature":"","_kad_post_feature_position":"","_kad_post_header":false,"_kad_post_footer":false,"footnotes":""},"class_list":["post-2495","page","type-page","status-publish","hentry"],"acf":[],"rttpg_featured_image_url":null,"rttpg_author":{"display_name":"Tom","author_link":"https:\/\/rocketplay-game.com\/ga\/author\/pemvas95n89x\/"},"rttpg_comment":0,"rttpg_category":null,"rttpg_excerpt":"Is ioma\u00ed cine\u00e1l poker a imr\u00edtear le deiceanna c\u00e1rta\u00ed agus geallt\u00f3ireachta ar an measc\u00e1n is fearr. Braithfidh na rialacha cruinne ar an gcine\u00e1l cluiche a shocra\u00edonn t\u00fa a imirt. Is gn\u00e1ch go n-\u00fas\u00e1ideann RocketPlay poker ar l\u00edne deic chaighde\u00e1nach amh\u00e1in de 52 c\u00e1rta, ach coinnigh i gcuimhne go bhfuil l\u00edon beacht na gc\u00e1rta\u00ed a \u00fas\u00e1idtear,...","_links":{"self":[{"href":"https:\/\/rocketplay-game.com\/ga\/wp-json\/wp\/v2\/pages\/2495","targetHints":{"allow":["GET"]}}],"collection":[{"href":"https:\/\/rocketplay-game.com\/ga\/wp-json\/wp\/v2\/pages"}],"about":[{"href":"https:\/\/rocketplay-game.com\/ga\/wp-json\/wp\/v2\/types\/page"}],"author":[{"embeddable":true,"href":"https:\/\/rocketplay-game.com\/ga\/wp-json\/wp\/v2\/users\/1"}],"replies":[{"embeddable":true,"href":"https:\/\/rocketplay-game.com\/ga\/wp-json\/wp\/v2\/comments?post=2495"}],"version-history":[{"count":3,"href":"https:\/\/rocketplay-game.com\/ga\/wp-json\/wp\/v2\/pages\/2495\/revisions"}],"predecessor-version":[{"id":5222,"href":"https:\/\/rocketplay-game.com\/ga\/wp-json\/wp\/v2\/pages\/2495\/revisions\/5222"}],"wp:attachment":[{"href":"https:\/\/rocketplay-game.com\/ga\/wp-json\/wp\/v2\/media?parent=2495"}],"curies":[{"name":"wp","href":"https:\/\/api.w.org\/{rel}","templated":true}]}}