{"id":3645,"date":"2023-01-10T16:01:48","date_gmt":"2023-01-10T13:01:48","guid":{"rendered":"https:\/\/rocketplay-game.com\/live-betting\/"},"modified":"2024-02-09T16:15:33","modified_gmt":"2024-02-09T13:15:33","slug":"live-betting","status":"publish","type":"page","link":"https:\/\/rocketplay-game.com\/ga\/live-betting\/","title":{"rendered":"Treoir mhionsonraithe ar Gheallt\u00f3ireacht Sp\u00f3irt Bheo"},"content":{"rendered":"<p>Roghna\u00edonn na daoine sin a bhfuil cinneadh d\u00e9anta acu geallt\u00f3ireacht a dh\u00e9anamh ar sp\u00f3irt i bhf\u00edor-am, geallt\u00f3ireacht bheo san Astr\u00e1il.\u00a0D\u00e9anann Bettor geallta n\u00ed roimh th\u00fas an chluiche ach d\u00edreach i gc\u00farsa an chluiche.\u00a0Tugann s\u00e9 seans bua a fh\u00e1il agus m\u00e9ada\u00edonn s\u00e9 an d\u00f3ch\u00falacht go mbeifear in ann an buaiteoir a thuar.<\/p>\n<p><img loading=\"lazy\" decoding=\"async\" class=\"aligncenter wp-image-4765\" src=\"https:\/\/rocketplay-game.com\/wp-content\/uploads\/2024\/02\/soccer-players-action-professional-stadium.jpg\" alt=\"Live Sports Betting\" width=\"800\" height=\"492\" srcset=\"https:\/\/rocketplay-game.com\/wp-content\/uploads\/2024\/02\/soccer-players-action-professional-stadium.jpg 1000w, https:\/\/rocketplay-game.com\/wp-content\/uploads\/2024\/02\/soccer-players-action-professional-stadium-300x185.jpg 300w, https:\/\/rocketplay-game.com\/wp-content\/uploads\/2024\/02\/soccer-players-action-professional-stadium-768x472.jpg 768w\" sizes=\"auto, (max-width: 800px) 100vw, 800px\" \/><\/p>\n<h2>Cad \u00e9 Gheall Beo?<\/h2>\n<p>Is fearr le go leor bettors geallt\u00f3ireachta beo chun an d\u00f3ch\u00falacht a bhuaigh a mh\u00e9ad\u00fa oiread agus is f\u00e9idir.\u00a0T\u00e1 go leor c\u00faiseanna leis seo:<\/p>\n<ol>\n<li aria-level=\"1\">A bhu\u00ed le su\u00edomhanna geallt\u00f3ireachta sp\u00f3irt beo, is f\u00e9idir d\u2019ioncam airgeadais a mh\u00e9ad\u00fa go tapa, gan iarracht fhisici\u00fail.<\/li>\n<li aria-level=\"1\">Le linn an chluiche, is f\u00e9idir aon rud a tharl\u00f3idh.\u00a0Agus m\u00e1s rud \u00e9 go tobann nach bhfuil cluiche na foirne is fearr leat go maith, n\u00ed f\u00e9idir leat geall a dh\u00e9anamh mar a bh\u00ed beartaithe.<\/li>\n<li aria-level=\"1\">Is f\u00e9idir geallta a dh\u00e9anamh le corrlaigh n\u00edos airde.<\/li>\n<li aria-level=\"1\">Sa l\u00edne bheo, t\u00e1 n\u00edos m\u00f3 forcanna ann n\u00e1 mar a bh\u00edonn sa ghn\u00e1thcheann.\u00a0Agus m\u00e9ada\u00edonn s\u00e9 seo an seans do bettors chun bua geal agus brab\u00fasach.<\/li>\n<li aria-level=\"1\">A bhu\u00ed le geallt\u00f3ireacht beo, is f\u00e9idir caillteanais a \u00edoslaghd\u00fa tr\u00ed gheallt\u00f3ireacht a dh\u00e9anamh ar thoradh eile imeachta\u00ed.<\/li>\n<\/ol>\n<p>N\u00ed h\u00e9 seo go l\u00e9ir na c\u00faiseanna a roghna\u00edonn bettors app geallt\u00f3ireachta sp\u00f3irt beo.\u00a0T\u00e1 go leor eile.\u00a0Agus n\u00ed bheidh aif\u00e9ala ar gach duine rogha den s\u00f3rt sin a dh\u00e9anamh.<\/p>\n<h2>Cine\u00e1lacha Geallta Beo<\/h2>\n<p>T\u00e1 go leor cine\u00e1lacha geallt\u00f3ireachta sp\u00f3irt beo ann a bhfuil gr\u00e1 ag go leor daoine orthu.\u00a0Agus t\u00e1 gach geall tarraingteach ina bhealach:<\/p>\n<ol>\n<li aria-level=\"1\">Pr\u00edomhthoradh.\u00a0F\u00e1gann an geall seo gur f\u00e9idir bua rannph\u00e1irtithe \u00e1irithe i gcluiche n\u00f3 i gcrannchur a thuar.<\/li>\n<li aria-level=\"1\">Seans d\u00fabailte.\u00a0Is f\u00e9idir geall mar sin a dh\u00e9anamh m\u00e1 t\u00e1 muin\u00edn ann nach gcaillfidh ceann de na foirne n\u00f3 l\u00fathchleasa\u00ed ar leith le linn an chluiche.<\/li>\n<li aria-level=\"1\">D\u00e9an tuar c\u00e9 mh\u00e9ad c\u00fal a bheidh le linn an chluiche.\u00a0Is f\u00e9idir cine\u00e1l geallt\u00f3ireachta den s\u00f3rt sin a roghn\u00fa mar Ioml\u00e1n, n\u00edos m\u00f3 n\u00f3 n\u00edos l\u00fa.<\/li>\n<\/ol>\n<p>Is maith le go leor geallt\u00f3ir\u00ed geall a dh\u00e9anamh ar chluich\u00ed at\u00e1 tosaithe cheana f\u00e9in.\u00a0Is f\u00e9idir geall a chur ar imeacht at\u00e1 tosaithe cheana f\u00e9in.<\/p>\n<h2>Bunt\u00e1ist\u00ed Geallt\u00f3ireachta Beo<\/h2>\n<p>\u00c1it\u00edonn go leor geallt\u00f3ir\u00ed gairmi\u00fala geallta beo.\u00a0Mar sin is f\u00e9idir an caipiteal airgeadais a mh\u00e9ad\u00fa, ag tabhairt roinnt geallta i gcr\u00edch in aon mata amh\u00e1in agus ag tuar toradh na n-imeachta\u00ed.\u00a0T\u00e1 go leor bunt\u00e1ist\u00ed ag an gcine\u00e1l seo geallt\u00f3ireachta:<\/p>\n<ol>\n<li>\n<ol>\n<li aria-level=\"1\">Is f\u00e9idir an cluiche a fheice\u00e1il go pearsanta agus go d\u00edreach le linn an chluiche chun geallta a dh\u00e9anamh.<\/li>\n<li aria-level=\"1\">T\u00e1 deis f\u00edor ann chun tuilleamh ar thortha\u00ed cluiche amh\u00e1in a mh\u00e9ad\u00fa go suntasach.<\/li>\n<li aria-level=\"1\">Is fi\u00fa aird a tharraingt freisin ar odds arda, ar f\u00e9idir leo m\u00e9ad\u00fa de r\u00e9ir mar a th\u00e9ann an cluiche ar aghaidh.\u00a0M\u00e9aduithe ar an d\u00f3ch\u00falacht go bhfaighidh t\u00fa odds den scoth i gc\u00e1s go mbeidh an d\u00f3ch\u00falacht go n-imeoidh pas ard go leor.<\/li>\n<\/ol>\n<\/li>\n<\/ol>\n<p>N\u00ed chr\u00edochna\u00edonn na bunt\u00e1ist\u00ed ansin, ar nd\u00f3igh.\u00a0Agus beidh gach duine s\u00e1sta geallt\u00f3ireacht a dh\u00e9anamh ar sp\u00f3irt, ag roghn\u00fa r\u00e9itigh geallt\u00f3ireachta sp\u00f3irt beo.<\/p>\n<p><img loading=\"lazy\" decoding=\"async\" class=\"aligncenter wp-image-4774\" src=\"https:\/\/rocketplay-game.com\/wp-content\/uploads\/2024\/02\/sports-betting-american-football-player-appearing-from-smartphone-field-money-shower.jpg\" alt=\"Live Sports Betting 2\" width=\"800\" height=\"534\" srcset=\"https:\/\/rocketplay-game.com\/wp-content\/uploads\/2024\/02\/sports-betting-american-football-player-appearing-from-smartphone-field-money-shower.jpg 1000w, https:\/\/rocketplay-game.com\/wp-content\/uploads\/2024\/02\/sports-betting-american-football-player-appearing-from-smartphone-field-money-shower-300x200.jpg 300w, https:\/\/rocketplay-game.com\/wp-content\/uploads\/2024\/02\/sports-betting-american-football-player-appearing-from-smartphone-field-money-shower-768x512.jpg 768w\" sizes=\"auto, (max-width: 800px) 100vw, 800px\" \/><\/p>\n<h2>Strait\u00e9is Gheall Beo<\/h2>\n<p>Is cluiche f\u00edor-ama \u00e9 strait\u00e9is geallt\u00f3ireachta beo.\u00a0T\u00e1 deis a mh\u00e9ad\u00fa ar an d\u00f3ch\u00falacht go mbeidh an geall imirt go suntasach.\u00a0Is leor forbairt an chluiche a lean\u00faint ionas gur f\u00e9idir leat a chinneadh n\u00edos cruinne c\u00e9 a thiocfaidh amach mar bhuaiteoir sa chom\u00f3rtas ar a bhfuil geall agat.<\/p>\n<p>M\u00e9ada\u00edonn anail\u00eds ar an m\u00e9id a fheiceann t\u00fa agus feasacht ar lineup na foirne go m\u00f3r an d\u00f3ch\u00falacht go mbeidh an bua agat tr\u00ed gheallt\u00f3ireacht.\u00a0Agus sa ch\u00e1s seo, beidh t\u00fa in ann an m\u00e9id ioml\u00e1n a tharraingt siar go h\u00e9asca, go tapa agus go s\u00e1bh\u00e1ilte tr\u00ed mhodh \u00edoca\u00edochta \u00e1isi\u00fail a phiocadh.<\/p>\n<h2>Concl\u00faid<\/h2>\n<p>T\u00e1 an fhoirm geallt\u00f3ireachta sp\u00f3irt beo i r\u00e9im i sp\u00f3irt \u00e9ags\u00fala.\u00a0Is fearr le go leor d\u00edobh si\u00fad ar mhaith leo geall a dh\u00e9anamh ar chibearsp\u00f3irt.\u00a0Is f\u00e9idir f\u00e9achaint ar sacar agus lead\u00f3g, chomh maith le haca, na sp\u00f3irt is fearr le go leor bettors, tr\u00ed gheallt\u00f3ireacht a dh\u00e9anamh le linn an chluiche.<\/p>\n<p>A bhu\u00edochas leis an \u00e9ags\u00falacht cine\u00e1lacha geallt\u00f3ireachta beo, t\u00e1 an deis ag gach bettor an rogha ceart a dh\u00e9anamh.\u00a0Bainfidh gach duine taitneamh as f\u00e9achaint ar an gcluiche agus iad ag feabhs\u00fa a bhfoll\u00e1ine airgeadais go suntasach &#8211; gan iarracht fhisiceach.<\/p>\n<h2>CC<\/h2>\n<p>D\u00f3ibh si\u00fad go l\u00e9ir a bhfuil gr\u00e1 acu geallt\u00f3ireacht a dh\u00e9anamh ar sp\u00f3irt i bhf\u00edor-am, beidh s\u00e9 cabhrach agus spreag\u00fail eolas a fh\u00e1il ar na freagra\u00ed ar na ceisteanna a chuireann bettors go minic.\u00a0Seo cuid acu.<\/p>\n<h3>Cad \u00e9 a mheallann geallt\u00f3ireachta beo?<\/h3>\n<p>T\u00e1 n\u00edos m\u00f3 n\u00e1 go leor c\u00faiseanna ann gur minic a roghna\u00edonn geallt\u00f3ir\u00ed geallt\u00f3ireachta beo:<\/p>\n<ol>\n<li aria-level=\"1\">Is f\u00e9idir geall le linn an chluiche.<\/li>\n<li aria-level=\"1\">M\u00e9ada\u00edonn an fh\u00e9idearthacht geallt\u00f3ireachta le linn an chluiche an d\u00f3ch\u00falacht go mbeidh tuar n\u00edos cruinne.<\/li>\n<li aria-level=\"1\">Ag breathn\u00fa ar fhorbairt na n-imeachta\u00ed, is f\u00e9idir a thuar n\u00edos cruinne c\u00e9 a bheidh ina bhuaiteoir sa chluiche seo.<\/li>\n<\/ol>\n<p>Ar nd\u00f3igh, n\u00ed iad seo go l\u00e9ir na bunt\u00e1ist\u00ed a bhaineann le leideanna geallt\u00f3ireachta sp\u00f3irt beo.<\/p>\n<h3>Conas a athra\u00edonn na hionchais sa Gheallt\u00f3ireacht Bheo?<\/h3>\n<p>Tr\u00ed aon geall a chur ar imeacht at\u00e1 tosaithe cheana f\u00e9in, athra\u00edonn na hodds i gcomhr\u00e9ir le c\u00farsa an chluiche.\u00a0Baineann s\u00e9 seo le spriocanna a sc\u00f3r\u00e1iltear, pion\u00f3is, agus comhph\u00e1irteanna eile den chluiche.\u00a0Ceada\u00edonn geallta beo duit a bheith n\u00edos muin\u00edneach as a bhuachan.<\/p>\n<h3>Conas a bhuachan nuair geallt\u00f3ireachta beo?<\/h3>\n<p>Chun an bua a fh\u00e1il, caithfidh an bettor:<\/p>\n<ul>\n<li aria-level=\"1\">ti\u00fachan agus r\u00e9ise aird;<\/li>\n<li aria-level=\"1\">an cumas moth\u00fach\u00e1in a rial\u00fa;<\/li>\n<li aria-level=\"1\">roghn\u00fa na strait\u00e9ise ceart, an chuid is fearr de na cinn is d\u00fanta, i gc\u00e1s ina bhfuil an caillteanas a \u00edoslaghd\u00fa;<\/li>\n<li aria-level=\"1\">f\u00e9achaint go c\u00faramach ar an gcraoladh ar l\u00edne chun an sc\u00e9al a mheas chomh cruinn agus is f\u00e9idir le linn an chluiche chun an tr\u00e1th a bheidh an cluiche ina phointe casaidh a thuar.<\/li>\n<\/ul>\n<p>Ag breathn\u00fa go g\u00e9ar ar na himeachta\u00ed, t\u00e1 gach seans ann go bhfaighidh t\u00fa an bua.<\/p>\n","protected":false},"excerpt":{"rendered":"<p>Roghna\u00edonn na daoine sin a bhfuil cinneadh d\u00e9anta acu geallt\u00f3ireacht a dh\u00e9anamh ar sp\u00f3irt i bhf\u00edor-am, geallt\u00f3ireacht bheo san Astr\u00e1il.\u00a0D\u00e9anann Bettor geallta n\u00ed roimh th\u00fas an chluiche ach d\u00edreach i gc\u00farsa an chluiche.\u00a0Tugann s\u00e9 seans bua a fh\u00e1il agus m\u00e9ada\u00edonn s\u00e9 an d\u00f3ch\u00falacht go mbeifear in ann an buaiteoir a thuar. Cad \u00e9 Gheall Beo?&#8230;<\/p>\n","protected":false},"author":1,"featured_media":0,"parent":0,"menu_order":0,"comment_status":"closed","ping_status":"closed","template":"page-with-bonus.php","meta":{"_acf_changed":false,"_kad_post_transparent":"default","_kad_post_title":"default","_kad_post_layout":"default","_kad_post_sidebar_id":"","_kad_post_content_style":"default","_kad_post_vertical_padding":"default","_kad_post_feature":"","_kad_post_feature_position":"","_kad_post_header":false,"_kad_post_footer":false,"footnotes":""},"class_list":["post-3645","page","type-page","status-publish","hentry"],"acf":[],"rttpg_featured_image_url":null,"rttpg_author":{"display_name":"Tom","author_link":"https:\/\/rocketplay-game.com\/ga\/author\/pemvas95n89x\/"},"rttpg_comment":0,"rttpg_category":null,"rttpg_excerpt":"Roghna\u00edonn na daoine sin a bhfuil cinneadh d\u00e9anta acu geallt\u00f3ireacht a dh\u00e9anamh ar sp\u00f3irt i bhf\u00edor-am, geallt\u00f3ireacht bheo san Astr\u00e1il.\u00a0D\u00e9anann Bettor geallta n\u00ed roimh th\u00fas an chluiche ach d\u00edreach i gc\u00farsa an chluiche.\u00a0Tugann s\u00e9 seans bua a fh\u00e1il agus m\u00e9ada\u00edonn s\u00e9 an d\u00f3ch\u00falacht go mbeifear in ann an buaiteoir a thuar. Cad \u00e9 Gheall Beo?...","_links":{"self":[{"href":"https:\/\/rocketplay-game.com\/ga\/wp-json\/wp\/v2\/pages\/3645","targetHints":{"allow":["GET"]}}],"collection":[{"href":"https:\/\/rocketplay-game.com\/ga\/wp-json\/wp\/v2\/pages"}],"about":[{"href":"https:\/\/rocketplay-game.com\/ga\/wp-json\/wp\/v2\/types\/page"}],"author":[{"embeddable":true,"href":"https:\/\/rocketplay-game.com\/ga\/wp-json\/wp\/v2\/users\/1"}],"replies":[{"embeddable":true,"href":"https:\/\/rocketplay-game.com\/ga\/wp-json\/wp\/v2\/comments?post=3645"}],"version-history":[{"count":3,"href":"https:\/\/rocketplay-game.com\/ga\/wp-json\/wp\/v2\/pages\/3645\/revisions"}],"predecessor-version":[{"id":5273,"href":"https:\/\/rocketplay-game.com\/ga\/wp-json\/wp\/v2\/pages\/3645\/revisions\/5273"}],"wp:attachment":[{"href":"https:\/\/rocketplay-game.com\/ga\/wp-json\/wp\/v2\/media?parent=3645"}],"curies":[{"name":"wp","href":"https:\/\/api.w.org\/{rel}","templated":true}]}}