{"id":3648,"date":"2023-01-10T10:58:28","date_gmt":"2023-01-10T07:58:28","guid":{"rendered":"https:\/\/rocketplay-game.com\/live-games\/"},"modified":"2026-02-27T23:37:08","modified_gmt":"2026-02-27T20:37:08","slug":"live-games","status":"publish","type":"page","link":"https:\/\/rocketplay-game.com\/ga\/live-games\/","title":{"rendered":"Athbhreithni\u00fa ar Chluich\u00ed Casino Beo Rocket Play"},"content":{"rendered":"<p>T\u00e1 casinos ar l\u00edne n\u00edos \u00e1bhartha anois n\u00e1 riamh.\u00a0Is bre\u00e1 le go leor daoine a gcuid tr\u00e1thn\u00f3na a chaitheamh ag imirt ag casinos ar l\u00edne.\u00a0Agus t\u00e1 casinos ag sileadh i gc\u00f3na\u00ed.\u00a0Forbra\u00edodh \u00e9 mar aon le forbairt teicneola\u00edochta agus Idirl\u00edn n\u00edos inrochtana.<\/p>\n<p>Sin mar a bh\u00ed cluich\u00ed Casino Live le feice\u00e1il siar sna 2000\u00ed.\u00a0Ach ag an am sin, n\u00ed raibh s\u00e9 \u00e1isi\u00fail, d&#8217;fh\u00e1g an nasc i bhfad a bheith inmhianaithe, agus n\u00ed raibh an taobh teicni\u00fail d\u00e9anta go maith.\u00a0\u00d3 shin i leith, t\u00e1 go leor ama caite, agus t\u00e1 feabhas tagtha ar go leor.<\/p>\n<p><img loading=\"lazy\" decoding=\"async\" class=\"aligncenter wp-image-4825\" src=\"https:\/\/rocketplay-game.com\/wp-content\/uploads\/2024\/02\/live-cas.png\" alt=\"Rocket Play Live Casino\" width=\"800\" height=\"661\" srcset=\"https:\/\/rocketplay-game.com\/wp-content\/uploads\/2024\/02\/live-cas.png 886w, https:\/\/rocketplay-game.com\/wp-content\/uploads\/2024\/02\/live-cas-300x248.png 300w, https:\/\/rocketplay-game.com\/wp-content\/uploads\/2024\/02\/live-cas-768x635.png 768w\" sizes=\"auto, (max-width: 800px) 100vw, 800px\" \/><\/p>\n<h2>Cine\u00e1lacha cluich\u00ed beo<\/h2>\n<p>Ar an Idirl\u00edon, is f\u00e9idir leat teacht ar go leor cluich\u00ed Casino Live \u00e9ags\u00fala.\u00a0Go minic is iad seo na cluich\u00ed c\u00e1rta\u00ed is bre\u00e1 le gach duine.\u00a0I measc na gcluich\u00ed Casino Beo is fearr t\u00e1 poker, blackjack, agus crannchuir.<\/p>\n<h2>Conas Tosaigh a Imirt?<\/h2>\n<p>M\u00e1 t\u00e1 t\u00fa ag cur aithne ar shaol an chearrbhachais, b&#8217;fh\u00e9idir go mbeadh ceist agat faoi conas tos\u00fa ag imirt.\u00a0Chun t\u00fas a chur le cluich\u00ed Casino Beo Ar L\u00edne a imirt, n\u00ed m\u00f3r duit dul chuig l\u00e1ithre\u00e1n gr\u00e9as\u00e1in oifigi\u00fail an cheasa\u00edneo ar l\u00edne.\u00a0B\u00ed cinnte log\u00e1il isteach. Seachas sin, n\u00ed bheidh t\u00fa in ann an cluiche a thos\u00fa.\u00a0Ina dhiaidh sin, roghnaigh an mh\u00edr chun cluich\u00ed Casino Beo a imirt \u00f3 bharr an roghchl\u00e1ir.\u00a0Beidh liosta de na cluich\u00ed at\u00e1 ar f\u00e1il i bhform\u00e1id beo le feice\u00e1il os do chomhair.<\/p>\n<p>N\u00ed hionann cluich\u00ed beo agus cluich\u00ed rialta toisc go n-imr\u00edonn an d\u00e9ile\u00e1la\u00ed leat.\u00a0Taispe\u00e1nann s\u00e9 do ch\u00e1rta\u00ed poker, glacann s\u00e9 geallta, agus d\u00e9anann s\u00e9 cumars\u00e1id le himreoir\u00ed.\u00a0Crutha\u00edonn s\u00e9 seo moth\u00fach\u00e1in do-dhearmadta agus atmaisf\u00e9ar gar do na ruda\u00ed a d\u2019fh\u00e9adfadh teacht ort i gceasa\u00edneonna ar talamh.<\/p>\n<h2>B\u00f3nais<\/h2>\n<p>I measc na b\u00f3nais i gceasa\u00edneonna le form\u00e1id bheo den chluiche, is f\u00e9idir b\u00f3nais den s\u00f3rt sin a fh\u00e1il:<\/p>\n<ul>\n<li aria-level=\"1\">b\u00f3nas f\u00e1ilte &#8211; an b\u00f3nas f\u00e1ilte is f\u00e9idir leat a phiocadh suas chomh luath agus a thugann t\u00fa cuairt ar shu\u00edomh Gr\u00e9as\u00e1in an cheasa\u00edneo ar l\u00edne.\u00a0T\u00e1 s\u00e9 seo deartha chun \u00fas\u00e1ideoir\u00ed nua a mhealladh;<\/li>\n<li aria-level=\"1\">b\u00f3nas s\u00ednithe &#8211; gheobhaidh t\u00fa b\u00f3nas s\u00ednithe nuair a chl\u00e1ra\u00edonn t\u00fa agus deimhneoidh t\u00fa do chl\u00e1r\u00fa sa r\u00edomhphost a thiocfaidh chuig an r\u00edomhphost a chuir t\u00fa ar f\u00e1il le linn cl\u00e1r\u00fach\u00e1in;<\/li>\n<li aria-level=\"1\">b\u00f3nas cl\u00e1r atreoraithe &#8211; t\u00e1 c\u00f3ras atreoraithe ag gach ceasa\u00edneo ar l\u00edne.\u00a0Go minic, is c\u00f3d \u00e9 seo is f\u00e9idir le h\u00fas\u00e1ideoir at\u00e1 cl\u00e1raithe cheana f\u00e9in a thabhairt d&#8217;\u00fas\u00e1ideoir nach bhfuil cl\u00e1raithe f\u00f3s.\u00a0Nuair a shonra\u00edtear an c\u00f3d seo le linn cl\u00e1r\u00fach\u00e1in &#8211; faigheann an d\u00e1 \u00fas\u00e1ideoir b\u00f3nas;<\/li>\n<li aria-level=\"1\">prom\u00f3isin ghinear\u00e1lta \u2013 d\u00e9anann gach ceasa\u00edneo tairiscint\u00ed poibl\u00edochta go rialta ar f\u00e9idir leat teacht orthu ar phr\u00edomhleathanach an cheasa\u00edneo.\u00a0L\u00e9igh go c\u00faramach t\u00e9arma\u00ed agus coinn\u00edollacha an bh\u00f3nais;<\/li>\n<li aria-level=\"1\">tairiscint\u00ed aonair &#8211; tagann tairiscint\u00ed den s\u00f3rt sin chuig an bpost a shonraigh an t-\u00fas\u00e1ideoir ag an gcl\u00e1r\u00fa, mar sin n\u00e1 d\u00e9an dearmad \u00e9 a sheice\u00e1il;<\/li>\n<li aria-level=\"1\">b\u00f3nas d\u00edlseachta &#8211; T\u00e1 an cine\u00e1l seo b\u00f3nais ar f\u00e1il do go leor imreoir\u00ed a bhfuil taith\u00ed acu as a nd\u00edlseacht don Casino agus an m\u00e9id ama a chaitheann siad ag imirt cluich\u00ed.<\/li>\n<\/ul>\n<p>B\u00edonn filler difri\u00fail ag na b\u00f3nais seo go l\u00e9ir i gc\u00f3na\u00ed, ach ba cheart duit aird a thabhairt ar an iolraitheoir b\u00f3nais taisce is f\u00e9idir leat a fh\u00e1il.\u00a0Chomh maith leis sin, n\u00e1 faill\u00ed an t-am s\u00fagartha saor in aisce is f\u00e9idir leat a fh\u00e1il mar bh\u00f3nas.<\/p>\n<p><img loading=\"lazy\" decoding=\"async\" class=\"aligncenter wp-image-4834\" src=\"https:\/\/rocketplay-game.com\/wp-content\/uploads\/2024\/02\/live-cas-24-e1707316963692.png\" alt=\"Rocket Play Live Casino 2\" width=\"800\" height=\"501\" srcset=\"https:\/\/rocketplay-game.com\/wp-content\/uploads\/2024\/02\/live-cas-24-e1707316963692.png 1112w, https:\/\/rocketplay-game.com\/wp-content\/uploads\/2024\/02\/live-cas-24-e1707316963692-300x188.png 300w, https:\/\/rocketplay-game.com\/wp-content\/uploads\/2024\/02\/live-cas-24-e1707316963692-1024x642.png 1024w, https:\/\/rocketplay-game.com\/wp-content\/uploads\/2024\/02\/live-cas-24-e1707316963692-768x481.png 768w\" sizes=\"auto, (max-width: 800px) 100vw, 800px\" \/><\/p>\n<h2>Bogearra\u00ed<\/h2>\n<p>I bhfianaise an mh\u00e9adaithe ar an \u00e9ileamh at\u00e1 ar chluich\u00ed Casino Beo is fearr, tugann go leor forbr\u00f3ir\u00ed t\u00fas \u00e1ite do bhogearra\u00ed a fhorbairt le haghaidh cluich\u00ed le d\u00e9ile\u00e1la\u00ed beo.\u00a0\u00d3 phr\u00edomhfhorbr\u00f3ir\u00ed bogearra\u00ed d\u00e1 leith\u00e9id, is f\u00e9idir liom na nithe seo a leanas a shonr\u00fa:<\/p>\n<ul>\n<li aria-level=\"1\">Is \u00e9 Blueprint an ceannaire i l\u00edon na gcluich\u00ed beoghn\u00edomha\u00edochta a fhorbra\u00edtear.\u00a0Agus n\u00ed ionann cainn\u00edocht agus c\u00e1il\u00edocht, ach n\u00edl s\u00e9 faoi na guys seo.\u00a0D\u00e9anann siad cluich\u00ed r\u00e9as\u00fanta;<\/li>\n<li aria-level=\"1\">SoftBet \u2013 is fi\u00fa d\u2019aird a thabhairt ar na forbr\u00f3ir\u00ed cluiche seo, c\u00e9 nach f\u00e9idir leo br\u00f3d a bhaint as an oiread sin cluich\u00ed, ar a laghad toisc go bhfuil a mbogearra\u00ed uath\u00fail.<\/li>\n<li aria-level=\"1\">T\u00e1 NetEnt ar chuid de na forbr\u00f3ir\u00ed bogearra\u00ed is cothroime sa domhan cearrbhachais, agus mar sin t\u00e1 s\u00e9 iontach a gcuid cluich\u00ed a fheice\u00e1il le d\u00e9ile\u00e1la\u00ed beo.\u00a0Bh\u00ed an RTP is airde is f\u00e9idir acu i gc\u00f3na\u00ed, agus n\u00ed raibh gear\u00e1n d\u00e9anta ag a n-\u00fas\u00e1ideoir\u00ed riamh faoi chaighde\u00e1n na mbogearra\u00ed.<\/li>\n<\/ul>\n<p>Ar nd\u00f3igh, is f\u00e9idir leat triail a bhaint as cluich\u00ed nua Casino Beo \u00f3 shol\u00e1thraithe bogearra\u00ed eile.\u00a0Agus beidh s\u00e9 ceart mar go bhfuil s\u00e9 t\u00e1bhachtach i gc\u00f3na\u00ed rud \u00e9igin a oireann duit a fh\u00e1il.<\/p>\n<p>&nbsp;<\/p>\n<h2>\u00c9arlais agus Aistarraingt<\/h2>\n<p>T\u00e1 s\u00e9 r\u00edth\u00e1bhachtach freisin go bhfuil beala\u00ed \u00e1isi\u00fala ag an gceasa\u00edneo ar l\u00edne chun do chuid buaite a thaisceadh agus a tharraingt siar.\u00a0Agus t\u00e1 s\u00e9 ag an gceasa\u00edneo ar l\u00edne seo.\u00a0Is \u00e9 $20 an t-\u00edosmh\u00e9id \u00e9arlais ag Rocket Play.\u00a0T\u00e1 an m\u00e9id aistarraingthe n\u00edos airde &#8211; $ 50.\u00a0T\u00e1 an m\u00e9id aistarraingthe n\u00edos airde n\u00e1 an t-\u00edosmh\u00e9id taisce i ngach ceasa\u00edneonna.\u00a0D\u00e9antar \u00e9 seo chun \u00fas\u00e1ideoir\u00ed a chosc \u00f3 cheating agus brab\u00fas a dh\u00e9anamh ar bh\u00f3nais amh\u00e1in.\u00a0Is f\u00e9idir leat d\u2019iarmh\u00e9id a athl\u00e1n\u00fa ar na beala\u00ed seo a leanas:<\/p>\n<ul>\n<li aria-level=\"1\">tr\u00ed do ch\u00e1rta bainc, Visa, MasterCard, n\u00f3 American Express;<\/li>\n<li aria-level=\"1\">tr\u00ed sheirbh\u00eds \u00edoca\u00edochta ar l\u00edne PayPal, Payoneer, n\u00f3 Payeer<\/li>\n<li aria-level=\"1\">\u00f3 do spar\u00e1n cryptocurrency.<\/li>\n<\/ul>\n<p>Is f\u00e9idir leat na modhanna seo a \u00fas\u00e1id freisin chun cist\u00ed a tharraingt siar.<\/p>\n<h2>CC<\/h2>\n<p>Ba \u00e9 \u00e1r bpr\u00edomhsprioc i gc\u00f3na\u00ed cabhr\u00fa len\u00e1r n-\u00fas\u00e1ideoir\u00ed.\u00a0Sin an f\u00e1th a bhfuil na ceisteanna is coitianta \u00f3 \u00fas\u00e1ideoir\u00ed c\u00e9aduaire bailithe agus freagartha againn.<\/p>\n<h3>An f\u00e9idir liom imirt ar airgead f\u00edor \u00f3 mo gl\u00e9as soghluaiste?<\/h3>\n<p>Sea, is f\u00e9idir leat imirt \u00f3 do gl\u00e9as soghluaiste ar airgead f\u00edor.\u00a0Chun seo a dh\u00e9anamh, n\u00ed m\u00f3r duit dul chuig l\u00e1ithre\u00e1n gr\u00e9as\u00e1in oifigi\u00fail an cheasa\u00edneo agus an aip ceasa\u00edneo ar l\u00edne a \u00edosl\u00f3d\u00e1il.\u00a0N\u00f3, m\u00e1 t\u00e1 iPhone agat, n\u00ed m\u00f3r duit log\u00e1il isteach ar an su\u00edomh, agus is f\u00e9idir leat do chothroma\u00edocht a bhreisi\u00fa agus geall a dh\u00e9anamh le f\u00edor-airgead.<\/p>\n<h3>C\u00e9n aois ar f\u00e9idir liom \u00e9arlais a dh\u00e9anamh?<\/h3>\n<p>N\u00ed f\u00e9idir leat cl\u00e1r\u00fa ag casino ar l\u00edne ach amh\u00e1in m\u00e1 t\u00e1 t\u00fa 18 mbliana d\u2019aois ar a laghad.\u00a0D\u00e1 bhr\u00ed sin, n\u00ed f\u00e9idir leat taisce a dh\u00e9anamh ach amh\u00e1in tar \u00e9is an chl\u00e1r\u00fach\u00e1in, rud a chialla\u00edonn 18 mbliana d&#8217;aois.<\/p>\n<h3>An f\u00e9idir liom iarracht a dh\u00e9anamh a imirt i casino gan airgead?<\/h3>\n<p>Sea, is f\u00e9idir leat imirt i m\u00f3d taispe\u00e1na i gc\u00f3na\u00ed.\u00a0Anseo, beidh rochtain agat ar do chuntas taisce.\u00a0Ach cuimhnigh go bhfuil an t-airgead a thuilleann t\u00fa ar an modh taispe\u00e1na agus f\u00f3s ann.<\/p>\n","protected":false},"excerpt":{"rendered":"<p>T\u00e1 casinos ar l\u00edne n\u00edos \u00e1bhartha anois n\u00e1 riamh.\u00a0Is bre\u00e1 le go leor daoine a gcuid tr\u00e1thn\u00f3na a chaitheamh ag imirt ag casinos ar l\u00edne.\u00a0Agus t\u00e1 casinos ag sileadh i gc\u00f3na\u00ed.\u00a0Forbra\u00edodh \u00e9 mar aon le forbairt teicneola\u00edochta agus Idirl\u00edn n\u00edos inrochtana. Sin mar a bh\u00ed cluich\u00ed Casino Live le feice\u00e1il siar sna 2000\u00ed.\u00a0Ach ag an&#8230;<\/p>\n","protected":false},"author":1,"featured_media":0,"parent":0,"menu_order":0,"comment_status":"closed","ping_status":"closed","template":"page-with-bonus.php","meta":{"_acf_changed":false,"_kad_post_transparent":"default","_kad_post_title":"default","_kad_post_layout":"default","_kad_post_sidebar_id":"","_kad_post_content_style":"default","_kad_post_vertical_padding":"default","_kad_post_feature":"","_kad_post_feature_position":"","_kad_post_header":false,"_kad_post_footer":false,"footnotes":""},"class_list":["post-3648","page","type-page","status-publish","hentry"],"acf":[],"rttpg_featured_image_url":null,"rttpg_author":{"display_name":"Tom","author_link":"https:\/\/rocketplay-game.com\/ga\/author\/pemvas95n89x\/"},"rttpg_comment":0,"rttpg_category":null,"rttpg_excerpt":"T\u00e1 casinos ar l\u00edne n\u00edos \u00e1bhartha anois n\u00e1 riamh.\u00a0Is bre\u00e1 le go leor daoine a gcuid tr\u00e1thn\u00f3na a chaitheamh ag imirt ag casinos ar l\u00edne.\u00a0Agus t\u00e1 casinos ag sileadh i gc\u00f3na\u00ed.\u00a0Forbra\u00edodh \u00e9 mar aon le forbairt teicneola\u00edochta agus Idirl\u00edn n\u00edos inrochtana. Sin mar a bh\u00ed cluich\u00ed Casino Live le feice\u00e1il siar sna 2000\u00ed.\u00a0Ach ag an...","_links":{"self":[{"href":"https:\/\/rocketplay-game.com\/ga\/wp-json\/wp\/v2\/pages\/3648","targetHints":{"allow":["GET"]}}],"collection":[{"href":"https:\/\/rocketplay-game.com\/ga\/wp-json\/wp\/v2\/pages"}],"about":[{"href":"https:\/\/rocketplay-game.com\/ga\/wp-json\/wp\/v2\/types\/page"}],"author":[{"embeddable":true,"href":"https:\/\/rocketplay-game.com\/ga\/wp-json\/wp\/v2\/users\/1"}],"replies":[{"embeddable":true,"href":"https:\/\/rocketplay-game.com\/ga\/wp-json\/wp\/v2\/comments?post=3648"}],"version-history":[{"count":5,"href":"https:\/\/rocketplay-game.com\/ga\/wp-json\/wp\/v2\/pages\/3648\/revisions"}],"predecessor-version":[{"id":10272,"href":"https:\/\/rocketplay-game.com\/ga\/wp-json\/wp\/v2\/pages\/3648\/revisions\/10272"}],"wp:attachment":[{"href":"https:\/\/rocketplay-game.com\/ga\/wp-json\/wp\/v2\/media?parent=3648"}],"curies":[{"name":"wp","href":"https:\/\/api.w.org\/{rel}","templated":true}]}}