{"id":3652,"date":"2023-01-10T11:36:33","date_gmt":"2023-01-10T08:36:33","guid":{"rendered":"https:\/\/rocketplay-game.com\/live-games\/blackjck\/"},"modified":"2024-02-09T15:48:47","modified_gmt":"2024-02-09T12:48:47","slug":"blackjck","status":"publish","type":"page","link":"https:\/\/rocketplay-game.com\/ga\/live-games\/blackjck\/","title":{"rendered":"Treoir beo blackjack"},"content":{"rendered":"<p>T\u00e1 Blackjack ar cheann de na cluich\u00ed cearrbhachais c\u00e1rta\u00ed is sine i gceasa\u00edneonna.\u00a0De r\u00e9ir roinnt staid\u00e9ir, thosaigh blackjack sa seacht\u00fa haois d\u00e9ag, ach ansin tugadh &#8220;21&#8221; air, ach d&#8217;fhan cro\u00edl\u00e1r an chluiche mar an gc\u00e9anna.<\/p>\n<p>Le himeacht ama, athra\u00edonn gach rud, athruithe ar infhaighteacht an chearrbhachais, athruithe ar chearrbhachas, agus athruithe ar na h\u00e1iteanna ina nd\u00e9anann daoine cearrbhachas.\u00a0Thosaigh ceasa\u00edneonna ag teacht chun cinn, agus le teacht an Idirl\u00edn a bh\u00ed ar f\u00e1il, thosaigh daoine ag imirt i gceasa\u00edneonna ar l\u00edne freisin.\u00a0Mar sin, cuirimid \u00e1r n-athbhreithni\u00fa ar f\u00e1il duit ar an bhfoirm nua-aimseartha a bhfuil an-t\u00f3ir air i gc\u00f3na\u00ed den chluiche Live Blackjack.<\/p>\n<p><img loading=\"lazy\" decoding=\"async\" class=\"aligncenter wp-image-4846\" src=\"https:\/\/rocketplay-game.com\/wp-content\/uploads\/2024\/02\/blckjk.png\" alt=\"Live Blackjack \" width=\"800\" height=\"392\" srcset=\"https:\/\/rocketplay-game.com\/wp-content\/uploads\/2024\/02\/blckjk.png 1340w, https:\/\/rocketplay-game.com\/wp-content\/uploads\/2024\/02\/blckjk-300x147.png 300w, https:\/\/rocketplay-game.com\/wp-content\/uploads\/2024\/02\/blckjk-1024x502.png 1024w, https:\/\/rocketplay-game.com\/wp-content\/uploads\/2024\/02\/blckjk-768x377.png 768w\" sizes=\"auto, (max-width: 800px) 100vw, 800px\" \/><\/p>\n<h2>Bunt\u00e1ist\u00ed Live Blackjack ag Rocket Play<\/h2>\n<p>T\u00e1 go leor bunt\u00e1ist\u00ed ag Live Blackjack ar l\u00edne thar cluich\u00ed ceasa\u00edneo eile.\u00a0Mar sin, molaimid duit machnamh a dh\u00e9anamh ar na bunt\u00e1ist\u00ed a d\u2019fh\u00e9adfadh a bheith suimi\u00fail duit:<\/p>\n<ul>\n<li aria-level=\"1\">simpl\u00edocht na rialacha \u2013 thar na blianta fada ar an saol, Live Blackjack Bh\u00ed blackjack ag gach duine roimh an gc\u00e9ad uair a thug siad cuairt ar Casino.\u00a0D&#8217;fh\u00e9adfadh s\u00e9 a bheith sa bhaile leis an teaghlach, n\u00f3 d&#8217;fh\u00e9adfadh s\u00e9 a bheith ag c\u00f3isir le cairde, ach t\u00e1 gach duine eolach ar rialacha an chluiche;<\/li>\n<li aria-level=\"1\">luas c\u00f3isire &#8211; agus Casino Live Blackjack \u00e1 chur i gcompar\u00e1id le cluich\u00ed eile, is f\u00e9idir leat a thabhairt faoi deara l\u00e1ithreach go bhfuil me\u00e1nr\u00e9 cluiche i gcluich\u00ed ceasa\u00edneo ar l\u00edne i Live Blackjack Ireland thart ar 2.5 uair n\u00edos l\u00fa.Ach n\u00ed haon ionadh \u00e9 sin mar n\u00edl ach aon rud le himirt ar feadh i bhfad;<\/li>\n<li aria-level=\"1\">d\u00e9ile\u00e1la\u00ed beo &#8211; ar nd\u00f3igh, n\u00ed rud uath\u00fail \u00e9 seo a thuilleadh, agus bh\u00ed na ch\u00e9ad d\u00e9ile\u00e1laithe beo i gcluich\u00ed ceasa\u00edneo le feice\u00e1il sna 2000\u00ed.\u00a0Th\u00e1inig an-t\u00f3ir ar dh\u00e9ile\u00e1laithe beo nuair a thosaigh daoine ar rochtain ar ardchaighde\u00e1n idirl\u00edn.\u00a0Is idirghn\u00edomha\u00edocht uath\u00fail \u00e9 d\u00e9ile\u00e1la\u00ed beo, dearbh\u00fa cothroime, agus d\u00edreach atmaisf\u00e9ar maith a thugann t\u00fa chuig halla\u00ed na gceasa\u00edneonna ar an talamh lena bhfairsinge, a charisma agus a spleodar ag hovering sa seomra seo.<\/li>\n<\/ul>\n<p>Agus bunt\u00e1ist\u00ed uile an chluiche ar eolas agat, is f\u00e9idir leat tos\u00fa go s\u00e1bh\u00e1ilte ag imirt.\u00a0Agus buaigh m\u00f3r a fh\u00e1il.<\/p>\n<h2>Cine\u00e1lacha Cluiche Coitianta Blackjack Beo<\/h2>\n<p>Le linn a bheith ann, bh\u00ed go leor \u00e9ags\u00falachta\u00ed \u00e9ags\u00fala den chluiche seo.\u00a0Agus t\u00e1 l\u00edon ollmh\u00f3r lucht lean\u00fana ag gach ceann acu.\u00a0Mar sin tugaimid cuireadh duit c\u00faig cinn de na cinn is m\u00f3 a bhfuil t\u00f3ir orthu a mheas i bhform\u00e1id thapa gan dul isteach i intricacies rialacha gach ceann acu:<\/p>\n<ul>\n<li aria-level=\"1\">Blackjack Meirice\u00e1nach &#8211; Tugtar blackjack clasaiceach ar an blackjack seo go pr\u00edomha.\u00a0Agus t\u00e1 s\u00e9 ar cheann de na cine\u00e1lacha blackjack is coitianta.<\/li>\n<li aria-level=\"1\">P\u00e9ir\u00ed Blackjack Foirfe &#8211; Ceann de na pr\u00edomhdhifr\u00edochta\u00ed idir an cine\u00e1l seo blackjack \u00f3 blackjack clasaiceach n\u00e1 go bhfuil an r\u00f3l ceannais a bh\u00ed ag geallta taobh agus an ch\u00e9ad tharraingt c\u00e1rta\u00ed;<\/li>\n<li aria-level=\"1\">Blackjack Eorpach &#8211; N\u00edl m\u00f3r\u00e1n difr\u00edochta\u00ed suntasacha ag an gcine\u00e1l seo Blackjack \u00f3n Blackjack clasaiceach, rud nach ionadh \u00f3 rugadh blackjack ar mh\u00f3r-roinn na hEorpa;<\/li>\n<li aria-level=\"1\">Athraigh Blackjack &#8211; T\u00e1 an pr\u00edomh-difr\u00edocht sa leagan blackjack seo l\u00e9irithe go foirfe in ainm an chluiche.\u00a0Is \u00e9 an rud is suntasa\u00ed at\u00e1 leis an blackjack seo n\u00e1 go bhfuil dh\u00e1 l\u00e1mh agat ag an am c\u00e9anna, agus is f\u00e9idir leat an dara c\u00e1rta a l\u00e1imhse\u00e1iltear ar gach l\u00e1mh a athr\u00fa idir an d\u00e1 imreoir.<\/li>\n<li aria-level=\"1\">Is foirm clasaiceach de blackjack stiall \u00e9 Vegas Strip Blackjack, t\u00e1 go leor lucht lean\u00fana ar fud an domhain ag an gcine\u00e1l blackjack seo, agus thosaigh s\u00e9 i ndeisceart Las Vegas.<\/li>\n<\/ul>\n<p>Is f\u00e9idir leat tuilleadh a l\u00e9amh faoi rialacha agus gn\u00e9ithe gach ceann de na blackjacks seo ar l\u00e1ithre\u00e1n gr\u00e9as\u00e1in oifigi\u00fail an cheasa\u00edneonna ar l\u00edne.<\/p>\n<h2>Bogearra\u00ed<\/h2>\n<p>T\u00e1 go leor ioma\u00edochta sa mhargadh d\u00edolt\u00f3ir\u00ed bogearra\u00ed.\u00a0D\u00e1 bhr\u00ed sin, d\u00e9anann gach forbr\u00f3ir go leor cluich\u00ed \u00e9ags\u00fala a dh\u00e9anamh do gach \u00fas\u00e1ideoir.\u00a0D\u00e1 bhr\u00ed sin, n\u00ed haon ionadh \u00e9 go sol\u00e1thra\u00edonn beagnach gach ceann acu leaganacha \u00e9ags\u00fala blackjack.\u00a0Molaimid duit aird a thabhairt ar fhorbr\u00f3ir\u00ed den s\u00f3rt sin leis an Live Blackjack ar l\u00edne ar l\u00edne is fearr ar f\u00e9idir leat a fh\u00e1il ag casinos ar l\u00edne:<\/p>\n<ul>\n<li aria-level=\"1\">PGSoft;<\/li>\n<li aria-level=\"1\">Microgaming;<\/li>\n<li aria-level=\"1\">Imirt agus T\u00e9igh;<\/li>\n<\/ul>\n<p>Is f\u00e9idir linn gach ceann de na forbr\u00f3ir\u00ed bogearra\u00ed seo a mholadh duit toisc go bhfuil a gcuid scileanna cruthaithe acu tr\u00ed bhlianta oibre sa mhargadh seo agus t\u00e1 an iliomad \u00e9ags\u00falachta\u00ed ag imirt Live Blackjack.<\/p>\n<h2>Taca\u00edocht chustaim\u00e9ir\u00ed<\/h2>\n<p>Chomh maith leis sin, ceann de na saincheisteanna nach neamhshuntasach \u00e9 taca\u00edocht \u00fas\u00e1ideora toisc go bhf\u00e9adfadh deacracht n\u00f3 ceist a bheith ag gach \u00fas\u00e1ideoir.\u00a0Mar sin, i mbeagnach gach \u00e9ags\u00falacht de blackjack, is f\u00e9idir leat dul chuig speisialt\u00f3ir\u00ed a thabharfaidh cabhair ardchaighde\u00e1in agus chuimsitheach duit a r\u00e9iteoidh aon cheann de do chuid ceisteanna.<\/p>\n<p><img loading=\"lazy\" decoding=\"async\" class=\"aligncenter wp-image-4856 size-full\" src=\"https:\/\/rocketplay-game.com\/wp-content\/uploads\/2024\/02\/bot.png\" alt=\"Live Blackjack 2\" width=\"443\" height=\"626\" srcset=\"https:\/\/rocketplay-game.com\/wp-content\/uploads\/2024\/02\/bot.png 443w, https:\/\/rocketplay-game.com\/wp-content\/uploads\/2024\/02\/bot-212x300.png 212w\" sizes=\"auto, (max-width: 443px) 100vw, 443px\" \/><\/p>\n<h2>Concl\u00faid<\/h2>\n<p>T\u00e1 stair ollmh\u00f3r forbartha ag Blackjack, a chruthaigh daoine iad f\u00e9in.\u00a0Ba bhre\u00e1 le Blackjack imirt ag amanna \u00e9ags\u00fala ag daoine \u00e9ags\u00fala.\u00a0Mura bhfuil iarracht d\u00e9anta agat blackjack a imirt go f\u00f3ill, tabhair cuairt ar shu\u00edomhanna Live Blackjack, agus t\u00e1imid cinnte go bhf\u00e9adfaidh an cluiche seo t\u00fa a mhealladh go leor tr\u00e1thn\u00f3na.<\/p>\n<h2>CC<\/h2>\n<p>Is minic a fhaigheann muid go leor ceisteanna.\u00a0Scr\u00edobhann imreoir\u00ed agus tosaitheoir\u00ed a bhfuil taith\u00ed acu chugainn.\u00a0T\u00e1 roinnt cinn m\u00f3r\u00e9ilimh bailithe againn agus freagra cuimsitheach d\u00e9anta againn orthu.<\/p>\n<h3>An f\u00e9idir liom blackjack a imirt saor in aisce?<\/h3>\n<p>Sea, is f\u00e9idir leat tos\u00fa ag imirt blackjack gan aon infheist\u00edochta\u00ed a dh\u00e9anamh.\u00a0Chun \u00e9 sin a dh\u00e9anamh, n\u00ed m\u00f3r duit \u00e1r modh taispe\u00e1na a \u00fas\u00e1id, at\u00e1 ag gach cluiche.<\/p>\n<h3>An f\u00e9idir liom blackjack a imirt \u00f3 mo ghuth\u00e1n p\u00f3ca?<\/h3>\n<p>T\u00e1 \u00e1r bhforbr\u00f3ir\u00ed ag d\u00e9anamh gach rud is f\u00e9idir ionas gur f\u00e9idir len\u00e1r n-\u00fas\u00e1ideoir\u00ed a imirt mar is mian leo agus nuair a bheidh s\u00e9 \u00e1isi\u00fail.\u00a0Sin an f\u00e1th go bhfuil leagan soghluaiste bre\u00e1 optamaithe againn d\u00e1r su\u00edomh.\u00a0B\u00ed cinnte triail a bhaint as.<\/p>\n<h3>An f\u00e9idir liom mo chuid iarmh\u00e9id a bhreisi\u00fa \u00f3 mo spar\u00e1n cryptocurrency?<\/h3>\n<p>Sea, sol\u00e1thra\u00edonn \u00e1r gceasa\u00edneo an cumas do chuid iarmh\u00e9id a thaisceadh in cryptocurrency.\u00a0Chomh maith leis sin, is f\u00e9idir leat do chuid buaite a tharraingt siar chuig do spar\u00e1n cryptocurrency n\u00f3 do ch\u00e1rta bainc.<\/p>\n","protected":false},"excerpt":{"rendered":"<p>T\u00e1 Blackjack ar cheann de na cluich\u00ed cearrbhachais c\u00e1rta\u00ed is sine i gceasa\u00edneonna.\u00a0De r\u00e9ir roinnt staid\u00e9ir, thosaigh blackjack sa seacht\u00fa haois d\u00e9ag, ach ansin tugadh &#8220;21&#8221; air, ach d&#8217;fhan cro\u00edl\u00e1r an chluiche mar an gc\u00e9anna. Le himeacht ama, athra\u00edonn gach rud, athruithe ar infhaighteacht an chearrbhachais, athruithe ar chearrbhachas, agus athruithe ar na h\u00e1iteanna ina&#8230;<\/p>\n","protected":false},"author":1,"featured_media":0,"parent":3648,"menu_order":0,"comment_status":"closed","ping_status":"closed","template":"page-with-bonus.php","meta":{"_acf_changed":false,"_kad_post_transparent":"default","_kad_post_title":"default","_kad_post_layout":"default","_kad_post_sidebar_id":"","_kad_post_content_style":"default","_kad_post_vertical_padding":"default","_kad_post_feature":"","_kad_post_feature_position":"","_kad_post_header":false,"_kad_post_footer":false,"footnotes":""},"class_list":["post-3652","page","type-page","status-publish","hentry"],"acf":[],"rttpg_featured_image_url":null,"rttpg_author":{"display_name":"Tom","author_link":"https:\/\/rocketplay-game.com\/ga\/author\/pemvas95n89x\/"},"rttpg_comment":0,"rttpg_category":null,"rttpg_excerpt":"T\u00e1 Blackjack ar cheann de na cluich\u00ed cearrbhachais c\u00e1rta\u00ed is sine i gceasa\u00edneonna.\u00a0De r\u00e9ir roinnt staid\u00e9ir, thosaigh blackjack sa seacht\u00fa haois d\u00e9ag, ach ansin tugadh &#8220;21&#8221; air, ach d&#8217;fhan cro\u00edl\u00e1r an chluiche mar an gc\u00e9anna. Le himeacht ama, athra\u00edonn gach rud, athruithe ar infhaighteacht an chearrbhachais, athruithe ar chearrbhachas, agus athruithe ar na h\u00e1iteanna ina...","_links":{"self":[{"href":"https:\/\/rocketplay-game.com\/ga\/wp-json\/wp\/v2\/pages\/3652","targetHints":{"allow":["GET"]}}],"collection":[{"href":"https:\/\/rocketplay-game.com\/ga\/wp-json\/wp\/v2\/pages"}],"about":[{"href":"https:\/\/rocketplay-game.com\/ga\/wp-json\/wp\/v2\/types\/page"}],"author":[{"embeddable":true,"href":"https:\/\/rocketplay-game.com\/ga\/wp-json\/wp\/v2\/users\/1"}],"replies":[{"embeddable":true,"href":"https:\/\/rocketplay-game.com\/ga\/wp-json\/wp\/v2\/comments?post=3652"}],"version-history":[{"count":4,"href":"https:\/\/rocketplay-game.com\/ga\/wp-json\/wp\/v2\/pages\/3652\/revisions"}],"predecessor-version":[{"id":5239,"href":"https:\/\/rocketplay-game.com\/ga\/wp-json\/wp\/v2\/pages\/3652\/revisions\/5239"}],"up":[{"embeddable":true,"href":"https:\/\/rocketplay-game.com\/ga\/wp-json\/wp\/v2\/pages\/3648"}],"wp:attachment":[{"href":"https:\/\/rocketplay-game.com\/ga\/wp-json\/wp\/v2\/media?parent=3652"}],"curies":[{"name":"wp","href":"https:\/\/api.w.org\/{rel}","templated":true}]}}