{"id":3655,"date":"2023-01-11T15:24:09","date_gmt":"2023-01-11T12:24:09","guid":{"rendered":"https:\/\/rocketplay-game.com\/?page_id=3655"},"modified":"2024-02-09T15:42:14","modified_gmt":"2024-02-09T12:42:14","slug":"free","status":"publish","type":"page","link":"https:\/\/rocketplay-game.com\/ga\/live-games\/blackjck\/free\/","title":{"rendered":"Seinn Blackjack Beo Saor in Aisce le Rocket Play Casino"},"content":{"rendered":"<p>Is maith le go leor daoine a n-o\u00edcheanta a chaitheamh ag casinos ar l\u00edne.\u00a0Tar \u00e9is an tsaoil, t\u00e1 s\u00e9 suimi\u00fail i gc\u00f3na\u00ed.\u00a0Is \u00e9 seo a l\u00e1n de na moth\u00fach\u00e1in \u00e9ags\u00fala.\u00a0Ach t\u00e1 eagla ar go leor daoine a gcuid airgid a chaitheamh.<\/p>\n<p>Ceapann cuid acu gur f\u00e9idir iad a cheal\u00fa.\u00a0N\u00ed imreoir le taith\u00ed \u00e9 duine \u00e9igin.\u00a0N\u00ed g\u00e1 duit imirt ar airgead f\u00edor l\u00e1ithreach toisc go bhfuil Blackjack Beo Saor in Aisce ann.\u00a0N\u00ed g\u00e1 duit pingin amh\u00e1in a chaitheamh chun taitneamh a bhaint as blackjack.\u00a0A ligean ar ghlacadh le breathn\u00fa ar conas \u00e9 a dh\u00e9anamh.<\/p>\n<p><img loading=\"lazy\" decoding=\"async\" class=\"aligncenter wp-image-4866\" src=\"https:\/\/rocketplay-game.com\/wp-content\/uploads\/2024\/02\/blckfejwfw-12132123.png\" alt=\"Rocket Play Blackjack\" width=\"800\" height=\"423\" srcset=\"https:\/\/rocketplay-game.com\/wp-content\/uploads\/2024\/02\/blckfejwfw-12132123.png 1348w, https:\/\/rocketplay-game.com\/wp-content\/uploads\/2024\/02\/blckfejwfw-12132123-300x159.png 300w, https:\/\/rocketplay-game.com\/wp-content\/uploads\/2024\/02\/blckfejwfw-12132123-1024x542.png 1024w, https:\/\/rocketplay-game.com\/wp-content\/uploads\/2024\/02\/blckfejwfw-12132123-768x406.png 768w\" sizes=\"auto, (max-width: 800px) 100vw, 800px\" \/><\/p>\n<h2>Cur i l\u00e1thair ar blackjack saor in aisce,<\/h2>\n<p>T\u00e1 Blackjack ar cheann de na cluich\u00ed c\u00e1rta\u00ed seans is sine.\u00a0T\u00e9ann stair an blackjack ar ais go dt\u00ed an 17\u00fa haois.\u00a0Ach le linn na tr\u00e9imhse sin ar fad, n\u00edl ach m\u00e9ad\u00fa tagtha ar an \u00e9ileamh at\u00e1 ar blackjack agus n\u00edor th\u00e1inig s\u00e9 r\u00f3-ualach ar rialacha.\u00a0In Free Live Blackjack ar l\u00edne, T\u00e1 na iliomad cine\u00e1lacha is f\u00e9idir leat a fh\u00e1il ag casinos ar l\u00edne.\u00a0Agus is f\u00e9idir leat leas a bhaint as Free Live Blackjack i gc\u00f3na\u00ed toisc nach g\u00e1 aon infheist\u00edocht a dh\u00e9anamh, t\u00e1 s\u00e9 suimi\u00fail, agus t\u00e1 s\u00e9 tapa go leor.<\/p>\n<h2>Conas blackjack beo saor in aisce a imirt<\/h2>\n<p>Is f\u00e9idir leat cluich\u00ed Live Blackjack a fh\u00e1il saor in aisce i gc\u00f3na\u00ed ag an gceasa\u00edneo ar l\u00edne i rann\u00f3g speisialta.\u00a0Chun t\u00fas a imirt saor in aisce, caithfidh t\u00fa an cluiche a roghn\u00fa i m\u00f3d taispe\u00e1na.\u00a0D\u00e9anfar cuntas ar leith a athl\u00e1n\u00fa go huathoibr\u00edoch m\u00e1 chailleann t\u00fa gach rud, ach n\u00ed f\u00e9idir leat do chuid buaite a choinne\u00e1il uaidh.\u00a0Agus t\u00e1 na rialacha a bhaineann le blackjack clasaiceach a imirt bunrang:<\/p>\n<ol>\n<li aria-level=\"1\">Is f\u00e9idir leat an d\u00e9ile\u00e1la\u00ed a fheice\u00e1il ag imirt c\u00e1rta\u00ed i bhform\u00e1id bheo ar an sc\u00e1ile\u00e1n os do chomhair.\u00a0Is f\u00e9idir leat do geall agus na c\u00e1rta\u00ed at\u00e1 i do l\u00e1mh a fheice\u00e1il freisin.<\/li>\n<li aria-level=\"1\">Tar \u00e9is duit geall a dh\u00e9anamh, d\u00e9arfaidh an d\u00e9ile\u00e1la\u00ed an fr\u00e1sa aitheanta \u201cD\u00e9antar geallta, n\u00ed m\u00f3 geallta\u201d agus d\u00e9arfaidh s\u00e9 c\u00e1rta\u00ed do rannph\u00e1irtithe uile an ph\u00e1irt\u00ed.<\/li>\n<li aria-level=\"1\">Sa ch\u00e9ad d\u00e9ile\u00e1il, gheobhaidh t\u00fa dh\u00e1 ch\u00e1rta.\u00a0Chun an bua a fh\u00e1il, n\u00ed m\u00f3r duit luach ioml\u00e1n na gc\u00e1rta\u00ed a bheith 21 n\u00f3 chomh gar don uimhir sin agus is f\u00e9idir gan dul thar \u00e9.\u00a0Is f\u00e9idir leat me\u00e1chan gach c\u00e1rta a fh\u00e1il ar an sc\u00e1ile\u00e1n i gc\u00f3na\u00ed.<\/li>\n<li aria-level=\"1\">Tar \u00e9is an tsaoil, t\u00e1 a gc\u00e1rta\u00ed faighte ag na rannph\u00e1irtithe, smaoin\u00edonn gach rannph\u00e1irt\u00ed ar cheart c\u00e1rta eile a ghlacadh n\u00f3 stop a chur anois.\u00a0M\u00e1 ghlacann an rannph\u00e1irt\u00ed an ch\u00e9ad ch\u00e1rta eile agus go bhfuil me\u00e1chan a ch\u00e1rta n\u00edos l\u00fa n\u00e1 n\u00f3 cothrom le 21 \u2013 fanann an rannph\u00e1irt\u00ed sa chluiche.\u00a0M\u00e1 t\u00e1 n\u00edos m\u00f3, t\u00e1 an rannph\u00e1irt\u00ed amach.\u00a0Is f\u00e9idir le gach rannph\u00e1irt\u00ed an oiread c\u00e1rta\u00ed breise a ghlacadh agus a theasta\u00edonn uaidh.<\/li>\n<li aria-level=\"1\">Tar \u00e9is do gach rannph\u00e1irt\u00ed an oiread c\u00e1rta\u00ed agus is g\u00e1 a ghlacadh, taispe\u00e1nann gach imreoir a l\u00e1mha.\u00a0Is \u00e9 an buaiteoir an buaiteoir le me\u00e1chan c\u00e1rta\u00ed cothrom le n\u00f3 n\u00edos gaire do 21. N\u00ed fhaigheann an fear caillte na himeartha faic.<\/li>\n<\/ol>\n<p>Agus na rialacha simpl\u00ed seo ar eolas agat, is f\u00e9idir leat i gc\u00f3na\u00ed cluiche blackjack amh\u00e1in n\u00f3 n\u00edos m\u00f3 a imirt ag casino ar l\u00edne.\u00a0Ach a bhuachan go rialta, n\u00ed m\u00f3r duit staid\u00e9ar a dh\u00e9anamh go mion ar an gcluiche, leideanna a fhoghlaim \u00f3 dhaoine gairmi\u00fala agus a fhorbairt do strait\u00e9is a bhuachan.\u00a0T\u00e1 s\u00e9 seo ar fad thar a bheith t\u00e1bhachtach, go h\u00e1irithe m\u00e1 t\u00e1 s\u00e9 ar intinn agat imirt ar airgead f\u00edor ina dhiaidh sin.<\/p>\n<p><img loading=\"lazy\" decoding=\"async\" class=\"aligncenter wp-image-4875\" src=\"https:\/\/rocketplay-game.com\/wp-content\/uploads\/2024\/02\/blckfejwfw-12132123323.png\" alt=\"Rocket Play Blackjack 2\" width=\"800\" height=\"428\" srcset=\"https:\/\/rocketplay-game.com\/wp-content\/uploads\/2024\/02\/blckfejwfw-12132123323.png 1352w, https:\/\/rocketplay-game.com\/wp-content\/uploads\/2024\/02\/blckfejwfw-12132123323-300x160.png 300w, https:\/\/rocketplay-game.com\/wp-content\/uploads\/2024\/02\/blckfejwfw-12132123323-1024x548.png 1024w, https:\/\/rocketplay-game.com\/wp-content\/uploads\/2024\/02\/blckfejwfw-12132123323-768x411.png 768w\" sizes=\"auto, (max-width: 800px) 100vw, 800px\" \/><\/p>\n<h2>C\u00e9n f\u00e1th a imirt Blackjack Beo Saor in Aisce<\/h2>\n<p>T\u00e1 go leor c\u00faiseanna ann gur ch\u00f3ir duit Live Blackjack a imirt ar l\u00edne saor in aisce, agus is cinnte go nd\u00e9anfaimid machnamh orthu leat:<\/p>\n<ul>\n<li aria-level=\"1\">T\u00e1 blackjack iontach suimi\u00fail &#8211; t\u00e1 s\u00e9 deacair arg\u00f3int a dh\u00e9anamh leis an bhf\u00edric seo mar go n-aithn\u00edonn go leor blackjack mar cheann de na cluich\u00ed c\u00e1rta\u00ed is spreag\u00fala.\u00a0Ar nd\u00f3igh, f\u00e9adfaidh lucht lean\u00fana poker d\u00edograiseach arg\u00f3int leis seo, ach n\u00ed chuireann aon rud cosc \u200b\u200b\u200b\u200borthu poker agus blackjack a imirt.<\/li>\n<li aria-level=\"1\">T\u00e1 s\u00e9 s\u00e1bh\u00e1ilte &#8211; d\u00f3ibh si\u00fad a bhfuil eagla orthu go gcaillfidh siad a gcuid coigilteas go l\u00e9ir ag imirt cluich\u00ed c\u00e1rta\u00ed.\u00a0N\u00f3 nach f\u00e9idir leat stop a chur in am.\u00a0N\u00ed g\u00e1 d\u00f3ibh pingin a chaitheamh ag imirt m\u00f3d taispe\u00e1na blackjack ar l\u00edne.\u00a0Ag imirt i m\u00f3d taispe\u00e1na, n\u00ed chaitheann t\u00fa do choigilteas.\u00a0T\u00e1 t\u00fa ag imirt ar airgead f\u00edor\u00fail, at\u00e1 suite i gcuntas f\u00edor\u00fail.\u00a0Athl\u00e1na\u00edtear an cuntas seo m\u00e1 chailleann t\u00fa an t-airgead go l\u00e9ir uaidh.\u00a0Ach n\u00ed f\u00e9idir leat do chuid buaite a tharraingt siar \u00f3n gcuntas seo.\u00a0Cuimhnigh go.<\/li>\n<li aria-level=\"1\">idirghn\u00edomha\u00edocht &#8211; nuair a imr\u00edonn t\u00fa blackjack beo, feiceann t\u00fa i gc\u00f3na\u00ed d\u00e9ile\u00e1la\u00ed beo os do chomhair, ag caint leis na himreoir\u00ed ag an mbord i bhf\u00edor-am, ag d\u00e9ile\u00e1il le c\u00e1rta\u00ed, agus ag glaoch ar an mbuaiteoir.\u00a0T\u00e1 s\u00e9 ach dochreidte chun f\u00e9achaint.<\/li>\n<li aria-level=\"1\">is moth\u00fach\u00e1in bheo iad seo \u2013 nuair a imr\u00edonn t\u00fa cearrbhachas agus blackjack go h\u00e1irithe, faigheann t\u00fa d\u00e1ileog ollmh\u00f3r sceitim\u00edn\u00ed, at\u00e1 ar cheann de na moth\u00fach\u00e1in is l\u00e1idre a bhraitheann daoine.\u00a0Ach t\u00e1 s\u00e9 s\u00e1bh\u00e1ilte na moth\u00fach\u00e1in sin a bhaint amach nuair a imr\u00edonn t\u00fa blackjack saor in aisce.\u00a0N\u00ed chuireann t\u00fa do chuid infheist\u00edochta am\u00fa agus n\u00ed baol duit \u00e9 a chailli\u00faint.<\/li>\n<\/ul>\n<p>Nuair a dh\u00e9anann t\u00fa iarracht blackjack a imirt, beidh t\u00fa gan amhras ar do mhoth\u00fach\u00e1in uath\u00fala f\u00e9in a thaispe\u00e1nann an cluiche seo, agus is iontach an rud \u00e9 sin.\u00a0Mar sin b\u00ed cinnte dul isteach agus iarracht a dh\u00e9anamh imirt saor in aisce.<\/p>\n<h2>Concl\u00faid<\/h2>\n<p>T\u00e1 na milli\u00fain lucht lean\u00fana ag Blackjack ar fud an domhain.\u00a0Is f\u00e9idir le casinos ar l\u00edne blackjack a imirt le d\u00e9ile\u00e1la\u00ed beo.\u00a0N\u00e1 d\u00e9an dearmad ar an b\u00f3nas Live Blackjack Free.\u00a0Tabharfaidh s\u00e9 deis f\u00edor-airgead a thuilleamh gan infheist\u00edocht.<\/p>\n<h2>CC<\/h2>\n<p>Is minic a scr\u00edobhann go leor \u00fas\u00e1ideoir\u00ed chugainn le ceisteanna.\u00a0Agus faighimid am i gc\u00f3na\u00ed chun iad a fhreagairt.\u00a0Sin an f\u00e1th go bhfuil cuid de na ceisteanna is coitianta curtha le ch\u00e9ile againn, ionas gur f\u00e9idir leat teacht i gc\u00f3na\u00ed ar fhreagra\u00ed a bhfuil sp\u00e9is agat iontu n\u00edos tap\u00fala.<\/p>\n<h3>Cad is b\u00f3nas f\u00e1ilte ann?<\/h3>\n<p>Is b\u00f3nas \u00e9 seo a fhaigheann gach \u00fas\u00e1ideoir a th\u00e9ann isteach ar shu\u00edomh Gr\u00e9as\u00e1in oifigi\u00fail an cheasa\u00edneo ar l\u00edne den ch\u00e9ad uair.\u00a0Chun an b\u00f3nas seo a phiocadh suas, n\u00ed m\u00f3r don \u00fas\u00e1ideoir cl\u00e1r\u00fa simpl\u00ed a chomhl\u00e1n\u00fa agus an b\u00f3nas a phiocadh suas ina chomh-aireachta.<\/p>\n<h3>An f\u00e9idir liom imirt saor in aisce \u00f3 mo ghuth\u00e1n?<\/h3>\n<p>Sea, is f\u00e9idir leat blackjack a imirt saor in aisce, n\u00ed hamh\u00e1in \u00f3 do ghuth\u00e1n p\u00f3ca.\u00a0N\u00ed m\u00f3r duit \u00e1r n-app Casino a \u00edosl\u00f3d\u00e1il ar do ghl\u00e9as Android chuig an l\u00e1ithre\u00e1n gr\u00e9as\u00e1in oifigi\u00fail.<\/p>\n<h3>C\u00e9n aois ar f\u00e9idir liom blackjack a imirt saor in aisce?<\/h3>\n<p>De r\u00e9ir an dl\u00ed, n\u00ed f\u00e9idir leat cl\u00e1r\u00fa sa Casino ach \u00f3 18. Ar an drochuair, n\u00ed f\u00e9idir leat imirt fi\u00fa saor in aisce gan an aois sin a bhaint amach.<\/p>\n","protected":false},"excerpt":{"rendered":"<p>Is maith le go leor daoine a n-o\u00edcheanta a chaitheamh ag casinos ar l\u00edne.\u00a0Tar \u00e9is an tsaoil, t\u00e1 s\u00e9 suimi\u00fail i gc\u00f3na\u00ed.\u00a0Is \u00e9 seo a l\u00e1n de na moth\u00fach\u00e1in \u00e9ags\u00fala.\u00a0Ach t\u00e1 eagla ar go leor daoine a gcuid airgid a chaitheamh. Ceapann cuid acu gur f\u00e9idir iad a cheal\u00fa.\u00a0N\u00ed imreoir le taith\u00ed \u00e9 duine \u00e9igin.\u00a0N\u00ed&#8230;<\/p>\n","protected":false},"author":1,"featured_media":0,"parent":3652,"menu_order":0,"comment_status":"closed","ping_status":"closed","template":"page-with-bonus.php","meta":{"_acf_changed":false,"_kad_post_transparent":"default","_kad_post_title":"default","_kad_post_layout":"default","_kad_post_sidebar_id":"","_kad_post_content_style":"default","_kad_post_vertical_padding":"default","_kad_post_feature":"","_kad_post_feature_position":"","_kad_post_header":false,"_kad_post_footer":false,"footnotes":""},"class_list":["post-3655","page","type-page","status-publish","hentry"],"acf":[],"rttpg_featured_image_url":null,"rttpg_author":{"display_name":"Tom","author_link":"https:\/\/rocketplay-game.com\/ga\/author\/pemvas95n89x\/"},"rttpg_comment":0,"rttpg_category":null,"rttpg_excerpt":"Is maith le go leor daoine a n-o\u00edcheanta a chaitheamh ag casinos ar l\u00edne.\u00a0Tar \u00e9is an tsaoil, t\u00e1 s\u00e9 suimi\u00fail i gc\u00f3na\u00ed.\u00a0Is \u00e9 seo a l\u00e1n de na moth\u00fach\u00e1in \u00e9ags\u00fala.\u00a0Ach t\u00e1 eagla ar go leor daoine a gcuid airgid a chaitheamh. Ceapann cuid acu gur f\u00e9idir iad a cheal\u00fa.\u00a0N\u00ed imreoir le taith\u00ed \u00e9 duine \u00e9igin.\u00a0N\u00ed...","_links":{"self":[{"href":"https:\/\/rocketplay-game.com\/ga\/wp-json\/wp\/v2\/pages\/3655","targetHints":{"allow":["GET"]}}],"collection":[{"href":"https:\/\/rocketplay-game.com\/ga\/wp-json\/wp\/v2\/pages"}],"about":[{"href":"https:\/\/rocketplay-game.com\/ga\/wp-json\/wp\/v2\/types\/page"}],"author":[{"embeddable":true,"href":"https:\/\/rocketplay-game.com\/ga\/wp-json\/wp\/v2\/users\/1"}],"replies":[{"embeddable":true,"href":"https:\/\/rocketplay-game.com\/ga\/wp-json\/wp\/v2\/comments?post=3655"}],"version-history":[{"count":3,"href":"https:\/\/rocketplay-game.com\/ga\/wp-json\/wp\/v2\/pages\/3655\/revisions"}],"predecessor-version":[{"id":5230,"href":"https:\/\/rocketplay-game.com\/ga\/wp-json\/wp\/v2\/pages\/3655\/revisions\/5230"}],"up":[{"embeddable":true,"href":"https:\/\/rocketplay-game.com\/ga\/wp-json\/wp\/v2\/pages\/3652"}],"wp:attachment":[{"href":"https:\/\/rocketplay-game.com\/ga\/wp-json\/wp\/v2\/media?parent=3655"}],"curies":[{"name":"wp","href":"https:\/\/api.w.org\/{rel}","templated":true}]}}