{"id":3658,"date":"2023-01-09T19:25:29","date_gmt":"2023-01-09T16:25:29","guid":{"rendered":"https:\/\/rocketplay-game.com\/live-casino\/"},"modified":"2026-03-01T18:14:34","modified_gmt":"2026-03-01T15:14:34","slug":"live-casino","status":"publish","type":"page","link":"https:\/\/rocketplay-game.com\/ga\/live-casino\/","title":{"rendered":"Rocket Play Live Casino Athbhreithni\u00fa"},"content":{"rendered":"<p>Creidtear go raibh na ch\u00e9ad cheasa\u00edneonna le feice\u00e1il san Eoraip sa 17\u00fa haois.\u00a0Bh\u00ed an chuma orthu go raibh cearrbhachas \u00e1 rial\u00fa acu.\u00a0Sna laethanta sin, bh\u00ed cearrbhachas i r\u00e9im i measc na ndaoine cheana f\u00e9in.\u00a0Ar nd\u00f3igh, n\u00ed fh\u00e9adfadh gach duine a fh\u00e1il ann, ach n\u00ed raibh ach baill den uaisle agus den uaisle, agus ina l\u00e1r, ag fanacht le praghsanna an-ard do na cluich\u00ed.\u00a0Agus d&#8217;imir siad cluich\u00ed c\u00e1rta\u00ed den chuid is m\u00f3, mar shampla blackjack n\u00f3 droichead, agus thaitin leo crannchuir a imirt freisin.<\/p>\n<p>De r\u00e9ir mar a d&#8217;fh\u00e1s an ceasa\u00edneo, th\u00e1inig praghsanna inacmhainne, agus d&#8217;fh\u00e9adfadh daoine imirt.\u00a0Ansin th\u00e1inig an Idirl\u00edon.\u00a0Agus mar sin bh\u00ed an t-athbhreithni\u00fa ceasa\u00edneo beo is fearr le feice\u00e1il th\u00edos!<\/p>\n<p><img loading=\"lazy\" decoding=\"async\" class=\"aligncenter wp-image-4785\" src=\"https:\/\/rocketplay-game.com\/wp-content\/uploads\/2024\/02\/live-2.png\" alt=\"Live Casino Rocket Play \" width=\"800\" height=\"391\" srcset=\"https:\/\/rocketplay-game.com\/wp-content\/uploads\/2024\/02\/live-2.png 1355w, https:\/\/rocketplay-game.com\/wp-content\/uploads\/2024\/02\/live-2-300x147.png 300w, https:\/\/rocketplay-game.com\/wp-content\/uploads\/2024\/02\/live-2-1024x501.png 1024w, https:\/\/rocketplay-game.com\/wp-content\/uploads\/2024\/02\/live-2-768x376.png 768w\" sizes=\"auto, (max-width: 800px) 100vw, 800px\" \/><\/p>\n<h2>Bogearra\u00ed ceasa\u00edneo ar l\u00edne le d\u00e9ile\u00e1la\u00ed beo<\/h2>\n<p>Ar dt\u00fas, d\u00e9anaimis f\u00e9achaint ar dh\u00edolt\u00f3ir\u00ed bogearra\u00ed. Mar aon le h\u00e1iteanna eile, t\u00e1 margadh na nd\u00edolt\u00f3ir\u00ed bogearra\u00ed an-ioma\u00edoch. Sin \u00e9 an f\u00e1th gur f\u00e9idir le ceasa\u00edneonna beo ar l\u00edne na h\u00c9ireann rogha a dh\u00e9anamh \u00f3 chuid de na cinn is fearr.<\/p>\n<p>Is gn\u00edomha\u00edocht shuntasach \u00e9 sol\u00e1thra\u00ed bogearra\u00ed a roghn\u00fa.\u00a0B\u00edonn tionchar aige ar chaighde\u00e1n cluich\u00ed an cheasa\u00edneo, taca\u00edocht, nuashonr\u00fa an chluiche, compord na n-imreoir\u00ed, agus c\u00e9 mh\u00e9ad is f\u00e9idir leo a thuilleamh.\u00a0Is \u00e9 an barr Casino beo ar l\u00edne cur chuige freagrach maidir leis an gceist seo.\u00a0Sin \u00e9 an f\u00e1th gur f\u00e9idir leat bualadh le ceannair\u00ed margaidh den s\u00f3rt sin:<\/p>\n<ul>\n<li>\n<ul>\n<li aria-level=\"1\">NetEnt;<\/li>\n<li aria-level=\"1\">BetSoft;<\/li>\n<li aria-level=\"1\">Blueprint;<\/li>\n<\/ul>\n<\/li>\n<\/ul>\n<p>Agus n\u00ed h\u00e9 sin go l\u00e9ir; Is f\u00e9idir leat n\u00edos m\u00f3 a fh\u00e1il ar shu\u00edomh Gr\u00e9as\u00e1in Casino na h\u00c9ireann beo, a bheith cinnte a sheice\u00e1il amach a gcuid sol\u00e1thraithe agus roghnaigh an ceann is fearr leat.<\/p>\n<h2>B\u00f3nais agus ard\u00fa c\u00e9ime ceasa\u00edneo beo<\/h2>\n<p>Is iad b\u00f3nais agus cur chun cinn an rud is m\u00f3 a mheallann an t-\u00fas\u00e1ideoir, agus tuigeann ceasa\u00edneo beo ar l\u00edne \u00e9 seo.\u00a0Mar sin, is f\u00e9idir leat teacht ar go leor tairiscint\u00ed b\u00f3nais \u00e9ags\u00fala agus t\u00fa ag imirt.\u00a0Breathna\u00edmid ar cad iad:<\/p>\n<p><img loading=\"lazy\" decoding=\"async\" class=\"aligncenter wp-image-4795\" src=\"https:\/\/rocketplay-game.com\/wp-content\/uploads\/2024\/02\/live.png\" alt=\"Live Casino Rocket Play 2\" width=\"800\" height=\"490\" srcset=\"https:\/\/rocketplay-game.com\/wp-content\/uploads\/2024\/02\/live.png 1007w, https:\/\/rocketplay-game.com\/wp-content\/uploads\/2024\/02\/live-300x184.png 300w, https:\/\/rocketplay-game.com\/wp-content\/uploads\/2024\/02\/live-768x471.png 768w\" sizes=\"auto, (max-width: 800px) 100vw, 800px\" \/><\/p>\n<ul>\n<li aria-level=\"1\">Is b\u00f3nas \u00e9 an b\u00f3nas f\u00e1ilte is f\u00e9idir le gach imreoir a fh\u00e1il chomh luath agus a th\u00e9ann s\u00e9 isteach ar shu\u00edomh Gr\u00e9as\u00e1in oifigi\u00fail an cheasa\u00edneo.\u00a0D\u00e9antar \u00e9 seo chun \u00fas\u00e1ideoir\u00ed nua a mhealladh;<\/li>\n<li aria-level=\"1\">Is b\u00f3nas \u00e9 b\u00f3nas cl\u00e1r\u00fach\u00e1in a thugtar do gach \u00fas\u00e1ideoir tar \u00e9is d\u00f3 a r\u00edomhphost a chl\u00e1r\u00fa agus a dheimhni\u00fa.\u00a0D\u00e9antar \u00e9 seo ionas gur f\u00e9idir le h\u00fas\u00e1ideoir\u00ed nua rud \u00e9igin a aimsi\u00fa le d\u00e9anamh ag an Casino agus iarracht a dh\u00e9anamh a gc\u00e9ad geallta agus infheist\u00edochta\u00ed;<\/li>\n<li aria-level=\"1\">b\u00f3nas atreoraithe &#8211; n\u00ed f\u00e9idir an b\u00f3nas seo a fh\u00e1il ach amh\u00e1in m\u00e1 chuireann t\u00fa in i\u00fal c\u00f3d an imreora a thug cuireadh duit chuig an gceasa\u00edneo beo le linn cl\u00e1r\u00fach\u00e1in.\u00a0Gheobhaidh an t-imreoir seo a chuid den bh\u00f3nas freisin.\u00a0T\u00e1 s\u00e9 d\u00e9anta do dhaoine cuireadh a thabhairt d\u00e1 gcairde chuig an Casino;<\/li>\n<li aria-level=\"1\">Is b\u00f3nas \u00e9 an ch\u00e9ad bh\u00f3nas taisce a chuirtear le d\u2019iarmh\u00e9id a luaithe a dh\u00e9anann t\u00fa do ch\u00e9ad infheist\u00edocht sa Casino ar l\u00edne.\u00a0D\u00e9antar \u00e9 seo ionas go mbeidh dreasacht n\u00edos m\u00f3 ag \u00fas\u00e1ideoir\u00ed nua infheist\u00edocht a dh\u00e9anamh sa cheasa\u00edneonna;<\/li>\n<li aria-level=\"1\">prom\u00f3isin rialta &#8211; is f\u00e9idir leat iad a fh\u00e1il i gc\u00f3na\u00ed ar phr\u00edomhleathanach an cheasa\u00edneo ar l\u00edne.\u00a0Is b\u00f3nais go hioml\u00e1n difri\u00fail iad seo.\u00a0L\u00e9igh le do thoil na coinn\u00edollacha maidir le conas iad a fh\u00e1il go c\u00faramach.\u00a0D\u00e9antar \u00e9 seo chun an cluiche a \u00e9ags\u00fal\u00fa le h\u00fas\u00e1ideoir\u00ed ceasa\u00edneo ar l\u00edne a bhfuil taith\u00ed acu cheana f\u00e9in;<\/li>\n<li aria-level=\"1\">is \u00e9ard is tairiscint\u00ed pearsanta ann n\u00e1 prom\u00f3isin a fhaigheann t\u00fa i do phost.\u00a0L\u00e9igh go c\u00faramach na t\u00e9arma\u00ed agus na coinn\u00edollacha maidir le conas iad a fh\u00e1il.\u00a0T\u00e1 siad deartha go pr\u00edomha chun imreoir\u00ed \u00e9ighn\u00edomhacha a ghn\u00edomhacht\u00fa, ach uaireanta b\u00edonn an ceasa\u00edneo ag iarraidh t\u00fa a sh\u00e1samh.<\/li>\n<li aria-level=\"1\">is b\u00f3nas d\u00edlseachta \u00e9 b\u00f3nas a fhaigheann \u00fas\u00e1ideoir\u00ed ceasa\u00edneo a bhfuil taith\u00ed acu.\u00a0T\u00e1 an b\u00f3nas seo ann ionas go bhfanann imreoir\u00ed a bhfuil taith\u00ed acu leis an gceasa\u00edneo oiread agus is f\u00e9idir.<\/li>\n<\/ul>\n<p>Mar a fheiceann t\u00fa, t\u00e1 \u00e9ags\u00falacht mh\u00f3r de thairiscint\u00ed b\u00f3nais ag an gceasa\u00edneo.\u00a0F\u00e9adfaidh a n-\u00e1bhar a bheith \u00e9ags\u00fail, mar sin tabhair cuairt ar shu\u00edomh Gr\u00e9as\u00e1in na gceasa\u00edneonna ar l\u00edne chun a fh\u00e1il amach cad at\u00e1 laistigh den bh\u00f3nas a bhfuil t\u00fa ag brath air.<\/p>\n<h2>Taisce &amp; Aistarraingt<\/h2>\n<p>Chomh maith leis sin, t\u00e1 \u00e1isi\u00falacht mar chuid th\u00e1bhachtach de conas is f\u00e9idir leat d\u2019iarmh\u00e9id a thaisceadh agus conas is f\u00e9idir leat do chuid buaite a tharraingt siar.\u00a0Tugann an su\u00edomh Casino beo is fearr go leor beala\u00ed \u00e9ags\u00fala d\u00e1 \u00fas\u00e1ideoir\u00ed.\u00a0Mar sin d\u00e9anaimis f\u00e9achaint ar conas is f\u00e9idir leat d\u2019\u00e9arlais a dh\u00e9anamh.\u00a0Is f\u00e9idir leat d\u2019\u00e9arlais a dh\u00e9anamh leis na nithe seo a leanas:<\/p>\n<ul>\n<li aria-level=\"1\">do ch\u00e1rta bainc Visa, MasterCard, American Express;<\/li>\n<li aria-level=\"1\">bainc\u00e9ireacht idirl\u00edn PayPal, \u00cdoc\u00f3ir, \u00cdoc\u00f3ir;<\/li>\n<li aria-level=\"1\">spar\u00e1n cryptocurrency \u00e9ags\u00fala.<\/li>\n<\/ul>\n<p>Sol\u00e1thra\u00edonn an Casino go leor roghanna chun d&#8217;iarmh\u00e9id a thaisceadh.\u00a0Is f\u00e9idir leat d\u2019\u00e9arlais de $20 a dh\u00e9anamh.\u00a0Is f\u00e9idir leat do chuid buaite a tharraingt siar \u00f3 d\u2019iarmh\u00e9id.\u00a0Ar an drochuair, n\u00ed f\u00e9idir leat d\u2019iarmh\u00e9id a tharraingt siar chuig do ch\u00e1rta bainc, ach is f\u00e9idir leat bainc\u00e9ireacht ar l\u00edne n\u00f3 do spar\u00e1n cryptocurrency a \u00fas\u00e1id f\u00f3s.<\/p>\n<h2>Taca\u00edocht chustaim\u00e9ir\u00ed<\/h2>\n<p>Cuid riachtanach d\u2019aon cheasa\u00edneo is ea a thaca\u00edocht d\u2019\u00fas\u00e1ideoir\u00ed.\u00a0Tar \u00e9is an tsaoil, f\u00e9adfaidh ceisteanna agus deacrachta\u00ed teacht chun cinn \u00f3 dhuine ar bith ag am ar bith.\u00a0Agus t\u00e1 an Casino ar l\u00edne seo ar fad ag an leibh\u00e9al is airde.\u00a0Is f\u00e9idir leat a iarraidh chun cabhair a fh\u00e1il 24\/7, agus t\u00e1 t\u00fa cinnte chun cabhr\u00fa mar gheall anseo, le d&#8217;iarratas a thuiscint an fhoireann ardoilte de dhaoine gairmi\u00fala.<\/p>\n<h2>Concl\u00faid<\/h2>\n<p>Tar \u00e9is \u00e1r l\u00e9irmheasanna beo ar cheasa\u00edneonna ar l\u00edne a l\u00e9amh, t\u00e9igh agus cl\u00e1raigh l\u00e1ithreach i gceasa\u00edneo ar l\u00edne.\u00a0Ach sula nd\u00e9anann t\u00fa amhlaidh, b\u00ed cinnte go l\u00e9ann t\u00fa na molta\u00ed \u00f3 dhaoine gairmi\u00fala maidir le conas ceasa\u00edneo a imirt beo.\u00a0Cabhr\u00f3idh s\u00e9 seo leat go cinnte.<\/p>\n<h2>CC<\/h2>\n<p>D\u2019iarramar ar \u00e1r bhfoireann taca\u00edochta teicneola\u00edochta na tr\u00ed cheist is coitianta a thabhairt d\u00fainn ionas gur f\u00e9idir linn cabhr\u00fa leat do fhreagra a aimsi\u00fa chomh tapa agus is f\u00e9idir.\u00a0Agus is f\u00e9idir leat iad a fh\u00e1il th\u00edos.<\/p>\n<h3>C\u00e9n aois ar f\u00e9idir liom a imirt ag casino ar l\u00edne<\/h3>\n<p>T\u00e1 s\u00e9 scr\u00edofa sa dl\u00ed gur f\u00e9idir leat gn\u00edomha\u00edochta\u00ed cearrbhachais a dh\u00e9anamh go docht \u00f3 18 mbliana d&#8217;aois ar aghaidh. Agus n\u00ed f\u00e9idir linn arg\u00f3int a dh\u00e9anamh leis an dl\u00ed.<\/p>\n<h3>Conas a imirt ar saor in aisce?<\/h3>\n<p>Ar shu\u00edomh Gr\u00e9as\u00e1in oifigi\u00fail an cheasa\u00edneo ar l\u00edne, is f\u00e9idir leat leagan taispe\u00e1na a fh\u00e1il d\u2019aon chluiche a bhfuil sp\u00e9is agat ann agus do l\u00e1mh a thriail air.<\/p>\n<h3>An f\u00e9idir liom imirt \u00f3 mo ghuth\u00e1n p\u00f3ca?<\/h3>\n<p>Sea, is f\u00e9idir leat \u00e1r n-aip a \u00edosl\u00f3d\u00e1il \u00f3 l\u00e1ithre\u00e1n gr\u00e9as\u00e1in oifigi\u00fail an cheasa\u00edneonna ar l\u00edne, n\u00f3 is f\u00e9idir leat imirt go d\u00edreach uaidh.\u00a0Tar \u00e9is an tsaoil, t\u00e1 s\u00e9 optamaithe go foirfe le haghaidh gl\u00e9asanna soghluaiste.<\/p>\n","protected":false},"excerpt":{"rendered":"<p>Creidtear go raibh na ch\u00e9ad cheasa\u00edneonna le feice\u00e1il san Eoraip sa 17\u00fa haois.\u00a0Bh\u00ed an chuma orthu go raibh cearrbhachas \u00e1 rial\u00fa acu.\u00a0Sna laethanta sin, bh\u00ed cearrbhachas i r\u00e9im i measc na ndaoine cheana f\u00e9in.\u00a0Ar nd\u00f3igh, n\u00ed fh\u00e9adfadh gach duine a fh\u00e1il ann, ach n\u00ed raibh ach baill den uaisle agus den uaisle, agus ina l\u00e1r,&#8230;<\/p>\n","protected":false},"author":1,"featured_media":0,"parent":0,"menu_order":0,"comment_status":"closed","ping_status":"closed","template":"page-with-bonus.php","meta":{"_acf_changed":false,"_kad_post_transparent":"default","_kad_post_title":"default","_kad_post_layout":"default","_kad_post_sidebar_id":"","_kad_post_content_style":"default","_kad_post_vertical_padding":"default","_kad_post_feature":"","_kad_post_feature_position":"","_kad_post_header":false,"_kad_post_footer":false,"footnotes":""},"class_list":["post-3658","page","type-page","status-publish","hentry"],"acf":[],"rttpg_featured_image_url":null,"rttpg_author":{"display_name":"Tom","author_link":"https:\/\/rocketplay-game.com\/ga\/author\/pemvas95n89x\/"},"rttpg_comment":0,"rttpg_category":null,"rttpg_excerpt":"Creidtear go raibh na ch\u00e9ad cheasa\u00edneonna le feice\u00e1il san Eoraip sa 17\u00fa haois.\u00a0Bh\u00ed an chuma orthu go raibh cearrbhachas \u00e1 rial\u00fa acu.\u00a0Sna laethanta sin, bh\u00ed cearrbhachas i r\u00e9im i measc na ndaoine cheana f\u00e9in.\u00a0Ar nd\u00f3igh, n\u00ed fh\u00e9adfadh gach duine a fh\u00e1il ann, ach n\u00ed raibh ach baill den uaisle agus den uaisle, agus ina l\u00e1r,...","_links":{"self":[{"href":"https:\/\/rocketplay-game.com\/ga\/wp-json\/wp\/v2\/pages\/3658","targetHints":{"allow":["GET"]}}],"collection":[{"href":"https:\/\/rocketplay-game.com\/ga\/wp-json\/wp\/v2\/pages"}],"about":[{"href":"https:\/\/rocketplay-game.com\/ga\/wp-json\/wp\/v2\/types\/page"}],"author":[{"embeddable":true,"href":"https:\/\/rocketplay-game.com\/ga\/wp-json\/wp\/v2\/users\/1"}],"replies":[{"embeddable":true,"href":"https:\/\/rocketplay-game.com\/ga\/wp-json\/wp\/v2\/comments?post=3658"}],"version-history":[{"count":5,"href":"https:\/\/rocketplay-game.com\/ga\/wp-json\/wp\/v2\/pages\/3658\/revisions"}],"predecessor-version":[{"id":10323,"href":"https:\/\/rocketplay-game.com\/ga\/wp-json\/wp\/v2\/pages\/3658\/revisions\/10323"}],"wp:attachment":[{"href":"https:\/\/rocketplay-game.com\/ga\/wp-json\/wp\/v2\/media?parent=3658"}],"curies":[{"name":"wp","href":"https:\/\/api.w.org\/{rel}","templated":true}]}}