{"id":3662,"date":"2023-01-09T19:46:20","date_gmt":"2023-01-09T16:46:20","guid":{"rendered":"https:\/\/rocketplay-game.com\/live-casino\/real-money\/"},"modified":"2024-02-09T16:01:36","modified_gmt":"2024-02-09T13:01:36","slug":"real-money","status":"publish","type":"page","link":"https:\/\/rocketplay-game.com\/ga\/live-casino\/real-money\/","title":{"rendered":"Casino beo ar airgead f\u00edor ag Rocket Play Casino athbhreithni\u00fa"},"content":{"rendered":"<p>T\u00e1 go leor daoine ag lorg \u00e1it inar f\u00e9idir leo am iontach a bheith acu, agus t\u00e1 go leor ag iarraidh airgead breise a thuilleamh.\u00a0Agus is f\u00e9idir \u00e9 seo go l\u00e9ir agus t\u00fa ag imirt Casino beo ar l\u00edne ar airgead f\u00edor.\u00a0Anseo is f\u00e9idir leat, le h\u00edosmh\u00e9id infheist\u00edochta, m\u00e9id a thuilleamh dh\u00e1 cheann n\u00f3 n\u00edos m\u00f3 n\u00e1 an infheist\u00edocht, agus beidh deis ag daoine \u00e1dh speisialta a gc\u00e9ad Pota \u00d3ir a fh\u00e1il.\u00a0L\u00e9igh tuilleadh in\u00e1r n-athbhreithni\u00fa ceasa\u00edneo beo ar airgead ar conas \u00e9 seo a dh\u00e9anamh.<\/p>\n<h2>B\u00f3nais agus Arduithe C\u00e9ime<\/h2>\n<p>Chun an leas is fearr a bhaint as d\u2019iarmh\u00e9id, t\u00e1 s\u00e9 riachtanach s\u00fail a choinne\u00e1il ar ch\u00f3rais b\u00f3nais agus ar thairiscint\u00ed cur chun cinn.\u00a0Is f\u00e9idir leat spins saor in aisce n\u00f3 am s\u00fagartha saor in aisce a fh\u00e1il.\u00a0Is minic is f\u00e9idir leat iolraitheoir m\u00e9adaithe a fh\u00e1il ar d\u2019\u00e9arlais agus go leor b\u00f3nais iontacha eile.<\/p>\n<p><img loading=\"lazy\" decoding=\"async\" class=\"aligncenter wp-image-4805\" src=\"https:\/\/rocketplay-game.com\/wp-content\/uploads\/2024\/02\/promoc-2.png\" alt=\"Live casino real money\" width=\"800\" height=\"491\" srcset=\"https:\/\/rocketplay-game.com\/wp-content\/uploads\/2024\/02\/promoc-2.png 1012w, https:\/\/rocketplay-game.com\/wp-content\/uploads\/2024\/02\/promoc-2-300x184.png 300w, https:\/\/rocketplay-game.com\/wp-content\/uploads\/2024\/02\/promoc-2-768x471.png 768w\" sizes=\"auto, (max-width: 800px) 100vw, 800px\" \/><\/p>\n<p>Is f\u00e9idir na b\u00f3nais iontacha seo go l\u00e9ir a fh\u00e1il \u00f3 ch\u00f3rais b\u00f3nais mar:<\/p>\n<ul>\n<li aria-level=\"1\">b\u00f3nas f\u00e1ilte &#8211; Is b\u00f3nas \u00e9 seo a thairgeann do gach \u00fas\u00e1ideoir a thugann cuairt ar l\u00e1ithre\u00e1n gr\u00e9as\u00e1in oifigi\u00fail an cheasa\u00edneo den ch\u00e9ad uair;<\/li>\n<li aria-level=\"1\">b\u00f3nas cl\u00e1r\u00fach\u00e1in &#8211; bronntar an b\u00f3nas seo ar gach \u00fas\u00e1ideoir a chl\u00e1ra\u00edonn agus a dheimhn\u00edonn a r\u00edomhphost;<\/li>\n<li aria-level=\"1\">b\u00f3nas atreoraithe &#8211; chun an b\u00f3nas seo a fh\u00e1il, n\u00ed m\u00f3r duit an c\u00f3d cuir\u00ed a shonr\u00fa tr\u00e1th an chl\u00e1r\u00fach\u00e1in.\u00a0Tugtar an b\u00f3nas don t\u00e9 a shonraigh \u00e9 agus don t\u00e9 a thug an c\u00f3d seo;<\/li>\n<li aria-level=\"1\">b\u00f3nas den ch\u00e9ad \u00e9arlais &#8211; Bronntar an b\u00f3nas seo an ch\u00e9ad uair a infheist\u00edonn t\u00fa i gceasa\u00edneo ar l\u00edne;<\/li>\n<li aria-level=\"1\">is iad prom\u00f3isin ghinear\u00e1lta na prom\u00f3isin is coitianta at\u00e1 le f\u00e1il ar phr\u00edomhleathanach an cheasa\u00edneo ar l\u00edne.\u00a0D\u00e9antar tionscnaimh den s\u00f3rt sin a nuashonr\u00fa go rialta.\u00a0Lean go c\u00faramach na t\u00e9arma\u00ed agus coinn\u00edollacha chun an leas is m\u00f3 a bhaint as na harduithe c\u00e9ime seo.<\/li>\n<li aria-level=\"1\">Is b\u00f3nais iad tairiscint\u00ed aonair ar f\u00e9idir leo teacht chuig aon \u00fas\u00e1ideoir ceasa\u00edneo ag an bpost a shonr\u00f3idh s\u00e9.<\/li>\n<li aria-level=\"1\">is b\u00f3nas d\u00edlseachta \u00e9 b\u00f3nas d\u00edlseachta a fhaigheann gach imreoir a bhfuil taith\u00ed acu go rialta as a nd\u00edlseacht don Casino ar l\u00edne seo.<\/li>\n<\/ul>\n<p>Cabhr\u00f3idh na b\u00f3nais seo go l\u00e9ir leat an leas is fearr a bhaint as d\u2019infheist\u00edocht agus cuideoidh siad leat oiread airgid agus is f\u00e9idir a thuilleamh ar an gceasa\u00edneo beo is fearr ar airgead f\u00edor.<\/p>\n<p><img loading=\"lazy\" decoding=\"async\" class=\"aligncenter wp-image-4814\" src=\"https:\/\/rocketplay-game.com\/wp-content\/uploads\/2024\/02\/promro-23.png\" alt=\"Live casino real money 2\" width=\"800\" height=\"365\" srcset=\"https:\/\/rocketplay-game.com\/wp-content\/uploads\/2024\/02\/promro-23.png 1157w, https:\/\/rocketplay-game.com\/wp-content\/uploads\/2024\/02\/promro-23-300x137.png 300w, https:\/\/rocketplay-game.com\/wp-content\/uploads\/2024\/02\/promro-23-1024x467.png 1024w, https:\/\/rocketplay-game.com\/wp-content\/uploads\/2024\/02\/promro-23-768x350.png 768w\" sizes=\"auto, (max-width: 800px) 100vw, 800px\" \/><\/p>\n<h2>Bogearra\u00ed<\/h2>\n<p>Chomh maith leis sin, t\u00e1 r\u00f3l suntasach ag an gcuideachta a shol\u00e1thra\u00edonn na bogearra\u00ed sna buaiteanna.\u00a0Tar \u00e9is an tsaoil, t\u00e1 go leor forbr\u00f3ir\u00ed bogearra\u00ed neamhscrupallacha ag domhan an chearrbhachais.\u00a0Ach d\u00e9anann an chuid is m\u00f3 de cheasa\u00edneonna beo ar l\u00edne f\u00edor-airgead f\u00f3s iarracht an ceann is fearr a roghn\u00fa.\u00a0D\u00e9antar \u00e9 seo go l\u00e9ir chun muin\u00edn n\u00edos m\u00f3 a chur ar dhaoine as an gceasa\u00edneo.\u00a0Mar sin, t\u00e1 liosta gearr d\u00e9anta againn de 3 fhorbr\u00f3ir bogearra\u00ed is f\u00e9idir linn a mholadh duit:<\/p>\n<ul>\n<li aria-level=\"1\">NetEnt;<\/li>\n<li aria-level=\"1\">BetSoft;<\/li>\n<li aria-level=\"1\">Blueprint.<\/li>\n<\/ul>\n<p>T\u00e1 gach ceann de na forbr\u00f3ir\u00ed bogearra\u00ed seo bunaithe le fada gur iontaofa iad.\u00a0Is f\u00e9idir leo fi\u00fa an t-imreoir is sofaistici\u00fala a sh\u00e1samh.\u00a0T\u00e1 RTP comhsheasmhach os cionn 95%.<\/p>\n<h2>Conas airgead a bhuachan?<\/h2>\n<p>Ar an Idirl\u00edon, is f\u00e9idir leat teacht ar na c\u00e9adta treoracha \u00e9ags\u00fala ar conas airgead a bhuachan ag imirt casino beo ar airgead f\u00edor.\u00a0Ach den chuid is m\u00f3, t\u00e1 siad br\u00e9agach.\u00a0M\u00e1 thairgtear duit sliot\u00e1n ar leith agus geall a imirt in ord ar leith &#8211; t\u00e1 t\u00fa ag iarraidh a cheat.\u00a0Is f\u00e9idir linn leideanna ginear\u00e1lta a thabhairt duit a chabhr\u00f3idh leat gan gach rud a chailleadh, agus m\u00e1 dh\u00e9anann t\u00fa go leor iarracht, gheobhaidh t\u00fa go leor airgid.<\/p>\n<ul>\n<li aria-level=\"1\">n\u00e1 b\u00ed ag s\u00fagradh agus t\u00fa ar meisce;<\/li>\n<li aria-level=\"1\">n\u00e1 d\u00e9an iarracht bua a fh\u00e1il ar ais \u00f3n gceasa\u00edneo;<\/li>\n<li aria-level=\"1\">n\u00e1 d\u00e9an dearmad sos a ghlacadh gach c\u00fapla uair an chloig.\u00a0Tabharfaidh s\u00e9 seo d&#8217;intinn chun na c\u00e9adfa\u00ed agus bainfidh s\u00e9 sceitim\u00edn\u00ed iomarcacha.<\/li>\n<\/ul>\n<p>Tr\u00ed na leideanna riachtanacha seo a lean\u00faint, is f\u00e9idir leat n\u00edos m\u00f3 a thuilleamh, fi\u00fa m\u00e1 t\u00e1 t\u00fa ag dul tr\u00ed phaiste garbh.<\/p>\n<h2>\u00cdoca\u00edocht agus Aistarraingt<\/h2>\n<p>Tairgeann go leor ceasa\u00edneonna beala\u00ed \u00e9ags\u00fala chun d\u2019iarmh\u00e9id a thaisceadh agus a tharraingt siar.\u00a0Is f\u00e9idir leat do ch\u00e1rta bainc n\u00f3 PayPal a \u00fas\u00e1id, agus is f\u00e9idir fi\u00fa an Casino glacadh le spar\u00e1n cryptocurrency.\u00a0Is \u00e9 $20 an \u00e9arlais \u00edosta, agus is \u00e9 $50 an tarraingt siar \u00edosta.<\/p>\n<h2>CC<\/h2>\n<p>Is minic a scr\u00edobhann a l\u00e1n \u00fas\u00e1ideoir\u00ed ceasa\u00edneonna ar l\u00edne chugainn le ceisteanna.\u00a0Agus n\u00ed f\u00e9idir linn cabhr\u00fa ach \u00e1r bhfreagra\u00ed a thabhairt.\u00a0Mar sin, bhailigh muid 3 cinn de na cinn is coitianta acu agus thugamar \u00e1r bhfreagra\u00ed.<\/p>\n<h3>An f\u00e9idir liom imirt sa casino saor in aisce?<\/h3>\n<p>Sea, is f\u00e9idir leat triail a bhaint as do strait\u00e9is\u00ed le haghaidh bua i m\u00f3d taispe\u00e1na.\u00a0T\u00e1 modh taispe\u00e1na ag gach sliot\u00e1n a gheobhaidh t\u00fa.<\/p>\n<h3>An f\u00e9idir liom casinos ar l\u00edne a imirt m\u00e1 t\u00e1im faoi 18?<\/h3>\n<p>N\u00ed cheada\u00edtear, sonra\u00edtear sa reachta\u00edocht nach gceada\u00edtear gn\u00edomha\u00edochta\u00ed cearrbhachais ach go docht \u00f3 18 mbliana d\u2019aois ar aghaidh.<\/p>\n<h3>An f\u00e9idir liom airgead a dh\u00e9anamh as mo ghuth\u00e1n?<\/h3>\n<p>Is f\u00e9idir, is f\u00e9idir leat \u00e1r leagan soghluaiste den su\u00edomh a \u00fas\u00e1id.\u00a0N\u00f3, m\u00e1 t\u00e1 f\u00f3n cliste Android agat, is f\u00e9idir leat an aip a \u00edosl\u00f3d\u00e1il.<\/p>\n","protected":false},"excerpt":{"rendered":"<p>T\u00e1 go leor daoine ag lorg \u00e1it inar f\u00e9idir leo am iontach a bheith acu, agus t\u00e1 go leor ag iarraidh airgead breise a thuilleamh.\u00a0Agus is f\u00e9idir \u00e9 seo go l\u00e9ir agus t\u00fa ag imirt Casino beo ar l\u00edne ar airgead f\u00edor.\u00a0Anseo is f\u00e9idir leat, le h\u00edosmh\u00e9id infheist\u00edochta, m\u00e9id a thuilleamh dh\u00e1 cheann n\u00f3 n\u00edos&#8230;<\/p>\n","protected":false},"author":1,"featured_media":0,"parent":3658,"menu_order":0,"comment_status":"closed","ping_status":"closed","template":"page-with-bonus.php","meta":{"_acf_changed":false,"_kad_post_transparent":"default","_kad_post_title":"default","_kad_post_layout":"default","_kad_post_sidebar_id":"","_kad_post_content_style":"default","_kad_post_vertical_padding":"default","_kad_post_feature":"","_kad_post_feature_position":"","_kad_post_header":false,"_kad_post_footer":false,"footnotes":""},"class_list":["post-3662","page","type-page","status-publish","hentry"],"acf":[],"rttpg_featured_image_url":null,"rttpg_author":{"display_name":"Tom","author_link":"https:\/\/rocketplay-game.com\/ga\/author\/pemvas95n89x\/"},"rttpg_comment":0,"rttpg_category":null,"rttpg_excerpt":"T\u00e1 go leor daoine ag lorg \u00e1it inar f\u00e9idir leo am iontach a bheith acu, agus t\u00e1 go leor ag iarraidh airgead breise a thuilleamh.\u00a0Agus is f\u00e9idir \u00e9 seo go l\u00e9ir agus t\u00fa ag imirt Casino beo ar l\u00edne ar airgead f\u00edor.\u00a0Anseo is f\u00e9idir leat, le h\u00edosmh\u00e9id infheist\u00edochta, m\u00e9id a thuilleamh dh\u00e1 cheann n\u00f3 n\u00edos...","_links":{"self":[{"href":"https:\/\/rocketplay-game.com\/ga\/wp-json\/wp\/v2\/pages\/3662","targetHints":{"allow":["GET"]}}],"collection":[{"href":"https:\/\/rocketplay-game.com\/ga\/wp-json\/wp\/v2\/pages"}],"about":[{"href":"https:\/\/rocketplay-game.com\/ga\/wp-json\/wp\/v2\/types\/page"}],"author":[{"embeddable":true,"href":"https:\/\/rocketplay-game.com\/ga\/wp-json\/wp\/v2\/users\/1"}],"replies":[{"embeddable":true,"href":"https:\/\/rocketplay-game.com\/ga\/wp-json\/wp\/v2\/comments?post=3662"}],"version-history":[{"count":3,"href":"https:\/\/rocketplay-game.com\/ga\/wp-json\/wp\/v2\/pages\/3662\/revisions"}],"predecessor-version":[{"id":5256,"href":"https:\/\/rocketplay-game.com\/ga\/wp-json\/wp\/v2\/pages\/3662\/revisions\/5256"}],"up":[{"embeddable":true,"href":"https:\/\/rocketplay-game.com\/ga\/wp-json\/wp\/v2\/pages\/3658"}],"wp:attachment":[{"href":"https:\/\/rocketplay-game.com\/ga\/wp-json\/wp\/v2\/media?parent=3662"}],"curies":[{"name":"wp","href":"https:\/\/api.w.org\/{rel}","templated":true}]}}