{"id":3665,"date":"2023-01-10T15:54:18","date_gmt":"2023-01-10T12:54:18","guid":{"rendered":"https:\/\/rocketplay-game.com\/sports-betting\/"},"modified":"2024-02-09T15:21:44","modified_gmt":"2024-02-09T12:21:44","slug":"sports-betting","status":"publish","type":"page","link":"https:\/\/rocketplay-game.com\/ga\/sports-betting\/","title":{"rendered":"L\u00e9irmheas Geallt\u00f3ireachta Sp\u00f3irt"},"content":{"rendered":"<p>Is \u00e9 an bunt\u00e1iste r\u00edth\u00e1bhachtach a bhaineann le geallt\u00f3ireacht sp\u00f3irt n\u00e1 spraoi a bheith agat go tapa agus go h\u00e9ifeachtach agus duaiseanna m\u00f3ra airgid a bhuachan.\u00a0Is f\u00e9idir leat freisin triail a bhaint as geallt\u00f3ireacht sp\u00f3irt saor in aisce mar go gcuideoidh an chuideachta chearrbhachas leat b\u00f3nais breise a fh\u00e1il.\u00a0Faigh c\u00e1il mar imreoir \u00e1dh agus t\u00fas a dh\u00e9anamh brab\u00fais laeth\u00fail a bhu\u00edochas len\u00e1r athbhreithni\u00fa.\u00a0Inseoidh muid duit faoi na gn\u00e9ithe go l\u00e9ir a bhaineann le geallt\u00f3ireacht ar l\u00edne.<\/p>\n<p><img loading=\"lazy\" decoding=\"async\" class=\"aligncenter wp-image-4653\" src=\"https:\/\/rocketplay-game.com\/wp-content\/uploads\/2024\/02\/soccer-ball-dollar-banknotes-keyboard-sport-gambling-bet-concept.jpg\" alt=\"L\u00e9irmheas Geallt\u00f3ireachta Sp\u00f3irt\" width=\"800\" height=\"534\" srcset=\"https:\/\/rocketplay-game.com\/wp-content\/uploads\/2024\/02\/soccer-ball-dollar-banknotes-keyboard-sport-gambling-bet-concept.jpg 1000w, https:\/\/rocketplay-game.com\/wp-content\/uploads\/2024\/02\/soccer-ball-dollar-banknotes-keyboard-sport-gambling-bet-concept-300x200.jpg 300w, https:\/\/rocketplay-game.com\/wp-content\/uploads\/2024\/02\/soccer-ball-dollar-banknotes-keyboard-sport-gambling-bet-concept-768x512.jpg 768w\" sizes=\"auto, (max-width: 800px) 100vw, 800px\" \/><\/p>\n<h2>Conas geall a dh\u00e9anamh ar sp\u00f3irt?<\/h2>\n<p>Is \u00e9 an ch\u00e9ad rud a theasta\u00edonn \u00f3 thosaitheoir\u00ed n\u00e1 su\u00edomh oiri\u00fanach geallt\u00f3ireachta sp\u00f3irt.\u00a0D&#8217;fh\u00e9adfadh s\u00e9 seo a bheith ina Casino clasaiceach n\u00f3 tionscadal speisialaithe i geallt\u00f3ireachta.\u00a0Mar sin f\u00e9in, molaimid duit leas a bhaint as tairiscint\u00ed uath\u00fala \u00e1r dtairseach.\u00a0Go h\u00e1irithe do chruthaigh t\u00fa m\u00f3r\u00e1n l\u00e9irmheasanna leis na r\u00e9itigh is fearr do lucht lean\u00fana cearrbhachais.<\/p>\n<p>Chun geallt\u00f3ireacht a thos\u00fa, n\u00ed m\u00f3r duit cl\u00e1r\u00fa ar an ard\u00e1n:<\/p>\n<ol>\n<li aria-level=\"1\">T\u00e9igh go dt\u00ed an su\u00edomh oifigi\u00fail cearrbhachais agus cl\u00e1raigh cuntas pearsanta tr\u00ed shonra\u00ed pearsanta a iontr\u00e1il.\u00a0D\u00e9an seice\u00e1il faoi dh\u00f3 ar an bhfaisn\u00e9is toisc nach mbeifear in ann \u00ed a athr\u00fa, agus is minic a bh\u00edonn s\u00e9 n\u00edos deacra f\u00edor\u00fa a dh\u00e9anamh.<\/li>\n<li aria-level=\"1\">Ansin deimhnigh do chuntas tr\u00edd an bpost n\u00f3 tr\u00ed SMS agus tos\u00fa ag baint \u00fas\u00e1ide as an gc\u00f3ras airgead\u00f3ir uath\u00fail.\u00a0Athl\u00edon do chuntas tr\u00ed cheann de na c\u00f3rais \u00edoca\u00edochta at\u00e1 molta.\u00a0T\u00e1 cripte-airgeadra\u00ed ar f\u00e1il freisin.\u00a0T\u00e1 srianta ar mh\u00e9ideanna agus ar choimisi\u00fain difri\u00fail.<\/li>\n<li aria-level=\"1\">Tar \u00e9is sin, is f\u00e9idir leat tos\u00fa ag roghn\u00fa an cluiche ceart. Teasta\u00edonn aird ar mhionsonra\u00ed agus an ti\u00fachan uasta de dh\u00edth ar gheallt\u00f3ireacht sp\u00f3irt nua-aimseartha na h\u00c9ireann. Bain triail as a \u00fas\u00e1id roghanna geallt\u00f3ireachta \u00e9ags\u00fala, agus beidh t\u00fa in ann a fh\u00e1il bua.\u00a0Moltar an modh taispe\u00e1na a \u00fas\u00e1id ar dt\u00fas, agus ansin geallt\u00f3ireacht ghn\u00edomhach a thos\u00fa.<\/li>\n<\/ol>\n<p>Tar \u00e9is d\u00f3 cuntas pearsanta a chruth\u00fa, iarrfar ar an imreoir dul faoin n\u00f3s imeachta f\u00edoraithe.\u00a0Is cuid \u00e9igeantach den chl\u00e1r\u00fa \u00e9 seo, a \u00e9il\u00edonn ort doicim\u00e9id phearsanta a shol\u00e1thar.\u00a0Tar \u00e9is duit d\u2019aitheantas a dhearbh\u00fa, is f\u00e9idir leat gn\u00e9ithe cearrbhachais uath\u00fala uile an ch\u00f3rais a \u00fas\u00e1id gan aon fhadhbanna chun do chuntas a thaisceadh go tapa.\u00a0Beidh t\u00fa in ann tarraingt siar go tapa freisin agus d\u2019uasteorainn geall a mh\u00e9ad\u00fa.<\/p>\n<h2>Conas odds sp\u00f3irt a l\u00e9amh?<\/h2>\n<p>I bhformh\u00f3r na gc\u00e1sanna, t\u00e1 s\u00e9 simpl\u00ed go leor an geallt\u00f3ireacht sp\u00f3irt is fearr a thuiscint.\u00a0D\u00e9an iarracht an c\u00f3ras geallt\u00f3ireachta clasaiceach a \u00fas\u00e1id, ina bhfuil gach rud soil\u00e9ir.\u00a0Is \u00e9 an ch\u00e9ad rud at\u00e1 le tabhairt faoi deara n\u00e1 go bhfuil cuma 1.7 ar na hodds clasaiceacha.\u00a0Is \u00e9 sin an uimhir ar g\u00e1 duit an m\u00e9id geallt\u00f3ireachta a iolr\u00fa chun do chuid buaite a fh\u00e1il.\u00a0M\u00e1 dh\u00e9anann t\u00fa geall $100 ar an gconl\u00e1n sin, beidh $170 agat ar do chomhard\u00fa m\u00e1 bhuann t\u00fa, agus is \u00e9 $70 de sin do bhrab\u00fas.<\/p>\n<h2>Leideanna Geallt\u00f3ireachta Sp\u00f3irt<\/h2>\n<p>Teasta\u00edonn anail\u00eds dhomhain agus baili\u00fa sonra\u00ed staitisti\u00fala le gach tuar geallt\u00f3ireachta sp\u00f3irt chun cabhr\u00fa leat cinn is fearr leis an gcluiche a aimsi\u00fa.\u00a0D\u00e9an iarracht tactics agus strait\u00e9is\u00ed \u00e9ags\u00fala a \u00fas\u00e1id agus \u00e9ist go c\u00faramach le sainchomhairle:<\/p>\n<ul>\n<li aria-level=\"1\">t\u00e1 s\u00e9 riachtanach a rial\u00fa do mhoth\u00fach\u00e1in agus go c\u00faramach geall airgead.\u00a0Cuimhnigh nach f\u00e9idir leat a chailleadh, mar sin n\u00ed m\u00f3r iarrachta\u00ed geallchur a stopadh l\u00e1ithreach.\u00a0D\u00e9an iarracht strait\u00e9is\u00ed agus tactics \u00e9ags\u00fala a \u00fas\u00e1id chun airgead a fh\u00e1il ar do chuntas;<\/li>\n<li aria-level=\"1\">do strait\u00e9is geallt\u00f3ireachta don todhcha\u00ed a fhorbairt le c\u00f3ras geallt\u00f3ireachta saor in aisce ar leith.\u00a0Ligfidh s\u00e9 seo duit do chuid acmhainn\u00ed go l\u00e9ir a \u00fas\u00e1id ar bhealach n\u00edos \u00e9ifeachta\u00ed agus gan airgead a chaitheamh leat f\u00e9in.\u00a0Clo\u00ed go docht leis an gc\u00f3ras mar ar shl\u00ed eile, t\u00e1 s\u00e9 \u00e9asca do chuid airgid ar fad a chailleadh;<\/li>\n<li aria-level=\"1\">roinn an phota ioml\u00e1n roimh r\u00e9 i l\u00edon m\u00f3r geallta.\u00a0Cuirfidh s\u00e9 seo teorainn go saorga ar do chuid buaite agus caillteanais uasta.\u00a0Cuirfidh s\u00e9 cosc \u200b\u200b\u200b\u200bort an m\u00e9id ioml\u00e1n a chailleadh ag an am c\u00e9anna.<\/li>\n<\/ul>\n<p>Cabhr\u00f3idh molta\u00ed clasaiceacha le tosaitheoir\u00ed a gcuid acmhainn\u00ed a bhainisti\u00fa ar bhealach n\u00edos \u00e9ifeachta\u00ed agus suimeanna m\u00f3ra a thuilleamh ina gcuntais.<\/p>\n<p><img loading=\"lazy\" decoding=\"async\" class=\"aligncenter wp-image-4662\" src=\"https:\/\/rocketplay-game.com\/wp-content\/uploads\/2024\/02\/people-bet-soccer-game-match-internet.jpg\" alt=\"L\u00e9irmheas Geallt\u00f3ireachta Sp\u00f3irt 2\" width=\"800\" height=\"534\" srcset=\"https:\/\/rocketplay-game.com\/wp-content\/uploads\/2024\/02\/people-bet-soccer-game-match-internet.jpg 1000w, https:\/\/rocketplay-game.com\/wp-content\/uploads\/2024\/02\/people-bet-soccer-game-match-internet-300x200.jpg 300w, https:\/\/rocketplay-game.com\/wp-content\/uploads\/2024\/02\/people-bet-soccer-game-match-internet-768x512.jpg 768w\" sizes=\"auto, (max-width: 800px) 100vw, 800px\" \/><\/p>\n<h2>An strait\u00e9is geallt\u00f3ireachta is fearr<\/h2>\n<p>Is sainair\u00edonna iad na roghanna is airde den gheallt\u00f3ireacht sp\u00f3irt is fearr.\u00a0T\u00e1 na saineolaithe is fearr ag lorg beala\u00ed nua chun bua a fh\u00e1il, agus is f\u00e9idir leat na strait\u00e9is\u00ed clasaiceacha a ghlacadh.\u00a0Cabhr\u00f3idh s\u00e9 seo leat cuid shonrach de do chothroma\u00edocht a choinne\u00e1il agus gan a bheith gafa i riosca ard.\u00a0Seo mar a ghn\u00edomha\u00edonn an chuid is m\u00f3 de na himreoir\u00ed is fearr, a bhfuil a fhios acu conas a gcuid moth\u00fach\u00e1n a rial\u00fa agus a fhios ag an bpraghas a bhuaigh.<\/p>\n<p>I measc na leideanna geallt\u00f3ireachta sp\u00f3irt is cabhrach t\u00e1 do staitistic\u00ed a choinne\u00e1il.\u00a0N\u00ed hamh\u00e1in go gcabhr\u00f3idh s\u00e9 leat brab\u00fasacht do strait\u00e9is a mheas l\u00e1ithreach ach cabhr\u00f3idh s\u00e9 leat aghaidh a thabhairt ar an fh\u00edrinne freisin.\u00a0N\u00edor cheart duit an l\u00edne ch\u00e9anna a l\u00fabadh m\u00e1 fheiceann t\u00fa caillteanais lean\u00fanacha.\u00a0Ba cheart go mbeife\u00e1 in ann a choigeart\u00fa agus a athr\u00fa ag brath ar an gc\u00e1s.\u00a0Is \u00e9 seo a bhfuil an chuid is m\u00f3 geallta buaite bunaithe ar.<\/p>\n<p>Molaimid duit breathn\u00fa ar an rann\u00f3g prom\u00f3isin agus tairiscint\u00ed speisialta.\u00a0Is f\u00e9idir leat b\u00f3nais speisialta a fh\u00e1il ansin a chabhr\u00f3idh leat tos\u00fa ag imirt ar bhealach n\u00edos \u00e9ifeachta\u00ed agus suimeanna m\u00f3ra a thuilleamh i do chuntas.\u00a0Bain triail as anois, agus t\u00e1 t\u00fa cinnte go mbainfidh t\u00fa taitneamh as do thortha\u00ed.<\/p>\n<h2>CC<\/h2>\n<p>Go h\u00e1irithe duitse, bhailigh muid na ceisteanna is coitianta \u00f3 thosaitheoir\u00ed, ar f\u00e9idir leo cabhr\u00fa leat fadhbanna sonracha a r\u00e9iteach sa todhcha\u00ed.\u00a0D\u00e9an amach na geallta chomh tapa agus is f\u00e9idir agus t\u00fas a thuilleamh f\u00edor-airgead!<\/p>\n<h3>Cad iad na bunt\u00e1ist\u00ed a bhaineann le geallt\u00f3ireachta sp\u00f3irt?<\/h3>\n<p>Is \u00e9 an bunt\u00e1iste bun\u00fasach a bhaineann leis an aip geallt\u00f3ireachta sp\u00f3irt n\u00e1 an cumas do bhanc a mh\u00e9ad\u00fa go han-tapa agus go h\u00e9ifeachtach.\u00a0Is f\u00e9idir leat anail\u00eds a dh\u00e9anamh ar l\u00edon m\u00f3r cluich\u00ed agus \u00fas\u00e1id a bhaint as an oiread eolais cabhrach agus is f\u00e9idir chun bua a fh\u00e1il n\u00edos minice agus n\u00edos m\u00f3.\u00a0Bain triail as na modhanna cluiche \u00e9ags\u00fala agus a fh\u00e1il duit f\u00e9in le bronntanas speisialta VIP.\u00a0Is f\u00e9idir leat cl\u00e1r\u00fa freisin d\u00e1r nuachtlitir chur chun cinn agus tuilleadh bunt\u00e1ist\u00ed a fh\u00e1il.<\/p>\n<h3>C\u00e9 mh\u00e9ad is f\u00e9idir liom a thuilleamh in aon geall amh\u00e1in?<\/h3>\n<p>Go ginear\u00e1lta, braitheann an teorainn ar an bua uasta amh\u00e1in ar do bhanc agus ar na teorainneacha at\u00e1 leagtha s\u00edos ag an Casino.\u00a0Mar shampla, is f\u00e9idir leis an gcluiche barr sacair ligean duit suas le c\u00fapla c\u00e9ad m\u00edle dollar a ghealladh.\u00a0Ach n\u00ed d\u00f3cha go bhfaighidh t\u00fa geall n\u00edos m\u00f3 n\u00e1 $100 le himeacht lead\u00f3ige boird amait\u00e9arach.\u00a0Bain triail as roghanna \u00e9ags\u00fala agus aimsigh do nideoige geallt\u00f3ireachta id\u00e9alach.<\/p>\n<h3>Cad iad na srianta ar tharraingt siar tar \u00e9is a bhuaigh?<\/h3>\n<p>Tar \u00e9is duit a bhuachan, n\u00ed bheidh aon srianta ort mar go dtugann an chuideachta cearrbhachais na duaiseanna go l\u00e9ir l\u00e1ithreach, agus is f\u00e9idir leat iad a tharraingt siar.\u00a0Mar sin f\u00e9in, ba cheart duit an teorainn leis an uasmh\u00e9id aistarraingthe in aghaidh an lae a choinne\u00e1il i gcuimhne, arb ionann \u00e9 agus $2,000 go minic.\u00a0Ba ch\u00f3ir go mbeadh a fhios agat freisin gur fearr \u00e1r su\u00edomhanna a \u00fas\u00e1id le hathbhreithnithe amh\u00e1in.\u00a0D\u00e9antar t\u00e1st\u00e1il orthu cheana f\u00e9in, agus d\u00e1 bhr\u00ed sin n\u00ed bheidh aon fhadhbanna agat.<\/p>\n","protected":false},"excerpt":{"rendered":"<p>Is \u00e9 an bunt\u00e1iste r\u00edth\u00e1bhachtach a bhaineann le geallt\u00f3ireacht sp\u00f3irt n\u00e1 spraoi a bheith agat go tapa agus go h\u00e9ifeachtach agus duaiseanna m\u00f3ra airgid a bhuachan.\u00a0Is f\u00e9idir leat freisin triail a bhaint as geallt\u00f3ireacht sp\u00f3irt saor in aisce mar go gcuideoidh an chuideachta chearrbhachas leat b\u00f3nais breise a fh\u00e1il.\u00a0Faigh c\u00e1il mar imreoir \u00e1dh agus t\u00fas&#8230;<\/p>\n","protected":false},"author":1,"featured_media":0,"parent":0,"menu_order":0,"comment_status":"closed","ping_status":"closed","template":"page-with-bonus.php","meta":{"_acf_changed":false,"_kad_post_transparent":"default","_kad_post_title":"default","_kad_post_layout":"default","_kad_post_sidebar_id":"","_kad_post_content_style":"default","_kad_post_vertical_padding":"default","_kad_post_feature":"","_kad_post_feature_position":"","_kad_post_header":false,"_kad_post_footer":false,"footnotes":""},"class_list":["post-3665","page","type-page","status-publish","hentry"],"acf":[],"rttpg_featured_image_url":null,"rttpg_author":{"display_name":"Tom","author_link":"https:\/\/rocketplay-game.com\/ga\/author\/pemvas95n89x\/"},"rttpg_comment":0,"rttpg_category":null,"rttpg_excerpt":"Is \u00e9 an bunt\u00e1iste r\u00edth\u00e1bhachtach a bhaineann le geallt\u00f3ireacht sp\u00f3irt n\u00e1 spraoi a bheith agat go tapa agus go h\u00e9ifeachtach agus duaiseanna m\u00f3ra airgid a bhuachan.\u00a0Is f\u00e9idir leat freisin triail a bhaint as geallt\u00f3ireacht sp\u00f3irt saor in aisce mar go gcuideoidh an chuideachta chearrbhachas leat b\u00f3nais breise a fh\u00e1il.\u00a0Faigh c\u00e1il mar imreoir \u00e1dh agus t\u00fas...","_links":{"self":[{"href":"https:\/\/rocketplay-game.com\/ga\/wp-json\/wp\/v2\/pages\/3665","targetHints":{"allow":["GET"]}}],"collection":[{"href":"https:\/\/rocketplay-game.com\/ga\/wp-json\/wp\/v2\/pages"}],"about":[{"href":"https:\/\/rocketplay-game.com\/ga\/wp-json\/wp\/v2\/types\/page"}],"author":[{"embeddable":true,"href":"https:\/\/rocketplay-game.com\/ga\/wp-json\/wp\/v2\/users\/1"}],"replies":[{"embeddable":true,"href":"https:\/\/rocketplay-game.com\/ga\/wp-json\/wp\/v2\/comments?post=3665"}],"version-history":[{"count":4,"href":"https:\/\/rocketplay-game.com\/ga\/wp-json\/wp\/v2\/pages\/3665\/revisions"}],"predecessor-version":[{"id":5213,"href":"https:\/\/rocketplay-game.com\/ga\/wp-json\/wp\/v2\/pages\/3665\/revisions\/5213"}],"wp:attachment":[{"href":"https:\/\/rocketplay-game.com\/ga\/wp-json\/wp\/v2\/media?parent=3665"}],"curies":[{"name":"wp","href":"https:\/\/api.w.org\/{rel}","templated":true}]}}