{"id":3669,"date":"2023-01-10T16:16:03","date_gmt":"2023-01-10T13:16:03","guid":{"rendered":"https:\/\/rocketplay-game.com\/sports-betting\/cricket\/"},"modified":"2023-01-20T10:27:33","modified_gmt":"2023-01-20T07:27:33","slug":"cricket","status":"publish","type":"page","link":"https:\/\/rocketplay-game.com\/ga\/cricket\/","title":{"rendered":"Treoir do thosaitheoir\u00ed ar gheallt\u00f3ireacht cruic\u00e9ad"},"content":{"rendered":"<p><span class=\"\">I bhformh\u00f3r na gc\u00e1sanna, meallann Geallt\u00f3ireachta Cruic\u00e9id \u00fas\u00e1ideoir\u00ed le rialacha simpl\u00ed agus an cumas suim mh\u00f3r airgid a thuilleamh go tapa.\u00a0<\/span>Chun dul go maith, n\u00ed m\u00f3r duit eolas a fh\u00e1il ar ghn\u00e9ithe uile an discipl\u00edn sp\u00f3irt agus triail a bhaint as roinnt roghanna geallt\u00f3ireachta.\u00a0Molaimid anois l\u00e9irmheas gairid a l\u00e9amh \u00f3n\u00e1r saineolaithe agus duaiseanna m\u00f3ra a thuilleamh go gn\u00edomhach.<\/p>\n<p><img loading=\"lazy\" decoding=\"async\" class=\"aligncenter wp-image-3326 lazy-loaded\" src=\"https:\/\/rocketplay-game.com\/wp-content\/uploads\/2023\/01\/best-cricket-betting-apps-300x169.jpg\" sizes=\"auto, (max-width: 800px) 100vw, 800px\" srcset=\"https:\/\/rocketplay-game.com\/wp-content\/uploads\/2023\/01\/best-cricket-betting-apps-300x169.jpg 300w, https:\/\/rocketplay-game.com\/wp-content\/uploads\/2023\/01\/best-cricket-betting-apps-768x432.jpg 768w, https:\/\/rocketplay-game.com\/wp-content\/uploads\/2023\/01\/best-cricket-betting-apps.jpg 994w\" alt=\"\" width=\"800\" height=\"450\" data-lazy-type=\"image\" data-src=\"https:\/\/rocketplay-game.com\/wp-content\/uploads\/2023\/01\/best-cricket-betting-apps-300x169.jpg\" data-srcset=\"\" \/><\/p>\n<h2>Na Cine\u00e1lacha Geallt\u00f3ireachta<\/h2>\n<p>Is \u00e9 an bealach is \u00e9asca chun d\u00e9ile\u00e1il le leideanna geallt\u00f3ireachta Cruic\u00e9id n\u00e1 do dhaoine nua at\u00e1 d\u00edreach ag tos\u00fa ar an gcluiche.\u00a0T\u00e1 claochl\u00fa s\u00e1ch fada tagtha ar an margadh cearrbhachais, mar sin n\u00ed f\u00e9idir le h\u00fas\u00e1ideoir\u00ed ach geallta \u00e9ags\u00fala a dh\u00e9anamh ar chluich\u00ed anois.\u00a0I measc na cinn is coitianta, is f\u00e9idir leat a fh\u00e1il amach:<\/p>\n<ul>\n<li aria-level=\"1\">ioml\u00e1n aonair.\u00a0Ceada\u00edonn an geall is coitianta duit l\u00fathchleasa\u00ed n\u00f3 foireann amh\u00e1in a roghn\u00fa agus geall a dh\u00e9anamh ar na point\u00ed a bhuaigh.\u00a0A bhu\u00edochas leis seo, t\u00e1 s\u00e9 n\u00edos \u00e9asca anail\u00eds a dh\u00e9anamh ar an gcluiche ioml\u00e1n agus l\u00e1ithreach \u00f3n gc\u00e9ad geall chun suim mh\u00f3r airgid a bhuachan.\u00a0Mar sin f\u00e9in, aird a thabhairt ar na odds mar m\u00e1 t\u00e1 siad r\u00f3-mh\u00f3r, ansin t\u00e1 fadhb \u00e9igin ann;<\/li>\n<li aria-level=\"1\">an t-imreoir is fearr.\u00a0Simpl\u00ed agus intuigthe don chuid is m\u00f3 imreoir\u00ed a geall, ag ligean duit a fhoghlaim faoi na peculiarities an cluiche agus t\u00fas tuilleamh.\u00a0Is \u00ed an phr\u00edomhghn\u00e9 n\u00e1 go gcaithfidh t\u00fa l\u00fathchleasa\u00ed amh\u00e1in a roghn\u00fa.\u00a0M\u00e1 l\u00e9ir\u00edonn s\u00e9 an toradh is \u00e9ifeachta\u00ed, \u00e9ireoidh leat agus t\u00f3gfaidh t\u00fa do chuid buaite;<\/li>\n<li aria-level=\"1\">toradh an chluiche.\u00a0Geall clasaiceach a rinne achomharc i gc\u00f3na\u00ed as a simpl\u00edocht.\u00a0Is f\u00e9idir leat imreoir n\u00f3 foireann a bhuaigh an duais lena n-imirt den scoth.\u00a0Is \u00e9 an rud is \u00e9asca le d\u00e9anamh anseo n\u00e1 an comhraic agus an ceann is fearr leat a anail\u00edsi\u00fa l\u00e1ithreach.\u00a0Foghlaim gach taobh istigh agus outs den chluiche agus tos\u00fa ag r\u00edomh an m\u00e9id geall foirfe do do bhuis\u00e9ad.<\/li>\n<\/ul>\n<p>Ag roghn\u00fa an geall ceart duit f\u00e9in, n\u00e1 d\u00e9an dearmad gur ch\u00f3ir duit cuntas pearsanta a chl\u00e1r\u00fa agus dul tr\u00edd an n\u00f3s imeachta f\u00edoraithe.\u00a0Cabhr\u00f3idh s\u00e9 seo leis na huasteorainneacha geallt\u00f3ireachta a mh\u00e9ad\u00fa agus rochtain a fh\u00e1il ar tharraingt siar tapa cist\u00ed \u00f3n ard\u00e1n cearrbhachais gan aon fhadhbanna.\u00a0Is f\u00e9idir leat modh taisce oiri\u00fanach a roghn\u00fa freisin chun coimisi\u00fan breise n\u00f3 am feithimh don \u00e9arlais a sheachaint.<\/p>\n<h2>Na Roghanna M\u00ednithe sa Chric\u00e9id<\/h2>\n<p>Tabharfaimid na leideanna geallt\u00f3ireachta Cruic\u00e9id is fearr duit saor in aisce, ach ba cheart duit staid\u00e9ar a dh\u00e9anamh ar gheallt\u00f3ireacht leat f\u00e9in.\u00a0Mar shampla, l\u00e9ir\u00edonn na corrlaigh c\u00e9 chomh muin\u00edneach agus at\u00e1 an geallghlacad\u00f3ir i mbua foireann ar leith.\u00a0Uaireanta is f\u00e9idir geall a dh\u00e9anamh bunaithe ar an odds amh\u00e1in, ach d\u00e9antar \u00e9 seo go pr\u00edomha ag tosaitheoir\u00ed.<\/p>\n<p>M\u00e1 gheallann t\u00fa airgead ar chorra\u00ed geallt\u00f3ireachta cruic\u00e9ad beo de 1.7, gheobhaidh t\u00fa do shuim agus 70% eile ar an mbarr.\u00a0Le dollar 100, is f\u00e9idir leat 70 breise a fh\u00e1il, rud a chialla\u00edonn go mbeidh t\u00fa sa dubh, agus is f\u00e9idir leat do chuid airgid a ghlacadh.\u00a0Is f\u00e9idir leat na sonra\u00ed go l\u00e9ir a fh\u00e1il amach nuair a dh\u00e9anann t\u00fa c\u00fap\u00f3n.<\/p>\n<h2>Leideanna agus Strait\u00e9is<\/h2>\n<p>An chuid is m\u00f3 de na odds Cinntear geallt\u00f3ireacht cruic\u00e9id go huathoibr\u00edoch, mar sin ba ch\u00f3ir duit a bheith c\u00faramach agus strait\u00e9is oiri\u00fanach \u00e1 roghn\u00fa agat le haghaidh geallt\u00f3ireachta:<\/p>\n<ul>\n<li aria-level=\"1\">d\u00e9an iarracht do chothroma\u00edocht a roinnt ina go leor codanna agus gan iad go l\u00e9ir a \u00fas\u00e1id ag an am c\u00e9anna;<\/li>\n<li aria-level=\"1\">t\u00f3g do mhoth\u00fach\u00e1in chomh freagrach agus is f\u00e9idir, ionas nach gcaillfidh t\u00fa suim mh\u00f3r ag an am c\u00e9anna.\u00a0D\u00e9an iarracht stopadh m\u00e1 fheiceann t\u00fa go bhfuil t\u00fa i gc\u00f3na\u00ed ag cailleadh n\u00f3 ag buachan;<\/li>\n<li aria-level=\"1\">t\u00f3g an t-am chun anail\u00eds a dh\u00e9anamh toisc go scarann \u200b\u200bs\u00e9 seo t\u00fa \u00f3 amait\u00e9arach i geallt\u00f3ireachta.\u00a0Bain \u00fas\u00e1id as na sonra\u00ed go l\u00e9ir at\u00e1 ar f\u00e1il chun an toradh ceart a thuar.<\/li>\n<\/ul>\n<p>I geallt\u00f3ireachta, braitheann gach rud ar luck agus ar do chumas a dh\u00e9anamh tuar ceart.\u00a0Sin an f\u00e1th gur mhaith linn gach rath ort agus molaimid duit triail a bhaint as an modh taispe\u00e1na ar dt\u00fas.<\/p>\n<p><img loading=\"lazy\" decoding=\"async\" class=\"aligncenter wp-image-3416 lazy-loaded\" src=\"https:\/\/rocketplay-game.com\/wp-content\/uploads\/2023\/01\/cricket-betting-guide-300x150.webp\" sizes=\"auto, (max-width: 800px) 100vw, 800px\" srcset=\"https:\/\/rocketplay-game.com\/wp-content\/uploads\/2023\/01\/cricket-betting-guide-300x150.webp 300w, https:\/\/rocketplay-game.com\/wp-content\/uploads\/2023\/01\/cricket-betting-guide-1024x512.webp 1024w, https:\/\/rocketplay-game.com\/wp-content\/uploads\/2023\/01\/cricket-betting-guide-768x384.webp 768w, https:\/\/rocketplay-game.com\/wp-content\/uploads\/2023\/01\/cricket-betting-guide.webp 1200w\" alt=\"\" width=\"800\" height=\"400\" data-lazy-type=\"image\" data-src=\"https:\/\/rocketplay-game.com\/wp-content\/uploads\/2023\/01\/cricket-betting-guide-300x150.webp\" data-srcset=\"\" \/><\/p>\n<h2>Na marga\u00ed Geallta Cruic\u00e9id is Fearr le geall a chur orthu<\/h2>\n<p>Bhuaigh l\u00fathchleasa\u00ed ar leith an geall cruic\u00e9ad is m\u00f3 r\u00e1chairt in \u00c9irinn. Is f\u00e9idir leat na staitistic\u00ed a fheice\u00e1il ar an l\u00e1ithre\u00e1n gr\u00e9as\u00e1in oifigi\u00fail cearrbhachais agus an rogha geallt\u00f3ireachta cu\u00ed a roghn\u00fa. Molaimid duit triail a bhaint as leaganacha \u00e9ags\u00fala agus an ceann is oiri\u00fana\u00ed a aimsi\u00fa.\u00a0Molaimid duit freisin triail a bhaint as r\u00e9igi\u00fain \u00e9ags\u00fala mar go bhfuil tournaments ag gach r\u00e9igi\u00fan.<\/p>\n<h2>CC<\/h2>\n<p>Teasta\u00edonn beag\u00e1n taca\u00edochta \u00f3 gach \u00fas\u00e1ideoir agus iad ag tos\u00fa ar gheallt\u00f3ireacht ar l\u00edne.\u00a0Sin an f\u00e1th a bhfuil go leor ceisteanna agus freagra\u00ed luachmhara bailithe againn \u00f3 shaineolaithe.\u00a0D\u00e9an iarracht tuilleadh eolais a staid\u00e9ar agus tos\u00fa ag imirt go gn\u00edomhach.<\/p>\n<h3>Cad iad na bunt\u00e1ist\u00ed a bhaineann le geallt\u00f3ireacht ar cruic\u00e9ad?<\/h3>\n<p>Is maith le formh\u00f3r na n-\u00fas\u00e1ideoir\u00ed an aip geallt\u00f3ireachta Cricket a \u00fas\u00e1id chun n\u00edos m\u00f3 a thuilleamh agus a bheith sa chluiche i gc\u00f3na\u00ed.\u00a0Sa ch\u00e1s seo, is f\u00e9idir leat na rialacha bunaithe a thuiscint go h\u00e9asca agus an geall a \u00fas\u00e1id ar an gceann is fearr leat sa chom\u00f3rtas.\u00a0T\u00e1 greille n\u00edos airde ann freisin de thortha\u00ed \u00e9ags\u00fala a \u00fas\u00e1ideann gairmithe at\u00e1 ag iarraidh n\u00edos m\u00f3 airgid a thuilleamh.<\/p>\n<h3>C\u00e9 mh\u00e9ad is f\u00e9idir liom a thuilleamh i ngeall cruic\u00e9ad amh\u00e1in?<\/h3>\n<p>M\u00e1s f\u00e9idir leat milli\u00fan dollar a dh\u00e9anamh i ngeall amh\u00e1in, beidh cothroma\u00edocht shuntasach ag teast\u00e1il uait agus an cumas an m\u00e9id sin a tharraingt siar.\u00a0Tuilleann \u00fas\u00e1ideoir\u00ed idir $50 agus $1,500 in aghaidh an geall.\u00a0Cuirtear isteach ar an gcraobh, ar theidil na n-imreoir\u00ed, agus ar an gcaipiteal ar an su\u00edomh.\u00a0Bain triail as leaganacha \u00e9ags\u00fala de na cluich\u00ed agus roghnaigh an ceann is fearr a oireann duit.<\/p>\n<h3>Cad iad na srianta ar tharraingt siar tar \u00e9is bua a fh\u00e1il sa cruic\u00e9ad?<\/h3>\n<p>Tar \u00e9is duit \u00e1r n-treoir geallt\u00f3ireachta Cricket a l\u00e9amh, is f\u00e9idir leat aon b\u00f3nais a \u00fas\u00e1id ar an su\u00edomh oifigi\u00fail agus an t-airgead a fh\u00e1il i do chuntas tar \u00e9is duit a bhuachan.\u00a0Is f\u00e9idir le haon imreoir tarraingt siar gan srianta, ach ba cheart duit smaoineamh ar an m\u00e9id uasta airgid a fuarthas.\u00a0Beidh t\u00fa in ann c\u00f3rais \u00e9ags\u00fala a thriail freisin chun do chuid airgid a tharraingt siar is brab\u00fasa\u00ed.<\/p>\n","protected":false},"excerpt":{"rendered":"<p>I bhformh\u00f3r na gc\u00e1sanna, meallann Geallt\u00f3ireachta Cruic\u00e9id \u00fas\u00e1ideoir\u00ed le rialacha simpl\u00ed agus an cumas suim mh\u00f3r airgid a thuilleamh go tapa.\u00a0Chun dul go maith, n\u00ed m\u00f3r duit eolas a fh\u00e1il ar ghn\u00e9ithe uile an discipl\u00edn sp\u00f3irt agus triail a bhaint as roinnt roghanna geallt\u00f3ireachta.\u00a0Molaimid anois l\u00e9irmheas gairid a l\u00e9amh \u00f3n\u00e1r saineolaithe agus duaiseanna m\u00f3ra a&#8230;<\/p>\n","protected":false},"author":1,"featured_media":0,"parent":0,"menu_order":0,"comment_status":"closed","ping_status":"closed","template":"page-with-bonus.php","meta":{"_acf_changed":false,"_kad_post_transparent":"default","_kad_post_title":"default","_kad_post_layout":"default","_kad_post_sidebar_id":"","_kad_post_content_style":"default","_kad_post_vertical_padding":"default","_kad_post_feature":"","_kad_post_feature_position":"","_kad_post_header":false,"_kad_post_footer":false,"footnotes":""},"class_list":["post-3669","page","type-page","status-publish","hentry"],"acf":[],"rttpg_featured_image_url":null,"rttpg_author":{"display_name":"Tom","author_link":"https:\/\/rocketplay-game.com\/ga\/author\/pemvas95n89x\/"},"rttpg_comment":0,"rttpg_category":null,"rttpg_excerpt":"I bhformh\u00f3r na gc\u00e1sanna, meallann Geallt\u00f3ireachta Cruic\u00e9id \u00fas\u00e1ideoir\u00ed le rialacha simpl\u00ed agus an cumas suim mh\u00f3r airgid a thuilleamh go tapa.\u00a0Chun dul go maith, n\u00ed m\u00f3r duit eolas a fh\u00e1il ar ghn\u00e9ithe uile an discipl\u00edn sp\u00f3irt agus triail a bhaint as roinnt roghanna geallt\u00f3ireachta.\u00a0Molaimid anois l\u00e9irmheas gairid a l\u00e9amh \u00f3n\u00e1r saineolaithe agus duaiseanna m\u00f3ra a...","_links":{"self":[{"href":"https:\/\/rocketplay-game.com\/ga\/wp-json\/wp\/v2\/pages\/3669","targetHints":{"allow":["GET"]}}],"collection":[{"href":"https:\/\/rocketplay-game.com\/ga\/wp-json\/wp\/v2\/pages"}],"about":[{"href":"https:\/\/rocketplay-game.com\/ga\/wp-json\/wp\/v2\/types\/page"}],"author":[{"embeddable":true,"href":"https:\/\/rocketplay-game.com\/ga\/wp-json\/wp\/v2\/users\/1"}],"replies":[{"embeddable":true,"href":"https:\/\/rocketplay-game.com\/ga\/wp-json\/wp\/v2\/comments?post=3669"}],"version-history":[{"count":3,"href":"https:\/\/rocketplay-game.com\/ga\/wp-json\/wp\/v2\/pages\/3669\/revisions"}],"predecessor-version":[{"id":3672,"href":"https:\/\/rocketplay-game.com\/ga\/wp-json\/wp\/v2\/pages\/3669\/revisions\/3672"}],"wp:attachment":[{"href":"https:\/\/rocketplay-game.com\/ga\/wp-json\/wp\/v2\/media?parent=3669"}],"curies":[{"name":"wp","href":"https:\/\/api.w.org\/{rel}","templated":true}]}}