{"id":3674,"date":"2023-01-10T16:21:38","date_gmt":"2023-01-10T13:21:38","guid":{"rendered":"https:\/\/rocketplay-game.com\/sports-betting\/horse-racing\/"},"modified":"2023-01-20T10:29:18","modified_gmt":"2023-01-20T07:29:18","slug":"horse-racing","status":"publish","type":"page","link":"https:\/\/rocketplay-game.com\/ga\/horse-racing\/","title":{"rendered":"L\u00e9irmheas ar Gheallt\u00f3ireacht R\u00e1sa\u00edocht Capall"},"content":{"rendered":"<p>N\u00edos m\u00f3 ar fad, t\u00e1 \u00fas\u00e1ideoir\u00ed geallt\u00f3ireachta r\u00e1sa\u00edochta capall cleachta cheana f\u00e9in le contr\u00e1rthachta\u00ed m\u00f3ra agus b\u00f3nais g\u00e9ara.\u00a0Is tairiscint \u00e9 ar na su\u00edomhanna in\u00e1r n-athbhreithnithe \u00f3 riarach\u00e1n an cheasa\u00edneo.\u00a0Is f\u00e9idir leat an capall ceart a roghn\u00fa agus suim mh\u00f3r airgid a fh\u00e1il a bhu\u00edochas leis.\u00a0Bain triail as, agus t\u00e1 t\u00fa cinnte go bhfaighidh t\u00fa n\u00edos m\u00f3 f\u00f3s le do chuntas.<\/p>\n<p><img loading=\"lazy\" decoding=\"async\" class=\"aligncenter wp-image-3427 lazy-loaded\" src=\"https:\/\/rocketplay-game.com\/wp-content\/uploads\/2023\/01\/126horsebackriding-2-300x150.jpg\" sizes=\"auto, (max-width: 800px) 100vw, 800px\" srcset=\"https:\/\/rocketplay-game.com\/wp-content\/uploads\/2023\/01\/126horsebackriding-2-300x150.jpg 300w, https:\/\/rocketplay-game.com\/wp-content\/uploads\/2023\/01\/126horsebackriding-2-1024x512.jpg 1024w, https:\/\/rocketplay-game.com\/wp-content\/uploads\/2023\/01\/126horsebackriding-2-768x384.jpg 768w, https:\/\/rocketplay-game.com\/wp-content\/uploads\/2023\/01\/126horsebackriding-2.jpg 1200w\" alt=\"\" width=\"800\" height=\"400\" data-lazy-type=\"image\" data-src=\"https:\/\/rocketplay-game.com\/wp-content\/uploads\/2023\/01\/126horsebackriding-2-300x150.jpg\" data-srcset=\"\" \/><\/p>\n<h2>Conas geall a dh\u00e9anamh ar r\u00e1sa\u00edocht capall<\/h2>\n<p>Ar dt\u00fas, ba cheart duit mionstaid\u00e9ar a dh\u00e9anamh ar an aip geallt\u00f3ireachta r\u00e1sa\u00edochta capall \u00f3n gcuideachta chearrbhachais.\u00a0A bhu\u00edochas leis seo, is f\u00e9idir leat do chuid airgid a infheisti\u00fa i ngeallt\u00f3ireacht i bhfad n\u00edos brab\u00fasa\u00ed agus an geall is fearr de do shaol a dh\u00e9anamh.\u00a0Beidh rochtain ar chearrbhachas oiri\u00fanach i do ph\u00f3ca, rud a chialla\u00edonn gur f\u00e9idir leat r\u00e1sa\u00edocht capall a oscailt ag am ar bith, f\u00e9achaint ar an gcraoladh agus airgead a geall le haghaidh buaiteanna m\u00f3ra.<\/p>\n<p>Ina theannta sin, ba ch\u00f3ir do thosaitheoir\u00ed tos\u00fa le cl\u00e1r\u00fa simpl\u00ed ar an su\u00edomh oifigi\u00fail cearrbhachais:<\/p>\n<ol>\n<li aria-level=\"1\">Cruthaigh pr\u00f3if\u00edl phearsanta ach an cnaipe cl\u00e1r\u00fach\u00e1in a bhr\u00fa.\u00a0L\u00edon isteach faisn\u00e9is f\u00fat f\u00e9in chomh c\u00faramach agus is f\u00e9idir ionas nach nd\u00e9anfaidh t\u00fa bot\u00fan agus pas a fh\u00e1il sa n\u00f3s imeachta f\u00edoraithe gan fadhbanna sa todhcha\u00ed.\u00a0Tar \u00e9is sin, is f\u00e9idir leat do chuntas a ghn\u00edomhacht\u00fa tr\u00ed r-phost.<\/li>\n<li aria-level=\"1\">D\u00e9an iarracht ceann de na c\u00f3rais \u00edoca\u00edochta a \u00fas\u00e1id chun d\u2019iarmh\u00e9id a mh\u00e9ad\u00fa agus f\u00edor-airgead a thuilleamh.\u00a0B\u00ed cinnte a \u00fas\u00e1id roghanna geallt\u00f3ireachta \u00e9ags\u00fala agus iarracht airgead a bhuachan.\u00a0Cas ar an m\u00f3d taispe\u00e1na m\u00e1 t\u00e1 s\u00e9 ar f\u00e1il duit.<\/li>\n<li aria-level=\"1\">N\u00e1 d\u00e9an dearmad anail\u00eds chomh cr\u00edochn\u00fail agus is f\u00e9idir ar an margadh r\u00e1sa\u00edochta capall agus roghnaigh ach na geallta sin is f\u00e9idir airgead a dh\u00e9anamh duit.\u00a0N\u00e1 b\u00edodh imn\u00ed ort \u00f3 chom\u00f3rtais amait\u00e9aracha agus d\u00edrigh ar na marcaigh sin a bhfuil eolas f\u00fathu.<\/li>\n<\/ol>\n<p>B\u00ed cinnte an n\u00f3s imeachta f\u00edoraithe a \u00fas\u00e1id chun rochtain n\u00edos tap\u00fala a fh\u00e1il ar ghn\u00e9ithe airgeadais uile an ard\u00e1in ar l\u00edne agus chun i bhfad n\u00edos m\u00f3 airgid a thuilleamh.\u00a0Ligfidh s\u00e9 seo duit do bhrab\u00fais a mh\u00e9ad\u00fa agus gheobhaidh t\u00fa luach saothair d\u00edreach isteach i do chuntas.\u00a0Beidh t\u00fa in ann leas a bhaint as gn\u00e9ithe breise agus c\u00fanamh tosa\u00edochta a fh\u00e1il \u00f3n taca\u00edocht theicni\u00fail.<\/p>\n<h2>T\u00e9arma\u00ed Coitianta i R\u00e1sa\u00edocht Capall<\/h2>\n<p>I bhformh\u00f3r na gc\u00e1sanna, n\u00edor cheart go mbeadh imn\u00ed ar an tosaitheoir\u00ed faoi na geallt\u00f3ireachta r\u00e1sa\u00edochta capall is fearr mar go dtugann an chuideachta chearrbhachais glaoch ar na marga\u00ed geallt\u00f3ireachta go l\u00e9ir.\u00a0Roghnaigh rogha oiri\u00fanach agus t\u00fas a scr\u00edobh c\u00fap\u00f3n ar feadh m\u00e9id \u00e1irithe.\u00a0Feicfidh t\u00fa an toradh ar an gcraoladh ar l\u00edne i gceann c\u00fapla n\u00f3im\u00e9ad, ar f\u00e1il go d\u00edreach i do bhrabhs\u00e1la\u00ed freisin.<\/p>\n<p>I r\u00e1sa\u00edocht capall, n\u00edor cheart roinnt rialacha agus coinn\u00edollacha breise a sh\u00e1r\u00fa le linn an chluiche.\u00a0Sin an f\u00e1th a molaimid duit eolas c\u00faramach a chur ar choincheapa mar:<\/p>\n<ul>\n<li aria-level=\"1\">bua marcach amh\u00e1in;<\/li>\n<li aria-level=\"1\">t\u00fas br\u00e9agach;<\/li>\n<li aria-level=\"1\">catag\u00f3ir\u00ed cine.<\/li>\n<\/ul>\n<p>Cabhr\u00f3idh s\u00e9 seo leat an cluiche a thuiscint go tapa agus n\u00edos m\u00f3 airgid a thuilleamh i do chuntas.<\/p>\n<h2>Conas a Roghn\u00fa Capall Buaite<\/h2>\n<p>Is fearr an c\u00f3ras rangaithe \u00c9ireannach uath\u00fail agus an anail\u00eds\u00edocht geallt\u00f3ireachta r\u00e1sa\u00edochta. Cuireann go leor ard\u00e1n ar f\u00e1il d\u2019\u00fas\u00e1ideoir\u00ed cearrbhachais bealach chun capall oiri\u00fanach a roghn\u00fa agus staitistic\u00ed a aimsi\u00fa faoina r\u00e1sa\u00ed. Is fearr capaill \u00e1irithe gan r\u00e1sa\u00edocht ach amh\u00e1in i rith an lae, agus d\u2019fh\u00e9adfadh go mbeadh tortha\u00ed arda ag cuid eile le marcaigh muin\u00edneacha.<\/p>\n<p>Foghlaim n\u00edos m\u00f3 f\u00f3s faoi theoiric buaite in\u00e1r n-athbhreithnithe.\u00a0Sula geallt\u00f3ireachta ar airgead f\u00edor, d\u00e9an iarracht \u00fas\u00e1id a bhaint as an modh taispe\u00e1na a bhuachan chomh mac\u00e1nta agus muin\u00edneach agus is f\u00e9idir.\u00a0Beidh t\u00fa in ann leas a bhaint as modhanna cluiche \u00e9ags\u00fala freisin agus iarracht a dh\u00e9anamh suim mh\u00f3r a fh\u00e1il chuig do chuntas.<\/p>\n<p><img loading=\"lazy\" decoding=\"async\" class=\"aligncenter wp-image-3436 lazy-loaded\" src=\"https:\/\/rocketplay-game.com\/wp-content\/uploads\/2023\/01\/ypes-of-horse-racing-bets-1024x700-1-300x205.jpg\" sizes=\"auto, (max-width: 800px) 100vw, 800px\" srcset=\"https:\/\/rocketplay-game.com\/wp-content\/uploads\/2023\/01\/ypes-of-horse-racing-bets-1024x700-1-300x205.jpg 300w, https:\/\/rocketplay-game.com\/wp-content\/uploads\/2023\/01\/ypes-of-horse-racing-bets-1024x700-1-768x525.jpg 768w, https:\/\/rocketplay-game.com\/wp-content\/uploads\/2023\/01\/ypes-of-horse-racing-bets-1024x700-1.jpg 1024w\" alt=\"\" width=\"800\" height=\"547\" data-lazy-type=\"image\" data-src=\"https:\/\/rocketplay-game.com\/wp-content\/uploads\/2023\/01\/ypes-of-horse-racing-bets-1024x700-1-300x205.jpg\" data-srcset=\"\" \/><\/p>\n<h2>Cine\u00e1lacha geallt\u00f3ireachta<\/h2>\n<p>Molaimid geallt\u00f3ireacht a dh\u00e9anamh ar leideanna r\u00e1sa\u00edochta capall chun triail a bhaint as an su\u00edomh oifigi\u00fail cearrbhachais.\u00a0Go h\u00e1irithe duitse, t\u00e1 na hard\u00e1in is fearr bailithe againn le rochtain ar cheasa\u00edneonna agus geallt\u00f3ireachta.\u00a0Bain \u00fas\u00e1id as do chaipiteal go ciallmhar agus d\u00e9an iarracht an t-uasmh\u00e9id airgid a bhuachan ag an am c\u00e9anna.\u00a0Cabhr\u00f3idh s\u00e9 seo go m\u00f3r leat duaiseanna agus b\u00f3nais bhreise a fh\u00e1il \u00f3 riarach\u00e1n an ard\u00e1in chearrbhachais.<\/p>\n<h2>CC<\/h2>\n<p>I bhformh\u00f3r na gc\u00e1sanna, t\u00e1 beag\u00e1n cabhrach ag teast\u00e1il \u00f3 thosaitheoir\u00ed, mar sin t\u00e1 cuid de na freagra\u00ed ar na ceisteanna is coitianta curtha le ch\u00e9ile againn.\u00a0D\u00e9an iarracht teacht ar an gcine\u00e1l geall a oireann duit agus t\u00fas a imirt leis an t-uasmh\u00e9id airgid ar do chomhard\u00fa.<\/p>\n<h3>Cad iad na bunt\u00e1ist\u00ed a bhaineann le geallt\u00f3ireacht ar r\u00e1sa\u00ed capall?<\/h3>\n<p>T\u00e1 an smacht sp\u00f3irt trendy, agus d\u00e1 bhr\u00ed sin beidh t\u00fa in ann a fh\u00e1il r\u00e1sa\u00edocht capall saor in aisce geallt\u00f3ireachta go luath.\u00a0Spreagann cuideachta\u00ed cearrbhachais \u00fas\u00e1ideoir\u00ed i gc\u00f3na\u00ed chun imirt agus buachan chun n\u00edos m\u00f3 airgid a thuilleamh.\u00a0Mar sin is f\u00e9idir leat leas a bhaint as tairiscint den s\u00f3rt sin brab\u00fasa\u00ed anois agus na bunt\u00e1ist\u00ed a bhaineann le cluich\u00ed gn\u00edomhacha a bhraitheann.<\/p>\n<h3>C\u00e9 mh\u00e9ad is f\u00e9idir liom a thuilleamh in aghaidh an geall ar r\u00e1sa\u00edocht capall?<\/h3>\n<p>Go ginear\u00e1lta, beidh t\u00fa in ann cuid mh\u00f3r airgid a fh\u00e1il i ngeallt\u00f3ireacht r\u00e1sa\u00edochta capall beo.\u00a0Tabharfaidh fi\u00fa geall rialta deis duit do chothroma\u00edocht a mh\u00e9ad\u00fa ar\u00eds agus ar\u00eds eile, ach n\u00ed m\u00f3r duit foghlaim conas imeachta\u00ed a thuar i gceart.\u00a0Bain triail as roghanna \u00e9ags\u00fala, bain \u00fas\u00e1id as b\u00f3nais bhreise, agus cl\u00e1raigh le haghaidh nuachtlitir chur chun cinn.\u00a0Cabhr\u00f3idh s\u00e9 seo go l\u00e9ir leis na riosca\u00ed a laghd\u00fa agus t\u00fas a bhuachan n\u00edos minice.<\/p>\n<h3>Cad iad na srianta ar tharraingt siar tar \u00e9is r\u00e1s a bhuachan?<\/h3>\n<p>Go ginear\u00e1lta, n\u00edl aon srianta ar an tarraingt siar ar shu\u00edomh tipici\u00fail.\u00a0Mar sin f\u00e9in, molaimid \u00fas\u00e1id a bhaint as na cuideachta\u00ed cearrbhachais sin ar \u00e1r liosta amh\u00e1in.\u00a0Cosn\u00f3idh s\u00e9 seo i gcoinne chaimil\u00e9ir\u00ed agus gheobhaidh s\u00e9 an leibh\u00e9al is airde seirbh\u00edse.\u00a0Ina theannta sin, d\u00e9anaimid t\u00e1st\u00e1il freisin ar an tseirbh\u00eds taca\u00edochta theicni\u00fail le linn an athbhreithnithe;\u00a0mar sin, is f\u00e9idir leat an fhaisn\u00e9is a theasta\u00edonn uait a fh\u00e1il go tapa ag am ar bith.<\/p>\n","protected":false},"excerpt":{"rendered":"<p>N\u00edos m\u00f3 ar fad, t\u00e1 \u00fas\u00e1ideoir\u00ed geallt\u00f3ireachta r\u00e1sa\u00edochta capall cleachta cheana f\u00e9in le contr\u00e1rthachta\u00ed m\u00f3ra agus b\u00f3nais g\u00e9ara.\u00a0Is tairiscint \u00e9 ar na su\u00edomhanna in\u00e1r n-athbhreithnithe \u00f3 riarach\u00e1n an cheasa\u00edneo.\u00a0Is f\u00e9idir leat an capall ceart a roghn\u00fa agus suim mh\u00f3r airgid a fh\u00e1il a bhu\u00edochas leis.\u00a0Bain triail as, agus t\u00e1 t\u00fa cinnte go bhfaighidh t\u00fa n\u00edos&#8230;<\/p>\n","protected":false},"author":1,"featured_media":0,"parent":0,"menu_order":0,"comment_status":"closed","ping_status":"closed","template":"page-with-bonus.php","meta":{"_acf_changed":false,"_kad_post_transparent":"default","_kad_post_title":"default","_kad_post_layout":"default","_kad_post_sidebar_id":"","_kad_post_content_style":"default","_kad_post_vertical_padding":"default","_kad_post_feature":"","_kad_post_feature_position":"","_kad_post_header":false,"_kad_post_footer":false,"footnotes":""},"class_list":["post-3674","page","type-page","status-publish","hentry"],"acf":[],"rttpg_featured_image_url":null,"rttpg_author":{"display_name":"Tom","author_link":"https:\/\/rocketplay-game.com\/ga\/author\/pemvas95n89x\/"},"rttpg_comment":0,"rttpg_category":null,"rttpg_excerpt":"N\u00edos m\u00f3 ar fad, t\u00e1 \u00fas\u00e1ideoir\u00ed geallt\u00f3ireachta r\u00e1sa\u00edochta capall cleachta cheana f\u00e9in le contr\u00e1rthachta\u00ed m\u00f3ra agus b\u00f3nais g\u00e9ara.\u00a0Is tairiscint \u00e9 ar na su\u00edomhanna in\u00e1r n-athbhreithnithe \u00f3 riarach\u00e1n an cheasa\u00edneo.\u00a0Is f\u00e9idir leat an capall ceart a roghn\u00fa agus suim mh\u00f3r airgid a fh\u00e1il a bhu\u00edochas leis.\u00a0Bain triail as, agus t\u00e1 t\u00fa cinnte go bhfaighidh t\u00fa n\u00edos...","_links":{"self":[{"href":"https:\/\/rocketplay-game.com\/ga\/wp-json\/wp\/v2\/pages\/3674","targetHints":{"allow":["GET"]}}],"collection":[{"href":"https:\/\/rocketplay-game.com\/ga\/wp-json\/wp\/v2\/pages"}],"about":[{"href":"https:\/\/rocketplay-game.com\/ga\/wp-json\/wp\/v2\/types\/page"}],"author":[{"embeddable":true,"href":"https:\/\/rocketplay-game.com\/ga\/wp-json\/wp\/v2\/users\/1"}],"replies":[{"embeddable":true,"href":"https:\/\/rocketplay-game.com\/ga\/wp-json\/wp\/v2\/comments?post=3674"}],"version-history":[{"count":3,"href":"https:\/\/rocketplay-game.com\/ga\/wp-json\/wp\/v2\/pages\/3674\/revisions"}],"predecessor-version":[{"id":3959,"href":"https:\/\/rocketplay-game.com\/ga\/wp-json\/wp\/v2\/pages\/3674\/revisions\/3959"}],"wp:attachment":[{"href":"https:\/\/rocketplay-game.com\/ga\/wp-json\/wp\/v2\/media?parent=3674"}],"curies":[{"name":"wp","href":"https:\/\/api.w.org\/{rel}","templated":true}]}}