{"id":3678,"date":"2023-01-10T16:25:10","date_gmt":"2023-01-10T13:25:10","guid":{"rendered":"https:\/\/rocketplay-game.com\/sports-betting\/table-tennis\/"},"modified":"2023-01-20T10:30:49","modified_gmt":"2023-01-20T07:30:49","slug":"table-tennis","status":"publish","type":"page","link":"https:\/\/rocketplay-game.com\/ga\/table-tennis\/","title":{"rendered":"Athbhreithni\u00fa ar Gheallta Lead\u00f3ige T\u00e1bla"},"content":{"rendered":"<p>Is \u00ed an phr\u00edomhch\u00fais leis an \u00e9ileamh at\u00e1 ar gheallt\u00f3ireacht lead\u00f3g boird n\u00e1 gur f\u00e9idir le duine ar bith na m\u00edlte dollar a dh\u00e9anamh ar gheallta den s\u00f3rt sin.\u00a0T\u00e1 na rialacha simpl\u00ed, agus t\u00e1 na himreoir\u00ed ag athr\u00fa i gc\u00f3na\u00ed.\u00a0N\u00ed imr\u00edtear gach cluiche n\u00edos m\u00f3 n\u00e1 10-15 n\u00f3im\u00e9ad, rud a chialla\u00edonn go mb\u00edonn go leor imeachta\u00ed ann gach l\u00e1.\u00a0Molaimid muin\u00edn a bheith agat as com\u00f3rtais mh\u00f3ra agus n\u00edos m\u00f3 a fhoghlaim faoi na bunt\u00e1ist\u00ed a bhaineann le lead\u00f3g boird le haghaidh geallt\u00f3ireachta anois.<\/p>\n<p><img loading=\"lazy\" decoding=\"async\" class=\"aligncenter wp-image-3448 lazy-loaded\" src=\"https:\/\/rocketplay-game.com\/wp-content\/uploads\/2023\/01\/table-tennis-shots-300x169.jpg\" sizes=\"auto, (max-width: 800px) 100vw, 800px\" srcset=\"https:\/\/rocketplay-game.com\/wp-content\/uploads\/2023\/01\/table-tennis-shots-300x169.jpg 300w, https:\/\/rocketplay-game.com\/wp-content\/uploads\/2023\/01\/table-tennis-shots-1024x576.jpg 1024w, https:\/\/rocketplay-game.com\/wp-content\/uploads\/2023\/01\/table-tennis-shots-768x432.jpg 768w, https:\/\/rocketplay-game.com\/wp-content\/uploads\/2023\/01\/table-tennis-shots-1536x864.jpg 1536w, https:\/\/rocketplay-game.com\/wp-content\/uploads\/2023\/01\/table-tennis-shots.jpg 1920w\" alt=\"\" width=\"800\" height=\"450\" data-lazy-type=\"image\" data-src=\"https:\/\/rocketplay-game.com\/wp-content\/uploads\/2023\/01\/table-tennis-shots-300x169.jpg\" data-srcset=\"\" \/><\/p>\n<h2>Conas geall a dh\u00e9anamh ar lead\u00f3g boird<\/h2>\n<p>Chun geallt\u00f3ireacht a dh\u00e9anamh ar leideanna lead\u00f3ige boird, n\u00ed m\u00f3r duit ceann de na su\u00edomhanna cearrbhachais a \u00fas\u00e1id.\u00a0Is g\u00e1 do chuntas a chl\u00e1r\u00fa agus a thaisceadh chun dul ar aghaidh chuig roghn\u00fa na gcluich\u00ed oiri\u00fanacha:<\/p>\n<ul>\n<li aria-level=\"1\">ar an gc\u00e9ad dul s\u00edos, b\u00ed bu\u00edoch as na foirne a bhfuil ionada\u00edocht acu.\u00a0N\u00ed minic a th\u00e1inig na comhraiceoir\u00ed le ch\u00e9ile cheana f\u00e9in, rud a chialla\u00edonn gur f\u00e9idir leat staitistic\u00ed sonracha a bhaili\u00fa agus an rogha geallt\u00f3ireachta is bisi\u00fala a roghn\u00fa roimh r\u00e9;<\/li>\n<li aria-level=\"1\">n\u00edor cheart duit geall a chur ar l\u00edon m\u00f3r ag an am c\u00e9anna ar imreoir ar leith.\u00a0Fi\u00fa m\u00e1s \u00e9 an cluiche is fearr leat \u00e9 agus go bhfuil an corrlach gar do 1.1, is f\u00e9idir leat a chailleadh f\u00f3s.\u00a0Sin \u00e9 an chaoi a gcaillfidh tosaitheoir\u00ed a mbuis\u00e9ad;<\/li>\n<li aria-level=\"1\">d\u00e9an iarracht do mhoth\u00fach\u00e1in a choinne\u00e1il faoi smacht agus n\u00e1 d\u00e9an iarracht geall a dh\u00e9anamh n\u00edos m\u00f3 an ch\u00e9ad uair eile chun bua a fh\u00e1il ar ais.\u00a0Ar an gc\u00e9ad dul s\u00edos, is discipl\u00edn \u00e9 rath geallt\u00f3ireachta agus strait\u00e9is shonrach \u00e1 lean\u00faint.<\/li>\n<\/ul>\n<p>Is f\u00e9idir a bheith deacair na tactics cearta a roghn\u00fa, mar sin moltar staid\u00e9ar a dh\u00e9anamh go mion ar rialacha an discipl\u00edn sp\u00f3irt.\u00a0Sa ch\u00e1s seo, ba cheart duit anail\u00eds\u00edocht na ngairmithe a sheice\u00e1il freisin agus do chuid f\u00e9in a dh\u00e9anamh bunaithe ar na staitistic\u00ed at\u00e1 ar f\u00e1il.\u00a0Is \u00e9 seo an t-\u00edosmh\u00e9id is g\u00e1 duit a dh\u00e9anamh chun suim mh\u00f3r a bhuachan.<\/p>\n<h2>Marga\u00ed Geallt\u00f3ireachta Lead\u00f3ige Boird Coitianta<\/h2>\n<p>Is \u00e9 an leagan is c\u00e1ili\u00fala an strait\u00e9is geallt\u00f3ireachta lead\u00f3g boird, le rogha buaiteoir ar leith.\u00a0D\u00e9an iarracht anail\u00eds a dh\u00e9anamh ar chluich\u00ed do opponents san am at\u00e1 caite agus roghnaigh an toradh is d\u00f3ich\u00ed.\u00a0Sa ch\u00e1s seo, is f\u00e9idir leat a fh\u00e1il go tapa do luach saothair agus dul ar aghaidh go dt\u00ed an ch\u00e9ad ch\u00e9im eile den chluiche.<\/p>\n<p>N\u00e1 d\u00e9an dearmad go dtarla\u00edonn cluich\u00ed gach c\u00fapla deich n\u00f3im\u00e9ad, mar sin n\u00e1 cuir geall suim mh\u00f3r ag an am c\u00e9anna.\u00a0D\u00edreach d\u00edri\u00fa ar an cluiche agus fanacht ar an deis a fh\u00e1il do chuid airgid.\u00a0N\u00ed rachaidh an linn duaise aon \u00e1it uait, rud a chialla\u00edonn gur f\u00e9idir leat an bronntanas a fh\u00e1il beagnach l\u00e1ithreach.<\/p>\n<h2>Imeachta\u00ed Lead\u00f3ige Boird<\/h2>\n<p>T\u00e1 rialacha geallt\u00f3ireachta lead\u00f3g boird clasaiceach ann, rud a ligeann duit rogha geallt\u00f3ireachta oiri\u00fanach a roghn\u00fa.\u00a0Sa ch\u00e1s seo, t\u00e1 tournaments ar si\u00fal beagnach laeth\u00fail, ach ba ch\u00f3ir do thosaitheoir\u00ed aird a thabhairt ar na cluich\u00ed leibh\u00e9al domhanda sa ch\u00e9ad \u00e1it.\u00a0I measc cuid acu seo t\u00e1 an Europa agus Raic\u00e9ad an Domhain.\u00a0D\u00e9an iarracht do geall a imirt agus luach saothair a fh\u00e1il i do chuntas.<\/p>\n<h2>Leideanna agus Strait\u00e9is<\/h2>\n<p>Is iad na roghanna is c\u00e1ili\u00fala n\u00e1 odds geallt\u00f3ireachta lead\u00f3g boird n\u00e1 1.7 n\u00f3 1.8.\u00a0Gach toisc go bhfuil na cluich\u00ed go tapa, agus t\u00e1 an riosca anseo ard.\u00a0Mar sin f\u00e9in, t\u00e1 an luach saothair as aont\u00fa a bheith rannph\u00e1irteach sa riosca seo ar fheabhas freisin.\u00a0Is f\u00e9idir leat triail a bhaint as tactics agus strait\u00e9is\u00ed \u00e9ags\u00fala chun an luach saothair a fh\u00e1il ar do chuntas.<\/p>\n<p>I measc cuid de na leideanna is c\u00e1ili\u00fala \u00f3 shaineolaithe t\u00e1 na nithe seo a leanas:<\/p>\n<ul>\n<li aria-level=\"1\">d\u00e9an iarracht do bhuis\u00e9ad a roinnt ina 30 cuid n\u00f3 n\u00edos m\u00f3 \u00f3n t\u00fas.\u00a0Geall gan n\u00edos m\u00f3 n\u00e1 cuid amh\u00e1in chun teorainn a chur le do chaillteanais agus buaiteanna.\u00a0A bhu\u00edochas leis seo, beidh s\u00e9 ind\u00e9anta do r\u00e9amhaisn\u00e9is a cheart\u00fa agus an t-airgead a fh\u00e1il ar achar fada;<\/li>\n<li aria-level=\"1\">ba ch\u00f3ir duit an t-airgead tuillte a aistarraingt \u00f3 do chuntas n\u00edos minice ionas gur f\u00e9idir leat do thortha\u00ed a fheice\u00e1il.\u00a0Tabharfaidh s\u00e9 seo deis duit a bhraitheann ar an me\u00e1chan ar airgead agus tuiscint a fh\u00e1il ar an cro\u00edl\u00e1r an chluiche.\u00a0Seachas sin, t\u00e1 s\u00e9 \u00e9asca teagmh\u00e1il a chailleadh leis an r\u00e9altacht agus tos\u00fa ag caitheamh gach rud i ndiaidh a ch\u00e9ile;<\/li>\n<li aria-level=\"1\">d\u00e9an iarracht do mhoth\u00fach\u00e1in a rial\u00fa agus tortha\u00ed do geallta a scr\u00edobh s\u00edos l\u00e1ithreach.\u00a0Sa ch\u00e1s seo, beidh s\u00e9 n\u00edos \u00e9asca duit an t-iarmh\u00e9id foirfe a fh\u00e1il idir an m\u00e9id geall agus an odds.<\/li>\n<\/ul>\n<p>B\u00ed cinnte iarracht a dh\u00e9anamh strait\u00e9is\u00ed agus tactics \u00e9ags\u00fala a bhuachan.\u00a0Chomh maith leis sin, n\u00e1 d\u00e9an dearmad ar na b\u00f3nais den scoth is f\u00e9idir leat a fh\u00e1il go tapa ar an bpr\u00edomhleathanach.<\/p>\n<p><img loading=\"lazy\" decoding=\"async\" class=\"aligncenter wp-image-3457 lazy-loaded\" src=\"https:\/\/rocketplay-game.com\/wp-content\/uploads\/2023\/01\/table-tennis-300x143.jpg\" sizes=\"auto, (max-width: 800px) 100vw, 800px\" srcset=\"https:\/\/rocketplay-game.com\/wp-content\/uploads\/2023\/01\/table-tennis-300x143.jpg 300w, https:\/\/rocketplay-game.com\/wp-content\/uploads\/2023\/01\/table-tennis-1024x487.jpg 1024w, https:\/\/rocketplay-game.com\/wp-content\/uploads\/2023\/01\/table-tennis-768x365.jpg 768w, https:\/\/rocketplay-game.com\/wp-content\/uploads\/2023\/01\/table-tennis.jpg 1220w\" alt=\"\" width=\"800\" height=\"380\" data-lazy-type=\"image\" data-src=\"https:\/\/rocketplay-game.com\/wp-content\/uploads\/2023\/01\/table-tennis-300x143.jpg\" data-srcset=\"\" \/><\/p>\n<h2>CC<\/h2>\n<p>Chomh maith le leideanna cabhracha geallt\u00f3ireachta lead\u00f3g boird, molaimid sraith freagra\u00ed ar cheisteanna coitianta \u00f3 thosaitheoir\u00ed a l\u00e9amh.\u00a0D\u00e9an iarracht peculiarities uile na discipl\u00edn sp\u00f3irt a thuiscint agus tos\u00fa ag baint suilt as do chuid geallta.<\/p>\n<h3>Cad iad na bunt\u00e1ist\u00ed a bhaineann le geallt\u00f3ireacht ar lead\u00f3g boird?<\/h3>\n<p>Is \u00e9 an bunt\u00e1iste is m\u00f3 gur f\u00e9idir leat t\u00fa f\u00e9in a thumadh sa chluiche chomh tapa agus is f\u00e9idir, foghlaim na rialacha agus t\u00fas tuilleamh.\u00a0Imr\u00edtear na cluich\u00ed ar fad ar eatramh 15 n\u00f3im\u00e9ad, rud a chialla\u00edonn go mb\u00edonn seans agat an bua a fh\u00e1il.\u00a0D\u00e9anfaidh go leor tortha\u00ed agus l\u00fathchleasaithe c\u00e1ili\u00fala an cluiche n\u00edos spreag\u00fala agus n\u00edos athraitheach.<\/p>\n<h3>C\u00e9 mh\u00e9ad is f\u00e9idir liom a thuilleamh in aghaidh an geall ar lead\u00f3g boird?<\/h3>\n<p>N\u00edl aon teorainn leis na buaiteanna uasta per se, ach is f\u00e9idir leat na rialacha ginear\u00e1lta a fheice\u00e1il i ndoicim\u00e9id phr\u00edomhcheasa\u00edneo.\u00a0D\u00e1 mh\u00e9ad t\u00f3ir ar an gcraobhchom\u00f3rtas a roghna\u00edonn t\u00fa, is m\u00f3 an seans a bheidh agat suim mh\u00f3r airgid a ghealladh ag an am c\u00e9anna.\u00a0Bain triail as leas a bhaint as an deis ar leith a thuilleamh go leor ag an am c\u00e9anna ar geall amh\u00e1in.\u00a0Mar sin f\u00e9in, \u00f3s rud \u00e9 go mb\u00edonn na cluich\u00ed go tapa de ghn\u00e1th, n\u00edl an m\u00e9id in aghaidh an geall r\u00f3-suntasach.<\/p>\n<h3>Cad iad na srianta ar tharraingt siar tar \u00e9is bua ag lead\u00f3g boird?<\/h3>\n<p>Ar na su\u00edomhanna geallt\u00f3ireachta lead\u00f3g boird is fearr, n\u00ed bheidh aon fhadhb agat cist\u00ed a tharraingt siar tar \u00e9is duit a bheith buaite.\u00a0Is f\u00e9idir cuideachta\u00ed cearrbhachais den s\u00f3rt sin a fh\u00e1il ar \u00e1r su\u00edomh Gr\u00e9as\u00e1in toisc go gcrutha\u00edtear athbhreithnithe ardchaighde\u00e1in.\u00a0D\u00e9anaimid t\u00e1st\u00e1il ch\u00faramach ar fheidhmi\u00falacht an cheasa\u00edneonna agus \u00e1bhair \u00e1 scr\u00edobh againn agus fi\u00fa teagmh\u00e1il a dh\u00e9anamh le taca\u00edocht theicni\u00fail.\u00a0Cialla\u00edonn s\u00e9 seo gur f\u00e9idir leat muin\u00edn a bheith agat as na sonra\u00ed a fhaighimid uainn agus t\u00fas a chur le do chluiche spraoi faoi l\u00e1thair.<\/p>\n","protected":false},"excerpt":{"rendered":"<p>Is \u00ed an phr\u00edomhch\u00fais leis an \u00e9ileamh at\u00e1 ar gheallt\u00f3ireacht lead\u00f3g boird n\u00e1 gur f\u00e9idir le duine ar bith na m\u00edlte dollar a dh\u00e9anamh ar gheallta den s\u00f3rt sin.\u00a0T\u00e1 na rialacha simpl\u00ed, agus t\u00e1 na himreoir\u00ed ag athr\u00fa i gc\u00f3na\u00ed.\u00a0N\u00ed imr\u00edtear gach cluiche n\u00edos m\u00f3 n\u00e1 10-15 n\u00f3im\u00e9ad, rud a chialla\u00edonn go mb\u00edonn go leor&#8230;<\/p>\n","protected":false},"author":1,"featured_media":0,"parent":0,"menu_order":0,"comment_status":"closed","ping_status":"closed","template":"page-with-bonus.php","meta":{"_acf_changed":false,"_kad_post_transparent":"default","_kad_post_title":"default","_kad_post_layout":"default","_kad_post_sidebar_id":"","_kad_post_content_style":"default","_kad_post_vertical_padding":"default","_kad_post_feature":"","_kad_post_feature_position":"","_kad_post_header":false,"_kad_post_footer":false,"footnotes":""},"class_list":["post-3678","page","type-page","status-publish","hentry"],"acf":[],"rttpg_featured_image_url":null,"rttpg_author":{"display_name":"Tom","author_link":"https:\/\/rocketplay-game.com\/ga\/author\/pemvas95n89x\/"},"rttpg_comment":0,"rttpg_category":null,"rttpg_excerpt":"Is \u00ed an phr\u00edomhch\u00fais leis an \u00e9ileamh at\u00e1 ar gheallt\u00f3ireacht lead\u00f3g boird n\u00e1 gur f\u00e9idir le duine ar bith na m\u00edlte dollar a dh\u00e9anamh ar gheallta den s\u00f3rt sin.\u00a0T\u00e1 na rialacha simpl\u00ed, agus t\u00e1 na himreoir\u00ed ag athr\u00fa i gc\u00f3na\u00ed.\u00a0N\u00ed imr\u00edtear gach cluiche n\u00edos m\u00f3 n\u00e1 10-15 n\u00f3im\u00e9ad, rud a chialla\u00edonn go mb\u00edonn go leor...","_links":{"self":[{"href":"https:\/\/rocketplay-game.com\/ga\/wp-json\/wp\/v2\/pages\/3678","targetHints":{"allow":["GET"]}}],"collection":[{"href":"https:\/\/rocketplay-game.com\/ga\/wp-json\/wp\/v2\/pages"}],"about":[{"href":"https:\/\/rocketplay-game.com\/ga\/wp-json\/wp\/v2\/types\/page"}],"author":[{"embeddable":true,"href":"https:\/\/rocketplay-game.com\/ga\/wp-json\/wp\/v2\/users\/1"}],"replies":[{"embeddable":true,"href":"https:\/\/rocketplay-game.com\/ga\/wp-json\/wp\/v2\/comments?post=3678"}],"version-history":[{"count":2,"href":"https:\/\/rocketplay-game.com\/ga\/wp-json\/wp\/v2\/pages\/3678\/revisions"}],"predecessor-version":[{"id":3960,"href":"https:\/\/rocketplay-game.com\/ga\/wp-json\/wp\/v2\/pages\/3678\/revisions\/3960"}],"wp:attachment":[{"href":"https:\/\/rocketplay-game.com\/ga\/wp-json\/wp\/v2\/media?parent=3678"}],"curies":[{"name":"wp","href":"https:\/\/api.w.org\/{rel}","templated":true}]}}