{"id":3681,"date":"2023-01-10T16:05:13","date_gmt":"2023-01-10T13:05:13","guid":{"rendered":"https:\/\/rocketplay-game.com\/sports-betting\/ufc\/"},"modified":"2023-01-20T10:25:54","modified_gmt":"2023-01-20T07:25:54","slug":"ufc","status":"publish","type":"page","link":"https:\/\/rocketplay-game.com\/ga\/ufc\/","title":{"rendered":"Athbhreithni\u00fa Geallta UFC"},"content":{"rendered":"<p>Troideanna gan rialacha a thugtar ar chom\u00f3rtais sna heala\u00edona comhraic measctha.\u00a0Mar sin f\u00e9in, t\u00e1 rialacha sonracha ann.\u00a0T\u00e1 siad dian.\u00a0D\u00e1 bhr\u00ed sin, t\u00e1 s\u00e9 riachtanach a mheas go bhfuil s\u00e9 seo go l\u00e9ir ag roghn\u00fa an UFC geallta le haghaidh geallt\u00f3ireachta.\u00a0Geall go leor bettors ar an UFC, ag spraoi ag breathn\u00fa ar a bhfuil ag tarl\u00fa.\u00a0T\u00e1 deis ann feabhas suntasach a chur ar a bhfoll\u00e1ine airgeadais gan br\u00fa fisiceach a dh\u00e9anamh.<\/p>\n<p><img loading=\"lazy\" decoding=\"async\" class=\"aligncenter wp-image-3377 lazy-loaded\" src=\"https:\/\/rocketplay-game.com\/wp-content\/uploads\/2023\/01\/ecfc44ff4496f67_886x452-300x153.png\" sizes=\"auto, (max-width: 800px) 100vw, 800px\" srcset=\"https:\/\/rocketplay-game.com\/wp-content\/uploads\/2023\/01\/ecfc44ff4496f67_886x452-300x153.png 300w, https:\/\/rocketplay-game.com\/wp-content\/uploads\/2023\/01\/ecfc44ff4496f67_886x452-768x392.png 768w, https:\/\/rocketplay-game.com\/wp-content\/uploads\/2023\/01\/ecfc44ff4496f67_886x452.png 886w\" alt=\"\" width=\"800\" height=\"408\" data-lazy-type=\"image\" data-src=\"https:\/\/rocketplay-game.com\/wp-content\/uploads\/2023\/01\/ecfc44ff4496f67_886x452-300x153.png\" data-srcset=\"\" \/><\/p>\n<h2>M\u00ednithe Coitianta agus na Geallta UFC is Fearr<\/h2>\n<p>T\u00e1 \u00e9ags\u00falacht leathan geallta ar an su\u00edomh geallt\u00f3ireachta UFC is fearr:<\/p>\n<ol>\n<li aria-level=\"1\">Nuair a roghna\u00edonn s\u00e9 geall ar thoradh cruinn an chomhrac, ba ch\u00f3ir don bettor geall a dh\u00e9anamh ar bhua comhraic amh\u00e1in n\u00f3 eile.\u00a0Is minic a bh\u00edonn siad thart ar an rang me\u00e1chain c\u00e9anna.\u00a0D\u00e1 bhr\u00ed sin, n\u00edl aon rogha soil\u00e9ir ann.\u00a0Ach t\u00e1 an bettor ag fanacht le odds tarraingteach.<\/li>\n<li aria-level=\"1\">Nuair a roghna\u00edonn t\u00fa geall ar fhad an chomhrac, n\u00edl na hodds n\u00edos l\u00fa ard.\u00a0Agus m\u00e1 imr\u00edtear an geall, gheobhaidh an bettor ioncam suntasach airgeadais.<\/li>\n<li aria-level=\"1\">Ag roghn\u00fa m\u00f3d Beo, beidh s\u00e9 ciallmhar geall a dh\u00e9anamh ar chinneadh an r\u00e9iteora.\u00a0Is f\u00e9idir freagairt\u00ed na mbreithi\u00fana a urram\u00fa.<\/li>\n<li aria-level=\"1\">I l\u00e1thair strains\u00e9ir fhuaimnithe, is f\u00e9idir leat geall a dh\u00e9anamh ar bhua an imreora le greim pianmhar n\u00f3 tachtadh.<\/li>\n<\/ol>\n<p>T\u00e1 geallta eile ar an UFC.\u00a0Agus is f\u00e9idir le gach duine cinneadh a dh\u00e9anamh d\u00f3ibh f\u00e9in c\u00e9 acu ceann a roghn\u00fa.<\/p>\n<h2>Conas Geall a dh\u00e9anamh ar an UFC<\/h2>\n<p>Le haghaidh geall ar an aip geallt\u00f3ireachta UFC is fearr.\u00a0T\u00e1 s\u00e9 riachtanach c\u00farsa na n-imeachta\u00ed a anail\u00edsi\u00fa go hinni\u00fail, ag tabhairt aird ar chomhph\u00e1irteanna suntasacha:<\/p>\n<ol>\n<li aria-level=\"1\">T\u00e1 r\u00f3l ag foirm na trodaithe.\u00a0Chun an cheist seo a anail\u00edsi\u00fa, is fi\u00fa f\u00e9achaint ar staitistic\u00ed na troideanna deiridh do gach trodaire.<\/li>\n<li aria-level=\"1\">Is g\u00e1 staid\u00e9ar a dh\u00e9anamh ar an nuacht is d\u00e9ana\u00ed faoi na l\u00fathchleasaithe a ghlacann p\u00e1irt sa troid ar a bhfuil t\u00fa chun geall a dh\u00e9anamh.\u00a0Ar an mbealach seo, is f\u00e9idir eolas a fh\u00e1il ar riocht na rannph\u00e1irtithe.<\/li>\n<li aria-level=\"1\">Ba cheart saintr\u00e9ithe na trodaithe a mheas ar bhealach \u00e9igeantach freisin.\u00a0T\u00e1 a l\u00e1idreachta\u00ed agus a laig\u00ed ag gach ceann acu.\u00a0Agus iad ar eolas agat, is f\u00e9idir leat toradh an troid a thuar n\u00edos cruinne.<\/li>\n<li aria-level=\"1\">N\u00ed bheidh aon bhreise ar thuairim na saineolaithe.\u00a0Baineann s\u00e9 seo leis an gcomhrac at\u00e1 le teacht, chomh maith leis an seans go mbeidh na hiomaitheoir\u00ed p\u00e1irteach sa troid.<\/li>\n<\/ol>\n<p>Is f\u00e9idir le gach duine cine\u00e1l amh\u00e1in de threoir geallt\u00f3ireachta UFC a roghn\u00fa chun am taitneamhach agus spreag\u00fail a bheith acu agus gach seans acu a saol a athr\u00fa go suntasach tr\u00edna gcaipiteal airgeadais a mh\u00e9ad\u00fa a bhu\u00edochas leis na geallta a imr\u00edtear.<\/p>\n<h2>Leideanna agus Strait\u00e9is\u00ed Geallta UFC<\/h2>\n<p>Chun geallt\u00f3ireacht a dh\u00e9anamh go rath\u00fail ar gheallt\u00f3ireacht bheo UFC agus go minic buachan, \u00fas\u00e1ideann geallt\u00f3ir\u00ed a bhfuil taith\u00ed acu cine\u00e1lacha \u00e9ags\u00fala cur chuige cluiche:<\/p>\n<ol>\n<li aria-level=\"1\">Ba cheart staid\u00e9ar a dh\u00e9anamh ar fhaisn\u00e9is \u00f3 champa\u00ed oili\u00fana na trodaithe.<\/li>\n<li aria-level=\"1\">Ba cheart luaineachta\u00ed luachana a chur san \u00e1ireamh.\u00a0Agus m\u00e1 t\u00e1 athruithe suntasacha sa l\u00edne, ansin is fi\u00fa an r\u00e9amhaisn\u00e9is a athmhachnamh agus coigeartuithe a dh\u00e9anamh.<\/li>\n<\/ol>\n<p>N\u00ed h\u00e9 seo deireadh leideanna geallt\u00f3ireachta UFC:<\/p>\n<ol>\n<li aria-level=\"1\">Tr\u00ed geallt\u00f3ireacht beo a roghn\u00fa, is f\u00e9idir geall a dh\u00e9anamh le linn an chomhrac.<\/li>\n<li aria-level=\"1\">M\u00e1 fhulaing\u00edonn duine de na hiomaitheoir\u00ed aon gort\u00fa ag t\u00fas an troid, d&#8217;fh\u00e9adfadh ruda\u00ed dul in olcas de r\u00e9ir mar a th\u00e9ann na babhta\u00ed thart.\u00a0Agus t\u00e1 s\u00e9 seo t\u00e1bhachtach a mheas nuair a dh\u00e9anamh geall le linn an troid.<\/li>\n<li aria-level=\"1\">T\u00e1 s\u00e9 riachtanach c\u00e9n riocht ina bhfuil na l\u00fathchleasaithe. Is g\u00e1 ullmh\u00fa do na c\u00e1sanna is m\u00f3 gan choinne le linn an troid.<\/li>\n<\/ol>\n<p>Chun bua a fh\u00e1il agus t\u00fa ag geallt\u00f3ireacht ar an UFC, t\u00e1 s\u00e9 riachtanach a bheith aireach, aigne socair a bheith agat, gan a bheith ag brath ar mhoth\u00fach\u00e1in, agus a bheith in ann iad a rial\u00fa.<\/p>\n<p><img loading=\"lazy\" decoding=\"async\" class=\"aligncenter wp-image-3387 lazy-loaded\" src=\"https:\/\/rocketplay-game.com\/wp-content\/uploads\/2023\/01\/5858663a830ec-300x176.jpg\" sizes=\"auto, (max-width: 800px) 100vw, 800px\" srcset=\"https:\/\/rocketplay-game.com\/wp-content\/uploads\/2023\/01\/5858663a830ec-300x176.jpg 300w, https:\/\/rocketplay-game.com\/wp-content\/uploads\/2023\/01\/5858663a830ec-1024x602.jpg 1024w, https:\/\/rocketplay-game.com\/wp-content\/uploads\/2023\/01\/5858663a830ec-768x452.jpg 768w, https:\/\/rocketplay-game.com\/wp-content\/uploads\/2023\/01\/5858663a830ec.jpg 1360w\" alt=\"\" width=\"800\" height=\"471\" data-lazy-type=\"image\" data-src=\"https:\/\/rocketplay-game.com\/wp-content\/uploads\/2023\/01\/5858663a830ec-300x176.jpg\" data-srcset=\"\" \/><\/p>\n<h2>Bot\u00fain Gheallta UFC is Coitianta<\/h2>\n<p>Is f\u00e9idir f\u00e9inmhuin\u00edn a ghairm go s\u00e1bh\u00e1ilte ar cheann de na bot\u00fain is m\u00f3.\u00a0Chun geall a dh\u00e9anamh ar aip geallt\u00f3ireachta UFC, t\u00e1 s\u00e9 riachtanach rialacha an sp\u00f3irt a bheith ar an eolas.\u00a0Ina theannta sin, t\u00e1 anail\u00eds chr\u00edochn\u00fail r\u00edth\u00e1bhachtach anseo.<\/p>\n<p>T\u00e1 s\u00e9 riachtanach staid\u00e9ar a dh\u00e9anamh ar l\u00e1idreachta\u00ed agus laig\u00ed na opponents roimh r\u00e9, ionas gur f\u00e9idir leat toradh an chomhrac a thuar n\u00edos cruinne agus na geallta ceart a dh\u00e9anamh.<\/p>\n<h2>CC<\/h2>\n<p>D\u00f3ibh si\u00fad a bhfuil cinneadh d\u00e9anta acu geall a dh\u00e9anamh ar an UFC agus a bhfuil gr\u00e1 acu don sp\u00f3rt, beidh s\u00e9 ina chuidi\u00fa freagra\u00ed na gceisteanna coitianta a l\u00e9amh.\u00a0Maidir le bettors, beidh an fhaisn\u00e9is seo suntasach.<\/p>\n<h3>C\u00e9n f\u00e1th a roghna\u00edonn go leor daoine geall a dh\u00e9anamh ar an UFC?<\/h3>\n<p>T\u00e1 f\u00edordheis ann f\u00e9achaint ar troid at\u00e1 dinimici\u00fail go leor agus f\u00edochmhar agus t\u00fa ag tuilleamh m\u00e9id r\u00e9as\u00fanta airgid ar an sp\u00f3rt seo gan br\u00fa go fisici\u00fail.\u00a0I duels den s\u00f3rt sin, t\u00e1 a mhealladh:<\/p>\n<ul>\n<li aria-level=\"1\">se\u00f3nna ;<\/li>\n<li aria-level=\"1\">dinimic;<\/li>\n<li aria-level=\"1\">achrann a ch\u00e9ile comhraic gairmi\u00fala;<\/li>\n<li aria-level=\"1\">do-thuar thoradh an chom\u00f3rtais.<\/li>\n<\/ul>\n<p>Geallt\u00f3ireachta ar odds geallt\u00f3ireachta UFC, is f\u00e9idir le gach bettor a fh\u00e1il brab\u00fas suntasach.<\/p>\n<h3>Cad \u00e9 an bealach ceart chun geall a chur ar an UFC?<\/h3>\n<p>Chun geallt\u00f3ireacht a dh\u00e9anamh ar leideanna geallt\u00f3ireachta UFC, t\u00e1 s\u00e9 riachtanach:<\/p>\n<ul>\n<li aria-level=\"1\">fios a bheith aige conas na staitistic\u00ed a nasclean\u00faint;<\/li>\n<li aria-level=\"1\">bheith ullamh do na tortha\u00ed is m\u00f3 gan choinne sna troideanna deiridh;<\/li>\n<li aria-level=\"1\">a bheith in ann strait\u00e9is a th\u00f3g\u00e1il;<\/li>\n<li aria-level=\"1\">d\u00e9an na rialacha i gcom\u00f3rtais a mheas mar go bhf\u00e9adfadh siad a bheith \u00e9ags\u00fail ag brath ar an \u00e1it a re\u00e1cht\u00e1iltear na com\u00f3rtais.<\/li>\n<\/ul>\n<p>T\u00e1 s\u00e9 riachtanach moth\u00fach\u00e1in a rial\u00fa, imeachta\u00ed a lean\u00faint go dl\u00fath, agus strait\u00e9is a fhorbairt.<\/p>\n<h3>C\u00e9n cine\u00e1l geallt\u00f3ireachta UFC is fi\u00fa a roghn\u00fa?<\/h3>\n<p>I measc na cinn is coitianta t\u00e1:<\/p>\n<ul>\n<li aria-level=\"1\">geall ar thoradh beacht an chomhrac;<\/li>\n<li aria-level=\"1\">geallta ar fhad an troid;<\/li>\n<li aria-level=\"1\">cuirtear f\u00e1ilte roimh an ngeallt\u00f3ireacht ar chinneadh na mbreithi\u00fana;<\/li>\n<li aria-level=\"1\">is f\u00e9idir geall a dh\u00e9anamh ar bhua an imreora tr\u00ed \u00fas\u00e1id a bhaint as greim pianmhar n\u00f3 tachtadh.<\/li>\n<\/ul>\n<p>T\u00e1 geallta f\u00e9ideartha eile ar an UFC in \u00c9irinn. Agus is f\u00e9idir le gach duine a roghn\u00fa go d\u00edreach cad is fearr leo. T\u00e1 gach rogha tarraingteach agus is f\u00e9idir ioncam r\u00e9as\u00fanta a thabhairt m\u00e1 imr\u00edonn an geall.<\/p>\n","protected":false},"excerpt":{"rendered":"<p>Troideanna gan rialacha a thugtar ar chom\u00f3rtais sna heala\u00edona comhraic measctha.\u00a0Mar sin f\u00e9in, t\u00e1 rialacha sonracha ann.\u00a0T\u00e1 siad dian.\u00a0D\u00e1 bhr\u00ed sin, t\u00e1 s\u00e9 riachtanach a mheas go bhfuil s\u00e9 seo go l\u00e9ir ag roghn\u00fa an UFC geallta le haghaidh geallt\u00f3ireachta.\u00a0Geall go leor bettors ar an UFC, ag spraoi ag breathn\u00fa ar a bhfuil ag tarl\u00fa.\u00a0T\u00e1&#8230;<\/p>\n","protected":false},"author":1,"featured_media":0,"parent":0,"menu_order":0,"comment_status":"closed","ping_status":"closed","template":"page-with-bonus.php","meta":{"_acf_changed":false,"_kad_post_transparent":"default","_kad_post_title":"default","_kad_post_layout":"default","_kad_post_sidebar_id":"","_kad_post_content_style":"default","_kad_post_vertical_padding":"default","_kad_post_feature":"","_kad_post_feature_position":"","_kad_post_header":false,"_kad_post_footer":false,"footnotes":""},"class_list":["post-3681","page","type-page","status-publish","hentry"],"acf":[],"rttpg_featured_image_url":null,"rttpg_author":{"display_name":"Tom","author_link":"https:\/\/rocketplay-game.com\/ga\/author\/pemvas95n89x\/"},"rttpg_comment":0,"rttpg_category":null,"rttpg_excerpt":"Troideanna gan rialacha a thugtar ar chom\u00f3rtais sna heala\u00edona comhraic measctha.\u00a0Mar sin f\u00e9in, t\u00e1 rialacha sonracha ann.\u00a0T\u00e1 siad dian.\u00a0D\u00e1 bhr\u00ed sin, t\u00e1 s\u00e9 riachtanach a mheas go bhfuil s\u00e9 seo go l\u00e9ir ag roghn\u00fa an UFC geallta le haghaidh geallt\u00f3ireachta.\u00a0Geall go leor bettors ar an UFC, ag spraoi ag breathn\u00fa ar a bhfuil ag tarl\u00fa.\u00a0T\u00e1...","_links":{"self":[{"href":"https:\/\/rocketplay-game.com\/ga\/wp-json\/wp\/v2\/pages\/3681","targetHints":{"allow":["GET"]}}],"collection":[{"href":"https:\/\/rocketplay-game.com\/ga\/wp-json\/wp\/v2\/pages"}],"about":[{"href":"https:\/\/rocketplay-game.com\/ga\/wp-json\/wp\/v2\/types\/page"}],"author":[{"embeddable":true,"href":"https:\/\/rocketplay-game.com\/ga\/wp-json\/wp\/v2\/users\/1"}],"replies":[{"embeddable":true,"href":"https:\/\/rocketplay-game.com\/ga\/wp-json\/wp\/v2\/comments?post=3681"}],"version-history":[{"count":3,"href":"https:\/\/rocketplay-game.com\/ga\/wp-json\/wp\/v2\/pages\/3681\/revisions"}],"predecessor-version":[{"id":3958,"href":"https:\/\/rocketplay-game.com\/ga\/wp-json\/wp\/v2\/pages\/3681\/revisions\/3958"}],"wp:attachment":[{"href":"https:\/\/rocketplay-game.com\/ga\/wp-json\/wp\/v2\/media?parent=3681"}],"curies":[{"name":"wp","href":"https:\/\/api.w.org\/{rel}","templated":true}]}}