{"id":4127,"date":"2023-08-16T22:51:40","date_gmt":"2023-08-16T19:51:40","guid":{"rendered":"https:\/\/rocketplay-game.com\/slots\/9-coins\/"},"modified":"2023-10-07T10:04:25","modified_gmt":"2023-10-07T07:04:25","slug":"9-coins","status":"publish","type":"page","link":"https:\/\/rocketplay-game.com\/ga\/slots\/9-coins\/","title":{"rendered":"Nochtadh Saibhreas 9 Boinn Sliot\u00e1n: An In-Depth Review"},"content":{"rendered":"<p>R\u00e9idh le haghaidh turas thrilling isteach i saol an fhort\u00fan? F\u00e1ilte go dt\u00ed an cluiche sliot\u00e1n 9 Boinn. Is cluiche ceasa\u00edneo spreag\u00fail \u00e9 at\u00e1 l\u00e1n de dheiseanna do bhuanna m\u00f3ra. L\u00e9im muid isteach san athbhreithni\u00fa sliot\u00e1n 9 Boinn.<\/p>\n<h2>An 9 Athbhreithni\u00fa Sliot\u00e1n Boinn<\/h2>\n<p>Tugann an cluiche sliot\u00e1n 9 Boinn imreoir\u00ed ar thuras spleodrach de sheilg taisce. Baineann an t\u00e9ama leis an saibhreas agus an t-\u00e1dh a bhaineann leis an uimhir 9, a l\u00e9ir\u00edtear i grafaic\u00ed br\u00edomhara agus mais\u00edochta\u00ed fuaime tumtha. Gn\u00e9ithe an cluiche siombail\u00ed caighde\u00e1nacha, siombail\u00ed speisialta, agus sraith de bhabhta\u00ed b\u00f3nais, gach ceann acu ag tairiscint leibh\u00e9il \u00e9ags\u00fala luach saothair. Tugann na Wilds and Scatters isteach gameplay tarraingteach, agus t\u00e1 an ghn\u00e9 uath\u00fail &#8216;9 Boinn&#8217; mar gheata chuig payouts substainti\u00fala.<\/p>\n<p><img loading=\"lazy\" decoding=\"async\" class=\"aligncenter size-full wp-image-4032\" src=\"https:\/\/rocketplay-game.com\/wp-content\/uploads\/2023\/08\/9coinsgrandgoldeditionslot.png\" alt=\"Unveiling the Wealth of 9 Coins Slot 1\" width=\"995\" height=\"523\" srcset=\"https:\/\/rocketplay-game.com\/wp-content\/uploads\/2023\/08\/9coinsgrandgoldeditionslot.png 995w, https:\/\/rocketplay-game.com\/wp-content\/uploads\/2023\/08\/9coinsgrandgoldeditionslot-300x158.png 300w, https:\/\/rocketplay-game.com\/wp-content\/uploads\/2023\/08\/9coinsgrandgoldeditionslot-768x404.png 768w\" sizes=\"auto, (max-width: 995px) 100vw, 995px\" \/><\/p>\n<h2>Ini\u00fachadh ar an Taispe\u00e1ntas Sliot\u00e1n 9 Boinn<\/h2>\n<p>Sol\u00e1thra\u00edonn an taispe\u00e1ntas sliot\u00e1n 9 Boinn ard\u00e1n den scoth le haghaidh imreoir\u00ed nua. Ligeann s\u00e9 d\u00f3ibh meicnic an chluiche a thuiscint, a ghn\u00e9ithe a fhiosr\u00fa, agus strait\u00e9is\u00ed f\u00e9ideartha a cheapadh gan f\u00edor-airgead a chur i mbaol. D\u00e9anann an taispe\u00e1ntas a mhacasamhl\u00fa sult an chluiche iarbh\u00edr ach cuireann s\u00e9 an bunt\u00e1iste a bhaint as cleachtas saor \u00f3 riosca.<\/p>\n<h2>Buaite M\u00f3r le 9 Boinn Spins Saor in Aisce san Astr\u00e1il<\/h2>\n<p>T\u00e1 spins saor in aisce mar chuid shuntasach de na 9 spins saor in aisce san Astr\u00e1il, go h\u00e1irithe tarraingteach d\u2019imreoir\u00ed na hAstr\u00e1ile. N\u00ed hamh\u00e1in go gcuireann siad le spleodar an chluiche ach oscla\u00edonn siad beala\u00ed le haghaidh buaite n\u00edos m\u00f3. Spreagtha ag comhcheangail siombail\u00ed ar leith, is f\u00e9idir leis na spins saor in aisce 9 Boinn seo teacht le iolraitheoir\u00ed uaireanta, ag m\u00e9ad\u00fa do chuid buaite go heasp\u00f3nant\u00fail.<\/p>\n<h2>Cur leis an gCluiche le 9 mBonn Spins Saor in Aisce san Astr\u00e1il<\/h2>\n<p>Is c\u00fais mh\u00f3r \u00e1thais \u00e9 an fh\u00e9idearthacht sraith buaite a bhualadh le linn spins saor in aisce 9 Boinn. T\u00e1 imreoir\u00ed ag fanacht leis na chuimhneach\u00e1in speisialta seo le s\u00fail agus is f\u00e9idir leo c\u00farsa an chluiche a athr\u00fa go suntasach. Is ionchas mealltach \u00e9 an fh\u00e9idearthacht n\u00edos m\u00f3 luach saothair a bhaili\u00fa gan airgead breise a ghealladh.<\/p>\n<p>Ina theannta sin, is minic a bh\u00edonn beochan agus mais\u00edochta\u00ed fuaime n\u00edos casta i gceist le spins saor in aisce, ag cur leis an taith\u00ed cluich\u00edochta ioml\u00e1n. D\u00e9anann na gn\u00e9ithe seo an seisi\u00fan spins saor in aisce n\u00ed hamh\u00e1in n\u00edos brab\u00fasa\u00ed ach freisin n\u00edos taitneamha\u00ed.<\/p>\n<p>Is fi\u00fa a thabhairt faoi deara freisin go dtugann spins saor in aisce deis d\u2019imreoir\u00ed dinimic an chluiche a ini\u00fachadh agus a mheicnic a thuiscint n\u00edos fearr gan a n-iarmh\u00e9id a chur i mbaol. D&#8217;fh\u00e9adfadh geallt\u00f3ireacht n\u00edos strait\u00e9is\u00ed agus n\u00edos eolasa\u00ed a bheith mar thoradh ar an gcleachtas seo agus t\u00fa ag imirt le f\u00edor-airgead. Go bun\u00fasach, cuireann na spins saor in aisce 9 Boinn measc\u00e1n cuimsitheach de sult, foghlaim, agus buaiteanna f\u00e9ideartha ar f\u00e1il, rud a fh\u00e1gann gur cuid l\u00e1rnach iad den taith\u00ed cluich\u00edochta san Astr\u00e1il.<\/p>\n<p><img loading=\"lazy\" decoding=\"async\" class=\"aligncenter size-full wp-image-4022\" src=\"https:\/\/rocketplay-game.com\/wp-content\/uploads\/2023\/08\/55.png\" alt=\"Unveiling the Wealth of 9 Coins Slot 2\" width=\"709\" height=\"376\" srcset=\"https:\/\/rocketplay-game.com\/wp-content\/uploads\/2023\/08\/55.png 709w, https:\/\/rocketplay-game.com\/wp-content\/uploads\/2023\/08\/55-300x159.png 300w\" sizes=\"auto, (max-width: 709px) 100vw, 709px\" \/><\/p>\n<h2>Bhuaigh Real Airgead le 9 Boinn Pokies<\/h2>\n<p>Nuair a dh\u00e9antar 9 Boinn a imirt ar airgead f\u00edor, t\u00f3gtar an spleodar go dt\u00ed an ch\u00e9ad leibh\u00e9al eile. T\u00e1 an raon geallt\u00f3ireachta leathan, ag freastal ar imreoir\u00ed le buis\u00e9id \u00e9ags\u00fala. Leis an strait\u00e9is cheart agus le beag\u00e1n de luck, is f\u00e9idir le himreoir\u00ed a thabhairt i gcr\u00edch payouts suntasacha, a dh\u00e9anamh 9 Boinn pokies rogha tuar d\u00f3chais inti d\u00f3ibh si\u00fad at\u00e1 ag lorg siamsa\u00edochta Casino f\u00edor-airgead.<\/p>\n<p>Go hachomair, cuireann sliot\u00e1n 9 Boinn eisp\u00e9ireas cearrbhachais mealltach ar f\u00e1il le luach saothair ionchasach. Cib\u00e9 an bhfuil t\u00fa ag baint triail as taispe\u00e1ntas sliot\u00e1n 9 Boinn n\u00f3 ag d\u00edri\u00fa ar bhuanna f\u00edor-airgead 9 Boinn, tabhair faoi thuras iontach ceasa\u00edneo inniu!<\/p>\n","protected":false},"excerpt":{"rendered":"<p>R\u00e9idh le haghaidh turas thrilling isteach i saol an fhort\u00fan? F\u00e1ilte go dt\u00ed an cluiche sliot\u00e1n 9 Boinn. Is cluiche ceasa\u00edneo spreag\u00fail \u00e9 at\u00e1 l\u00e1n de dheiseanna do bhuanna m\u00f3ra. L\u00e9im muid isteach san athbhreithni\u00fa sliot\u00e1n 9 Boinn. An 9 Athbhreithni\u00fa Sliot\u00e1n Boinn Tugann an cluiche sliot\u00e1n 9 Boinn imreoir\u00ed ar thuras spleodrach de sheilg&#8230;<\/p>\n","protected":false},"author":1,"featured_media":0,"parent":1958,"menu_order":0,"comment_status":"closed","ping_status":"closed","template":"page-with-slot.php","meta":{"_acf_changed":false,"_kad_post_transparent":"default","_kad_post_title":"default","_kad_post_layout":"default","_kad_post_sidebar_id":"","_kad_post_content_style":"default","_kad_post_vertical_padding":"default","_kad_post_feature":"","_kad_post_feature_position":"","_kad_post_header":false,"_kad_post_footer":false,"footnotes":""},"class_list":["post-4127","page","type-page","status-publish","hentry"],"acf":[],"rttpg_featured_image_url":null,"rttpg_author":{"display_name":"Tom","author_link":"https:\/\/rocketplay-game.com\/ga\/author\/pemvas95n89x\/"},"rttpg_comment":0,"rttpg_category":null,"rttpg_excerpt":"R\u00e9idh le haghaidh turas thrilling isteach i saol an fhort\u00fan? F\u00e1ilte go dt\u00ed an cluiche sliot\u00e1n 9 Boinn. Is cluiche ceasa\u00edneo spreag\u00fail \u00e9 at\u00e1 l\u00e1n de dheiseanna do bhuanna m\u00f3ra. L\u00e9im muid isteach san athbhreithni\u00fa sliot\u00e1n 9 Boinn. An 9 Athbhreithni\u00fa Sliot\u00e1n Boinn Tugann an cluiche sliot\u00e1n 9 Boinn imreoir\u00ed ar thuras spleodrach de sheilg...","_links":{"self":[{"href":"https:\/\/rocketplay-game.com\/ga\/wp-json\/wp\/v2\/pages\/4127","targetHints":{"allow":["GET"]}}],"collection":[{"href":"https:\/\/rocketplay-game.com\/ga\/wp-json\/wp\/v2\/pages"}],"about":[{"href":"https:\/\/rocketplay-game.com\/ga\/wp-json\/wp\/v2\/types\/page"}],"author":[{"embeddable":true,"href":"https:\/\/rocketplay-game.com\/ga\/wp-json\/wp\/v2\/users\/1"}],"replies":[{"embeddable":true,"href":"https:\/\/rocketplay-game.com\/ga\/wp-json\/wp\/v2\/comments?post=4127"}],"version-history":[{"count":2,"href":"https:\/\/rocketplay-game.com\/ga\/wp-json\/wp\/v2\/pages\/4127\/revisions"}],"predecessor-version":[{"id":4129,"href":"https:\/\/rocketplay-game.com\/ga\/wp-json\/wp\/v2\/pages\/4127\/revisions\/4129"}],"up":[{"embeddable":true,"href":"https:\/\/rocketplay-game.com\/ga\/wp-json\/wp\/v2\/pages\/1958"}],"wp:attachment":[{"href":"https:\/\/rocketplay-game.com\/ga\/wp-json\/wp\/v2\/media?parent=4127"}],"curies":[{"name":"wp","href":"https:\/\/api.w.org\/{rel}","templated":true}]}}