{"id":4161,"date":"2023-08-16T22:53:21","date_gmt":"2023-08-16T19:53:21","guid":{"rendered":"https:\/\/rocketplay-game.com\/slots\/gold-express\/"},"modified":"2023-10-07T14:41:21","modified_gmt":"2023-10-07T11:41:21","slug":"gold-express","status":"publish","type":"page","link":"https:\/\/rocketplay-game.com\/ga\/slots\/gold-express\/","title":{"rendered":"Sliot\u00e1n \u00d3ir Express: Do Thic\u00e9ad chun Lua\u00edochta\u00ed Spreag\u00fail"},"content":{"rendered":"<p>Go l\u00e9ir ar bord an sliot\u00e1n Gold Express! T\u00f3gann an cluiche corraitheach seo t\u00fa ar thuras spreag\u00fail l\u00e1n le h\u00f3r, luach saothair agus fionra\u00ed. An bhfuil t\u00fa r\u00e9idh le sliot\u00e1n Gold Express a imirt agus dul ar an eachtra?<\/p>\n<p><img loading=\"lazy\" decoding=\"async\" class=\"aligncenter wp-image-4043\" src=\"https:\/\/rocketplay-game.com\/wp-content\/uploads\/2023\/08\/ss_ac0a83c944cadc82334d1d686d7159f938da4f90.1920x1080.jpg\" alt=\"Gold Express Slot 1\" width=\"804\" height=\"452\" srcset=\"https:\/\/rocketplay-game.com\/wp-content\/uploads\/2023\/08\/ss_ac0a83c944cadc82334d1d686d7159f938da4f90.1920x1080.jpg 1280w, https:\/\/rocketplay-game.com\/wp-content\/uploads\/2023\/08\/ss_ac0a83c944cadc82334d1d686d7159f938da4f90.1920x1080-300x169.jpg 300w, https:\/\/rocketplay-game.com\/wp-content\/uploads\/2023\/08\/ss_ac0a83c944cadc82334d1d686d7159f938da4f90.1920x1080-1024x576.jpg 1024w, https:\/\/rocketplay-game.com\/wp-content\/uploads\/2023\/08\/ss_ac0a83c944cadc82334d1d686d7159f938da4f90.1920x1080-768x432.jpg 768w\" sizes=\"auto, (max-width: 804px) 100vw, 804px\" \/><\/p>\n<h2>Ag imirt an sliot\u00e1n Express Gold<\/h2>\n<p>Chun sliot\u00e1n Gold Express a imirt, n\u00ed m\u00f3r duit a rialacha a thuiscint. T\u00e1 roinnt siombail\u00ed sa chluiche &#8211; gach ceann acu le luach uath\u00fail. Mar thoradh ar ail\u00edni\u00fa na siombail\u00ed seo thar l\u00ednte p\u00e1. Le gach casadh, m\u00e9ada\u00edonn an sult de r\u00e9ir mar a fh\u00e9achann t\u00fa ar na r\u00edleanna, rud a d&#8217;fh\u00e9adfadh a bheith ina ch\u00fais le h\u00edoca\u00edocht mh\u00f3r.<\/p>\n<h2>Ag baint taitnimh as Gold Express saor in aisce<\/h2>\n<p>Sula n -imr\u00edonn t\u00fa le f\u00edor -airgead, smaoinigh ar an Gold Gold Express a thriail. Tugann an leagan taispe\u00e1na seo an spleodar c\u00e9anna gan aon riosca airgeadais. Is bealach iontach \u00e9 chun t\u00fa f\u00e9in a chur ar an eolas faoin gcluiche agus strait\u00e9is bhuaiteach a fhorbairt. Nuair a bhraitheann t\u00fa compordach, is f\u00e9idir leat sliot\u00e1n Gold Express a imirt ar\u00eds, an uair seo le f\u00edor -airgead le haghaidh luach saothair f\u00edor.<\/p>\n<h2>Feabhas a chur ar thaith\u00ed le Gold Express saor in aisce<\/h2>\n<p>Is \u00e9 an \u00e1illeacht a bhaineann le Gold Express a chumas f\u00edor -bhraistint a shol\u00e1thar ar an gcluiche. Tr\u00edd an timpeallacht f\u00edor -chluiche a mhacasamhl\u00fa, tugann s\u00e9 blas duit ar an gameplay iarbh\u00edr, na grafaic\u00ed agus na gn\u00e9ithe b\u00f3nais. T\u00e1 an -\u00e1thas ar na teaglama\u00ed buaiteacha a bhualadh mar an gc\u00e9anna, c\u00e9 nach bhfuil t\u00fa ag d\u00e9anamh f\u00edor -airgid.<\/p>\n<p>Ina theannta sin, ceada\u00edonn an leagan saor in aisce duit meast\u00f3ireacht a dh\u00e9anamh ar luaineacht agus patr\u00fain \u00edoca\u00edochta an chluiche. Is f\u00e9idir leis an l\u00e9argas seo a bheith r\u00edth\u00e1bhachtach nuair a aistr\u00edonn t\u00fa go s\u00fagradh le f\u00edor -airgead, ag cuidi\u00fa leat cinnt\u00ed eolasacha a dh\u00e9anamh faoi do mh\u00e9id agus do mhinic\u00edocht geallt\u00f3ireachta.<\/p>\n<p>Mar fhocal scoir, feidhm\u00edonn an Free Gold Express mar ghn\u00edomha\u00edocht siams\u00fail d\u00f3ibh si\u00fad a bhfuil gr\u00e1 acu do th\u00e9ama agus grafaic\u00ed an chluiche. D\u00e1 bhr\u00ed sin, cib\u00e9 an bhfuil t\u00fa ag iarraidh do strait\u00e9is\u00ed a chleachtadh, tuiscint a fh\u00e1il ar na meicneoir\u00ed cluiche, n\u00f3 d\u00edreach taitneamh a bhaint as taith\u00ed chearrbhachais saor \u00f3 riosca, seasann saor in aisce Gold Express mar phointe tosaigh iontach.<\/p>\n<h2>B\u00f3nas an \u00d3ir Express a scaoileadh<\/h2>\n<p>Cuims\u00edonn an sliot\u00e1n Gold Express gn\u00e9 b\u00f3nais Gold Express freisin. T\u00e1 an ghn\u00e9 spreag\u00fail seo spreagtha ag teaglaim shiombail\u00ed ar leith, rud a thugann l\u00e1mhaigh duit ag buachan n\u00edos m\u00f3 f\u00f3s. M\u00e9ada\u00edonn an babhta b\u00f3nais an sult, rud a fh\u00e1gann go bhfuil an turas Gold Express thar a bheith spreag\u00fail<\/p>\n<h2>Athbhreithni\u00fa Sliot\u00e1n \u00d3ir Express<\/h2>\n<p>Cuireann an t -athraitheach sliot\u00e1n Gold Express ciseal eile spleodar leis an gcluiche. T\u00e1 gn\u00e9ithe breise sa leagan seo, rud a chrutha\u00edonn n\u00edos m\u00f3 beala\u00ed le buachan. Leis an gameplay tarraingteach, na grafaic\u00ed tumtha, agus na h\u00e9ifeachta\u00ed fuaime fionra\u00ed, l\u00e9ir\u00edonn an t -athbhreithni\u00fa sliot\u00e1n \u00d3ir Express taith\u00ed chearrbhachais.<\/p>\n<p><img loading=\"lazy\" decoding=\"async\" class=\"aligncenter wp-image-4052\" src=\"https:\/\/rocketplay-game.com\/wp-content\/uploads\/2023\/08\/image.jpg\" alt=\"Gold Express Slot 2\" width=\"802\" height=\"451\" srcset=\"https:\/\/rocketplay-game.com\/wp-content\/uploads\/2023\/08\/image.jpg 1920w, https:\/\/rocketplay-game.com\/wp-content\/uploads\/2023\/08\/image-300x169.jpg 300w, https:\/\/rocketplay-game.com\/wp-content\/uploads\/2023\/08\/image-1024x576.jpg 1024w, https:\/\/rocketplay-game.com\/wp-content\/uploads\/2023\/08\/image-768x432.jpg 768w, https:\/\/rocketplay-game.com\/wp-content\/uploads\/2023\/08\/image-1536x864.jpg 1536w\" sizes=\"auto, (max-width: 802px) 100vw, 802px\" \/><\/p>\n<h2>Conas Sliot\u00e1n Express Gold a bhuachan<\/h2>\n<p>Conas Sliot\u00e1n Express Gold a bhuachan? \u00c9il\u00edonn an buachan measc\u00e1n de strait\u00e9is agus \u00e1dh. M\u00e1 thuigeann t\u00fa siombail\u00ed an chluiche, geallt\u00f3ireacht go strait\u00e9iseach, agus leas a bhaint as an ngn\u00e9 b\u00f3nais is f\u00e9idir leis an seans a bheith agat bua a mh\u00e9ad\u00fa.<\/p>\n<p>Is \u00e9ard at\u00e1 i gceist le buachan ar an sliot\u00e1n Express Gold n\u00e1 n\u00edos m\u00f3 n\u00e1 an cnaipe casadh a bhualadh. Chun do chumas buaiteach a uasmh\u00e9ad\u00fa, tabhair aird ar shiombail\u00ed an chluiche agus ar a luachanna. T\u00e1 luach saothair n\u00edos airde ag cuid de na siombail\u00ed n\u00e1 a ch\u00e9ile, mar sin is f\u00e9idir difr\u00edocht a dh\u00e9anamh le s\u00fail a choinne\u00e1il orthu. Ina theannta sin, t\u00e1 r\u00f3l r\u00edth\u00e1bhachtach ag geallt\u00f3ireacht strait\u00e9iseach. Coigeartaigh do mh\u00e9id geall de r\u00e9ir do bhuis\u00e9id agus luaineacht an chluiche, ag ligean duit an leas is fearr a bhaint as gach casadh.<\/p>\n<p>Is gn\u00e9 cluiche \u00e9 an ghn\u00e9 B\u00f3nas \u00d3ir Express. Nuair a spreagann s\u00e9, t\u00e1 deis agat buachan suntasach a bhaili\u00fa. Bain tairbhe ioml\u00e1n as an ngn\u00e9 seo tr\u00ed thuiscint a fh\u00e1il ar an d\u00f3igh a n -oibr\u00edonn s\u00e9 agus cad iad na siombail\u00ed a ghn\u00edomha\u00edonn \u00e9. D\u00e1 mh\u00e9ad a th\u00e9ann t\u00fa i ngleic leis an mbabhta b\u00f3nais speisialta, is ea is m\u00f3 a bheidh t\u00fa ag si\u00fal amach le duaiseanna suntasacha.<\/p>\n<p>Thairis sin, t\u00e1 comhsheasmhacht r\u00edth\u00e1bhachtach. Is f\u00e9idir le tortha\u00ed n\u00edos fearr a bheith mar thoradh ar an othar agus an cluiche a imirt go comhsheasmhach san fhadt\u00e9arma. Cuimhnigh, c\u00e9 gur eisp\u00e9ireas corraitheach \u00e9 Gold Express, ba ch\u00f3ir go mbeadh s\u00e9 mar an sprioc deiridh ag imirt go freagrach agus ag baint taitnimh as an gcluiche d\u00e1 luach siamsa\u00edochta. Glacadh leis an eachtra, coinnigh s\u00fail ar do bhuis\u00e9ad, agus lig don sliot\u00e1n Gold Express t\u00fa a thabhairt ar thuras at\u00e1 l\u00e1n le spleodar agus deiseanna le haghaidh buanna m\u00f3ra.<\/p>\n<p>Geallann an sliot\u00e1n saor in aisce Gold Express eachtra at\u00e1 l\u00e1n le fionra\u00ed, le sult, agus le luach saothair f\u00e9ideartha. T\u00e9igh ar bord agus t\u00e9igh ar an turas spreag\u00fail seo inniu!<\/p>\n","protected":false},"excerpt":{"rendered":"<p>Go l\u00e9ir ar bord an sliot\u00e1n Gold Express! T\u00f3gann an cluiche corraitheach seo t\u00fa ar thuras spreag\u00fail l\u00e1n le h\u00f3r, luach saothair agus fionra\u00ed. An bhfuil t\u00fa r\u00e9idh le sliot\u00e1n Gold Express a imirt agus dul ar an eachtra? Ag imirt an sliot\u00e1n Express Gold Chun sliot\u00e1n Gold Express a imirt, n\u00ed m\u00f3r duit a&#8230;<\/p>\n","protected":false},"author":1,"featured_media":0,"parent":1958,"menu_order":0,"comment_status":"closed","ping_status":"closed","template":"page-with-slot.php","meta":{"_acf_changed":false,"_kad_post_transparent":"default","_kad_post_title":"default","_kad_post_layout":"default","_kad_post_sidebar_id":"","_kad_post_content_style":"default","_kad_post_vertical_padding":"default","_kad_post_feature":"","_kad_post_feature_position":"","_kad_post_header":false,"_kad_post_footer":false,"footnotes":""},"class_list":["post-4161","page","type-page","status-publish","hentry"],"acf":[],"rttpg_featured_image_url":null,"rttpg_author":{"display_name":"Tom","author_link":"https:\/\/rocketplay-game.com\/ga\/author\/pemvas95n89x\/"},"rttpg_comment":0,"rttpg_category":null,"rttpg_excerpt":"Go l\u00e9ir ar bord an sliot\u00e1n Gold Express! T\u00f3gann an cluiche corraitheach seo t\u00fa ar thuras spreag\u00fail l\u00e1n le h\u00f3r, luach saothair agus fionra\u00ed. An bhfuil t\u00fa r\u00e9idh le sliot\u00e1n Gold Express a imirt agus dul ar an eachtra? Ag imirt an sliot\u00e1n Express Gold Chun sliot\u00e1n Gold Express a imirt, n\u00ed m\u00f3r duit a...","_links":{"self":[{"href":"https:\/\/rocketplay-game.com\/ga\/wp-json\/wp\/v2\/pages\/4161","targetHints":{"allow":["GET"]}}],"collection":[{"href":"https:\/\/rocketplay-game.com\/ga\/wp-json\/wp\/v2\/pages"}],"about":[{"href":"https:\/\/rocketplay-game.com\/ga\/wp-json\/wp\/v2\/types\/page"}],"author":[{"embeddable":true,"href":"https:\/\/rocketplay-game.com\/ga\/wp-json\/wp\/v2\/users\/1"}],"replies":[{"embeddable":true,"href":"https:\/\/rocketplay-game.com\/ga\/wp-json\/wp\/v2\/comments?post=4161"}],"version-history":[{"count":2,"href":"https:\/\/rocketplay-game.com\/ga\/wp-json\/wp\/v2\/pages\/4161\/revisions"}],"predecessor-version":[{"id":4163,"href":"https:\/\/rocketplay-game.com\/ga\/wp-json\/wp\/v2\/pages\/4161\/revisions\/4163"}],"up":[{"embeddable":true,"href":"https:\/\/rocketplay-game.com\/ga\/wp-json\/wp\/v2\/pages\/1958"}],"wp:attachment":[{"href":"https:\/\/rocketplay-game.com\/ga\/wp-json\/wp\/v2\/media?parent=4161"}],"curies":[{"name":"wp","href":"https:\/\/api.w.org\/{rel}","templated":true}]}}