{"id":4193,"date":"2023-08-16T22:57:54","date_gmt":"2023-08-16T19:57:54","guid":{"rendered":"https:\/\/rocketplay-game.com\/slots\/monkey-king\/"},"modified":"2023-10-07T16:07:58","modified_gmt":"2023-10-07T13:07:58","slug":"monkey-king","status":"publish","type":"page","link":"https:\/\/rocketplay-game.com\/ga\/slots\/monkey-king\/","title":{"rendered":"Sliot\u00e1n R\u00ed Monca\u00ed: Dul ar Thuras Cearrbhachais Finsc\u00e9alach"},"content":{"rendered":"<p>C\u00e9im isteach i saol iontach an chluiche sliot\u00e1n Monkey King. T\u00e9igh ar thuras spreag\u00fail le sliot\u00e1n Monkey King, l\u00edonta le cr\u00e9at\u00fair mhiotasacha, amhairc iontacha, agus neart deiseanna le haghaidh buaite m\u00f3ra. L\u00e9imimis isteach san eachtra seo!<\/p>\n<p><img loading=\"lazy\" decoding=\"async\" class=\"aligncenter size-full wp-image-4071\" src=\"https:\/\/rocketplay-game.com\/wp-content\/uploads\/2023\/08\/immortal-monkey-king.jpg\" alt=\"Monkey King Slot 1\" width=\"838\" height=\"501\" srcset=\"https:\/\/rocketplay-game.com\/wp-content\/uploads\/2023\/08\/immortal-monkey-king.jpg 838w, https:\/\/rocketplay-game.com\/wp-content\/uploads\/2023\/08\/immortal-monkey-king-300x179.jpg 300w, https:\/\/rocketplay-game.com\/wp-content\/uploads\/2023\/08\/immortal-monkey-king-768x459.jpg 768w\" sizes=\"auto, (max-width: 838px) 100vw, 838px\" \/><\/p>\n<h2>Ini\u00fachadh a dh\u00e9anamh ar an sliot\u00e1n r\u00ed monca\u00ed<\/h2>\n<p>T\u00e1 sliot\u00e1n an Monkey King ina sh\u00e1rshaothar cearrbhachais. T\u00e1 a th\u00e9ama d\u00edrithe ar an Monkey King, carachtar gaisce at\u00e1 l\u00e1n de chleasanna agus misneach. T\u00e1 grafaic\u00ed amhairc n\u00e9al amhairc i Meais\u00edn Sliot\u00e1n Monkey King a iompra\u00edonn t\u00fa isteach i r\u00e9imse de mhiotaseola\u00edocht na S\u00edne, ag cruth\u00fa taith\u00ed cearrbhachais tumtha.<\/p>\n<h2>An Meais\u00edn Sliot\u00e1n R\u00ed Monca\u00ed a nochtadh<\/h2>\n<p>T\u00e1 tuiscint ar an meais\u00edn sliot\u00e1n monca\u00ed King r\u00edth\u00e1bhachtach do thuras cearrbhachais torth\u00fail. T\u00e1 na meicneoir\u00ed cluiche simpl\u00ed. Spin na r\u00edleanna, ail\u00edni\u00fa siombail\u00ed thar l\u00ednte p\u00e1, agus \u00e9iligh do bhuanna. T\u00e1 luach uath\u00fail ag gach siombail, ag cur le h\u00edoca\u00edochta\u00ed a d&#8217;fh\u00e9adfadh a bheith ann a chuireann imeall corraitheach le gach casadh.<\/p>\n<h2>Ag fulaingt an sliot\u00e1n r\u00ed monca\u00ed legendary<\/h2>\n<p>N\u00ed cluiche amh\u00e1in \u00e9 an sliot\u00e1n monca\u00ed legendary, is eisp\u00e9ireas legendary \u00e9. Cuireann na gn\u00e9ithe speisialta, lena n -\u00e1ir\u00edtear fi\u00e1in, scaipthe, agus babhta\u00ed b\u00f3nais, go l\u00e9ir le hachomharc an chluiche. N\u00ed hamh\u00e1in go m\u00e9ada\u00edonn na gn\u00e9ithe seo an spraoi ach m\u00e9ada\u00edonn t\u00fa do sheans le haghaidh duaiseanna m\u00f3ra, rud a fh\u00e1gann gur fiontar spreag\u00fail \u00e9 gach casadh.<\/p>\n<p><img loading=\"lazy\" decoding=\"async\" class=\"aligncenter wp-image-4062\" src=\"https:\/\/rocketplay-game.com\/wp-content\/uploads\/2023\/08\/3d6e15130241983.617bac5551b33.png\" alt=\"Monkey King Slot 2\" width=\"799\" height=\"465\" srcset=\"https:\/\/rocketplay-game.com\/wp-content\/uploads\/2023\/08\/3d6e15130241983.617bac5551b33.png 1200w, https:\/\/rocketplay-game.com\/wp-content\/uploads\/2023\/08\/3d6e15130241983.617bac5551b33-300x175.png 300w, https:\/\/rocketplay-game.com\/wp-content\/uploads\/2023\/08\/3d6e15130241983.617bac5551b33-1024x596.png 1024w, https:\/\/rocketplay-game.com\/wp-content\/uploads\/2023\/08\/3d6e15130241983.617bac5551b33-768x447.png 768w\" sizes=\"auto, (max-width: 799px) 100vw, 799px\" \/><\/p>\n<h2>Leideanna maidir le sliot\u00e1n monca\u00ed a imirt<\/h2>\n<p>Ag f\u00e9achaint do roinnt leideanna sliot\u00e1n monca\u00ed r\u00ed? \u00c9il\u00edonn uasmh\u00e9ad\u00fa a dh\u00e9anamh ar do chuid buanna ar shliot\u00e1n Monkey King strait\u00e9is\u00ed cliste. Tabhair aird gh\u00e9ar ar ghn\u00e9ithe speisialta an chluiche agus foghlaim conas iad a ghn\u00edomhacht\u00fa. Coigeartaigh do mh\u00e9ideanna geall de r\u00e9ir do bhuis\u00e9id, agus b\u00ed ag faire amach do shiombail\u00ed ardluacha. Cuimhnigh, is \u00e9ard at\u00e1 i gceist le foighne agus comhsheasmhacht n\u00e1 eochracha do rath sliot\u00e1n.<\/p>\n<p>Nuair a bh\u00edonn t\u00fa ag dul isteach i saol corraitheach sliot\u00e1n an Monca\u00ed King, t\u00e1 roinnt leideanna ann a fh\u00e9adann do sheans ratha a threisi\u00fa. Ar an gc\u00e9ad dul s\u00edos, tabhair eolas duit f\u00e9in ar ghn\u00e9ithe speisialta an chluiche. T\u00e1 an sliot\u00e1n Monkey King l\u00edonta le b\u00f3nais spreag\u00fala, mar shampla fi\u00e1in, scaipthe, agus babhta\u00ed b\u00f3nais. M\u00e1 thuigeann t\u00fa an d\u00f3igh a n -oibr\u00edonn na gn\u00e9ithe seo agus conas iad a spreagadh is f\u00e9idir \u00edoca\u00edochta\u00ed n\u00edos suntasa\u00ed agus taith\u00ed cearrbhachais n\u00edos taitneamha\u00ed a bheith mar thoradh orthu.<\/p>\n<p>Leid luachmhar eile is ea do chuid geallta a bhainisti\u00fa go cr\u00edonna. Smaoinigh ar do bhuis\u00e9ad sula dtosa\u00edonn t\u00fa ag s\u00fagradh agus ag coigeart\u00fa do mh\u00e9ideanna geall d\u00e1 r\u00e9ir. Cinnt\u00edonn imirt laistigh de do mhodhanna airgeadais gur f\u00e9idir leat taitneamh a bhaint as an gcluiche ar feadh tr\u00e9imhse fhada gan n\u00edos m\u00f3 a chur i mbaol n\u00e1 mar is f\u00e9idir leat a thabhairt.<\/p>\n<p>Coinnigh s\u00fail ar an Iolar le haghaidh siombail\u00ed ardluacha, mar is f\u00e9idir leo buanna n\u00edos substainti\u00fala a bheith mar thoradh orthu. T\u00e1 \u00edoca\u00edochta\u00ed n\u00edos airde ag siombail\u00ed cos\u00fail leis an Monkey King f\u00e9in agus m\u00edreanna miotasacha eile, rud a fh\u00e1gann go bhfuil siad thar a bheith s\u00e1s\u00fail nuair a bh\u00edonn siad ar na r\u00edleanna.<\/p>\n<p>Thairis sin, is tr\u00e9ithe riachtanacha iad foighne agus comhsheasmhacht do chearrbhachas sliot\u00e1n rath\u00fail. B&#8217;fh\u00e9idir nach dtiocfaidh gach casadh chun cinn, ach is f\u00e9idir le clo\u00ed le do strait\u00e9is agus le h -othar at\u00e1 f\u00e1gtha \u00edoc as san fhadt\u00e9arma. Cuimhnigh go bhfuil cluich\u00ed sliot\u00e1n bunaithe go pr\u00edomha ar luck, mar sin bain sult as an turas agus an spleodar a thugann an sliot\u00e1n monca\u00ed King.<\/p>\n<p>Ar deireadh, b\u00ed cinnte go n -imr\u00edonn t\u00fa go freagrach agus go leagfaidh t\u00fa teorainn le do sheisi\u00fain chearrbhachais. Ba ch\u00f3ir go mbeadh cearrbhachas ina fhoirm taitneamhach siamsa\u00edochta, agus cinnt\u00edonn teorainneacha a leagan s\u00edos go bhfuil s\u00e9 f\u00f3s ina ghn\u00edomha\u00edocht spra\u00ed\u00fail gan tionchar a imirt ar ghn\u00e9ithe eile de do shaol.<\/p>\n<p>Tr\u00ed na leideanna seo a lean\u00faint, is f\u00e9idir leat dul ar eachtra iontach leis an Monkey King agus do sheans go dtiocfaidh t\u00fa i dt\u00edr ar an mbealach. Spinning sona!<\/p>\n<p>Tugann an cluiche sliot\u00e1n Monkey King measc\u00e1n eisceacht\u00fail de spraoi agus de dheiseanna. Crutha\u00edonn a chomh\u00e9adan amhairc iontach, t\u00e9ama spreag\u00fail, agus gn\u00e9ithe a d&#8217;fh\u00e9adfadh a bheith luachmhar taith\u00ed ar fi\u00fa iad a thos\u00fa. Mar sin, ullmhaigh t\u00fa f\u00e9in le haghaidh turas eipici\u00fail agus casadh r\u00edleanna sliot\u00e1n an R\u00ed Monca\u00ed inniu!<\/p>\n","protected":false},"excerpt":{"rendered":"<p>C\u00e9im isteach i saol iontach an chluiche sliot\u00e1n Monkey King. T\u00e9igh ar thuras spreag\u00fail le sliot\u00e1n Monkey King, l\u00edonta le cr\u00e9at\u00fair mhiotasacha, amhairc iontacha, agus neart deiseanna le haghaidh buaite m\u00f3ra. L\u00e9imimis isteach san eachtra seo! Ini\u00fachadh a dh\u00e9anamh ar an sliot\u00e1n r\u00ed monca\u00ed T\u00e1 sliot\u00e1n an Monkey King ina sh\u00e1rshaothar cearrbhachais. T\u00e1 a th\u00e9ama&#8230;<\/p>\n","protected":false},"author":1,"featured_media":0,"parent":1958,"menu_order":0,"comment_status":"closed","ping_status":"closed","template":"page-with-slot.php","meta":{"_acf_changed":false,"_kad_post_transparent":"default","_kad_post_title":"default","_kad_post_layout":"default","_kad_post_sidebar_id":"","_kad_post_content_style":"default","_kad_post_vertical_padding":"default","_kad_post_feature":"","_kad_post_feature_position":"","_kad_post_header":false,"_kad_post_footer":false,"footnotes":""},"class_list":["post-4193","page","type-page","status-publish","hentry"],"acf":[],"rttpg_featured_image_url":null,"rttpg_author":{"display_name":"Tom","author_link":"https:\/\/rocketplay-game.com\/ga\/author\/pemvas95n89x\/"},"rttpg_comment":0,"rttpg_category":null,"rttpg_excerpt":"C\u00e9im isteach i saol iontach an chluiche sliot\u00e1n Monkey King. T\u00e9igh ar thuras spreag\u00fail le sliot\u00e1n Monkey King, l\u00edonta le cr\u00e9at\u00fair mhiotasacha, amhairc iontacha, agus neart deiseanna le haghaidh buaite m\u00f3ra. L\u00e9imimis isteach san eachtra seo! Ini\u00fachadh a dh\u00e9anamh ar an sliot\u00e1n r\u00ed monca\u00ed T\u00e1 sliot\u00e1n an Monkey King ina sh\u00e1rshaothar cearrbhachais. T\u00e1 a th\u00e9ama...","_links":{"self":[{"href":"https:\/\/rocketplay-game.com\/ga\/wp-json\/wp\/v2\/pages\/4193","targetHints":{"allow":["GET"]}}],"collection":[{"href":"https:\/\/rocketplay-game.com\/ga\/wp-json\/wp\/v2\/pages"}],"about":[{"href":"https:\/\/rocketplay-game.com\/ga\/wp-json\/wp\/v2\/types\/page"}],"author":[{"embeddable":true,"href":"https:\/\/rocketplay-game.com\/ga\/wp-json\/wp\/v2\/users\/1"}],"replies":[{"embeddable":true,"href":"https:\/\/rocketplay-game.com\/ga\/wp-json\/wp\/v2\/comments?post=4193"}],"version-history":[{"count":2,"href":"https:\/\/rocketplay-game.com\/ga\/wp-json\/wp\/v2\/pages\/4193\/revisions"}],"predecessor-version":[{"id":4195,"href":"https:\/\/rocketplay-game.com\/ga\/wp-json\/wp\/v2\/pages\/4193\/revisions\/4195"}],"up":[{"embeddable":true,"href":"https:\/\/rocketplay-game.com\/ga\/wp-json\/wp\/v2\/pages\/1958"}],"wp:attachment":[{"href":"https:\/\/rocketplay-game.com\/ga\/wp-json\/wp\/v2\/media?parent=4193"}],"curies":[{"name":"wp","href":"https:\/\/api.w.org\/{rel}","templated":true}]}}