{"id":4227,"date":"2023-08-16T22:59:31","date_gmt":"2023-08-16T19:59:31","guid":{"rendered":"https:\/\/rocketplay-game.com\/slots\/lion-gems-hold-and-win\/"},"modified":"2023-10-07T17:39:00","modified_gmt":"2023-10-07T14:39:00","slug":"lion-gems-hold-and-win","status":"publish","type":"page","link":"https:\/\/rocketplay-game.com\/ga\/slots\/lion-gems-hold-and-win\/","title":{"rendered":"Shine Bright le Lion Gems: Coinnigh agus Buaigh Sliot\u00e1n"},"content":{"rendered":"<p>L\u00e9im isteach i saol s\u00fail\u00edneach Lion Gems: Sliot\u00e1n Coinnigh agus Buaigh. Tugann an cluiche seo turas cluich\u00edochta spreag\u00fail d&#8217;imreoir\u00ed at\u00e1 l\u00e1n le luach saothair iontacha. An bhfuil suim agat a bheith ag imirt Lion Gems: Coinnigh agus Buaigh? D\u00e9anaimis ini\u00fachadh ar an se\u00f3 iontach seo.<\/p>\n<p><img loading=\"lazy\" decoding=\"async\" class=\"aligncenter wp-image-4092\" src=\"https:\/\/rocketplay-game.com\/wp-content\/uploads\/2023\/08\/lion-gameplay.jpg\" alt=\"Shine Bright with Lion Gems 1\" width=\"816\" height=\"455\" srcset=\"https:\/\/rocketplay-game.com\/wp-content\/uploads\/2023\/08\/lion-gameplay.jpg 1378w, https:\/\/rocketplay-game.com\/wp-content\/uploads\/2023\/08\/lion-gameplay-300x167.jpg 300w, https:\/\/rocketplay-game.com\/wp-content\/uploads\/2023\/08\/lion-gameplay-1024x571.jpg 1024w, https:\/\/rocketplay-game.com\/wp-content\/uploads\/2023\/08\/lion-gameplay-768x429.jpg 768w\" sizes=\"auto, (max-width: 816px) 100vw, 816px\" \/><\/p>\n<h2>Tuiscint Lion Gems: Coinnigh agus Buaigh Sliot\u00e1n<\/h2>\n<p>Lion Gems: N\u00ed hamh\u00e1in gur cluiche sliot\u00e1n \u00e9 Hold and Win; t\u00e1 s\u00e9 ina eachtra isteach i Cruinne saibhir. Agus \u00e9 suite i gcomhth\u00e9acs Savannah na hAfraice, t\u00e1 dearadh sliot\u00e1n tarraingteach agus tarraingteach \u00f3 thaobh amhairc de ag GEMS leon. Is \u00e9 an gameplay simpl\u00ed, d\u00edrithe ar ail\u00edni\u00fa siombail\u00ed ar paylines chun buaite a chinnti\u00fa.<\/p>\n<h2>Conas a Imirt Lion Gems: Coinnigh agus Buaigh Sliot\u00e1n<\/h2>\n<p>Conas a imr\u00edonn t\u00fa Lion Gems: Sliot\u00e1n Coinnigh agus Buaigh? T\u00e1 s\u00e9 simpl\u00ed. Tosaigh tr\u00ed do mh\u00e9id geall a shocr\u00fa de r\u00e9ir do bhuis\u00e9ad. Ansin, buail an cnaipe casadh agus f\u00e9achaint ar mar a rothla\u00edonn na r\u00edleanna. Is \u00e9 an aidhm at\u00e1 ann n\u00e1 siombail\u00ed meaitse\u00e1la a chur i gcomhr\u00e9ir trasna l\u00ednte p\u00e1. Spreagann siombail\u00ed speisialta b\u00f3nais spreag\u00fala a mh\u00e9ada\u00edonn do chuid buaite.<\/p>\n<h2>Lion Gems: L\u00e9irmheas Coinnigh agus Buaigh<\/h2>\n<p>D\u00e9anaimis tochailt isteach san l\u00e9irmheas Lion Gems: Hold and Win. Is sliot\u00e1n iontach \u00e9 an cluiche seo, pac\u00e1ilte le gn\u00e9ithe uath\u00fala. Cuireann a babhta\u00ed b\u00f3nais, mar an ghn\u00e9 &#8220;Hold and Win&#8221;, sraith bhreise de spleodar leis. Tugann an ghn\u00e9 seo, in \u00e9ineacht le Wilds and Scatters, neart deiseanna d&#8217;imreoir\u00ed le haghaidh \u00edoca\u00edochta\u00ed substainti\u00fala.<\/p>\n<h2>Imeartha Lion Gems: Coinnigh agus Buaigh ar Airgead Real<\/h2>\n<p>Tarla\u00edonn an f\u00edor-sult nuair a imr\u00edonn t\u00fa ar airgead f\u00edor Lion Gems Hold. Crutha\u00edonn s\u00e9 seo an poit\u00e9inseal do lua\u00edochta\u00ed suntasacha. T\u00e1 an cluiche Lion Gems Hold ar f\u00e1il ag go leor ceasa\u00edneonna ar l\u00edne a bhfuil c\u00e1il orthu, gach ceann acu ag cinnti\u00fa eisp\u00e9ireas cearrbhachais sl\u00e1n agus cothrom.<\/p>\n<p>Nuair a thagann s\u00e9 chun Lion Gems a imirt: Coinnigh agus Buaigh ar airgead f\u00edor, sroicheann an spleodar airde nua. Cuireann geallt\u00f3ireacht le f\u00edor-airgead eilimint de sult agus d\u2019ionchas le gach casadh. Le gach guairne\u00e1n de na r\u00edleanna, t\u00e1 an deis agat luach saothair suntasacha a \u00e9ileamh agus taith\u00ed a fh\u00e1il ar fh\u00edorth\u00e1bhacht eachtra Lion Gems.<\/p>\n<p>N\u00edl aon amhras ach go bhfuil an acmhainneacht le haghaidh buaite suntasacha ar cheann de na pr\u00edomh-nithe is d\u00edol sp\u00e9ise do imirt ar airgead f\u00edor. De r\u00e9ir mar a dh\u00e9anann t\u00fa na siombail\u00ed mealltacha a ail\u00edni\u00fa agus na gn\u00e9ithe speisialta a spreagadh, coinn\u00edonn an t-ionchas go mbuailfidh t\u00fa an bua m\u00f3r sin t\u00fa ar imeall do shu\u00edoch\u00e1in. Is eisp\u00e9ireas cro\u00ed\u00fail \u00e9 a d&#8217;fh\u00e9adfadh a bheith mar thoradh ar chuimhneach\u00e1in spreag\u00fala.<\/p>\n<p>Chun timpeallacht cearrbhachas s\u00e1bh\u00e1ilte agus cothrom a chinnti\u00fa, t\u00e1 s\u00e9 r\u00edth\u00e1bhachtach ceasa\u00edneonna ar l\u00edne a bhfuil c\u00e1il orthu a roghn\u00fa le haghaidh do thuras Lion Gems: Hold and Win. Clo\u00edonn ceasa\u00edneonna creidi\u00fanacha le rialach\u00e1in dhian agus cuireann siad ardbhearta sl\u00e1nd\u00e1la i bhfeidhm chun d\u2019idirbhearta airgeadais agus d\u2019fhaisn\u00e9is phearsanta a chosaint. Ar an mbealach seo, is f\u00e9idir leat d\u00edri\u00fa ar an excitement an chluiche gan a bheith buartha faoi sh\u00e1bh\u00e1ilteacht do chist\u00ed.<\/p>\n<p><img loading=\"lazy\" decoding=\"async\" class=\"aligncenter wp-image-4083\" src=\"https:\/\/rocketplay-game.com\/wp-content\/uploads\/2023\/08\/44.png\" alt=\"Shine Bright with Lion Gems 2\" width=\"806\" height=\"601\" srcset=\"https:\/\/rocketplay-game.com\/wp-content\/uploads\/2023\/08\/44.png 825w, https:\/\/rocketplay-game.com\/wp-content\/uploads\/2023\/08\/44-300x224.png 300w, https:\/\/rocketplay-game.com\/wp-content\/uploads\/2023\/08\/44-768x573.png 768w\" sizes=\"auto, (max-width: 806px) 100vw, 806px\" \/><\/p>\n<p>Tugann go leor ceasa\u00edneonna ar l\u00edne creidi\u00fanacha b\u00f3nais agus cur chun cinn mealltach d\u2019imreoir\u00ed a bhaineann taitneamh as Lion Gems: Hold and Win le f\u00edor-airgead. Is f\u00e9idir leis na b\u00f3nais seo cur le do thaith\u00ed cluich\u00edochta agus deiseanna breise a shol\u00e1thar duit chun bua a fh\u00e1il.<\/p>\n<p>Mar sin f\u00e9in, t\u00e1 s\u00e9 r\u00edth\u00e1bhachtach cur chuige freagrach a choinne\u00e1il agus t\u00fa ag imirt ar airgead f\u00edor. Socraigh buis\u00e9ad roimh do sheisi\u00fan cearrbhachais a thos\u00fa, agus clo\u00ed leis. Cuimhnigh gur cheart breathn\u00fa ar chearrbhachas i gc\u00f3na\u00ed mar shiamsa\u00edocht, agus gur cuid den eisp\u00e9ireas iad na caillteanais. Ba ch\u00f3ir go mbeadh an t-\u00e1thas a bhaineann le himirt an chluiche agus sult an oirchill mar phr\u00edomhfh\u00f3cas.<\/p>\n<p>Mar sin, m\u00e1 t\u00e1 t\u00fa r\u00e9idh le dul isteach i ndomhan glioscarnach Lion Gems: Coinnigh agus Buaigh agus fiosraigh an acmhainneacht le haghaidh lua\u00edochta\u00ed suntasacha, t\u00e9igh isteach i gceasa\u00edneonna creidi\u00fanacha ar l\u00edne agus scaoil an spleodar inniu! Go mbeadh an Lion Gems ar do thaobh agus t\u00fa ag casadh na r\u00edleanna agus t\u00fa ag dul ar th\u00f3ir duaiseanna gliomhara.<\/p>\n<p>Mar fhocal scoir, Lion Gems: Coinnigh agus Win Sliot\u00e1n Is cluiche tarraingteach a geall\u00faint\u00ed turas cluich\u00edochta siamsa\u00edocht agus a d&#8217;fh\u00e9adfadh a bheith s\u00e1s\u00fail. Mar gheall ar a chumasc de ghrafaic\u00ed iontacha, gameplay tarraingteach, agus gn\u00e9ithe spreag\u00fala n\u00ed m\u00f3r iarracht a dh\u00e9anamh d&#8217;aon d\u00edograiseoir cluich\u00ed sliot\u00e1n. C\u00e9im isteach i saol glioscarnach Lion Gems agus t\u00f3g do casadh inniu!<\/p>\n","protected":false},"excerpt":{"rendered":"<p>L\u00e9im isteach i saol s\u00fail\u00edneach Lion Gems: Sliot\u00e1n Coinnigh agus Buaigh. Tugann an cluiche seo turas cluich\u00edochta spreag\u00fail d&#8217;imreoir\u00ed at\u00e1 l\u00e1n le luach saothair iontacha. An bhfuil suim agat a bheith ag imirt Lion Gems: Coinnigh agus Buaigh? D\u00e9anaimis ini\u00fachadh ar an se\u00f3 iontach seo. Tuiscint Lion Gems: Coinnigh agus Buaigh Sliot\u00e1n Lion Gems: N\u00ed&#8230;<\/p>\n","protected":false},"author":1,"featured_media":0,"parent":1958,"menu_order":0,"comment_status":"closed","ping_status":"closed","template":"page-with-slot.php","meta":{"_acf_changed":false,"_kad_post_transparent":"default","_kad_post_title":"default","_kad_post_layout":"default","_kad_post_sidebar_id":"","_kad_post_content_style":"default","_kad_post_vertical_padding":"default","_kad_post_feature":"","_kad_post_feature_position":"","_kad_post_header":false,"_kad_post_footer":false,"footnotes":""},"class_list":["post-4227","page","type-page","status-publish","hentry"],"acf":[],"rttpg_featured_image_url":null,"rttpg_author":{"display_name":"Tom","author_link":"https:\/\/rocketplay-game.com\/ga\/author\/pemvas95n89x\/"},"rttpg_comment":0,"rttpg_category":null,"rttpg_excerpt":"L\u00e9im isteach i saol s\u00fail\u00edneach Lion Gems: Sliot\u00e1n Coinnigh agus Buaigh. Tugann an cluiche seo turas cluich\u00edochta spreag\u00fail d&#8217;imreoir\u00ed at\u00e1 l\u00e1n le luach saothair iontacha. An bhfuil suim agat a bheith ag imirt Lion Gems: Coinnigh agus Buaigh? D\u00e9anaimis ini\u00fachadh ar an se\u00f3 iontach seo. Tuiscint Lion Gems: Coinnigh agus Buaigh Sliot\u00e1n Lion Gems: N\u00ed...","_links":{"self":[{"href":"https:\/\/rocketplay-game.com\/ga\/wp-json\/wp\/v2\/pages\/4227","targetHints":{"allow":["GET"]}}],"collection":[{"href":"https:\/\/rocketplay-game.com\/ga\/wp-json\/wp\/v2\/pages"}],"about":[{"href":"https:\/\/rocketplay-game.com\/ga\/wp-json\/wp\/v2\/types\/page"}],"author":[{"embeddable":true,"href":"https:\/\/rocketplay-game.com\/ga\/wp-json\/wp\/v2\/users\/1"}],"replies":[{"embeddable":true,"href":"https:\/\/rocketplay-game.com\/ga\/wp-json\/wp\/v2\/comments?post=4227"}],"version-history":[{"count":2,"href":"https:\/\/rocketplay-game.com\/ga\/wp-json\/wp\/v2\/pages\/4227\/revisions"}],"predecessor-version":[{"id":4229,"href":"https:\/\/rocketplay-game.com\/ga\/wp-json\/wp\/v2\/pages\/4227\/revisions\/4229"}],"up":[{"embeddable":true,"href":"https:\/\/rocketplay-game.com\/ga\/wp-json\/wp\/v2\/pages\/1958"}],"wp:attachment":[{"href":"https:\/\/rocketplay-game.com\/ga\/wp-json\/wp\/v2\/media?parent=4227"}],"curies":[{"name":"wp","href":"https:\/\/api.w.org\/{rel}","templated":true}]}}