{"id":4293,"date":"2024-01-22T14:49:45","date_gmt":"2024-01-22T11:49:45","guid":{"rendered":"https:\/\/rocketplay-game.com\/about-us\/"},"modified":"2024-01-22T17:16:28","modified_gmt":"2024-01-22T14:16:28","slug":"about-us","status":"publish","type":"page","link":"https:\/\/rocketplay-game.com\/ga\/about-us\/","title":{"rendered":"F\u00fainn"},"content":{"rendered":"<p>F\u00e1ilte go RocketPlay Casino, \u00e1it a gcomhl\u00edonann sult an chearrbhachais spleodar na taisc\u00e9ala\u00edochta sp\u00e1is. Faigh amach cruinne de shiamsa\u00edocht, nu\u00e1la\u00edocht agus luach saothair iontacha agus muid ag ath-shainmh\u00edni\u00fa an eisp\u00e9ireas ceasa\u00edneo ar l\u00edne.<\/p>\n<h2>\u00c1r Misean: An Spraoi sa Chearrbhachas a Lasadh<\/h2>\n<p>Ag RocketPlay Casino, is \u00e9 \u00e1r misean simpl\u00ed: an spraoi sa chearrbhachas a adhaint. T\u00e1 eisp\u00e9ireas lasmuigh den domhan seo tuillte ag gach imreoir, agus t\u00e1 s\u00e9 beartaithe againn ard\u00e1n a chruth\u00fa a th\u00e9ann n\u00edos faide n\u00e1 na ceasa\u00edneonna traidisi\u00fanta ar l\u00edne. Is \u00e9 \u00e1r dtiomantas timpeallacht chearrbhachais tumtha agus spreag\u00fail a shol\u00e1thar a choinn\u00edonn t\u00fa ag filleadh ar feadh n\u00edos m\u00f3.<\/p>\n<h2>An Difr\u00edocht RocketPlay: Nuair a Bhaineann Nu\u00e1la\u00edocht le Siamsa\u00edocht<\/h2>\n<p>Seasann RocketPlay Casino amach \u00f3n slua tr\u00ed nu\u00e1la\u00edocht a chumasc gan uaim le siamsa\u00edocht. T\u00e1imid tar \u00e9is na heilimint\u00ed is fearr \u00f3 cheasa\u00edneonna traidisi\u00fanta a chomhcheangal leis an teicneola\u00edocht cheannr\u00f3da\u00edoch, rud a chruthaigh eachtra cluich\u00edochta gan s\u00e1r\u00fa. Nuair a sheolann t\u00fa isteach in\u00e1r n-ard\u00e1n, tabharfaidh t\u00fa faoi deara an difr\u00edocht &#8211; comh\u00e9adan ar th\u00e9ama an sp\u00e1is a ghlacann cro\u00edl\u00e1r na taisc\u00e9ala\u00edochta agus na fionnachtana.<\/p>\n<h2>R\u00e9altra na gCluich\u00ed: Scaoil an Gamer ionat<\/h2>\n<p>Tabhair faoi thuras tr\u00edd \u00e1r R\u00e9altra ollmh\u00f3r cluich\u00ed, \u00e1it a bhfuil gach casadh, rolla n\u00f3 d\u00e9ile\u00e1il ina eachtra chosma\u00ed. T\u00e1imid tar \u00e9is cnuasach leathan cluich\u00ed a choime\u00e1d chun freastal ar gach blas agus rogha. Cib\u00e9 an bhfuil t\u00fa ag lucht lean\u00fana na sliot\u00e1n clasaiceach, poker, blackjack, n\u00f3 na sliot\u00e1in f\u00edse\u00e1in is d\u00e9ana\u00ed le grafaic\u00ed iontacha, t\u00e1 s\u00e9 ag RocketPlay Casino. Cinnt\u00edonn \u00e1r gcomhph\u00e1irt\u00edochta\u00ed le forbr\u00f3ir\u00ed cluich\u00ed barrleibh\u00e9il leabharlann cearrbhachais at\u00e1 ag athr\u00fa de sh\u00edor agus a choinn\u00edonn suas leis na treochta\u00ed is d\u00e9ana\u00ed.<\/p>\n<h2>Sl\u00e1nd\u00e1il: Do Thearmann S\u00e1bh\u00e1ilte sa R\u00e9altra<\/h2>\n<p>Is \u00ed do shl\u00e1nd\u00e1il \u00e1r bpr\u00edomhthosa\u00edocht ag RocketPlay Casino. Tuigimid an t\u00e1bhacht a bhaineann le timpeallacht chearrbhachais at\u00e1 s\u00e1bh\u00e1ilte agus sl\u00e1n, agus t\u00e1 bearta \u00farscothacha curtha i bhfeidhm againn chun do shonra\u00ed agus idirbhearta a chosaint. \u00das\u00e1ideann \u00e1r n-ard\u00e1n an teicneola\u00edocht criptithe is d\u00e9ana\u00ed, ag sol\u00e1thar tearmainn duit chun ini\u00fachadh a dh\u00e9anamh ar iontais \u00e1r r\u00e9altra cluich\u00edochta gan aon imn\u00ed ort.<\/p>\n<h2>Cearrbhachas Freagrach: Na Cosmos a Loingseoireacht go Freagrach<\/h2>\n<p>T\u00e1 RocketPlay Casino tiomanta do chleachtais cearrbhachais freagracha a chur chun cinn. Creidimid gur cheart taitneamh a bhaint as siamsa\u00edocht go freagrach, agus sol\u00e1thra\u00edmid uirlis\u00ed agus acmhainn\u00ed chun cabhr\u00fa leat smacht a choinne\u00e1il ar do thaith\u00ed cluich\u00edochta. Socraigh teorainneacha, t\u00f3g sosanna, agus d\u00e9an ini\u00fachadh ar \u00e1r ngn\u00e9ithe cearrbhachais freagracha chun a chinnti\u00fa go bhfanann do chuid ama ag RocketPlay ina eisp\u00e9ireas dearfach agus taitneamhach.<\/p>\n<h2>B\u00f3nais agus Arduithe C\u00e9ime: L\u00e1mhach do na R\u00e9alta\u00ed<\/h2>\n<p>Ullmhaigh le haghaidh ard\u00fa c\u00e9ime len\u00e1r b\u00f3nais agus prom\u00f3isin iontacha. Ag RocketPlay Casino, tugaimid luach saothair d\u00e1r n-imreoir\u00ed nuair a th\u00e9ann siad isteach in\u00e1r bpobal cosma\u00ed. Bain sult as b\u00f3nas f\u00e1ilte a sheolann t\u00fa isteach i bhfithis, agus coinnigh s\u00fail amach do phrom\u00f3isin rialta a chuireann breosla breise le do sheisi\u00fain chearrbhachais. Cinnt\u00edonn \u00e1r gcl\u00e1r d\u00edlseachta d\u00e1 mh\u00e9ad a imr\u00edonn t\u00fa, is amhlaidh is m\u00f3 luach saothair a thuilleann t\u00fa &#8211; n\u00ed raibh s\u00e9 chomh tairbheach riamh go n-\u00e9ireodh leat airde nua!<\/p>\n<h2>Taca\u00edocht do Chustaim\u00e9ir\u00ed: D&#8217;Fhoireann Rialaithe Tal\u00fan<\/h2>\n<p>T\u00e1 n\u00edos m\u00f3 i gceist le RocketPlay Casino n\u00e1 ard\u00e1n cearrbhachais; Is muid d&#8217;fhoireann rialaithe tal\u00fan tiomnaithe. T\u00e1 \u00e1r dtaca\u00edocht do chustaim\u00e9ir\u00ed ar f\u00e1il 24\/7, r\u00e9idh chun cabhr\u00fa leat le haon fhiosr\u00fach\u00e1in n\u00f3 imn\u00ed. Cib\u00e9 an taisc\u00e9ala\u00ed sp\u00e1is th\u00fa n\u00f3 an duine n\u00fa\u00edosach don r\u00e9altra cearrbhachais, t\u00e1 \u00e1r bhfoireann taca\u00edochta cairdi\u00fail agus eolach anseo chun a chinnti\u00fa go bhfuil do thaith\u00ed RocketPlay r\u00e9idh agus taitneamhach.<\/p>\n<h2>Cearrbhachas Soghluaiste: An R\u00e9altra i do Ph\u00f3ca<\/h2>\n<p>Faigh taith\u00ed ar RocketPlay Casino ag am ar bith, \u00e1it ar bith, len\u00e1r n-ard\u00e1n cearrbhachais soghluaiste. T\u00e1 an R\u00e9altra i do ph\u00f3ca anois, rud a ligeann duit taitneamh a bhaint as na cluich\u00ed is fearr leat agus t\u00fa ag dul. Cib\u00e9 an bhfuil t\u00fa ag fanacht le seoladh roic\u00e9ad n\u00f3 d\u00edreach ag ligean do sc\u00edth a ligean sa bhaile, cinnt\u00edonn \u00e1r n-ard\u00e1n soghluaiste go bhfuil sceitim\u00edn\u00ed RocketPlay i gc\u00f3na\u00ed laistigh de bhaint amach.<\/p>\n<h2>Pobal: Glac p\u00e1irt sa R\u00e9altra RocketPlay<\/h2>\n<p>T\u00e1 n\u00edos m\u00f3 n\u00e1 ard\u00e1n ag RocketPlay Casino; is pobal de chearrbhachas ar aon intinn \u00e9 a roinneann paisean don taisc\u00e9ala\u00edocht agus don spraoi. D\u00e9an teagmh\u00e1il le comh-imreoir\u00ed, roinn do thaith\u00ed, agus glac p\u00e1irt in imeachta\u00ed pobail a aont\u00f3idh an R\u00e9altra. Ligeann \u00e1r bhf\u00f3raim agus \u00e1r gcain\u00e9al me\u00e1in sh\u00f3isialta duit dul i ngleic le himreoir\u00ed eile, strait\u00e9is\u00ed a roinnt, agus fanacht ar an eolas faoi na himeachta\u00ed is d\u00e9ana\u00ed i Cruinne RocketPlay.<\/p>\n<h2>Seol isteach Todhcha\u00ed na Cearrbhachais le RocketPlay Casino<\/h2>\n<p>I gcosmos ollmh\u00f3r na gcearrbhachas ar l\u00edne, is \u00e9 RocketPlay Casino do thic\u00e9ad do thodhcha\u00ed spleodar, nu\u00e1la\u00edochta agus siamsa\u00edochta gan teorainn. \u00d3n misean at\u00e1 againn an spraoi sa chearrbhachas a adhaint go dt\u00ed \u00e1r dtiomantas do shl\u00e1nd\u00e1il, cearrbhachas freagrach, agus taca\u00edocht do chustaim\u00e9ir\u00ed den scoth &#8211; is \u00e9 is m\u00f3 le RocketPlay n\u00e1 ceasa\u00edneo ar l\u00edne; t\u00e1 s\u00e9 ina eachtra isteach sa anaithnid.<\/p>\n<p>B\u00ed linn ar an turas cosma\u00ed seo, agus le ch\u00e9ile, d\u00e9anaimis teorainneacha an chearrbhachais ar l\u00edne a ath-shainmh\u00edni\u00fa. RocketPlay Casino &#8211; \u00e1it a mbuaileann na cruinne spraoi le sceitim\u00edn\u00ed na taisc\u00e9ala\u00edochta!<\/p>\n","protected":false},"excerpt":{"rendered":"<p>F\u00e1ilte go RocketPlay Casino, \u00e1it a gcomhl\u00edonann sult an chearrbhachais spleodar na taisc\u00e9ala\u00edochta sp\u00e1is. Faigh amach cruinne de shiamsa\u00edocht, nu\u00e1la\u00edocht agus luach saothair iontacha agus muid ag ath-shainmh\u00edni\u00fa an eisp\u00e9ireas ceasa\u00edneo ar l\u00edne. \u00c1r Misean: An Spraoi sa Chearrbhachas a Lasadh Ag RocketPlay Casino, is \u00e9 \u00e1r misean simpl\u00ed: an spraoi sa chearrbhachas a adhaint&#8230;.<\/p>\n","protected":false},"author":1,"featured_media":0,"parent":0,"menu_order":0,"comment_status":"closed","ping_status":"closed","template":"page-with-bonus.php","meta":{"_acf_changed":false,"_kad_post_transparent":"default","_kad_post_title":"default","_kad_post_layout":"default","_kad_post_sidebar_id":"","_kad_post_content_style":"default","_kad_post_vertical_padding":"default","_kad_post_feature":"","_kad_post_feature_position":"","_kad_post_header":false,"_kad_post_footer":false,"footnotes":""},"class_list":["post-4293","page","type-page","status-publish","hentry"],"acf":[],"rttpg_featured_image_url":null,"rttpg_author":{"display_name":"Tom","author_link":"https:\/\/rocketplay-game.com\/ga\/author\/pemvas95n89x\/"},"rttpg_comment":0,"rttpg_category":null,"rttpg_excerpt":"F\u00e1ilte go RocketPlay Casino, \u00e1it a gcomhl\u00edonann sult an chearrbhachais spleodar na taisc\u00e9ala\u00edochta sp\u00e1is. Faigh amach cruinne de shiamsa\u00edocht, nu\u00e1la\u00edocht agus luach saothair iontacha agus muid ag ath-shainmh\u00edni\u00fa an eisp\u00e9ireas ceasa\u00edneo ar l\u00edne. \u00c1r Misean: An Spraoi sa Chearrbhachas a Lasadh Ag RocketPlay Casino, is \u00e9 \u00e1r misean simpl\u00ed: an spraoi sa chearrbhachas a adhaint....","_links":{"self":[{"href":"https:\/\/rocketplay-game.com\/ga\/wp-json\/wp\/v2\/pages\/4293","targetHints":{"allow":["GET"]}}],"collection":[{"href":"https:\/\/rocketplay-game.com\/ga\/wp-json\/wp\/v2\/pages"}],"about":[{"href":"https:\/\/rocketplay-game.com\/ga\/wp-json\/wp\/v2\/types\/page"}],"author":[{"embeddable":true,"href":"https:\/\/rocketplay-game.com\/ga\/wp-json\/wp\/v2\/users\/1"}],"replies":[{"embeddable":true,"href":"https:\/\/rocketplay-game.com\/ga\/wp-json\/wp\/v2\/comments?post=4293"}],"version-history":[{"count":1,"href":"https:\/\/rocketplay-game.com\/ga\/wp-json\/wp\/v2\/pages\/4293\/revisions"}],"predecessor-version":[{"id":4294,"href":"https:\/\/rocketplay-game.com\/ga\/wp-json\/wp\/v2\/pages\/4293\/revisions\/4294"}],"wp:attachment":[{"href":"https:\/\/rocketplay-game.com\/ga\/wp-json\/wp\/v2\/media?parent=4293"}],"curies":[{"name":"wp","href":"https:\/\/api.w.org\/{rel}","templated":true}]}}