{"id":4317,"date":"2024-01-22T15:56:52","date_gmt":"2024-01-22T12:56:52","guid":{"rendered":"https:\/\/rocketplay-game.com\/aml-policy\/"},"modified":"2024-01-22T17:26:38","modified_gmt":"2024-01-22T14:26:38","slug":"aml-policy","status":"publish","type":"page","link":"https:\/\/rocketplay-game.com\/ga\/aml-policy\/","title":{"rendered":"Beartas AML"},"content":{"rendered":"<p>Ag RocketPlay Casino, aithn\u00edmid an t\u00e1bhacht a bhaineann leis na caighde\u00e1in is airde sl\u00e1ine agus sl\u00e1nd\u00e1la a chothabh\u00e1il. Is creat cuimsitheach \u00e9 \u00e1r mbeartas AML chun gn\u00edomha\u00edochta\u00ed f\u00e9ideartha sci\u00faradh airgid ar \u00e1r n-ard\u00e1n a bhrath agus a chosc. Tr\u00ed chlo\u00ed le treoirl\u00ednte rialaitheacha dochta, d\u00e9anaimid deimhin de go bhfanann \u00e1r gceasa\u00edneo ina thearmann siamsa\u00edochta agus ag an am c\u00e9anna ag coinne\u00e1il gn\u00edomha\u00edochta\u00ed uaf\u00e1sacha ar l\u00e1r.<\/p>\n<h2>N\u00f3sanna Imeachta Aitheantais agus F\u00edoraithe<\/h2>\n<p>Chun \u00e1r gcosaint\u00ed in aghaidh sci\u00faradh airgid a neart\u00fa, \u00fas\u00e1ideann RocketPlay Casino n\u00f3sanna imeachta l\u00e1idre aitheantais agus f\u00edoraithe. Nuair a chl\u00e1ra\u00edonn imreoir ar \u00e1r n-ard\u00e1n, ceangla\u00edmid orthu faisn\u00e9is chruinn agus cothrom le d\u00e1ta a shol\u00e1thar, lena n-\u00e1ir\u00edtear sonra\u00ed pearsanta agus faisn\u00e9is airgeadais. T\u00e1 na sonra\u00ed seo faoi r\u00e9ir grinnscr\u00fad\u00fa ansin chun a bhail\u00edocht a dhearbh\u00fa.<\/p>\n<p>Baineann \u00e1r bpr\u00f3isis f\u00edoraithe den scoth le f\u00edordheimhni\u00fa doicim\u00e9ad agus baintear \u00fas\u00e1id as ardteicneola\u00edocht chun aon aimhrialtachta\u00ed n\u00f3 neamhr\u00e9ireachta\u00ed a bhrath. Cinnt\u00edonn an cur chuige ilghn\u00e9itheach seo go dt\u00e9ann gach imreoir ar RocketPlay Casino faoi phr\u00f3iseas grinnfhiosr\u00fach\u00e1in cr\u00edochn\u00fail, ag cur le timpeallacht cearrbhachais at\u00e1 sl\u00e1n agus iontaofa.<\/p>\n<h2>Meas\u00fan\u00fa agus Monat\u00f3ireacht Riosca<\/h2>\n<p>A thuiscint go dtagann riosca\u00ed chun cinn, d\u00e9anann RocketPlay Casino meas\u00fanuithe riosca lean\u00fanacha chun fanacht c\u00e9im amh\u00e1in chun tosaigh ar bhagairt\u00ed sci\u00faradh airgid f\u00e9ideartha. Tr\u00ed theicneola\u00edocht agus anail\u00eds\u00edocht cheannr\u00f3da\u00edoch a \u00fas\u00e1id, d\u00e9anaimid monat\u00f3ireacht ar iompra\u00edocht imreoir\u00ed i bhf\u00edor-am, ag aithint patr\u00fain n\u00f3 idirbhearta neamhghn\u00e1cha a d\u2019fh\u00e9adfadh gn\u00edomha\u00edochta\u00ed aindleathacha a l\u00e9iri\u00fa.<\/p>\n<p>T\u00e1 \u00e1r bpr\u00f3tacail um meas\u00fan\u00fa riosca dinimici\u00fail, ag oiri\u00fan\u00fa do threochta\u00ed at\u00e1 ag teacht chun cinn agus ag cinnti\u00fa go n-athra\u00edonn \u00e1r gcosaint\u00ed taobh le bagairt\u00ed f\u00e9ideartha. Ligeann an cur chuige r\u00e9amhghn\u00edomhach seo d\u00fainn aghaidh a thabhairt go pras ar aon riosca\u00ed a bhaineann le sci\u00faradh airgid agus iad a mhaol\u00fa, rud a chosna\u00edonn sl\u00e1ine \u00e1r gceasa\u00edneonna.<\/p>\n<h2>Faireach\u00e1n agus Tuairisci\u00fa Idirbheart<\/h2>\n<p>Fosta\u00edonn RocketPlay Casino c\u00f3ras dian chun monat\u00f3ireacht a dh\u00e9anamh ar idirbhearta chun gn\u00edomha\u00edochta\u00ed airgeadais amhrasacha a aithint go pras. Spreagann idirbhearta m\u00f3ra n\u00f3 coitianta fol\u00e1irimh uathoibr\u00edocha, rud a spreagann imscr\u00fad\u00fa cr\u00edochn\u00fail ag \u00e1r bhfoireann tiomanta AML. T\u00e1 an fhoireann seo oilte chun patr\u00fain agus iompra\u00edochta\u00ed a bhaineann le sci\u00faradh airgid a aithint agus gn\u00edomha\u00edonn siad go tapa chun aon dochar f\u00e9ideartha a chosc.<\/p>\n<p>Agus ceanglais rial\u00e1la \u00e1 gcomhl\u00edonadh againn, coinn\u00edmid l\u00ednte cumars\u00e1ide oscailte freisin leis na h\u00fadar\u00e1is \u00e1bhartha, ag tuairisci\u00fa aon ghn\u00edomha\u00edochta\u00ed amhrasacha mar at\u00e1 sainordaithe. Cinnt\u00edonn an comhoibri\u00fa seo go gcuireann RocketPlay Casino go gn\u00edomhach leis an iarracht dhomhanda i gcoinne sci\u00faradh airgid, ag coth\u00fa timpeallacht cluich\u00edochta ar l\u00edne n\u00edos s\u00e1bh\u00e1ilte do ch\u00e1ch.<\/p>\n<h2>Bearta D\u00edchill Chu\u00ed do Chustaim\u00e9ir\u00ed (CDD)<\/h2>\n<p>T\u00e1 D\u00edchill Chustaim\u00e9ara mar bhunchloch de bheartas AML RocketPlay Casino. Tr\u00ed sheice\u00e1lacha c\u00falra cr\u00edochn\u00fala a dh\u00e9anamh ar \u00e1r n-imreoir\u00ed, cuirimid len\u00e1r gcumas gn\u00edomha\u00edochta\u00ed sci\u00fartha airgid a bhrath agus a chosc go h\u00e9ifeachtach. \u00c1ir\u00edonn s\u00e9 seo monat\u00f3ireacht agus f\u00edor\u00fa a dh\u00e9anamh ar fhoinse na gcist\u00ed, dlisteanacht idirbhearta airgeadais an imreora a chinnti\u00fa, agus a chinnti\u00fa nach n-\u00fas\u00e1idtear \u00e1r gceasa\u00edneonna go neamhaireach mar uirlis le haghaidh sci\u00faradh airgid.<\/p>\n<p>T\u00e9ann \u00e1r dtiomantas do CDD n\u00edos faide n\u00e1 socr\u00fa cuntais tosaigh; d\u00e9anaimid athbhreithni\u00fa agus nuashonr\u00fa tr\u00e9imhsi\u00fail ar phr\u00f3if\u00edl\u00ed custaim\u00e9ir\u00ed chun aon athruithe ar a n-iompra\u00edocht airgeadais a l\u00e9iri\u00fa. Cuireann an d\u00fathracht lean\u00fanach seo ar \u00e1r gcumas seasamh aireach a choinne\u00e1il i gcoinne riosca\u00ed ionchasacha agus leasanna \u00e1r n-imreoir\u00ed dlisteanacha a chosaint.<\/p>\n<h2>Oili\u00faint agus Feasacht Fostaithe<\/h2>\n<p>Chun a chinnti\u00fa go n-\u00e9ireoidh len\u00e1r bpolasa\u00ed AML t\u00e1 rannph\u00e1irt\u00edocht ghn\u00edomhach gach ball foirne ag RocketPlay Casino ag teast\u00e1il. D\u00e9anaimid infheist\u00edocht shuntasach in oili\u00faint a chur ar \u00e1r bhfoireann chun gn\u00edomha\u00edochta\u00ed f\u00e9ideartha sci\u00faradh airgid a aithint agus freagairt d\u00f3ibh. Tr\u00ed chult\u00far feasachta agus cuntasachta a choth\u00fa, tugaimid ar chumas \u00e1r bhfostaithe r\u00f3l gn\u00edomhach a bheith acu chun sl\u00e1ine \u00e1r n-ard\u00e1n a chothabh\u00e1il.<\/p>\n<p>Coinn\u00edonn seisi\u00fain oili\u00fana rialta \u00e1r bhfoireann ar an eolas faoi na bearta is d\u00e9ana\u00ed maidir le sci\u00faradh airgid, athruithe rial\u00e1la agus forbairt\u00ed. Treis\u00edonn an cur chuige r\u00e9amhghn\u00edomhach seo \u00e1r gcosaint\u00ed agus cotha\u00edonn s\u00e9 muin\u00edn in\u00e1r n-imreoir\u00ed, ag dearbh\u00fa d\u00f3ibh go bhfuilimid tiomanta d\u2019eisp\u00e9ireas cearrbhachais at\u00e1 sl\u00e1n agus cothrom a shol\u00e1thar.<\/p>\n<h2>Ag Seasamh le C\u00f3ir Imirt ag RocketPlay Casino<\/h2>\n<p>T\u00e1 n\u00edos m\u00f3 i mbeartas AML RocketPlay Casino n\u00e1 sraith treoirl\u00ednte; is gealltanas \u00e9 do chothrom na f\u00e9inne, don tsl\u00e1nd\u00e1il agus don tr\u00e9dhearcacht. Tr\u00ed phr\u00f3isis aitheantais, monat\u00f3ireachta agus tuairiscithe dochta a chur i bhfeidhm, crutha\u00edmid timpeallacht chearrbhachais a thugann siamsa\u00edocht agus cosaint do leasanna \u00e1r n-imreoir\u00ed agus an phobail i gcoitinne. De r\u00e9ir mar a th\u00e9imid chun cinn in \u00e9ineacht le t\u00edrdhreach na gcearrbhachas ar l\u00edne at\u00e1 ag s\u00edorathr\u00fa, t\u00e1 \u00e1r mbeartas AML ina bhunchloch i gc\u00f3na\u00ed, ag cinnti\u00fa nach ceann scr\u00edbe siamsa\u00edochta amh\u00e1in \u00e9 RocketPlay Casino ach tearmann muin\u00edne agus sl\u00e1ine.<\/p>\n","protected":false},"excerpt":{"rendered":"<p>Ag RocketPlay Casino, aithn\u00edmid an t\u00e1bhacht a bhaineann leis na caighde\u00e1in is airde sl\u00e1ine agus sl\u00e1nd\u00e1la a chothabh\u00e1il. Is creat cuimsitheach \u00e9 \u00e1r mbeartas AML chun gn\u00edomha\u00edochta\u00ed f\u00e9ideartha sci\u00faradh airgid ar \u00e1r n-ard\u00e1n a bhrath agus a chosc. Tr\u00ed chlo\u00ed le treoirl\u00ednte rialaitheacha dochta, d\u00e9anaimid deimhin de go bhfanann \u00e1r gceasa\u00edneo ina thearmann siamsa\u00edochta agus&#8230;<\/p>\n","protected":false},"author":1,"featured_media":0,"parent":0,"menu_order":0,"comment_status":"closed","ping_status":"closed","template":"page-with-bonus.php","meta":{"_acf_changed":false,"_kad_post_transparent":"default","_kad_post_title":"default","_kad_post_layout":"default","_kad_post_sidebar_id":"","_kad_post_content_style":"default","_kad_post_vertical_padding":"default","_kad_post_feature":"","_kad_post_feature_position":"","_kad_post_header":false,"_kad_post_footer":false,"footnotes":""},"class_list":["post-4317","page","type-page","status-publish","hentry"],"acf":[],"rttpg_featured_image_url":null,"rttpg_author":{"display_name":"Tom","author_link":"https:\/\/rocketplay-game.com\/ga\/author\/pemvas95n89x\/"},"rttpg_comment":0,"rttpg_category":null,"rttpg_excerpt":"Ag RocketPlay Casino, aithn\u00edmid an t\u00e1bhacht a bhaineann leis na caighde\u00e1in is airde sl\u00e1ine agus sl\u00e1nd\u00e1la a chothabh\u00e1il. Is creat cuimsitheach \u00e9 \u00e1r mbeartas AML chun gn\u00edomha\u00edochta\u00ed f\u00e9ideartha sci\u00faradh airgid ar \u00e1r n-ard\u00e1n a bhrath agus a chosc. Tr\u00ed chlo\u00ed le treoirl\u00ednte rialaitheacha dochta, d\u00e9anaimid deimhin de go bhfanann \u00e1r gceasa\u00edneo ina thearmann siamsa\u00edochta agus...","_links":{"self":[{"href":"https:\/\/rocketplay-game.com\/ga\/wp-json\/wp\/v2\/pages\/4317","targetHints":{"allow":["GET"]}}],"collection":[{"href":"https:\/\/rocketplay-game.com\/ga\/wp-json\/wp\/v2\/pages"}],"about":[{"href":"https:\/\/rocketplay-game.com\/ga\/wp-json\/wp\/v2\/types\/page"}],"author":[{"embeddable":true,"href":"https:\/\/rocketplay-game.com\/ga\/wp-json\/wp\/v2\/users\/1"}],"replies":[{"embeddable":true,"href":"https:\/\/rocketplay-game.com\/ga\/wp-json\/wp\/v2\/comments?post=4317"}],"version-history":[{"count":1,"href":"https:\/\/rocketplay-game.com\/ga\/wp-json\/wp\/v2\/pages\/4317\/revisions"}],"predecessor-version":[{"id":4318,"href":"https:\/\/rocketplay-game.com\/ga\/wp-json\/wp\/v2\/pages\/4317\/revisions\/4318"}],"wp:attachment":[{"href":"https:\/\/rocketplay-game.com\/ga\/wp-json\/wp\/v2\/media?parent=4317"}],"curies":[{"name":"wp","href":"https:\/\/api.w.org\/{rel}","templated":true}]}}