{"id":4351,"date":"2024-01-22T16:01:41","date_gmt":"2024-01-22T13:01:41","guid":{"rendered":"https:\/\/rocketplay-game.com\/bonus-policy\/"},"modified":"2024-01-22T17:49:41","modified_gmt":"2024-01-22T14:49:41","slug":"bonus-policy","status":"publish","type":"page","link":"https:\/\/rocketplay-game.com\/ga\/bonus-policy\/","title":{"rendered":"Beartas B\u00f3nas"},"content":{"rendered":"<p>T\u00e1 ceasa\u00edneonna ar l\u00edne anois ina l\u00e1rionad bisi\u00fail le haghaidh siamsa\u00edochta agus spleodar, ag tairiscint tearmainn f\u00edor\u00fail d\u2019imreoir\u00ed chun taitneamh a bhaint as a gcuid cluich\u00ed is fearr leo. Sol\u00e1thra\u00edonn RocketPlay Casino, ceannr\u00f3da\u00ed sa tionscal cearrbhachais ar l\u00edne, eisp\u00e9ireas cearrbhachais den scoth agus mils\u00edonn s\u00e9 an margadh le Beartas B\u00f3nais mealltach. L\u00e9imimis isteach i sonra\u00ed an bheartais seo, ag fiosr\u00fa na b\u00f3nais \u00e9ags\u00fala at\u00e1 ag fanacht le himreoir\u00ed ar an ard\u00e1n cearrbhachais idir-r\u00e9altach seo.<\/p>\n<h3>B\u00f3nas F\u00e1ilte: Ag Seoladh Do Eachtra<\/h3>\n<p>Eisp\u00e9ireas spleodrach \u00e9 tos\u00fa ar do thuras RocketPlay, rud a chuireann an B\u00f3nas F\u00e1ilte flaithi\u00fail chun cinn n\u00edos m\u00f3 f\u00f3s. Tugann RocketPlay Casino f\u00e1ilteachas chuig airde nua tr\u00ed phac\u00e1iste b\u00f3nais suntasach a thairiscint d\u2019imreoir\u00ed nua. Nuair a chl\u00e1ra\u00edonn siad agus nuair a dh\u00e9anann siad an \u00e9arlais tosaigh, cuirtear f\u00e1ilte roimh imreoir\u00ed le treisi\u00fa roic\u00e9ad-bhreosla d\u00e1 gcuid banc cearrbhachais. Ligeann an l\u00f3n l\u00e1mhaigh breise seo d\u00f3ibh an r\u00e9altra ollmh\u00f3r cluich\u00ed at\u00e1 ar f\u00e1il ar an ard\u00e1n a ini\u00fachadh, ag socr\u00fa an st\u00e1itse le haghaidh aistear eipici\u00fail cluich\u00edochta.<\/p>\n<h2>B\u00f3nais Athl\u00f3d\u00e1la: Coinnigh an M\u00f3iminteam<\/h2>\n<p>N\u00ed laghda\u00edtear an spleodar tar \u00e9is an ch\u00e9ad phl\u00e9asc. Tuigeann RocketPlay an t\u00e1bhacht a bhaineann le m\u00f3iminteam a choinne\u00e1il, agus sin an \u00e1it a dtagann B\u00f3nais Athl\u00f3d\u00e1la i spraoi. Is f\u00e9idir le himreoir\u00ed rialta taitneamh a bhaint as B\u00f3nais Athl\u00f3d\u00e1la tr\u00e9imhsi\u00fala, rud a thugann borradh athnuachana d\u00e1 gcuntais aon uair a dh\u00e9anann siad taisc\u00ed ina dhiaidh sin. T\u00e1 na b\u00f3nais seo deartha chun na thrills a choinne\u00e1il beo, ag cinnti\u00fa gur f\u00e9idir le himreoir\u00ed lean\u00faint ar aghaidh ag ini\u00fachadh an raon \u00e9ags\u00fail cluich\u00ed gan aon srianta airgeadais.<\/p>\n<h2>Cromtha\u00ed Saor: Scaoil an Frenzy Casadh<\/h2>\n<p>Do dh\u00edograiseoir\u00ed sliot\u00e1n, tugann RocketPlay Casino b\u00f3nas leictrithe spins saor in aisce isteach. Ligeann na spins molta seo do na himreoir\u00ed a n-\u00e1dh a thriail ar na cluich\u00ed sliot\u00e1n is d\u00e9ana\u00ed agus is coitianta gan dul isteach ina gcuid cist\u00ed f\u00e9in. Cib\u00e9 ag r\u00e9iteach r\u00fandiamhra na sibhialtachta\u00ed \u00e1rsa n\u00f3 ag dul isteach i r\u00edochta\u00ed iontacha na n-ainmhithe miotasacha, spreagann Free Spins an taith\u00ed cluich\u00edochta.<\/p>\n<h2>Cl\u00e1r VIP: Dul suas go hAirde Neamha\u00ed<\/h2>\n<p>Creideann RocketPlay Casino i nd\u00edlseacht a luach saothair, agus is teist \u00e9 a Chl\u00e1r VIP don tiomantas sin. De r\u00e9ir mar a leanann imreoir\u00ed ar aghaidh lena dturas cosma\u00ed ar an ard\u00e1n, carnann siad point\u00ed d\u00edlseachta a r\u00e9it\u00edonn an bealach chuig st\u00e1das VIP. Nuair a bheidh siad ionduchtaithe sna c\u00e9imeanna VIP, scaoileann imreoir\u00ed st\u00f3r de bh\u00f3nais eisiacha, tairiscint\u00ed pearsantaithe, agus fi\u00fa amanna aistarraingthe n\u00edos tap\u00fala. T\u00e1 RocketPlay br\u00f3d\u00fail as a bheith ag caitheamh lena chuid daoine m\u00f3r le r\u00e1 cos\u00fail le r\u00edch\u00edosa neamha\u00ed, ag cinnti\u00fa go gcomhl\u00edontar a nd\u00edlseacht le bunt\u00e1ist\u00ed agus pribhl\u00e9id\u00ed nach bhfuil cos\u00fail leo.<\/p>\n<h2>B\u00f3nais Airgid Ais: L\u00edon S\u00e1bh\u00e1la i R\u00e9altra an Chearrbhachais<\/h2>\n<p>T\u00e1 cruinne na gcearrbhachas ar l\u00edne do-thuartha, agus tuigeann RocketPlay Casino go bhf\u00e9adfadh fi\u00fa na himreoir\u00ed is oilte teacht ar fhadhb chosma\u00ed. Chun tionchar str\u00edoc de dhroch-\u00e1dh a mhaol\u00fa, cuireann RocketPlay B\u00f3nais Airgid ar ais ar f\u00e1il. Sol\u00e1thra\u00edonn na b\u00f3nais seo c\u00e9atad\u00e1n d\u00e1 nglanchaillteanais ar ais d\u2019imreoir\u00ed, ag gn\u00edomh\u00fa mar l\u00edont\u00e1n s\u00e1bh\u00e1la i r\u00e9imse m\u00f3r an r\u00e9altra cearrbhachais. Is comhartha tuisceanach \u00e9 a chinnt\u00edonn gur f\u00e9idir le himreoir\u00ed preabadh ar ais agus lean\u00faint lena n-eachtra idir-r\u00e9altach le d\u00edograis athnuaite.<\/p>\n<h2>Tionscnaimh S\u00e9as\u00faracha agus Speisialta: Iontas Neamha\u00ed<\/h2>\n<p>Coinn\u00edonn RocketPlay Casino a chuid imreoir\u00ed i gc\u00f3na\u00ed ar a bharraic\u00edn\u00ed le uainchl\u00e1r rothlach s\u00e9as\u00farach agus cur chun cinn speisialta. \u00d3 bh\u00f3nais ar th\u00e9ama saoire go bronntanais iontasacha, cuireann na tionscnaimh seo gn\u00e9 dothuartha isteach san eisp\u00e9ireas cluich\u00edochta. Is f\u00e9idir le himreoir\u00ed a bheith ag s\u00fail le hiontas neamha\u00ed a chuireann sraith bhreise spleodar lena n-eachtra RocketPlay, rud a fh\u00e1gann gur \u00f3c\u00e1id uath\u00fail agus i gcuimhne gach cuairt ar an gceasa\u00edneo.<\/p>\n<h2>Riachtanais Geallt\u00f3ireachta: An Phriont\u00e1il Mh\u00edn Cosma\u00ed a Loingseoireacht<\/h2>\n<p>C\u00e9 go bhfuil na b\u00f3nais ag RocketPlay Casino mealltach gan dabht, t\u00e1 s\u00e9 riachtanach dul tr\u00edd an bprionta m\u00edn cosma\u00ed. Cinneann ceanglais geallchur, gn\u00e9 choitianta de bh\u00f3nais cheasa\u00edneonna ar l\u00edne, an l\u00edon uaireanta a chaithfidh imreoir\u00ed geall a dh\u00e9anamh ar a m\u00e9id b\u00f3nais sula mbeidh siad inch\u00e1ilithe aon airgead buaite a tharraingt siar. Coinn\u00edonn RocketPlay ceanglais geallchur tr\u00e9dhearcach agus r\u00e9as\u00fanta, ag cinnti\u00fa gur f\u00e9idir le himreoir\u00ed taitneamh a bhaint as a gcuid b\u00f3nais le tuiscint shoil\u00e9ir ar na t\u00e9arma\u00ed agus na coinn\u00edollacha.<\/p>\n<h2>M\u00e9adaigh Do Eisp\u00e9ireas Cearrbhachais le RocketPlay Casino<\/h2>\n<p>Is sampla iontach \u00e9 Polasa\u00ed B\u00f3nas RocketPlay Casino den chaoi ar f\u00e9idir le hard\u00e1n cearrbhachais ar l\u00edne eisp\u00e9ireas an imreora a ard\u00fa. \u00d3n B\u00f3nas F\u00e1ilte pl\u00e9ascach go bunt\u00e1ist\u00ed neamha\u00ed an Chl\u00e1ir VIP, t\u00e9ann RocketPlay anuas agus n\u00edos faide chun freastal ar roghanna \u00e9ags\u00fala a chuid imreoir\u00ed. T\u00e1 an cruinne cearrbhachais ollmh\u00f3r, agus cinnt\u00edonn RocketPlay go mbeidh gach imreoir, cib\u00e9 acu is nua-imreoir n\u00f3 d\u00edograiseoir le taith\u00ed, in ann an Fairsinge Cosma\u00ed seo a nasclean\u00faint le bunt\u00e1iste roic\u00e9ad-bhreosla. Agus t\u00fa ag tabhairt faoi d\u2019eachtra cearrbhachais, lig do RocketPlay Casino a bheith mar threora\u00ed duit, ag tiom\u00e1int chuig airde nua spleodar agus siamsa\u00edochta i r\u00e9altra na gcearrbhachas ar l\u00edne at\u00e1 ag m\u00e9ad\u00fa i gc\u00f3na\u00ed.<\/p>\n","protected":false},"excerpt":{"rendered":"<p>T\u00e1 ceasa\u00edneonna ar l\u00edne anois ina l\u00e1rionad bisi\u00fail le haghaidh siamsa\u00edochta agus spleodar, ag tairiscint tearmainn f\u00edor\u00fail d\u2019imreoir\u00ed chun taitneamh a bhaint as a gcuid cluich\u00ed is fearr leo. Sol\u00e1thra\u00edonn RocketPlay Casino, ceannr\u00f3da\u00ed sa tionscal cearrbhachais ar l\u00edne, eisp\u00e9ireas cearrbhachais den scoth agus mils\u00edonn s\u00e9 an margadh le Beartas B\u00f3nais mealltach. L\u00e9imimis isteach i sonra\u00ed&#8230;<\/p>\n","protected":false},"author":1,"featured_media":0,"parent":0,"menu_order":0,"comment_status":"closed","ping_status":"closed","template":"page-with-bonus.php","meta":{"_acf_changed":false,"_kad_post_transparent":"default","_kad_post_title":"default","_kad_post_layout":"default","_kad_post_sidebar_id":"","_kad_post_content_style":"default","_kad_post_vertical_padding":"default","_kad_post_feature":"","_kad_post_feature_position":"","_kad_post_header":false,"_kad_post_footer":false,"footnotes":""},"class_list":["post-4351","page","type-page","status-publish","hentry"],"acf":[],"rttpg_featured_image_url":null,"rttpg_author":{"display_name":"Tom","author_link":"https:\/\/rocketplay-game.com\/ga\/author\/pemvas95n89x\/"},"rttpg_comment":0,"rttpg_category":null,"rttpg_excerpt":"T\u00e1 ceasa\u00edneonna ar l\u00edne anois ina l\u00e1rionad bisi\u00fail le haghaidh siamsa\u00edochta agus spleodar, ag tairiscint tearmainn f\u00edor\u00fail d\u2019imreoir\u00ed chun taitneamh a bhaint as a gcuid cluich\u00ed is fearr leo. Sol\u00e1thra\u00edonn RocketPlay Casino, ceannr\u00f3da\u00ed sa tionscal cearrbhachais ar l\u00edne, eisp\u00e9ireas cearrbhachais den scoth agus mils\u00edonn s\u00e9 an margadh le Beartas B\u00f3nais mealltach. L\u00e9imimis isteach i sonra\u00ed...","_links":{"self":[{"href":"https:\/\/rocketplay-game.com\/ga\/wp-json\/wp\/v2\/pages\/4351","targetHints":{"allow":["GET"]}}],"collection":[{"href":"https:\/\/rocketplay-game.com\/ga\/wp-json\/wp\/v2\/pages"}],"about":[{"href":"https:\/\/rocketplay-game.com\/ga\/wp-json\/wp\/v2\/types\/page"}],"author":[{"embeddable":true,"href":"https:\/\/rocketplay-game.com\/ga\/wp-json\/wp\/v2\/users\/1"}],"replies":[{"embeddable":true,"href":"https:\/\/rocketplay-game.com\/ga\/wp-json\/wp\/v2\/comments?post=4351"}],"version-history":[{"count":1,"href":"https:\/\/rocketplay-game.com\/ga\/wp-json\/wp\/v2\/pages\/4351\/revisions"}],"predecessor-version":[{"id":4352,"href":"https:\/\/rocketplay-game.com\/ga\/wp-json\/wp\/v2\/pages\/4351\/revisions\/4352"}],"wp:attachment":[{"href":"https:\/\/rocketplay-game.com\/ga\/wp-json\/wp\/v2\/media?parent=4351"}],"curies":[{"name":"wp","href":"https:\/\/api.w.org\/{rel}","templated":true}]}}