{"id":4366,"date":"2024-01-22T15:02:18","date_gmt":"2024-01-22T12:02:18","guid":{"rendered":"https:\/\/rocketplay-game.com\/contact-us\/"},"modified":"2024-01-22T17:54:43","modified_gmt":"2024-01-22T14:54:43","slug":"contact-us","status":"publish","type":"page","link":"https:\/\/rocketplay-game.com\/ga\/contact-us\/","title":{"rendered":"Glaoigh orainn"},"content":{"rendered":"<p>Tuigimid go bhf\u00e9adfadh ceisteanna a chur n\u00f3 fiosracht a spreagadh m\u00e1 dh\u00e9antar nasclean\u00faint ar an r\u00e9altra cearrbhachais. Sin an f\u00e1th a sol\u00e1thra\u00edonn RocketPlay Casino seirbh\u00eds \u00e9ifeachtach agus inrochtana D\u00e9an Teagmh\u00e1il Linn, ag cinnti\u00fa go gcomhl\u00edontar do chuid fiosr\u00fach\u00e1n le c\u00fanamh pras agus cuiditheach.<\/p>\n<h2>Taca\u00edocht do Chustaim\u00e9ir\u00ed: C\u00fanamh Timpeall an Chlog<\/h2>\n<p>Ag RocketPlay Casino, is \u00e9 \u00e1r dTaca\u00edocht do Chustaim\u00e9ir\u00ed d\u2019acmhainn chun dul chuig aon cheist, imn\u00ed n\u00f3 c\u00fanamh. Feidhm\u00edonn \u00e1r bhfoireann de dhaoine gairmi\u00fala tiomanta 24\/7, r\u00e9idh chun taca\u00edocht ar fud an chloig a shol\u00e1thar d&#8217;imreoir\u00ed \u00f3 gach cearn den r\u00e9altra. Cib\u00e9 an bhfuil fadhbanna teicni\u00fala le s\u00e1r\u00fa agat, m\u00e1 t\u00e1 ceisteanna agat maidir le harduithe c\u00e9ime, n\u00f3 m\u00e1 t\u00e1 treoir uait, cinnt\u00edonn \u00e1r bhfoireann Taca\u00edochta do Chustaim\u00e9ir\u00ed go bhfanann do thaith\u00ed RocketPlay r\u00e9idh agus taitneamhach.<\/p>\n<h2>Roghanna Teagmh\u00e1la: Roghnaigh Do Chain\u00e9al Rogha<\/h2>\n<p>Tuigeann RocketPlay Casino go n-athra\u00edonn roghanna cumars\u00e1ide, mar sin cuirimid ilbheala\u00ed teagmh\u00e1la ar f\u00e1il a oireann do do chuid riachtanas. Is f\u00e9idir leat \u00e1r bhfoireann Taca\u00edochta do Chustaim\u00e9ir\u00ed a shroicheadh tr\u00ed r\u00edomhphost, comhr\u00e1 beo, n\u00f3 \u00e1r mbeol\u00edne tiomnaithe. Roghnaigh an rogha is fearr a oireann do do st\u00edl chumars\u00e1ide, agus b\u00ed cinnte go bhfuil \u00e1r bhfoireann r\u00e9idh chun cabhr\u00fa leat go pras.<\/p>\n<h2>Taca\u00edocht R\u00edomhphoist: Fiosr\u00fach\u00e1in Scr\u00edofa a L\u00e1imhse\u00e1iltear go C\u00faramach<\/h2>\n<p>Is \u00e9 \u00e1r dtaca\u00edocht r\u00edomhphoist an cain\u00e9al foirfe d&#8217;imreoir\u00ed ar fearr leo taifead scr\u00edofa ar a gcuid fiosr\u00fach\u00e1n n\u00f3 a bhfuil ceisteanna n\u00edos mionsonraithe acu. Seol r\u00edomhphost chugainn ag cur s\u00edos ar do cheist, agus freagr\u00f3idh \u00e1r bhfoireann taca\u00edochta an cruinneas agus an c\u00faram a bhfuil aithne ag RocketPlay air. B\u00ed ag s\u00fail le freagra cr\u00edochn\u00fail cabhrach a thugann aghaidh ar do chuid imn\u00ed go pras.<\/p>\n<h2>Comhr\u00e1 Beo: C\u00fanamh Meandarach ag Do Mh\u00e9ara<\/h2>\n<p>N\u00edl sa ghn\u00e9 comhr\u00e1 beo ach clice\u00e1il ar shi\u00fal m\u00e1 t\u00e1 c\u00fanamh \u00e1 lorg agat l\u00e1ithreach. D\u00e9an teagmh\u00e1il le ball d\u00e1r bhfoireann Taca\u00edochta do Chustaim\u00e9ir\u00ed i bhf\u00edor-am, chun d\u2019\u00e1bhair imn\u00ed a r\u00e9iteach go tapa agus go h\u00e9ifeachtach. T\u00e1 an rogha comhr\u00e1 beo foirfe nuair a bh\u00edonn freagra\u00ed l\u00e1ithreacha n\u00f3 treoir uait agus t\u00fa ag ini\u00fachadh na cruinne RocketPlay.<\/p>\n<h2>Beol\u00edne: Ceangal D\u00edreach le haghaidh \u00c1bhair Phr\u00e1inneacha<\/h2>\n<p>Sol\u00e1thra\u00edonn \u00e1r mbeol\u00edne nasc d\u00edreach agus l\u00e1ithreach len\u00e1r bhfoireann Taca\u00edochta do Chustaim\u00e9ir\u00ed le haghaidh ceisteanna pr\u00e1inneacha n\u00f3 c\u00e1sanna ina bhfuil g\u00e1 le teagmh\u00e1il phearsanta. T\u00e1 \u00e1r mbeol\u00edne tiomnaithe \u00e1 oibri\u00fa ag daoine gairmi\u00fala eolasacha agus cairdi\u00fail at\u00e1 r\u00e9idh chun cabhr\u00fa leat le haon cheisteanna pr\u00e1inneacha, ag cinnti\u00fa go bhfaighidh t\u00fa an taca\u00edocht a theasta\u00edonn uait nuair is g\u00e1.<\/p>\n<h2>Aiseolas: Crutha\u00edonn Do Ghuth an Eisp\u00e9ireas RocketPlay<\/h2>\n<p>Is m\u00f3r ag RocketPlay Casino d\u2019aiseolas, agus molaimid duit do chuid smaointe, molta\u00ed agus taith\u00ed a roinnt linn. Cuid\u00edonn d\u2019ionchur linn cruinne cearrbhachais RocketPlay a fheabhs\u00fa agus a fheabhs\u00fa go lean\u00fanach. Cib\u00e9 an bhfuil smaointe agat maidir le gn\u00e9ithe nua n\u00f3 feabhsuithe n\u00f3 m\u00e1s mian leat d\u2019eisp\u00e9iris dhearfacha a roinnt, cuirimid f\u00e1ilte roimh aiseolas uait mar chuid l\u00e1rnach d\u00e1r dtiomantas chun an t-eisp\u00e9ireas cearrbhachais is fearr is f\u00e9idir a sheachadadh.<\/p>\n<h2>D\u00e9an teagmh\u00e1il le RocketPlay Casino \u2013 Do Thairseach chuig Taca\u00edocht Eisceacht\u00fail<\/h2>\n<p>Ag RocketPlay Casino, t\u00e1imid br\u00f3d\u00fail as taith\u00ed cluich\u00edochta den scoth a shol\u00e1thar agus taca\u00edocht eisceacht\u00fail a thairiscint do chustaim\u00e9ir\u00ed. T\u00e1 \u00e1r seirbh\u00eds D\u00e9an Teagmh\u00e1il Linn deartha le bheith mar l\u00edne dh\u00edreach agat chuig \u00e1r bhfoireann taca\u00edochta iontach, ag cinnti\u00fa go mbeidh do thuras tr\u00edd an r\u00e9altra cluich\u00edochta r\u00e9idh, taitneamhach agus gan dua. Ceangail linn inniu, agus lig do RocketPlay Casino do thaith\u00ed cluich\u00edochta a ard\u00fa chuig airde nua!<\/p>\n","protected":false},"excerpt":{"rendered":"<p>Tuigimid go bhf\u00e9adfadh ceisteanna a chur n\u00f3 fiosracht a spreagadh m\u00e1 dh\u00e9antar nasclean\u00faint ar an r\u00e9altra cearrbhachais. Sin an f\u00e1th a sol\u00e1thra\u00edonn RocketPlay Casino seirbh\u00eds \u00e9ifeachtach agus inrochtana D\u00e9an Teagmh\u00e1il Linn, ag cinnti\u00fa go gcomhl\u00edontar do chuid fiosr\u00fach\u00e1n le c\u00fanamh pras agus cuiditheach. Taca\u00edocht do Chustaim\u00e9ir\u00ed: C\u00fanamh Timpeall an Chlog Ag RocketPlay Casino, is \u00e9&#8230;<\/p>\n","protected":false},"author":1,"featured_media":0,"parent":0,"menu_order":0,"comment_status":"closed","ping_status":"closed","template":"page-with-bonus.php","meta":{"_acf_changed":false,"_kad_post_transparent":"default","_kad_post_title":"default","_kad_post_layout":"default","_kad_post_sidebar_id":"","_kad_post_content_style":"default","_kad_post_vertical_padding":"default","_kad_post_feature":"","_kad_post_feature_position":"","_kad_post_header":false,"_kad_post_footer":false,"footnotes":""},"class_list":["post-4366","page","type-page","status-publish","hentry"],"acf":[],"rttpg_featured_image_url":null,"rttpg_author":{"display_name":"Tom","author_link":"https:\/\/rocketplay-game.com\/ga\/author\/pemvas95n89x\/"},"rttpg_comment":0,"rttpg_category":null,"rttpg_excerpt":"Tuigimid go bhf\u00e9adfadh ceisteanna a chur n\u00f3 fiosracht a spreagadh m\u00e1 dh\u00e9antar nasclean\u00faint ar an r\u00e9altra cearrbhachais. Sin an f\u00e1th a sol\u00e1thra\u00edonn RocketPlay Casino seirbh\u00eds \u00e9ifeachtach agus inrochtana D\u00e9an Teagmh\u00e1il Linn, ag cinnti\u00fa go gcomhl\u00edontar do chuid fiosr\u00fach\u00e1n le c\u00fanamh pras agus cuiditheach. Taca\u00edocht do Chustaim\u00e9ir\u00ed: C\u00fanamh Timpeall an Chlog Ag RocketPlay Casino, is \u00e9...","_links":{"self":[{"href":"https:\/\/rocketplay-game.com\/ga\/wp-json\/wp\/v2\/pages\/4366","targetHints":{"allow":["GET"]}}],"collection":[{"href":"https:\/\/rocketplay-game.com\/ga\/wp-json\/wp\/v2\/pages"}],"about":[{"href":"https:\/\/rocketplay-game.com\/ga\/wp-json\/wp\/v2\/types\/page"}],"author":[{"embeddable":true,"href":"https:\/\/rocketplay-game.com\/ga\/wp-json\/wp\/v2\/users\/1"}],"replies":[{"embeddable":true,"href":"https:\/\/rocketplay-game.com\/ga\/wp-json\/wp\/v2\/comments?post=4366"}],"version-history":[{"count":1,"href":"https:\/\/rocketplay-game.com\/ga\/wp-json\/wp\/v2\/pages\/4366\/revisions"}],"predecessor-version":[{"id":4367,"href":"https:\/\/rocketplay-game.com\/ga\/wp-json\/wp\/v2\/pages\/4366\/revisions\/4367"}],"wp:attachment":[{"href":"https:\/\/rocketplay-game.com\/ga\/wp-json\/wp\/v2\/media?parent=4366"}],"curies":[{"name":"wp","href":"https:\/\/api.w.org\/{rel}","templated":true}]}}