{"id":4393,"date":"2024-01-22T15:37:01","date_gmt":"2024-01-22T12:37:01","guid":{"rendered":"https:\/\/rocketplay-game.com\/gdpr-policy\/"},"modified":"2024-01-22T18:05:28","modified_gmt":"2024-01-22T15:05:28","slug":"gdpr-policy","status":"publish","type":"page","link":"https:\/\/rocketplay-game.com\/ga\/gdpr-policy\/","title":{"rendered":"Beartas GDPR"},"content":{"rendered":"<p>I ndomhan dinimici\u00fail na gcearrbhachas ar l\u00edne, seasann RocketPlay Casino amach n\u00ed hamh\u00e1in as a chuid cluich\u00ed corraitheacha agus eisp\u00e9iris thumoideachais ach freisin as a thiomantas gan staonadh do chosaint sonra\u00ed \u00fas\u00e1ideoir\u00ed. I gcomhr\u00e9ir leis an Rialach\u00e1n Ginear\u00e1lta um Chosaint Sonra\u00ed (GDPR), t\u00e1 beartas pr\u00edobh\u00e1ideachta l\u00e1idir curtha i bhfeidhm ag RocketPlay Casino chun a chinnti\u00fa go l\u00e1imhse\u00e1iltear faisn\u00e9is phearsanta na n-imreoir\u00ed leis an gc\u00faram agus an tr\u00e9dhearcacht is m\u00f3. Is teist \u00e9 an polasa\u00ed GDPR seo ar \u00e1r dtiomantas do thimpeallacht chearrbhachais shl\u00e1n agus thaitneamhach a chruth\u00fa d\u00e1r n-\u00fas\u00e1ideoir\u00ed.<\/p>\n<h2>Tr\u00e9dhearcacht agus Cuntasacht<\/h2>\n<p>Ag RocketPlay Casino, t\u00e1 tr\u00e9dhearcacht ag cro\u00edl\u00e1r \u00e1r strait\u00e9is comhl\u00edonta GDPR. Creidimid \u00e1r n-imreoir\u00ed a chur ar an eolas faoin gcaoi a mbail\u00edtear, a bpr\u00f3ise\u00e1iltear agus a \u00fas\u00e1idtear a gcuid sonra\u00ed. T\u00e1 \u00e1r bpolasa\u00ed pr\u00edobh\u00e1ideachais inrochtana go h\u00e9asca ar \u00e1r su\u00edomh Gr\u00e9as\u00e1in, ag cur forbhreathn\u00fa cuimsitheach ar f\u00e1il d\u2019\u00fas\u00e1ideoir\u00ed ar an bhfaisn\u00e9is a bhail\u00edmid agus na cr\u00edocha a n-\u00fas\u00e1idimid \u00ed.<\/p>\n<p>Chun cuntasacht a chinnti\u00fa, t\u00e1 Oifigeach Cosanta Sonra\u00ed ainmnithe againn at\u00e1 freagrach as maoirsi\u00fa a dh\u00e9anamh ar chomhl\u00edonadh na ndl\u00edthe cosanta sonra\u00ed agus as aghaidh a thabhairt ar aon fhiosr\u00fach\u00e1in n\u00f3 imn\u00ed \u00f3 \u00fas\u00e1ideoir\u00ed. Feidhm\u00edonn an OCS mar phointe teagmh\u00e1la idir RocketPlay Casino agus \u00fadar\u00e1is um chosaint sonra\u00ed, ag coth\u00fa cur chuige tr\u00e9dhearcach agus cuntasach maidir le pr\u00edobh\u00e1ideacht sonra\u00ed.<\/p>\n<h2>Pr\u00f3ise\u00e1il Sonra\u00ed C\u00f3ra agus C\u00f3ra<\/h2>\n<p>Clo\u00edonn RocketPlay Casino leis na prionsabail a bhaineann le pr\u00f3ise\u00e1il sonra\u00ed cothrom agus dleathach at\u00e1 leagtha amach sa GDPR. Bail\u00edmid agus pr\u00f3ise\u00e1ilimid faisn\u00e9is phearsanta chun cr\u00edocha saini\u00fala agus dlisteanacha amh\u00e1in, ag cinnti\u00fa go bhfuil a fhios ag \u00e1r n-\u00fas\u00e1ideoir\u00ed na c\u00faiseanna at\u00e1 taobh thiar de bhaili\u00fa sonra\u00ed. Cib\u00e9 an cl\u00e1r\u00fa cuntais, pr\u00f3ise\u00e1il idirbheart n\u00f3 eisp\u00e9iris chearrbhachais phearsantaithe \u00e9, tugaimid tosa\u00edocht do thr\u00e9dhearcacht in\u00e1r gcleachtais phr\u00f3ise\u00e1la sonra\u00ed.<\/p>\n<p>Ina theannta sin, clo\u00edmid go docht le prionsabal an \u00edoslaghdaithe, ag baili\u00fa na sonra\u00ed is g\u00e1 chun na cr\u00edche at\u00e1 beartaithe amh\u00e1in. Cinnt\u00edonn s\u00e9 seo go gcoime\u00e1dann RocketPlay Casino cur chuige caol agus d\u00edrithe ar phr\u00f3ise\u00e1il sonra\u00ed, ag \u00edoslaghd\u00fa an tionchar f\u00e9ideartha ar phr\u00edobh\u00e1ideacht \u00fas\u00e1ideoir\u00ed.<\/p>\n<h2>Toili\u00fa agus Rial\u00fa \u00das\u00e1ideora<\/h2>\n<p>T\u00e1 s\u00e9 r\u00edth\u00e1bhachtach toili\u00fa an \u00fas\u00e1ideora a urram\u00fa in iarrachta\u00ed comhl\u00edonta GDPR RocketPlay Casino. Iarraimid toili\u00fa sainr\u00e1ite \u00f3n\u00e1r n-\u00fas\u00e1ideoir\u00ed roimh a gcuid faisn\u00e9ise pearsanta a bhaili\u00fa agus a phr\u00f3ise\u00e1il. Le linn an phr\u00f3isis cl\u00e1r\u00fach\u00e1in cuntas, cuirtear faisn\u00e9is shoil\u00e9ir agus bheacht ar f\u00e1il d\u2019imreoir\u00ed faoi na sonra\u00ed a bhail\u00edmid agus conas a \u00fas\u00e1idfear iad. Is f\u00e9idir le h\u00fas\u00e1ideoir\u00ed tarraingt siar as gn\u00edomha\u00edochta\u00ed pr\u00f3ise\u00e1la sonra\u00ed \u00e1irithe, rud a thugann smacht d\u00f3ibh ar a gcuid faisn\u00e9ise pearsanta.<\/p>\n<p>Aithn\u00edonn RocketPlay Casino freisin an ceart at\u00e1 ag \u00fas\u00e1ideoir\u00ed a gcuid sonra\u00ed a rochtain, a cheart\u00fa n\u00f3 a scriosadh. Ligeann \u00e1r gcomh\u00e9adan at\u00e1 \u00e9asca le h\u00fas\u00e1id d\u2019imreoir\u00ed a socruithe pr\u00edobh\u00e1ideachais a bhainisti\u00fa agus a n-eisp\u00e9ireas cearrbhachais a oiri\u00fan\u00fa de r\u00e9ir a roghanna. Tugann an tiomantas seo do rial\u00fa \u00fas\u00e1ideoir\u00ed cumhacht d\u00e1r n-imreoir\u00ed agus nearta\u00edonn s\u00e9 \u00e1r dtiomantas do chearta pr\u00edobh\u00e1ideachais an duine aonair a urram\u00fa.<\/p>\n<h2>Bearta Sl\u00e1nd\u00e1la agus Sl\u00e1ine Sonra\u00ed<\/h2>\n<p>T\u00e1 cosaint sonra\u00ed \u00fas\u00e1ideoir\u00ed mar phr\u00edomhthosa\u00edocht ag RocketPlay Casino. Bainimid feidhm as bearta sl\u00e1nd\u00e1la den scoth chun faisn\u00e9is phearsanta a chosaint \u00f3 rochtain neamh\u00fadaraithe, nochtadh, athr\u00fa agus scrios. Cinnt\u00edonn \u00e1r bhfreastalaithe sl\u00e1na, \u00e1r bpr\u00f3tacail cripti\u00fach\u00e1in, agus \u00e1r n-ini\u00fachta\u00ed sl\u00e1nd\u00e1la rialta sl\u00e1ine agus r\u00fandacht na sonra\u00ed a l\u00e1imhse\u00e1ilimid.<\/p>\n<p>I gcomhr\u00e9ir le GDPR um chosaint sonra\u00ed tr\u00ed dhearadh agus de r\u00e9ir phrionsabail r\u00e9amhshocraithe, t\u00e1 bearta pr\u00edobh\u00e1ideachta comhth\u00e1ite againn in\u00e1r n-ard\u00e1n cearrbhachais \u00f3n t\u00fas. Comhl\u00edonann an cur chuige r\u00e9amhghn\u00edomhach seo ceanglais rial\u00e1la agus l\u00e9ir\u00edonn s\u00e9 \u00e1r dtiomantas do thimpeallacht chearrbhachais shl\u00e1n agus iontaofa a shol\u00e1thar.<\/p>\n<h2>Aistrithe Idirn\u00e1isi\u00fanta Sonra\u00ed agus Conartha\u00ed Tr\u00ed\u00fa P\u00e1irt\u00ed<\/h2>\n<p>Mar ard\u00e1n cearrbhachais domhanda ar l\u00edne, d\u2019fh\u00e9adfadh aistri\u00fa sonra\u00ed \u00fas\u00e1ideoir\u00ed thar theorainneacha idirn\u00e1isi\u00fanta a bheith i gceist le RocketPlay Casino. Chun comhl\u00edonadh an GDPR a chinnti\u00fa, t\u00e1 cosaint\u00ed cu\u00ed curtha i bhfeidhm againn, mar Chl\u00e1sail Chaighde\u00e1nacha Conarthacha (SCCanna), chun aistri\u00fa dleathach faisn\u00e9ise pearsanta a chinnti\u00fa. R\u00e1tha\u00edonn na comhaontuithe conarthacha seo le tr\u00ed\u00fa p\u00e1irtithe go nd\u00e9ile\u00e1iltear le sonra\u00ed leis an leibh\u00e9al c\u00e9anna cosanta agus at\u00e1 sainordaithe ag an GDPR.<\/p>\n<p>Agus sol\u00e1thraithe seirbh\u00edse tr\u00ed\u00fa p\u00e1irt\u00ed i dteagmh\u00e1il, roghna\u00edonn RocketPlay Casino go c\u00faramach comhph\u00e1irtithe a roinneann \u00e1r dtiomantas do chosaint sonra\u00ed. \u00c1ir\u00edonn \u00e1r gconartha\u00ed leis na heintitis seo cl\u00e1sail shonracha a thugann aghaidh ar phr\u00edobh\u00e1ideachas agus sl\u00e1nd\u00e1il sonra\u00ed, ag treisi\u00fa \u00e1r dtiomantas do na caighde\u00e1in is airde um chosaint \u00fas\u00e1ideoir\u00ed a choinne\u00e1il.<\/p>\n<h2>Freagairt agus F\u00f3gra ar Sh\u00e1r\u00fa Sonra\u00ed<\/h2>\n<p>In ainneoin bearta sl\u00e1nd\u00e1la d\u00e9ine, admha\u00edonn RocketPlay Casino go bhf\u00e9adfadh s\u00e1ruithe sonra\u00ed a bheith ann. I gc\u00e1s teagmhas sl\u00e1nd\u00e1la, t\u00e1 \u00e1r bhfoireann mearfhreagartha s\u00e1sta beart a dh\u00e9anamh l\u00e1ithreach chun an tionchar a mhaol\u00fa. Clo\u00edimid le ceanglais fh\u00f3gra an GDPR, ag cur \u00fas\u00e1ideoir\u00ed agus \u00fadar\u00e1is \u00e1bhartha ar an eolas faoin s\u00e1r\u00fa go pras. Cinnt\u00edonn an chumars\u00e1id thr\u00e9dhearcach seo go gcuirtear \u00e1r n-\u00fas\u00e1ideoir\u00ed ar an eolas agus go dtugtar de chumhacht d\u00f3ibh bearta cu\u00ed a ghlacadh chun a gcuid faisn\u00e9ise a chosaint.<\/p>\n<h2>Feabhs\u00fach\u00e1n Lean\u00fanach agus Monat\u00f3ireacht ar Chomhl\u00edonta<\/h2>\n<p>F\u00e9achann RocketPlay Casino ar chomhl\u00edonadh GDPR mar ghealltanas lean\u00fanach seachas tasc aonuaire. D\u00e9anaimid monat\u00f3ireacht lean\u00fanach ar fhorbairt\u00ed rial\u00e1la, ag nuashonr\u00fa \u00e1r gcleachtais phr\u00edobh\u00e1ideachais chun ail\u00edni\u00fa le haon athruithe ar dhl\u00edthe cosanta sonra\u00ed. S\u00edneann \u00e1r dtiomantas do chomhl\u00edonadh thar oibleag\u00e1id\u00ed dl\u00edthi\u00fala; l\u00e9ir\u00edonn s\u00e9 \u00e1r dtiomantas maidir le muin\u00edn agus tr\u00e9dhearcacht a choth\u00fa len\u00e1r bpobal imreoir\u00ed.<\/p>\n<p>D\u00e9antar ini\u00fachta\u00ed agus meas\u00fanuithe rialta chun \u00e9ifeachtacht \u00e1r mbearta comhl\u00edonta GDPR a mheas. Cuid\u00edonn aiseolas \u00f3 \u00fas\u00e1ideoir\u00ed, \u00fadar\u00e1is rial\u00e1la, agus meast\u00f3ireachta\u00ed inmhe\u00e1nacha le feabhas lean\u00fanach a chur ar \u00e1r gcleachtais um chosaint sonra\u00ed. Treis\u00edonn an cur chuige r\u00e9amhghn\u00edomhach seo seasamh RocketPlay Casino mar mhaor freagrach ar shonra\u00ed \u00fas\u00e1ideoir\u00ed sa tionscal cearrbhachais ar l\u00edne.<\/p>\n","protected":false},"excerpt":{"rendered":"<p>I ndomhan dinimici\u00fail na gcearrbhachas ar l\u00edne, seasann RocketPlay Casino amach n\u00ed hamh\u00e1in as a chuid cluich\u00ed corraitheacha agus eisp\u00e9iris thumoideachais ach freisin as a thiomantas gan staonadh do chosaint sonra\u00ed \u00fas\u00e1ideoir\u00ed. I gcomhr\u00e9ir leis an Rialach\u00e1n Ginear\u00e1lta um Chosaint Sonra\u00ed (GDPR), t\u00e1 beartas pr\u00edobh\u00e1ideachta l\u00e1idir curtha i bhfeidhm ag RocketPlay Casino chun a chinnti\u00fa&#8230;<\/p>\n","protected":false},"author":1,"featured_media":0,"parent":0,"menu_order":0,"comment_status":"closed","ping_status":"closed","template":"page-with-bonus.php","meta":{"_acf_changed":false,"_kad_post_transparent":"default","_kad_post_title":"default","_kad_post_layout":"default","_kad_post_sidebar_id":"","_kad_post_content_style":"default","_kad_post_vertical_padding":"default","_kad_post_feature":"","_kad_post_feature_position":"","_kad_post_header":false,"_kad_post_footer":false,"footnotes":""},"class_list":["post-4393","page","type-page","status-publish","hentry"],"acf":[],"rttpg_featured_image_url":null,"rttpg_author":{"display_name":"Tom","author_link":"https:\/\/rocketplay-game.com\/ga\/author\/pemvas95n89x\/"},"rttpg_comment":0,"rttpg_category":null,"rttpg_excerpt":"I ndomhan dinimici\u00fail na gcearrbhachas ar l\u00edne, seasann RocketPlay Casino amach n\u00ed hamh\u00e1in as a chuid cluich\u00ed corraitheacha agus eisp\u00e9iris thumoideachais ach freisin as a thiomantas gan staonadh do chosaint sonra\u00ed \u00fas\u00e1ideoir\u00ed. I gcomhr\u00e9ir leis an Rialach\u00e1n Ginear\u00e1lta um Chosaint Sonra\u00ed (GDPR), t\u00e1 beartas pr\u00edobh\u00e1ideachta l\u00e1idir curtha i bhfeidhm ag RocketPlay Casino chun a chinnti\u00fa...","_links":{"self":[{"href":"https:\/\/rocketplay-game.com\/ga\/wp-json\/wp\/v2\/pages\/4393","targetHints":{"allow":["GET"]}}],"collection":[{"href":"https:\/\/rocketplay-game.com\/ga\/wp-json\/wp\/v2\/pages"}],"about":[{"href":"https:\/\/rocketplay-game.com\/ga\/wp-json\/wp\/v2\/types\/page"}],"author":[{"embeddable":true,"href":"https:\/\/rocketplay-game.com\/ga\/wp-json\/wp\/v2\/users\/1"}],"replies":[{"embeddable":true,"href":"https:\/\/rocketplay-game.com\/ga\/wp-json\/wp\/v2\/comments?post=4393"}],"version-history":[{"count":1,"href":"https:\/\/rocketplay-game.com\/ga\/wp-json\/wp\/v2\/pages\/4393\/revisions"}],"predecessor-version":[{"id":4394,"href":"https:\/\/rocketplay-game.com\/ga\/wp-json\/wp\/v2\/pages\/4393\/revisions\/4394"}],"wp:attachment":[{"href":"https:\/\/rocketplay-game.com\/ga\/wp-json\/wp\/v2\/media?parent=4393"}],"curies":[{"name":"wp","href":"https:\/\/api.w.org\/{rel}","templated":true}]}}