{"id":4419,"date":"2024-01-22T15:53:20","date_gmt":"2024-01-22T12:53:20","guid":{"rendered":"https:\/\/rocketplay-game.com\/kyc-policy\/"},"modified":"2024-01-22T18:18:27","modified_gmt":"2024-01-22T15:18:27","slug":"kyc-policy","status":"publish","type":"page","link":"https:\/\/rocketplay-game.com\/ga\/kyc-policy\/","title":{"rendered":"Beartas KYC"},"content":{"rendered":"<p>T\u00e1 beartas KYC RocketPlay Casino deartha chun c\u00e9annacht a chuid imreoir\u00ed a fh\u00edor\u00fa agus a chinnti\u00fa go gcomhl\u00edontar ceanglais rial\u00e1la. Is \u00e9 an pr\u00edomhsprioc n\u00e1 gn\u00edomha\u00edochta\u00ed calaoiseacha a chosc, amhail goid c\u00e9annachta agus sci\u00faradh airgid, agus sl\u00e1ine an ard\u00e1in chearrbhachais a choinne\u00e1il. T\u00e1 s\u00e9 mar aidhm ag RocketPlay Casino eisp\u00e9ireas cearrbhachais iontaofa agus tr\u00e9dhearcach a shol\u00e1thar d\u00e1 n-\u00fas\u00e1ideoir\u00ed go l\u00e9ir tr\u00ed clo\u00ed le n\u00f3sanna imeachta dochta KYC.<\/p>\n<h2>Pr\u00f3iseas Cl\u00e1raithe agus F\u00edoraithe \u00das\u00e1ideora<\/h2>\n<p>Ar chl\u00e1r\u00fa ag RocketPlay Casino, n\u00ed m\u00f3r d&#8217;imreoir\u00ed faisn\u00e9is phearsanta at\u00e1 cruinn agus cothrom le d\u00e1ta a shol\u00e1thar. \u00c1ir\u00edtear leis seo ainm ioml\u00e1n, d\u00e1ta breithe, seoladh, agus faisn\u00e9is teagmh\u00e1la. \u00das\u00e1ideann an ceasa\u00edneo ardteicneola\u00edochta\u00ed criptithe chun na sonra\u00ed \u00edogaire seo a chosaint, ag cinnti\u00fa go mbainfidh imreoir\u00ed taitneamh as a n-eisp\u00e9ireas cearrbhachais le suaimhneas intinne.<\/p>\n<p>Tosa\u00edonn an f\u00edor\u00fa le doicim\u00e9id aitheantais a chur isteach, lena n-\u00e1ir\u00edtear aitheantas arna eisi\u00faint ag an rialtas, pas n\u00f3 cead\u00fanas tiom\u00e1na. Ina theannta sin, d\u2019fh\u00e9adfadh go mbeadh ar imreoir\u00ed cruth\u00fanas seolta a shol\u00e1thar, amhail bille f\u00f3ntais n\u00f3 r\u00e1iteas bainc. D\u00e9anann foireann thiomanta KYC an cheasa\u00edneo athbhreithni\u00fa c\u00faramach ar na doicim\u00e9id seo, a oibr\u00edonn go d\u00edcheallach chun an fhaisn\u00e9is a chuirtear ar f\u00e1il a fh\u00edordheimhni\u00fa.<\/p>\n<h2>Ag Cosaint i gCoinne Goid Aitheantais<\/h2>\n<p>Is \u00e1bhar imn\u00ed forleathan \u00e9 goid aitheantais san aois dhigiteach, agus t\u00e1 RocketPlay Casino tiomanta do theagmhais den s\u00f3rt sin a chosc laistigh d\u00e1 ard\u00e1n. Is bac l\u00e1idir \u00e9 pr\u00f3iseas f\u00edoraithe cr\u00edochn\u00fail KYC i gcoinne daoine aonair neamh\u00fadaraithe a dh\u00e9anann iarracht cuntais a chruth\u00fa tr\u00ed \u00fas\u00e1id a bhaint as f\u00e9ini\u00falachta\u00ed goidte n\u00f3 br\u00e9agacha. Tr\u00ed dhlisteanacht gach imreoir a dhearbh\u00fa, d\u00e9anann an ceasa\u00edneo sp\u00e1s sl\u00e1n do dh\u00edograiseoir\u00ed cearrbhachais f\u00edor chun taitneamh a bhaint as a gcuid cluich\u00ed is fearr leat gan eagla roimh goid aitheantais.<\/p>\n<h2>C\u00f3ras Imirt agus Cearrbhachas Freagrach a Chinnti\u00fa<\/h2>\n<p>Chomh maith le gn\u00edomha\u00edochta\u00ed calaoiseacha a chosc, t\u00e1 beartas KYC RocketPlay Casino r\u00edth\u00e1bhachtach chun cothrom na f\u00e9inne agus cearrbhachas freagrach a chur chun cinn. Tr\u00ed aois agus c\u00e9annacht na n-imreoir\u00ed a fh\u00edor\u00fa, cinnt\u00edonn an ceasa\u00edneo nach dtugtar rochtain ar an ard\u00e1n ach do dhaoine aonair in aois dl\u00edthi\u00fail cearrbhachais. T\u00e1 s\u00e9 seo ag teacht le tiomantas an cheasa\u00edneo do chleachtais chearrbhachais fhreagracha agus cabhra\u00edonn s\u00e9 le timpeallacht \u00fas\u00e1ideora n\u00edos s\u00e1bh\u00e1ilte a chruth\u00fa.<\/p>\n<h2>Comhl\u00edonadh Caighde\u00e1in Rial\u00e1la<\/h2>\n<p>T\u00e1 RocketPlay Casino tiomanta go hioml\u00e1n do na caighde\u00e1in rial\u00e1la at\u00e1 leagtha amach ag \u00fadar\u00e1is chearrbhachais a chomhl\u00edonadh. Gn\u00e9 r\u00edth\u00e1bhachtach den ghealltanas seo is ea beartas cuimsitheach KYC a chur i bhfeidhm. Tr\u00ed chlo\u00ed leis na caighde\u00e1in seo, comhl\u00edonann an ceasa\u00edneo na ceanglais dhl\u00edthi\u00fala agus l\u00e9ir\u00edonn s\u00e9 a thiomantas ard\u00e1n cearrbhachais ar l\u00edne a bhfuil c\u00e1il air agus iontaofa a choinne\u00e1il.<\/p>\n<h2>Pr\u00f3iseas F\u00edoraithe Sruthl\u00ednithe agus \u00c9ifeacht\u00fail<\/h2>\n<p>Le tuiscint a fh\u00e1il ar an t\u00e1bhacht a bhaineann le taith\u00ed cearrbhachais gan uaim, t\u00e1 infheist\u00edocht d\u00e9anta ag RocketPlay Casino i bpr\u00f3iseas f\u00edoraithe KYC sruthl\u00ednithe agus \u00e9ifeachtach a chruth\u00fa. Mar gheall ar chomh\u00e9adan at\u00e1 \u00e9asca le h\u00fas\u00e1id an cheasa\u00edneo agus treoracha soil\u00e9ire, b\u00edonn s\u00e9 \u00e9asca d\u2019imreoir\u00ed na doicim\u00e9id riachtanacha a chur isteach agus an pr\u00f3iseas f\u00edoraithe a chr\u00edochn\u00fa gan aon mhoill gan gh\u00e1. Cinnt\u00edonn an tiomantas seo maidir le h\u00e9ifeachtacht gur f\u00e9idir le himreoir\u00ed taitneamh a bhaint as na cluich\u00ed is fearr leo go tapa agus na caighde\u00e1in sl\u00e1nd\u00e1la is airde \u00e1 gcoime\u00e1d acu.<\/p>\n<h2>Cosaint Sonra\u00ed agus Pr\u00edobh\u00e1ideachas<\/h2>\n<p>Cuireann RocketPlay Casino ardtosa\u00edocht ar chosaint sonra\u00ed imreoir\u00ed agus pr\u00edobh\u00e1ideacht. D\u00e9antar an fhaisn\u00e9is go l\u00e9ir a bhail\u00edtear le linn phr\u00f3iseas KYC a l\u00e1imhse\u00e1il go c\u00faramach agus \u00ed a st\u00f3r\u00e1il go sl\u00e1n ag baint \u00fas\u00e1ide as ardphr\u00f3tacail criptithe. Clo\u00edonn an ceasa\u00edneo go docht leis na rialach\u00e1in um chosaint sonra\u00ed, ag cinnti\u00fa nach roinntear faisn\u00e9is imreoir\u00ed le tr\u00ed\u00fa p\u00e1irtithe neamh\u00fadaraithe. Treis\u00edonn an tiomantas seo don phr\u00edobh\u00e1ideachas an muin\u00edn at\u00e1 ag imreoir\u00ed in RocketPlay Casino.<\/p>\n<h2>Faireach\u00e1n agus Nuashonr\u00fa Lean\u00fanach<\/h2>\n<p>T\u00e1 domhan na gcearrbhachas ar l\u00edne dinimici\u00fail, agus aithn\u00edonn RocketPlay Casino an g\u00e1 at\u00e1 le monat\u00f3ireacht lean\u00fanach agus nuashonr\u00fa ar a n\u00f3sanna imeachta KYC. Fanann an ceasa\u00edneo ar an eolas faoi dhul chun cinn teicneola\u00edochta agus athruithe rial\u00e1la lena chinnti\u00fa go bhfanann a bheartas KYC \u00e9ifeachtach agus go gcomhl\u00edonann s\u00e9 caighde\u00e1in an tionscail. L\u00e9ir\u00edonn an cur chuige r\u00e9amhghn\u00edomhach seo tiomantas an cheasa\u00edneo do thimpeallacht chearrbhachais shl\u00e1n a shol\u00e1thar a fhorbra\u00edonn leis an t\u00edrdhreach cearrbhachais ar l\u00edne a bh\u00edonn ag s\u00edorathr\u00fa.<\/p>\n<p>Seasann beartas KYC RocketPlay Casino mar theist ar a thiomantas gan staonadh do shl\u00e1nd\u00e1il imreoir\u00ed, cothrom na f\u00e9inne, agus cearrbhachas freagrach. Tr\u00ed phr\u00f3iseas f\u00edoraithe dian a chur i bhfeidhm, crutha\u00edonn an Casino ard\u00e1n iontaofa inar f\u00e9idir le himreoir\u00ed dul i mbun a gcuid cluich\u00ed is fearr leo go muin\u00edneach. Leis an measc\u00e1n de theicneola\u00edocht cheannr\u00f3da\u00edoch, comhl\u00edonadh rial\u00e1la, agus comh\u00e9adan at\u00e1 \u00e9asca le h\u00fas\u00e1id, seasann RocketPlay Casino mar cheannaire sa tionscal cearrbhachais ar l\u00edne, at\u00e1 tiomanta do thaith\u00ed sl\u00e1n agus taitneamhach a sheachadadh d\u2019imreoir\u00ed ar fud an domhain.<\/p>\n","protected":false},"excerpt":{"rendered":"<p>T\u00e1 beartas KYC RocketPlay Casino deartha chun c\u00e9annacht a chuid imreoir\u00ed a fh\u00edor\u00fa agus a chinnti\u00fa go gcomhl\u00edontar ceanglais rial\u00e1la. Is \u00e9 an pr\u00edomhsprioc n\u00e1 gn\u00edomha\u00edochta\u00ed calaoiseacha a chosc, amhail goid c\u00e9annachta agus sci\u00faradh airgid, agus sl\u00e1ine an ard\u00e1in chearrbhachais a choinne\u00e1il. T\u00e1 s\u00e9 mar aidhm ag RocketPlay Casino eisp\u00e9ireas cearrbhachais iontaofa agus tr\u00e9dhearcach a&#8230;<\/p>\n","protected":false},"author":1,"featured_media":0,"parent":0,"menu_order":0,"comment_status":"closed","ping_status":"closed","template":"page-with-bonus.php","meta":{"_acf_changed":false,"_kad_post_transparent":"default","_kad_post_title":"default","_kad_post_layout":"default","_kad_post_sidebar_id":"","_kad_post_content_style":"default","_kad_post_vertical_padding":"default","_kad_post_feature":"","_kad_post_feature_position":"","_kad_post_header":false,"_kad_post_footer":false,"footnotes":""},"class_list":["post-4419","page","type-page","status-publish","hentry"],"acf":[],"rttpg_featured_image_url":null,"rttpg_author":{"display_name":"Tom","author_link":"https:\/\/rocketplay-game.com\/ga\/author\/pemvas95n89x\/"},"rttpg_comment":0,"rttpg_category":null,"rttpg_excerpt":"T\u00e1 beartas KYC RocketPlay Casino deartha chun c\u00e9annacht a chuid imreoir\u00ed a fh\u00edor\u00fa agus a chinnti\u00fa go gcomhl\u00edontar ceanglais rial\u00e1la. Is \u00e9 an pr\u00edomhsprioc n\u00e1 gn\u00edomha\u00edochta\u00ed calaoiseacha a chosc, amhail goid c\u00e9annachta agus sci\u00faradh airgid, agus sl\u00e1ine an ard\u00e1in chearrbhachais a choinne\u00e1il. T\u00e1 s\u00e9 mar aidhm ag RocketPlay Casino eisp\u00e9ireas cearrbhachais iontaofa agus tr\u00e9dhearcach a...","_links":{"self":[{"href":"https:\/\/rocketplay-game.com\/ga\/wp-json\/wp\/v2\/pages\/4419","targetHints":{"allow":["GET"]}}],"collection":[{"href":"https:\/\/rocketplay-game.com\/ga\/wp-json\/wp\/v2\/pages"}],"about":[{"href":"https:\/\/rocketplay-game.com\/ga\/wp-json\/wp\/v2\/types\/page"}],"author":[{"embeddable":true,"href":"https:\/\/rocketplay-game.com\/ga\/wp-json\/wp\/v2\/users\/1"}],"replies":[{"embeddable":true,"href":"https:\/\/rocketplay-game.com\/ga\/wp-json\/wp\/v2\/comments?post=4419"}],"version-history":[{"count":1,"href":"https:\/\/rocketplay-game.com\/ga\/wp-json\/wp\/v2\/pages\/4419\/revisions"}],"predecessor-version":[{"id":4420,"href":"https:\/\/rocketplay-game.com\/ga\/wp-json\/wp\/v2\/pages\/4419\/revisions\/4420"}],"wp:attachment":[{"href":"https:\/\/rocketplay-game.com\/ga\/wp-json\/wp\/v2\/media?parent=4419"}],"curies":[{"name":"wp","href":"https:\/\/api.w.org\/{rel}","templated":true}]}}