{"id":4455,"date":"2024-01-22T15:23:25","date_gmt":"2024-01-22T12:23:25","guid":{"rendered":"https:\/\/rocketplay-game.com\/privacy-policy\/"},"modified":"2024-01-22T18:41:06","modified_gmt":"2024-01-22T15:41:06","slug":"privacy-policy","status":"publish","type":"page","link":"https:\/\/rocketplay-game.com\/ga\/privacy-policy\/","title":{"rendered":"Beartas Pr\u00edobh\u00e1ideachais"},"content":{"rendered":"<p>Ag RocketPlay Casino, is m\u00f3r againn d\u2019iontaobhas agus tugaimid tosa\u00edocht do r\u00fandacht do shonra\u00ed. L\u00e9ir\u00edonn an Beartas Pr\u00edobh\u00e1ideachta seo na cine\u00e1lacha faisn\u00e9ise a bhail\u00edmid, na cr\u00edocha a n-\u00fas\u00e1idimid \u00ed, agus na bearta a chuirimid i bhfeidhm chun do shonra\u00ed a choinne\u00e1il sl\u00e1n. Tr\u00ed dhul i dteagmh\u00e1il len\u00e1r n-ard\u00e1n, toil\u00edonn t\u00fa leis na t\u00e9arma\u00ed at\u00e1 leagtha amach anseo.<\/p>\n<h2>Baili\u00fa agus \u00das\u00e1id Faisn\u00e9ise<\/h2>\n<h3>Faisn\u00e9is Phearsanta<\/h3>\n<p>Bail\u00edonn RocketPlay Casino faisn\u00e9is phearsanta agus t\u00fa ag cl\u00e1r\u00fa le haghaidh cuntas, ag d\u00e9anamh idirbhearta, n\u00f3 ag idirghn\u00edomh\u00fa len\u00e1r seirbh\u00eds\u00ed. D\u2019fh\u00e9adfadh d\u2019ainm, seoladh r\u00edomhphoist, d\u00e1ta breithe agus sonra\u00ed \u00edoca\u00edochta a bheith san \u00e1ireamh leis seo ach n\u00edl s\u00e9 teoranta d\u00f3ibh. Bainimid \u00fas\u00e1id as an bhfaisn\u00e9is seo chun do chuntas a chruth\u00fa agus a bhainisti\u00fa, chun idirbhearta a phr\u00f3ise\u00e1il agus chun d\u2019eisp\u00e9ireas cearrbhachais a phearsant\u00fa.<\/p>\n<h3>Faisn\u00e9is Neamhphearsanta<\/h3>\n<p>Chomh maith le faisn\u00e9is phearsanta, f\u00e9adfaimid sonra\u00ed neamhphearsanta a bhaili\u00fa, amhail faisn\u00e9is gl\u00e9as, seolta\u00ed IP, agus sonra\u00ed brabhs\u00e1la\u00ed. T\u00e1 an fhaisn\u00e9is seo r\u00edth\u00e1bhachtach chun feidhm\u00edocht \u00e1r n-ard\u00e1n a bharrfheabhs\u00fa, sl\u00e1nd\u00e1il a fheabhs\u00fa, agus anail\u00eds a dh\u00e9anamh ar threochta\u00ed \u00fas\u00e1ideoir\u00ed chun \u00e1r seirbh\u00eds\u00ed a fheabhs\u00fa.<\/p>\n<h2>Fian\u00e1in agus Teicneola\u00edochta\u00ed Rianaithe<\/h2>\n<p>Fosta\u00edonn RocketPlay Casino fian\u00e1in agus teicneola\u00edochta\u00ed rianaithe comhchos\u00fala chun eisp\u00e9ireas an \u00fas\u00e1ideora a fheabhs\u00fa agus chun faisn\u00e9is luachmhar a bhaili\u00fa faoi \u00fas\u00e1id an l\u00e1ithre\u00e1in. Cabhra\u00edonn na teicneola\u00edochta\u00ed seo linn \u00e1r seirbh\u00eds\u00ed a chur in oiri\u00faint do do chuid sainroghanna, rannph\u00e1irt\u00edocht \u00fas\u00e1ideoir\u00ed a rian\u00fa, agus f\u00f3gra\u00ed spriocdh\u00edrithe a shol\u00e1thar. T\u00e1 an rogha agat sainroghanna fian\u00e1n a bhainisti\u00fa tr\u00ed shocruithe do bhrabhs\u00e1la\u00ed.<\/p>\n<h2>Conas a \u00das\u00e1idimid Do chuid Faisn\u00e9ise<\/h2>\n<h3>Bainist\u00edocht Cuntas<\/h3>\n<p>T\u00e1 d\u2019fhaisn\u00e9is phearsanta r\u00edth\u00e1bhachtach chun do chuntas RocketPlay Casino a chruth\u00fa agus a bhainisti\u00fa. \u00c1ir\u00edonn s\u00e9 seo f\u00edordheimhni\u00fa, f\u00edor\u00fa cuntais, agus cumars\u00e1id a bhaineann le st\u00e1das do chuntais.<\/p>\n<h3>Pr\u00f3ise\u00e1il Idirbheart<\/h3>\n<p>Nuair a dh\u00e9anann t\u00fa idirbhearta airgeadais ar \u00e1r n-ard\u00e1n, mar thaisc\u00ed n\u00f3 aistarraingt\u00ed, \u00fas\u00e1idimid d\u2019fhaisn\u00e9is \u00edoca\u00edochta chun na pr\u00f3isis seo a \u00e9asc\u00fa go sl\u00e1n agus go h\u00e9ifeachtach.<\/p>\n<h3>Pearsan\u00fa<\/h3>\n<p>Ligeann tuiscint do shainroghanna d\u00fainn do thaith\u00ed cluich\u00edochta a phearsant\u00fa. \u00d3 mholta\u00ed cluiche go tairiscint\u00ed cur chun cinn, d\u00e9anaimid \u00e1r nd\u00edcheall do chuid ama ag RocketPlay Casino a dh\u00e9anamh chomh taitneamhach agus in oiri\u00faint do do leasanna agus is f\u00e9idir.<\/p>\n<h3>Sl\u00e1nd\u00e1il agus Cosc Calaoise<\/h3>\n<p>Bainimid \u00fas\u00e1id as bearta sl\u00e1nd\u00e1la d\u00e9ine chun do chuid faisn\u00e9ise a chosaint \u00f3 rochtain neamh\u00fadaraithe, ag cinnti\u00fa sl\u00e1ine \u00e1r n-ard\u00e1n. \u00das\u00e1idtear anail\u00eds sonra\u00ed freisin chun gn\u00edomha\u00edochta\u00ed calaoiseacha a bhrath agus a chosc.<\/p>\n<h3>Anail\u00eds agus Feabhs\u00fa<\/h3>\n<p>\u00das\u00e1idtear faisn\u00e9is neamhphearsanta le haghaidh anail\u00eds\u00edochta chun l\u00e9argais a fh\u00e1il ar iompar \u00fas\u00e1ideoir\u00ed, chun \u00e1r n-ard\u00e1n a bharrfheabhs\u00fa, agus chun c\u00e1il\u00edocht \u00e1r seirbh\u00eds\u00ed a fheabhs\u00fa go lean\u00fanach.<\/p>\n<h2>Comhroinnt agus Nochtadh Sonra\u00ed<\/h2>\n<p>T\u00e1 RocketPlay Casino tiomanta do roinnt do chuid faisn\u00e9ise pearsanta a theorann\u00fa. N\u00ed dh\u00edolaimid n\u00e1 n\u00ed ligimid do shonra\u00ed ar c\u00edos le tr\u00ed\u00fa p\u00e1irtithe. Mar sin f\u00e9in, d\u2019fh\u00e9adfadh go mbeadh g\u00e1 le nochtadh faisn\u00e9ise i gc\u00fains\u00ed \u00e1irithe, mar oibleag\u00e1id\u00ed dl\u00edthi\u00fala, \u00e1r dt\u00e9arma\u00ed agus \u00e1r mbeartais a fhorfheidhmi\u00fa, n\u00f3 \u00e1r gcearta agus cearta daoine eile a chosaint.<\/p>\n<h2>Seirbh\u00eds\u00ed Tr\u00ed\u00fa P\u00e1irt\u00ed<\/h2>\n<p>Agus t\u00fa ag baint \u00fas\u00e1ide as RocketPlay Casino, f\u00e9adfaidh t\u00fa teacht ar naisc chuig l\u00e1ithre\u00e1in ghr\u00e9as\u00e1in n\u00f3 seirbh\u00eds\u00ed tr\u00ed\u00fa p\u00e1irt\u00ed. N\u00ed bhaineann \u00e1r bPolasa\u00ed Pr\u00edobh\u00e1ideachta ach le faisn\u00e9is a bhail\u00edmid, agus molaimid duit athbhreithni\u00fa a dh\u00e9anamh ar bheartais phr\u00edobh\u00e1ideachais aon seirbh\u00eds\u00ed tr\u00ed\u00fa p\u00e1irt\u00ed ar f\u00e9idir leat rochtain a fh\u00e1il orthu tr\u00edd \u00e1r n-ard\u00e1n.<\/p>\n<h2>Coinne\u00e1il Sonra\u00ed<\/h2>\n<p>N\u00ed choinneoimid do chuid faisn\u00e9ise pearsanta ach chomh fada agus is g\u00e1 chun na cusp\u00f3ir\u00ed at\u00e1 leagtha amach sa Bheartas Pr\u00edobh\u00e1ideachta seo a chomhl\u00edonadh. Nuair nach mb\u00edonn an fhaisn\u00e9is ag teast\u00e1il a thuilleadh, d\u00e9antar \u00ed a dhi\u00fascairt go sl\u00e1n n\u00f3 gan ainm.<\/p>\n<h2>Do Chearta<\/h2>\n<p>T\u00e1 meas ag RocketPlay Casino ar do chearta maidir le do chuid faisn\u00e9ise pearsanta. T\u00e1 s\u00e9 de cheart agat do shonra\u00ed a rochtain, a cheart\u00fa n\u00f3 a scriosadh. M\u00e1 t\u00e1 aon fhiosr\u00fach\u00e1in n\u00f3 iarratais agat maidir le do chuid faisn\u00e9ise, t\u00e9igh i dteagmh\u00e1il len\u00e1r bhfoireann taca\u00edochta do chustaim\u00e9ir\u00ed le do thoil.<\/p>\n<h2>Bearta Sl\u00e1nd\u00e1la<\/h2>\n<p>Cuireann RocketPlay Casino bearta sl\u00e1nd\u00e1la de chaighde\u00e1n an tionscail i bhfeidhm chun do chuid faisn\u00e9ise pearsanta a chosaint. \u00c1ir\u00edtear leis seo pr\u00f3tacail criptithe, teicneola\u00edocht ciseal soic\u00e9ad sl\u00e1n (SSL), agus ini\u00fachta\u00ed sl\u00e1nd\u00e1la rialta chun leochaileachta\u00ed f\u00e9ideartha a aithint agus aghaidh a thabhairt orthu.<\/p>\n<h2>Nuashonruithe ar an bPolasa\u00ed Pr\u00edobh\u00e1ideachta<\/h2>\n<p>Forchoime\u00e1dann RocketPlay Casino an ceart an Beartas Pr\u00edobh\u00e1ideachta seo a nuashonr\u00fa go tr\u00e9imhsi\u00fail chun oiri\u00fan\u00fa do chaighde\u00e1in phr\u00edobh\u00e1ideachta at\u00e1 ag teacht chun cinn agus dul chun cinn teicneola\u00edochta. Cuirfear \u00fas\u00e1ideoir\u00ed ar an eolas faoi aon athruithe \u00e1bhartha, agus moltar athbhreithni\u00fa rialta a dh\u00e9anamh ar an mbeartas seo.<\/p>\n<h2>Toili\u00fa<\/h2>\n<p>Tr\u00ed \u00fas\u00e1id a bhaint as RocketPlay Casino, admha\u00edonn t\u00fa do thoili\u00fa le t\u00e9arma\u00ed an Bheartais Pr\u00edobh\u00e1ideachta seo. Mura n-aonta\u00edonn t\u00fa le gn\u00e9 ar bith den pholasa\u00ed, n\u00e1 b\u00edodh aon leisce ort \u00e1r seirbh\u00eds\u00ed a \u00fas\u00e1id.<\/p>\n<p>Agus t\u00fa ag dul ar thuras cluich\u00edochta spreag\u00fail le RocketPlay Casino, b\u00ed cinnte gurb \u00e9 do phr\u00edobh\u00e1ideachas \u00e1r bpr\u00edomhthosa\u00edocht. T\u00e1imid go daingean in\u00e1r dtiomantas do na caighde\u00e1in is airde um chosaint sonra\u00ed a choinne\u00e1il, ag cinnti\u00fa go bhfuil do thaith\u00ed linne spreag\u00fail, sl\u00e1n agus faoi r\u00fan. Thig leat ini\u00fachadh a dh\u00e9anamh ar \u00e1r gcluich\u00ed fairsinge, prom\u00f3isin, agus gn\u00e9ithe, agus fios a bheith agat go bhfuil do phr\u00edobh\u00e1ideachas cosanta gach uair. F\u00e1ilte go RocketPlay Casino, \u00e1it a dtagann siamsa\u00edocht agus pr\u00edobh\u00e1ideacht le ch\u00e9ile gan uaim.<\/p>\n","protected":false},"excerpt":{"rendered":"<p>Ag RocketPlay Casino, is m\u00f3r againn d\u2019iontaobhas agus tugaimid tosa\u00edocht do r\u00fandacht do shonra\u00ed. L\u00e9ir\u00edonn an Beartas Pr\u00edobh\u00e1ideachta seo na cine\u00e1lacha faisn\u00e9ise a bhail\u00edmid, na cr\u00edocha a n-\u00fas\u00e1idimid \u00ed, agus na bearta a chuirimid i bhfeidhm chun do shonra\u00ed a choinne\u00e1il sl\u00e1n. Tr\u00ed dhul i dteagmh\u00e1il len\u00e1r n-ard\u00e1n, toil\u00edonn t\u00fa leis na t\u00e9arma\u00ed at\u00e1 leagtha&#8230;<\/p>\n","protected":false},"author":1,"featured_media":0,"parent":0,"menu_order":0,"comment_status":"closed","ping_status":"closed","template":"page-with-bonus.php","meta":{"_acf_changed":false,"_kad_post_transparent":"default","_kad_post_title":"default","_kad_post_layout":"default","_kad_post_sidebar_id":"","_kad_post_content_style":"default","_kad_post_vertical_padding":"default","_kad_post_feature":"","_kad_post_feature_position":"","_kad_post_header":false,"_kad_post_footer":false,"footnotes":""},"class_list":["post-4455","page","type-page","status-publish","hentry"],"acf":[],"rttpg_featured_image_url":null,"rttpg_author":{"display_name":"Tom","author_link":"https:\/\/rocketplay-game.com\/ga\/author\/pemvas95n89x\/"},"rttpg_comment":0,"rttpg_category":null,"rttpg_excerpt":"Ag RocketPlay Casino, is m\u00f3r againn d\u2019iontaobhas agus tugaimid tosa\u00edocht do r\u00fandacht do shonra\u00ed. L\u00e9ir\u00edonn an Beartas Pr\u00edobh\u00e1ideachta seo na cine\u00e1lacha faisn\u00e9ise a bhail\u00edmid, na cr\u00edocha a n-\u00fas\u00e1idimid \u00ed, agus na bearta a chuirimid i bhfeidhm chun do shonra\u00ed a choinne\u00e1il sl\u00e1n. Tr\u00ed dhul i dteagmh\u00e1il len\u00e1r n-ard\u00e1n, toil\u00edonn t\u00fa leis na t\u00e9arma\u00ed at\u00e1 leagtha...","_links":{"self":[{"href":"https:\/\/rocketplay-game.com\/ga\/wp-json\/wp\/v2\/pages\/4455","targetHints":{"allow":["GET"]}}],"collection":[{"href":"https:\/\/rocketplay-game.com\/ga\/wp-json\/wp\/v2\/pages"}],"about":[{"href":"https:\/\/rocketplay-game.com\/ga\/wp-json\/wp\/v2\/types\/page"}],"author":[{"embeddable":true,"href":"https:\/\/rocketplay-game.com\/ga\/wp-json\/wp\/v2\/users\/1"}],"replies":[{"embeddable":true,"href":"https:\/\/rocketplay-game.com\/ga\/wp-json\/wp\/v2\/comments?post=4455"}],"version-history":[{"count":1,"href":"https:\/\/rocketplay-game.com\/ga\/wp-json\/wp\/v2\/pages\/4455\/revisions"}],"predecessor-version":[{"id":4457,"href":"https:\/\/rocketplay-game.com\/ga\/wp-json\/wp\/v2\/pages\/4455\/revisions\/4457"}],"wp:attachment":[{"href":"https:\/\/rocketplay-game.com\/ga\/wp-json\/wp\/v2\/media?parent=4455"}],"curies":[{"name":"wp","href":"https:\/\/api.w.org\/{rel}","templated":true}]}}