{"id":4471,"date":"2024-01-22T15:07:28","date_gmt":"2024-01-22T12:07:28","guid":{"rendered":"https:\/\/rocketplay-game.com\/responsible-gaming\/"},"modified":"2024-01-22T18:48:39","modified_gmt":"2024-01-22T15:48:39","slug":"responsible-gaming","status":"publish","type":"page","link":"https:\/\/rocketplay-game.com\/ga\/responsible-gaming\/","title":{"rendered":"Cearrbhachas Freagrach"},"content":{"rendered":"<p>Seasann RocketPlay Casino amach mar chearrbhachas freagrach, ag leagan s\u00edos caighde\u00e1in nua maidir le foll\u00e1ine imreoir\u00ed agus cleachtais chearrbhachais eitici\u00fala i ndomhan gasta na gceasa\u00edneonna ar l\u00edne. Mar leant\u00f3ir sa tionscal, aithn\u00edonn RocketPlay Casino an t\u00e1bhacht a bhaineann le timpeallacht sh\u00e1bh\u00e1ilte agus thaitneamhach a chruth\u00fa d\u00e1 imreoir\u00ed. T\u00e1 an tiomantas seo cuimsithe ina dtionscnamh cuimsitheach um Chearrbhachas Freagrach.<\/p>\n<h2>R\u00e9amhr\u00e1 ar Chearrbhachas Freagrach ag RocketPlay Casino<\/h2>\n<p>Ag RocketPlay Casino, n\u00ed beartas amh\u00e1in at\u00e1 i gCearrbhachas Freagrach; is feals\u00fanacht \u00ed at\u00e1 fite fuaite i ngach gn\u00e9 d\u00e1 oibr\u00edocht. Tuigeann an Casino gur ch\u00f3ir go mbeadh sult an chluiche cothrom i gc\u00f3na\u00ed le tiomantas do sh\u00e1bh\u00e1ilteacht imreoir\u00ed agus iompar freagrach. Treora\u00edonn an fheals\u00fanacht seo dearadh a n-ard\u00e1n, cur i bhfeidhm na teicneola\u00edochta ceannr\u00f3da\u00edoch, agus bun\u00fa comhph\u00e1irt\u00edochta\u00ed le heagra\u00edochta\u00ed ceannais at\u00e1 tiomanta do chearrbhachas freagrach a chur chun cinn.<\/p>\n<h2>Oideachas agus Feasacht Imreoir\u00ed<\/h2>\n<p>Bunchloch de chearrbhachas freagrach ag RocketPlay Casino is ea imreoir\u00ed a bhfuil eolas acu a chumas\u00fa. Sol\u00e1thra\u00edonn an t-ard\u00e1n acmhainn\u00ed fairsinge chun imreoir\u00ed a chur ar an eolas faoi na riosca\u00ed f\u00e9ideartha a bhaineann le cearrbhachas agus conas cothroma\u00edocht shl\u00e1inti\u00fail a choinne\u00e1il. Cinnt\u00edonn RocketPlay Casino go bhfuil imreoir\u00ed ar an eolas go maith faoi chleachtais cearrbhachais fhreagracha tr\u00ed ailt fhaisn\u00e9iseacha, ranganna teagaisc idirghn\u00edomhacha agus \u00e1bhar tarraingteach.<\/p>\n<h2>Uirlis\u00ed F\u00e9inmheas\u00fanaithe le haghaidh Teorainneacha Cearrbhachais Phearsanta<\/h2>\n<p>T\u00e9ann RocketPlay Casino n\u00edos faide n\u00e1 na gn\u00e1thbhearta cearrbhachais freagracha tr\u00ed uirlis\u00ed f\u00e9inmheas\u00fanaithe sofaistici\u00fala a thairiscint d\u2019imreoir\u00ed. Cuireann na huirlis\u00ed seo ar chumas na n-imreoir\u00ed a n-iompra\u00edocht cearrbhachais a mheas agus teorainneacha pearsantaithe a shocr\u00fa ag teacht lena roghanna agus lena gcumas airgeadais. Tr\u00ed imreoir\u00ed a spreagadh chun teorainneacha ar thaisc\u00ed, caillteanais, agus tr\u00e9imhs\u00ed seisi\u00fain a bhun\u00fa, tugann RocketPlay Casino de chumhacht d\u00f3ibh smacht a choinne\u00e1il ar a n-eisp\u00e9ireas cearrbhachais.<\/p>\n<h2>Teicneola\u00edocht \u00farscothach um Chosaint Imreora<\/h2>\n<p>Is teist \u00e9 comhth\u00e1th\u00fa na teicneola\u00edochta nua-aimseartha ar thiomantas RocketPlay Casino do chosaint imreoir\u00ed. \u00das\u00e1idtear ard-halgartaim agus intleacht shaorga chun iompar fadhbach cearrbhachais a bhrath agus a chosc. Cinnt\u00edonn an cur chuige r\u00e9amhghn\u00edomhach seo go n-aithn\u00edtear saincheisteanna f\u00e9ideartha go luath, rud a cheada\u00edonn idirghabh\u00e1lacha tr\u00e1th\u00fala chun imreoir\u00ed a chosaint.<\/p>\n<h2>Comhoibri\u00fa le Saineolaithe Tionscail agus Eagra\u00edochta\u00ed Taca\u00edochta<\/h2>\n<p>Comhoibr\u00edonn RocketPlay Casino le saineolaithe tionscail agus eagra\u00edochta\u00ed taca\u00edochta ina th\u00f3ir barr feabhais i gcearrbhachas freagrach. Tr\u00ed chomhph\u00e1irt\u00edocht le heintitis cheannr\u00f3da\u00edocha at\u00e1 ag speisial\u00fa i gcosc and\u00faile i gcearrbhachas agus i gc\u00fanamh imreoir\u00ed, cuireann an ceasa\u00edneo lena chumas taca\u00edocht chuimsitheach a shol\u00e1thar d\u2019imreoir\u00ed at\u00e1 ag tabhairt aghaidh ar dh\u00fashl\u00e1in. Treis\u00edonn an iarracht chomhoibr\u00edoch seo tiomantas RocketPlay Casino do chult\u00far cearrbhachais freagrach a choth\u00fa ar fud an tionscail.<\/p>\n<h2>Clo\u00ed go docht le Caighde\u00e1in Dl\u00ed agus Rial\u00e1la<\/h2>\n<p>Aithn\u00edonn RocketPlay Casino an t\u00e1bhacht a bhaineann le clo\u00ed go docht le caighde\u00e1in dhl\u00edthi\u00fala agus rial\u00e1la chun timpeallacht cearrbhachais at\u00e1 sl\u00e1n agus freagrach a chinnti\u00fa. Feidhm\u00edonn an ceasa\u00edneo le tr\u00e9dhearcacht agus ionracas, ag obair go dl\u00fath le comhlachta\u00ed rial\u00e1la chun bearta a chur i bhfeidhm a chosna\u00edonn imreoir\u00ed agus a chuireann cleachtais chearrbhachais fhreagracha chun cinn. Tr\u00ed fanacht ar th\u00fas cadhna\u00edochta maidir le comhl\u00edonadh rial\u00e1la, leagann RocketPlay Casino sampla d\u2019oibreoir\u00ed eile sa tionscal.<\/p>\n<h2>Foireann Taca\u00edochta Tiomnaithe don Chearrbhachas Freagrach<\/h2>\n<p>Gn\u00e9 r\u00edth\u00e1bhachtach de thionscnamh Chearrbhachas Freagrach RocketPlay Casino n\u00e1 a fhoireann taca\u00edochta tiomnaithe. T\u00e1 an fhoireann seo comhdh\u00e9anta de dhaoine gairmi\u00fala oilte a bhfuil saineolas acu i gcleachtais chearrbhachais fhreagracha, agus b\u00edonn siad ar f\u00e1il gach l\u00e1 chun cabhr\u00fa le himreoir\u00ed. Cib\u00e9 an bhfuil s\u00ed \u00e1 threor\u00fa, ag socr\u00fa teorainneacha, ag tairiscint acmhainn\u00ed le haghaidh taca\u00edochta, n\u00f3 ag \u00e9asc\u00fa iarratais ar fh\u00e9in-eisiamh, t\u00e1 r\u00f3l r\u00edth\u00e1bhachtach ag an bhfoireann taca\u00edochta i dtaca le tiomantas an cheasa\u00edneo i leith cearrbhachas freagrach a sheasamh.<\/p>\n<h2>Rannph\u00e1irt\u00edocht Phobail agus Freagracht Sh\u00f3isialta<\/h2>\n<p>Taobh amuigh de bhalla\u00ed f\u00edor\u00fala an cheasa\u00edneo, cuireann RocketPlay a thiomantas do chearrbhachas freagrach isteach sa phobal i gcoitinne. Glacann an ceasa\u00edneo go gn\u00edomhach le tionscnaimh a chuireann freagracht sh\u00f3isialta chun cinn agus a thugann aghaidh ar thionchar n\u00edos leithne an chearrbhachais. T\u00e1 s\u00e9 mar aidhm ag RocketPlay Casino cur go dearfach leis an tsocha\u00ed agus cur chuige ioml\u00e1na\u00edoch a choth\u00fa maidir le cearrbhachas freagrach tr\u00ed thac\u00fa le cl\u00e1ir phobail, feachtais oideachais agus eagra\u00edochta\u00ed carthanachta.<\/p>\n<h2>Feabhs\u00fa Lean\u00fanach agus Nu\u00e1la\u00edocht<\/h2>\n<p>F\u00e9achann RocketPlay Casino ar chearrbhachas freagrach mar ghealltanas \u00e9abhl\u00f3ideach a \u00e9il\u00edonn feabhs\u00fa agus nu\u00e1la\u00edocht lean\u00fanach. Infheist\u00edonn an ceasa\u00edneo i dtaighde agus i bhforbairt chun teicneola\u00edochta\u00ed agus strait\u00e9is\u00ed nua a fhiosr\u00fa a fheabhsa\u00edonn cosaint imreoir\u00ed. Tr\u00ed fanacht chun tosaigh ar threochta\u00ed at\u00e1 ag teacht chun cinn, cinnt\u00edonn RocketPlay Casino go bhfanann a thionscnamh um Chearrbhachas Freagrach ar th\u00fas cadhna\u00edochta an tionscail, ag leagan s\u00edos tagarmharcanna do dhaoine eile a lean\u00faint.<\/p>\n<h2>Eisp\u00e9ireas Cearrbhachais N\u00edos S\u00e1bh\u00e1ilte agus N\u00edos Taitneamha\u00ed<\/h2>\n<p>Mar fhocal scoir, t\u00e1 tionscnamh Cearrbhachais Freagrach RocketPlay Casino ina theist ar a thiomantas chun eisp\u00e9ireas cearrbhachais n\u00edos s\u00e1bh\u00e1ilte agus n\u00edos taitneamha\u00ed a shol\u00e1thar. Tr\u00ed th\u00fas \u00e1ite a thabhairt d\u2019fholl\u00e1ine na n-imreoir\u00ed, infheist\u00edocht a dh\u00e9anamh i dteicneola\u00edocht, agus comhoibri\u00fa le saineolaithe tionscail, t\u00e1 RocketPlay Casino tar \u00e9is \u00e9 f\u00e9in a bhun\u00fa mar cheannaire i gcleachtais cearrbhachais freagracha. De r\u00e9ir mar a th\u00e9ann imreoir\u00ed ar a dturas cearrbhachais ag RocketPlay Casino, is f\u00e9idir leo \u00e9 sin a dh\u00e9anamh go muin\u00edneach, agus a fhios acu gur cuid de phobal iad a bhfuil meas acu ar sh\u00fagradh freagrach agus a thugann tosa\u00edocht d\u00e1 s\u00e1bh\u00e1ilteacht agus d\u00e1 dtaitneamhacht thar aon rud eile.<\/p>\n","protected":false},"excerpt":{"rendered":"<p>Seasann RocketPlay Casino amach mar chearrbhachas freagrach, ag leagan s\u00edos caighde\u00e1in nua maidir le foll\u00e1ine imreoir\u00ed agus cleachtais chearrbhachais eitici\u00fala i ndomhan gasta na gceasa\u00edneonna ar l\u00edne. Mar leant\u00f3ir sa tionscal, aithn\u00edonn RocketPlay Casino an t\u00e1bhacht a bhaineann le timpeallacht sh\u00e1bh\u00e1ilte agus thaitneamhach a chruth\u00fa d\u00e1 imreoir\u00ed. T\u00e1 an tiomantas seo cuimsithe ina dtionscnamh cuimsitheach&#8230;<\/p>\n","protected":false},"author":1,"featured_media":0,"parent":0,"menu_order":0,"comment_status":"closed","ping_status":"closed","template":"page-with-bonus.php","meta":{"_acf_changed":false,"_kad_post_transparent":"default","_kad_post_title":"default","_kad_post_layout":"default","_kad_post_sidebar_id":"","_kad_post_content_style":"default","_kad_post_vertical_padding":"default","_kad_post_feature":"","_kad_post_feature_position":"","_kad_post_header":false,"_kad_post_footer":false,"footnotes":""},"class_list":["post-4471","page","type-page","status-publish","hentry"],"acf":[],"rttpg_featured_image_url":null,"rttpg_author":{"display_name":"Tom","author_link":"https:\/\/rocketplay-game.com\/ga\/author\/pemvas95n89x\/"},"rttpg_comment":0,"rttpg_category":null,"rttpg_excerpt":"Seasann RocketPlay Casino amach mar chearrbhachas freagrach, ag leagan s\u00edos caighde\u00e1in nua maidir le foll\u00e1ine imreoir\u00ed agus cleachtais chearrbhachais eitici\u00fala i ndomhan gasta na gceasa\u00edneonna ar l\u00edne. Mar leant\u00f3ir sa tionscal, aithn\u00edonn RocketPlay Casino an t\u00e1bhacht a bhaineann le timpeallacht sh\u00e1bh\u00e1ilte agus thaitneamhach a chruth\u00fa d\u00e1 imreoir\u00ed. T\u00e1 an tiomantas seo cuimsithe ina dtionscnamh cuimsitheach...","_links":{"self":[{"href":"https:\/\/rocketplay-game.com\/ga\/wp-json\/wp\/v2\/pages\/4471","targetHints":{"allow":["GET"]}}],"collection":[{"href":"https:\/\/rocketplay-game.com\/ga\/wp-json\/wp\/v2\/pages"}],"about":[{"href":"https:\/\/rocketplay-game.com\/ga\/wp-json\/wp\/v2\/types\/page"}],"author":[{"embeddable":true,"href":"https:\/\/rocketplay-game.com\/ga\/wp-json\/wp\/v2\/users\/1"}],"replies":[{"embeddable":true,"href":"https:\/\/rocketplay-game.com\/ga\/wp-json\/wp\/v2\/comments?post=4471"}],"version-history":[{"count":1,"href":"https:\/\/rocketplay-game.com\/ga\/wp-json\/wp\/v2\/pages\/4471\/revisions"}],"predecessor-version":[{"id":4472,"href":"https:\/\/rocketplay-game.com\/ga\/wp-json\/wp\/v2\/pages\/4471\/revisions\/4472"}],"wp:attachment":[{"href":"https:\/\/rocketplay-game.com\/ga\/wp-json\/wp\/v2\/media?parent=4471"}],"curies":[{"name":"wp","href":"https:\/\/api.w.org\/{rel}","templated":true}]}}