{"id":4498,"date":"2024-01-22T15:16:23","date_gmt":"2024-01-22T12:16:23","guid":{"rendered":"https:\/\/rocketplay-game.com\/terms-conditions\/"},"modified":"2024-01-22T19:04:27","modified_gmt":"2024-01-22T16:04:27","slug":"terms-conditions","status":"publish","type":"page","link":"https:\/\/rocketplay-game.com\/ga\/terms-conditions\/","title":{"rendered":"T\u00e9arma\u00ed \u204a Coinn\u00edollacha"},"content":{"rendered":"<p>F\u00e1ilte go RocketPlay Casino, \u00e1it a dtagann siamsa\u00edocht agus spleodar le ch\u00e9ile le cearrbhachas freagrach. Sula dtosa\u00edonn t\u00fa ar do thuras spleodrach tr\u00ed shaol na gcluich\u00ed ceasa\u00edneo ar l\u00edne, t\u00e1 s\u00e9 r\u00edth\u00e1bhachtach eolas a chur ar \u00e1r dT\u00e9arma\u00ed agus Coinn\u00edollacha. Cinnt\u00edonn na treoirl\u00ednte seo eisp\u00e9ireas sl\u00e1n, cothrom agus taitneamhach don imreoir.<\/p>\n<h2>Comhaont\u00fa \u00das\u00e1ideora<\/h2>\n<p>Tr\u00ed rochtain a fh\u00e1il ar RocketPlay Casino, aonta\u00edonn t\u00fa clo\u00ed len\u00e1r gComhaont\u00fa \u00das\u00e1ideora. Buna\u00edtear leis an gcomhaont\u00fa seo na t\u00e9arma\u00ed \u00fas\u00e1ide d\u00e1r n-ard\u00e1n agus leagtar amach ann freagrachta\u00ed an imreora agus an cheasa\u00edneo araon. L\u00e9igh agus tuig an doicim\u00e9ad seo go maith sula dt\u00e9ann t\u00fa i mbun aon ghn\u00edomha\u00edochta\u00ed cearrbhachais.<\/p>\n<h2>C\u00e1ilitheacht<\/h2>\n<p>T\u00e1 RocketPlay Casino oscailte d\u2019imreoir\u00ed a chomhl\u00edonann na ceanglais aoise dl\u00edthi\u00fala ina ndl\u00ednse. T\u00e1 an t-imreoir freagrach as comhl\u00edonadh na ndl\u00edthe \u00e1iti\u00fala maidir le cearrbhachas ar l\u00edne a chinnti\u00fa. Cuirimid bearta f\u00edoraithe aoise i bhfeidhm go docht chun timpeallacht chearrbhachais sh\u00e1bh\u00e1ilte a chur chun cinn.<\/p>\n<h2>Sl\u00e1nd\u00e1il Cuntais<\/h2>\n<p>Is freagracht chomhroinnte \u00e9 do chuntas a shl\u00e1n\u00fa. Roghnaigh pasfhocal l\u00e1idir, coinnigh faoi r\u00fan \u00e9, agus seachain sonra\u00ed do chuntais a roinnt. N\u00ed iarrfaidh RocketPlay Casino do phasfhocal tr\u00ed r\u00edomhphost n\u00f3 tr\u00ed mhodh ar bith eile. M\u00e1 t\u00e1 amhras ort faoi rochtain neamh\u00fadaraithe, d\u00e9an teagmh\u00e1il len\u00e1r bhfoireann taca\u00edochta l\u00e1ithreach.<\/p>\n<h2>Taisc\u00ed agus Aistarraingt\u00ed<\/h2>\n<p>Tugann RocketPlay Casino modhanna \u00edoca\u00edochta \u00e9ags\u00fala le haghaidh taisc\u00ed agus aistarraingt\u00ed. Cuir t\u00fa f\u00e9in ar an eolas faoi na roghanna at\u00e1 ar f\u00e1il, na t\u00e1ill\u00ed gaolmhara, agus na hamanna pr\u00f3ise\u00e1la. Tugaimid tosa\u00edocht d&#8217;idirbhearta sl\u00e1na, ag baint leasa as ardteicneola\u00edocht criptithe chun d&#8217;fhaisn\u00e9is airgeadais a chosaint.<\/p>\n<h2>Cearrbhachas Freagrach<\/h2>\n<p>T\u00e1imid tiomanta do chleachtais chearrbhachais fhreagracha a chur chun cinn. Ceada\u00edonn RocketPlay Casino imreoir\u00ed chun taisc\u00ed, caillteanais agus tr\u00e9imhs\u00ed seisi\u00fain a theorann\u00fa. M\u00e1 bhraitheann t\u00fa go bhfuil fadhb ag baint le do chearrbhachas, bain \u00fas\u00e1id as \u00e1r roghanna f\u00e9in-eisiaimh n\u00f3 lorg c\u00fanamh \u00f3 eagra\u00edochta\u00ed cearrbhachais freagracha.<\/p>\n<h2>C\u00f3ir Imirt<\/h2>\n<p>Ag RocketPlay Casino, t\u00e1 cothroime r\u00edth\u00e1bhachtach. D\u00e9anann ini\u00fach\u00f3ir\u00ed neamhsple\u00e1cha t\u00e1st\u00e1il dhian ar \u00e1r gcluich\u00ed chun tortha\u00ed randamacha agus tortha\u00ed neamhchlaonta a chinnti\u00fa. Bainimid \u00fas\u00e1id as Ginead\u00f3ir\u00ed Uimhreacha Randamacha deimhnithe (RNGanna) chun sl\u00e1ine gach seisi\u00fan cearrbhachais a choinne\u00e1il, ag sol\u00e1thar cothrom na f\u00e9inne do gach rannph\u00e1irt\u00ed.<\/p>\n<h2>T\u00e9arma\u00ed agus Coinn\u00edollacha B\u00f3nais<\/h2>\n<p>T\u00e1 arduithe c\u00e9ime agus b\u00f3nais mar chuid den taith\u00ed RocketPlay Casino. Cuir t\u00fa f\u00e9in ar an eolas faoi th\u00e9arma\u00ed agus coinn\u00edollacha sonracha gach tairiscint, lena n-\u00e1ir\u00edtear ceanglais geallchur, d\u00e1ta\u00ed \u00e9aga, agus cluich\u00ed inch\u00e1ilithe. Mura gclo\u00edtear leis, f\u00e9adfar cist\u00ed b\u00f3nais a fhorgh\u00e9illeadh.<\/p>\n<h2>Rialacha Cluiche<\/h2>\n<p>Sula rachaidh t\u00fa isteach sa raon leathan cluich\u00ed a thairgeann RocketPlay Casino, cuir rialacha agus treoirl\u00ednte gach cluiche ar an eolas. M\u00e1 thuigeann t\u00fa na meicnic\u00ed, feabhsa\u00edonn s\u00e9 do thaith\u00ed cluich\u00edochta agus m\u00e9ada\u00edtear an d\u00f3ch\u00falacht go mbeidh tortha\u00ed rath\u00fala ann.<\/p>\n<h2>Foirceannadh agus Fionra\u00ed:<\/h2>\n<p>Forchoime\u00e1dann RocketPlay Casino an ceart chun cuntais a sh\u00e1ra\u00edonn \u00e1r dT\u00e9arma\u00ed agus Coinn\u00edollacha a fhoirceannadh n\u00f3 a chur ar fionra\u00ed. \u00c1ir\u00edtear leis seo, ach n\u00edl s\u00e9 teoranta d\u00f3ibh, gn\u00edomha\u00edochta\u00ed calaoiseacha, m\u00ed-\u00fas\u00e1id b\u00f3nais, agus aon s\u00e1r\u00fa ar an gComhaont\u00fa \u00das\u00e1ideoir. Spreagtar imreoir\u00ed chun imirt go freagrach agus go heitici\u00fail.<\/p>\n<h2>Beartas Pr\u00edobh\u00e1ideachta<\/h2>\n<p>T\u00e1 meas ar do phr\u00edobh\u00e1ideachas ina phr\u00edomhthosa\u00edocht ag RocketPlay Casino. Sonra\u00edonn \u00e1r bPolasa\u00ed Pr\u00edobh\u00e1ideachta conas a bhail\u00edmid, a n-\u00fas\u00e1idimid agus a chosnaimid do chuid faisn\u00e9ise pearsanta. Tr\u00ed \u00fas\u00e1id a bhaint as \u00e1r n-ard\u00e1n, toil\u00edonn t\u00fa leis na cleachtais at\u00e1 leagtha amach sa pholasa\u00ed seo. Bainimid feidhm as bearta sl\u00e1nd\u00e1la de chaighde\u00e1n an tionscail chun do shonra\u00ed a chosaint \u00f3 rochtain neamh\u00fadaraithe.<\/p>\n<h2>Taca\u00edocht do Chustaim\u00e9ir\u00ed<\/h2>\n<p>M\u00e1 bh\u00edonn aon cheisteanna agat n\u00f3 m\u00e1 t\u00e1 ceisteanna agat maidir len\u00e1r dT\u00e9arma\u00ed agus Coinn\u00edollacha, t\u00e1 foireann taca\u00edochta custaim\u00e9ara RocketPlay Casino anseo chun cabhr\u00fa leat. D\u00e9an teagmh\u00e1il len\u00e1r gcomhr\u00e1 beo, r\u00edomhphost n\u00f3 taca\u00edocht teileaf\u00f3in le haghaidh c\u00fanamh pras agus c\u00fairt\u00e9iseach.<\/p>\n<h2>Leasuithe agus Nuashonruithe<\/h2>\n<p>Forchoime\u00e1dann RocketPlay Casino an ceart chun a Th\u00e9arma\u00ed agus Coinn\u00edollacha a nuashonr\u00fa n\u00f3 a leas\u00fa go tr\u00e9imhsi\u00fail. Cuirfear imreoir\u00ed ar an eolas faoi aon athruithe suntasacha, agus cialla\u00edonn \u00fas\u00e1id lean\u00fanach an ard\u00e1in go nglacfar leis na t\u00e9arma\u00ed athbhreithnithe. T\u00e1 s\u00e9 inmholta cuairt a thabhairt ar\u00eds ar na T\u00e9arma\u00ed agus Coinn\u00edollacha go rialta chun fanacht ar an eolas.<\/p>\n<p>T\u00e1 RocketPlay Casino tiomanta do thaith\u00ed cearrbhachais eisceacht\u00fail a shol\u00e1thar laistigh de chreat ionracais, sl\u00e1nd\u00e1la agus freagrachta. Tr\u00ed chlo\u00ed len\u00e1r dT\u00e9arma\u00ed agus Coinn\u00edollacha, rannchuid\u00edonn t\u00fa le pobal br\u00edomhar ceasa\u00edneo ar l\u00edne a chruth\u00fa. Bain sult as sult an chluiche go freagrach, agus b&#8217;fh\u00e9idir go mbeidh d&#8217;eachtra RocketPlay Casino siams\u00fail agus tairbheach.<\/p>\n","protected":false},"excerpt":{"rendered":"<p>F\u00e1ilte go RocketPlay Casino, \u00e1it a dtagann siamsa\u00edocht agus spleodar le ch\u00e9ile le cearrbhachas freagrach. Sula dtosa\u00edonn t\u00fa ar do thuras spleodrach tr\u00ed shaol na gcluich\u00ed ceasa\u00edneo ar l\u00edne, t\u00e1 s\u00e9 r\u00edth\u00e1bhachtach eolas a chur ar \u00e1r dT\u00e9arma\u00ed agus Coinn\u00edollacha. Cinnt\u00edonn na treoirl\u00ednte seo eisp\u00e9ireas sl\u00e1n, cothrom agus taitneamhach don imreoir. Comhaont\u00fa \u00das\u00e1ideora Tr\u00ed rochtain&#8230;<\/p>\n","protected":false},"author":1,"featured_media":0,"parent":0,"menu_order":0,"comment_status":"closed","ping_status":"closed","template":"page-with-bonus.php","meta":{"_acf_changed":false,"_kad_post_transparent":"default","_kad_post_title":"default","_kad_post_layout":"default","_kad_post_sidebar_id":"","_kad_post_content_style":"default","_kad_post_vertical_padding":"default","_kad_post_feature":"","_kad_post_feature_position":"","_kad_post_header":false,"_kad_post_footer":false,"footnotes":""},"class_list":["post-4498","page","type-page","status-publish","hentry"],"acf":[],"rttpg_featured_image_url":null,"rttpg_author":{"display_name":"Tom","author_link":"https:\/\/rocketplay-game.com\/ga\/author\/pemvas95n89x\/"},"rttpg_comment":0,"rttpg_category":null,"rttpg_excerpt":"F\u00e1ilte go RocketPlay Casino, \u00e1it a dtagann siamsa\u00edocht agus spleodar le ch\u00e9ile le cearrbhachas freagrach. Sula dtosa\u00edonn t\u00fa ar do thuras spleodrach tr\u00ed shaol na gcluich\u00ed ceasa\u00edneo ar l\u00edne, t\u00e1 s\u00e9 r\u00edth\u00e1bhachtach eolas a chur ar \u00e1r dT\u00e9arma\u00ed agus Coinn\u00edollacha. Cinnt\u00edonn na treoirl\u00ednte seo eisp\u00e9ireas sl\u00e1n, cothrom agus taitneamhach don imreoir. Comhaont\u00fa \u00das\u00e1ideora Tr\u00ed rochtain...","_links":{"self":[{"href":"https:\/\/rocketplay-game.com\/ga\/wp-json\/wp\/v2\/pages\/4498","targetHints":{"allow":["GET"]}}],"collection":[{"href":"https:\/\/rocketplay-game.com\/ga\/wp-json\/wp\/v2\/pages"}],"about":[{"href":"https:\/\/rocketplay-game.com\/ga\/wp-json\/wp\/v2\/types\/page"}],"author":[{"embeddable":true,"href":"https:\/\/rocketplay-game.com\/ga\/wp-json\/wp\/v2\/users\/1"}],"replies":[{"embeddable":true,"href":"https:\/\/rocketplay-game.com\/ga\/wp-json\/wp\/v2\/comments?post=4498"}],"version-history":[{"count":1,"href":"https:\/\/rocketplay-game.com\/ga\/wp-json\/wp\/v2\/pages\/4498\/revisions"}],"predecessor-version":[{"id":4499,"href":"https:\/\/rocketplay-game.com\/ga\/wp-json\/wp\/v2\/pages\/4498\/revisions\/4499"}],"wp:attachment":[{"href":"https:\/\/rocketplay-game.com\/ga\/wp-json\/wp\/v2\/media?parent=4498"}],"curies":[{"name":"wp","href":"https:\/\/api.w.org\/{rel}","templated":true}]}}