{"id":4522,"date":"2024-01-22T15:28:18","date_gmt":"2024-01-22T12:28:18","guid":{"rendered":"https:\/\/rocketplay-game.com\/underage-gaming-policy\/"},"modified":"2024-01-22T19:16:51","modified_gmt":"2024-01-22T16:16:51","slug":"underage-gaming-policy","status":"publish","type":"page","link":"https:\/\/rocketplay-game.com\/ga\/underage-gaming-policy\/","title":{"rendered":"Beartas Cearrbhachais Faoi Aois"},"content":{"rendered":"<p>I dt\u00edrdhreach dinimici\u00fail na gcearrbhachas ar l\u00edne, seasann RocketPlay Casino amach n\u00ed hamh\u00e1in as a chuid cluich\u00ed corraitheacha agus a lua\u00edochta\u00ed mealltacha ach freisin as a thiomantas do chearrbhachas freagrach. Ag RocketPlay, t\u00e1 foll\u00e1ine na n-imreoir\u00ed r\u00edth\u00e1bhachtach, agus leathna\u00edonn an tiomantas seo chun a chinnti\u00fa go bhfanann cearrbhachas ina ghn\u00edomha\u00edocht thaitneamhach agus aois-oiri\u00fanach. L\u00e9ir\u00edtear \u00e9 seo i bPolasa\u00ed cuimsitheach Cearrbhachais Faoi Aois RocketPlay Casino.<\/p>\n<h2>C\u00e9n F\u00e1th a bhfuil C\u00farsa\u00ed Cearrbhachais Faoi Aois<\/h2>\n<p>Is \u00e1bhar imn\u00ed suntasach \u00ed ceist an chearrbhachais faoi aois sa tionscal cearrbhachais. N\u00ed hamh\u00e1in go s\u00e1ra\u00edtear rialach\u00e1in dhl\u00edthi\u00fala tr\u00ed ligean do dhaoine faoi bhun na haoise dl\u00edthi\u00fala p\u00e1irt a ghlacadh i ngn\u00edomha\u00edochta\u00ed cearrbhachais ach crutha\u00edonn s\u00e9 riosca\u00ed tromch\u00faiseacha do leas na n-imreoir\u00ed faoi aois freisin. Aithn\u00edonn RocketPlay Casino tromch\u00fais na saincheiste seo agus t\u00e1 bearta l\u00e1idre curtha i bhfeidhm aige chun cearrbhachas faoi aois a chosc agus aghaidh a thabhairt air.<\/p>\n<h2>N\u00f3sanna Imeachta F\u00edoraithe Aoise Dian<\/h2>\n<p>Fosta\u00edonn RocketPlay Casino n\u00f3sanna imeachta f\u00edoraithe aoise d\u00e9ine chun sl\u00e1ine a ard\u00e1n cearrbhachais a choinne\u00e1il. Le linn an phr\u00f3isis cl\u00e1r\u00fach\u00e1in, n\u00ed m\u00f3r d\u2019imreoir\u00ed faisn\u00e9is chruinn agus infh\u00edoraithe a shol\u00e1thar, lena n-\u00e1ir\u00edtear a nd\u00e1ta breithe. \u00das\u00e1ideann RocketPlay ardteicneola\u00edochta\u00ed f\u00edor\u00fach\u00e1in chun an fhaisn\u00e9is seo a chrostagairt le bunachair shonra\u00ed iontaofa, ag cinnti\u00fa nach bhfaigheann ach daoine aonair in aois an chearrbhachais dhl\u00edthi\u00fail rochtain ar an ard\u00e1n.<\/p>\n<h2>Comhoibri\u00fa le Seirbh\u00eds\u00ed F\u00edoraithe Aoise<\/h2>\n<p>T\u00e9ann RocketPlay Casino c\u00e9im eile chun cinn tr\u00ed chomhoibri\u00fa le seirbh\u00eds\u00ed f\u00edoraithe aoise creidi\u00fanacha. \u00das\u00e1ideann na seirbh\u00eds\u00ed seo measc\u00e1n de bhunachair shonra\u00ed rialtais agus foins\u00ed iontaofa eile chun aois na n-imreoir\u00ed a fh\u00edor\u00fa go neamhsple\u00e1ch. Cuireann an ciseal breise f\u00edoraithe seo le h\u00e9ifeachtacht phr\u00f3iseas f\u00edoraithe aoise RocketPlay, rud a chrutha\u00edonn timpeallacht n\u00edos sl\u00e1ine do gach imreoir.<\/p>\n<h2>Tionscnaimh Oideachais<\/h2>\n<p>Is gn\u00e9 r\u00edth\u00e1bhachtach de chur chuige RocketPlay Casino maidir le cearrbhachas faoi aois \u00e9 cosc. T\u00e1 an t-ard\u00e1n tiomanta oideachas a chur ar imreoir\u00ed agus a dtuismitheoir\u00ed araon faoi na riosca\u00ed f\u00e9ideartha a bhaineann le cearrbhachas faoi aois. Sol\u00e1thra\u00edonn RocketPlay acmhainn\u00ed faisn\u00e9iseacha, lena n-\u00e1ir\u00edtear ailt agus treoracha, chun cabhr\u00fa le h\u00fas\u00e1ideoir\u00ed tuiscint a fh\u00e1il ar an t\u00e1bhacht a bhaineann le cearrbhachas freagrach agus na hiarmhairt\u00ed f\u00e9ideartha a bhaineann le cearrbhachas faoi aois.<\/p>\n<h2>Rialuithe Tuismitheoir\u00ed agus Monat\u00f3ireacht Cuntas<\/h2>\n<p>Tugann RocketPlay Casino cumhacht do thuismitheoir\u00ed r\u00f3l gn\u00edomhach a ghlacadh i monat\u00f3ireacht agus rial\u00fa a dh\u00e9anamh ar ghn\u00edomha\u00edochta\u00ed cearrbhachais a bp\u00e1ist\u00ed. Cuireann an t-ard\u00e1n gn\u00e9ithe l\u00e1idre rialaithe tuismitheoir\u00ed ar f\u00e1il, rud a ligeann do thuismitheoir\u00ed caiteachas cuntais, rochtain cluich\u00ed agus paraim\u00e9adair eile a theorann\u00fa. Ina theannta sin, fosta\u00edonn RocketPlay uirlis\u00ed monat\u00f3ireachta sofaistici\u00fala chun aon patr\u00fain neamhghn\u00e1cha gn\u00edomha\u00edochta a d&#8217;fh\u00e9adfadh cearrbhachas faoi aois a l\u00e9iri\u00fa. D\u00e9antar beart pras chun aghaidh a thabhairt ar ch\u00e1sanna den s\u00f3rt sin agus chun rochtain neamh\u00fadaraithe eile a chosc.<\/p>\n<h2>Cuntas ar Fhionra\u00ed L\u00e1ithreach<\/h2>\n<p>M\u00e1 shainaithn\u00edonn RocketPlay Casino imreoir at\u00e1 faoi aois n\u00f3 a chuir faisn\u00e9is bhr\u00e9agach aoise ar f\u00e1il, glacann an t-ard\u00e1n gn\u00edomh l\u00e1ithreach agus cinntitheach. Cuirtear cuntas an imreora ar fionra\u00ed, agus c\u00falghairtear gach rochtain ar ghn\u00edomha\u00edochta\u00ed cearrbhachais go dt\u00ed go nd\u00e9antar imscr\u00fad\u00fa cr\u00edochn\u00fail. N\u00ed hamh\u00e1in go seasann an freagra gasta seo le tiomantas an cheasa\u00edneonna do chearrbhachas freagrach ach cuireann s\u00e9 bac freisin ar dhaoine eile a dh\u00e9anann iarracht srianta aoise a sh\u00e1r\u00fa.<\/p>\n<h2>Comhoibri\u00fa le hEagra\u00edochta\u00ed Cearrbhachais Freagracha<\/h2>\n<p>Comhoibr\u00edonn RocketPlay Casino go gn\u00edomhach le heagra\u00edochta\u00ed cearrbhachais agus c\u00e1il, freagracha chun fanacht ar th\u00fas cadhna\u00edochta maidir le dea-chleachtais agus caighde\u00e1in tionscail. Tr\u00ed ph\u00e1irt a ghlacadh sna comhph\u00e1irt\u00edochta\u00ed sin, faigheann an ceasa\u00edneo l\u00e9argais luachmhara ar na forbairt\u00ed is d\u00e9ana\u00ed sa chearrbhachas freagrach agus ionchorpra\u00edonn s\u00e9 ina bheartais agus ina n\u00f3sanna imeachta iad.<\/p>\n<h2>Feabhs\u00fa Lean\u00fanach agus Oiri\u00fan\u00fa<\/h2>\n<p>Tuigeann RocketPlay Casino go bhfuil an t\u00edrdhreach cearrbhachais ag athr\u00fa i gc\u00f3na\u00ed, agus mar sin, t\u00e1 an ceasa\u00edneo tiomanta d\u2019fheabhas agus oiri\u00fan\u00fa lean\u00fanach a dh\u00e9anamh ar a bheartais chearrbhachais faoi aois. D\u00e9antar athbhreithnithe rialta chun \u00e9ifeachtacht na mbeart reatha a mheas, agus d\u00e9antar coigeartuithe chun aghaidh a thabhairt ar dh\u00fashl\u00e1in at\u00e1 ag teacht chun cinn. Cinnt\u00edonn an cur chuige r\u00e9amhghn\u00edomhach seo go bhfanann RocketPlay ina cheannaire maidir le cleachtais chearrbhachais fhreagracha a chur chun cinn.<\/p>\n<p>Leagann Beartas Cearrbhachais Faoi Aois RocketPlay Casino b\u00e9im ar thiomantas an ard\u00e1in do thimpeallacht chearrbhachais sh\u00e1bh\u00e1ilte agus thaitneamhach a chruth\u00fa. Tr\u00ed n\u00f3sanna imeachta f\u00edoraithe aoise dian, tionscnaimh oideachais, rialuithe tuismitheoir\u00ed, agus comhoibri\u00fa le heagra\u00edochta\u00ed cearrbhachais freagracha, d\u00e9anann RocketPlay a dh\u00edcheall an caighde\u00e1n a shocr\u00fa le haghaidh cearrbhachas freagrach sa tionscal ceasa\u00edneo ar l\u00edne. Agus imreoir\u00ed ag gabh\u00e1il do spleodar na gcluich\u00ed RocketPlay, is f\u00e9idir leo \u00e9 sin a dh\u00e9anamh le muin\u00edn go bhfuil a bhfoll\u00e1ine agus sl\u00e1ine an eisp\u00e9iris chearrbhachais ar na pr\u00edomhthosa\u00edochta\u00ed don Casino.<\/p>\n","protected":false},"excerpt":{"rendered":"<p>I dt\u00edrdhreach dinimici\u00fail na gcearrbhachas ar l\u00edne, seasann RocketPlay Casino amach n\u00ed hamh\u00e1in as a chuid cluich\u00ed corraitheacha agus a lua\u00edochta\u00ed mealltacha ach freisin as a thiomantas do chearrbhachas freagrach. Ag RocketPlay, t\u00e1 foll\u00e1ine na n-imreoir\u00ed r\u00edth\u00e1bhachtach, agus leathna\u00edonn an tiomantas seo chun a chinnti\u00fa go bhfanann cearrbhachas ina ghn\u00edomha\u00edocht thaitneamhach agus aois-oiri\u00fanach. L\u00e9ir\u00edtear \u00e9&#8230;<\/p>\n","protected":false},"author":1,"featured_media":0,"parent":0,"menu_order":0,"comment_status":"closed","ping_status":"closed","template":"page-with-bonus.php","meta":{"_acf_changed":false,"_kad_post_transparent":"default","_kad_post_title":"default","_kad_post_layout":"default","_kad_post_sidebar_id":"","_kad_post_content_style":"default","_kad_post_vertical_padding":"default","_kad_post_feature":"","_kad_post_feature_position":"","_kad_post_header":false,"_kad_post_footer":false,"footnotes":""},"class_list":["post-4522","page","type-page","status-publish","hentry"],"acf":[],"rttpg_featured_image_url":null,"rttpg_author":{"display_name":"Tom","author_link":"https:\/\/rocketplay-game.com\/ga\/author\/pemvas95n89x\/"},"rttpg_comment":0,"rttpg_category":null,"rttpg_excerpt":"I dt\u00edrdhreach dinimici\u00fail na gcearrbhachas ar l\u00edne, seasann RocketPlay Casino amach n\u00ed hamh\u00e1in as a chuid cluich\u00ed corraitheacha agus a lua\u00edochta\u00ed mealltacha ach freisin as a thiomantas do chearrbhachas freagrach. Ag RocketPlay, t\u00e1 foll\u00e1ine na n-imreoir\u00ed r\u00edth\u00e1bhachtach, agus leathna\u00edonn an tiomantas seo chun a chinnti\u00fa go bhfanann cearrbhachas ina ghn\u00edomha\u00edocht thaitneamhach agus aois-oiri\u00fanach. L\u00e9ir\u00edtear \u00e9...","_links":{"self":[{"href":"https:\/\/rocketplay-game.com\/ga\/wp-json\/wp\/v2\/pages\/4522","targetHints":{"allow":["GET"]}}],"collection":[{"href":"https:\/\/rocketplay-game.com\/ga\/wp-json\/wp\/v2\/pages"}],"about":[{"href":"https:\/\/rocketplay-game.com\/ga\/wp-json\/wp\/v2\/types\/page"}],"author":[{"embeddable":true,"href":"https:\/\/rocketplay-game.com\/ga\/wp-json\/wp\/v2\/users\/1"}],"replies":[{"embeddable":true,"href":"https:\/\/rocketplay-game.com\/ga\/wp-json\/wp\/v2\/comments?post=4522"}],"version-history":[{"count":1,"href":"https:\/\/rocketplay-game.com\/ga\/wp-json\/wp\/v2\/pages\/4522\/revisions"}],"predecessor-version":[{"id":4523,"href":"https:\/\/rocketplay-game.com\/ga\/wp-json\/wp\/v2\/pages\/4522\/revisions\/4523"}],"wp:attachment":[{"href":"https:\/\/rocketplay-game.com\/ga\/wp-json\/wp\/v2\/media?parent=4522"}],"curies":[{"name":"wp","href":"https:\/\/api.w.org\/{rel}","templated":true}]}}