{"id":2073,"date":"2022-08-18T17:06:40","date_gmt":"2022-08-18T14:06:40","guid":{"rendered":"https:\/\/rocketplay-game.com\/slots\/"},"modified":"2022-10-29T09:48:59","modified_gmt":"2022-10-29T06:48:59","slug":"slots","status":"publish","type":"page","link":"https:\/\/rocketplay-game.com\/pl\/slots\/","title":{"rendered":"Recenzja automat\u00f3w RocketPlay"},"content":{"rendered":"<p>Za ka\u017cdym razem, gdy na rynku pojawia si\u0119 nowa gra wrzutowa, a w\u0142a\u015bciwie przed jej wydaniem, kasyna online i niezale\u017cne firmy publikuj\u0105 swoje recenzje na podstawie opinii, komentarzy i opinii graczy. Recenzje mo\u017cna znale\u017a\u0107 online dla ka\u017cdej gry slotowej, kt\u00f3ra kiedykolwiek zosta\u0142a wydana lub ma zosta\u0107 wydana. Recenzujemy automaty do gier w oparciu o wiele kryteri\u00f3w, takich jak liczba b\u0119bn\u00f3w i linii wyp\u0142at, wielko\u015b\u0107 jackpota, symbole na b\u0119bnach i specjalne funkcje, i zwracamy uwag\u0119 na to, kto stworzy\u0142 automat.<\/p>\n<p>Je\u015bli nie jeste\u015b zupe\u0142nie nowy na scenie gier w kasynie online, by\u0107 mo\u017ce wiesz, \u017ce mo\u017cesz gra\u0107 w automaty online nie tylko na prawdziwe pieni\u0105dze, ale tak\u017ce za darmo i dla zabawy. Jest to idealne rozwi\u0105zanie dla graczy, poniewa\u017c mog\u0105 wypr\u00f3bowa\u0107 automaty przed u\u017cyciem w\u0142asnych pieni\u0119dzy do gry. Recenzje pomog\u0105 ci zrozumie\u0107 wszystko na temat automat\u00f3w i tego, co my\u015bl\u0105 o nich inni, a darmowa gra pomo\u017ce ci \u0107wiczy\u0107, dop\u00f3ki nie b\u0119dziesz na tyle komfortowy, aby wypr\u00f3bowa\u0107 j\u0105 za prawdziwe pieni\u0105dze.<\/p>\n<p>Liczba automat\u00f3w do gier online ro\u015bnie z dnia na dzie\u0144, a teraz s\u0105 setki, je\u015bli nie tysi\u0105ce gier do wyboru, co mo\u017ce by\u0107 myl\u0105ce! Recenzje automat\u00f3w oferuj\u0105 graczom poczucie gry, motywu, grafiki, bohater\u00f3w i \u0142atwo\u015b\u0107 wygrywania. B\u0119dziesz zaskoczony tym, czego mo\u017cesz dowiedzie\u0107 si\u0119 o automatach do gier, czytaj\u0105c ich recenzj\u0119.<\/p>\n<p>Jak dzia\u0142aj\u0105 kasyna online, jak zarabiaj\u0105 pieni\u0105dze i ile trac\u0105 gracze, m\u00f3wi RocketPlay<\/p>\n<p style=\"text-align: center;\"><img loading=\"lazy\" decoding=\"async\" class=\"aligncenter wp-image-346 size-large\" src=\"https:\/\/rocketplay-game.com\/wp-content\/uploads\/2022\/08\/slots-online-1024x576.jpg\" alt=\"slots online\" width=\"1024\" height=\"576\" srcset=\"https:\/\/rocketplay-game.com\/wp-content\/uploads\/2022\/08\/slots-online-1024x576.jpg 1024w, https:\/\/rocketplay-game.com\/wp-content\/uploads\/2022\/08\/slots-online-300x169.jpg 300w, https:\/\/rocketplay-game.com\/wp-content\/uploads\/2022\/08\/slots-online-768x432.jpg 768w, https:\/\/rocketplay-game.com\/wp-content\/uploads\/2022\/08\/slots-online-1536x864.jpg 1536w, https:\/\/rocketplay-game.com\/wp-content\/uploads\/2022\/08\/slots-online.jpg 1920w\" sizes=\"auto, (max-width: 1024px) 100vw, 1024px\" \/><\/p>\n<h2>Najlepsze recenzje automat\u00f3w online<\/h2>\n<p>Po przeczytaniu dobrej recenzji automat\u00f3w online, b\u0119dziesz gotowy, aby od razu wskoczy\u0107 do sprawdzonej gry na automatach, kt\u00f3ra nie tylko zapewni Ci mn\u00f3stwo zabawy, ale tak\u017ce da Ci szans\u0119 na zdobycie tak potrzebnych wygranych!<\/p>\n<h2>Dodatkowe funkcje i tw\u00f3rcy oprogramowania<\/h2>\n<p>Je\u015bli jeste\u015b do\u015bwiadczonym entuzjast\u0105 automat\u00f3w do gier, prawdopodobnie mo\u017cesz stwierdzi\u0107, kt\u00f3re gry s\u0105 tworzone przez kt\u00f3rych projektant\u00f3w, po prostu patrz\u0105c na wygl\u0105d i struktur\u0119 gry. Dla tych, kt\u00f3rzy nie s\u0105 jeszcze ekspertami, recenzje automat\u00f3w oferuj\u0105 wszystkie szczeg\u00f3\u0142y dotycz\u0105ce konfiguracji automat\u00f3w, warto\u015bci monet, liczby linii wyp\u0142at i tego, ile mo\u017cna wygra\u0107 z ka\u017cdego symbolu, gdy trafi on na b\u0119bny. Recenzje automat\u00f3w do gry m\u00f3wi\u0105 r\u00f3wnie\u017c o progresywnym jackpocie, kt\u00f3ry mo\u017cesz wygra\u0107, jego wielko\u015bci i innych interesuj\u0105cych informacjach, takich jak to, czy automat ma funkcj\u0119 autoodtwarzania lub funkcj\u0119 hazardow\u0105, kt\u00f3ra mo\u017ce doda\u0107 zupe\u0142nie nowy poziom do twoich wra\u017ce\u0144 z gry.<\/p>\n<h2>Najlepsi dostawcy oprogramowania do automat\u00f3w do gier<\/h2>\n<p>Microgaming to jeden z najstarszych dostawc\u00f3w internetowych gier slotowych, dzia\u0142aj\u0105cy od 1994 roku. Jest on odpowiedzialny za takie kultowe gry jak Thunderstruck, Avalon, Game of Thrones czy Jurassic World. Przeczytaj wi\u0119cej o tym dostawcy na stronie naszego kasyna Microgaming.<\/p>\n<p>Recenzje o automatach:<\/p>\n<ul>\n<li><a href=\"https:\/\/rocketplay-game.com\/pl\/slots\/mega-moolah\/\">Mega Moolah<\/a><\/li>\n<li><a href=\"https:\/\/rocketplay-game.com\/pl\/slots\/money-train-2\/\">Money Train 2<\/a><\/li>\n<li><a href=\"https:\/\/rocketplay-game.com\/pl\/slots\/book-of-ra-deluxe\/\">Book of Ra Deluxe<\/a><\/li>\n<li><a href=\"https:\/\/rocketplay-game.com\/pl\/slots\/cash-pig\/\">Cash Pig<\/a><\/li>\n<\/ul>\n","protected":false},"excerpt":{"rendered":"<p>Za ka\u017cdym razem, gdy na rynku pojawia si\u0119 nowa gra wrzutowa, a w\u0142a\u015bciwie przed jej wydaniem, kasyna online i niezale\u017cne firmy publikuj\u0105 swoje recenzje na podstawie opinii, komentarzy i opinii graczy. Recenzje mo\u017cna znale\u017a\u0107 online dla ka\u017cdej gry slotowej, kt\u00f3ra kiedykolwiek zosta\u0142a wydana lub ma zosta\u0107 wydana. Recenzujemy automaty do gier w oparciu o wiele&#8230;<\/p>\n","protected":false},"author":1,"featured_media":0,"parent":0,"menu_order":0,"comment_status":"closed","ping_status":"closed","template":"page-with-slot.php","meta":{"_acf_changed":false,"_kad_post_transparent":"default","_kad_post_title":"default","_kad_post_layout":"default","_kad_post_sidebar_id":"","_kad_post_content_style":"default","_kad_post_vertical_padding":"default","_kad_post_feature":"","_kad_post_feature_position":"","_kad_post_header":false,"_kad_post_footer":false,"footnotes":""},"class_list":["post-2073","page","type-page","status-publish","hentry"],"acf":[],"rttpg_featured_image_url":null,"rttpg_author":{"display_name":"Tom","author_link":"https:\/\/rocketplay-game.com\/pl\/author\/pemvas95n89x\/"},"rttpg_comment":0,"rttpg_category":null,"rttpg_excerpt":"Za ka\u017cdym razem, gdy na rynku pojawia si\u0119 nowa gra wrzutowa, a w\u0142a\u015bciwie przed jej wydaniem, kasyna online i niezale\u017cne firmy publikuj\u0105 swoje recenzje na podstawie opinii, komentarzy i opinii graczy. Recenzje mo\u017cna znale\u017a\u0107 online dla ka\u017cdej gry slotowej, kt\u00f3ra kiedykolwiek zosta\u0142a wydana lub ma zosta\u0107 wydana. Recenzujemy automaty do gier w oparciu o wiele...","_links":{"self":[{"href":"https:\/\/rocketplay-game.com\/pl\/wp-json\/wp\/v2\/pages\/2073","targetHints":{"allow":["GET"]}}],"collection":[{"href":"https:\/\/rocketplay-game.com\/pl\/wp-json\/wp\/v2\/pages"}],"about":[{"href":"https:\/\/rocketplay-game.com\/pl\/wp-json\/wp\/v2\/types\/page"}],"author":[{"embeddable":true,"href":"https:\/\/rocketplay-game.com\/pl\/wp-json\/wp\/v2\/users\/1"}],"replies":[{"embeddable":true,"href":"https:\/\/rocketplay-game.com\/pl\/wp-json\/wp\/v2\/comments?post=2073"}],"version-history":[{"count":2,"href":"https:\/\/rocketplay-game.com\/pl\/wp-json\/wp\/v2\/pages\/2073\/revisions"}],"predecessor-version":[{"id":2075,"href":"https:\/\/rocketplay-game.com\/pl\/wp-json\/wp\/v2\/pages\/2073\/revisions\/2075"}],"wp:attachment":[{"href":"https:\/\/rocketplay-game.com\/pl\/wp-json\/wp\/v2\/media?parent=2073"}],"curies":[{"name":"wp","href":"https:\/\/api.w.org\/{rel}","templated":true}]}}