{"id":2077,"date":"2022-08-18T17:30:43","date_gmt":"2022-08-18T14:30:43","guid":{"rendered":"https:\/\/rocketplay-game.com\/slots\/mega-moolah\/"},"modified":"2022-10-29T10:18:10","modified_gmt":"2022-10-29T07:18:10","slug":"mega-moolah","status":"publish","type":"page","link":"https:\/\/rocketplay-game.com\/pl\/slots\/mega-moolah\/","title":{"rendered":"Recenzja Mega Moolah Slot"},"content":{"rendered":"<p><img loading=\"lazy\" decoding=\"async\" class=\"size-medium wp-image-356 alignright\" src=\"https:\/\/rocketplay-game.com\/wp-content\/uploads\/2022\/08\/mega-moolah-logo-300x167.png\" alt=\"Mega Moolah logo\" width=\"300\" height=\"167\" srcset=\"https:\/\/rocketplay-game.com\/wp-content\/uploads\/2022\/08\/mega-moolah-logo-300x167.png 300w, https:\/\/rocketplay-game.com\/wp-content\/uploads\/2022\/08\/mega-moolah-logo-1024x569.png 1024w, https:\/\/rocketplay-game.com\/wp-content\/uploads\/2022\/08\/mega-moolah-logo-768x426.png 768w, https:\/\/rocketplay-game.com\/wp-content\/uploads\/2022\/08\/mega-moolah-logo.png 1140w\" sizes=\"auto, (max-width: 300px) 100vw, 300px\" \/><\/p>\n<p>Ka\u017cdy gracz, kt\u00f3ry cho\u0107 troch\u0119 jest zaznajomiony z kasynami online lub aktywnie gra, na pewno przynajmniej raz s\u0142ysza\u0142 o niezwykle popularnym automacie Mega Moolah. Ten automat do gry zosta\u0142 opracowany przez Microgaming i z pewno\u015bci\u0105 przyni\u00f3s\u0142 deweloperom wielki sukces. Automat zawiera cztery r\u00f3\u017cne mega jackpoty, kt\u00f3re r\u00f3wnie\u017c s\u0105 progresywne. A ten automat zajmuje wiod\u0105c\u0105 pozycj\u0119 na li\u015bcie najbardziej p\u0142atnych automat\u00f3w. Kwoty, kt\u00f3re gracze mogliby tutaj wygra\u0107, s\u0105 po prostu poza sfer\u0105 mo\u017cliwo\u015bci.<\/p>\n<p>Automat nie r\u00f3\u017cni si\u0119 nowoczesn\u0105 i jasn\u0105 grafik\u0105, nie zapominaj, \u017ce powsta\u0142 dawno temu, w 2006 roku.<\/p>\n<p>Motyw i wygl\u0105d Mega Moolah Mobile przeniesie Ci\u0119 na afryka\u0144skie r\u00f3wniny, safari dzikich zwierz\u0105t. Automat jest r\u00f3wnie\u017c najstarszym w Microgaming, ale jak dot\u0105d nie straci\u0142 na popularno\u015bci i przyni\u00f3s\u0142 ogromne wygrane.<\/p>\n<p>Przestrze\u0144 do gier, kt\u00f3r\u0105 zapewnia automat Mega Moolah, jest do\u015b\u0107 standardowa dla automatu wykonanego w formie wideo. Przywita Ci\u0119 siatka z 5 obracaj\u0105cymi si\u0119 b\u0119bnami i 3 rz\u0119dami obok siebie. Dodatkowo do b\u0119bn\u00f3w przymocowanych jest 25 regulowanych linii wyp\u0142at, co pozwala dostosowa\u0107 i wygodnie dostosowa\u0107 liczb\u0119 linii, kt\u00f3re chcesz aktywowa\u0107 w celu jednego idealnego zakr\u0119cenia.<\/p>\n<h2>Symbole i warto\u015bci Mega Moolah<\/h2>\n<p>Kolorowe symbole, warto\u015bci od A do 10 i dro\u017csze dzikie zwierz\u0119ta b\u0119d\u0105 Ci\u0119 regularnie spotyka\u0107 na b\u0119bnach. W\u015br\u00f3d nich s\u0105 bawo\u0142y, \u017cyrafy, zebry i inne. Najbardziej dochodowym symbolem jest s\u0142o\u0144. Im wi\u0119cej s\u0142oni tworzy Twoja kombinacja na b\u0119bnach, tym wi\u0119ksza czeka Ci\u0119 wyp\u0142ata. Za 5 symboli jednocze\u015bnie mo\u017cesz otrzyma\u0107 30 razy wi\u0119cej ni\u017c Tw\u00f3j zak\u0142ad.<\/p>\n<p>Lew jest dzikim symbolem. Z tym wszystkim jest wyp\u0142acane 0,6, 5, 60 lub wszystkie 600 razy wi\u0119cej ni\u017c Tw\u00f3j zak\u0142ad. I oczywi\u015bcie mno\u017cnik zale\u017cy od kombinacji. Dodatkowo dziki symbol zast\u0119puje wszystkie standardowe symbole. Dziki lew w po\u0142\u0105czeniu ze zwyci\u0119sk\u0105 kombinacj\u0105 i standardowym symbolem zwi\u0119kszy Twoje wygrane dwukrotnie i dwukrotnie. Dodatkowo kasyno online Mega Moolah zapewnia graczom 2 funkcje bonusowe.<\/p>\n<p>Otrzymasz bonus, funkcj\u0119 Mega Moolah 80 darmowych spin\u00f3w, w kt\u00f3rej do wszystkich Twoich wygranych zostanie zastosowany mno\u017cnik 3x. Szczeg\u00f3ln\u0105 uwag\u0119 zwraca si\u0119 na gr\u0119 bonusow\u0105 z jackpotem, kt\u00f3ra jest uruchamiana ca\u0142kowicie losowo. W nim mo\u017cesz zakr\u0119ci\u0107 ko\u0142em fortuny, a to pomo\u017ce Ci wygra\u0107 1 z 4 progresywnych jackpot\u00f3w.<\/p>\n<h2>Mega Moolah Slot RTP\/zmienno\u015b\u0107<\/h2>\n<p>Ten automat ma wi\u0119cej ni\u017c wystarczaj\u0105c\u0105 szans\u0119 na wygran\u0105. I to nie tylko ze wzgl\u0119du na liczne bonusy, dodatkowy kod spin\u00f3w, mno\u017cniki i ko\u0142o fortuny. Niski wska\u017anik zmienno\u015bci pomo\u017ce Ci wygra\u0107. Wariancja automatu Mega Moolah wynosi 46,36%, co pozwala prawie po\u0142owie graczy na otrzymywanie cz\u0119stych wyp\u0142at bez \u017cadnych problem\u00f3w.<\/p>\n<p>Je\u015bli m\u00f3wimy o procencie zwrotu dla gracza, wska\u017anik si\u0119ga 93%, a jest to doskona\u0142y wska\u017anik dla progresywnego automatu, zw\u0142aszcza gdy gra demo spotyka w niej a\u017c 4 jackpoty! Wyp\u0142ata mo\u017ce przekroczy\u0107 Tw\u00f3j zak\u0142ad o 1955 razy.<\/p>\n<p style=\"text-align: center;\"><img loading=\"lazy\" decoding=\"async\" class=\"aligncenter wp-image-357 size-full\" src=\"https:\/\/rocketplay-game.com\/wp-content\/uploads\/2022\/08\/mega-moolah-slot.jpeg\" alt=\"Mega Moolah slot\" width=\"900\" height=\"500\" srcset=\"https:\/\/rocketplay-game.com\/wp-content\/uploads\/2022\/08\/mega-moolah-slot.jpeg 900w, https:\/\/rocketplay-game.com\/wp-content\/uploads\/2022\/08\/mega-moolah-slot-300x167.jpeg 300w, https:\/\/rocketplay-game.com\/wp-content\/uploads\/2022\/08\/mega-moolah-slot-768x427.jpeg 768w\" sizes=\"auto, (max-width: 900px) 100vw, 900px\" \/><\/p>\n<h2>Graj w Mega Moolah na urz\u0105dzeniu mobilnym<\/h2>\n<p>By\u0142oby zaskakuj\u0105ce, gdyby slot o tak du\u017cej popularno\u015bci nie by\u0142 dost\u0119pny na urz\u0105dzeniach mobilnych. Microgaming pod\u0105\u017ca za najnowszymi technologiami i nad\u0105\u017ca za duchem czasu. Dzi\u0119ki temu mo\u017cesz \u0142atwo gra\u0107 w Mega Moolah za prawdziwe pieni\u0105dze i wygodnie korzysta\u0107 z interfejsu; poza tym przestrze\u0144 gry nie jest tak du\u017ca i wygodnie si\u0119 po niej porusza\u0107. A grafika nie jest \u0142adowana, nie przepe\u0142niona zb\u0119dnymi elementami, dzi\u0119ki czemu automat dzia\u0142a szybko, a gracze nie zauwa\u017caj\u0105 \u017cadnych obaw.<\/p>\n<h2>Cz\u0119sto zadawane pytania dotycz\u0105ce Mega Moolah<\/h2>\n<h3>Czy istnieje slot Mega Moolah bez progresywnego jackpota?<\/h3>\n<p>Istnieje taki wariant automatu, ale nie jest on tak popularny, poniewa\u017c nie b\u0119dziesz w stanie uzyska\u0107 tak du\u017cych wyp\u0142at. A wska\u017anik Mega Moolah RTP zosta\u0142 obni\u017cony do 88%. Co r\u00f3wnie\u017c tak naprawd\u0119 nie przyci\u0105ga graczy przyzwyczajonych do nowoczesnych automat\u00f3w ze wska\u017anikami powy\u017cej 90%.<\/p>\n<h3>Jaki jest maksymalny jackpot wygrany na automacie Mega Moolah?<\/h3>\n<p>W automacie Mega Moolah Australia odnotowano ca\u0142kowity maksymalny jackpot, kt\u00f3ry w 2013 roku podzieli\u0142o 4 graczy. Kwota tego jackpota wynios\u0142a ponad 13 milion\u00f3w dolar\u00f3w. Je\u015bli we\u017amiemy bonus do statystyk na ca\u0142ym \u015bwiecie, kwoty b\u0119d\u0105 kilkukrotnie wi\u0119ksze.<\/p>\n<h3>Czy w automacie Mega Moolah jest tryb auto-play?<\/h3>\n<p>Dok\u0142adnie! Automat posiada funkcj\u0119, kt\u00f3ra uruchamia automatyczn\u0105 gr\u0119. Mo\u017cesz samodzielnie skonfigurowa\u0107 ile razy gra zostanie uruchomiona, a tak\u017ce w jakim tempie. W ustawieniach liczby gier minimalna dost\u0119pna liczba to 10 gier, a maksymalna to 100.<\/p>\n<p>Recenzje o automatach:<\/p>\n<ul>\n<li><a href=\"https:\/\/rocketplay-game.com\/pl\/slots\/5-dragons\/\">5 Dragons<\/a><\/li>\n<li><a href=\"https:\/\/rocketplay-game.com\/ru\/slots\/indian-dreaming\/\">Indian Dreaming<\/a><\/li>\n<li><a href=\"https:\/\/rocketplay-game.com\/pl\/slots\/sun-of-fortune\/\">Sun of the Fortune<\/a><\/li>\n<\/ul>\n","protected":false},"excerpt":{"rendered":"<p>Ka\u017cdy gracz, kt\u00f3ry cho\u0107 troch\u0119 jest zaznajomiony z kasynami online lub aktywnie gra, na pewno przynajmniej raz s\u0142ysza\u0142 o niezwykle popularnym automacie Mega Moolah. Ten automat do gry zosta\u0142 opracowany przez Microgaming i z pewno\u015bci\u0105 przyni\u00f3s\u0142 deweloperom wielki sukces. Automat zawiera cztery r\u00f3\u017cne mega jackpoty, kt\u00f3re r\u00f3wnie\u017c s\u0105 progresywne. A ten automat zajmuje wiod\u0105c\u0105 pozycj\u0119&#8230;<\/p>\n","protected":false},"author":1,"featured_media":0,"parent":2073,"menu_order":0,"comment_status":"closed","ping_status":"closed","template":"page-with-slot.php","meta":{"_acf_changed":false,"_kad_post_transparent":"default","_kad_post_title":"default","_kad_post_layout":"default","_kad_post_sidebar_id":"","_kad_post_content_style":"default","_kad_post_vertical_padding":"default","_kad_post_feature":"","_kad_post_feature_position":"","_kad_post_header":false,"_kad_post_footer":false,"footnotes":""},"class_list":["post-2077","page","type-page","status-publish","hentry"],"acf":[],"rttpg_featured_image_url":null,"rttpg_author":{"display_name":"Tom","author_link":"https:\/\/rocketplay-game.com\/pl\/author\/pemvas95n89x\/"},"rttpg_comment":0,"rttpg_category":null,"rttpg_excerpt":"Ka\u017cdy gracz, kt\u00f3ry cho\u0107 troch\u0119 jest zaznajomiony z kasynami online lub aktywnie gra, na pewno przynajmniej raz s\u0142ysza\u0142 o niezwykle popularnym automacie Mega Moolah. Ten automat do gry zosta\u0142 opracowany przez Microgaming i z pewno\u015bci\u0105 przyni\u00f3s\u0142 deweloperom wielki sukces. Automat zawiera cztery r\u00f3\u017cne mega jackpoty, kt\u00f3re r\u00f3wnie\u017c s\u0105 progresywne. A ten automat zajmuje wiod\u0105c\u0105 pozycj\u0119...","_links":{"self":[{"href":"https:\/\/rocketplay-game.com\/pl\/wp-json\/wp\/v2\/pages\/2077","targetHints":{"allow":["GET"]}}],"collection":[{"href":"https:\/\/rocketplay-game.com\/pl\/wp-json\/wp\/v2\/pages"}],"about":[{"href":"https:\/\/rocketplay-game.com\/pl\/wp-json\/wp\/v2\/types\/page"}],"author":[{"embeddable":true,"href":"https:\/\/rocketplay-game.com\/pl\/wp-json\/wp\/v2\/users\/1"}],"replies":[{"embeddable":true,"href":"https:\/\/rocketplay-game.com\/pl\/wp-json\/wp\/v2\/comments?post=2077"}],"version-history":[{"count":4,"href":"https:\/\/rocketplay-game.com\/pl\/wp-json\/wp\/v2\/pages\/2077\/revisions"}],"predecessor-version":[{"id":2086,"href":"https:\/\/rocketplay-game.com\/pl\/wp-json\/wp\/v2\/pages\/2077\/revisions\/2086"}],"up":[{"embeddable":true,"href":"https:\/\/rocketplay-game.com\/pl\/wp-json\/wp\/v2\/pages\/2073"}],"wp:attachment":[{"href":"https:\/\/rocketplay-game.com\/pl\/wp-json\/wp\/v2\/media?parent=2077"}],"curies":[{"name":"wp","href":"https:\/\/api.w.org\/{rel}","templated":true}]}}