{"id":2082,"date":"2022-08-18T17:35:57","date_gmt":"2022-08-18T14:35:57","guid":{"rendered":"https:\/\/rocketplay-game.com\/slots\/money-train-2\/"},"modified":"2022-10-29T10:15:53","modified_gmt":"2022-10-29T07:15:53","slug":"money-train-2","status":"publish","type":"page","link":"https:\/\/rocketplay-game.com\/pl\/slots\/money-train-2\/","title":{"rendered":"Przejrzyj automat do gry Money Train 2"},"content":{"rendered":"<p>Unikalny automat Money Train 2 Australia zosta\u0142 wprowadzony do publicznej wiadomo\u015bci w 2020 roku. Automat okaza\u0142 si\u0119 bardzo popularny w\u015br\u00f3d graczy, co doprowadzi\u0142o studio Relax Gaming do wielkiego sukcesu.<\/p>\n<p>W drugiej wersji popularnego automatu firma deweloperska wykona\u0142a kilka naprawczych moment\u00f3w, kt\u00f3re da\u0142y maszynie jeszcze wi\u0119ksz\u0105 aprobat\u0119 graczy. A co najwa\u017cniejsze, najbardziej udane funkcje s\u0105 nadal obecne w drugiej serii automatu.<\/p>\n<p>Gdy tylko otworzysz automat, poch\u0142onie Ci\u0119 atmosfera Zachodu, futurystyczna, nasycona elementami steampunkowymi. Poci\u0105g jest wype\u0142niony wieloma istotnymi elementami, takimi jak ko\u0142a z\u0119bate i rury. A muzyka i d\u017awi\u0119ki, kt\u00f3re Ci\u0119 otaczaj\u0105, dodaj\u0105 jeszcze wi\u0119kszego poczucia obecno\u015bci.<\/p>\n<p>Strefa gry sk\u0142ada si\u0119 z 5 b\u0119bn\u00f3w, a jednocze\u015bnie daje Ci a\u017c 40 linii wyp\u0142at, kt\u00f3re mo\u017cesz wykorzysta\u0107, aby zwi\u0119kszy\u0107 szanse na wygran\u0105.<\/p>\n<p>Zanurz si\u0119 w d\u0142ug\u0105 podr\u00f3\u017c po gor\u0105cym, opuszczonym mie\u015bcie kolorowym steampunkowym poci\u0105giem! Dowiedz si\u0119 wi\u0119cej o darmowej grze Money Train 2 na prawdziwe pieni\u0105dze poni\u017cej.<\/p>\n<p style=\"text-align: center;\"><img loading=\"lazy\" decoding=\"async\" class=\"wp-image-361 size-full aligncenter\" src=\"https:\/\/rocketplay-game.com\/wp-content\/uploads\/2022\/08\/money-train-2-logo.jpeg\" alt=\"Money Train 2 logo\" width=\"800\" height=\"600\" srcset=\"https:\/\/rocketplay-game.com\/wp-content\/uploads\/2022\/08\/money-train-2-logo.jpeg 800w, https:\/\/rocketplay-game.com\/wp-content\/uploads\/2022\/08\/money-train-2-logo-300x225.jpeg 300w, https:\/\/rocketplay-game.com\/wp-content\/uploads\/2022\/08\/money-train-2-logo-768x576.jpeg 768w, https:\/\/rocketplay-game.com\/wp-content\/uploads\/2022\/08\/money-train-2-logo-600x450.jpeg 600w\" sizes=\"auto, (max-width: 800px) 100vw, 800px\" \/><\/p>\n<h2>Symbole urz\u0105dzenia i ich warto\u015b\u0107 dla gracza<\/h2>\n<p>W demo Money Train 2 znajduje si\u0119 kilka symboli, kt\u00f3re mog\u0105 zwi\u0119kszy\u0107 Twoje wygrane, pom\u00f3c w tworzeniu kombinacji i zwi\u0119kszy\u0107 szanse na wygran\u0105. Dziki symbol jest najbardziej dochodowy i po\u017c\u0105dany, ma najwi\u0119cej mno\u017cnik\u00f3w, a dzi\u0119ki niemu mo\u017cesz liczy\u0107 na najwi\u0119ksz\u0105 nagrod\u0119.<\/p>\n<p>Po dzikim symbolu znajduj\u0105 si\u0119 symbole takie jak nekromanta, kolekcjoner, snajper i p\u0142atnik. Dalej s\u0105 symbole \u0142opaty, serca i diamentu.<\/p>\n<p>Zbieraj\u0105c odpowiednie kombinacje symboli, mo\u017cesz uzyska\u0107 seri\u0119 darmowych spin\u00f3w, darmowych spin\u00f3w lub zwi\u0119kszenie pola gry z 5 do 7 b\u0119bn\u00f3w.<\/p>\n<p>Im wi\u0119cej symboli uda ci si\u0119 zebra\u0107, tym bardziej op\u0142acalne oferty bonusowe czekaj\u0105 na Ciebie na ko\u0144cu.<\/p>\n<p>Automat posiada r\u00f3wnie\u017c rund\u0119 bonusow\u0105 Money Cart, kt\u00f3ra ma swoje w\u0142asne ekskluzywne funkcje; zaczynaj\u0105c od P\u0142atnika, dodaje znaczenie i warto\u015b\u0107 ka\u017cdemu lepkiemu symbolowi znajduj\u0105cemu si\u0119 na szpuli. Kolekcjoner ma prawo ustali\u0107 koszt postaci, kt\u00f3re s\u0105 dla niego widoczne. W tym samym czasie kolekcjoner b\u0119dzie zbiera\u0107 mno\u017cniki i przekazywa\u0107 ich \u0142\u0105czn\u0105 warto\u015b\u0107 innym symbolom.<\/p>\n<p>Symbol snajpera podwoi te warto\u015bci, od trzech do o\u015bmiu losowych symboli w grze Money Train 2 za darmo.<\/p>\n<p>Nie zapomnij o nekromancie, kt\u00f3ry zwr\u00f3ci 2-7 u\u017cytych ju\u017c symboli, aby doda\u0107 dodatkowe mno\u017cniki do twoich dw\u00f3ch kolejnych spin\u00f3w.<\/p>\n<h2>Money Train 2 Slot RTP\/zmienno\u015b\u0107<\/h2>\n<p>Zauwa\u017calna poprawa w drugiej wersji slotu wp\u0142yn\u0119\u0142a na wska\u017anik RTP. Teraz procent zwrotu dla gracza wynosi 96,4%, a je\u015bli aktywujesz funkcj\u0119 zakupu bonusowego, RTP wskoczy do rekordowego 98%.<\/p>\n<p>Zmienno\u015b\u0107 jest jednak niezwykle wysoka. Dlatego b\u0105d\u017a ostro\u017cny, poniewa\u017c w grze bonusowej mo\u017cesz spodziewa\u0107 si\u0119 absolutnie wszystkiego. Gra b\u0119dzie intensywna i energetyczna, a ka\u017cdy gracz b\u0119dzie m\u00f3g\u0142 prze\u017cy\u0107 dok\u0142adnie te emocje, do kt\u00f3rych d\u0105\u017cy podczas gry.<\/p>\n<p style=\"text-align: center;\"><img loading=\"lazy\" decoding=\"async\" class=\"aligncenter wp-image-362 size-full\" src=\"https:\/\/rocketplay-game.com\/wp-content\/uploads\/2022\/08\/money-train-2-slot.jpeg\" alt=\"Money Train 2 slot\" width=\"838\" height=\"471\" srcset=\"https:\/\/rocketplay-game.com\/wp-content\/uploads\/2022\/08\/money-train-2-slot.jpeg 838w, https:\/\/rocketplay-game.com\/wp-content\/uploads\/2022\/08\/money-train-2-slot-300x169.jpeg 300w, https:\/\/rocketplay-game.com\/wp-content\/uploads\/2022\/08\/money-train-2-slot-768x432.jpeg 768w\" sizes=\"auto, (max-width: 838px) 100vw, 838px\" \/><\/p>\n<h2>Play Money Train 2 na urz\u0105dzeniu mobilnym<\/h2>\n<p>We wsp\u00f3\u0142czesnym \u015bwiecie wiele firm i kasyn online dodaje do swoich automat\u00f3w adaptacj\u0119 na urz\u0105dzenia mobilne. Studio deweloperskie Relax Gaming, wraz ze swoim popularnym automatem do gry Money Train 2, daje t\u0119 mo\u017cliwo\u015b\u0107 wielu graczom. W ko\u0144cu im wi\u0119cej platform b\u0119dzie obs\u0142ugiwa\u0107 automat do gry, a tym wi\u0119cej graczy b\u0119dzie mog\u0142o cieszy\u0107 si\u0119 rozgrywk\u0105 i wieloma bonusami, kt\u00f3re pojawiaj\u0105 si\u0119 podczas gry.<\/p>\n<p>Aby gra by\u0142a wygodna, nie musisz niczego pobiera\u0107, po prostu uruchom maszyn\u0119 w przegl\u0105darce i ciesz si\u0119.<\/p>\n<h2>Poci\u0105g pieni\u0119dzy 2 najcz\u0119\u015bciej zadawane pytania<\/h2>\n<h3>Jak dzia\u0142a funkcja respin w Money Train 2?<\/h3>\n<p>Je\u015bli uda Ci si\u0119 z\u0142apa\u0107 zwyk\u0142e symbole na jednym z b\u0119bn\u00f3w automatu, mo\u017cesz aktywowa\u0107 t\u0119 funkcj\u0119. W takim przypadku na ekranie pojawi si\u0119 mno\u017cnik. Takie wska\u017aniki s\u0105 dodawane i pomagaj\u0105 nalicza\u0107 graczowi re-spiny. Ca\u0142y procent jest z\u0142y, dop\u00f3ki nie we\u017amiesz wygranych. Je\u015bli respin nie przyniesie wygranej, pomo\u017ce zwi\u0119kszy\u0107 mno\u017cnik o jedn\u0105 jednostk\u0119.<\/p>\n<h3>Czy mog\u0119 zagra\u0107 w Money Train 2 za darmo?<\/h3>\n<p>Mo\u017cesz gra\u0107 w tryb Money Train 2 bez nara\u017cania w\u0142asnych pieni\u0119dzy. To \u015bwietne rozwi\u0105zanie dla tych graczy, kt\u00f3rzy chc\u0105 wst\u0119pnie sprawdzi\u0107, czy slot im si\u0119 podoba. Poznaj lepiej b\u0119bny i sam prze\u017cyj ca\u0142\u0105 rozgrywk\u0119.<\/p>\n<h3>Jaki jest najbardziej dochodowy symbol na slocie?<\/h3>\n<p>Najbardziej op\u0142acalnym symbolem, kt\u00f3ry spotkasz w grze, jest symbol dziki. Je\u015bli postawisz maksymalny zak\u0142ad i zbierzesz wszystkie 5 symboli na b\u0119bnach, w tym przypadku mno\u017cnik wyniesie rekordowe 20 000x. Te same mno\u017cniki mo\u017cna znale\u017a\u0107 z symbolem nekromanty.<\/p>\n<p>Recenzje o automatach:<\/p>\n<ul>\n<li><a href=\"https:\/\/rocketplay-game.com\/pl\/slots\/more-chilli\/\">More Chilli<\/a><\/li>\n<li><a href=\"https:\/\/rocketplay-game.com\/pl\/slots\/queen-of-the-nile\/\">Queen Of The Nile<\/a><\/li>\n<\/ul>\n","protected":false},"excerpt":{"rendered":"<p>Unikalny automat Money Train 2 Australia zosta\u0142 wprowadzony do publicznej wiadomo\u015bci w 2020 roku. Automat okaza\u0142 si\u0119 bardzo popularny w\u015br\u00f3d graczy, co doprowadzi\u0142o studio Relax Gaming do wielkiego sukcesu. W drugiej wersji popularnego automatu firma deweloperska wykona\u0142a kilka naprawczych moment\u00f3w, kt\u00f3re da\u0142y maszynie jeszcze wi\u0119ksz\u0105 aprobat\u0119 graczy. A co najwa\u017cniejsze, najbardziej udane funkcje s\u0105 nadal&#8230;<\/p>\n","protected":false},"author":1,"featured_media":0,"parent":2073,"menu_order":0,"comment_status":"closed","ping_status":"closed","template":"page-with-slot.php","meta":{"_acf_changed":false,"_kad_post_transparent":"default","_kad_post_title":"default","_kad_post_layout":"default","_kad_post_sidebar_id":"","_kad_post_content_style":"default","_kad_post_vertical_padding":"default","_kad_post_feature":"","_kad_post_feature_position":"","_kad_post_header":false,"_kad_post_footer":false,"footnotes":""},"class_list":["post-2082","page","type-page","status-publish","hentry"],"acf":[],"rttpg_featured_image_url":null,"rttpg_author":{"display_name":"Tom","author_link":"https:\/\/rocketplay-game.com\/pl\/author\/pemvas95n89x\/"},"rttpg_comment":0,"rttpg_category":null,"rttpg_excerpt":"Unikalny automat Money Train 2 Australia zosta\u0142 wprowadzony do publicznej wiadomo\u015bci w 2020 roku. Automat okaza\u0142 si\u0119 bardzo popularny w\u015br\u00f3d graczy, co doprowadzi\u0142o studio Relax Gaming do wielkiego sukcesu. W drugiej wersji popularnego automatu firma deweloperska wykona\u0142a kilka naprawczych moment\u00f3w, kt\u00f3re da\u0142y maszynie jeszcze wi\u0119ksz\u0105 aprobat\u0119 graczy. A co najwa\u017cniejsze, najbardziej udane funkcje s\u0105 nadal...","_links":{"self":[{"href":"https:\/\/rocketplay-game.com\/pl\/wp-json\/wp\/v2\/pages\/2082","targetHints":{"allow":["GET"]}}],"collection":[{"href":"https:\/\/rocketplay-game.com\/pl\/wp-json\/wp\/v2\/pages"}],"about":[{"href":"https:\/\/rocketplay-game.com\/pl\/wp-json\/wp\/v2\/types\/page"}],"author":[{"embeddable":true,"href":"https:\/\/rocketplay-game.com\/pl\/wp-json\/wp\/v2\/users\/1"}],"replies":[{"embeddable":true,"href":"https:\/\/rocketplay-game.com\/pl\/wp-json\/wp\/v2\/comments?post=2082"}],"version-history":[{"count":3,"href":"https:\/\/rocketplay-game.com\/pl\/wp-json\/wp\/v2\/pages\/2082\/revisions"}],"predecessor-version":[{"id":2085,"href":"https:\/\/rocketplay-game.com\/pl\/wp-json\/wp\/v2\/pages\/2082\/revisions\/2085"}],"up":[{"embeddable":true,"href":"https:\/\/rocketplay-game.com\/pl\/wp-json\/wp\/v2\/pages\/2073"}],"wp:attachment":[{"href":"https:\/\/rocketplay-game.com\/pl\/wp-json\/wp\/v2\/media?parent=2082"}],"curies":[{"name":"wp","href":"https:\/\/api.w.org\/{rel}","templated":true}]}}