{"id":2088,"date":"2022-08-18T16:23:00","date_gmt":"2022-08-18T13:23:00","guid":{"rendered":"https:\/\/rocketplay-game.com\/slots\/more-chilli\/"},"modified":"2022-12-23T23:35:16","modified_gmt":"2022-12-23T20:35:16","slug":"more-chilli","status":"publish","type":"page","link":"https:\/\/rocketplay-game.com\/pl\/slots\/more-chilli\/","title":{"rendered":"Przejrzyj wi\u0119cej Chilli Slot"},"content":{"rendered":"<p>Wi\u0119cej Chilli pokie to jeden z tych automat\u00f3w do gier, kt\u00f3re mo\u017cna znale\u017a\u0107 dzi\u015b zar\u00f3wno w kasynach stacjonarnych, jak i online. I s\u0105 bardzo popularne w\u015br\u00f3d odbiorc\u00f3w hazardu.<\/p>\n<p>Automat do gry More Chilli spodoba si\u0119 zar\u00f3wno pocz\u0105tkuj\u0105cym graczom hazardowym, jak i du\u017cym klientom z do\u015bwiadczeniem. Wszystko dlatego, \u017ce to m kasyno ma jokery, dodatkowe bonusowe serie gier lub symbole rozproszone, kt\u00f3re zwielokrotni\u0105 Twoje szanse na uzyskanie maksymalnej nagrody.<\/p>\n<p>Z wygl\u0105du automat jest atrakcyjnie zaprojektowany i pozwala graczom wygodnie sp\u0119dza\u0107 czas podczas gry. Automat do gry More Chilli zosta\u0142 pierwotnie stworzony przez firm\u0119 Aristocrat specjalnie dla lokalnych kasyn i automat\u00f3w do gier, ale jego wielka popularno\u015b\u0107 cieszy si\u0119 teraz uznaniem graczy na ca\u0142ym \u015bwiecie.<\/p>\n<p style=\"text-align: center;\"><img loading=\"lazy\" decoding=\"async\" class=\"aligncenter wp-image-342 size-full\" src=\"https:\/\/rocketplay-game.com\/wp-content\/uploads\/2022\/08\/more-chilli-logo.jpeg\" alt=\"More Chilli logo\" width=\"948\" height=\"712\" srcset=\"https:\/\/rocketplay-game.com\/wp-content\/uploads\/2022\/08\/more-chilli-logo.jpeg 948w, https:\/\/rocketplay-game.com\/wp-content\/uploads\/2022\/08\/more-chilli-logo-300x225.jpeg 300w, https:\/\/rocketplay-game.com\/wp-content\/uploads\/2022\/08\/more-chilli-logo-768x577.jpeg 768w, https:\/\/rocketplay-game.com\/wp-content\/uploads\/2022\/08\/more-chilli-logo-600x450.jpeg 600w\" sizes=\"auto, (max-width: 948px) 100vw, 948px\" \/><\/p>\n<h2>Wi\u0119cej symboli i warto\u015bci Chilli<\/h2>\n<p>W aplikacji More Chilli s\u0105 symbole, a w\u015br\u00f3d nich s\u0142o\u0144ce, kurczaki, worek pieni\u0119dzy, pies chihuahua, stoisko z chili, tequila, koguty, a tak\u017ce u\u015bmiechni\u0119ty Meksykanin. Ponadto na b\u0119bnach natrafisz na symbole 9, 10, as, dama, walet i kr\u00f3l. Je\u015bli chodzi o symbol rozproszonego, to jest to sakiewka na pieni\u0105dze lub papryczka chili. Charakterystyczn\u0105 cech\u0105 jest meksyka\u0144ska kultura w sombrero, kt\u00f3ra krzyczy \u201eKolejne chili!\u201d stale. Automat regularnie Ci\u0119 motywuje, aby\u015b m\u00f3g\u0142 zrobi\u0107 wszystko i ostatecznie wygra\u0107 jackpota.<\/p>\n<p>Dzikim symbolem b\u0119dzie u\u015bmiechni\u0119ty Meksykanin. Dziki symbol zast\u0105pi wszystkie inne ikony z wyj\u0105tkiem symbolu rozproszonego. W przypadku kombinacji trzech lub np. wi\u0119kszej liczby symboli scatter, u\u017cytkownik czeka na 10 darmowych spin\u00f3w. Seri\u0119 zakr\u0119ce\u0144 mo\u017cna zwi\u0119kszy\u0107 do 15 po postawieniu pi\u0119ciu dodatkowych zak\u0142ad\u00f3w podczas funkcji aktywnych zakr\u0119ce\u0144.<\/p>\n<p>Osobliwo\u015bci\u0105 funkcji darmowych spin\u00f3w s\u0105 precyzyjne symbole rozproszone, kt\u00f3re zbierasz jednocze\u015bnie na b\u0119bnie, tym wi\u0119cej spin\u00f3w otrzymasz. Je\u015bli uzyskasz 9 spread\u00f3w, otrzymasz r\u00f3wnie\u017c trzy zestawy b\u0119bn\u00f3w. Im wi\u0119cej symboli, tym wi\u0119cej b\u0119bn\u00f3w. I tak, 30 symboli doprowadzi do tego, \u017ce zobaczysz zdj\u0119cie trzeciego, czwartego i pi\u0105tego b\u0119bna, kt\u00f3re s\u0105 w pe\u0142ni wype\u0142nione dzikimi symbolami i dadz\u0105 ci du\u017co darmowych spin\u00f3w.<\/p>\n<h2>Wi\u0119cej Chilli Slot RTP\/zmienno\u015b\u0107<\/h2>\n<p>Wsp\u00f3\u0142czynnik wyp\u0142at w automacie online More Chilli waha si\u0119 mi\u0119dzy 96-97%. Te warto\u015bci procentowe s\u0105 uwa\u017cane za do\u015b\u0107 wysokie. Je\u015bli we\u017amiemy r\u00f3wnie\u017c pod uwag\u0119 fakt, \u017ce zmienno\u015b\u0107 automatu jest \u015brednia, gracze b\u0119d\u0105 mieli do\u015b\u0107 du\u017c\u0105 szans\u0119 na wygranie tego automatu. A ka\u017cdy, kto ma szcz\u0119\u015bcie, b\u0119dzie m\u00f3g\u0142 wygra\u0107 jackpot, kt\u00f3ry przewy\u017cszy Tw\u00f3j zak\u0142ad tysi\u0105c razy.<\/p>\n<p>Nie tylko RTP i zmienno\u015b\u0107 pomog\u0105 Ci wygra\u0107, ale tak\u017ce liczba bonus\u00f3w, kt\u00f3re mo\u017cesz spotka\u0107 w rozgrywce.<\/p>\n<p style=\"text-align: center;\"><img loading=\"lazy\" decoding=\"async\" class=\"aligncenter wp-image-343 size-full\" src=\"https:\/\/rocketplay-game.com\/wp-content\/uploads\/2022\/08\/more-chilli-slot.jpeg\" alt=\"more chilli slot\" width=\"815\" height=\"608\" srcset=\"https:\/\/rocketplay-game.com\/wp-content\/uploads\/2022\/08\/more-chilli-slot.jpeg 815w, https:\/\/rocketplay-game.com\/wp-content\/uploads\/2022\/08\/more-chilli-slot-300x224.jpeg 300w, https:\/\/rocketplay-game.com\/wp-content\/uploads\/2022\/08\/more-chilli-slot-768x573.jpeg 768w\" sizes=\"auto, (max-width: 815px) 100vw, 815px\" \/><\/p>\n<p>Zagraj w wi\u0119cej chili na urz\u0105dzeniu mobilnym<\/p>\n<p>Im dalej rozwija si\u0119 hazard online, tym wi\u0119cej fan\u00f3w gry More Chilli online staje si\u0119 za darmo z telefonu kom\u00f3rkowego. W ko\u0144cu jest to bardzo wygodne i mo\u017cesz mie\u0107 dost\u0119p do swojego konta w kasynie i automat\u00f3w w dowolnym momencie. Dost\u0119p do Internetu odkryje przed Tob\u0105 wszystkie mo\u017cliwo\u015bci mobilnego kasyna online.<\/p>\n<p>Jest to wygodne nie tylko dlatego, \u017ce jest dost\u0119pne wsz\u0119dzie, ale tak\u017ce dlatego, \u017ce nie trzeba wcze\u015bniej pobiera\u0107 More Chilli pokie.<\/p>\n<p>Aby spe\u0142ni\u0107 \u017cyczenia graczy i zapewni\u0107 pe\u0142en komfort w More Chilli online na prawdziwe pieni\u0105dze, studio deweloperskie Aristocrat natychmiast pracuje nad tym, aby gry by\u0142y dost\u0119pne zar\u00f3wno na komputerach, jak i na telefonie. Opr\u00f3cz telefonu mog\u0105 to by\u0107 inne urz\u0105dzenia, z kt\u00f3rych korzystasz na co dzie\u0144, np. tablet.<\/p>\n<h2>Wi\u0119cej cz\u0119sto zadawanych pyta\u0144 o chili<\/h2>\n<h3>Czy musz\u0119 pobra\u0107 aplikacj\u0119 More Chilli?<\/h3>\n<p>Nie musisz w og\u00f3le pobiera\u0107 aplikacji, poniewa\u017c mo\u017cesz korzysta\u0107 z internetowej wersji witryny. Istniej\u0105 jednak kasyna, w kt\u00f3rych ten automat wyst\u0119puje w aplikacji. Je\u015bli chcesz, mo\u017cesz go zainstalowa\u0107 i u\u017cywa\u0107. Jednak wersja internetowa nie r\u00f3\u017cni si\u0119 i pozwoli zaoszcz\u0119dzi\u0107 pami\u0119\u0107 na twoim urz\u0105dzeniu.<\/p>\n<h3>Czy mog\u0119 zagra\u0107 na automacie More Chilli za darmo?<\/h3>\n<p>Istniej\u0105 wersje demo tego automatu, kt\u00f3re mo\u017cesz wypr\u00f3bowa\u0107 na r\u00f3\u017cnych stronach internetowych. Pomimo tego, \u017ce wersja jest tylko wst\u0119pna i nie b\u0119dziesz musia\u0142 ryzykowa\u0107 swoich pieni\u0119dzy, w ka\u017cdym razie b\u0119dziesz mia\u0142 dost\u0119p do pe\u0142noprawnej rozgrywki i b\u0119bn\u00f3w. Oraz bonusy, kt\u00f3re s\u0105 r\u00f3wnie\u017c dost\u0119pne w zwyk\u0142ym slocie za prawdziwe pieni\u0105dze.<\/p>\n<h3>Czy lepiej gra\u0107 w More Chilli online, czy w kasynie stacjonarnym?<\/h3>\n<p>W takim przypadku, je\u015bli zdecydujesz si\u0119 zagra\u0107 w wersj\u0119 online tego automatu, czeka na Ciebie mi\u0142y bonus, kt\u00f3ry da Ci mo\u017cliwo\u015b\u0107 zwi\u0119kszenia linii wyp\u0142at. Oznacza to, \u017ce Tw\u00f3j RTP r\u00f3wnie\u017c zostanie uaktualniony. To w og\u00f3le niewielki procentowy wzrost; jednak nie ma takiej mo\u017cliwo\u015bci w slotach l\u0105dowych.<\/p>\n<p>Recenzje o automatach:<\/p>\n<ul>\n<li><a href=\"https:\/\/rocketplay-game.com\/pl\/slots\/book-of-ra-deluxe\/\">Book Of Ra Deluxe<\/a><\/li>\n<li><a href=\"https:\/\/rocketplay-game.com\/pl\/slots\/mega-moolah\/\">Mega Moolah<\/a><\/li>\n<\/ul>\n","protected":false},"excerpt":{"rendered":"<p>Wi\u0119cej Chilli pokie to jeden z tych automat\u00f3w do gier, kt\u00f3re mo\u017cna znale\u017a\u0107 dzi\u015b zar\u00f3wno w kasynach stacjonarnych, jak i online. I s\u0105 bardzo popularne w\u015br\u00f3d odbiorc\u00f3w hazardu. Automat do gry More Chilli spodoba si\u0119 zar\u00f3wno pocz\u0105tkuj\u0105cym graczom hazardowym, jak i du\u017cym klientom z do\u015bwiadczeniem. Wszystko dlatego, \u017ce to m kasyno ma jokery, dodatkowe bonusowe&#8230;<\/p>\n","protected":false},"author":1,"featured_media":0,"parent":2073,"menu_order":0,"comment_status":"closed","ping_status":"closed","template":"page-with-slot.php","meta":{"_acf_changed":false,"_kad_post_transparent":"default","_kad_post_title":"default","_kad_post_layout":"default","_kad_post_sidebar_id":"","_kad_post_content_style":"default","_kad_post_vertical_padding":"default","_kad_post_feature":"","_kad_post_feature_position":"","_kad_post_header":false,"_kad_post_footer":false,"footnotes":""},"class_list":["post-2088","page","type-page","status-publish","hentry"],"acf":[],"rttpg_featured_image_url":null,"rttpg_author":{"display_name":"Tom","author_link":"https:\/\/rocketplay-game.com\/pl\/author\/pemvas95n89x\/"},"rttpg_comment":0,"rttpg_category":null,"rttpg_excerpt":"Wi\u0119cej Chilli pokie to jeden z tych automat\u00f3w do gier, kt\u00f3re mo\u017cna znale\u017a\u0107 dzi\u015b zar\u00f3wno w kasynach stacjonarnych, jak i online. I s\u0105 bardzo popularne w\u015br\u00f3d odbiorc\u00f3w hazardu. Automat do gry More Chilli spodoba si\u0119 zar\u00f3wno pocz\u0105tkuj\u0105cym graczom hazardowym, jak i du\u017cym klientom z do\u015bwiadczeniem. Wszystko dlatego, \u017ce to m kasyno ma jokery, dodatkowe bonusowe...","_links":{"self":[{"href":"https:\/\/rocketplay-game.com\/pl\/wp-json\/wp\/v2\/pages\/2088","targetHints":{"allow":["GET"]}}],"collection":[{"href":"https:\/\/rocketplay-game.com\/pl\/wp-json\/wp\/v2\/pages"}],"about":[{"href":"https:\/\/rocketplay-game.com\/pl\/wp-json\/wp\/v2\/types\/page"}],"author":[{"embeddable":true,"href":"https:\/\/rocketplay-game.com\/pl\/wp-json\/wp\/v2\/users\/1"}],"replies":[{"embeddable":true,"href":"https:\/\/rocketplay-game.com\/pl\/wp-json\/wp\/v2\/comments?post=2088"}],"version-history":[{"count":2,"href":"https:\/\/rocketplay-game.com\/pl\/wp-json\/wp\/v2\/pages\/2088\/revisions"}],"predecessor-version":[{"id":2089,"href":"https:\/\/rocketplay-game.com\/pl\/wp-json\/wp\/v2\/pages\/2088\/revisions\/2089"}],"up":[{"embeddable":true,"href":"https:\/\/rocketplay-game.com\/pl\/wp-json\/wp\/v2\/pages\/2073"}],"wp:attachment":[{"href":"https:\/\/rocketplay-game.com\/pl\/wp-json\/wp\/v2\/media?parent=2088"}],"curies":[{"name":"wp","href":"https:\/\/api.w.org\/{rel}","templated":true}]}}