{"id":2092,"date":"2022-08-18T17:24:15","date_gmt":"2022-08-18T14:24:15","guid":{"rendered":"https:\/\/rocketplay-game.com\/slots\/queen-of-the-nile\/"},"modified":"2025-11-25T23:12:03","modified_gmt":"2025-11-25T20:12:03","slug":"queen-of-the-nile","status":"publish","type":"page","link":"https:\/\/rocketplay-game.com\/pl\/slots\/queen-of-the-nile\/","title":{"rendered":"Recenzja Kr\u00f3lowej Nilu Slot"},"content":{"rendered":"<p>Firma Aristocrat stworzy\u0142a kiedy\u015b darmowe pokies Queen of The Nile, czyli wideo automat do gry, kt\u00f3ry ma 24 linie wygrywaj\u0105ce i a\u017c 5 b\u0119bn\u00f3w.<\/p>\n<p>Maszyna wzorowana jest na s\u0142ynnym faraonie staro\u017cytnego Egiptu \u2013 kr\u00f3lowej Kleopatrze. Wiele lat temu Kleopatra okaza\u0142a si\u0119 ostatnim faraonem staro\u017cytnego Egiptu. Mimo to by\u0142a Ptolemeuszem.<\/p>\n<p>Automat daje mo\u017cliwo\u015b\u0107 postawienia minimalnych zak\u0142ad\u00f3w na spin, kt\u00f3re zaczynaj\u0105 si\u0119 od warto\u015bci 0,25 monety, podczas gdy maksymalny zak\u0142ad wyniesie 50 monet. Automat ma jackpot 1500 monet, a tak\u017ce r\u00f3\u017cne mno\u017cniki i seri\u0119 darmowych spin\u00f3w, kt\u00f3re pomog\u0105 Ci zdoby\u0107 jackpot. Dlatego zalecamy bezp\u0142atne pobieranie Queen of The Nile.<\/p>\n<p><img loading=\"lazy\" decoding=\"async\" class=\"wp-image-350 size-full aligncenter\" src=\"https:\/\/rocketplay-game.com\/wp-content\/uploads\/2022\/08\/queen-of-the-nile-logo.jpeg\" alt=\"Queen of The Nile logo\" width=\"800\" height=\"600\" srcset=\"https:\/\/rocketplay-game.com\/wp-content\/uploads\/2022\/08\/queen-of-the-nile-logo.jpeg 800w, https:\/\/rocketplay-game.com\/wp-content\/uploads\/2022\/08\/queen-of-the-nile-logo-300x225.jpeg 300w, https:\/\/rocketplay-game.com\/wp-content\/uploads\/2022\/08\/queen-of-the-nile-logo-768x576.jpeg 768w, https:\/\/rocketplay-game.com\/wp-content\/uploads\/2022\/08\/queen-of-the-nile-logo-600x450.jpeg 600w\" sizes=\"auto, (max-width: 800px) 100vw, 800px\" \/><\/p>\n<h2>Symbole i warto\u015bci kr\u00f3lowej Nilu<\/h2>\n<p>Ten automat do gry Queen of the Nile jest do\u015b\u0107 popularny w zwyk\u0142ych kasynach i nic dziwnego, \u017ce studio Aristocrat zdecydowa\u0142o si\u0119 r\u00f3wnie\u017c na wydanie automatu online.<\/p>\n<p>Ca\u0142y wygl\u0105d maszyny w kasynie online i oczywi\u015bcie symbole oddadz\u0105 dok\u0142adnie ten okres w staro\u017cytnym Egipcie.<\/p>\n<p>Zobaczysz:<\/p>\n<ul>\n<li>rozproszona piramida;<\/li>\n<li>kwiat lotosu;<\/li>\n<li>kr\u00f3lowa Kleopatra;<\/li>\n<li>karty od 9 do asa;<\/li>\n<li>oko Horusa;<\/li>\n<li>chrz\u0105szcze skarabeusza.<\/li>\n<\/ul>\n<p>Dzikim symbolem jest Kr\u00f3lowa Kleopatra, kt\u00f3ra zast\u0119puje s\u0105siednie symbole, a je\u015bli zostanie stworzona zwyci\u0119ska kombinacja, wyp\u0142aty zak\u0142adu zostan\u0105 podwojone. Kleopatra nie zast\u0119puje tylko symboli rozproszonych w aplikacji pokie Queen of The Nile.<\/p>\n<p>Ca\u0142kowitym celem Twojej gry jest nie tylko wygrywanie zak\u0142ad\u00f3w, ale tak\u017ce odblokowanie funkcji darmowych spin\u00f3w. W ko\u0144cu pomog\u0105 Ci wygra\u0107 i przybli\u017c\u0105 Twoje szanse na wygran\u0105.<\/p>\n<p>Spiny zostan\u0105 aktywowane dzi\u0119ki symbolom scatter i opcji p\u0142atno\u015bci, czyli piramidzie. Gdy tylko 3 lub wi\u0119cej symboli pojawi si\u0119 na b\u0119bnach podczas gry g\u0142\u00f3wnej, otworzy si\u0119 nowy ekran, na kt\u00f3rym sama Kleopatra zaoferuje graczowi wyb\u00f3r jednej z 4 funkcji darmowych spin\u00f3w.<\/p>\n<p>Pocz\u0105tkowa funkcja darmowych zakr\u0119ce\u0144 zapewni Ci 5 zakr\u0119ce\u0144 z 10-krotnym mno\u017cnikiem, a nast\u0119pnie z ka\u017cdym poziomem zakr\u0119cenia wzrosn\u0105 o 5. Mno\u017cniki, wr\u0119cz przeciwnie. W drugiej funkcji znajdziesz mno\u017cnik 5-krotny, w trzeciej mno\u017cnik 3-krotny, a w ostatniej tylko mno\u017cnik 2-krotny.<\/p>\n<p>Gracz mo\u017ce r\u00f3wnie\u017c otrzymywa\u0107 wyp\u0142aty za rozproszenia. 5 symboli rozproszonych daje 100 monet. Wygrane z symbolu rozproszonego zostan\u0105 pomno\u017cone przez ca\u0142kowity zak\u0142ad w slocie.<\/p>\n<p>Opr\u00f3cz g\u0142\u00f3wnych symboli i funkcji bonusowych, kt\u00f3re mo\u017cna znale\u017a\u0107 w grze, istnieje r\u00f3wnie\u017c dodatkowa gra ryzykowna. Mo\u017cesz w ni\u0105 zagra\u0107 po zwyci\u0119stwie i jest to do\u015b\u0107 powszechny rodzaj gry dodatkowej. Twoim zadaniem jest odgadni\u0119cie koloru karty lub jej koloru. Wszystko jest proste, a je\u015bli wygrasz, Twoja wygrana zostanie podwojona lub zwi\u0119kszona 4 razy.<\/p>\n<h2>Automat RTP\/zmienno\u015b\u0107 kr\u00f3lowej Nilu<\/h2>\n<p>Ten automat do gry charakteryzuje si\u0119 \u015bredni\u0105 zmienno\u015bci\u0105 i jest bardziej odpowiedni dla graczy, kt\u00f3rzy lubi\u0105 gra\u0107 du\u017ce. Jednak gracze z ma\u0142ym bankiem mog\u0105 r\u00f3wnie\u017c \u015bwietnie si\u0119 bawi\u0107 dzi\u0119ki bezp\u0142atnej grze Queen of The Nile.<\/p>\n<p>Je\u015bli uda\u0142o Ci si\u0119 wygra\u0107 dobr\u0105 wyp\u0142at\u0119, dobrze jest j\u0105 wyp\u0142aci\u0107, aby pozosta\u0142o Ci co najmniej 50% swojego bankrolla, a pozosta\u0142e 50% to Twoja nagroda, kt\u00f3r\u0105 uczciwie wygra\u0142e\u015b.<\/p>\n<p>Mo\u017cesz by\u0107 pewien, \u017ce b\u0119dziesz mia\u0142 du\u017ce szanse na otrzymanie wyp\u0142aty, poniewa\u017c zauwa\u017c, \u017ce procent zwrotu dla gracza wynosi 95,5%. Jest to ca\u0142kiem przyjemny wska\u017anik, poniewa\u017c w wielu automatach, zw\u0142aszcza w kasynach stacjonarnych, procent RTP jest kilkakrotnie ni\u017cszy.<\/p>\n<p style=\"text-align: center;\"><img loading=\"lazy\" decoding=\"async\" class=\"aligncenter wp-image-352 size-full\" src=\"https:\/\/rocketplay-game.com\/wp-content\/uploads\/2022\/08\/queen-of-the-nile-slot-1.jpeg\" alt=\"queen of the nile slot\" width=\"827\" height=\"620\" srcset=\"https:\/\/rocketplay-game.com\/wp-content\/uploads\/2022\/08\/queen-of-the-nile-slot-1.jpeg 827w, https:\/\/rocketplay-game.com\/wp-content\/uploads\/2022\/08\/queen-of-the-nile-slot-1-300x225.jpeg 300w, https:\/\/rocketplay-game.com\/wp-content\/uploads\/2022\/08\/queen-of-the-nile-slot-1-768x576.jpeg 768w, https:\/\/rocketplay-game.com\/wp-content\/uploads\/2022\/08\/queen-of-the-nile-slot-1-600x450.jpeg 600w\" sizes=\"auto, (max-width: 827px) 100vw, 827px\" \/><\/p>\n<h2>Graj w Kr\u00f3low\u0105 Nilu na urz\u0105dzeniach mobilnych<\/h2>\n<p>Dobr\u0105 wiadomo\u015bci\u0105 dla graczy mobilnych b\u0119dzie to, \u017ce automat jest doskonale odtwarzany i wyczuwalny na telefonach i innych urz\u0105dzeniach. Mo\u017cesz otworzy\u0107 gr\u0119 w przegl\u0105darce i cieszy\u0107 si\u0119 rozgrywk\u0105 z dowolnego ekranu. Tw\u00f3rcy zadbali o to, aby interfejs by\u0142 wygodnie rozmieszczony na ca\u0142ej powierzchni urz\u0105dzenia, a Ty nie odczuwasz \u017cadnego dyskomfortu podczas grania.<\/p>\n<p>W wersji Queen of The Nile pokies na prawdziwe pieni\u0105dze, dost\u0119pne b\u0119d\u0105 wszystkie funkcje, wszystkie symbole i kombinacje, kt\u00f3re, podobnie jak na komputerze, doprowadz\u0105 Ci\u0119 do upragnionego zwyci\u0119stwa i jackpota.<\/p>\n<h2>Najcz\u0119\u015bciej zadawane pytania dotycz\u0105ce kr\u00f3lowej Nilu<\/h2>\n<h3>Czy automat jest progresywny?<\/h3>\n<p>Automat do gry Queen of The Nile ma sw\u00f3j w\u0142asny jackpot w grze, ale nie jest progresywny. Mimo to, robi\u0105c ma\u0142e lub du\u017ce zak\u0142ady, nadal b\u0119dziesz w stanie uzyska\u0107 niez\u0142e wyp\u0142aty.<\/p>\n<h3>Czy mog\u0119 zagra\u0107 na automacie Queen of The Nile za darmo?<\/h3>\n<p>Mo\u017cesz skorzysta\u0107 z wbudowanego trybu demo do darmowej gry, kt\u00f3ry wprowadzi Ci\u0119 w rozgrywk\u0119 i zanurzy w atmosferze staro\u017cytnego Egiptu. Po wypr\u00f3bowaniu automatu za darmo powiniene\u015b zacz\u0105\u0107 obstawia\u0107 prawdziwe pieni\u0105dze i otrzymywa\u0107 znaczne wyp\u0142aty.<\/p>\n<h3>Ile monet daje symbol Wild?<\/h3>\n<p>Je\u015bli postawisz maksymalny zak\u0142ad i zbierzesz kombinacj\u0119 5 dzikich symboli Kleopatry, mo\u017cesz liczy\u0107 na wygran\u0105 3000 monet w automacie Queen of The Nile.<\/p>\n<p>Recenzje o automatach:<\/p>\n<ul>\n<li><a href=\"https:\/\/rocketplay-game.com\/pl\/slots\/king-of-the-nile\/\">King Of The Nile<\/a><\/li>\n<li><a href=\"https:\/\/rocketplay-game.com\/pl\/slots\/5-dragons\/\">5 Dragons<\/a><\/li>\n<li><a href=\"https:\/\/rocketplay-game.com\/pl\/slots\/queen-and-dragons\/\">Queen and Dragons<\/a><\/li>\n<\/ul>\n","protected":false},"excerpt":{"rendered":"<p>Firma Aristocrat stworzy\u0142a kiedy\u015b darmowe pokies Queen of The Nile, czyli wideo automat do gry, kt\u00f3ry ma 24 linie wygrywaj\u0105ce i a\u017c 5 b\u0119bn\u00f3w. Maszyna wzorowana jest na s\u0142ynnym faraonie staro\u017cytnego Egiptu \u2013 kr\u00f3lowej Kleopatrze. Wiele lat temu Kleopatra okaza\u0142a si\u0119 ostatnim faraonem staro\u017cytnego Egiptu. Mimo to by\u0142a Ptolemeuszem. Automat daje mo\u017cliwo\u015b\u0107 postawienia minimalnych zak\u0142ad\u00f3w&#8230;<\/p>\n","protected":false},"author":1,"featured_media":0,"parent":2073,"menu_order":0,"comment_status":"closed","ping_status":"closed","template":"page-with-slot.php","meta":{"_acf_changed":false,"_kad_post_transparent":"default","_kad_post_title":"default","_kad_post_layout":"default","_kad_post_sidebar_id":"","_kad_post_content_style":"default","_kad_post_vertical_padding":"default","_kad_post_feature":"","_kad_post_feature_position":"","_kad_post_header":false,"_kad_post_footer":false,"footnotes":""},"class_list":["post-2092","page","type-page","status-publish","hentry"],"acf":[],"rttpg_featured_image_url":null,"rttpg_author":{"display_name":"Tom","author_link":"https:\/\/rocketplay-game.com\/pl\/author\/pemvas95n89x\/"},"rttpg_comment":0,"rttpg_category":null,"rttpg_excerpt":"Firma Aristocrat stworzy\u0142a kiedy\u015b darmowe pokies Queen of The Nile, czyli wideo automat do gry, kt\u00f3ry ma 24 linie wygrywaj\u0105ce i a\u017c 5 b\u0119bn\u00f3w. Maszyna wzorowana jest na s\u0142ynnym faraonie staro\u017cytnego Egiptu \u2013 kr\u00f3lowej Kleopatrze. Wiele lat temu Kleopatra okaza\u0142a si\u0119 ostatnim faraonem staro\u017cytnego Egiptu. Mimo to by\u0142a Ptolemeuszem. Automat daje mo\u017cliwo\u015b\u0107 postawienia minimalnych zak\u0142ad\u00f3w...","_links":{"self":[{"href":"https:\/\/rocketplay-game.com\/pl\/wp-json\/wp\/v2\/pages\/2092","targetHints":{"allow":["GET"]}}],"collection":[{"href":"https:\/\/rocketplay-game.com\/pl\/wp-json\/wp\/v2\/pages"}],"about":[{"href":"https:\/\/rocketplay-game.com\/pl\/wp-json\/wp\/v2\/types\/page"}],"author":[{"embeddable":true,"href":"https:\/\/rocketplay-game.com\/pl\/wp-json\/wp\/v2\/users\/1"}],"replies":[{"embeddable":true,"href":"https:\/\/rocketplay-game.com\/pl\/wp-json\/wp\/v2\/comments?post=2092"}],"version-history":[{"count":2,"href":"https:\/\/rocketplay-game.com\/pl\/wp-json\/wp\/v2\/pages\/2092\/revisions"}],"predecessor-version":[{"id":2097,"href":"https:\/\/rocketplay-game.com\/pl\/wp-json\/wp\/v2\/pages\/2092\/revisions\/2097"}],"up":[{"embeddable":true,"href":"https:\/\/rocketplay-game.com\/pl\/wp-json\/wp\/v2\/pages\/2073"}],"wp:attachment":[{"href":"https:\/\/rocketplay-game.com\/pl\/wp-json\/wp\/v2\/media?parent=2092"}],"curies":[{"name":"wp","href":"https:\/\/api.w.org\/{rel}","templated":true}]}}