{"id":2099,"date":"2022-08-18T18:26:02","date_gmt":"2022-08-18T15:26:02","guid":{"rendered":"https:\/\/rocketplay-game.com\/slots\/wheres-the-gold\/"},"modified":"2022-10-29T10:45:16","modified_gmt":"2022-10-29T07:45:16","slug":"wheres-the-gold","status":"publish","type":"page","link":"https:\/\/rocketplay-game.com\/pl\/slots\/wheres-the-gold\/","title":{"rendered":"Recenzja Gdzie jest z\u0142oty automat"},"content":{"rendered":"<p>Deweloperem automatu jest Aristocrat Technology, znana firma na rynku rozrywki hazardowej. Gdzie z\u0142oty automat online jest uwa\u017cany za jedn\u0105 z najlepszych kreacji firmy. Jest idealny dla wszystkich u\u017cytkownik\u00f3w &#8211; zar\u00f3wno pocz\u0105tkuj\u0105cych, jak i do\u015bwiadczonych graczy:<\/p>\n<ul>\n<li>Niesamowita grafika;<\/li>\n<li>efekty specjalne;<\/li>\n<li>\u015bcie\u017cki d\u017awi\u0119kowe towarzysz\u0105ce procesowi;<\/li>\n<li>wysokie wyp\u0142aty;<\/li>\n<li>\u015brednia zmienno\u015b\u0107;<\/li>\n<li>niez\u0142y procent rpt;<\/li>\n<li>dost\u0119pno\u015b\u0107 trybu demo!<\/li>\n<\/ul>\n<p>Wszystko to mo\u017ce zaspokoi\u0107 \u017cyczenia nawet najbardziej wymagaj\u0105cych \u201esmakoszy\u201d hazardu. Dla wi\u0119kszej wygody przedstawiamy Pa\u0144stwu tabel\u0119, kt\u00f3ra zawiera podstawowe informacje o grze Where&#8217;s the Gold.<\/p>\n<table border=\"0\" cellspacing=\"0\" cellpadding=\"0\">\n<colgroup>\n<col \/>\n<col \/> <\/colgroup>\n<tbody>\n<tr>\n<td>Charakterystyka<\/td>\n<td>Detale<\/td>\n<\/tr>\n<tr>\n<td>Ilo\u015b\u0107 k\u00f3\u0142<\/td>\n<td>5<\/td>\n<\/tr>\n<tr>\n<td>Ilo\u015b\u0107 rz\u0119d\u00f3w<\/td>\n<td>3<\/td>\n<\/tr>\n<tr>\n<td>Linie wyp\u0142at<\/td>\n<td>25<\/td>\n<\/tr>\n<tr>\n<td>Automatyczne odtwarzanie<\/td>\n<td>yes<\/td>\n<\/tr>\n<tr>\n<td>Czynnik<\/td>\n<td>yes<\/td>\n<\/tr>\n<tr>\n<td>Pula<\/td>\n<td>yes<\/td>\n<\/tr>\n<tr>\n<td>Runda bonusowa<\/td>\n<td>nie<\/td>\n<\/tr>\n<tr>\n<td>Specjalne emblematy<\/td>\n<td>dzikie, rozproszone<\/td>\n<\/tr>\n<tr>\n<td>Developer<\/td>\n<td>Arystokrata<\/td>\n<\/tr>\n<tr>\n<td>RTP<\/td>\n<td>95%<\/td>\n<\/tr>\n<\/tbody>\n<\/table>\n<p>&nbsp;<\/p>\n<h2>Kto pomo\u017ce Ci znale\u017a\u0107 to z\u0142oto?<\/h2>\n<p>G\u0142\u00f3wny bohater to poszukiwacz z\u0142ota szukaj\u0105cy gor\u0105czki z\u0142ota. Dlatego, uruchamiaj\u0105c automat, b\u0105d\u017a gotowy na przygod\u0119 z nim i nie zapomnij zabra\u0107 ze sob\u0105 kilofa wozu. Grafika i efekty specjalne s\u0105 tak wysokiej jako\u015bci, \u017ce naprawd\u0119 poczujesz si\u0119 jak poszukiwacz nieznanych skarb\u00f3w. Gracz przed rozpocz\u0119ciem gry wybiera swoj\u0105 posta\u0107, kt\u00f3ra w jego imieniu b\u0119dzie szuka\u0107 z\u0142ota. W\u015br\u00f3d 5 opcji na pewno znajdziesz tak\u0105, kt\u00f3ra Ci si\u0119 spodoba.<\/p>\n<p>Aby gra\u0107 w Wheres the Gold nie tylko dla zabawy, ale tak\u017ce dla zysku, zapoznaj si\u0119 z regu\u0142ami i zasadami gry. Najpierw musisz zdecydowa\u0107 o wielko\u015bci zak\u0142adu i liczbie linii, a dopiero potem rozpocz\u0105\u0107 rotacj\u0119 b\u0119bn\u00f3w. Opr\u00f3cz u\u0142atwienia zadania mo\u017cesz skorzysta\u0107 z funkcji automatycznego odtwarzania, ustawiaj\u0105c z wyprzedzeniem wszystkie niezb\u0119dne ustawienia.<\/p>\n<p>Je\u015bli czujesz, \u017ce nie jeste\u015b jeszcze gotowy do gry na prawdziwe pieni\u0105dze, ale nie mo\u017cesz si\u0119 oprze\u0107 ch\u0119ci spr\u00f3bowania swoich si\u0142, darmowa wersja Wheres Gold Ci pomo\u017ce. Tutaj bez ryzyka utraty w\u0142asnych oszcz\u0119dno\u015bci zanurzysz si\u0119 w rozgrywce; b\u0119dziesz m\u00f3g\u0142 zapozna\u0107 si\u0119 z niuansami gry, a nawet zbudowa\u0107 w\u0142asn\u0105 taktyk\u0119 poszukiwania skarb\u00f3w. A ca\u0142\u0105 zdobyt\u0105 w grze wiedz\u0119 z powodzeniem wykorzystasz za pieni\u0105dze, poniewa\u017c zasady w obu wersjach s\u0105 absolutnie identyczne.<\/p>\n<p style=\"text-align: center;\"><img loading=\"lazy\" decoding=\"async\" class=\"aligncenter wp-image-378 size-full\" src=\"https:\/\/rocketplay-game.com\/wp-content\/uploads\/2022\/08\/wheres-the-gold-logo.png\" alt=\"wheres the gold logo\" width=\"826\" height=\"621\" srcset=\"https:\/\/rocketplay-game.com\/wp-content\/uploads\/2022\/08\/wheres-the-gold-logo.png 826w, https:\/\/rocketplay-game.com\/wp-content\/uploads\/2022\/08\/wheres-the-gold-logo-300x226.png 300w, https:\/\/rocketplay-game.com\/wp-content\/uploads\/2022\/08\/wheres-the-gold-logo-768x577.png 768w, https:\/\/rocketplay-game.com\/wp-content\/uploads\/2022\/08\/wheres-the-gold-logo-600x450.png 600w\" sizes=\"auto, (max-width: 826px) 100vw, 826px\" \/><\/p>\n<h2>Znajd\u017a nowe z\u0142ote \u017cy\u0142y<\/h2>\n<p>Dzi\u0119ki innowacyjnym technologiom mo\u017cesz teraz odtwarza\u0107 swoj\u0105 ulubion\u0105 rozrywk\u0119 bez przywi\u0105zywania si\u0119 do konkretnego miejsca. Dzi\u0119ki aplikacji Wheres the Gold mo\u017cesz kr\u0119ci\u0107 b\u0119bnami zar\u00f3wno w korkach, jak i w czarnych miejscach w sklepie oraz o ka\u017cdej porze dnia i nocy, kiedy masz woln\u0105 chwil\u0119.<\/p>\n<p>Niestety, runda bonusowa w grze nie jest zapewniona przez tw\u00f3rc\u00f3w. Ale zamiast tego zaprogramowali wiele innych zach\u0119t, premii i mi\u0142ych prezent\u00f3w. Gra ma progresywne jackpoty i jeden sta\u0142y jackpot w wysoko\u015bci 4000 $. Istnieje r\u00f3wnie\u017c funkcja Gamble, lub jak to jest lepiej znane w\u015br\u00f3d hazardzist\u00f3w, ryzykowna gra. Pozwala zwi\u0119kszy\u0107 wygran\u0105 2 i 4 razy. Aby to zrobi\u0107, wystarczy odgadn\u0105\u0107 kolor odkrytej karty lub jej kolor.<\/p>\n<h2>Odbierz sw\u00f3j z\u0142oty samorodek ju\u017c dzi\u015b<\/h2>\n<p>Kolejn\u0105 mi\u0142\u0105 niespodziank\u0105 by\u0142o to, \u017ce pobieranie Where the Gold pokie jest niezwykle szybkie i bez konieczno\u015bci instalowania dodatkowych program\u00f3w. Gra jest dost\u0119pna na wszystkie urz\u0105dzenia, w tym tablety i smartfony, dzia\u0142aj\u0105ce na r\u00f3\u017cnych systemach operacyjnych (Android, iOS, Windows). Dlatego teraz masz wszystkie mo\u017cliwo\u015bci, aby odebra\u0107 sw\u00f3j z\u0142oty samorodek ju\u017c dzi\u015b.<\/p>\n<p>U\u017cytkownicy b\u0119d\u0105 r\u00f3wnie\u017c zachwyceni korzystnymi bonusami prezentowanymi w automacie. Gra posiada emblemat rozproszony w postaci materia\u0142u wybuchowego. Je\u015bli zbierzesz kombinacj\u0119 co najmniej trzech materia\u0142\u00f3w wybuchowych, mo\u017cesz zdoby\u0107 dziesi\u0119\u0107 darmowych spin\u00f3w.<\/p>\n<p>Dzikie symbole s\u0105 r\u00f3wnie\u017c bardzo po\u017c\u0105dane i przydatne. Zast\u0119puj\u0105 ka\u017cdy inny obrazek (opr\u00f3cz scattera), dzi\u0119ki czemu znacznie zwi\u0119kszaj\u0105 si\u0119 szanse na zbudowanie zwyci\u0119skiej kombinacji. Gra zosta\u0142a stworzona tak, aby absolutnie ka\u017cdy u\u017cytkownik by\u0142 zadowolony nie tylko emocjonalnie, ale tak\u017ce m\u00f3g\u0142 bawi\u0107 si\u0119 przyjemnym dodatkiem pieni\u0119\u017cnym.<\/p>\n<h2>Gdzie s\u0105 najcz\u0119\u015bciej zadawane pytania na temat Gold Slot<\/h2>\n<h3>Jak gra\u0107 na automacie?<\/h3>\n<p>Gra nie wymaga \u017cadnych dodatkowych umiej\u0119tno\u015bci i zdolno\u015bci. Na ekranie gracz widzi 5 b\u0119bn\u00f3w z 25 liniami. Te linie s\u0142u\u017c\u0105 do obliczania zak\u0142ad\u00f3w. Po wybraniu wielko\u015bci depozytu nale\u017cy nacisn\u0105\u0107 przycisk i rozpocz\u0105\u0107 gr\u0119. Je\u015bli masz szcz\u0119\u015bcie, mo\u017cesz r\u00f3wnie\u017c zdoby\u0107 mno\u017cnik podw\u00f3jnej wygranej po jackpocie. Istnieje r\u00f3wnie\u017c mo\u017cliwo\u015b\u0107 gier automatycznych i ryzykownych.<\/p>\n<h3>Czy gra jest darmowa?<\/h3>\n<p>Na automacie mo\u017cna gra\u0107 zar\u00f3wno za pieni\u0105dze, jak i za darmo. Darmowa gra jest mo\u017cliwa podczas korzystania z wersji demo.<\/p>\n<h3>Jak wygra\u0107 pieni\u0105dze w automacie?<\/h3>\n<p>Ka\u017cdy gracz musi zrozumie\u0107, \u017ce wynik\u00f3w automatu nie mo\u017cna obliczy\u0107. To gra losowa, kt\u00f3rej wynik zale\u017cy wy\u0142\u0105cznie od szcz\u0119\u015bcia. Postaw jednak jak najwi\u0119cej zak\u0142ad\u00f3w. Lepiej niech b\u0119d\u0105 mniejsze, ale ich liczba b\u0119dzie wi\u0119ksza. A tak\u017ce b\u0105d\u017a aktywny i wytrwa\u0142y. Kto nie pr\u00f3buje, nie wygrywa.<\/p>\n<p>Recenzje o automatach:<\/p>\n<ul>\n<li><a href=\"https:\/\/rocketplay-game.com\/pl\/slots\/more-chilli\/\">More Chilli<\/a><\/li>\n<li><a href=\"https:\/\/rocketplay-game.com\/pl\/slots\/indian-dreaming\/\">Indian Dreaming<\/a><\/li>\n<\/ul>\n","protected":false},"excerpt":{"rendered":"<p>Deweloperem automatu jest Aristocrat Technology, znana firma na rynku rozrywki hazardowej. Gdzie z\u0142oty automat online jest uwa\u017cany za jedn\u0105 z najlepszych kreacji firmy. Jest idealny dla wszystkich u\u017cytkownik\u00f3w &#8211; zar\u00f3wno pocz\u0105tkuj\u0105cych, jak i do\u015bwiadczonych graczy: Niesamowita grafika; efekty specjalne; \u015bcie\u017cki d\u017awi\u0119kowe towarzysz\u0105ce procesowi; wysokie wyp\u0142aty; \u015brednia zmienno\u015b\u0107; niez\u0142y procent rpt; dost\u0119pno\u015b\u0107 trybu demo! Wszystko to&#8230;<\/p>\n","protected":false},"author":1,"featured_media":0,"parent":2073,"menu_order":0,"comment_status":"closed","ping_status":"closed","template":"page-with-slot.php","meta":{"_acf_changed":false,"_kad_post_transparent":"default","_kad_post_title":"default","_kad_post_layout":"default","_kad_post_sidebar_id":"","_kad_post_content_style":"default","_kad_post_vertical_padding":"default","_kad_post_feature":"","_kad_post_feature_position":"","_kad_post_header":false,"_kad_post_footer":false,"footnotes":""},"class_list":["post-2099","page","type-page","status-publish","hentry"],"acf":[],"rttpg_featured_image_url":null,"rttpg_author":{"display_name":"Tom","author_link":"https:\/\/rocketplay-game.com\/pl\/author\/pemvas95n89x\/"},"rttpg_comment":0,"rttpg_category":null,"rttpg_excerpt":"Deweloperem automatu jest Aristocrat Technology, znana firma na rynku rozrywki hazardowej. Gdzie z\u0142oty automat online jest uwa\u017cany za jedn\u0105 z najlepszych kreacji firmy. Jest idealny dla wszystkich u\u017cytkownik\u00f3w &#8211; zar\u00f3wno pocz\u0105tkuj\u0105cych, jak i do\u015bwiadczonych graczy: Niesamowita grafika; efekty specjalne; \u015bcie\u017cki d\u017awi\u0119kowe towarzysz\u0105ce procesowi; wysokie wyp\u0142aty; \u015brednia zmienno\u015b\u0107; niez\u0142y procent rpt; dost\u0119pno\u015b\u0107 trybu demo! Wszystko to...","_links":{"self":[{"href":"https:\/\/rocketplay-game.com\/pl\/wp-json\/wp\/v2\/pages\/2099","targetHints":{"allow":["GET"]}}],"collection":[{"href":"https:\/\/rocketplay-game.com\/pl\/wp-json\/wp\/v2\/pages"}],"about":[{"href":"https:\/\/rocketplay-game.com\/pl\/wp-json\/wp\/v2\/types\/page"}],"author":[{"embeddable":true,"href":"https:\/\/rocketplay-game.com\/pl\/wp-json\/wp\/v2\/users\/1"}],"replies":[{"embeddable":true,"href":"https:\/\/rocketplay-game.com\/pl\/wp-json\/wp\/v2\/comments?post=2099"}],"version-history":[{"count":2,"href":"https:\/\/rocketplay-game.com\/pl\/wp-json\/wp\/v2\/pages\/2099\/revisions"}],"predecessor-version":[{"id":2105,"href":"https:\/\/rocketplay-game.com\/pl\/wp-json\/wp\/v2\/pages\/2099\/revisions\/2105"}],"up":[{"embeddable":true,"href":"https:\/\/rocketplay-game.com\/pl\/wp-json\/wp\/v2\/pages\/2073"}],"wp:attachment":[{"href":"https:\/\/rocketplay-game.com\/pl\/wp-json\/wp\/v2\/media?parent=2099"}],"curies":[{"name":"wp","href":"https:\/\/api.w.org\/{rel}","templated":true}]}}