{"id":2107,"date":"2022-08-18T18:14:08","date_gmt":"2022-08-18T15:14:08","guid":{"rendered":"https:\/\/rocketplay-game.com\/slots\/wolf-treasure\/"},"modified":"2022-10-29T10:55:18","modified_gmt":"2022-10-29T07:55:18","slug":"wolf-treasure","status":"publish","type":"page","link":"https:\/\/rocketplay-game.com\/pl\/slots\/wolf-treasure\/","title":{"rendered":"Przejrzyj gniazdo skarb\u00f3w wilka"},"content":{"rendered":"<p>Pokiesy Wolf Treasure to automaty, kt\u00f3re przenosz\u0105 graczy na Dziki Zach\u00f3d i pozwalaj\u0105 im obserwowa\u0107 \u017cycie r\u00f3\u017cnych zwierz\u0105t. Na ekranie gry pojawia si\u0119 okazja do spotkania r\u00f3\u017cnych przedstawicieli \u015bwiata zwierz\u0105t, kt\u00f3rzy b\u0119d\u0105c w dobrym humorze i w odpowiednim towarzystwie potrafi\u0105 wr\u0119czy\u0107 mega jackpota. Ten ekscytuj\u0105cy automat wideo jest dzie\u0142em nowego tw\u00f3rcy tre\u015bci do gier, m\u0142odej firmy o nazwie IGTech. Plansza zawiera 3 rz\u0119dy, 5 b\u0119bn\u00f3w i 25 linii wyp\u0142at.<\/p>\n<p>Tak doskona\u0142e cechy daj\u0105 graczom, opr\u00f3cz ekscytuj\u0105cych emocji i niezwyk\u0142ych przyg\u00f3d z wilkami, solidny potencja\u0142 wyp\u0142aty. Zanurz si\u0119 w \u015bwiecie Dzikiego Zachodu i wyrusz na przygod\u0119, a dzi\u0119ki wysokiej jako\u015bci grafice, efektom specjalnym i odpowiednim \u015bcie\u017ckom d\u017awi\u0119kowym b\u0119dzie to bardzo \u0142atwe.<\/p>\n<p style=\"text-align: center;\"><img loading=\"lazy\" decoding=\"async\" class=\"wp-image-375 size-large aligncenter\" src=\"https:\/\/rocketplay-game.com\/wp-content\/uploads\/2022\/08\/wolf-treasure-logo-1-1024x576.jpeg\" alt=\"Wolf Treasure logo\" width=\"1024\" height=\"576\" srcset=\"https:\/\/rocketplay-game.com\/wp-content\/uploads\/2022\/08\/wolf-treasure-logo-1-1024x576.jpeg 1024w, https:\/\/rocketplay-game.com\/wp-content\/uploads\/2022\/08\/wolf-treasure-logo-1-300x169.jpeg 300w, https:\/\/rocketplay-game.com\/wp-content\/uploads\/2022\/08\/wolf-treasure-logo-1-768x432.jpeg 768w, https:\/\/rocketplay-game.com\/wp-content\/uploads\/2022\/08\/wolf-treasure-logo-1.jpeg 1200w\" sizes=\"auto, (max-width: 1024px) 100vw, 1024px\" \/><\/p>\n<h2>Jak gra\u0107 online?<\/h2>\n<p>Wolf Treasure natychmiast przenosi gracza do dzikiej przyrody. \u015awietnie przyczyniaj\u0105 si\u0119 do tego efekty specjalne i odpowiednie d\u017awi\u0119ki. B\u0119bny na planszy znajduj\u0105 si\u0119 naprzeciwko kanionu, wi\u0119c przed oczami graczy pojawi\u0105 si\u0119 kamienne nasypy i tematyczne krajobrazy. Wszystko to b\u0119dzie mia\u0142o miejsce na tle zmierzchu, kt\u00f3ry stopniowo zaczyna otacza\u0107 wszystko dooko\u0142a. A ksi\u0119\u017cyc, kt\u00f3ry niedawno pojawi\u0142 si\u0119 na niebie, wyda\u0142 ju\u017c wilkom rozkaz o rozpocz\u0119ciu sezonu.<\/p>\n<p>Po uruchomieniu slotu Wolf Treasure gracz widzi przed sob\u0105 ekran z 5 b\u0119bnami i 25 liniami wyp\u0142at. Automat musi by\u0107 uruchomiony w taki spos\u00f3b, aby wypad\u0142a zwyci\u0119ska kombinacja, kt\u00f3ra jest wyp\u0142acana zgodnie z tabel\u0105 warto\u015bci ka\u017cdego symbolu. Motyw automatu przedstawia graczowi kombinacje obraz\u00f3w zwierz\u0105t i symboli kart.<\/p>\n<p>Tw\u00f3rca kasyna Wolf Treasure wykaza\u0142 si\u0119 r\u00f3wnie\u017c du\u017c\u0105 pomys\u0142owo\u015bci\u0105 w tworzeniu symboli pieni\u0119\u017cnych. W\u015br\u00f3d nich s\u0105 dobrze p\u0142atne i ta\u0144sze znaki. Wysoko p\u0142atne obrazy to:<\/p>\n<ul>\n<li>Lwy g\u00f3rskie;<\/li>\n<li>\u017cubry;<\/li>\n<li>Or\u0142y;<\/li>\n<li>Mustangi!<\/li>\n<\/ul>\n<p>Ta\u0144sze symbole maj\u0105 obrazki r\u00f3\u017cnych kart &#8211; walet, dama, kr\u00f3l i as. Do tego dochodz\u0105 dzikie i rozproszone symbole.<\/p>\n<p>Wolf Treasure Slot RTP, szczeg\u00f3\u0142y i limity zak\u0142ad\u00f3w<\/p>\n<p>Dla wi\u0119kszej wygody przedstawiamy Pa\u0144stwu tabel\u0119 zawieraj\u0105c\u0105 podstawowe informacje o automacie wideo.<\/p>\n<table border=\"0\" cellspacing=\"0\" cellpadding=\"0\">\n<colgroup>\n<col \/>\n<col \/> <\/colgroup>\n<tbody>\n<tr>\n<td>Charakterystyka<\/td>\n<td>Detale<\/td>\n<\/tr>\n<tr>\n<td>Ilo\u015b\u0107 k\u00f3\u0142<\/td>\n<td>5<\/td>\n<\/tr>\n<tr>\n<td>Ilo\u015b\u0107 rz\u0119d\u00f3w<\/td>\n<td>3<\/td>\n<\/tr>\n<tr>\n<td>Linie wyp\u0142at<\/td>\n<td>25<\/td>\n<\/tr>\n<tr>\n<td>Minimalny zak\u0142ad<\/td>\n<td>0,25<\/td>\n<\/tr>\n<tr>\n<td>Maksymalny zak\u0142ad<\/td>\n<td>25<\/td>\n<\/tr>\n<tr>\n<td>Pula<\/td>\n<td>mini najlepszy mega<\/td>\n<\/tr>\n<tr>\n<td>Wersja mobilna<\/td>\n<td>+<\/td>\n<\/tr>\n<tr>\n<td>Specjalne emblematy<\/td>\n<td>dzikie, rozproszone<\/td>\n<\/tr>\n<tr>\n<td>Deweloper<\/td>\n<td>IGTech<\/td>\n<\/tr>\n<tr>\n<td>RTP<\/td>\n<td>dziewi\u0119\u0107dziesi\u0105t sze\u015b\u0107%<\/td>\n<\/tr>\n<\/tbody>\n<\/table>\n<p>&nbsp;<\/p>\n<h3>Dodatkowe funkcje i gry w automacie Wolf Treasure<\/h3>\n<p>Specjalne symbole pomog\u0105 Ci nie tylko uczyni\u0107 gr\u0119 interesuj\u0105c\u0105 i ekscytuj\u0105c\u0105, ale tak\u017ce uzyska\u0107 dodatkowe mo\u017cliwo\u015bci wygranej. W ten spos\u00f3b trzy padaj\u0105ce jednocze\u015bnie trzy symbole scatter b\u0119d\u0105 stanowi\u0107 czynnik pomno\u017cenia pocz\u0105tkowego zak\u0142adu przez 1 i 5 rund bonusowych.<\/p>\n<p>Darmowe spiny Wolf Treasure zostan\u0105 przyznane graczom za ka\u017cdym razem, gdy na polu gry pojawi\u0105 si\u0119 jednocze\u015bnie trzy symbole scatter. Jest to niezwykle korzystna funkcja, kt\u00f3ra pomo\u017ce Ci cz\u0119\u015bciej wygrywa\u0107 nagrod\u0119 pieni\u0119\u017cn\u0105.<\/p>\n<p>Ponadto, bonus bez depozytu Wolf Treasure da u\u017cytkownikom dodatkowe mo\u017cliwo\u015bci wygrania. S\u0105 przyznawane w formie darmowych spin\u00f3w i mo\u017cna je wykorzysta\u0107 podczas gry. Zazwyczaj takie zach\u0119ty otrzymuj\u0105 nowi gracze. Oferuj\u0105 jednak r\u00f3wnie\u017c korzystne warunki i prezenty dla do\u015bwiadczonych graczy. A najwa\u017cniejsz\u0105 nagrod\u0105 b\u0119dzie mo\u017cliwo\u015b\u0107 wygrania mega jackpota.<\/p>\n<p>Je\u015bli nie jeste\u015b gotowy, aby od razu obstawia\u0107 pieni\u0105dze, mo\u017cesz wypr\u00f3bowa\u0107 tryb demo. To absolutnie identyczna wersja gry, w kt\u00f3rej zak\u0142ady stawiane s\u0105 na wirtualne monety. To tak\u017ce \u015bwietna okazja, aby pozna\u0107 automat, zrozumie\u0107, jak dzia\u0142a, pozna\u0107 zasady i cen\u0119 symboli, a tak\u017ce opracowa\u0107 w\u0142asn\u0105 taktyk\u0119 i strategi\u0119.<\/p>\n<h2>Cz\u0119sto zadawane pytania<\/h2>\n<h3>Jak gra\u0107 w slot Wolf Treasure?<\/h3>\n<p>Po uruchomieniu slotu Wolf Treasure gracz widzi przed sob\u0105 ekran z 5 b\u0119bnami i 25 liniami wyp\u0142at. Automat nale\u017cy uruchomi\u0107 w taki spos\u00f3b, aby wypad\u0142a zwyci\u0119ska kombinacja, kt\u00f3ra jest wyp\u0142acana zgodnie z tabel\u0105 warto\u015bci ka\u017cdej ikony.<\/p>\n<h3>Czy w slot Wolf Treasure mo\u017cna gra\u0107 za darmo?<\/h3>\n<p>Tw\u00f3rcy automatu udost\u0119pnili opcj\u0119 darmowej gry w wersji demo. Wersja analogowa nie r\u00f3\u017cni si\u0119 od wersji oryginalnej. Grafika, zasady i symbole s\u0105 takie same. Jedyna r\u00f3\u017cnica polega na wygranej. W wersji demo mo\u017cna wygra\u0107, ale nie da si\u0119 zarobi\u0107.<\/p>\n<h3>Jak wygra\u0107 pieni\u0105dze w automacie Wolf Treasure?<\/h3>\n<p>Jak w przypadku ka\u017cdego innego automatu, w tym przypadku chwila szcz\u0119\u015bcia gracza jest g\u0142\u00f3wnym czynnikiem wygranej. Nie da si\u0119 zagwarantowa\u0107 sukcesu spinu, ale mo\u017cesz zmaksymalizowa\u0107 szanse na wygran\u0105. Sekret polega na tym, aby roz\u0142o\u017cy\u0107 swoje finanse na jak najwi\u0119cej stawek.<\/p>\n<p>Recenzje o automatach:<\/p>\n<ul>\n<li><a href=\"https:\/\/rocketplay-game.com\/pl\/slots\/money-train-2\/\">Money Train 2<\/a><\/li>\n<li><a href=\"https:\/\/rocketplay-game.com\/pl\/slots\/queen-of-the-nile\/\">Queen Of The Nile<\/a><\/li>\n<\/ul>\n","protected":false},"excerpt":{"rendered":"<p>Pokiesy Wolf Treasure to automaty, kt\u00f3re przenosz\u0105 graczy na Dziki Zach\u00f3d i pozwalaj\u0105 im obserwowa\u0107 \u017cycie r\u00f3\u017cnych zwierz\u0105t. Na ekranie gry pojawia si\u0119 okazja do spotkania r\u00f3\u017cnych przedstawicieli \u015bwiata zwierz\u0105t, kt\u00f3rzy b\u0119d\u0105c w dobrym humorze i w odpowiednim towarzystwie potrafi\u0105 wr\u0119czy\u0107 mega jackpota. Ten ekscytuj\u0105cy automat wideo jest dzie\u0142em nowego tw\u00f3rcy tre\u015bci do gier, m\u0142odej&#8230;<\/p>\n","protected":false},"author":1,"featured_media":0,"parent":2073,"menu_order":0,"comment_status":"closed","ping_status":"closed","template":"page-with-slot.php","meta":{"_acf_changed":false,"_kad_post_transparent":"default","_kad_post_title":"default","_kad_post_layout":"default","_kad_post_sidebar_id":"","_kad_post_content_style":"default","_kad_post_vertical_padding":"default","_kad_post_feature":"","_kad_post_feature_position":"","_kad_post_header":false,"_kad_post_footer":false,"footnotes":""},"class_list":["post-2107","page","type-page","status-publish","hentry"],"acf":[],"rttpg_featured_image_url":null,"rttpg_author":{"display_name":"Tom","author_link":"https:\/\/rocketplay-game.com\/pl\/author\/pemvas95n89x\/"},"rttpg_comment":0,"rttpg_category":null,"rttpg_excerpt":"Pokiesy Wolf Treasure to automaty, kt\u00f3re przenosz\u0105 graczy na Dziki Zach\u00f3d i pozwalaj\u0105 im obserwowa\u0107 \u017cycie r\u00f3\u017cnych zwierz\u0105t. Na ekranie gry pojawia si\u0119 okazja do spotkania r\u00f3\u017cnych przedstawicieli \u015bwiata zwierz\u0105t, kt\u00f3rzy b\u0119d\u0105c w dobrym humorze i w odpowiednim towarzystwie potrafi\u0105 wr\u0119czy\u0107 mega jackpota. Ten ekscytuj\u0105cy automat wideo jest dzie\u0142em nowego tw\u00f3rcy tre\u015bci do gier, m\u0142odej...","_links":{"self":[{"href":"https:\/\/rocketplay-game.com\/pl\/wp-json\/wp\/v2\/pages\/2107","targetHints":{"allow":["GET"]}}],"collection":[{"href":"https:\/\/rocketplay-game.com\/pl\/wp-json\/wp\/v2\/pages"}],"about":[{"href":"https:\/\/rocketplay-game.com\/pl\/wp-json\/wp\/v2\/types\/page"}],"author":[{"embeddable":true,"href":"https:\/\/rocketplay-game.com\/pl\/wp-json\/wp\/v2\/users\/1"}],"replies":[{"embeddable":true,"href":"https:\/\/rocketplay-game.com\/pl\/wp-json\/wp\/v2\/comments?post=2107"}],"version-history":[{"count":2,"href":"https:\/\/rocketplay-game.com\/pl\/wp-json\/wp\/v2\/pages\/2107\/revisions"}],"predecessor-version":[{"id":2113,"href":"https:\/\/rocketplay-game.com\/pl\/wp-json\/wp\/v2\/pages\/2107\/revisions\/2113"}],"up":[{"embeddable":true,"href":"https:\/\/rocketplay-game.com\/pl\/wp-json\/wp\/v2\/pages\/2073"}],"wp:attachment":[{"href":"https:\/\/rocketplay-game.com\/pl\/wp-json\/wp\/v2\/media?parent=2107"}],"curies":[{"name":"wp","href":"https:\/\/api.w.org\/{rel}","templated":true}]}}